



{"id":804,"date":"2019-03-22T09:40:19","date_gmt":"2019-03-22T08:40:19","guid":{"rendered":"https:\/\/www.4h.se\/vaxjo\/?page_id=804"},"modified":"2024-08-28T11:55:38","modified_gmt":"2024-08-28T09:55:38","slug":"kontakt","status":"publish","type":"page","link":"https:\/\/www.4h.se\/vaxjo\/kontakt\/","title":{"rendered":"Kontakt"},"content":{"rendered":"<div class=\"wpb-content-wrapper\"><p>[vc_row][vc_column width=&#8221;2\/3&#8243;][vc_column_text css=&#8221;&#8221;]<\/p>\n<h1 style=\"text-align: center; font-size: clamp(4rem, 4vw, 20rem); overflow-wrap: break-word;\"><span style=\"color: #f1a41e;\">Kontakt<\/span><\/h1>\n<p style=\"text-align: center;\"><strong>V\u00e4lkommen att kontakta oss!<\/strong><\/p>\n<p style=\"text-align: center;\"><strong>Telefon:\u00a0076-030 35 49<\/strong><\/p>\n<p style=\"text-align: center;\"><strong>Mejl: vaxjo@4h.se<\/strong><\/p>\n<p style=\"text-align: center;\"><strong>Adress: Gamla Kronobergsv\u00e4gen, Stora Fj\u00e4ll<\/strong><\/p>\n<p>[\/vc_column_text][vc_column_text css=&#8221;&#8221;]<\/p>\n<h4 style=\"font-size: clamp(2rem, 2.5vw, 10rem); overflow-wrap: break-word; text-align: center;\"><span style=\"color: #82c381;\">\u00d6ppettider<\/span><\/h4>\n<p style=\"text-align: center;\"><strong>Personal \u00e4r p\u00e5 g\u00e5rden:<\/strong><\/p>\n<p style=\"text-align: center;\"><strong>M\u00e5ndag-fredag: 8.00-16.30<\/strong><\/p>\n<p style=\"text-align: center;\"><strong>L\u00f6rdagar: 8.00 &#8211; 15:00<\/strong><\/p>\n<p style=\"text-align: center;\"><strong>\u00d6vrig tid \u00e4r djuren i sina hagar och bes\u00f6kare \u00e4r v\u00e4lkomna att klappa \u00f6ver staketet. <\/strong><\/p>\n<p style=\"text-align: center;\"><strong>F\u00f6lj v\u00e5ra sociala medier f\u00f6r aktuellt uppl\u00e4gg p\u00e5 l\u00f6rdagsaktiviteter<\/strong><\/p>\n<p style=\"text-align: center;\"><strong><em>Telefontider kl. 9.00 &#8211; 11.00<\/em><\/strong><\/p>\n<p>[\/vc_column_text][\/vc_column][vc_column width=&#8221;1\/3&#8243;][vc_single_image image=&#8221;1348&#8243; img_size=&#8221;Large&#8221; alignment=&#8221;center&#8221; style=&#8221;vc_box_circle_2&#8243; css=&#8221;&#8221;][\/vc_column][\/vc_row][vc_row][vc_column width=&#8221;2\/3&#8243;][vc_column_text css=&#8221;&#8221;]<\/p>\n<h4 style=\"font-size: clamp(2rem, 2.5vw, 10rem); overflow-wrap: break-word; text-align: center;\"><span style=\"color: #82c381;\">Hitta Hit<\/span><\/h4>\n<p style=\"text-align: center;\">Vi finns p\u00e5 Hovshaga i V\u00e4xj\u00f6. Det \u00e4r enkelt att ta sig till g\u00e5rden med cykel eller stadsbuss 1 &#8211; h\u00e5llplats Lugnetv\u00e4gen. Bilar f\u00e5r inte k\u00f6ras in p\u00e5 g\u00e5rden utan st\u00e4lls p\u00e5 parkeringen mot Gustavslundsskolan.<\/p>\n<p>[\/vc_column_text][\/vc_column][vc_column width=&#8221;1\/3&#8243;][vc_gmaps link=&#8221;#E-8_JTNDaWZyYW1lJTIwc3JjJTNEJTIyaHR0cHMlM0ElMkYlMkZ3d3cuZ29vZ2xlLmNvbSUyRm1hcHMlMkZlbWJlZCUzRnBiJTNEJTIxMW0xOCUyMTFtMTIlMjExbTMlMjExZDQwMzkuNjY4NTg5MTgxNDM5NSUyMTJkMTQuNzk2MDU0NTkwMDg3Nzk1JTIxM2Q1Ni45MTc4MDg1NjkwMTUzMzUlMjEybTMlMjExZjAlMjEyZjAlMjEzZjAlMjEzbTIlMjExaTEwMjQlMjEyaTc2OCUyMTRmMTMuMSUyMTNtMyUyMTFtMiUyMTFzMHg0NjU3MjQ5YTc2OGZjNmM5JTI1M0EweDgxNjI5MWI4OTBjYThjYWQlMjEyelZzT2tlR3JEdGlBMFNDMW53NlZ5WkElMjE1ZTAlMjEzbTIlMjExc2RlJTIxMnNzZSUyMTR2MTY2MTc3OTQ4MzI3NyUyMTVtMiUyMTFzZGUlMjEyc3NlJTIyJTIwd2lkdGglM0QlMjI2MDAlMjIlMjBoZWlnaHQlM0QlMjI0NTAlMjIlMjBzdHlsZSUzRCUyMmJvcmRlciUzQTAlM0IlMjIlMjBhbGxvd2Z1bGxzY3JlZW4lM0QlMjIlMjIlMjBsb2FkaW5nJTNEJTIybGF6eSUyMiUyMHJlZmVycmVycG9saWN5JTNEJTIybm8tcmVmZXJyZXItd2hlbi1kb3duZ3JhZGUlMjIlM0UlM0MlMkZpZnJhbWUlM0U=&#8221;][\/vc_column][\/vc_row][vc_row][vc_column width=&#8221;1\/4&#8243;][vc_single_image image=&#8221;1413&#8243; img_size=&#8221;Large&#8221; alignment=&#8221;center&#8221; css=&#8221;&#8221;][\/vc_column][vc_column width=&#8221;1\/4&#8243;][vc_single_image image=&#8221;984&#8243; img_size=&#8221;Large&#8221; alignment=&#8221;center&#8221; css=&#8221;&#8221;][\/vc_column][vc_column width=&#8221;1\/4&#8243;][vc_single_image image=&#8221;559&#8243; img_size=&#8221;Large&#8221; alignment=&#8221;center&#8221; css=&#8221;&#8221;][\/vc_column][vc_column width=&#8221;1\/4&#8243;][vc_single_image image=&#8221;1411&#8243; img_size=&#8221;Large&#8221; alignment=&#8221;center&#8221; css=&#8221;&#8221;][\/vc_column][\/vc_row]<\/p>\n<\/div>","protected":false},"excerpt":{"rendered":"<p>[vc_row][vc_column width=&#8221;2\/3&#8243;][vc_column_text css=&#8221;&#8221;] Kontakt V\u00e4lkommen att kontakta oss! Telefon:\u00a0076-030 35 49 Mejl: vaxjo@4h.se Adress: Gamla Kronobergsv\u00e4gen, Stora Fj\u00e4ll [\/vc_column_text][vc_column_text css=&#8221;&#8221;] \u00d6ppettider Personal \u00e4r p\u00e5 g\u00e5rden: M\u00e5ndag-fredag: 8.00-16.30 L\u00f6rdagar: 8.00 &#8211; 15:00 \u00d6vrig tid \u00e4r djuren i sina hagar och bes\u00f6kare \u00e4r v\u00e4lkomna att klappa \u00f6ver staketet. F\u00f6lj v\u00e5ra sociala medier f\u00f6r aktuellt uppl\u00e4gg p\u00e5 l\u00f6rdagsaktiviteter&nbsp; <a href=\"https:\/\/www.4h.se\/vaxjo\/kontakt\/\">&hellip; Read more <i class=\"glyphicon glyphicon-arrow-right\"><\/i><\/a><\/p>\n","protected":false},"author":85,"featured_media":0,"parent":0,"menu_order":0,"comment_status":"closed","ping_status":"closed","template":"","meta":{"footnotes":""},"class_list":["post-804","page","type-page","status-publish","hentry"],"yoast_head":"<!-- This site is optimized with the Yoast SEO plugin v27.4 - https:\/\/yoast.com\/product\/yoast-seo-wordpress\/ -->\n<title>Kontakt - V\u00e4xj\u00f6 4H-g\u00e5rd<\/title>\n<meta name=\"robots\" content=\"index, follow, max-snippet:-1, max-image-preview:large, max-video-preview:-1\" \/>\n<link rel=\"canonical\" href=\"https:\/\/www.4h.se\/vaxjo\/kontakt\/\" \/>\n<meta property=\"og:locale\" content=\"sv_SE\" \/>\n<meta property=\"og:type\" content=\"article\" \/>\n<meta property=\"og:title\" content=\"Kontakt - V\u00e4xj\u00f6 4H-g\u00e5rd\" \/>\n<meta property=\"og:description\" content=\"[vc_row][vc_column width=&#8221;2\/3&#8243;][vc_column_text css=&#8221;&#8221;] Kontakt V\u00e4lkommen att kontakta oss! Telefon:\u00a0076-030 35 49 Mejl: vaxjo@4h.se Adress: Gamla Kronobergsv\u00e4gen, Stora Fj\u00e4ll [\/vc_column_text][vc_column_text css=&#8221;&#8221;] \u00d6ppettider Personal \u00e4r p\u00e5 g\u00e5rden: M\u00e5ndag-fredag: 8.00-16.30 L\u00f6rdagar: 8.00 &#8211; 15:00 \u00d6vrig tid \u00e4r djuren i sina hagar och bes\u00f6kare \u00e4r v\u00e4lkomna att klappa \u00f6ver staketet. F\u00f6lj v\u00e5ra sociala medier f\u00f6r aktuellt uppl\u00e4gg p\u00e5 l\u00f6rdagsaktiviteter&nbsp; &hellip; Read more\" \/>\n<meta property=\"og:url\" content=\"https:\/\/www.4h.se\/vaxjo\/kontakt\/\" \/>\n<meta property=\"og:site_name\" content=\"V\u00e4xj\u00f6 4H-g\u00e5rd\" \/>\n<meta property=\"article:modified_time\" content=\"2024-08-28T09:55:38+00:00\" \/>\n<meta name=\"twitter:card\" content=\"summary_large_image\" \/>\n<meta name=\"twitter:label1\" content=\"Ber\u00e4knad l\u00e4stid\" \/>\n\t<meta name=\"twitter:data1\" content=\"2 minuter\" \/>\n<script type=\"application\/ld+json\" class=\"yoast-schema-graph\">{\"@context\":\"https:\\\/\\\/schema.org\",\"@graph\":[{\"@type\":\"WebPage\",\"@id\":\"https:\\\/\\\/www.4h.se\\\/vaxjo\\\/kontakt\\\/\",\"url\":\"https:\\\/\\\/www.4h.se\\\/vaxjo\\\/kontakt\\\/\",\"name\":\"Kontakt - V\u00e4xj\u00f6 4H-g\u00e5rd\",\"isPartOf\":{\"@id\":\"https:\\\/\\\/www.4h.se\\\/vaxjo\\\/#website\"},\"datePublished\":\"2019-03-22T08:40:19+00:00\",\"dateModified\":\"2024-08-28T09:55:38+00:00\",\"breadcrumb\":{\"@id\":\"https:\\\/\\\/www.4h.se\\\/vaxjo\\\/kontakt\\\/#breadcrumb\"},\"inLanguage\":\"sv-SE\",\"potentialAction\":[{\"@type\":\"ReadAction\",\"target\":[\"https:\\\/\\\/www.4h.se\\\/vaxjo\\\/kontakt\\\/\"]}]},{\"@type\":\"BreadcrumbList\",\"@id\":\"https:\\\/\\\/www.4h.se\\\/vaxjo\\\/kontakt\\\/#breadcrumb\",\"itemListElement\":[{\"@type\":\"ListItem\",\"position\":1,\"name\":\"Hem\",\"item\":\"https:\\\/\\\/www.4h.se\\\/vaxjo\\\/\"},{\"@type\":\"ListItem\",\"position\":2,\"name\":\"Kontakt\"}]},{\"@type\":\"WebSite\",\"@id\":\"https:\\\/\\\/www.4h.se\\\/vaxjo\\\/#website\",\"url\":\"https:\\\/\\\/www.4h.se\\\/vaxjo\\\/\",\"name\":\"V\u00e4xj\u00f6 4H-g\u00e5rd\",\"description\":\"L\u00e4ra genom att g\u00f6ra\",\"potentialAction\":[{\"@type\":\"SearchAction\",\"target\":{\"@type\":\"EntryPoint\",\"urlTemplate\":\"https:\\\/\\\/www.4h.se\\\/vaxjo\\\/?s={search_term_string}\"},\"query-input\":{\"@type\":\"PropertyValueSpecification\",\"valueRequired\":true,\"valueName\":\"search_term_string\"}}],\"inLanguage\":\"sv-SE\"}]}<\/script>\n<!-- \/ Yoast SEO plugin. -->","yoast_head_json":{"title":"Kontakt - V\u00e4xj\u00f6 4H-g\u00e5rd","robots":{"index":"index","follow":"follow","max-snippet":"max-snippet:-1","max-image-preview":"max-image-preview:large","max-video-preview":"max-video-preview:-1"},"canonical":"https:\/\/www.4h.se\/vaxjo\/kontakt\/","og_locale":"sv_SE","og_type":"article","og_title":"Kontakt - V\u00e4xj\u00f6 4H-g\u00e5rd","og_description":"[vc_row][vc_column width=&#8221;2\/3&#8243;][vc_column_text css=&#8221;&#8221;] Kontakt V\u00e4lkommen att kontakta oss! Telefon:\u00a0076-030 35 49 Mejl: vaxjo@4h.se Adress: Gamla Kronobergsv\u00e4gen, Stora Fj\u00e4ll [\/vc_column_text][vc_column_text css=&#8221;&#8221;] \u00d6ppettider Personal \u00e4r p\u00e5 g\u00e5rden: M\u00e5ndag-fredag: 8.00-16.30 L\u00f6rdagar: 8.00 &#8211; 15:00 \u00d6vrig tid \u00e4r djuren i sina hagar och bes\u00f6kare \u00e4r v\u00e4lkomna att klappa \u00f6ver staketet. F\u00f6lj v\u00e5ra sociala medier f\u00f6r aktuellt uppl\u00e4gg p\u00e5 l\u00f6rdagsaktiviteter&nbsp; &hellip; Read more","og_url":"https:\/\/www.4h.se\/vaxjo\/kontakt\/","og_site_name":"V\u00e4xj\u00f6 4H-g\u00e5rd","article_modified_time":"2024-08-28T09:55:38+00:00","twitter_card":"summary_large_image","twitter_misc":{"Ber\u00e4knad l\u00e4stid":"2 minuter"},"schema":{"@context":"https:\/\/schema.org","@graph":[{"@type":"WebPage","@id":"https:\/\/www.4h.se\/vaxjo\/kontakt\/","url":"https:\/\/www.4h.se\/vaxjo\/kontakt\/","name":"Kontakt - V\u00e4xj\u00f6 4H-g\u00e5rd","isPartOf":{"@id":"https:\/\/www.4h.se\/vaxjo\/#website"},"datePublished":"2019-03-22T08:40:19+00:00","dateModified":"2024-08-28T09:55:38+00:00","breadcrumb":{"@id":"https:\/\/www.4h.se\/vaxjo\/kontakt\/#breadcrumb"},"inLanguage":"sv-SE","potentialAction":[{"@type":"ReadAction","target":["https:\/\/www.4h.se\/vaxjo\/kontakt\/"]}]},{"@type":"BreadcrumbList","@id":"https:\/\/www.4h.se\/vaxjo\/kontakt\/#breadcrumb","itemListElement":[{"@type":"ListItem","position":1,"name":"Hem","item":"https:\/\/www.4h.se\/vaxjo\/"},{"@type":"ListItem","position":2,"name":"Kontakt"}]},{"@type":"WebSite","@id":"https:\/\/www.4h.se\/vaxjo\/#website","url":"https:\/\/www.4h.se\/vaxjo\/","name":"V\u00e4xj\u00f6 4H-g\u00e5rd","description":"L\u00e4ra genom att g\u00f6ra","potentialAction":[{"@type":"SearchAction","target":{"@type":"EntryPoint","urlTemplate":"https:\/\/www.4h.se\/vaxjo\/?s={search_term_string}"},"query-input":{"@type":"PropertyValueSpecification","valueRequired":true,"valueName":"search_term_string"}}],"inLanguage":"sv-SE"}]}},"_links":{"self":[{"href":"https:\/\/www.4h.se\/vaxjo\/wp-json\/wp\/v2\/pages\/804","targetHints":{"allow":["GET"]}}],"collection":[{"href":"https:\/\/www.4h.se\/vaxjo\/wp-json\/wp\/v2\/pages"}],"about":[{"href":"https:\/\/www.4h.se\/vaxjo\/wp-json\/wp\/v2\/types\/page"}],"author":[{"embeddable":true,"href":"https:\/\/www.4h.se\/vaxjo\/wp-json\/wp\/v2\/users\/85"}],"replies":[{"embeddable":true,"href":"https:\/\/www.4h.se\/vaxjo\/wp-json\/wp\/v2\/comments?post=804"}],"version-history":[{"count":0,"href":"https:\/\/www.4h.se\/vaxjo\/wp-json\/wp\/v2\/pages\/804\/revisions"}],"wp:attachment":[{"href":"https:\/\/www.4h.se\/vaxjo\/wp-json\/wp\/v2\/media?parent=804"}],"curies":[{"name":"wp","href":"https:\/\/api.w.org\/{rel}","templated":true}]}}