



{"id":726,"date":"2018-12-20T09:06:04","date_gmt":"2018-12-20T08:06:04","guid":{"rendered":"http:\/\/www.4h.se\/vaxjo\/?page_id=726"},"modified":"2024-08-28T11:46:22","modified_gmt":"2024-08-28T09:46:22","slug":"ridning","status":"publish","type":"page","link":"https:\/\/www.4h.se\/vaxjo\/ridning\/","title":{"rendered":"Ridning"},"content":{"rendered":"<div class=\"wpb-content-wrapper\"><p>[vc_row][vc_column][vc_column_text css=&#8221;&#8221;]<\/p>\n<h1 style=\"text-align: center; font-size: clamp(4rem, 4vw, 20rem); overflow-wrap: break-word;\"><span style=\"color: #f1a41e;\">Ridning p\u00e5 V\u00e4xj\u00f6 4H-G\u00e5rd<\/span><\/h1>\n<p>[\/vc_column_text][\/vc_column][\/vc_row][vc_row][vc_column width=&#8221;2\/3&#8243;][vc_column_text css=&#8221;&#8221;]<\/p>\n<h3><strong><span style=\"color: #000000;\">Ponnyridning<\/span><\/strong><\/h3>\n<p>P\u00e5 vissa L\u00f6rdagar kl 10-10.45 brukar vi ha ponnyridning.<br \/>\nUtrustningen \u00e4r anpassad s\u00e5 att alla barn kan rida.<\/p>\n<h3><strong><span style=\"color: #000000;\">Halvtimmesridning<\/span><\/strong><\/h3>\n<p>En del l\u00f6rdagar och lovdagar har vi halvtimmesridning.<\/p>\n<p>Via v\u00e5r anm\u00e4lningssystem bokar ni en h\u00e4st\u00a0och vi g\u00e5r tillsammans en runda i skogen. F\u00f6r\u00e4ldern\/vuxen leder h\u00e4sten som barnet rider p\u00e5 och personal fr\u00e5n 4H g\u00e5r med.<\/p>\n<p>Kostnad: 200 kr\/barn utan medlemskap i V\u00e4xj\u00f6 4H-klubb<br \/>\n150 kr\/barn med medlemskap i V\u00e4xj\u00f6 4H-klubb<\/p>\n<p>Vi har tr\u00e4ningsgjordar, en f\u00f6r stora h\u00e4star och en f\u00f6r ponny, med handtag som \u00e4r anatomiskt utformade och ger en s\u00e4ker och trygg ridning. Eftersom sadeln inte beh\u00f6vs f\u00e5r barnet en varm n\u00e4rkontakt med h\u00e4sten. Alla barn kan rida, \u00e4ven de med funktionsvariationer.[\/vc_column_text][\/vc_column][vc_column width=&#8221;1\/3&#8243;][vc_single_image image=&#8221;1094&#8243; img_size=&#8221;Large&#8221; alignment=&#8221;center&#8221; style=&#8221;vc_box_circle_2&#8243; css=&#8221;&#8221;][\/vc_column][\/vc_row][vc_row][vc_column][vc_column_text css=&#8221;&#8221;]<\/p>\n<h4 style=\"font-size: clamp(2rem, 2.5vw, 10rem); overflow-wrap: break-word; text-align: center;\"><span style=\"color: #82c381;\">V\u00e5ra h\u00e4star<\/span><\/h4>\n<p>[\/vc_column_text][\/vc_column][\/vc_row][vc_row][vc_column width=&#8221;1\/3&#8243;][vc_column_text css=&#8221;&#8221;]<\/p>\n<h3 style=\"text-align: center;\"><strong><span style=\"color: #000000;\">Kiwi<\/span><\/strong><\/h3>\n<p style=\"text-align: center;\">Gotlandsruss, b\u00e4r max 40 kg<\/p>\n<p style=\"text-align: center;\">ung och trygg<\/p>\n<p style=\"text-align: center;\">Leda: L\u00e4tt att leda men kan ibland b\u00f6rja trava lite<\/p>\n<p>[\/vc_column_text][\/vc_column][vc_column width=&#8221;1\/3&#8243;][vc_column_text css=&#8221;&#8221;]<\/p>\n<h3 style=\"text-align: center;\"><strong><span style=\"color: #000000;\">Silfri<\/span><\/strong><\/h3>\n<p style=\"text-align: center;\">Islandsh\u00e4st, b\u00e4r max 70kg<\/p>\n<p style=\"text-align: center;\">Sn\u00e4ll och fram\u00e5t<\/p>\n<p style=\"text-align: center;\">Leda: L\u00e4tt att leda, blir lite ot\u00e5lig n\u00e4r han ska st\u00e5 stilla l\u00e4nge<\/p>\n<p style=\"text-align: center;\">Beh\u00f6ver rida i s\u00e4llskap.<\/p>\n<p>[\/vc_column_text][\/vc_column][vc_column width=&#8221;1\/3&#8243;][vc_column_text css=&#8221;&#8221;]<\/p>\n<h3 style=\"text-align: center;\"><strong><span style=\"color: #000000;\">Ymer<\/span><\/strong><\/h3>\n<p style=\"text-align: center;\">Islandsh\u00e4st, b\u00e4r max 75kg<\/p>\n<p style=\"text-align: center;\">energisk och nyfiken<\/p>\n<p style=\"text-align: center;\">Leda: L\u00e4tt att leda, ibland lite f\u00f6r sugen p\u00e5 gr\u00e4s<\/p>\n<p>[\/vc_column_text][\/vc_column][\/vc_row][vc_row][vc_column][vc_column_text css=&#8221;&#8221;]<\/p>\n<h3 style=\"text-align: center;\"><strong><span style=\"color: #000000;\">Har du fr\u00e5gor? Tveka inte att kontakta oss<\/span><\/strong><\/h3>\n<p>[\/vc_column_text][\/vc_column][\/vc_row]<\/p>\n<\/div>","protected":false},"excerpt":{"rendered":"<p>[vc_row][vc_column][vc_column_text css=&#8221;&#8221;] Ridning p\u00e5 V\u00e4xj\u00f6 4H-G\u00e5rd [\/vc_column_text][\/vc_column][\/vc_row][vc_row][vc_column width=&#8221;2\/3&#8243;][vc_column_text css=&#8221;&#8221;] Ponnyridning P\u00e5 vissa L\u00f6rdagar kl 10-10.45 brukar vi ha ponnyridning. Utrustningen \u00e4r anpassad s\u00e5 att alla barn kan rida. Halvtimmesridning En del l\u00f6rdagar och lovdagar har vi halvtimmesridning. Via v\u00e5r anm\u00e4lningssystem bokar ni en h\u00e4st\u00a0och vi g\u00e5r tillsammans en runda i skogen. F\u00f6r\u00e4ldern\/vuxen leder h\u00e4sten som&nbsp; <a href=\"https:\/\/www.4h.se\/vaxjo\/ridning\/\">&hellip; Read more <i class=\"glyphicon glyphicon-arrow-right\"><\/i><\/a><\/p>\n","protected":false},"author":85,"featured_media":0,"parent":0,"menu_order":0,"comment_status":"closed","ping_status":"closed","template":"","meta":{"footnotes":""},"class_list":["post-726","page","type-page","status-publish","hentry"],"yoast_head":"<!-- This site is optimized with the Yoast SEO plugin v27.4 - https:\/\/yoast.com\/product\/yoast-seo-wordpress\/ -->\n<title>Ridning - V\u00e4xj\u00f6 4H-g\u00e5rd<\/title>\n<meta name=\"description\" content=\"P\u00e5 l\u00f6rdagar har vi ponnyridning och ibland halvtimmesridning p\u00e5 4H-g\u00e5rden. Utrustningen till ridning p\u00e5 V\u00e4xj\u00f6 4H-g\u00e5rd \u00e4r handikappv\u00e4nlig.\" \/>\n<meta name=\"robots\" content=\"index, follow, max-snippet:-1, max-image-preview:large, max-video-preview:-1\" \/>\n<link rel=\"canonical\" href=\"https:\/\/www.4h.se\/vaxjo\/ridning\/\" \/>\n<meta property=\"og:locale\" content=\"sv_SE\" \/>\n<meta property=\"og:type\" content=\"article\" \/>\n<meta property=\"og:title\" content=\"Ridning - V\u00e4xj\u00f6 4H-g\u00e5rd\" \/>\n<meta property=\"og:description\" content=\"P\u00e5 l\u00f6rdagar har vi ponnyridning och ibland halvtimmesridning p\u00e5 4H-g\u00e5rden. Utrustningen till ridning p\u00e5 V\u00e4xj\u00f6 4H-g\u00e5rd \u00e4r handikappv\u00e4nlig.\" \/>\n<meta property=\"og:url\" content=\"https:\/\/www.4h.se\/vaxjo\/ridning\/\" \/>\n<meta property=\"og:site_name\" content=\"V\u00e4xj\u00f6 4H-g\u00e5rd\" \/>\n<meta property=\"article:modified_time\" content=\"2024-08-28T09:46:22+00:00\" \/>\n<meta name=\"twitter:card\" content=\"summary_large_image\" \/>\n<script type=\"application\/ld+json\" class=\"yoast-schema-graph\">{\"@context\":\"https:\\\/\\\/schema.org\",\"@graph\":[{\"@type\":\"WebPage\",\"@id\":\"https:\\\/\\\/www.4h.se\\\/vaxjo\\\/ridning\\\/\",\"url\":\"https:\\\/\\\/www.4h.se\\\/vaxjo\\\/ridning\\\/\",\"name\":\"Ridning - V\u00e4xj\u00f6 4H-g\u00e5rd\",\"isPartOf\":{\"@id\":\"https:\\\/\\\/www.4h.se\\\/vaxjo\\\/#website\"},\"datePublished\":\"2018-12-20T08:06:04+00:00\",\"dateModified\":\"2024-08-28T09:46:22+00:00\",\"description\":\"P\u00e5 l\u00f6rdagar har vi ponnyridning och ibland halvtimmesridning p\u00e5 4H-g\u00e5rden. Utrustningen till ridning p\u00e5 V\u00e4xj\u00f6 4H-g\u00e5rd \u00e4r handikappv\u00e4nlig.\",\"breadcrumb\":{\"@id\":\"https:\\\/\\\/www.4h.se\\\/vaxjo\\\/ridning\\\/#breadcrumb\"},\"inLanguage\":\"sv-SE\",\"potentialAction\":[{\"@type\":\"ReadAction\",\"target\":[\"https:\\\/\\\/www.4h.se\\\/vaxjo\\\/ridning\\\/\"]}]},{\"@type\":\"BreadcrumbList\",\"@id\":\"https:\\\/\\\/www.4h.se\\\/vaxjo\\\/ridning\\\/#breadcrumb\",\"itemListElement\":[{\"@type\":\"ListItem\",\"position\":1,\"name\":\"Hem\",\"item\":\"https:\\\/\\\/www.4h.se\\\/vaxjo\\\/\"},{\"@type\":\"ListItem\",\"position\":2,\"name\":\"Ridning\"}]},{\"@type\":\"WebSite\",\"@id\":\"https:\\\/\\\/www.4h.se\\\/vaxjo\\\/#website\",\"url\":\"https:\\\/\\\/www.4h.se\\\/vaxjo\\\/\",\"name\":\"V\u00e4xj\u00f6 4H-g\u00e5rd\",\"description\":\"L\u00e4ra genom att g\u00f6ra\",\"potentialAction\":[{\"@type\":\"SearchAction\",\"target\":{\"@type\":\"EntryPoint\",\"urlTemplate\":\"https:\\\/\\\/www.4h.se\\\/vaxjo\\\/?s={search_term_string}\"},\"query-input\":{\"@type\":\"PropertyValueSpecification\",\"valueRequired\":true,\"valueName\":\"search_term_string\"}}],\"inLanguage\":\"sv-SE\"}]}<\/script>\n<!-- \/ Yoast SEO plugin. -->","yoast_head_json":{"title":"Ridning - V\u00e4xj\u00f6 4H-g\u00e5rd","description":"P\u00e5 l\u00f6rdagar har vi ponnyridning och ibland halvtimmesridning p\u00e5 4H-g\u00e5rden. Utrustningen till ridning p\u00e5 V\u00e4xj\u00f6 4H-g\u00e5rd \u00e4r handikappv\u00e4nlig.","robots":{"index":"index","follow":"follow","max-snippet":"max-snippet:-1","max-image-preview":"max-image-preview:large","max-video-preview":"max-video-preview:-1"},"canonical":"https:\/\/www.4h.se\/vaxjo\/ridning\/","og_locale":"sv_SE","og_type":"article","og_title":"Ridning - V\u00e4xj\u00f6 4H-g\u00e5rd","og_description":"P\u00e5 l\u00f6rdagar har vi ponnyridning och ibland halvtimmesridning p\u00e5 4H-g\u00e5rden. Utrustningen till ridning p\u00e5 V\u00e4xj\u00f6 4H-g\u00e5rd \u00e4r handikappv\u00e4nlig.","og_url":"https:\/\/www.4h.se\/vaxjo\/ridning\/","og_site_name":"V\u00e4xj\u00f6 4H-g\u00e5rd","article_modified_time":"2024-08-28T09:46:22+00:00","twitter_card":"summary_large_image","schema":{"@context":"https:\/\/schema.org","@graph":[{"@type":"WebPage","@id":"https:\/\/www.4h.se\/vaxjo\/ridning\/","url":"https:\/\/www.4h.se\/vaxjo\/ridning\/","name":"Ridning - V\u00e4xj\u00f6 4H-g\u00e5rd","isPartOf":{"@id":"https:\/\/www.4h.se\/vaxjo\/#website"},"datePublished":"2018-12-20T08:06:04+00:00","dateModified":"2024-08-28T09:46:22+00:00","description":"P\u00e5 l\u00f6rdagar har vi ponnyridning och ibland halvtimmesridning p\u00e5 4H-g\u00e5rden. Utrustningen till ridning p\u00e5 V\u00e4xj\u00f6 4H-g\u00e5rd \u00e4r handikappv\u00e4nlig.","breadcrumb":{"@id":"https:\/\/www.4h.se\/vaxjo\/ridning\/#breadcrumb"},"inLanguage":"sv-SE","potentialAction":[{"@type":"ReadAction","target":["https:\/\/www.4h.se\/vaxjo\/ridning\/"]}]},{"@type":"BreadcrumbList","@id":"https:\/\/www.4h.se\/vaxjo\/ridning\/#breadcrumb","itemListElement":[{"@type":"ListItem","position":1,"name":"Hem","item":"https:\/\/www.4h.se\/vaxjo\/"},{"@type":"ListItem","position":2,"name":"Ridning"}]},{"@type":"WebSite","@id":"https:\/\/www.4h.se\/vaxjo\/#website","url":"https:\/\/www.4h.se\/vaxjo\/","name":"V\u00e4xj\u00f6 4H-g\u00e5rd","description":"L\u00e4ra genom att g\u00f6ra","potentialAction":[{"@type":"SearchAction","target":{"@type":"EntryPoint","urlTemplate":"https:\/\/www.4h.se\/vaxjo\/?s={search_term_string}"},"query-input":{"@type":"PropertyValueSpecification","valueRequired":true,"valueName":"search_term_string"}}],"inLanguage":"sv-SE"}]}},"_links":{"self":[{"href":"https:\/\/www.4h.se\/vaxjo\/wp-json\/wp\/v2\/pages\/726","targetHints":{"allow":["GET"]}}],"collection":[{"href":"https:\/\/www.4h.se\/vaxjo\/wp-json\/wp\/v2\/pages"}],"about":[{"href":"https:\/\/www.4h.se\/vaxjo\/wp-json\/wp\/v2\/types\/page"}],"author":[{"embeddable":true,"href":"https:\/\/www.4h.se\/vaxjo\/wp-json\/wp\/v2\/users\/85"}],"replies":[{"embeddable":true,"href":"https:\/\/www.4h.se\/vaxjo\/wp-json\/wp\/v2\/comments?post=726"}],"version-history":[{"count":0,"href":"https:\/\/www.4h.se\/vaxjo\/wp-json\/wp\/v2\/pages\/726\/revisions"}],"wp:attachment":[{"href":"https:\/\/www.4h.se\/vaxjo\/wp-json\/wp\/v2\/media?parent=726"}],"curies":[{"name":"wp","href":"https:\/\/api.w.org\/{rel}","templated":true}]}}