



{"id":645,"date":"2018-11-21T09:03:41","date_gmt":"2018-11-21T08:03:41","guid":{"rendered":"http:\/\/www.4h.se\/vaxjo\/?page_id=645"},"modified":"2024-08-14T13:29:21","modified_gmt":"2024-08-14T11:29:21","slug":"djur","status":"publish","type":"page","link":"https:\/\/www.4h.se\/vaxjo\/djur\/","title":{"rendered":"Djur"},"content":{"rendered":"<div class=\"wpb-content-wrapper\"><p>[vc_row][vc_column][vc_column_text css=&#8221;&#8221;]<\/p>\n<h1 style=\"text-align: center; font-size: clamp(4rem, 4vw, 20rem); overflow-wrap: break-word;\"><span style=\"color: #f1a41e;\">V\u00e5ra djur<\/span><\/h1>\n<h1><\/h1>\n<p style=\"text-align: center;\">P\u00e5 V\u00e4xj\u00f6 4H-g\u00e5rd har vi b\u00e5de h\u00e4star, f\u00e5r, getter, grisar, kaniner, ankor och h\u00f6ns. Vet du om att du kan bli fadder till ditt favoritdjur?\u00a0Anm\u00e4l ditt intresse h\u00e4r.<\/p>\n<p style=\"text-align: center;\">4H verkar f\u00f6r att bevara de svenska lantraserna. M\u00e5nga av djuren p\u00e5 V\u00e4xj\u00f6 4H-g\u00e5rd h\u00f6r till dem, l\u00e4s mer\u00a0h\u00e4r.<\/p>\n<p style=\"text-align: center;\">Klicka p\u00e5 bilderna f\u00f6r mer information om de olika djur.<\/p>\n<p>[\/vc_column_text][\/vc_column][\/vc_row][vc_row css=&#8221;.vc_custom_1698848141713{border-left-width: 0px !important;border-left-color: #006340 !important;border-left-style: solid !important;border-radius: 1px !important;}&#8221;][vc_column width=&#8221;1\/4&#8243; css=&#8221;.vc_custom_1723634124016{border-left-width: 1px !important;border-left-style: solid !important;border-radius: 1px !important;border-color: #ffffff !important;}&#8221;][vc_single_image image=&#8221;1105&#8243; img_size=&#8221;300&#215;300&#8243; onclick=&#8221;custom_link&#8221; link=&#8221;https:\/\/www.4h.se\/vaxjo\/?p=1107&#8243;][vc_column_text css=&#8221;.vc_custom_1723634297910{margin-top: -35px !important;background-color: #ffffff !important;}&#8221;]<\/p>\n<h6 style=\"font-size: clamp(1rem, 1.5vw, 6rem); overflow-wrap: break-word; text-align: center;\"><span style=\"color: #82c381;\">G\u00f6ingeget<\/span><\/h6>\n<p>[\/vc_column_text][\/vc_column][vc_column width=&#8221;1\/4&#8243;][vc_single_image image=&#8221;1076&#8243; img_size=&#8221;300&#215;300&#8243; onclick=&#8221;custom_link&#8221; link=&#8221;https:\/\/www.4h.se\/vaxjo\/?p=1114&#8243;][vc_column_text css=&#8221;.vc_custom_1723634359735{margin-top: -35px !important;background-color: #ffffff !important;}&#8221;]<\/p>\n<h6 style=\"font-size: clamp(1rem, 1.5vw, 6rem); overflow-wrap: break-word; text-align: center;\"><span style=\"color: #82c381;\">V\u00e4rmlandsf\u00e5r<\/span><\/h6>\n<p>[\/vc_column_text][\/vc_column][vc_column width=&#8221;1\/4&#8243;][vc_single_image image=&#8221;707&#8243; img_size=&#8221;300&#215;300&#8243; onclick=&#8221;custom_link&#8221; link=&#8221;https:\/\/www.4h.se\/vaxjo\/?p=1115&#8243;][vc_column_text css=&#8221;.vc_custom_1723634390391{margin-top: -35px !important;background-color: #ffffff !important;}&#8221;]<\/p>\n<h6 style=\"font-size: clamp(1rem, 1.5vw, 6rem); overflow-wrap: break-word; text-align: center;\"><span style=\"color: #82c381;\">Gutef\u00e5r<\/span><\/h6>\n<p>[\/vc_column_text][\/vc_column][vc_column width=&#8221;1\/4&#8243; css=&#8221;.vc_custom_1723634112705{border-right-width: 1px !important;border-right-style: solid !important;border-radius: 1px !important;border-color: #ffffff !important;}&#8221;][vc_single_image image=&#8221;1183&#8243; img_size=&#8221;300&#215;300&#8243; onclick=&#8221;custom_link&#8221; link=&#8221;https:\/\/www.4h.se\/vaxjo\/?p=1161&#8243;][vc_column_text css=&#8221;.vc_custom_1723634416810{margin-top: -35px !important;background-color: #ffffff !important;}&#8221;]<\/p>\n<h6 style=\"font-size: clamp(1rem, 1.5vw, 6rem); overflow-wrap: break-word; text-align: center;\"><span style=\"color: #82c381;\">\u00d6landsh\u00f6ns<\/span><\/h6>\n<p>[\/vc_column_text][\/vc_column][\/vc_row][vc_row css=&#8221;.vc_custom_1723634157860{border-left-width: 1px !important;border-left-style: solid !important;border-radius: 1px !important;border-color: #ffffff !important;}&#8221;][vc_column width=&#8221;1\/4&#8243;][vc_single_image image=&#8221;1077&#8243; img_size=&#8221;300&#215;300&#8243; onclick=&#8221;custom_link&#8221; link=&#8221;https:\/\/www.4h.se\/vaxjo\/?p=1177&#8243;][vc_column_text css=&#8221;.vc_custom_1723634688010{margin-top: -35px !important;background-color: #ffffff !important;}&#8221;]<\/p>\n<h6 style=\"font-size: clamp(1rem, 1.5vw, 6rem); overflow-wrap: break-word; text-align: center;\"><span style=\"color: #82c381;\">Svensk bl\u00e5 anka<\/span><\/h6>\n<p>&nbsp;[\/vc_column_text][vc_single_image image=&#8221;1011&#8243; img_size=&#8221;300&#215;300&#8243; onclick=&#8221;custom_link&#8221; link=&#8221;https:\/\/www.4h.se\/vaxjo\/?p=1191&#8243;][vc_column_text css=&#8221;.vc_custom_1723634712190{margin-top: -35px !important;background-color: #ffffff !important;}&#8221;]<\/p>\n<h6 style=\"font-size: clamp(1rem, 1.5vw, 6rem); overflow-wrap: break-word; text-align: center;\"><span style=\"color: #82c381;\">V\u00e4durskanin<\/span><\/h6>\n<p>[\/vc_column_text][\/vc_column][vc_column width=&#8221;1\/4&#8243;][vc_single_image image=&#8221;1168&#8243; img_size=&#8221;300&#215;300&#8243; onclick=&#8221;custom_link&#8221; link=&#8221;https:\/\/www.4h.se\/vaxjo\/?p=1169&#8243;][vc_column_text css=&#8221;.vc_custom_1723634570276{margin-top: -35px !important;background-color: #ffffff !important;}&#8221;]<\/p>\n<h6 style=\"font-size: clamp(1rem, 1.5vw, 6rem); overflow-wrap: break-word; text-align: center;\"><span style=\"color: #82c381;\">Islandsh\u00e4st<\/span><\/h6>\n<p>&nbsp;[\/vc_column_text][vc_single_image image=&#8221;1398&#8243; img_size=&#8221;300&#215;300&#8243; onclick=&#8221;custom_link&#8221; link=&#8221;https:\/\/www.4h.se\/vaxjo\/?p=1192&#8243;][vc_column_text css=&#8221;.vc_custom_1723634738707{margin-top: -35px !important;background-color: #ffffff !important;}&#8221;]<\/p>\n<h6 style=\"font-size: clamp(1rem, 1.5vw, 6rem); overflow-wrap: break-word; text-align: center;\"><span style=\"color: #82c381;\">Gotlandskanin<\/span><\/h6>\n<p>[\/vc_column_text][\/vc_column][vc_column width=&#8221;1\/4&#8243;][vc_single_image image=&#8221;1315&#8243; img_size=&#8221;300&#215;300&#8243; onclick=&#8221;custom_link&#8221; link=&#8221;https:\/\/www.4h.se\/vaxjo\/?p=1142&#8243;][vc_column_text css=&#8221;.vc_custom_1723634623104{margin-top: -35px !important;background-color: #ffffff !important;}&#8221;]<\/p>\n<h6 style=\"font-size: clamp(1rem, 1.5vw, 6rem); overflow-wrap: break-word; text-align: center;\"><span style=\"color: #82c381;\">Minigris<\/span><\/h6>\n<p>&nbsp;[\/vc_column_text][vc_single_image image=&#8221;1205&#8243; img_size=&#8221;300&#215;300&#8243; onclick=&#8221;custom_link&#8221; link=&#8221;https:\/\/www.4h.se\/vaxjo\/?p=1224&#8243;][vc_column_text css=&#8221;.vc_custom_1723634757749{margin-top: -35px !important;background-color: #ffffff !important;}&#8221;]<\/p>\n<h6 style=\"font-size: clamp(1rem, 1.5vw, 6rem); overflow-wrap: break-word; text-align: center;\"><span style=\"color: #82c381;\">Gotlandsruss<\/span><\/h6>\n<p>[\/vc_column_text][\/vc_column][vc_column width=&#8221;1\/4&#8243; css=&#8221;.vc_custom_1723634134089{border-right-width: 1px !important;border-right-style: solid !important;border-radius: 1px !important;border-color: #ffffff !important;}&#8221;][vc_single_image image=&#8221;998&#8243; img_size=&#8221;300&#215;300&#8243; onclick=&#8221;custom_link&#8221; link=&#8221;https:\/\/www.4h.se\/vaxjo\/?p=1193&#8243;][vc_column_text css=&#8221;.vc_custom_1723634677442{margin-top: -35px !important;background-color: #ffffff !important;}&#8221;]<\/p>\n<h6 style=\"font-size: clamp(1rem, 1.5vw, 6rem); overflow-wrap: break-word; text-align: center;\"><span style=\"color: #82c381;\">Katt<\/span><\/h6>\n<p>&nbsp;[\/vc_column_text][vc_single_image image=&#8221;1394&#8243; img_size=&#8221;300&#215;300&#8243; onclick=&#8221;custom_link&#8221; link=&#8221;https:\/\/www.4h.se\/vaxjo\/mellerudskanin\/&#8221;][vc_column_text css=&#8221;.vc_custom_1723634776558{margin-top: -35px !important;background-color: #ffffff !important;}&#8221;]<\/p>\n<h6 style=\"font-size: clamp(1rem, 1.5vw, 6rem); overflow-wrap: break-word; text-align: center;\"><span style=\"color: #82c381;\">Mellerudskanin<\/span><\/h6>\n<p>[\/vc_column_text][\/vc_column][\/vc_row][vc_row][vc_column][vc_column_text css=&#8221;&#8221;]<\/p>\n<h1 style=\"text-align: center; font-size: clamp(4rem, 4vw, 20rem); overflow-wrap: break-word;\"><span style=\"color: #f1a41e;\">Lantraser<\/span><\/h1>\n<h1><\/h1>\n<p>[\/vc_column_text][\/vc_column][\/vc_row][vc_row][vc_column][vc_column_text css=&#8221;&#8221;]En av 4H-g\u00e5rdarnas uppgifter \u00e4r att hj\u00e4lpa till att bevara de svenska lantraserna.\u00a0P\u00e5 4H i V\u00e4xj\u00f6 tycker vi att det\u00a0k\u00e4nns viktigt! H\u00e4r v\u00e4rnar vi om fem olika lantraser och bidrar till deras genbanker.<\/p>\n<p>En lantras \u00e4r ett husdjur som utvecklats och anpassat sig p\u00e5 en begr\u00e4nsad plats under m\u00e5nga generationer. Lantraserna t\u00e4ckte den forna tidens behov d\u00e5 det ofta var viktigare att djuren klarade sig p\u00e5 lite mat \u00e4n att de till exempel gav mycket mj\u00f6lk. I lantraserna som inte genomg\u00e5tt f\u00f6r\u00e4ndring till det moderna samh\u00e4llet d\u00e4r pengarna styr lever de gamla egenskaperna kvar \u2013 mer ruvning, mindre i maten, goda m\u00f6drar, l\u00e4tta f\u00f6rlossningar m.m.<\/p>\n<p>N\u00e4r vi gick fr\u00e5n sj\u00e4lvhush\u00e5llning till ett industrialiserat jordbruk blev lantraserna utrotningshotade. De \u00e4ldre husdjursraserna var inte tillr\u00e4ckligt effektiva i det storskaliga och produktionsinriktade jordbruket. F\u00f6rst i slutet p\u00e5 1900-talet ins\u00e5g man lantrasernas betydelse f\u00f6r till exempel den biologiska m\u00e5ngfalden och bevarandearbetet av v\u00e5ra lantraser tog fart. Flera svenska lantraser hade d\u00e5 helt f\u00f6rsvunnit.<\/p>\n<p>P\u00e5 4H i V\u00e4xj\u00f6 har vi f\u00f6ljande lantraser:<\/p>\n<h6 style=\"font-size: clamp(1rem, 1.5vw, 6rem); overflow-wrap: break-word; text-align: left;\"><span style=\"color: #82c381;\">G\u00f6ingeget<\/span><\/h6>\n<p>En rest av den gamla sydsvenska getpopulationen som \u00e5terfanns i G\u00f6ingebygden i norra Sk\u00e5ne. Dessa getter var f\u00f6rr\u00a0vanliga i hela sydsveriges skogsbygd.<\/p>\n<h6 style=\"font-size: clamp(1rem, 1.5vw, 6rem); overflow-wrap: break-word; text-align: left;\"><span style=\"color: #82c381;\">Gutef\u00e5r<\/span><\/h6>\n<p>I motsats till andra f\u00e5rraser, som m\u00e5ste klippas, sl\u00e4pper ullen av sig sj\u00e4lv p\u00e5 gutef\u00e5ren. Gutef\u00e5ren \u00e4r t\u00e5liga och v\u00e4l anpassade att vistas utomhus hela \u00e5ret s\u00e5 l\u00e4nge de har tillg\u00e5ng till vind- och regnskydd.\u00a0Gutef\u00e5ret h\u00e4rstammar fr\u00e5n det gotl\u00e4ndska uteg\u00e5ngsf\u00e5ret.<\/p>\n<h6 style=\"font-size: clamp(1rem, 1.5vw, 6rem); overflow-wrap: break-word; text-align: left;\"><span style=\"color: #82c381;\">V\u00e4rmlandsf\u00e5r<\/span><\/h6>\n<p>V\u00e4rmlandsf\u00e5r har sin h\u00e4rstamning fr\u00e5n Klar\u00e4lven i norra V\u00e4rmland.\u00a0V\u00e4rmlandsf\u00e5ren har en god flockk\u00e4nsla och de blir ofta mycket trevliga och tama.\u00a0De \u00e4r duktiga betesdjur och \u00e4ter g\u00e4rna sly.<\/p>\n<h6 style=\"font-size: clamp(1rem, 1.5vw, 6rem); overflow-wrap: break-word; text-align: left;\"><span style=\"color: #82c381;\">\u00d6landsh\u00f6ns<\/span><\/h6>\n<p>\u00d6landsh\u00f6nsen r\u00e4ddades under 1990-talet fr\u00e5n en g\u00e5rd mitt p\u00e5 \u00d6land. Det fanns bara 6\u00a0stycken kvar, de sista av sitt slag. Sedan dess har arbetet inom Svenska Lanth\u00f6nsklubben lett till att det finns omkring 600 individer av rasen. Den \u00e4r fortfarande en av Sveriges mest hotade stora lanth\u00f6nsraser.<\/p>\n<h6 style=\"font-size: clamp(1rem, 1.5vw, 6rem); overflow-wrap: break-word; text-align: left;\"><span style=\"color: #82c381;\">Mellerudskanin<\/span><\/h6>\n<p>Mellerudskanin \u00e4r en svensk lantras som bevaras bland annat h\u00e4r p\u00e5 V\u00e4xj\u00f6 4H-g\u00e5rd. De \u00e4r sn\u00e4lla och lugna och finns bara i svartvitbrokig f\u00e4rg eller albino.\u00a0N\u00e4r man runt sekelskiftet b\u00f6rjade avla fram nya kaninraser med inriktning p\u00e5 k\u00f6tt, p\u00e4ls, skinn eller f\u00e4rg f\u00f6rsvann n\u00e4stan lantraserna helt men hos Edith Johansson i\u00a0Melleruds kommun\u00a0fanns en bes\u00e4ttning lantraskaniner kvar som fick namnet Mellerudskanin.<\/p>\n<h6 style=\"font-size: clamp(1rem, 1.5vw, 6rem); overflow-wrap: break-word; text-align: left;\"><span style=\"color: #82c381;\">Gotlandskanin<\/span><\/h6>\n<p>I b\u00f6rjan av 1900-talet fanns n\u00e4stan inga individer av den ursprungliga svenska lantraskaninen kvar, d\u00e5 utvecklingen var inriktad p\u00e5 utl\u00e4ndska kaninraser. Under 1970-talet uppm\u00e4rksammades flera individer som hade \u00f6verlevt p\u00e5\u00a0Gotland\u00a0och med denna stomme p\u00e5b\u00f6rjades fortsatt avel.<\/p>\n<h6 style=\"font-size: clamp(1rem, 1.5vw, 6rem); overflow-wrap: break-word; text-align: left;\"><span style=\"color: #82c381;\">Gotlandsruss<\/span><\/h6>\n<p>Gotlandsrusset \u00e4r Sveriges \u00e4ldsta h\u00e4st och den enda inhemska svenska ponnyrasen. S\u00e5 l\u00e4nge man k\u00e4nner till har russet levt i ett vilt eller halvvilt tillst\u00e5nd i skogarna p\u00e5 Gotland. \u00c4n idag lever en flock med halvvilda gotlandsruss i ett reservat p\u00e5 Lojsta hed.[\/vc_column_text][\/vc_column][\/vc_row]<\/p>\n<\/div>","protected":false},"excerpt":{"rendered":"<p>[vc_row][vc_column][vc_column_text css=&#8221;&#8221;] V\u00e5ra djur P\u00e5 V\u00e4xj\u00f6 4H-g\u00e5rd har vi b\u00e5de h\u00e4star, f\u00e5r, getter, grisar, kaniner, ankor och h\u00f6ns. Vet du om att du kan bli fadder till ditt favoritdjur?\u00a0Anm\u00e4l ditt intresse h\u00e4r. 4H verkar f\u00f6r att bevara de svenska lantraserna. M\u00e5nga av djuren p\u00e5 V\u00e4xj\u00f6 4H-g\u00e5rd h\u00f6r till dem, l\u00e4s mer\u00a0h\u00e4r. Klicka p\u00e5 bilderna f\u00f6r&nbsp; <a href=\"https:\/\/www.4h.se\/vaxjo\/djur\/\">&hellip; Read more <i class=\"glyphicon glyphicon-arrow-right\"><\/i><\/a><\/p>\n","protected":false},"author":85,"featured_media":0,"parent":0,"menu_order":0,"comment_status":"closed","ping_status":"closed","template":"","meta":{"footnotes":""},"class_list":["post-645","page","type-page","status-publish","hentry"],"yoast_head":"<!-- This site is optimized with the Yoast SEO plugin v27.4 - https:\/\/yoast.com\/product\/yoast-seo-wordpress\/ -->\n<title>Djur - V\u00e4xj\u00f6 4H-g\u00e5rd<\/title>\n<meta name=\"robots\" content=\"index, follow, max-snippet:-1, max-image-preview:large, max-video-preview:-1\" \/>\n<link rel=\"canonical\" href=\"https:\/\/www.4h.se\/vaxjo\/djur\/\" \/>\n<meta property=\"og:locale\" content=\"sv_SE\" \/>\n<meta property=\"og:type\" content=\"article\" \/>\n<meta property=\"og:title\" content=\"Djur - V\u00e4xj\u00f6 4H-g\u00e5rd\" \/>\n<meta property=\"og:description\" content=\"[vc_row][vc_column][vc_column_text css=&#8221;&#8221;] V\u00e5ra djur P\u00e5 V\u00e4xj\u00f6 4H-g\u00e5rd har vi b\u00e5de h\u00e4star, f\u00e5r, getter, grisar, kaniner, ankor och h\u00f6ns. Vet du om att du kan bli fadder till ditt favoritdjur?\u00a0Anm\u00e4l ditt intresse h\u00e4r. 4H verkar f\u00f6r att bevara de svenska lantraserna. M\u00e5nga av djuren p\u00e5 V\u00e4xj\u00f6 4H-g\u00e5rd h\u00f6r till dem, l\u00e4s mer\u00a0h\u00e4r. Klicka p\u00e5 bilderna f\u00f6r&nbsp; &hellip; Read more\" \/>\n<meta property=\"og:url\" content=\"https:\/\/www.4h.se\/vaxjo\/djur\/\" \/>\n<meta property=\"og:site_name\" content=\"V\u00e4xj\u00f6 4H-g\u00e5rd\" \/>\n<meta property=\"article:modified_time\" content=\"2024-08-14T11:29:21+00:00\" \/>\n<meta name=\"twitter:card\" content=\"summary_large_image\" \/>\n<meta name=\"twitter:label1\" content=\"Ber\u00e4knad l\u00e4stid\" \/>\n\t<meta name=\"twitter:data1\" content=\"6 minuter\" \/>\n<script type=\"application\/ld+json\" class=\"yoast-schema-graph\">{\"@context\":\"https:\\\/\\\/schema.org\",\"@graph\":[{\"@type\":\"WebPage\",\"@id\":\"https:\\\/\\\/www.4h.se\\\/vaxjo\\\/djur\\\/\",\"url\":\"https:\\\/\\\/www.4h.se\\\/vaxjo\\\/djur\\\/\",\"name\":\"Djur - V\u00e4xj\u00f6 4H-g\u00e5rd\",\"isPartOf\":{\"@id\":\"https:\\\/\\\/www.4h.se\\\/vaxjo\\\/#website\"},\"datePublished\":\"2018-11-21T08:03:41+00:00\",\"dateModified\":\"2024-08-14T11:29:21+00:00\",\"breadcrumb\":{\"@id\":\"https:\\\/\\\/www.4h.se\\\/vaxjo\\\/djur\\\/#breadcrumb\"},\"inLanguage\":\"sv-SE\",\"potentialAction\":[{\"@type\":\"ReadAction\",\"target\":[\"https:\\\/\\\/www.4h.se\\\/vaxjo\\\/djur\\\/\"]}]},{\"@type\":\"BreadcrumbList\",\"@id\":\"https:\\\/\\\/www.4h.se\\\/vaxjo\\\/djur\\\/#breadcrumb\",\"itemListElement\":[{\"@type\":\"ListItem\",\"position\":1,\"name\":\"Hem\",\"item\":\"https:\\\/\\\/www.4h.se\\\/vaxjo\\\/\"},{\"@type\":\"ListItem\",\"position\":2,\"name\":\"Djur\"}]},{\"@type\":\"WebSite\",\"@id\":\"https:\\\/\\\/www.4h.se\\\/vaxjo\\\/#website\",\"url\":\"https:\\\/\\\/www.4h.se\\\/vaxjo\\\/\",\"name\":\"V\u00e4xj\u00f6 4H-g\u00e5rd\",\"description\":\"L\u00e4ra genom att g\u00f6ra\",\"potentialAction\":[{\"@type\":\"SearchAction\",\"target\":{\"@type\":\"EntryPoint\",\"urlTemplate\":\"https:\\\/\\\/www.4h.se\\\/vaxjo\\\/?s={search_term_string}\"},\"query-input\":{\"@type\":\"PropertyValueSpecification\",\"valueRequired\":true,\"valueName\":\"search_term_string\"}}],\"inLanguage\":\"sv-SE\"}]}<\/script>\n<!-- \/ Yoast SEO plugin. -->","yoast_head_json":{"title":"Djur - V\u00e4xj\u00f6 4H-g\u00e5rd","robots":{"index":"index","follow":"follow","max-snippet":"max-snippet:-1","max-image-preview":"max-image-preview:large","max-video-preview":"max-video-preview:-1"},"canonical":"https:\/\/www.4h.se\/vaxjo\/djur\/","og_locale":"sv_SE","og_type":"article","og_title":"Djur - V\u00e4xj\u00f6 4H-g\u00e5rd","og_description":"[vc_row][vc_column][vc_column_text css=&#8221;&#8221;] V\u00e5ra djur P\u00e5 V\u00e4xj\u00f6 4H-g\u00e5rd har vi b\u00e5de h\u00e4star, f\u00e5r, getter, grisar, kaniner, ankor och h\u00f6ns. Vet du om att du kan bli fadder till ditt favoritdjur?\u00a0Anm\u00e4l ditt intresse h\u00e4r. 4H verkar f\u00f6r att bevara de svenska lantraserna. M\u00e5nga av djuren p\u00e5 V\u00e4xj\u00f6 4H-g\u00e5rd h\u00f6r till dem, l\u00e4s mer\u00a0h\u00e4r. Klicka p\u00e5 bilderna f\u00f6r&nbsp; &hellip; Read more","og_url":"https:\/\/www.4h.se\/vaxjo\/djur\/","og_site_name":"V\u00e4xj\u00f6 4H-g\u00e5rd","article_modified_time":"2024-08-14T11:29:21+00:00","twitter_card":"summary_large_image","twitter_misc":{"Ber\u00e4knad l\u00e4stid":"6 minuter"},"schema":{"@context":"https:\/\/schema.org","@graph":[{"@type":"WebPage","@id":"https:\/\/www.4h.se\/vaxjo\/djur\/","url":"https:\/\/www.4h.se\/vaxjo\/djur\/","name":"Djur - V\u00e4xj\u00f6 4H-g\u00e5rd","isPartOf":{"@id":"https:\/\/www.4h.se\/vaxjo\/#website"},"datePublished":"2018-11-21T08:03:41+00:00","dateModified":"2024-08-14T11:29:21+00:00","breadcrumb":{"@id":"https:\/\/www.4h.se\/vaxjo\/djur\/#breadcrumb"},"inLanguage":"sv-SE","potentialAction":[{"@type":"ReadAction","target":["https:\/\/www.4h.se\/vaxjo\/djur\/"]}]},{"@type":"BreadcrumbList","@id":"https:\/\/www.4h.se\/vaxjo\/djur\/#breadcrumb","itemListElement":[{"@type":"ListItem","position":1,"name":"Hem","item":"https:\/\/www.4h.se\/vaxjo\/"},{"@type":"ListItem","position":2,"name":"Djur"}]},{"@type":"WebSite","@id":"https:\/\/www.4h.se\/vaxjo\/#website","url":"https:\/\/www.4h.se\/vaxjo\/","name":"V\u00e4xj\u00f6 4H-g\u00e5rd","description":"L\u00e4ra genom att g\u00f6ra","potentialAction":[{"@type":"SearchAction","target":{"@type":"EntryPoint","urlTemplate":"https:\/\/www.4h.se\/vaxjo\/?s={search_term_string}"},"query-input":{"@type":"PropertyValueSpecification","valueRequired":true,"valueName":"search_term_string"}}],"inLanguage":"sv-SE"}]}},"_links":{"self":[{"href":"https:\/\/www.4h.se\/vaxjo\/wp-json\/wp\/v2\/pages\/645","targetHints":{"allow":["GET"]}}],"collection":[{"href":"https:\/\/www.4h.se\/vaxjo\/wp-json\/wp\/v2\/pages"}],"about":[{"href":"https:\/\/www.4h.se\/vaxjo\/wp-json\/wp\/v2\/types\/page"}],"author":[{"embeddable":true,"href":"https:\/\/www.4h.se\/vaxjo\/wp-json\/wp\/v2\/users\/85"}],"replies":[{"embeddable":true,"href":"https:\/\/www.4h.se\/vaxjo\/wp-json\/wp\/v2\/comments?post=645"}],"version-history":[{"count":0,"href":"https:\/\/www.4h.se\/vaxjo\/wp-json\/wp\/v2\/pages\/645\/revisions"}],"wp:attachment":[{"href":"https:\/\/www.4h.se\/vaxjo\/wp-json\/wp\/v2\/media?parent=645"}],"curies":[{"name":"wp","href":"https:\/\/api.w.org\/{rel}","templated":true}]}}