



{"id":474,"date":"2017-05-12T11:30:09","date_gmt":"2017-05-12T09:30:09","guid":{"rendered":"http:\/\/www.4h.se\/vaxjo\/?page_id=474"},"modified":"2025-06-10T13:14:45","modified_gmt":"2025-06-10T11:14:45","slug":"kalas","status":"publish","type":"page","link":"https:\/\/www.4h.se\/vaxjo\/kalas\/","title":{"rendered":"Barnkalas"},"content":{"rendered":"<div class=\"wpb-content-wrapper\"><p>[vc_row][vc_column][vc_column_text css=&#8221;&#8221;]<\/p>\n<h1 style=\"text-align: center; font-size: clamp(4rem, 4vw, 20rem); overflow-wrap: break-word;\"><span style=\"color: #f1a41e;\">Kalas p\u00e5 V\u00e4xj\u00f6 4H-g\u00e5rd<\/span><\/h1>\n<p>[\/vc_column_text][\/vc_column][\/vc_row][vc_row css=&#8221;.vc_custom_1723806371182{border-top-width: 5px !important;border-right-width: 5px !important;border-left-width: 5px !important;border-left-style: solid !important;border-right-style: solid !important;border-top-style: solid !important;border-color: #ffffff !important;}&#8221;][vc_column][vc_row_inner][vc_column_inner width=&#8221;1\/2&#8243;][vc_column_text css=&#8221;&#8221;]Kalas f\u00f6r alla djurfantaster och \u00e4ventyrare hos oss p\u00e5 4H-g\u00e5rden! Vi fixar \u00e5rets roligaste dag \u00e5t dig!<\/p>\n<p>V\u00e4lj mellan tv\u00e5 olika kalasuppl\u00e4gg s\u00e5 dukar vi upp med saft, glass och pannkakor eller korv. Ni kanske vill boka en skattjakt eller l\u00e4ra k\u00e4nna alla v\u00e5ra djur? Hur ni \u00e4n best\u00e4mmer er s\u00e5 kommer det blir en riktig rolig dag!<\/p>\n<p>V\u00e5ra kalas kan bokas p\u00e5 l\u00f6rdagar mellan kl. 13 &#8211; 15.<\/p>\n<p>&nbsp;<\/p>\n<p>Boka smidigt genom att fylla i formul\u00e4ret och l\u00e5t dig sk\u00e4mmas bort!<\/p>\n<p>&nbsp;<\/p>\n<p><span style=\"color: #000000;\"><strong>Det \u00e4r popul\u00e4rt att ha barnkalas hos oss s\u00e5 boka ditt kalas i god tid. Vi \u00e4r ofta bokade flera veckor fram\u00f6ver. Eventuell avbokning beh\u00f6ver vi tre veckor innan kalaset.<\/strong><\/span>[\/vc_column_text][\/vc_column_inner][vc_column_inner width=&#8221;1\/2&#8243;][vc_single_image image=&#8221;1316&#8243; img_size=&#8221;400&#215;500&#8243; alignment=&#8221;center&#8221;][\/vc_column_inner][\/vc_row_inner][\/vc_column][\/vc_row][vc_row][vc_column][vc_column_text css=&#8221;&#8221;]<\/p>\n<h1 style=\"text-align: center; font-size: clamp(4rem, 4vw, 20rem); overflow-wrap: break-word;\"><span style=\"color: #f1a41e;\">Djurkalas<\/span><\/h1>\n<p>[\/vc_column_text][\/vc_column][\/vc_row][vc_row][vc_column width=&#8221;2\/3&#8243;][vc_column_text css=&#8221;&#8221;]<\/p>\n<h4 style=\"font-size: clamp(2rem, 2.5vw, 10rem); overflow-wrap: break-word; text-align: left;\"><span style=\"color: #82c381;\">Lilla djurkalaset<\/span><\/h4>\n<h3><strong><span style=\"color: #000000;\">Pris: 200kr \/ barn<\/span><\/strong><\/h3>\n<p>&nbsp;<\/p>\n<ul>\n<li><span style=\"color: #000000;\">Kalasrum (60 minuter)<\/span><\/li>\n<li><span style=\"color: #000000;\">Kalasv\u00e4rd<\/span><\/li>\n<li><span style=\"color: #000000;\">Saft<\/span><\/li>\n<li><span style=\"color: #000000;\">Pannkakor<\/span><\/li>\n<li><span style=\"color: #000000;\">1 valfri aktivitet<\/span><\/li>\n<li><span style=\"color: #000000;\">Kaffe till tv\u00e5 vuxna<\/span><\/li>\n<\/ul>\n<p><strong><span style=\"color: #000000;\">Tillval av flera aktiviteter m\u00f6jlig!<\/span><\/strong><\/p>\n<h4 style=\"font-size: clamp(2rem, 2.5vw, 10rem); overflow-wrap: break-word; text-align: left;\"><span style=\"color: #82c381;\">Stora djurkalaset<\/span><\/h4>\n<h3><strong><span style=\"color: #000000;\">Pris: 250kr \/ barn<\/span><\/strong><\/h3>\n<ul>\n<li>Kalasrum (90 minuter)<\/li>\n<li>Kalasv\u00e4rd<\/li>\n<li>Saft<\/li>\n<li>Korv med br\u00f6d<\/li>\n<li>Glass<\/li>\n<li>1 valfri aktivitet<\/li>\n<li>Kaffe till tv\u00e5 vuxna<\/li>\n<\/ul>\n<p>&nbsp;<\/p>\n<p><strong>Tillval av flera aktiviteter m\u00f6jlig!<\/strong>[\/vc_column_text][\/vc_column][vc_column width=&#8221;1\/3&#8243;][vc_column_text css=&#8221;&#8221;]<\/p>\n<h4 style=\"font-size: clamp(2rem, 2.5vw, 10rem); overflow-wrap: break-word; text-align: left;\"><span style=\"color: #82c381;\">Aktiviteter att v\u00e4lja<\/span><\/h4>\n<p>&nbsp;<\/p>\n<p><span style=\"text-decoration: underline; color: #000000;\"><strong>Tomten Ture<\/strong><\/span><strong><span style=\"color: #000000;\">\u00a0<\/span>\u00a0<\/strong><\/p>\n<p>(F\u00f6r de mindre barnen, 5-8\u00e5r)<\/p>\n<p>Tomten Ture har varit och busat p\u00e5 g\u00e5rden och g\u00f6mt nyckeln till l\u00e5dan med all djurmat. F\u00f6r att hitta nyckeln m\u00e5ste vi hj\u00e4lpas \u00e5t. Tomten Ture har gett oss n\u00e5gra uppgifter vi m\u00e5ste klara f\u00f6r att f\u00e5 ledtr\u00e5dar till vart nyckeln kan finnas g\u00f6md.<\/p>\n<p><span style=\"text-decoration: underline; color: #000000;\"><strong>Ponnyridning<\/strong><\/span><\/p>\n<p><span style=\"color: #000000;\">Ni f\u00e5r alla rida en<\/span> runda p\u00e5 en av v\u00e5ra sn\u00e4lla h\u00e4star eller \u00e5snan.<\/p>\n<p><span style=\"color: #000000;\"><strong><span style=\"text-decoration: underline;\">Djurguidning<\/span><\/strong><\/span><\/p>\n<p>Personal visar barnen runt p\u00e5 g\u00e5rden och ber\u00e4ttar om alla djuren. Ni g\u00e5r bland annat in till h\u00f6nsen och plockar \u00e4gg, klappar f\u00e5ren och matar getterna. Detta \u00e4r en j\u00e4ttepopul\u00e4r aktivitet f\u00f6r alla \u00e5ldrar.<\/p>\n<p><span style=\"text-decoration: underline; color: #000000;\"><strong>Lekar<\/strong><\/span><\/p>\n<p><span style=\"color: #000000;\">Kalasledaren h\u00e5ller lekar som passar deltagarna p\u00e5 kalaset. Lekarna \u00e4r i m\u00f6jligaste m\u00e5n kopplade till djur och natur.<\/span><\/p>\n<p><span style=\"color: #000000;\"><b><u>K\u00e4pph\u00e4sthoppning<\/u><\/b><\/span><\/p>\n<p>Vi bygger en hinderbana och t\u00e4vlar inom k\u00e4pph\u00e4sthoppning tillsammans.[\/vc_column_text][vc_btn title=&#8221;BOKA&#8221; style=&#8221;classic&#8221; shape=&#8221;square&#8221; color=&#8221;primary&#8221; size=&#8221;lg&#8221; align=&#8221;center&#8221; css=&#8221;&#8221; link=&#8221;url:https%3A%2F%2Fwww.4h.se%2Fvaxjo%2Fbokning-kalas%2F&#8221;][\/vc_column][\/vc_row][vc_row][vc_column][vc_column_text css=&#8221;&#8221;]<\/p>\n<h1 style=\"font-size: clamp(4rem, 4vw, 20rem); overflow-wrap: break-word; text-align: center;\"><span style=\"color: #f1a41e;\">\u00c4ventyrskalas<\/span><\/h1>\n<p>[\/vc_column_text][\/vc_column][\/vc_row][vc_row][vc_column width=&#8221;2\/3&#8243;][vc_column_text css=&#8221;&#8221;]<\/p>\n<h4 style=\"font-size: clamp(2rem, 2.5vw, 10rem); overflow-wrap: break-word; text-align: left;\"><span style=\"color: #82c381;\">Lilla \u00e4ventyrskalaset<\/span><\/h4>\n<h3><strong><span style=\"color: #000000;\">Pris: 200kr \/ barn<\/span><\/strong><\/h3>\n<h4><\/h4>\n<ul>\n<li><span style=\"color: #000000;\">Kalasrum (60 minuter)<\/span><\/li>\n<li><span style=\"color: #000000;\">Kalasv\u00e4rd<\/span><\/li>\n<li><span style=\"color: #000000;\">Saft<\/span><\/li>\n<li><span style=\"color: #000000;\">Pannkakor<\/span><\/li>\n<li><span style=\"color: #000000;\">1 valfri aktivitet<\/span><\/li>\n<li><span style=\"color: #000000;\">Kaffe till tv\u00e5 vuxna<\/span><\/li>\n<\/ul>\n<p><span style=\"color: #000000;\"><b>Tillval av flera aktiviteter m\u00f6jlig!<\/b><\/span><\/p>\n<h4 style=\"font-size: clamp(2rem, 2.5vw, 10rem); overflow-wrap: break-word; text-align: left;\"><span style=\"color: #82c381;\">Stora \u00e4ventyrskalaset<\/span><\/h4>\n<h3><strong><span style=\"color: #000000;\">Pris: 250kr \/ barn<\/span><\/strong><\/h3>\n<ul>\n<li>Kalasrum (90 minuter)<\/li>\n<li>Kalasv\u00e4rd<\/li>\n<li>Saft<\/li>\n<li>Korv med br\u00f6d<\/li>\n<li>Glass<\/li>\n<li>1 valfri aktivitet<\/li>\n<li>Kaffe till tv\u00e5 vuxna<\/li>\n<\/ul>\n<p>&nbsp;<\/p>\n<p><strong>Tillval av flera aktiviteter m\u00f6jlig!<\/strong>[\/vc_column_text][\/vc_column][vc_column width=&#8221;1\/3&#8243;][vc_column_text css=&#8221;&#8221;]<\/p>\n<h4 style=\"font-size: clamp(2rem, 2.5vw, 10rem); overflow-wrap: break-word; text-align: left;\"><span style=\"color: #82c381;\">Aktiviteter att v\u00e4lja<\/span><\/h4>\n<p>&nbsp;<\/p>\n<p><span style=\"text-decoration: underline;\"><b>Fem-kamp<\/b><\/span><\/p>\n<p>Fem roliga naturinspirerade lekar d\u00e4r deltagarna utmanas p\u00e5 olika s\u00e4tt.<\/p>\n<p><span style=\"text-decoration: underline;\"><b>Skattjakt med karta<\/b><\/span><\/p>\n<p>Deltagarna f\u00e5r en skattkarta och ska gemensamt hitta skatten som \u00e4r g\u00f6md\u00a0n\u00e5gonstans\u00a0p\u00e5 g\u00e5rden.\u00a0Vad skatten ska vara best\u00e4mmer ni, tex godisp\u00e5se till alla deltagare. Skatten st\u00e5r ni sj\u00e4lva f\u00f6r att fixa.<\/p>\n<p><span style=\"text-decoration: underline;\"><b>\u00c4ventyrstig i skogen\u00a0<\/b><\/span><\/p>\n<p>Kalasledaren\u00a0tar med deltagarna p\u00e5 en sp\u00e4nnande tur i skogen\u00a0bakom g\u00e5rden.\u00a0P\u00e5 v\u00e4gen m\u00e5ste vi l\u00f6sa olika uppgifter f\u00f6r att komma vidare. Kanske beh\u00f6ver vi g\u00e5 balansg\u00e5ng\u00a0p\u00e5 stockar\u00a0f\u00f6r att komma \u00f6ver\u00a0den varma\u00a0lavan\u00a0eller dansa i en ring f\u00f6r att \u00e4lvorna ska l\u00e5ta oss passera.<\/p>\n<p><span style=\"text-decoration: underline;\"><b>Lekar<\/b><\/span><\/p>\n<p>Kalasledaren h\u00e5ller lekar som passar deltagarna p\u00e5 kalaset. Lekarna \u00e4r i m\u00f6jligaste m\u00e5n \u00e4ventyrliga och naturinspirerade.[\/vc_column_text][vc_btn title=&#8221;BOKA&#8221; style=&#8221;classic&#8221; shape=&#8221;square&#8221; color=&#8221;primary&#8221; size=&#8221;lg&#8221; align=&#8221;center&#8221; css=&#8221;&#8221; link=&#8221;url:https%3A%2F%2Fwww.4h.se%2Fvaxjo%2Fbokning-kalas%2F|title:Bokning%20Kalas&#8221;][\/vc_column][\/vc_row][vc_row][vc_column][vc_column_text css=&#8221;&#8221;]<\/p>\n<h4 style=\"font-size: clamp(2rem, 2.5vw, 10rem); overflow-wrap: break-word; text-align: center;\"><span style=\"color: #82c381;\">Vill ni hellre skr\u00e4ddarsy ert kalas s\u00e5 f\u00e5r ni g\u00e4rna kontakta oss via vaxjo@4h.se.<\/span><\/h4>\n<p>[\/vc_column_text][\/vc_column][\/vc_row]<\/p>\n<\/div>","protected":false},"excerpt":{"rendered":"<p>[vc_row][vc_column][vc_column_text css=&#8221;&#8221;] Kalas p\u00e5 V\u00e4xj\u00f6 4H-g\u00e5rd [\/vc_column_text][\/vc_column][\/vc_row][vc_row css=&#8221;.vc_custom_1723806371182{border-top-width: 5px !important;border-right-width: 5px !important;border-left-width: 5px !important;border-left-style: solid !important;border-right-style: solid !important;border-top-style: solid !important;border-color: #ffffff !important;}&#8221;][vc_column][vc_row_inner][vc_column_inner width=&#8221;1\/2&#8243;][vc_column_text css=&#8221;&#8221;]Kalas f\u00f6r alla djurfantaster och \u00e4ventyrare hos oss p\u00e5 4H-g\u00e5rden! Vi fixar \u00e5rets roligaste dag \u00e5t dig! V\u00e4lj mellan tv\u00e5 olika kalasuppl\u00e4gg s\u00e5 dukar vi upp med saft, glass och pannkakor eller&nbsp; <a href=\"https:\/\/www.4h.se\/vaxjo\/kalas\/\">&hellip; Read more <i class=\"glyphicon glyphicon-arrow-right\"><\/i><\/a><\/p>\n","protected":false},"author":85,"featured_media":0,"parent":0,"menu_order":12,"comment_status":"closed","ping_status":"closed","template":"","meta":{"footnotes":""},"class_list":["post-474","page","type-page","status-publish","hentry"],"yoast_head":"<!-- This site is optimized with the Yoast SEO plugin v27.4 - https:\/\/yoast.com\/product\/yoast-seo-wordpress\/ -->\n<title>Barnkalas - V\u00e4xj\u00f6 4H-g\u00e5rd<\/title>\n<meta name=\"description\" content=\"Barnkalas f\u00f6r alla djurfantaster och \u00e4ventyrare hos oss p\u00e5 4H-g\u00e5rden! Vi fixar \u00e5rets roligaste dag \u00e5t dig! V\u00e4lj mellan tv\u00e5 olika kalasuppl\u00e4gg.\" \/>\n<meta name=\"robots\" content=\"index, follow, max-snippet:-1, max-image-preview:large, max-video-preview:-1\" \/>\n<link rel=\"canonical\" href=\"https:\/\/www.4h.se\/vaxjo\/kalas\/\" \/>\n<meta property=\"og:locale\" content=\"sv_SE\" \/>\n<meta property=\"og:type\" content=\"article\" \/>\n<meta property=\"og:title\" content=\"Barnkalas - V\u00e4xj\u00f6 4H-g\u00e5rd\" \/>\n<meta property=\"og:description\" content=\"Barnkalas f\u00f6r alla djurfantaster och \u00e4ventyrare hos oss p\u00e5 4H-g\u00e5rden! Vi fixar \u00e5rets roligaste dag \u00e5t dig! V\u00e4lj mellan tv\u00e5 olika kalasuppl\u00e4gg.\" \/>\n<meta property=\"og:url\" content=\"https:\/\/www.4h.se\/vaxjo\/kalas\/\" \/>\n<meta property=\"og:site_name\" content=\"V\u00e4xj\u00f6 4H-g\u00e5rd\" \/>\n<meta property=\"article:modified_time\" content=\"2025-06-10T11:14:45+00:00\" \/>\n<meta name=\"twitter:card\" content=\"summary_large_image\" \/>\n<script type=\"application\/ld+json\" class=\"yoast-schema-graph\">{\"@context\":\"https:\\\/\\\/schema.org\",\"@graph\":[{\"@type\":\"WebPage\",\"@id\":\"https:\\\/\\\/www.4h.se\\\/vaxjo\\\/kalas\\\/\",\"url\":\"https:\\\/\\\/www.4h.se\\\/vaxjo\\\/kalas\\\/\",\"name\":\"Barnkalas - V\u00e4xj\u00f6 4H-g\u00e5rd\",\"isPartOf\":{\"@id\":\"https:\\\/\\\/www.4h.se\\\/vaxjo\\\/#website\"},\"datePublished\":\"2017-05-12T09:30:09+00:00\",\"dateModified\":\"2025-06-10T11:14:45+00:00\",\"description\":\"Barnkalas f\u00f6r alla djurfantaster och \u00e4ventyrare hos oss p\u00e5 4H-g\u00e5rden! Vi fixar \u00e5rets roligaste dag \u00e5t dig! V\u00e4lj mellan tv\u00e5 olika kalasuppl\u00e4gg.\",\"breadcrumb\":{\"@id\":\"https:\\\/\\\/www.4h.se\\\/vaxjo\\\/kalas\\\/#breadcrumb\"},\"inLanguage\":\"sv-SE\",\"potentialAction\":[{\"@type\":\"ReadAction\",\"target\":[\"https:\\\/\\\/www.4h.se\\\/vaxjo\\\/kalas\\\/\"]}]},{\"@type\":\"BreadcrumbList\",\"@id\":\"https:\\\/\\\/www.4h.se\\\/vaxjo\\\/kalas\\\/#breadcrumb\",\"itemListElement\":[{\"@type\":\"ListItem\",\"position\":1,\"name\":\"Hem\",\"item\":\"https:\\\/\\\/www.4h.se\\\/vaxjo\\\/\"},{\"@type\":\"ListItem\",\"position\":2,\"name\":\"Barnkalas\"}]},{\"@type\":\"WebSite\",\"@id\":\"https:\\\/\\\/www.4h.se\\\/vaxjo\\\/#website\",\"url\":\"https:\\\/\\\/www.4h.se\\\/vaxjo\\\/\",\"name\":\"V\u00e4xj\u00f6 4H-g\u00e5rd\",\"description\":\"L\u00e4ra genom att g\u00f6ra\",\"potentialAction\":[{\"@type\":\"SearchAction\",\"target\":{\"@type\":\"EntryPoint\",\"urlTemplate\":\"https:\\\/\\\/www.4h.se\\\/vaxjo\\\/?s={search_term_string}\"},\"query-input\":{\"@type\":\"PropertyValueSpecification\",\"valueRequired\":true,\"valueName\":\"search_term_string\"}}],\"inLanguage\":\"sv-SE\"}]}<\/script>\n<!-- \/ Yoast SEO plugin. -->","yoast_head_json":{"title":"Barnkalas - V\u00e4xj\u00f6 4H-g\u00e5rd","description":"Barnkalas f\u00f6r alla djurfantaster och \u00e4ventyrare hos oss p\u00e5 4H-g\u00e5rden! Vi fixar \u00e5rets roligaste dag \u00e5t dig! V\u00e4lj mellan tv\u00e5 olika kalasuppl\u00e4gg.","robots":{"index":"index","follow":"follow","max-snippet":"max-snippet:-1","max-image-preview":"max-image-preview:large","max-video-preview":"max-video-preview:-1"},"canonical":"https:\/\/www.4h.se\/vaxjo\/kalas\/","og_locale":"sv_SE","og_type":"article","og_title":"Barnkalas - V\u00e4xj\u00f6 4H-g\u00e5rd","og_description":"Barnkalas f\u00f6r alla djurfantaster och \u00e4ventyrare hos oss p\u00e5 4H-g\u00e5rden! Vi fixar \u00e5rets roligaste dag \u00e5t dig! V\u00e4lj mellan tv\u00e5 olika kalasuppl\u00e4gg.","og_url":"https:\/\/www.4h.se\/vaxjo\/kalas\/","og_site_name":"V\u00e4xj\u00f6 4H-g\u00e5rd","article_modified_time":"2025-06-10T11:14:45+00:00","twitter_card":"summary_large_image","schema":{"@context":"https:\/\/schema.org","@graph":[{"@type":"WebPage","@id":"https:\/\/www.4h.se\/vaxjo\/kalas\/","url":"https:\/\/www.4h.se\/vaxjo\/kalas\/","name":"Barnkalas - V\u00e4xj\u00f6 4H-g\u00e5rd","isPartOf":{"@id":"https:\/\/www.4h.se\/vaxjo\/#website"},"datePublished":"2017-05-12T09:30:09+00:00","dateModified":"2025-06-10T11:14:45+00:00","description":"Barnkalas f\u00f6r alla djurfantaster och \u00e4ventyrare hos oss p\u00e5 4H-g\u00e5rden! Vi fixar \u00e5rets roligaste dag \u00e5t dig! V\u00e4lj mellan tv\u00e5 olika kalasuppl\u00e4gg.","breadcrumb":{"@id":"https:\/\/www.4h.se\/vaxjo\/kalas\/#breadcrumb"},"inLanguage":"sv-SE","potentialAction":[{"@type":"ReadAction","target":["https:\/\/www.4h.se\/vaxjo\/kalas\/"]}]},{"@type":"BreadcrumbList","@id":"https:\/\/www.4h.se\/vaxjo\/kalas\/#breadcrumb","itemListElement":[{"@type":"ListItem","position":1,"name":"Hem","item":"https:\/\/www.4h.se\/vaxjo\/"},{"@type":"ListItem","position":2,"name":"Barnkalas"}]},{"@type":"WebSite","@id":"https:\/\/www.4h.se\/vaxjo\/#website","url":"https:\/\/www.4h.se\/vaxjo\/","name":"V\u00e4xj\u00f6 4H-g\u00e5rd","description":"L\u00e4ra genom att g\u00f6ra","potentialAction":[{"@type":"SearchAction","target":{"@type":"EntryPoint","urlTemplate":"https:\/\/www.4h.se\/vaxjo\/?s={search_term_string}"},"query-input":{"@type":"PropertyValueSpecification","valueRequired":true,"valueName":"search_term_string"}}],"inLanguage":"sv-SE"}]}},"_links":{"self":[{"href":"https:\/\/www.4h.se\/vaxjo\/wp-json\/wp\/v2\/pages\/474","targetHints":{"allow":["GET"]}}],"collection":[{"href":"https:\/\/www.4h.se\/vaxjo\/wp-json\/wp\/v2\/pages"}],"about":[{"href":"https:\/\/www.4h.se\/vaxjo\/wp-json\/wp\/v2\/types\/page"}],"author":[{"embeddable":true,"href":"https:\/\/www.4h.se\/vaxjo\/wp-json\/wp\/v2\/users\/85"}],"replies":[{"embeddable":true,"href":"https:\/\/www.4h.se\/vaxjo\/wp-json\/wp\/v2\/comments?post=474"}],"version-history":[{"count":0,"href":"https:\/\/www.4h.se\/vaxjo\/wp-json\/wp\/v2\/pages\/474\/revisions"}],"wp:attachment":[{"href":"https:\/\/www.4h.se\/vaxjo\/wp-json\/wp\/v2\/media?parent=474"}],"curies":[{"name":"wp","href":"https:\/\/api.w.org\/{rel}","templated":true}]}}