



{"id":457,"date":"2017-02-10T11:00:34","date_gmt":"2017-02-10T10:00:34","guid":{"rendered":"http:\/\/www.4h.se\/vaxjo\/?page_id=457"},"modified":"2024-10-02T11:46:13","modified_gmt":"2024-10-02T09:46:13","slug":"stod-oss","status":"publish","type":"page","link":"https:\/\/www.4h.se\/vaxjo\/stod-oss\/","title":{"rendered":"St\u00f6d oss"},"content":{"rendered":"<div class=\"wpb-content-wrapper\"><p>[vc_row][vc_column][vc_column_text css=&#8221;&#8221;]<\/p>\n<h1 style=\"text-align: center; font-size: clamp(4rem, 4vw, 20rem); overflow-wrap: break-word;\"><span style=\"color: #f1a41e;\">Djurfadder<\/span><\/h1>\n<p>[\/vc_column_text][\/vc_column][\/vc_row][vc_row][vc_column width=&#8221;1\/2&#8243;][vc_column_text css=&#8221;&#8221;]<\/p>\n<h4 style=\"font-size: clamp(2rem, 2.5vw, 10rem); overflow-wrap: break-word; text-align: left;\"><span style=\"color: #82c381;\">St\u00f6tta oss<\/span><\/h4>\n<p>Vill du g\u00f6ra en skillnad f\u00f6r v\u00e5ra djur och st\u00f6tta V\u00e4xj\u00f6 4H-g\u00e5rd? Bli djurfadder idag och hj\u00e4lp oss ge v\u00e5ra djur den b\u00e4sta omv\u00e5rdnaden!<\/p>\n<p>Hos oss finns m\u00e5nga olika djur, fr\u00e5n sm\u00e5 gnagare till st\u00f6rre djur som h\u00e4star och f\u00e5r, och du kan sj\u00e4lv v\u00e4lja vilket djur du vill bli fadder \u00e5t. Som djurfadder bidrar du till att v\u00e5ra djur f\u00e5r bra mat, bekv\u00e4mt str\u00f6material och den utrustning de beh\u00f6ver f\u00f6r att m\u00e5 bra.<\/p>\n<p>Att bli djurfadder kostar minst 200 kr per \u00e5r, och som tack s\u00e4tter vi upp ditt namn p\u00e5 en skylt i stallet och du f\u00e5r \u00e4ven ett fint fadderintyg. Fadderskapet f\u00f6rnyas \u00e5rligen och vi p\u00e5minner dig i god tid n\u00e4r det \u00e4r dags.<\/p>\n<p>Vill du bli en del av v\u00e5r djurfamilj? Fyll i formul\u00e4ret nedan och v\u00e4lj ditt fadderdjur. Du kan l\u00e4sa mer om v\u00e5ra djur under fliken &#8221;Om oss &#8211; V\u00e5ra djur.&#8221; N\u00e4r vi mottagit din anm\u00e4lan skickar vi en faktura f\u00f6r fadderavgiften.<\/p>\n<p><strong>Du kan \u00e4ven st\u00f6tta oss genom att skicka en valfri summa till 123 124 90 44<\/strong><\/p>\n<p>Tack f\u00f6r ditt st\u00f6d! Tillsammans g\u00f6r vi skillnad f\u00f6r v\u00e5ra \u00e4lskade djur och medlemmar<\/p>\n<div class=\"frm_forms  with_frm_style frm_style_formidable-style\" id=\"frm_form_20_container\" >\n<form enctype=\"multipart\/form-data\" method=\"post\" class=\"frm-show-form \" id=\"form_3jvev25\" >\n<div class=\"frm_form_fields \">\n<fieldset>\n<legend class=\"frm_hidden\">Bli djurfadder<\/legend>\r\n\r\n<div class=\"frm_fields_container\">\n<input type=\"hidden\" name=\"frm_action\" value=\"create\" \/>\n<input type=\"hidden\" name=\"form_id\" value=\"20\" \/>\n<input type=\"hidden\" name=\"frm_hide_fields_20\" id=\"frm_hide_fields_20\" value=\"\" \/>\n<input type=\"hidden\" name=\"form_key\" value=\"3jvev25\" \/>\n<input type=\"hidden\" name=\"item_meta[0]\" value=\"\" \/>\n<input type=\"hidden\" id=\"frm_submit_entry_20\" name=\"frm_submit_entry_20\" value=\"58506b7602\" \/><input type=\"hidden\" name=\"_wp_http_referer\" value=\"\/vaxjo\/wp-json\/wp\/v2\/pages\/457\" \/><div id=\"frm_field_138_container\" class=\"frm_form_field form-field  frm_required_field frm_top_container\">\r\n    <label for=\"field_de0w6\" class=\"frm_primary_label\">Namn p\u00e5 djurfadder\r\n        <span class=\"frm_required\">*<\/span>\r\n    <\/label>\r\n    <input type=\"text\" id=\"field_de0w6\" name=\"item_meta[138]\" value=\"\"  data-reqmsg=\"Detta f\u00e4lt kan inte vara tomt.\" aria-required=\"true\" data-invmsg=\"Namn p\u00e5 djurfadder \u00e4r ogiltigt\" aria-invalid=\"false\"  \/>\r\n    \r\n    \r\n<\/div>\n<div id=\"frm_field_140_container\" class=\"frm_form_field form-field  frm_required_field frm_top_container\">\r\n    <label for=\"field_bpqb6\" class=\"frm_primary_label\">Adress till djurfadder samt postnummer och ort\r\n        <span class=\"frm_required\">*<\/span>\r\n    <\/label>\r\n    <input type=\"text\" id=\"field_bpqb6\" name=\"item_meta[140]\" value=\"\"  data-reqmsg=\"Detta f\u00e4lt kan inte vara tomt.\" aria-required=\"true\" data-invmsg=\"Adress till djurfadder samt postnummer och ort \u00e4r ogiltigt\" aria-invalid=\"false\"  \/>\r\n    \r\n    \r\n<\/div>\n<div id=\"frm_field_143_container\" class=\"frm_form_field form-field  frm_required_field frm_top_container\">\r\n    <label for=\"field_gtyt56\" class=\"frm_primary_label\">E-postadress till djurfadder eller f\u00f6r\u00e4lder\/kontaktperson\r\n        <span class=\"frm_required\">*<\/span>\r\n    <\/label>\r\n    <input type=\"email\" id=\"field_gtyt56\" name=\"item_meta[143]\" value=\"\"  data-reqmsg=\"Detta f\u00e4lt kan inte vara tomt.\" aria-required=\"true\" data-invmsg=\"E-postadress till f\u00f6r\u00e4lder eller kontaktperson \u00e4r ogiltigt\" aria-invalid=\"false\"  \/>\r\n    \r\n    \r\n<\/div>\n<div id=\"frm_field_145_container\" class=\"frm_form_field form-field  frm_required_field frm_top_container vertical_radio\">\r\n    <label  class=\"frm_primary_label\">Det \u00e4r okej att mitt\/v\u00e5rt namn st\u00e5r med p\u00e5 hemsidan och p\u00e5 en skylt i stallet som djurfadder.\r\n        <span class=\"frm_required\">*<\/span>\r\n    <\/label>\r\n    <div class=\"frm_opt_container\">\t\t<div class=\"frm_checkbox\" id=\"frm_checkbox_145-0\">\t\t\t<label  for=\"field_f253f6-0\">\n\t\t\t<input type=\"checkbox\" name=\"item_meta[145][]\" id=\"field_f253f6-0\" value=\"Ja\"  data-reqmsg=\"Detta f\u00e4lt kan inte vara tomt.\" data-invmsg=\"Det \u00e4r okej att mitt\/v\u00e5rt namn st\u00e5r med p\u00e5 hemsidan och p\u00e5 en skylt i stallet som djurfadder. \u00e4r ogiltigt\"   aria-required=\"true\"  \/> Ja<\/label><\/div>\n\t\t<div class=\"frm_checkbox\" id=\"frm_checkbox_145-1\">\t\t\t<label  for=\"field_f253f6-1\">\n\t\t\t<input type=\"checkbox\" name=\"item_meta[145][]\" id=\"field_f253f6-1\" value=\"Nej\"  data-reqmsg=\"Detta f\u00e4lt kan inte vara tomt.\" data-invmsg=\"Det \u00e4r okej att mitt\/v\u00e5rt namn st\u00e5r med p\u00e5 hemsidan och p\u00e5 en skylt i stallet som djurfadder. \u00e4r ogiltigt\"   \/> Nej<\/label><\/div>\n<\/div>\r\n    \r\n    \r\n<\/div>\n<div id=\"frm_field_147_container\" class=\"frm_form_field form-field  frm_required_field frm_top_container\">\r\n    <label for=\"field_mey44\" class=\"frm_primary_label\">Vi vill bidra med x kr f\u00f6r att bli djurfaddrar (minst 200 kr)\r\n        <span class=\"frm_required\">*<\/span>\r\n    <\/label>\r\n    <input type=\"text\" id=\"field_mey44\" name=\"item_meta[147]\" value=\"\"  data-reqmsg=\"Detta f\u00e4lt kan inte vara tomt.\" aria-required=\"true\" data-invmsg=\"Vi vill bidra med x kr f\u00f6r att bli djurfaddrar (minst 200 kr) \u00e4r ogiltigt\" aria-invalid=\"false\"  \/>\r\n    \r\n    \r\n<\/div>\n<div id=\"frm_field_146_container\" class=\"frm_form_field form-field  frm_required_field frm_top_container\">\r\n    <label for=\"field_eqjs36\" class=\"frm_primary_label\">Vi vill bli djurfadder till\r\n        <span class=\"frm_required\">*<\/span>\r\n    <\/label>\r\n    <textarea name=\"item_meta[146]\" id=\"field_eqjs36\" rows=\"5\"  data-reqmsg=\"Detta f\u00e4lt kan inte vara tomt.\" aria-required=\"true\" data-invmsg=\"Vi vill bli djurfadder till \u00e4r ogiltigt\" aria-invalid=\"false\"  ><\/textarea>\r\n    \r\n    \r\n<\/div>\n\t<input type=\"hidden\" name=\"item_key\" value=\"\" \/>\n\t\t\t<div id=\"frm_field_215_container\">\n\t\t\t<label for=\"field_lwhws\" >\n\t\t\t\tOm du \u00e4r m\u00e4nsklig, l\u00e4mna det h\u00e4r f\u00e4ltet tomt.\t\t\t<\/label>\n\t\t\t<input  id=\"field_lwhws\" type=\"text\" class=\"frm_form_field form-field frm_verify\" name=\"item_meta[215]\" value=\"\"  \/>\n\t\t<\/div>\n\t\t<input name=\"frm_state\" type=\"hidden\" value=\"BDwmdat+\/zUH\/dG9qVL1G0I\/rKagvvbZVSpFVPvA6BU=\" \/><div class=\"frm_submit\">\r\n\r\n<button class=\"frm_button_submit\" type=\"submit\"  >Skicka<\/button>\r\n\r\n<\/div><\/div>\n<\/fieldset>\n<\/div>\n\n<\/form>\n<\/div>\n[\/vc_column_text][\/vc_column][vc_column width=&#8221;1\/2&#8243;][vc_single_image image=&#8221;1457&#8243; img_size=&#8221;400X400&#8243; alignment=&#8221;center&#8221; style=&#8221;vc_box_circle&#8221; css=&#8221;&#8221;][vc_single_image image=&#8221;1315&#8243; img_size=&#8221;400X400&#8243; alignment=&#8221;right&#8221; style=&#8221;vc_box_circle_2&#8243; css=&#8221;&#8221;][\/vc_column][\/vc_row][vc_row][vc_column][vc_column_text css=&#8221;&#8221;]<\/p>\n<h3 style=\"text-align: center;\"><strong><span style=\"color: #000000;\">Tack till f\u00f6retag, privatpersoner och organisationer som st\u00f6ttar v\u00e5r verksamhet!<\/span><\/strong><\/h3>\n<p>[\/vc_column_text][\/vc_column][\/vc_row][vc_row][vc_column width=&#8221;1\/4&#8243;][vc_single_image image=&#8221;1410&#8243; img_size=&#8221;large&#8221; alignment=&#8221;center&#8221; css=&#8221;&#8221;][\/vc_column][vc_column width=&#8221;1\/4&#8243;][vc_single_image image=&#8221;1412&#8243; img_size=&#8221;large&#8221; alignment=&#8221;center&#8221; css=&#8221;&#8221;][\/vc_column][vc_column width=&#8221;1\/4&#8243;][vc_single_image image=&#8221;1409&#8243; img_size=&#8221;large&#8221; alignment=&#8221;center&#8221; css=&#8221;&#8221;][\/vc_column][vc_column width=&#8221;1\/4&#8243;][vc_single_image image=&#8221;1411&#8243; img_size=&#8221;large&#8221; alignment=&#8221;center&#8221; css=&#8221;&#8221;][\/vc_column][\/vc_row][vc_row][vc_column width=&#8221;1\/4&#8243;][vc_single_image image=&#8221;1413&#8243; img_size=&#8221;large&#8221; alignment=&#8221;center&#8221; css=&#8221;&#8221;][\/vc_column][vc_column width=&#8221;1\/4&#8243;][vc_single_image image=&#8221;1468&#8243; img_size=&#8221;large&#8221; alignment=&#8221;center&#8221; css=&#8221;&#8221;][\/vc_column][vc_column width=&#8221;1\/4&#8243;][vc_single_image image=&#8221;1472&#8243; img_size=&#8221;large&#8221; alignment=&#8221;center&#8221; css=&#8221;&#8221;][\/vc_column][vc_column width=&#8221;1\/4&#8243;][vc_single_image image=&#8221;984&#8243; img_size=&#8221;large&#8221; alignment=&#8221;center&#8221; css=&#8221;&#8221;][\/vc_column][\/vc_row][vc_row][vc_column width=&#8221;1\/4&#8243;][vc_single_image image=&#8221;559&#8243; img_size=&#8221;large&#8221; alignment=&#8221;center&#8221; css=&#8221;&#8221;][\/vc_column][vc_column width=&#8221;1\/4&#8243;][vc_single_image image=&#8221;1475&#8243; img_size=&#8221;large&#8221; alignment=&#8221;center&#8221; css=&#8221;&#8221;][\/vc_column][vc_column width=&#8221;1\/4&#8243;][vc_single_image image=&#8221;1476&#8243; img_size=&#8221;large&#8221; alignment=&#8221;center&#8221; css=&#8221;&#8221;][\/vc_column][vc_column width=&#8221;1\/4&#8243;][vc_single_image image=&#8221;1477&#8243; img_size=&#8221;large&#8221; alignment=&#8221;center&#8221; css=&#8221;&#8221;][\/vc_column][\/vc_row]<\/p>\n<\/div>","protected":false},"excerpt":{"rendered":"<p>[vc_row][vc_column][vc_column_text css=&#8221;&#8221;] Djurfadder [\/vc_column_text][\/vc_column][\/vc_row][vc_row][vc_column width=&#8221;1\/2&#8243;][vc_column_text css=&#8221;&#8221;] St\u00f6tta oss Vill du g\u00f6ra en skillnad f\u00f6r v\u00e5ra djur och st\u00f6tta V\u00e4xj\u00f6 4H-g\u00e5rd? Bli djurfadder idag och hj\u00e4lp oss ge v\u00e5ra djur den b\u00e4sta omv\u00e5rdnaden! Hos oss finns m\u00e5nga olika djur, fr\u00e5n sm\u00e5 gnagare till st\u00f6rre djur som h\u00e4star och f\u00e5r, och du kan sj\u00e4lv v\u00e4lja vilket djur&nbsp; <a href=\"https:\/\/www.4h.se\/vaxjo\/stod-oss\/\">&hellip; Read more <i class=\"glyphicon glyphicon-arrow-right\"><\/i><\/a><\/p>\n","protected":false},"author":85,"featured_media":0,"parent":0,"menu_order":22,"comment_status":"closed","ping_status":"closed","template":"","meta":{"footnotes":""},"class_list":["post-457","page","type-page","status-publish","hentry"],"yoast_head":"<!-- This site is optimized with the Yoast SEO plugin v27.4 - https:\/\/yoast.com\/product\/yoast-seo-wordpress\/ -->\n<title>St\u00f6d oss - V\u00e4xj\u00f6 4H-g\u00e5rd<\/title>\n<meta name=\"robots\" content=\"index, follow, max-snippet:-1, max-image-preview:large, max-video-preview:-1\" \/>\n<link rel=\"canonical\" href=\"https:\/\/www.4h.se\/vaxjo\/stod-oss\/\" \/>\n<meta property=\"og:locale\" content=\"sv_SE\" \/>\n<meta property=\"og:type\" content=\"article\" \/>\n<meta property=\"og:title\" content=\"St\u00f6d oss - V\u00e4xj\u00f6 4H-g\u00e5rd\" \/>\n<meta property=\"og:description\" content=\"[vc_row][vc_column][vc_column_text css=&#8221;&#8221;] Djurfadder [\/vc_column_text][\/vc_column][\/vc_row][vc_row][vc_column width=&#8221;1\/2&#8243;][vc_column_text css=&#8221;&#8221;] St\u00f6tta oss Vill du g\u00f6ra en skillnad f\u00f6r v\u00e5ra djur och st\u00f6tta V\u00e4xj\u00f6 4H-g\u00e5rd? Bli djurfadder idag och hj\u00e4lp oss ge v\u00e5ra djur den b\u00e4sta omv\u00e5rdnaden! Hos oss finns m\u00e5nga olika djur, fr\u00e5n sm\u00e5 gnagare till st\u00f6rre djur som h\u00e4star och f\u00e5r, och du kan sj\u00e4lv v\u00e4lja vilket djur&nbsp; &hellip; Read more\" \/>\n<meta property=\"og:url\" content=\"https:\/\/www.4h.se\/vaxjo\/stod-oss\/\" \/>\n<meta property=\"og:site_name\" content=\"V\u00e4xj\u00f6 4H-g\u00e5rd\" \/>\n<meta property=\"article:modified_time\" content=\"2024-10-02T09:46:13+00:00\" \/>\n<meta name=\"twitter:card\" content=\"summary_large_image\" \/>\n<meta name=\"twitter:label1\" content=\"Ber\u00e4knad l\u00e4stid\" \/>\n\t<meta name=\"twitter:data1\" content=\"3 minuter\" \/>\n<script type=\"application\/ld+json\" class=\"yoast-schema-graph\">{\"@context\":\"https:\\\/\\\/schema.org\",\"@graph\":[{\"@type\":\"WebPage\",\"@id\":\"https:\\\/\\\/www.4h.se\\\/vaxjo\\\/stod-oss\\\/\",\"url\":\"https:\\\/\\\/www.4h.se\\\/vaxjo\\\/stod-oss\\\/\",\"name\":\"St\u00f6d oss - V\u00e4xj\u00f6 4H-g\u00e5rd\",\"isPartOf\":{\"@id\":\"https:\\\/\\\/www.4h.se\\\/vaxjo\\\/#website\"},\"datePublished\":\"2017-02-10T10:00:34+00:00\",\"dateModified\":\"2024-10-02T09:46:13+00:00\",\"breadcrumb\":{\"@id\":\"https:\\\/\\\/www.4h.se\\\/vaxjo\\\/stod-oss\\\/#breadcrumb\"},\"inLanguage\":\"sv-SE\",\"potentialAction\":[{\"@type\":\"ReadAction\",\"target\":[\"https:\\\/\\\/www.4h.se\\\/vaxjo\\\/stod-oss\\\/\"]}]},{\"@type\":\"BreadcrumbList\",\"@id\":\"https:\\\/\\\/www.4h.se\\\/vaxjo\\\/stod-oss\\\/#breadcrumb\",\"itemListElement\":[{\"@type\":\"ListItem\",\"position\":1,\"name\":\"Hem\",\"item\":\"https:\\\/\\\/www.4h.se\\\/vaxjo\\\/\"},{\"@type\":\"ListItem\",\"position\":2,\"name\":\"St\u00f6d oss\"}]},{\"@type\":\"WebSite\",\"@id\":\"https:\\\/\\\/www.4h.se\\\/vaxjo\\\/#website\",\"url\":\"https:\\\/\\\/www.4h.se\\\/vaxjo\\\/\",\"name\":\"V\u00e4xj\u00f6 4H-g\u00e5rd\",\"description\":\"L\u00e4ra genom att g\u00f6ra\",\"potentialAction\":[{\"@type\":\"SearchAction\",\"target\":{\"@type\":\"EntryPoint\",\"urlTemplate\":\"https:\\\/\\\/www.4h.se\\\/vaxjo\\\/?s={search_term_string}\"},\"query-input\":{\"@type\":\"PropertyValueSpecification\",\"valueRequired\":true,\"valueName\":\"search_term_string\"}}],\"inLanguage\":\"sv-SE\"}]}<\/script>\n<!-- \/ Yoast SEO plugin. -->","yoast_head_json":{"title":"St\u00f6d oss - V\u00e4xj\u00f6 4H-g\u00e5rd","robots":{"index":"index","follow":"follow","max-snippet":"max-snippet:-1","max-image-preview":"max-image-preview:large","max-video-preview":"max-video-preview:-1"},"canonical":"https:\/\/www.4h.se\/vaxjo\/stod-oss\/","og_locale":"sv_SE","og_type":"article","og_title":"St\u00f6d oss - V\u00e4xj\u00f6 4H-g\u00e5rd","og_description":"[vc_row][vc_column][vc_column_text css=&#8221;&#8221;] Djurfadder [\/vc_column_text][\/vc_column][\/vc_row][vc_row][vc_column width=&#8221;1\/2&#8243;][vc_column_text css=&#8221;&#8221;] St\u00f6tta oss Vill du g\u00f6ra en skillnad f\u00f6r v\u00e5ra djur och st\u00f6tta V\u00e4xj\u00f6 4H-g\u00e5rd? Bli djurfadder idag och hj\u00e4lp oss ge v\u00e5ra djur den b\u00e4sta omv\u00e5rdnaden! Hos oss finns m\u00e5nga olika djur, fr\u00e5n sm\u00e5 gnagare till st\u00f6rre djur som h\u00e4star och f\u00e5r, och du kan sj\u00e4lv v\u00e4lja vilket djur&nbsp; &hellip; Read more","og_url":"https:\/\/www.4h.se\/vaxjo\/stod-oss\/","og_site_name":"V\u00e4xj\u00f6 4H-g\u00e5rd","article_modified_time":"2024-10-02T09:46:13+00:00","twitter_card":"summary_large_image","twitter_misc":{"Ber\u00e4knad l\u00e4stid":"3 minuter"},"schema":{"@context":"https:\/\/schema.org","@graph":[{"@type":"WebPage","@id":"https:\/\/www.4h.se\/vaxjo\/stod-oss\/","url":"https:\/\/www.4h.se\/vaxjo\/stod-oss\/","name":"St\u00f6d oss - V\u00e4xj\u00f6 4H-g\u00e5rd","isPartOf":{"@id":"https:\/\/www.4h.se\/vaxjo\/#website"},"datePublished":"2017-02-10T10:00:34+00:00","dateModified":"2024-10-02T09:46:13+00:00","breadcrumb":{"@id":"https:\/\/www.4h.se\/vaxjo\/stod-oss\/#breadcrumb"},"inLanguage":"sv-SE","potentialAction":[{"@type":"ReadAction","target":["https:\/\/www.4h.se\/vaxjo\/stod-oss\/"]}]},{"@type":"BreadcrumbList","@id":"https:\/\/www.4h.se\/vaxjo\/stod-oss\/#breadcrumb","itemListElement":[{"@type":"ListItem","position":1,"name":"Hem","item":"https:\/\/www.4h.se\/vaxjo\/"},{"@type":"ListItem","position":2,"name":"St\u00f6d oss"}]},{"@type":"WebSite","@id":"https:\/\/www.4h.se\/vaxjo\/#website","url":"https:\/\/www.4h.se\/vaxjo\/","name":"V\u00e4xj\u00f6 4H-g\u00e5rd","description":"L\u00e4ra genom att g\u00f6ra","potentialAction":[{"@type":"SearchAction","target":{"@type":"EntryPoint","urlTemplate":"https:\/\/www.4h.se\/vaxjo\/?s={search_term_string}"},"query-input":{"@type":"PropertyValueSpecification","valueRequired":true,"valueName":"search_term_string"}}],"inLanguage":"sv-SE"}]}},"_links":{"self":[{"href":"https:\/\/www.4h.se\/vaxjo\/wp-json\/wp\/v2\/pages\/457","targetHints":{"allow":["GET"]}}],"collection":[{"href":"https:\/\/www.4h.se\/vaxjo\/wp-json\/wp\/v2\/pages"}],"about":[{"href":"https:\/\/www.4h.se\/vaxjo\/wp-json\/wp\/v2\/types\/page"}],"author":[{"embeddable":true,"href":"https:\/\/www.4h.se\/vaxjo\/wp-json\/wp\/v2\/users\/85"}],"replies":[{"embeddable":true,"href":"https:\/\/www.4h.se\/vaxjo\/wp-json\/wp\/v2\/comments?post=457"}],"version-history":[{"count":0,"href":"https:\/\/www.4h.se\/vaxjo\/wp-json\/wp\/v2\/pages\/457\/revisions"}],"wp:attachment":[{"href":"https:\/\/www.4h.se\/vaxjo\/wp-json\/wp\/v2\/media?parent=457"}],"curies":[{"name":"wp","href":"https:\/\/api.w.org\/{rel}","templated":true}]}}