



{"id":441,"date":"2017-02-09T10:59:08","date_gmt":"2017-02-09T09:59:08","guid":{"rendered":"http:\/\/www.4h.se\/vaxjo\/?page_id=441"},"modified":"2025-03-20T14:20:59","modified_gmt":"2025-03-20T13:20:59","slug":"sportlov","status":"publish","type":"page","link":"https:\/\/www.4h.se\/vaxjo\/sportlov\/","title":{"rendered":"Sportlov"},"content":{"rendered":"<div class=\"wpb-content-wrapper\"><p>[vc_row][vc_column][vc_column_text css=&#8221;&#8221;]<\/p>\n<h1 style=\"text-align: center; font-size: clamp(4rem, 4vw, 20rem); overflow-wrap: break-word;\"><span style=\"color: #f1a41e;\">L\u00e4ger<\/span><\/h1>\n<p>[\/vc_column_text][\/vc_column][\/vc_row][vc_row css=&#8221;.vc_custom_1724064520238{border-top-width: 5px !important;border-right-width: 5px !important;border-bottom-width: 5px !important;border-left-width: 5px !important;border-left-style: solid !important;border-right-style: solid !important;border-top-style: solid !important;border-bottom-style: solid !important;border-color: #ffffff !important;}&#8221;][vc_column width=&#8221;1\/2&#8243;][vc_column_text css=&#8221;&#8221;]<\/p>\n<h4 style=\"font-size: clamp(2rem, 2.5vw, 10rem); overflow-wrap: break-word; text-align: left;\"><span style=\"color: #82c381;\">Sportlov\/ nedsl\u00e4ckningsl\u00e4ger<\/span><\/h4>\n<p>\u00c5rets sportlovsl\u00e4ger kommer ha temat Nedsl\u00e4ckning<\/p>\n<p>L\u00e4mna mobiler, sk\u00e4rmar och vardagens stress bakom dig och f\u00f6lj med oss p\u00e5 ett unikt \u00e4ventyr, Nedsl\u00e4ckningsl\u00e4ger! Under detta l\u00e4ger ska vi tillsammans uppt\u00e4cka charmen med att vara utan elektricitet.<br \/>\n&#8211; hur g\u00f6r man upp eld med bara naturmaterial<br \/>\n&#8211; hur tv\u00e4ttar man kl\u00e4der utan tv\u00e4ttmaskin<br \/>\n&#8211; hur lagar man mat i stormk\u00f6k eller \u00f6ver \u00f6ppen eld.<br \/>\n&#8211; hur h\u00e5ller vi v\u00e4rmen<\/p>\n<p>Sj\u00e4lvklart kommer vi \u00e4ven umg\u00e5s framf\u00f6r en l\u00e4gereld och hitta p\u00e5 flera roliga aktiviteter och lekar.<\/p>\n<h4 style=\"font-size: clamp(2rem, 2.5vw, 10rem); overflow-wrap: break-word; text-align: left;\"><span style=\"color: #82c381;\">Datum:<\/span><\/h4>\n<p>[\/vc_column_text][\/vc_column][vc_column width=&#8221;1\/2&#8243;][vc_single_image image=&#8221;1385&#8243; img_size=&#8221;400X400&#8243; alignment=&#8221;center&#8221; css=&#8221;&#8221;][\/vc_column][\/vc_row][vc_row][vc_column][\/vc_column][\/vc_row][vc_row][vc_column width=&#8221;1\/2&#8243;][vc_column_text css=&#8221;&#8221;]<\/p>\n<h4 style=\"font-size: clamp(2rem, 2.5vw, 10rem); overflow-wrap: break-word; text-align: left;\"><span style=\"color: #82c381;\">P\u00e5sklovsl\u00e4ger<\/span><\/h4>\n<p>V\u00e5ren \u00e4r tillbaka och det finns mycket att g\u00f6ra p\u00e5 g\u00e5rden! Vi kanske kan g\u00f6ra det lite extra snyggt hos h\u00f6nsen och m\u00e5la n\u00e5gra \u00e4gg som sedan g\u00f6ms f\u00f6r en \u00e4ggjakt. Hur f\u00e4rgar man egentligen fj\u00e4drar och vad h\u00e4nder hos alla andra djur under v\u00e5ren? Visst \u00e4r det ocks\u00e5 mycket tid f\u00f6r lek inplanerat och tr\u00e5kigt blir det nog aldrig hos oss.<\/p>\n<p>Barnen har med sig egen fika till f\u00f6rmiddagen och eftermiddagen samt lunchl\u00e5da.<\/p>\n<p>\u00c5lder: De \u00e5ret barnet fyller 7 \u00e5r<\/p>\n<h4 style=\"font-size: clamp(2rem, 2.5vw, 10rem); overflow-wrap: break-word; text-align: left;\"><span style=\"color: #82c381;\">Datum: 14 &#8211; 15 April<\/span><\/h4>\n<p>[\/vc_column_text][vc_btn title=&#8221;Anm\u00e4lan&#8221; style=&#8221;classic&#8221; color=&#8221;primary&#8221; align=&#8221;left&#8221; css=&#8221;&#8221; link=&#8221;url:https%3A%2F%2Fwww.studieframjandet.se%2F500502&#8243;][\/vc_column][vc_column width=&#8221;1\/2&#8243;][vc_single_image image=&#8221;1407&#8243; img_size=&#8221;400X400&#8243; alignment=&#8221;center&#8221; css=&#8221;&#8221;][\/vc_column][\/vc_row][vc_row][vc_column][\/vc_column][\/vc_row][vc_row][vc_column width=&#8221;1\/2&#8243;][vc_column_text css=&#8221;&#8221;]<\/p>\n<h4 style=\"font-size: clamp(2rem, 2.5vw, 10rem); overflow-wrap: break-word; text-align: left;\"><span style=\"color: #82c381;\">H\u00f6stlovsl\u00e4ger<\/span><\/h4>\n<p>V\u00e4lkommen till v\u00e5rt sp\u00e4nnande H\u00f6stlovsl\u00e4ger! Detta l\u00e4ger \u00e4r perfekt f\u00f6r alla barn som vill l\u00e4ra sig mer om g\u00e5rdens olika djur. Under veckan f\u00e5r deltagarna, med st\u00f6d av v\u00e5ra erfarna ledare, l\u00e4ra sig om och ta hand om f\u00e5r, getter, grisar, h\u00e4star, h\u00f6ns, kaniner och katter. Vi l\u00e4r oss vad djuren beh\u00f6ver f\u00f6r att m\u00e5 bra under den kalla \u00e5rstiden, deltar i matningen och hj\u00e4lper till med djurens berikning.<\/p>\n<p>P\u00e5 l\u00e4gret fokuserar vi ocks\u00e5 p\u00e5 att visa respekt och medk\u00e4nsla f\u00f6r b\u00e5de g\u00e5rdens djur och v\u00e5ra v\u00e4nner. Vi leker, har kul och skapar nya v\u00e4nskapsband med andra barn som delar samma intresse. Vi kommer \u00e4ven att pyssla och skapa \u00e5rstidsinspirerade konstverk som speglar h\u00f6stens sk\u00f6nhet.<\/p>\n<h4 style=\"font-size: clamp(2rem, 2.5vw, 10rem); overflow-wrap: break-word; text-align: left;\"><span style=\"color: #82c381;\">Datum: 30 &#8211; 31 okt<\/span><\/h4>\n<p>[\/vc_column_text][\/vc_column][vc_column width=&#8221;1\/2&#8243;][vc_single_image image=&#8221;1086&#8243; img_size=&#8221;400X400&#8243; alignment=&#8221;center&#8221; css=&#8221;&#8221;][\/vc_column][\/vc_row][vc_row][vc_column][\/vc_column][\/vc_row][vc_row][vc_column width=&#8221;1\/2&#8243;][vc_column_text css=&#8221;&#8221;]<\/p>\n<h4 style=\"font-size: clamp(2rem, 2.5vw, 10rem); overflow-wrap: break-word; text-align: left;\"><span style=\"color: #82c381;\">Halloweenl\u00e4ger<\/span><\/h4>\n<p>Kom p\u00e5 ett sp\u00f6kig l\u00e4ger p\u00e5 g\u00e5rden!<\/p>\n<p>L\u00e4gret kommer inneh\u00e5lla massvis med roliga lekar, sp\u00f6krunda och sj\u00e4lvklart s\u00e5ng runt l\u00e4gerelden.<br \/>\nMan kan v\u00e4lja mellan att \u00f6vernatta eller endast vara med p\u00e5 dagarna. Vi \u00f6vernattar i v\u00e5ra lokaler p\u00e5 g\u00e5rden. Va med p\u00e5 ett roligt och fartfyllt l\u00e4ger och tr\u00e4ffa nya v\u00e4nner. All mat (mellis, middag, kv\u00e4llssnacks, frukost, mellis) ing\u00e5r i l\u00e4gret och lagas tillsammans under l\u00e4gret men vi rekommenderar att man packar med lite egna snacks till kv\u00e4llen.<\/p>\n<h4 style=\"font-size: clamp(2rem, 2.5vw, 10rem); overflow-wrap: break-word; text-align: left;\"><span style=\"color: #82c381;\">Datum: 1 &#8211; 2 nov<\/span><\/h4>\n<p>[\/vc_column_text][\/vc_column][vc_column width=&#8221;1\/2&#8243;][vc_single_image image=&#8221;1390&#8243; img_size=&#8221;400X400&#8243; alignment=&#8221;center&#8221; css=&#8221;&#8221;][\/vc_column][\/vc_row][vc_row][vc_column][\/vc_column][\/vc_row][vc_row][vc_column width=&#8221;1\/2&#8243;][vc_column_text css=&#8221;&#8221;]<\/p>\n<h4 style=\"font-size: clamp(2rem, 2.5vw, 10rem); overflow-wrap: break-word; text-align: left;\"><span style=\"color: #82c381;\">Jullovsl\u00e4ger<\/span><\/h4>\n<p>Nu \u00e4r det dags att anm\u00e4la sig till ett l\u00e4ger fyllt av gl\u00e4dje, v\u00e4rme och gemenskap. Under l\u00e4gret f\u00e5r du chansen att uppleva h\u00e4rliga dagar med djurmys, julpyssel och nya v\u00e4nskaper. Vi lovar stunder fyllda av skratt, \u00e4ventyr och mysig julst\u00e4mning tillsammans p\u00e5 g\u00e5rden! Kom och skapa of\u00f6rgl\u00f6mliga minnen med oss \u2013 vi ser fram emot att tr\u00e4ffa just dig!<\/p>\n<h4 style=\"font-size: clamp(2rem, 2.5vw, 10rem); overflow-wrap: break-word; text-align: left;\"><span style=\"color: #82c381;\">Datum: 30 Dec<\/span><\/h4>\n<p>[\/vc_column_text][\/vc_column][vc_column width=&#8221;1\/2&#8243;][vc_single_image image=&#8221;1478&#8243; img_size=&#8221;400X400&#8243; alignment=&#8221;center&#8221; css=&#8221;&#8221;][\/vc_column][\/vc_row]<\/p>\n<\/div>","protected":false},"excerpt":{"rendered":"<p>[vc_row][vc_column][vc_column_text css=&#8221;&#8221;] L\u00e4ger [\/vc_column_text][\/vc_column][\/vc_row][vc_row css=&#8221;.vc_custom_1724064520238{border-top-width: 5px !important;border-right-width: 5px !important;border-bottom-width: 5px !important;border-left-width: 5px !important;border-left-style: solid !important;border-right-style: solid !important;border-top-style: solid !important;border-bottom-style: solid !important;border-color: #ffffff !important;}&#8221;][vc_column width=&#8221;1\/2&#8243;][vc_column_text css=&#8221;&#8221;] Sportlov\/ nedsl\u00e4ckningsl\u00e4ger \u00c5rets sportlovsl\u00e4ger kommer ha temat Nedsl\u00e4ckning L\u00e4mna mobiler, sk\u00e4rmar och vardagens stress bakom dig och f\u00f6lj med oss p\u00e5 ett unikt \u00e4ventyr, Nedsl\u00e4ckningsl\u00e4ger! Under detta l\u00e4ger ska vi&nbsp; <a href=\"https:\/\/www.4h.se\/vaxjo\/sportlov\/\">&hellip; Read more <i class=\"glyphicon glyphicon-arrow-right\"><\/i><\/a><\/p>\n","protected":false},"author":85,"featured_media":0,"parent":0,"menu_order":21,"comment_status":"closed","ping_status":"closed","template":"","meta":{"footnotes":""},"class_list":["post-441","page","type-page","status-publish","hentry"],"yoast_head":"<!-- This site is optimized with the Yoast SEO plugin v27.4 - https:\/\/yoast.com\/product\/yoast-seo-wordpress\/ -->\n<title>Sportlov - V\u00e4xj\u00f6 4H-g\u00e5rd<\/title>\n<meta name=\"robots\" content=\"index, follow, max-snippet:-1, max-image-preview:large, max-video-preview:-1\" \/>\n<link rel=\"canonical\" href=\"https:\/\/www.4h.se\/vaxjo\/sportlov\/\" \/>\n<meta property=\"og:locale\" content=\"sv_SE\" \/>\n<meta property=\"og:type\" content=\"article\" \/>\n<meta property=\"og:title\" content=\"Sportlov - V\u00e4xj\u00f6 4H-g\u00e5rd\" \/>\n<meta property=\"og:description\" content=\"[vc_row][vc_column][vc_column_text css=&#8221;&#8221;] L\u00e4ger [\/vc_column_text][\/vc_column][\/vc_row][vc_row css=&#8221;.vc_custom_1724064520238{border-top-width: 5px !important;border-right-width: 5px !important;border-bottom-width: 5px !important;border-left-width: 5px !important;border-left-style: solid !important;border-right-style: solid !important;border-top-style: solid !important;border-bottom-style: solid !important;border-color: #ffffff !important;}&#8221;][vc_column width=&#8221;1\/2&#8243;][vc_column_text css=&#8221;&#8221;] Sportlov\/ nedsl\u00e4ckningsl\u00e4ger \u00c5rets sportlovsl\u00e4ger kommer ha temat Nedsl\u00e4ckning L\u00e4mna mobiler, sk\u00e4rmar och vardagens stress bakom dig och f\u00f6lj med oss p\u00e5 ett unikt \u00e4ventyr, Nedsl\u00e4ckningsl\u00e4ger! Under detta l\u00e4ger ska vi&nbsp; &hellip; Read more\" \/>\n<meta property=\"og:url\" content=\"https:\/\/www.4h.se\/vaxjo\/sportlov\/\" \/>\n<meta property=\"og:site_name\" content=\"V\u00e4xj\u00f6 4H-g\u00e5rd\" \/>\n<meta property=\"article:modified_time\" content=\"2025-03-20T13:20:59+00:00\" \/>\n<meta name=\"twitter:card\" content=\"summary_large_image\" \/>\n<meta name=\"twitter:label1\" content=\"Ber\u00e4knad l\u00e4stid\" \/>\n\t<meta name=\"twitter:data1\" content=\"4 minuter\" \/>\n<script type=\"application\/ld+json\" class=\"yoast-schema-graph\">{\"@context\":\"https:\\\/\\\/schema.org\",\"@graph\":[{\"@type\":\"WebPage\",\"@id\":\"https:\\\/\\\/www.4h.se\\\/vaxjo\\\/sportlov\\\/\",\"url\":\"https:\\\/\\\/www.4h.se\\\/vaxjo\\\/sportlov\\\/\",\"name\":\"Sportlov - V\u00e4xj\u00f6 4H-g\u00e5rd\",\"isPartOf\":{\"@id\":\"https:\\\/\\\/www.4h.se\\\/vaxjo\\\/#website\"},\"datePublished\":\"2017-02-09T09:59:08+00:00\",\"dateModified\":\"2025-03-20T13:20:59+00:00\",\"breadcrumb\":{\"@id\":\"https:\\\/\\\/www.4h.se\\\/vaxjo\\\/sportlov\\\/#breadcrumb\"},\"inLanguage\":\"sv-SE\",\"potentialAction\":[{\"@type\":\"ReadAction\",\"target\":[\"https:\\\/\\\/www.4h.se\\\/vaxjo\\\/sportlov\\\/\"]}]},{\"@type\":\"BreadcrumbList\",\"@id\":\"https:\\\/\\\/www.4h.se\\\/vaxjo\\\/sportlov\\\/#breadcrumb\",\"itemListElement\":[{\"@type\":\"ListItem\",\"position\":1,\"name\":\"Hem\",\"item\":\"https:\\\/\\\/www.4h.se\\\/vaxjo\\\/\"},{\"@type\":\"ListItem\",\"position\":2,\"name\":\"Sportlov\"}]},{\"@type\":\"WebSite\",\"@id\":\"https:\\\/\\\/www.4h.se\\\/vaxjo\\\/#website\",\"url\":\"https:\\\/\\\/www.4h.se\\\/vaxjo\\\/\",\"name\":\"V\u00e4xj\u00f6 4H-g\u00e5rd\",\"description\":\"L\u00e4ra genom att g\u00f6ra\",\"potentialAction\":[{\"@type\":\"SearchAction\",\"target\":{\"@type\":\"EntryPoint\",\"urlTemplate\":\"https:\\\/\\\/www.4h.se\\\/vaxjo\\\/?s={search_term_string}\"},\"query-input\":{\"@type\":\"PropertyValueSpecification\",\"valueRequired\":true,\"valueName\":\"search_term_string\"}}],\"inLanguage\":\"sv-SE\"}]}<\/script>\n<!-- \/ Yoast SEO plugin. -->","yoast_head_json":{"title":"Sportlov - V\u00e4xj\u00f6 4H-g\u00e5rd","robots":{"index":"index","follow":"follow","max-snippet":"max-snippet:-1","max-image-preview":"max-image-preview:large","max-video-preview":"max-video-preview:-1"},"canonical":"https:\/\/www.4h.se\/vaxjo\/sportlov\/","og_locale":"sv_SE","og_type":"article","og_title":"Sportlov - V\u00e4xj\u00f6 4H-g\u00e5rd","og_description":"[vc_row][vc_column][vc_column_text css=&#8221;&#8221;] L\u00e4ger [\/vc_column_text][\/vc_column][\/vc_row][vc_row css=&#8221;.vc_custom_1724064520238{border-top-width: 5px !important;border-right-width: 5px !important;border-bottom-width: 5px !important;border-left-width: 5px !important;border-left-style: solid !important;border-right-style: solid !important;border-top-style: solid !important;border-bottom-style: solid !important;border-color: #ffffff !important;}&#8221;][vc_column width=&#8221;1\/2&#8243;][vc_column_text css=&#8221;&#8221;] Sportlov\/ nedsl\u00e4ckningsl\u00e4ger \u00c5rets sportlovsl\u00e4ger kommer ha temat Nedsl\u00e4ckning L\u00e4mna mobiler, sk\u00e4rmar och vardagens stress bakom dig och f\u00f6lj med oss p\u00e5 ett unikt \u00e4ventyr, Nedsl\u00e4ckningsl\u00e4ger! Under detta l\u00e4ger ska vi&nbsp; &hellip; Read more","og_url":"https:\/\/www.4h.se\/vaxjo\/sportlov\/","og_site_name":"V\u00e4xj\u00f6 4H-g\u00e5rd","article_modified_time":"2025-03-20T13:20:59+00:00","twitter_card":"summary_large_image","twitter_misc":{"Ber\u00e4knad l\u00e4stid":"4 minuter"},"schema":{"@context":"https:\/\/schema.org","@graph":[{"@type":"WebPage","@id":"https:\/\/www.4h.se\/vaxjo\/sportlov\/","url":"https:\/\/www.4h.se\/vaxjo\/sportlov\/","name":"Sportlov - V\u00e4xj\u00f6 4H-g\u00e5rd","isPartOf":{"@id":"https:\/\/www.4h.se\/vaxjo\/#website"},"datePublished":"2017-02-09T09:59:08+00:00","dateModified":"2025-03-20T13:20:59+00:00","breadcrumb":{"@id":"https:\/\/www.4h.se\/vaxjo\/sportlov\/#breadcrumb"},"inLanguage":"sv-SE","potentialAction":[{"@type":"ReadAction","target":["https:\/\/www.4h.se\/vaxjo\/sportlov\/"]}]},{"@type":"BreadcrumbList","@id":"https:\/\/www.4h.se\/vaxjo\/sportlov\/#breadcrumb","itemListElement":[{"@type":"ListItem","position":1,"name":"Hem","item":"https:\/\/www.4h.se\/vaxjo\/"},{"@type":"ListItem","position":2,"name":"Sportlov"}]},{"@type":"WebSite","@id":"https:\/\/www.4h.se\/vaxjo\/#website","url":"https:\/\/www.4h.se\/vaxjo\/","name":"V\u00e4xj\u00f6 4H-g\u00e5rd","description":"L\u00e4ra genom att g\u00f6ra","potentialAction":[{"@type":"SearchAction","target":{"@type":"EntryPoint","urlTemplate":"https:\/\/www.4h.se\/vaxjo\/?s={search_term_string}"},"query-input":{"@type":"PropertyValueSpecification","valueRequired":true,"valueName":"search_term_string"}}],"inLanguage":"sv-SE"}]}},"_links":{"self":[{"href":"https:\/\/www.4h.se\/vaxjo\/wp-json\/wp\/v2\/pages\/441","targetHints":{"allow":["GET"]}}],"collection":[{"href":"https:\/\/www.4h.se\/vaxjo\/wp-json\/wp\/v2\/pages"}],"about":[{"href":"https:\/\/www.4h.se\/vaxjo\/wp-json\/wp\/v2\/types\/page"}],"author":[{"embeddable":true,"href":"https:\/\/www.4h.se\/vaxjo\/wp-json\/wp\/v2\/users\/85"}],"replies":[{"embeddable":true,"href":"https:\/\/www.4h.se\/vaxjo\/wp-json\/wp\/v2\/comments?post=441"}],"version-history":[{"count":0,"href":"https:\/\/www.4h.se\/vaxjo\/wp-json\/wp\/v2\/pages\/441\/revisions"}],"wp:attachment":[{"href":"https:\/\/www.4h.se\/vaxjo\/wp-json\/wp\/v2\/media?parent=441"}],"curies":[{"name":"wp","href":"https:\/\/api.w.org\/{rel}","templated":true}]}}