



{"id":432,"date":"2017-02-07T15:06:21","date_gmt":"2017-02-07T14:06:21","guid":{"rendered":"http:\/\/www.4h.se\/vaxjo\/?page_id=432"},"modified":"2024-08-13T11:43:26","modified_gmt":"2024-08-13T09:43:26","slug":"studiebesok","status":"publish","type":"page","link":"https:\/\/www.4h.se\/vaxjo\/studiebesok\/","title":{"rendered":"Studiebes\u00f6k"},"content":{"rendered":"<div class=\"wpb-content-wrapper\"><p>[vc_row][vc_column][vc_column_text css=&#8221;&#8221;]<\/p>\n<h1 style=\"text-align: center; font-size: clamp(4rem, 4vw, 20rem); overflow-wrap: break-word;\"><span style=\"color: #f1a41e;\">studiebes\u00f6k<\/span><\/h1>\n<p>[\/vc_column_text][vc_column_text css=&#8221;&#8221;]&nbsp;<\/p>\n<p style=\"text-align: center;\"><span style=\"color: #000000;\">Skolor, f\u00f6reningar och andra som vill bes\u00f6ka en g\u00e5rd med djur kan boka studiebes\u00f6k hos oss p\u00e5 V\u00e4xj\u00f6 4H-g\u00e5rd. Skolklasser fr\u00e5n f\u00f6rskola upp till \u00e5rskurs 6 \u00e4r den fr\u00e4msta m\u00e5lgruppen. Genom de aktiviteter vi erbjuder i 4H:s regi uppn\u00e5r ni en del m\u00e5l i skolans l\u00e4roplan. Ni bokar bes\u00f6ket via formul\u00e4r, mail eller telefon.<\/span><\/p>\n<p style=\"text-align: center;\"><strong>Vi \u00e4r \u00f6ppna f\u00f6r att skr\u00e4ddarsy ert studiebes\u00f6k p\u00e5 g\u00e5rden. H\u00f6r d\u00e5 av er till oss p\u00e5 vaxjo@4h.se eller 0760303549.<\/strong><\/p>\n<p>[\/vc_column_text][\/vc_column][\/vc_row][vc_row][vc_column][vc_column_text css=&#8221;&#8221;]<\/p>\n<h2 style=\"text-align: center; font-size: clamp(3rem, 3.5vw, 15rem); overflow-wrap: break-word;\"><span style=\"color: #82c381;\">Boka ditt bes\u00f6k idag<\/span><\/h2>\n<p>[\/vc_column_text][\/vc_column][\/vc_row][vc_row][vc_column width=&#8221;1\/4&#8243;][vc_row_inner][vc_column_inner][vc_single_image image=&#8221;1155&#8243; img_size=&#8221;300&#215;300&#8243; alignment=&#8221;center&#8221; onclick=&#8221;custom_link&#8221; css=&#8221;&#8221; link=&#8221;\/vaxjo\/forskola\/&#8221;][\/vc_column_inner][vc_column_inner][vc_column_text css=&#8221;&#8221;]<\/p>\n<h3 style=\"text-align: center; font-size: clamp(2.5rem, 3vw, 12rem); overflow-wrap: break-word;\"><span style=\"color: #82c381;\">5 &#8211; 6 \u00e5r<\/span><\/h3>\n<p>[\/vc_column_text][\/vc_column_inner][\/vc_row_inner][\/vc_column][vc_column width=&#8221;1\/4&#8243;][vc_row_inner][vc_column_inner][vc_single_image image=&#8221;1101&#8243; img_size=&#8221;300&#215;300&#8243; alignment=&#8221;center&#8221; onclick=&#8221;custom_link&#8221; css=&#8221;&#8221; link=&#8221;\/vaxjo\/arskurs-1-4\/&#8221;][\/vc_column_inner][vc_column_inner][vc_column_text css=&#8221;&#8221;]<\/p>\n<h3 style=\"text-align: center; font-size: clamp(2.5rem, 3vw, 12rem); overflow-wrap: break-word;\"><span style=\"color: #82c381;\">6 &#8211; 10 \u00e5r<\/span><\/h3>\n<p>[\/vc_column_text][\/vc_column_inner][\/vc_row_inner][\/vc_column][vc_column width=&#8221;1\/4&#8243;][vc_row_inner][vc_column_inner][vc_single_image image=&#8221;1365&#8243; img_size=&#8221;300&#215;300&#8243; alignment=&#8221;center&#8221; onclick=&#8221;custom_link&#8221; css=&#8221;&#8221; link=&#8221;\/vaxjo\/arskurs-5-6\/&#8221;][\/vc_column_inner][vc_column_inner][vc_column_text css=&#8221;&#8221;]<\/p>\n<h3 style=\"text-align: center; font-size: clamp(2.5rem, 3vw, 12rem); overflow-wrap: break-word;\"><span style=\"color: #82c381;\">10 &#8211; 12 \u00e5r<\/span><\/h3>\n<p>[\/vc_column_text][\/vc_column_inner][\/vc_row_inner][\/vc_column][vc_column width=&#8221;1\/4&#8243;][vc_row_inner][vc_column_inner][vc_single_image image=&#8221;952&#8243; img_size=&#8221;300&#215;300&#8243; alignment=&#8221;center&#8221; onclick=&#8221;custom_link&#8221; css=&#8221;&#8221; link=&#8221;\/vaxjo\/arskurs-7-9\/&#8221;][\/vc_column_inner][vc_column_inner][vc_column_text css=&#8221;&#8221;]<\/p>\n<h3 style=\"text-align: center; font-size: clamp(2.5rem, 3vw, 12rem); overflow-wrap: break-word;\"><span style=\"color: #82c381;\">12 &#8211; 15 \u00e5r<\/span><\/h3>\n<p>[\/vc_column_text][\/vc_column_inner][\/vc_row_inner][\/vc_column][\/vc_row][vc_row][vc_column width=&#8221;1\/3&#8243; offset=&#8221;vc_hidden-md vc_hidden-sm vc_hidden-xs&#8221;][\/vc_column][vc_column width=&#8221;1\/3&#8243;][vc_row_inner][vc_column_inner][vc_single_image image=&#8221;1227&#8243; img_size=&#8221;large&#8221; alignment=&#8221;center&#8221; onclick=&#8221;custom_link&#8221; css=&#8221;&#8221; link=&#8221;\/vaxjo\/besok-pa-4h\/&#8221;][\/vc_column_inner][vc_column_inner][vc_column_text css=&#8221;&#8221;]<\/p>\n<h3 style=\"text-align: center; font-size: clamp(2.5rem, 3vw, 12rem); overflow-wrap: break-word;\"><span style=\"color: #82c381;\">\u00d6vriga bes\u00f6kare<\/span><\/h3>\n<p>[\/vc_column_text][\/vc_column_inner][\/vc_row_inner][\/vc_column][vc_column width=&#8221;1\/3&#8243; offset=&#8221;vc_hidden-md vc_hidden-sm vc_hidden-xs&#8221;][\/vc_column][\/vc_row]<\/p>\n<\/div>","protected":false},"excerpt":{"rendered":"<p>[vc_row][vc_column][vc_column_text css=&#8221;&#8221;] studiebes\u00f6k [\/vc_column_text][vc_column_text css=&#8221;&#8221;]&nbsp; Skolor, f\u00f6reningar och andra som vill bes\u00f6ka en g\u00e5rd med djur kan boka studiebes\u00f6k hos oss p\u00e5 V\u00e4xj\u00f6 4H-g\u00e5rd. Skolklasser fr\u00e5n f\u00f6rskola upp till \u00e5rskurs 6 \u00e4r den fr\u00e4msta m\u00e5lgruppen. Genom de aktiviteter vi erbjuder i 4H:s regi uppn\u00e5r ni en del m\u00e5l i skolans l\u00e4roplan. Ni bokar bes\u00f6ket via&nbsp; <a href=\"https:\/\/www.4h.se\/vaxjo\/studiebesok\/\">&hellip; Read more <i class=\"glyphicon glyphicon-arrow-right\"><\/i><\/a><\/p>\n","protected":false},"author":85,"featured_media":0,"parent":0,"menu_order":23,"comment_status":"closed","ping_status":"closed","template":"","meta":{"footnotes":""},"class_list":["post-432","page","type-page","status-publish","hentry"],"yoast_head":"<!-- This site is optimized with the Yoast SEO plugin v27.4 - https:\/\/yoast.com\/product\/yoast-seo-wordpress\/ -->\n<title>Studiebes\u00f6k - V\u00e4xj\u00f6 4H-g\u00e5rd<\/title>\n<meta name=\"robots\" content=\"index, follow, max-snippet:-1, max-image-preview:large, max-video-preview:-1\" \/>\n<link rel=\"canonical\" href=\"https:\/\/www.4h.se\/vaxjo\/studiebesok\/\" \/>\n<meta property=\"og:locale\" content=\"sv_SE\" \/>\n<meta property=\"og:type\" content=\"article\" \/>\n<meta property=\"og:title\" content=\"Studiebes\u00f6k - V\u00e4xj\u00f6 4H-g\u00e5rd\" \/>\n<meta property=\"og:description\" content=\"[vc_row][vc_column][vc_column_text css=&#8221;&#8221;] studiebes\u00f6k [\/vc_column_text][vc_column_text css=&#8221;&#8221;]&nbsp; Skolor, f\u00f6reningar och andra som vill bes\u00f6ka en g\u00e5rd med djur kan boka studiebes\u00f6k hos oss p\u00e5 V\u00e4xj\u00f6 4H-g\u00e5rd. Skolklasser fr\u00e5n f\u00f6rskola upp till \u00e5rskurs 6 \u00e4r den fr\u00e4msta m\u00e5lgruppen. Genom de aktiviteter vi erbjuder i 4H:s regi uppn\u00e5r ni en del m\u00e5l i skolans l\u00e4roplan. Ni bokar bes\u00f6ket via&nbsp; &hellip; Read more\" \/>\n<meta property=\"og:url\" content=\"https:\/\/www.4h.se\/vaxjo\/studiebesok\/\" \/>\n<meta property=\"og:site_name\" content=\"V\u00e4xj\u00f6 4H-g\u00e5rd\" \/>\n<meta property=\"article:modified_time\" content=\"2024-08-13T09:43:26+00:00\" \/>\n<meta name=\"twitter:card\" content=\"summary_large_image\" \/>\n<meta name=\"twitter:label1\" content=\"Ber\u00e4knad l\u00e4stid\" \/>\n\t<meta name=\"twitter:data1\" content=\"2 minuter\" \/>\n<script type=\"application\/ld+json\" class=\"yoast-schema-graph\">{\"@context\":\"https:\\\/\\\/schema.org\",\"@graph\":[{\"@type\":\"WebPage\",\"@id\":\"https:\\\/\\\/www.4h.se\\\/vaxjo\\\/studiebesok\\\/\",\"url\":\"https:\\\/\\\/www.4h.se\\\/vaxjo\\\/studiebesok\\\/\",\"name\":\"Studiebes\u00f6k - V\u00e4xj\u00f6 4H-g\u00e5rd\",\"isPartOf\":{\"@id\":\"https:\\\/\\\/www.4h.se\\\/vaxjo\\\/#website\"},\"datePublished\":\"2017-02-07T14:06:21+00:00\",\"dateModified\":\"2024-08-13T09:43:26+00:00\",\"breadcrumb\":{\"@id\":\"https:\\\/\\\/www.4h.se\\\/vaxjo\\\/studiebesok\\\/#breadcrumb\"},\"inLanguage\":\"sv-SE\",\"potentialAction\":[{\"@type\":\"ReadAction\",\"target\":[\"https:\\\/\\\/www.4h.se\\\/vaxjo\\\/studiebesok\\\/\"]}]},{\"@type\":\"BreadcrumbList\",\"@id\":\"https:\\\/\\\/www.4h.se\\\/vaxjo\\\/studiebesok\\\/#breadcrumb\",\"itemListElement\":[{\"@type\":\"ListItem\",\"position\":1,\"name\":\"Hem\",\"item\":\"https:\\\/\\\/www.4h.se\\\/vaxjo\\\/\"},{\"@type\":\"ListItem\",\"position\":2,\"name\":\"Studiebes\u00f6k\"}]},{\"@type\":\"WebSite\",\"@id\":\"https:\\\/\\\/www.4h.se\\\/vaxjo\\\/#website\",\"url\":\"https:\\\/\\\/www.4h.se\\\/vaxjo\\\/\",\"name\":\"V\u00e4xj\u00f6 4H-g\u00e5rd\",\"description\":\"L\u00e4ra genom att g\u00f6ra\",\"potentialAction\":[{\"@type\":\"SearchAction\",\"target\":{\"@type\":\"EntryPoint\",\"urlTemplate\":\"https:\\\/\\\/www.4h.se\\\/vaxjo\\\/?s={search_term_string}\"},\"query-input\":{\"@type\":\"PropertyValueSpecification\",\"valueRequired\":true,\"valueName\":\"search_term_string\"}}],\"inLanguage\":\"sv-SE\"}]}<\/script>\n<!-- \/ Yoast SEO plugin. -->","yoast_head_json":{"title":"Studiebes\u00f6k - V\u00e4xj\u00f6 4H-g\u00e5rd","robots":{"index":"index","follow":"follow","max-snippet":"max-snippet:-1","max-image-preview":"max-image-preview:large","max-video-preview":"max-video-preview:-1"},"canonical":"https:\/\/www.4h.se\/vaxjo\/studiebesok\/","og_locale":"sv_SE","og_type":"article","og_title":"Studiebes\u00f6k - V\u00e4xj\u00f6 4H-g\u00e5rd","og_description":"[vc_row][vc_column][vc_column_text css=&#8221;&#8221;] studiebes\u00f6k [\/vc_column_text][vc_column_text css=&#8221;&#8221;]&nbsp; Skolor, f\u00f6reningar och andra som vill bes\u00f6ka en g\u00e5rd med djur kan boka studiebes\u00f6k hos oss p\u00e5 V\u00e4xj\u00f6 4H-g\u00e5rd. Skolklasser fr\u00e5n f\u00f6rskola upp till \u00e5rskurs 6 \u00e4r den fr\u00e4msta m\u00e5lgruppen. Genom de aktiviteter vi erbjuder i 4H:s regi uppn\u00e5r ni en del m\u00e5l i skolans l\u00e4roplan. Ni bokar bes\u00f6ket via&nbsp; &hellip; Read more","og_url":"https:\/\/www.4h.se\/vaxjo\/studiebesok\/","og_site_name":"V\u00e4xj\u00f6 4H-g\u00e5rd","article_modified_time":"2024-08-13T09:43:26+00:00","twitter_card":"summary_large_image","twitter_misc":{"Ber\u00e4knad l\u00e4stid":"2 minuter"},"schema":{"@context":"https:\/\/schema.org","@graph":[{"@type":"WebPage","@id":"https:\/\/www.4h.se\/vaxjo\/studiebesok\/","url":"https:\/\/www.4h.se\/vaxjo\/studiebesok\/","name":"Studiebes\u00f6k - V\u00e4xj\u00f6 4H-g\u00e5rd","isPartOf":{"@id":"https:\/\/www.4h.se\/vaxjo\/#website"},"datePublished":"2017-02-07T14:06:21+00:00","dateModified":"2024-08-13T09:43:26+00:00","breadcrumb":{"@id":"https:\/\/www.4h.se\/vaxjo\/studiebesok\/#breadcrumb"},"inLanguage":"sv-SE","potentialAction":[{"@type":"ReadAction","target":["https:\/\/www.4h.se\/vaxjo\/studiebesok\/"]}]},{"@type":"BreadcrumbList","@id":"https:\/\/www.4h.se\/vaxjo\/studiebesok\/#breadcrumb","itemListElement":[{"@type":"ListItem","position":1,"name":"Hem","item":"https:\/\/www.4h.se\/vaxjo\/"},{"@type":"ListItem","position":2,"name":"Studiebes\u00f6k"}]},{"@type":"WebSite","@id":"https:\/\/www.4h.se\/vaxjo\/#website","url":"https:\/\/www.4h.se\/vaxjo\/","name":"V\u00e4xj\u00f6 4H-g\u00e5rd","description":"L\u00e4ra genom att g\u00f6ra","potentialAction":[{"@type":"SearchAction","target":{"@type":"EntryPoint","urlTemplate":"https:\/\/www.4h.se\/vaxjo\/?s={search_term_string}"},"query-input":{"@type":"PropertyValueSpecification","valueRequired":true,"valueName":"search_term_string"}}],"inLanguage":"sv-SE"}]}},"_links":{"self":[{"href":"https:\/\/www.4h.se\/vaxjo\/wp-json\/wp\/v2\/pages\/432","targetHints":{"allow":["GET"]}}],"collection":[{"href":"https:\/\/www.4h.se\/vaxjo\/wp-json\/wp\/v2\/pages"}],"about":[{"href":"https:\/\/www.4h.se\/vaxjo\/wp-json\/wp\/v2\/types\/page"}],"author":[{"embeddable":true,"href":"https:\/\/www.4h.se\/vaxjo\/wp-json\/wp\/v2\/users\/85"}],"replies":[{"embeddable":true,"href":"https:\/\/www.4h.se\/vaxjo\/wp-json\/wp\/v2\/comments?post=432"}],"version-history":[{"count":0,"href":"https:\/\/www.4h.se\/vaxjo\/wp-json\/wp\/v2\/pages\/432\/revisions"}],"wp:attachment":[{"href":"https:\/\/www.4h.se\/vaxjo\/wp-json\/wp\/v2\/media?parent=432"}],"curies":[{"name":"wp","href":"https:\/\/api.w.org\/{rel}","templated":true}]}}