



{"id":246,"date":"2015-05-15T20:17:33","date_gmt":"2015-05-15T18:17:33","guid":{"rendered":"http:\/\/www.4h.se\/rix16\/?page_id=246"},"modified":"2017-12-06T00:03:20","modified_gmt":"2017-12-05T23:03:20","slug":"aktiviteter","status":"publish","type":"page","link":"https:\/\/www.4h.se\/vaxjo\/aktiviteter\/","title":{"rendered":"Aktiviteter"},"content":{"rendered":"<div class=\"wpb-content-wrapper\"><p>[vc_row][vc_column][\/vc_column][\/vc_row][vc_row][vc_column][vc_separator border_width=&#8221;2&#8243;][\/vc_column][\/vc_row][vc_row][vc_column][\/vc_column][\/vc_row]<\/p>\n<\/div>","protected":false},"excerpt":{"rendered":"<p>[vc_row][vc_column][\/vc_column][\/vc_row][vc_row][vc_column][vc_separator border_width=&#8221;2&#8243;][\/vc_column][\/vc_row][vc_row][vc_column][\/vc_column][\/vc_row]<\/p>\n","protected":false},"author":1,"featured_media":0,"parent":0,"menu_order":38,"comment_status":"closed","ping_status":"closed","template":"","meta":{"footnotes":""},"class_list":["post-246","page","type-page","status-publish","hentry"],"yoast_head":"<!-- This site is optimized with the Yoast SEO plugin v27.4 - https:\/\/yoast.com\/product\/yoast-seo-wordpress\/ -->\n<title>Aktiviteter - V\u00e4xj\u00f6 4H-g\u00e5rd<\/title>\n<meta name=\"robots\" content=\"index, follow, max-snippet:-1, max-image-preview:large, max-video-preview:-1\" \/>\n<link rel=\"canonical\" href=\"https:\/\/www.4h.se\/vaxjo\/aktiviteter\/\" \/>\n<meta property=\"og:locale\" content=\"sv_SE\" \/>\n<meta property=\"og:type\" content=\"article\" \/>\n<meta property=\"og:title\" content=\"Aktiviteter - V\u00e4xj\u00f6 4H-g\u00e5rd\" \/>\n<meta property=\"og:description\" content=\"[vc_row][vc_column][\/vc_column][\/vc_row][vc_row][vc_column][vc_separator border_width=&#8221;2&#8243;][\/vc_column][\/vc_row][vc_row][vc_column][\/vc_column][\/vc_row]\" \/>\n<meta property=\"og:url\" content=\"https:\/\/www.4h.se\/vaxjo\/aktiviteter\/\" \/>\n<meta property=\"og:site_name\" content=\"V\u00e4xj\u00f6 4H-g\u00e5rd\" \/>\n<meta property=\"article:modified_time\" content=\"2017-12-05T23:03:20+00:00\" \/>\n<meta name=\"twitter:card\" content=\"summary_large_image\" \/>\n<script type=\"application\/ld+json\" class=\"yoast-schema-graph\">{\"@context\":\"https:\\\/\\\/schema.org\",\"@graph\":[{\"@type\":\"WebPage\",\"@id\":\"https:\\\/\\\/www.4h.se\\\/vaxjo\\\/aktiviteter\\\/\",\"url\":\"https:\\\/\\\/www.4h.se\\\/vaxjo\\\/aktiviteter\\\/\",\"name\":\"Aktiviteter - V\u00e4xj\u00f6 4H-g\u00e5rd\",\"isPartOf\":{\"@id\":\"https:\\\/\\\/www.4h.se\\\/vaxjo\\\/#website\"},\"datePublished\":\"2015-05-15T18:17:33+00:00\",\"dateModified\":\"2017-12-05T23:03:20+00:00\",\"breadcrumb\":{\"@id\":\"https:\\\/\\\/www.4h.se\\\/vaxjo\\\/aktiviteter\\\/#breadcrumb\"},\"inLanguage\":\"sv-SE\",\"potentialAction\":[{\"@type\":\"ReadAction\",\"target\":[\"https:\\\/\\\/www.4h.se\\\/vaxjo\\\/aktiviteter\\\/\"]}]},{\"@type\":\"BreadcrumbList\",\"@id\":\"https:\\\/\\\/www.4h.se\\\/vaxjo\\\/aktiviteter\\\/#breadcrumb\",\"itemListElement\":[{\"@type\":\"ListItem\",\"position\":1,\"name\":\"Hem\",\"item\":\"https:\\\/\\\/www.4h.se\\\/vaxjo\\\/\"},{\"@type\":\"ListItem\",\"position\":2,\"name\":\"Aktiviteter\"}]},{\"@type\":\"WebSite\",\"@id\":\"https:\\\/\\\/www.4h.se\\\/vaxjo\\\/#website\",\"url\":\"https:\\\/\\\/www.4h.se\\\/vaxjo\\\/\",\"name\":\"V\u00e4xj\u00f6 4H-g\u00e5rd\",\"description\":\"L\u00e4ra genom att g\u00f6ra\",\"potentialAction\":[{\"@type\":\"SearchAction\",\"target\":{\"@type\":\"EntryPoint\",\"urlTemplate\":\"https:\\\/\\\/www.4h.se\\\/vaxjo\\\/?s={search_term_string}\"},\"query-input\":{\"@type\":\"PropertyValueSpecification\",\"valueRequired\":true,\"valueName\":\"search_term_string\"}}],\"inLanguage\":\"sv-SE\"}]}<\/script>\n<!-- \/ Yoast SEO plugin. -->","yoast_head_json":{"title":"Aktiviteter - V\u00e4xj\u00f6 4H-g\u00e5rd","robots":{"index":"index","follow":"follow","max-snippet":"max-snippet:-1","max-image-preview":"max-image-preview:large","max-video-preview":"max-video-preview:-1"},"canonical":"https:\/\/www.4h.se\/vaxjo\/aktiviteter\/","og_locale":"sv_SE","og_type":"article","og_title":"Aktiviteter - V\u00e4xj\u00f6 4H-g\u00e5rd","og_description":"[vc_row][vc_column][\/vc_column][\/vc_row][vc_row][vc_column][vc_separator border_width=&#8221;2&#8243;][\/vc_column][\/vc_row][vc_row][vc_column][\/vc_column][\/vc_row]","og_url":"https:\/\/www.4h.se\/vaxjo\/aktiviteter\/","og_site_name":"V\u00e4xj\u00f6 4H-g\u00e5rd","article_modified_time":"2017-12-05T23:03:20+00:00","twitter_card":"summary_large_image","schema":{"@context":"https:\/\/schema.org","@graph":[{"@type":"WebPage","@id":"https:\/\/www.4h.se\/vaxjo\/aktiviteter\/","url":"https:\/\/www.4h.se\/vaxjo\/aktiviteter\/","name":"Aktiviteter - V\u00e4xj\u00f6 4H-g\u00e5rd","isPartOf":{"@id":"https:\/\/www.4h.se\/vaxjo\/#website"},"datePublished":"2015-05-15T18:17:33+00:00","dateModified":"2017-12-05T23:03:20+00:00","breadcrumb":{"@id":"https:\/\/www.4h.se\/vaxjo\/aktiviteter\/#breadcrumb"},"inLanguage":"sv-SE","potentialAction":[{"@type":"ReadAction","target":["https:\/\/www.4h.se\/vaxjo\/aktiviteter\/"]}]},{"@type":"BreadcrumbList","@id":"https:\/\/www.4h.se\/vaxjo\/aktiviteter\/#breadcrumb","itemListElement":[{"@type":"ListItem","position":1,"name":"Hem","item":"https:\/\/www.4h.se\/vaxjo\/"},{"@type":"ListItem","position":2,"name":"Aktiviteter"}]},{"@type":"WebSite","@id":"https:\/\/www.4h.se\/vaxjo\/#website","url":"https:\/\/www.4h.se\/vaxjo\/","name":"V\u00e4xj\u00f6 4H-g\u00e5rd","description":"L\u00e4ra genom att g\u00f6ra","potentialAction":[{"@type":"SearchAction","target":{"@type":"EntryPoint","urlTemplate":"https:\/\/www.4h.se\/vaxjo\/?s={search_term_string}"},"query-input":{"@type":"PropertyValueSpecification","valueRequired":true,"valueName":"search_term_string"}}],"inLanguage":"sv-SE"}]}},"_links":{"self":[{"href":"https:\/\/www.4h.se\/vaxjo\/wp-json\/wp\/v2\/pages\/246","targetHints":{"allow":["GET"]}}],"collection":[{"href":"https:\/\/www.4h.se\/vaxjo\/wp-json\/wp\/v2\/pages"}],"about":[{"href":"https:\/\/www.4h.se\/vaxjo\/wp-json\/wp\/v2\/types\/page"}],"author":[{"embeddable":true,"href":"https:\/\/www.4h.se\/vaxjo\/wp-json\/wp\/v2\/users\/1"}],"replies":[{"embeddable":true,"href":"https:\/\/www.4h.se\/vaxjo\/wp-json\/wp\/v2\/comments?post=246"}],"version-history":[{"count":0,"href":"https:\/\/www.4h.se\/vaxjo\/wp-json\/wp\/v2\/pages\/246\/revisions"}],"wp:attachment":[{"href":"https:\/\/www.4h.se\/vaxjo\/wp-json\/wp\/v2\/media?parent=246"}],"curies":[{"name":"wp","href":"https:\/\/api.w.org\/{rel}","templated":true}]}}