



{"id":1241,"date":"2022-12-08T11:17:51","date_gmt":"2022-12-08T10:17:51","guid":{"rendered":"https:\/\/www.4h.se\/vaxjo\/?page_id=1241"},"modified":"2025-06-10T13:14:38","modified_gmt":"2025-06-10T11:14:38","slug":"arskurs-7-9","status":"publish","type":"page","link":"https:\/\/www.4h.se\/vaxjo\/arskurs-7-9\/","title":{"rendered":"\u00c5rskurs 7 &#8211; 9"},"content":{"rendered":"<div class=\"wpb-content-wrapper\"><p>[vc_row][vc_column][vc_column_text css=&#8221;&#8221;]<\/p>\n<h1 style=\"text-align: center; font-size: clamp(4rem, 4vw, 20rem); overflow-wrap: break-word;\"><span style=\"color: #f1a41e;\">Studiebes\u00f6k \u00e5rskurs 7 &#8211; 9<\/span><\/h1>\n<p>[\/vc_column_text][\/vc_column][\/vc_row][vc_row][vc_column width=&#8221;2\/3&#8243;][vc_column_text css=&#8221;&#8221;]<\/p>\n<h4 style=\"font-size: clamp(2rem, 2.5vw, 10rem); overflow-wrap: break-word; text-align: left;\"><span style=\"color: #82c381;\">Djurguidning<\/span><\/h4>\n<p>Ni f\u00e5r en rundtur p\u00e5 g\u00e5rden och h\u00e4lsa p\u00e5 djuren. Personalen ber\u00e4ttar om de olika djurslag, vad de beh\u00f6ver f\u00f6r att m\u00e5 bra\u00a0och hur berikning spelar en stor roll. Vi g\u00e5r igenom n\u00e5gra svenska lantraser, djuren f\u00e5r klappas och vi pratar om djur som leverant\u00f6r f\u00f6r olika produkter. \u00c4ven v\u00e4xelbetets betydelse\u00a0f\u00f6r milj\u00f6n tematiseras.<\/p>\n<p>Bes\u00f6ket tar ca 45 minuter<\/p>\n<p><strong>Pris:<\/strong> 400kr \/ max 15 ungdomar<\/p>\n<h6 style=\"font-size: clamp(1rem, 1.5vw, 6rem); overflow-wrap: break-word;\"><span style=\"color: #82c381;\">Koppling till LGR 22: <\/span><\/h6>\n<p><strong>Normer och V\u00e4rden:<\/strong><\/p>\n<ul>\n<li>Visar respekt f\u00f6r och omsorg om s\u00e5v\u00e4l n\u00e4rmilj\u00f6n som milj\u00f6n i ett vidare perspektiv<\/li>\n<\/ul>\n<p><strong>Idrott och h\u00e4lsa:<\/strong><\/p>\n<ul>\n<li>Unders\u00f6kande av m\u00f6jligheter till daglig r\u00f6relse och n\u00e4rmilj\u00f6n.<\/li>\n<\/ul>\n<p><strong>Biologi:\u00a0<\/strong><\/p>\n<ul>\n<li>M\u00e4nniskans p\u00e5verkan p\u00e5 naturen lokalt och globalt samt hur man p\u00e5 individ- och sammh\u00e4llsniv\u00e5 kan fr\u00e4mja h\u00e5llbar utvkeckling. Betydelsen av biologisk m\u00e5ngfald och ekosystemtj\u00e4nster.<\/li>\n<\/ul>\n<p>[\/vc_column_text][\/vc_column][vc_column width=&#8221;1\/3&#8243;][vc_row_inner][vc_column_inner][vc_single_image image=&#8221;1294&#8243; img_size=&#8221;large&#8221; alignment=&#8221;center&#8221; css=&#8221;&#8221;][\/vc_column_inner][\/vc_row_inner][\/vc_column][\/vc_row][vc_row][vc_column][vc_separator color=&#8221;custom&#8221; border_width=&#8221;3&#8243; accent_color=&#8221;#006340&#8243;][vc_column_text css=&#8221;&#8221;]<\/p>\n<h6 style=\"text-align: center; font-size: clamp(1rem, 1.5vw, 6rem); overflow-wrap: break-word;\"><span style=\"color: #f1a41e;\">Ni kan \u00e4ven k\u00f6pa till<\/span><\/h6>\n<p style=\"text-align: center;\">Grillplatsen, 100 kr. Ved ing\u00e5r<\/p>\n<p>[\/vc_column_text][vc_btn title=&#8221;BOKA NU&#8221; style=&#8221;classic&#8221; shape=&#8221;square&#8221; color=&#8221;primary&#8221; size=&#8221;lg&#8221; align=&#8221;center&#8221; css=&#8221;&#8221; link=&#8221;url:https%3A%2F%2Fwww.4h.se%2Fvaxjo%2Fbokning-studiebesok%2F|title:Bokning%20Studiebes%C3%B6k|target:_blank&#8221;][\/vc_column][\/vc_row]<\/p>\n<\/div>","protected":false},"excerpt":{"rendered":"<p>[vc_row][vc_column][vc_column_text css=&#8221;&#8221;] Studiebes\u00f6k \u00e5rskurs 7 &#8211; 9 [\/vc_column_text][\/vc_column][\/vc_row][vc_row][vc_column width=&#8221;2\/3&#8243;][vc_column_text css=&#8221;&#8221;] Djurguidning Ni f\u00e5r en rundtur p\u00e5 g\u00e5rden och h\u00e4lsa p\u00e5 djuren. Personalen ber\u00e4ttar om de olika djurslag, vad de beh\u00f6ver f\u00f6r att m\u00e5 bra\u00a0och hur berikning spelar en stor roll. Vi g\u00e5r igenom n\u00e5gra svenska lantraser, djuren f\u00e5r klappas och vi pratar om djur som&nbsp; <a href=\"https:\/\/www.4h.se\/vaxjo\/arskurs-7-9\/\">&hellip; Read more <i class=\"glyphicon glyphicon-arrow-right\"><\/i><\/a><\/p>\n","protected":false},"author":229,"featured_media":0,"parent":0,"menu_order":0,"comment_status":"closed","ping_status":"closed","template":"","meta":{"footnotes":""},"class_list":["post-1241","page","type-page","status-publish","hentry"],"yoast_head":"<!-- This site is optimized with the Yoast SEO plugin v27.4 - https:\/\/yoast.com\/product\/yoast-seo-wordpress\/ -->\n<title>\u00c5rskurs 7 - 9 - V\u00e4xj\u00f6 4H-g\u00e5rd<\/title>\n<meta name=\"robots\" content=\"index, follow, max-snippet:-1, max-image-preview:large, max-video-preview:-1\" \/>\n<link rel=\"canonical\" href=\"https:\/\/www.4h.se\/vaxjo\/arskurs-7-9\/\" \/>\n<meta property=\"og:locale\" content=\"sv_SE\" \/>\n<meta property=\"og:type\" content=\"article\" \/>\n<meta property=\"og:title\" content=\"\u00c5rskurs 7 - 9 - V\u00e4xj\u00f6 4H-g\u00e5rd\" \/>\n<meta property=\"og:description\" content=\"[vc_row][vc_column][vc_column_text css=&#8221;&#8221;] Studiebes\u00f6k \u00e5rskurs 7 &#8211; 9 [\/vc_column_text][\/vc_column][\/vc_row][vc_row][vc_column width=&#8221;2\/3&#8243;][vc_column_text css=&#8221;&#8221;] Djurguidning Ni f\u00e5r en rundtur p\u00e5 g\u00e5rden och h\u00e4lsa p\u00e5 djuren. Personalen ber\u00e4ttar om de olika djurslag, vad de beh\u00f6ver f\u00f6r att m\u00e5 bra\u00a0och hur berikning spelar en stor roll. Vi g\u00e5r igenom n\u00e5gra svenska lantraser, djuren f\u00e5r klappas och vi pratar om djur som&nbsp; &hellip; Read more\" \/>\n<meta property=\"og:url\" content=\"https:\/\/www.4h.se\/vaxjo\/arskurs-7-9\/\" \/>\n<meta property=\"og:site_name\" content=\"V\u00e4xj\u00f6 4H-g\u00e5rd\" \/>\n<meta property=\"article:modified_time\" content=\"2025-06-10T11:14:38+00:00\" \/>\n<meta name=\"twitter:card\" content=\"summary_large_image\" \/>\n<script type=\"application\/ld+json\" class=\"yoast-schema-graph\">{\"@context\":\"https:\\\/\\\/schema.org\",\"@graph\":[{\"@type\":\"WebPage\",\"@id\":\"https:\\\/\\\/www.4h.se\\\/vaxjo\\\/arskurs-7-9\\\/\",\"url\":\"https:\\\/\\\/www.4h.se\\\/vaxjo\\\/arskurs-7-9\\\/\",\"name\":\"\u00c5rskurs 7 - 9 - V\u00e4xj\u00f6 4H-g\u00e5rd\",\"isPartOf\":{\"@id\":\"https:\\\/\\\/www.4h.se\\\/vaxjo\\\/#website\"},\"datePublished\":\"2022-12-08T10:17:51+00:00\",\"dateModified\":\"2025-06-10T11:14:38+00:00\",\"breadcrumb\":{\"@id\":\"https:\\\/\\\/www.4h.se\\\/vaxjo\\\/arskurs-7-9\\\/#breadcrumb\"},\"inLanguage\":\"sv-SE\",\"potentialAction\":[{\"@type\":\"ReadAction\",\"target\":[\"https:\\\/\\\/www.4h.se\\\/vaxjo\\\/arskurs-7-9\\\/\"]}]},{\"@type\":\"BreadcrumbList\",\"@id\":\"https:\\\/\\\/www.4h.se\\\/vaxjo\\\/arskurs-7-9\\\/#breadcrumb\",\"itemListElement\":[{\"@type\":\"ListItem\",\"position\":1,\"name\":\"Hem\",\"item\":\"https:\\\/\\\/www.4h.se\\\/vaxjo\\\/\"},{\"@type\":\"ListItem\",\"position\":2,\"name\":\"\u00c5rskurs 7 &#8211; 9\"}]},{\"@type\":\"WebSite\",\"@id\":\"https:\\\/\\\/www.4h.se\\\/vaxjo\\\/#website\",\"url\":\"https:\\\/\\\/www.4h.se\\\/vaxjo\\\/\",\"name\":\"V\u00e4xj\u00f6 4H-g\u00e5rd\",\"description\":\"L\u00e4ra genom att g\u00f6ra\",\"potentialAction\":[{\"@type\":\"SearchAction\",\"target\":{\"@type\":\"EntryPoint\",\"urlTemplate\":\"https:\\\/\\\/www.4h.se\\\/vaxjo\\\/?s={search_term_string}\"},\"query-input\":{\"@type\":\"PropertyValueSpecification\",\"valueRequired\":true,\"valueName\":\"search_term_string\"}}],\"inLanguage\":\"sv-SE\"}]}<\/script>\n<!-- \/ Yoast SEO plugin. -->","yoast_head_json":{"title":"\u00c5rskurs 7 - 9 - V\u00e4xj\u00f6 4H-g\u00e5rd","robots":{"index":"index","follow":"follow","max-snippet":"max-snippet:-1","max-image-preview":"max-image-preview:large","max-video-preview":"max-video-preview:-1"},"canonical":"https:\/\/www.4h.se\/vaxjo\/arskurs-7-9\/","og_locale":"sv_SE","og_type":"article","og_title":"\u00c5rskurs 7 - 9 - V\u00e4xj\u00f6 4H-g\u00e5rd","og_description":"[vc_row][vc_column][vc_column_text css=&#8221;&#8221;] Studiebes\u00f6k \u00e5rskurs 7 &#8211; 9 [\/vc_column_text][\/vc_column][\/vc_row][vc_row][vc_column width=&#8221;2\/3&#8243;][vc_column_text css=&#8221;&#8221;] Djurguidning Ni f\u00e5r en rundtur p\u00e5 g\u00e5rden och h\u00e4lsa p\u00e5 djuren. Personalen ber\u00e4ttar om de olika djurslag, vad de beh\u00f6ver f\u00f6r att m\u00e5 bra\u00a0och hur berikning spelar en stor roll. Vi g\u00e5r igenom n\u00e5gra svenska lantraser, djuren f\u00e5r klappas och vi pratar om djur som&nbsp; &hellip; Read more","og_url":"https:\/\/www.4h.se\/vaxjo\/arskurs-7-9\/","og_site_name":"V\u00e4xj\u00f6 4H-g\u00e5rd","article_modified_time":"2025-06-10T11:14:38+00:00","twitter_card":"summary_large_image","schema":{"@context":"https:\/\/schema.org","@graph":[{"@type":"WebPage","@id":"https:\/\/www.4h.se\/vaxjo\/arskurs-7-9\/","url":"https:\/\/www.4h.se\/vaxjo\/arskurs-7-9\/","name":"\u00c5rskurs 7 - 9 - V\u00e4xj\u00f6 4H-g\u00e5rd","isPartOf":{"@id":"https:\/\/www.4h.se\/vaxjo\/#website"},"datePublished":"2022-12-08T10:17:51+00:00","dateModified":"2025-06-10T11:14:38+00:00","breadcrumb":{"@id":"https:\/\/www.4h.se\/vaxjo\/arskurs-7-9\/#breadcrumb"},"inLanguage":"sv-SE","potentialAction":[{"@type":"ReadAction","target":["https:\/\/www.4h.se\/vaxjo\/arskurs-7-9\/"]}]},{"@type":"BreadcrumbList","@id":"https:\/\/www.4h.se\/vaxjo\/arskurs-7-9\/#breadcrumb","itemListElement":[{"@type":"ListItem","position":1,"name":"Hem","item":"https:\/\/www.4h.se\/vaxjo\/"},{"@type":"ListItem","position":2,"name":"\u00c5rskurs 7 &#8211; 9"}]},{"@type":"WebSite","@id":"https:\/\/www.4h.se\/vaxjo\/#website","url":"https:\/\/www.4h.se\/vaxjo\/","name":"V\u00e4xj\u00f6 4H-g\u00e5rd","description":"L\u00e4ra genom att g\u00f6ra","potentialAction":[{"@type":"SearchAction","target":{"@type":"EntryPoint","urlTemplate":"https:\/\/www.4h.se\/vaxjo\/?s={search_term_string}"},"query-input":{"@type":"PropertyValueSpecification","valueRequired":true,"valueName":"search_term_string"}}],"inLanguage":"sv-SE"}]}},"_links":{"self":[{"href":"https:\/\/www.4h.se\/vaxjo\/wp-json\/wp\/v2\/pages\/1241","targetHints":{"allow":["GET"]}}],"collection":[{"href":"https:\/\/www.4h.se\/vaxjo\/wp-json\/wp\/v2\/pages"}],"about":[{"href":"https:\/\/www.4h.se\/vaxjo\/wp-json\/wp\/v2\/types\/page"}],"author":[{"embeddable":true,"href":"https:\/\/www.4h.se\/vaxjo\/wp-json\/wp\/v2\/users\/229"}],"replies":[{"embeddable":true,"href":"https:\/\/www.4h.se\/vaxjo\/wp-json\/wp\/v2\/comments?post=1241"}],"version-history":[{"count":0,"href":"https:\/\/www.4h.se\/vaxjo\/wp-json\/wp\/v2\/pages\/1241\/revisions"}],"wp:attachment":[{"href":"https:\/\/www.4h.se\/vaxjo\/wp-json\/wp\/v2\/media?parent=1241"}],"curies":[{"name":"wp","href":"https:\/\/api.w.org\/{rel}","templated":true}]}}