



{"id":1224,"date":"2022-11-07T13:08:46","date_gmt":"2022-11-07T12:08:46","guid":{"rendered":"https:\/\/www.4h.se\/vaxjo\/?page_id=1224"},"modified":"2022-11-07T14:10:59","modified_gmt":"2022-11-07T13:10:59","slug":"gotlandsruss","status":"publish","type":"page","link":"https:\/\/www.4h.se\/vaxjo\/gotlandsruss\/","title":{"rendered":"Gotlandsruss"},"content":{"rendered":"<div class=\"wpb-content-wrapper\"><p>[vc_row][vc_column][vc_column_text]<\/p>\n<h1 style=\"text-align: center\"><span style=\"color: #006340\">Gotlandsruss<\/span><\/h1>\n<p>&nbsp;<\/p>\n<h4>L\u00e4nge har v\u00e5r fina Gotlandsruss Agge varit g\u00e5rdens hj\u00e4rta och n\u00e4r han dog 2022 blev b\u00e5de bes\u00f6kare och personalen v\u00e4ldigt ledsna. Det g\u00e5r s\u00e5 klart inte att ers\u00e4tta Agge men den svenska lantrasen ville vi forts\u00e4tta att ha p\u00e5 v\u00e5r g\u00e5rd. Nu bor Kiwi, en ung och vacker sto, hos oss och kommer f\u00f6rhoppningsvis vara mycket omtyckt hos barn och vuxna.<\/h4>\n<p>[\/vc_column_text][\/vc_column][\/vc_row][vc_row][vc_column width=&#8221;1\/2&#8243;][vc_single_image image=&#8221;1038&#8243; img_size=&#8221;4168 \u00d7 2651&#8243;][\/vc_column][vc_column width=&#8221;1\/2&#8243;][vc_column_text]<\/p>\n<h3><span style=\"color: #006340\">Fakta om\u00a0gotlandsruss<\/span><\/h3>\n<p>&nbsp;<\/p>\n<p><strong>Latinsk namn:\u00a0<\/strong>Equus caballus<\/p>\n<p><strong>Ordning:\u00a0<\/strong>Uddat\u00e5iga hovdjur<\/p>\n<p><strong>Familj: <\/strong>H\u00e4stdjur<\/p>\n<p><strong>Vikt:<\/strong><span style=\"color: #000000\">\u00a0300 &#8211; 400kg<\/span><\/p>\n<p><strong>F\u00f6da: <\/strong>V\u00e4xter<\/p>\n<p><strong>\u00c5lder: <\/strong>20 &#8211; 25 \u00e5r[\/vc_column_text][\/vc_column][\/vc_row][vc_row][vc_column width=&#8221;1\/2&#8243;][vc_column_text]<\/p>\n<h3><span style=\"color: #006340\">M\u00e5nga talanger<\/span><\/h3>\n<p>Gotlandsrusset har funnits p\u00e5 Gotland sedan j\u00e4rn\u00e5ldern och \u00e4r en mycket gammal h\u00e4stras. F\u00f6rr i tiden anv\u00e4ndes Gotlandsrussen ofta som dragh\u00e4st inom lantbruk. Rasen \u00e4r \u00e4ven k\u00e4nt att vara bra travh\u00e4star p\u00e5 grund av sin snabba och energiska trav. Idag \u00e4r russet en popul\u00e4r ridh\u00e4st f\u00f6r barn. P\u00e5 Gotland lever fortfarande halvvilda h\u00e4star i flock.[\/vc_column_text][\/vc_column][vc_column width=&#8221;1\/2&#8243;][vc_single_image image=&#8221;1225&#8243; img_size=&#8221; 3872 \u00d7 2592&#8243;][\/vc_column][\/vc_row][vc_row][vc_column][vc_separator color=&#8221;custom&#8221; border_width=&#8221;3&#8243; accent_color=&#8221;#006340&#8243;][\/vc_column][\/vc_row][vc_row][vc_column][vc_column_text]<\/p>\n<h3 style=\"text-align: center\"><span style=\"color: #006340\">V\u00e5rt gotlandsruss:<\/span><\/h3>\n<p>[\/vc_column_text][\/vc_column][\/vc_row][vc_row][vc_column width=&#8221;1\/3&#8243;][\/vc_column][vc_column width=&#8221;1\/3&#8243;][vc_single_image image=&#8221;1205&#8243; img_size=&#8221;300&#215;200&#8243;][vc_column_text]<\/p>\n<p style=\"text-align: center\"><em>Kiwi<\/em><\/p>\n<p>[\/vc_column_text][\/vc_column][vc_column width=&#8221;1\/3&#8243;][\/vc_column][\/vc_row]<\/p>\n<\/div>","protected":false},"excerpt":{"rendered":"<p>[vc_row][vc_column][vc_column_text] Gotlandsruss &nbsp; L\u00e4nge har v\u00e5r fina Gotlandsruss Agge varit g\u00e5rdens hj\u00e4rta och n\u00e4r han dog 2022 blev b\u00e5de bes\u00f6kare och personalen v\u00e4ldigt ledsna. Det g\u00e5r s\u00e5 klart inte att ers\u00e4tta Agge men den svenska lantrasen ville vi forts\u00e4tta att ha p\u00e5 v\u00e5r g\u00e5rd. Nu bor Kiwi, en ung och vacker sto, hos oss och&nbsp; <a href=\"https:\/\/www.4h.se\/vaxjo\/gotlandsruss\/\">&hellip; Read more <i class=\"glyphicon glyphicon-arrow-right\"><\/i><\/a><\/p>\n","protected":false},"author":229,"featured_media":0,"parent":0,"menu_order":0,"comment_status":"closed","ping_status":"closed","template":"","meta":{"footnotes":""},"class_list":["post-1224","page","type-page","status-publish","hentry"],"yoast_head":"<!-- This site is optimized with the Yoast SEO plugin v27.4 - https:\/\/yoast.com\/product\/yoast-seo-wordpress\/ -->\n<title>Gotlandsruss - V\u00e4xj\u00f6 4H-g\u00e5rd<\/title>\n<meta name=\"robots\" content=\"index, follow, max-snippet:-1, max-image-preview:large, max-video-preview:-1\" \/>\n<link rel=\"canonical\" href=\"https:\/\/www.4h.se\/vaxjo\/gotlandsruss\/\" \/>\n<meta property=\"og:locale\" content=\"sv_SE\" \/>\n<meta property=\"og:type\" content=\"article\" \/>\n<meta property=\"og:title\" content=\"Gotlandsruss - V\u00e4xj\u00f6 4H-g\u00e5rd\" \/>\n<meta property=\"og:description\" content=\"[vc_row][vc_column][vc_column_text] Gotlandsruss &nbsp; L\u00e4nge har v\u00e5r fina Gotlandsruss Agge varit g\u00e5rdens hj\u00e4rta och n\u00e4r han dog 2022 blev b\u00e5de bes\u00f6kare och personalen v\u00e4ldigt ledsna. Det g\u00e5r s\u00e5 klart inte att ers\u00e4tta Agge men den svenska lantrasen ville vi forts\u00e4tta att ha p\u00e5 v\u00e5r g\u00e5rd. Nu bor Kiwi, en ung och vacker sto, hos oss och&nbsp; &hellip; Read more\" \/>\n<meta property=\"og:url\" content=\"https:\/\/www.4h.se\/vaxjo\/gotlandsruss\/\" \/>\n<meta property=\"og:site_name\" content=\"V\u00e4xj\u00f6 4H-g\u00e5rd\" \/>\n<meta property=\"article:modified_time\" content=\"2022-11-07T13:10:59+00:00\" \/>\n<meta name=\"twitter:card\" content=\"summary_large_image\" \/>\n<meta name=\"twitter:label1\" content=\"Ber\u00e4knad l\u00e4stid\" \/>\n\t<meta name=\"twitter:data1\" content=\"2 minuter\" \/>\n<script type=\"application\/ld+json\" class=\"yoast-schema-graph\">{\"@context\":\"https:\\\/\\\/schema.org\",\"@graph\":[{\"@type\":\"WebPage\",\"@id\":\"https:\\\/\\\/www.4h.se\\\/vaxjo\\\/gotlandsruss\\\/\",\"url\":\"https:\\\/\\\/www.4h.se\\\/vaxjo\\\/gotlandsruss\\\/\",\"name\":\"Gotlandsruss - V\u00e4xj\u00f6 4H-g\u00e5rd\",\"isPartOf\":{\"@id\":\"https:\\\/\\\/www.4h.se\\\/vaxjo\\\/#website\"},\"datePublished\":\"2022-11-07T12:08:46+00:00\",\"dateModified\":\"2022-11-07T13:10:59+00:00\",\"breadcrumb\":{\"@id\":\"https:\\\/\\\/www.4h.se\\\/vaxjo\\\/gotlandsruss\\\/#breadcrumb\"},\"inLanguage\":\"sv-SE\",\"potentialAction\":[{\"@type\":\"ReadAction\",\"target\":[\"https:\\\/\\\/www.4h.se\\\/vaxjo\\\/gotlandsruss\\\/\"]}]},{\"@type\":\"BreadcrumbList\",\"@id\":\"https:\\\/\\\/www.4h.se\\\/vaxjo\\\/gotlandsruss\\\/#breadcrumb\",\"itemListElement\":[{\"@type\":\"ListItem\",\"position\":1,\"name\":\"Hem\",\"item\":\"https:\\\/\\\/www.4h.se\\\/vaxjo\\\/\"},{\"@type\":\"ListItem\",\"position\":2,\"name\":\"Gotlandsruss\"}]},{\"@type\":\"WebSite\",\"@id\":\"https:\\\/\\\/www.4h.se\\\/vaxjo\\\/#website\",\"url\":\"https:\\\/\\\/www.4h.se\\\/vaxjo\\\/\",\"name\":\"V\u00e4xj\u00f6 4H-g\u00e5rd\",\"description\":\"L\u00e4ra genom att g\u00f6ra\",\"potentialAction\":[{\"@type\":\"SearchAction\",\"target\":{\"@type\":\"EntryPoint\",\"urlTemplate\":\"https:\\\/\\\/www.4h.se\\\/vaxjo\\\/?s={search_term_string}\"},\"query-input\":{\"@type\":\"PropertyValueSpecification\",\"valueRequired\":true,\"valueName\":\"search_term_string\"}}],\"inLanguage\":\"sv-SE\"}]}<\/script>\n<!-- \/ Yoast SEO plugin. -->","yoast_head_json":{"title":"Gotlandsruss - V\u00e4xj\u00f6 4H-g\u00e5rd","robots":{"index":"index","follow":"follow","max-snippet":"max-snippet:-1","max-image-preview":"max-image-preview:large","max-video-preview":"max-video-preview:-1"},"canonical":"https:\/\/www.4h.se\/vaxjo\/gotlandsruss\/","og_locale":"sv_SE","og_type":"article","og_title":"Gotlandsruss - V\u00e4xj\u00f6 4H-g\u00e5rd","og_description":"[vc_row][vc_column][vc_column_text] Gotlandsruss &nbsp; L\u00e4nge har v\u00e5r fina Gotlandsruss Agge varit g\u00e5rdens hj\u00e4rta och n\u00e4r han dog 2022 blev b\u00e5de bes\u00f6kare och personalen v\u00e4ldigt ledsna. Det g\u00e5r s\u00e5 klart inte att ers\u00e4tta Agge men den svenska lantrasen ville vi forts\u00e4tta att ha p\u00e5 v\u00e5r g\u00e5rd. Nu bor Kiwi, en ung och vacker sto, hos oss och&nbsp; &hellip; Read more","og_url":"https:\/\/www.4h.se\/vaxjo\/gotlandsruss\/","og_site_name":"V\u00e4xj\u00f6 4H-g\u00e5rd","article_modified_time":"2022-11-07T13:10:59+00:00","twitter_card":"summary_large_image","twitter_misc":{"Ber\u00e4knad l\u00e4stid":"2 minuter"},"schema":{"@context":"https:\/\/schema.org","@graph":[{"@type":"WebPage","@id":"https:\/\/www.4h.se\/vaxjo\/gotlandsruss\/","url":"https:\/\/www.4h.se\/vaxjo\/gotlandsruss\/","name":"Gotlandsruss - V\u00e4xj\u00f6 4H-g\u00e5rd","isPartOf":{"@id":"https:\/\/www.4h.se\/vaxjo\/#website"},"datePublished":"2022-11-07T12:08:46+00:00","dateModified":"2022-11-07T13:10:59+00:00","breadcrumb":{"@id":"https:\/\/www.4h.se\/vaxjo\/gotlandsruss\/#breadcrumb"},"inLanguage":"sv-SE","potentialAction":[{"@type":"ReadAction","target":["https:\/\/www.4h.se\/vaxjo\/gotlandsruss\/"]}]},{"@type":"BreadcrumbList","@id":"https:\/\/www.4h.se\/vaxjo\/gotlandsruss\/#breadcrumb","itemListElement":[{"@type":"ListItem","position":1,"name":"Hem","item":"https:\/\/www.4h.se\/vaxjo\/"},{"@type":"ListItem","position":2,"name":"Gotlandsruss"}]},{"@type":"WebSite","@id":"https:\/\/www.4h.se\/vaxjo\/#website","url":"https:\/\/www.4h.se\/vaxjo\/","name":"V\u00e4xj\u00f6 4H-g\u00e5rd","description":"L\u00e4ra genom att g\u00f6ra","potentialAction":[{"@type":"SearchAction","target":{"@type":"EntryPoint","urlTemplate":"https:\/\/www.4h.se\/vaxjo\/?s={search_term_string}"},"query-input":{"@type":"PropertyValueSpecification","valueRequired":true,"valueName":"search_term_string"}}],"inLanguage":"sv-SE"}]}},"_links":{"self":[{"href":"https:\/\/www.4h.se\/vaxjo\/wp-json\/wp\/v2\/pages\/1224","targetHints":{"allow":["GET"]}}],"collection":[{"href":"https:\/\/www.4h.se\/vaxjo\/wp-json\/wp\/v2\/pages"}],"about":[{"href":"https:\/\/www.4h.se\/vaxjo\/wp-json\/wp\/v2\/types\/page"}],"author":[{"embeddable":true,"href":"https:\/\/www.4h.se\/vaxjo\/wp-json\/wp\/v2\/users\/229"}],"replies":[{"embeddable":true,"href":"https:\/\/www.4h.se\/vaxjo\/wp-json\/wp\/v2\/comments?post=1224"}],"version-history":[{"count":0,"href":"https:\/\/www.4h.se\/vaxjo\/wp-json\/wp\/v2\/pages\/1224\/revisions"}],"wp:attachment":[{"href":"https:\/\/www.4h.se\/vaxjo\/wp-json\/wp\/v2\/media?parent=1224"}],"curies":[{"name":"wp","href":"https:\/\/api.w.org\/{rel}","templated":true}]}}