



{"id":1192,"date":"2022-10-17T14:52:43","date_gmt":"2022-10-17T12:52:43","guid":{"rendered":"https:\/\/www.4h.se\/vaxjo\/?page_id=1192"},"modified":"2024-02-29T11:09:17","modified_gmt":"2024-02-29T10:09:17","slug":"gotlandskanin","status":"publish","type":"page","link":"https:\/\/www.4h.se\/vaxjo\/gotlandskanin\/","title":{"rendered":"Gotlandskanin"},"content":{"rendered":"<div class=\"wpb-content-wrapper\"><p>[vc_row][vc_column][vc_column_text]<\/p>\n<h1 style=\"text-align: center\"><span style=\"color: #006340\">Gotlandskanin<\/span><\/h1>\n<p>&nbsp;<\/p>\n<h4>Gotlandskaninen \u00e4r en svensk lantras som vi, genom avel, f\u00f6rs\u00f6ker att bevara. Just nu bor det tv\u00e5 kaninhanar hos oss, som \u00e4r mycket s\u00e4llskapliga och trevliga. Vi har \u00e4ven en fin gr\u00e5 kaninhona som bor ihop med v\u00e5ra andra kaninhonor. Hon \u00e4r lite blygare men med mat \u00e4r det v\u00e4ldigt l\u00e4tt att locka fram henne.<\/h4>\n<p>&nbsp;[\/vc_column_text][\/vc_column][\/vc_row][vc_row][vc_column width=&#8221;1\/2&#8243;][vc_single_image image=&#8221;1214&#8243; img_size=&#8221;2992 \u00d7 4000&#8243;][\/vc_column][vc_column width=&#8221;1\/2&#8243;][vc_column_text]<\/p>\n<h3><span style=\"color: #006340\">Fakta om\u00a0v\u00e4durskanin<\/span><\/h3>\n<p>&nbsp;<\/p>\n<p><strong>Latinsk namn:\u00a0<\/strong>Oryctolagus cuniculus<\/p>\n<p><strong>Ordning:\u00a0<\/strong>Hardjur<\/p>\n<p><strong>Familj:\u00a0<\/strong>Kanin<\/p>\n<p><strong>Vikt: <\/strong>2 &#8211; 4kg<\/p>\n<p><strong>F\u00f6da:\u00a0<\/strong>Gr\u00e4s, \u00f6rter, grenar fr\u00e5n frukttr\u00e4d[\/vc_column_text][\/vc_column][\/vc_row][vc_row][vc_column width=&#8221;1\/2&#8243;][vc_column_text]<\/p>\n<h3><span style=\"color: #006340\">Bor kaniner helst sj\u00e4lva?<\/span><\/h3>\n<p>&nbsp;<\/p>\n<p>Det \u00e4r faktiskt en myt som inte riktigt st\u00e4mmer. Vilda kaniner bor i s\u00e5 kallade kolonier. Koloni betyder att djuren bor i n\u00e4rheten av varandra men \u00e4nd\u00e5 har sina egna revir. Det g\u00f6r att kaninhonor till exempel f\u00f6rsvarar sina h\u00e5lor men kan under dagarna tr\u00e4ffa p\u00e5 andra kaniner och p\u00e5 det s\u00e4ttet interagera med dem. N\u00e4r vi h\u00e5ller kaniner som husdjur \u00e4r det b\u00e4st om man har flera kaniner som trivs med varandra \u00e4n att man bara har en kanin som bor helt sj\u00e4lv. Ofta trivs syskon mycket bra med varandra.[\/vc_column_text][\/vc_column][vc_column width=&#8221;1\/2&#8243;][vc_single_image image=&#8221;1215&#8243; img_size=&#8221;2992 \u00d7 4000&#8243;][\/vc_column][\/vc_row][vc_row][vc_column][vc_separator color=&#8221;custom&#8221; border_width=&#8221;3&#8243; accent_color=&#8221;#006340&#8243;][\/vc_column][\/vc_row][vc_row][vc_column][vc_column_text]<\/p>\n<h3 style=\"text-align: center\"><span style=\"color: #006340\">V\u00e5ra kaniner<\/span><\/h3>\n<p>&nbsp;[\/vc_column_text][\/vc_column][\/vc_row][vc_row][vc_column width=&#8221;1\/3&#8243;][vc_single_image image=&#8221;1312&#8243; img_size=&#8221;300&#215;200&#8243;][vc_column_text]<\/p>\n<p style=\"text-align: center\"><em><strong>Balou<\/strong><\/em><\/p>\n<p>[\/vc_column_text][\/vc_column][vc_column width=&#8221;1\/3&#8243;][vc_single_image image=&#8221;1398&#8243; img_size=&#8221;300&#215;200&#8243;][vc_column_text]<\/p>\n<p style=\"text-align: center\"><em><strong>Femman<\/strong><\/em><\/p>\n<p>[\/vc_column_text][\/vc_column][\/vc_row]<\/p>\n<\/div>","protected":false},"excerpt":{"rendered":"<p>[vc_row][vc_column][vc_column_text] Gotlandskanin &nbsp; Gotlandskaninen \u00e4r en svensk lantras som vi, genom avel, f\u00f6rs\u00f6ker att bevara. Just nu bor det tv\u00e5 kaninhanar hos oss, som \u00e4r mycket s\u00e4llskapliga och trevliga. Vi har \u00e4ven en fin gr\u00e5 kaninhona som bor ihop med v\u00e5ra andra kaninhonor. Hon \u00e4r lite blygare men med mat \u00e4r det v\u00e4ldigt l\u00e4tt att&nbsp; <a href=\"https:\/\/www.4h.se\/vaxjo\/gotlandskanin\/\">&hellip; Read more <i class=\"glyphicon glyphicon-arrow-right\"><\/i><\/a><\/p>\n","protected":false},"author":229,"featured_media":0,"parent":0,"menu_order":0,"comment_status":"closed","ping_status":"closed","template":"","meta":{"footnotes":""},"class_list":["post-1192","page","type-page","status-publish","hentry"],"yoast_head":"<!-- This site is optimized with the Yoast SEO plugin v27.4 - https:\/\/yoast.com\/product\/yoast-seo-wordpress\/ -->\n<title>Gotlandskanin - V\u00e4xj\u00f6 4H-g\u00e5rd<\/title>\n<meta name=\"robots\" content=\"index, follow, max-snippet:-1, max-image-preview:large, max-video-preview:-1\" \/>\n<link rel=\"canonical\" href=\"https:\/\/www.4h.se\/vaxjo\/gotlandskanin\/\" \/>\n<meta property=\"og:locale\" content=\"sv_SE\" \/>\n<meta property=\"og:type\" content=\"article\" \/>\n<meta property=\"og:title\" content=\"Gotlandskanin - V\u00e4xj\u00f6 4H-g\u00e5rd\" \/>\n<meta property=\"og:description\" content=\"[vc_row][vc_column][vc_column_text] Gotlandskanin &nbsp; Gotlandskaninen \u00e4r en svensk lantras som vi, genom avel, f\u00f6rs\u00f6ker att bevara. Just nu bor det tv\u00e5 kaninhanar hos oss, som \u00e4r mycket s\u00e4llskapliga och trevliga. Vi har \u00e4ven en fin gr\u00e5 kaninhona som bor ihop med v\u00e5ra andra kaninhonor. Hon \u00e4r lite blygare men med mat \u00e4r det v\u00e4ldigt l\u00e4tt att&nbsp; &hellip; Read more\" \/>\n<meta property=\"og:url\" content=\"https:\/\/www.4h.se\/vaxjo\/gotlandskanin\/\" \/>\n<meta property=\"og:site_name\" content=\"V\u00e4xj\u00f6 4H-g\u00e5rd\" \/>\n<meta property=\"article:modified_time\" content=\"2024-02-29T10:09:17+00:00\" \/>\n<meta name=\"twitter:card\" content=\"summary_large_image\" \/>\n<meta name=\"twitter:label1\" content=\"Ber\u00e4knad l\u00e4stid\" \/>\n\t<meta name=\"twitter:data1\" content=\"2 minuter\" \/>\n<script type=\"application\/ld+json\" class=\"yoast-schema-graph\">{\"@context\":\"https:\\\/\\\/schema.org\",\"@graph\":[{\"@type\":\"WebPage\",\"@id\":\"https:\\\/\\\/www.4h.se\\\/vaxjo\\\/gotlandskanin\\\/\",\"url\":\"https:\\\/\\\/www.4h.se\\\/vaxjo\\\/gotlandskanin\\\/\",\"name\":\"Gotlandskanin - V\u00e4xj\u00f6 4H-g\u00e5rd\",\"isPartOf\":{\"@id\":\"https:\\\/\\\/www.4h.se\\\/vaxjo\\\/#website\"},\"datePublished\":\"2022-10-17T12:52:43+00:00\",\"dateModified\":\"2024-02-29T10:09:17+00:00\",\"breadcrumb\":{\"@id\":\"https:\\\/\\\/www.4h.se\\\/vaxjo\\\/gotlandskanin\\\/#breadcrumb\"},\"inLanguage\":\"sv-SE\",\"potentialAction\":[{\"@type\":\"ReadAction\",\"target\":[\"https:\\\/\\\/www.4h.se\\\/vaxjo\\\/gotlandskanin\\\/\"]}]},{\"@type\":\"BreadcrumbList\",\"@id\":\"https:\\\/\\\/www.4h.se\\\/vaxjo\\\/gotlandskanin\\\/#breadcrumb\",\"itemListElement\":[{\"@type\":\"ListItem\",\"position\":1,\"name\":\"Hem\",\"item\":\"https:\\\/\\\/www.4h.se\\\/vaxjo\\\/\"},{\"@type\":\"ListItem\",\"position\":2,\"name\":\"Gotlandskanin\"}]},{\"@type\":\"WebSite\",\"@id\":\"https:\\\/\\\/www.4h.se\\\/vaxjo\\\/#website\",\"url\":\"https:\\\/\\\/www.4h.se\\\/vaxjo\\\/\",\"name\":\"V\u00e4xj\u00f6 4H-g\u00e5rd\",\"description\":\"L\u00e4ra genom att g\u00f6ra\",\"potentialAction\":[{\"@type\":\"SearchAction\",\"target\":{\"@type\":\"EntryPoint\",\"urlTemplate\":\"https:\\\/\\\/www.4h.se\\\/vaxjo\\\/?s={search_term_string}\"},\"query-input\":{\"@type\":\"PropertyValueSpecification\",\"valueRequired\":true,\"valueName\":\"search_term_string\"}}],\"inLanguage\":\"sv-SE\"}]}<\/script>\n<!-- \/ Yoast SEO plugin. -->","yoast_head_json":{"title":"Gotlandskanin - V\u00e4xj\u00f6 4H-g\u00e5rd","robots":{"index":"index","follow":"follow","max-snippet":"max-snippet:-1","max-image-preview":"max-image-preview:large","max-video-preview":"max-video-preview:-1"},"canonical":"https:\/\/www.4h.se\/vaxjo\/gotlandskanin\/","og_locale":"sv_SE","og_type":"article","og_title":"Gotlandskanin - V\u00e4xj\u00f6 4H-g\u00e5rd","og_description":"[vc_row][vc_column][vc_column_text] Gotlandskanin &nbsp; Gotlandskaninen \u00e4r en svensk lantras som vi, genom avel, f\u00f6rs\u00f6ker att bevara. Just nu bor det tv\u00e5 kaninhanar hos oss, som \u00e4r mycket s\u00e4llskapliga och trevliga. Vi har \u00e4ven en fin gr\u00e5 kaninhona som bor ihop med v\u00e5ra andra kaninhonor. Hon \u00e4r lite blygare men med mat \u00e4r det v\u00e4ldigt l\u00e4tt att&nbsp; &hellip; Read more","og_url":"https:\/\/www.4h.se\/vaxjo\/gotlandskanin\/","og_site_name":"V\u00e4xj\u00f6 4H-g\u00e5rd","article_modified_time":"2024-02-29T10:09:17+00:00","twitter_card":"summary_large_image","twitter_misc":{"Ber\u00e4knad l\u00e4stid":"2 minuter"},"schema":{"@context":"https:\/\/schema.org","@graph":[{"@type":"WebPage","@id":"https:\/\/www.4h.se\/vaxjo\/gotlandskanin\/","url":"https:\/\/www.4h.se\/vaxjo\/gotlandskanin\/","name":"Gotlandskanin - V\u00e4xj\u00f6 4H-g\u00e5rd","isPartOf":{"@id":"https:\/\/www.4h.se\/vaxjo\/#website"},"datePublished":"2022-10-17T12:52:43+00:00","dateModified":"2024-02-29T10:09:17+00:00","breadcrumb":{"@id":"https:\/\/www.4h.se\/vaxjo\/gotlandskanin\/#breadcrumb"},"inLanguage":"sv-SE","potentialAction":[{"@type":"ReadAction","target":["https:\/\/www.4h.se\/vaxjo\/gotlandskanin\/"]}]},{"@type":"BreadcrumbList","@id":"https:\/\/www.4h.se\/vaxjo\/gotlandskanin\/#breadcrumb","itemListElement":[{"@type":"ListItem","position":1,"name":"Hem","item":"https:\/\/www.4h.se\/vaxjo\/"},{"@type":"ListItem","position":2,"name":"Gotlandskanin"}]},{"@type":"WebSite","@id":"https:\/\/www.4h.se\/vaxjo\/#website","url":"https:\/\/www.4h.se\/vaxjo\/","name":"V\u00e4xj\u00f6 4H-g\u00e5rd","description":"L\u00e4ra genom att g\u00f6ra","potentialAction":[{"@type":"SearchAction","target":{"@type":"EntryPoint","urlTemplate":"https:\/\/www.4h.se\/vaxjo\/?s={search_term_string}"},"query-input":{"@type":"PropertyValueSpecification","valueRequired":true,"valueName":"search_term_string"}}],"inLanguage":"sv-SE"}]}},"_links":{"self":[{"href":"https:\/\/www.4h.se\/vaxjo\/wp-json\/wp\/v2\/pages\/1192","targetHints":{"allow":["GET"]}}],"collection":[{"href":"https:\/\/www.4h.se\/vaxjo\/wp-json\/wp\/v2\/pages"}],"about":[{"href":"https:\/\/www.4h.se\/vaxjo\/wp-json\/wp\/v2\/types\/page"}],"author":[{"embeddable":true,"href":"https:\/\/www.4h.se\/vaxjo\/wp-json\/wp\/v2\/users\/229"}],"replies":[{"embeddable":true,"href":"https:\/\/www.4h.se\/vaxjo\/wp-json\/wp\/v2\/comments?post=1192"}],"version-history":[{"count":0,"href":"https:\/\/www.4h.se\/vaxjo\/wp-json\/wp\/v2\/pages\/1192\/revisions"}],"wp:attachment":[{"href":"https:\/\/www.4h.se\/vaxjo\/wp-json\/wp\/v2\/media?parent=1192"}],"curies":[{"name":"wp","href":"https:\/\/api.w.org\/{rel}","templated":true}]}}