



{"id":1191,"date":"2022-10-17T14:51:48","date_gmt":"2022-10-17T12:51:48","guid":{"rendered":"https:\/\/www.4h.se\/vaxjo\/?page_id=1191"},"modified":"2023-05-03T16:40:48","modified_gmt":"2023-05-03T14:40:48","slug":"vadurskanin","status":"publish","type":"page","link":"https:\/\/www.4h.se\/vaxjo\/vadurskanin\/","title":{"rendered":"V\u00e4durskanin"},"content":{"rendered":"<div class=\"wpb-content-wrapper\"><p>[vc_row][vc_column][vc_column_text]<\/p>\n<h1 style=\"text-align: center;\"><span style=\"color: #006340;\">V\u00e4durskanin<\/span><\/h1>\n<p>&nbsp;<\/p>\n<h4>De h\u00e4r tv\u00e5 s\u00f6ta tjejer f\u00f6ddes p\u00e5 4H g\u00e5rden men var inte planerade. Vilken tur att de finns \u00e4nd\u00e5 f\u00f6r det \u00e4r m\u00e5nga barn och vuxna som \u00e4lskar de tv\u00e5 systrarna. Alla tre \u00e4r v\u00e4ldigt sociala men har sin egen karakt\u00e4r.<\/h4>\n<p>&nbsp;[\/vc_column_text][\/vc_column][\/vc_row][vc_row][vc_column width=&#8221;1\/2&#8243;][vc_single_image image=&#8221;479&#8243; img_size=&#8221;1600 \u00d7 1200&#8243;][\/vc_column][vc_column width=&#8221;1\/2&#8243;][vc_column_text]<\/p>\n<h3><span style=\"color: #006340\">Fakta om\u00a0v\u00e4durskanin<\/span><\/h3>\n<p>&nbsp;<\/p>\n<p><strong>Latinsk namn:\u00a0<\/strong>Oryctolagus cuniculus<\/p>\n<p><strong>Ordning: <\/strong>Hardjur<\/p>\n<p><strong>Familj: <\/strong>Kanin<\/p>\n<p><strong>Vikt:<\/strong>\u00a01,5\u20131,9 kg<\/p>\n<p><strong>F\u00f6da:\u00a0<\/strong>Gr\u00e4s, \u00f6rter, grenar fr\u00e5n frukttr\u00e4d<\/p>\n<p><strong>\u00c5lder: <\/strong>6 &#8211; 8 \u00e5r[\/vc_column_text][\/vc_column][\/vc_row][vc_row][vc_column width=&#8221;1\/2&#8243;][\/vc_column][vc_column width=&#8221;1\/2&#8243;][vc_single_image image=&#8221;1194&#8243; img_size=&#8221;6000 \u00d7 3376&#8243;][\/vc_column][\/vc_row][vc_row][vc_column][vc_separator color=&#8221;custom&#8221; border_width=&#8221;3&#8243; accent_color=&#8221;#006340&#8243;][\/vc_column][\/vc_row][vc_row][vc_column][vc_column_text]<\/p>\n<h3 style=\"text-align: center\"><span style=\"color: #006340\">V\u00e5ra v\u00e4durskaniner:<\/span><\/h3>\n<p>&nbsp;[\/vc_column_text][\/vc_column][\/vc_row][vc_row][vc_column width=&#8221;1\/2&#8243;][vc_single_image image=&#8221;1213&#8243; img_size=&#8221;300&#215;200&#8243; alignment=&#8221;center&#8221;][vc_column_text]<\/p>\n<p style=\"text-align: center\"><em>Bubblan<\/em><\/p>\n<p>[\/vc_column_text][\/vc_column][vc_column width=&#8221;1\/2&#8243;][vc_single_image image=&#8221;1211&#8243; img_size=&#8221;300&#215;200&#8243; alignment=&#8221;center&#8221;][vc_column_text]<\/p>\n<p style=\"text-align: center\"><em>Luna<\/em><\/p>\n<p>[\/vc_column_text][\/vc_column][\/vc_row]<\/p>\n<\/div>","protected":false},"excerpt":{"rendered":"<p>[vc_row][vc_column][vc_column_text] V\u00e4durskanin &nbsp; De h\u00e4r tv\u00e5 s\u00f6ta tjejer f\u00f6ddes p\u00e5 4H g\u00e5rden men var inte planerade. Vilken tur att de finns \u00e4nd\u00e5 f\u00f6r det \u00e4r m\u00e5nga barn och vuxna som \u00e4lskar de tv\u00e5 systrarna. Alla tre \u00e4r v\u00e4ldigt sociala men har sin egen karakt\u00e4r. &nbsp;[\/vc_column_text][\/vc_column][\/vc_row][vc_row][vc_column width=&#8221;1\/2&#8243;][vc_single_image image=&#8221;479&#8243; img_size=&#8221;1600 \u00d7 1200&#8243;][\/vc_column][vc_column width=&#8221;1\/2&#8243;][vc_column_text] Fakta om\u00a0v\u00e4durskanin &nbsp; Latinsk&nbsp; <a href=\"https:\/\/www.4h.se\/vaxjo\/vadurskanin\/\">&hellip; Read more <i class=\"glyphicon glyphicon-arrow-right\"><\/i><\/a><\/p>\n","protected":false},"author":229,"featured_media":0,"parent":0,"menu_order":0,"comment_status":"closed","ping_status":"closed","template":"","meta":{"_acf_changed":false,"footnotes":""},"class_list":["post-1191","page","type-page","status-publish","hentry"],"acf":[],"yoast_head":"<!-- This site is optimized with the Yoast SEO plugin v27.5 - https:\/\/yoast.com\/product\/yoast-seo-wordpress\/ -->\n<title>V\u00e4durskanin - V\u00e4xj\u00f6 4H-g\u00e5rd<\/title>\n<meta name=\"robots\" content=\"index, follow, max-snippet:-1, max-image-preview:large, max-video-preview:-1\" \/>\n<link rel=\"canonical\" href=\"https:\/\/www.4h.se\/vaxjo\/vadurskanin\/\" \/>\n<meta property=\"og:locale\" content=\"sv_SE\" \/>\n<meta property=\"og:type\" content=\"article\" \/>\n<meta property=\"og:title\" content=\"V\u00e4durskanin - V\u00e4xj\u00f6 4H-g\u00e5rd\" \/>\n<meta property=\"og:description\" content=\"[vc_row][vc_column][vc_column_text] V\u00e4durskanin &nbsp; De h\u00e4r tv\u00e5 s\u00f6ta tjejer f\u00f6ddes p\u00e5 4H g\u00e5rden men var inte planerade. Vilken tur att de finns \u00e4nd\u00e5 f\u00f6r det \u00e4r m\u00e5nga barn och vuxna som \u00e4lskar de tv\u00e5 systrarna. Alla tre \u00e4r v\u00e4ldigt sociala men har sin egen karakt\u00e4r. &nbsp;[\/vc_column_text][\/vc_column][\/vc_row][vc_row][vc_column width=&#8221;1\/2&#8243;][vc_single_image image=&#8221;479&#8243; img_size=&#8221;1600 \u00d7 1200&#8243;][\/vc_column][vc_column width=&#8221;1\/2&#8243;][vc_column_text] Fakta om\u00a0v\u00e4durskanin &nbsp; Latinsk&nbsp; &hellip; Read more\" \/>\n<meta property=\"og:url\" content=\"https:\/\/www.4h.se\/vaxjo\/vadurskanin\/\" \/>\n<meta property=\"og:site_name\" content=\"V\u00e4xj\u00f6 4H-g\u00e5rd\" \/>\n<meta property=\"article:modified_time\" content=\"2023-05-03T14:40:48+00:00\" \/>\n<meta name=\"twitter:card\" content=\"summary_large_image\" \/>\n<meta name=\"twitter:label1\" content=\"Ber\u00e4knad l\u00e4stid\" \/>\n\t<meta name=\"twitter:data1\" content=\"1 minut\" \/>\n<script type=\"application\/ld+json\" class=\"yoast-schema-graph\">{\"@context\":\"https:\\\/\\\/schema.org\",\"@graph\":[{\"@type\":\"WebPage\",\"@id\":\"https:\\\/\\\/www.4h.se\\\/vaxjo\\\/vadurskanin\\\/\",\"url\":\"https:\\\/\\\/www.4h.se\\\/vaxjo\\\/vadurskanin\\\/\",\"name\":\"V\u00e4durskanin - V\u00e4xj\u00f6 4H-g\u00e5rd\",\"isPartOf\":{\"@id\":\"https:\\\/\\\/www.4h.se\\\/vaxjo\\\/#website\"},\"datePublished\":\"2022-10-17T12:51:48+00:00\",\"dateModified\":\"2023-05-03T14:40:48+00:00\",\"breadcrumb\":{\"@id\":\"https:\\\/\\\/www.4h.se\\\/vaxjo\\\/vadurskanin\\\/#breadcrumb\"},\"inLanguage\":\"sv-SE\",\"potentialAction\":[{\"@type\":\"ReadAction\",\"target\":[\"https:\\\/\\\/www.4h.se\\\/vaxjo\\\/vadurskanin\\\/\"]}]},{\"@type\":\"BreadcrumbList\",\"@id\":\"https:\\\/\\\/www.4h.se\\\/vaxjo\\\/vadurskanin\\\/#breadcrumb\",\"itemListElement\":[{\"@type\":\"ListItem\",\"position\":1,\"name\":\"Hem\",\"item\":\"https:\\\/\\\/www.4h.se\\\/vaxjo\\\/\"},{\"@type\":\"ListItem\",\"position\":2,\"name\":\"V\u00e4durskanin\"}]},{\"@type\":\"WebSite\",\"@id\":\"https:\\\/\\\/www.4h.se\\\/vaxjo\\\/#website\",\"url\":\"https:\\\/\\\/www.4h.se\\\/vaxjo\\\/\",\"name\":\"V\u00e4xj\u00f6 4H-g\u00e5rd\",\"description\":\"L\u00e4ra genom att g\u00f6ra\",\"potentialAction\":[{\"@type\":\"SearchAction\",\"target\":{\"@type\":\"EntryPoint\",\"urlTemplate\":\"https:\\\/\\\/www.4h.se\\\/vaxjo\\\/?s={search_term_string}\"},\"query-input\":{\"@type\":\"PropertyValueSpecification\",\"valueRequired\":true,\"valueName\":\"search_term_string\"}}],\"inLanguage\":\"sv-SE\"}]}<\/script>\n<!-- \/ Yoast SEO plugin. -->","yoast_head_json":{"title":"V\u00e4durskanin - V\u00e4xj\u00f6 4H-g\u00e5rd","robots":{"index":"index","follow":"follow","max-snippet":"max-snippet:-1","max-image-preview":"max-image-preview:large","max-video-preview":"max-video-preview:-1"},"canonical":"https:\/\/www.4h.se\/vaxjo\/vadurskanin\/","og_locale":"sv_SE","og_type":"article","og_title":"V\u00e4durskanin - V\u00e4xj\u00f6 4H-g\u00e5rd","og_description":"[vc_row][vc_column][vc_column_text] V\u00e4durskanin &nbsp; De h\u00e4r tv\u00e5 s\u00f6ta tjejer f\u00f6ddes p\u00e5 4H g\u00e5rden men var inte planerade. Vilken tur att de finns \u00e4nd\u00e5 f\u00f6r det \u00e4r m\u00e5nga barn och vuxna som \u00e4lskar de tv\u00e5 systrarna. Alla tre \u00e4r v\u00e4ldigt sociala men har sin egen karakt\u00e4r. &nbsp;[\/vc_column_text][\/vc_column][\/vc_row][vc_row][vc_column width=&#8221;1\/2&#8243;][vc_single_image image=&#8221;479&#8243; img_size=&#8221;1600 \u00d7 1200&#8243;][\/vc_column][vc_column width=&#8221;1\/2&#8243;][vc_column_text] Fakta om\u00a0v\u00e4durskanin &nbsp; Latinsk&nbsp; &hellip; Read more","og_url":"https:\/\/www.4h.se\/vaxjo\/vadurskanin\/","og_site_name":"V\u00e4xj\u00f6 4H-g\u00e5rd","article_modified_time":"2023-05-03T14:40:48+00:00","twitter_card":"summary_large_image","twitter_misc":{"Ber\u00e4knad l\u00e4stid":"1 minut"},"schema":{"@context":"https:\/\/schema.org","@graph":[{"@type":"WebPage","@id":"https:\/\/www.4h.se\/vaxjo\/vadurskanin\/","url":"https:\/\/www.4h.se\/vaxjo\/vadurskanin\/","name":"V\u00e4durskanin - V\u00e4xj\u00f6 4H-g\u00e5rd","isPartOf":{"@id":"https:\/\/www.4h.se\/vaxjo\/#website"},"datePublished":"2022-10-17T12:51:48+00:00","dateModified":"2023-05-03T14:40:48+00:00","breadcrumb":{"@id":"https:\/\/www.4h.se\/vaxjo\/vadurskanin\/#breadcrumb"},"inLanguage":"sv-SE","potentialAction":[{"@type":"ReadAction","target":["https:\/\/www.4h.se\/vaxjo\/vadurskanin\/"]}]},{"@type":"BreadcrumbList","@id":"https:\/\/www.4h.se\/vaxjo\/vadurskanin\/#breadcrumb","itemListElement":[{"@type":"ListItem","position":1,"name":"Hem","item":"https:\/\/www.4h.se\/vaxjo\/"},{"@type":"ListItem","position":2,"name":"V\u00e4durskanin"}]},{"@type":"WebSite","@id":"https:\/\/www.4h.se\/vaxjo\/#website","url":"https:\/\/www.4h.se\/vaxjo\/","name":"V\u00e4xj\u00f6 4H-g\u00e5rd","description":"L\u00e4ra genom att g\u00f6ra","potentialAction":[{"@type":"SearchAction","target":{"@type":"EntryPoint","urlTemplate":"https:\/\/www.4h.se\/vaxjo\/?s={search_term_string}"},"query-input":{"@type":"PropertyValueSpecification","valueRequired":true,"valueName":"search_term_string"}}],"inLanguage":"sv-SE"}]}},"_links":{"self":[{"href":"https:\/\/www.4h.se\/vaxjo\/wp-json\/wp\/v2\/pages\/1191","targetHints":{"allow":["GET"]}}],"collection":[{"href":"https:\/\/www.4h.se\/vaxjo\/wp-json\/wp\/v2\/pages"}],"about":[{"href":"https:\/\/www.4h.se\/vaxjo\/wp-json\/wp\/v2\/types\/page"}],"author":[{"embeddable":true,"href":"https:\/\/www.4h.se\/vaxjo\/wp-json\/wp\/v2\/users\/229"}],"replies":[{"embeddable":true,"href":"https:\/\/www.4h.se\/vaxjo\/wp-json\/wp\/v2\/comments?post=1191"}],"version-history":[{"count":0,"href":"https:\/\/www.4h.se\/vaxjo\/wp-json\/wp\/v2\/pages\/1191\/revisions"}],"wp:attachment":[{"href":"https:\/\/www.4h.se\/vaxjo\/wp-json\/wp\/v2\/media?parent=1191"}],"curies":[{"name":"wp","href":"https:\/\/api.w.org\/{rel}","templated":true}]}}