



{"id":1165,"date":"2022-09-28T12:43:35","date_gmt":"2022-09-28T10:43:35","guid":{"rendered":"https:\/\/www.4h.se\/vaxjo\/?page_id=1165"},"modified":"2025-09-16T13:04:20","modified_gmt":"2025-09-16T11:04:20","slug":"djurtraningskurs","status":"publish","type":"page","link":"https:\/\/www.4h.se\/vaxjo\/djurtraningskurs\/","title":{"rendered":"Djurtr\u00e4ningskurs"},"content":{"rendered":"<div class=\"wpb-content-wrapper\"><p>[vc_row][vc_column][vc_column_text css=&#8221;&#8221;]<\/p>\n<h1 style=\"text-align: center; font-size: clamp(4rem, 4vw, 20rem); overflow-wrap: break-word;\"><span style=\"color: #f1a41e;\">V\u00e5ra kurser<\/span><\/h1>\n<p>[\/vc_column_text][\/vc_column][\/vc_row][vc_row][vc_column width=&#8221;1\/2&#8243;][vc_column_text css=&#8221;&#8221;]<\/p>\n<h4 style=\"font-size: clamp(2rem, 2.5vw, 10rem); overflow-wrap: break-word; text-align: left;\"><span style=\"color: #82c381;\">Kl\u00f6verklubben<\/span><\/h4>\n<p><strong>\u00c4ventyret b\u00f6rjar efter skolan!<\/strong><\/p>\n<p>Tr\u00f6tt p\u00e5 tr\u00e5kiga eftermiddagar? D\u00e5 \u00e4r det dags att styra stegen mot Kl\u00f6verklubben p\u00e5 V\u00e4xj\u00f6 4H-g\u00e5rd! H\u00e4r v\u00e4ntar gosiga djur, roliga aktiviteter, nya kompisar och massa skratt. Det b\u00e4sta av allt? Du \u00e4r med och best\u00e4mmer vad vi hittar p\u00e5!<\/p>\n<p>Vi ses varje tisdag och torsdag kl. 14:30\u201316:30 p\u00e5 V\u00e4xj\u00f6 4H-g\u00e5rd<\/p>\n<p>&nbsp;<\/p>\n<h4 style=\"font-size: clamp(2rem, 2.5vw, 10rem); overflow-wrap: break-word; text-align: left;\"><span style=\"color: #82c381;\">N\u00e4sta kursstart: 23 sep<\/span><\/h4>\n<p>[\/vc_column_text][vc_btn title=&#8221;Anm\u00e4l dig h\u00e4r&#8221; style=&#8221;classic&#8221; color=&#8221;primary&#8221; css=&#8221;&#8221; link=&#8221;url:https%3A%2F%2Fwww.studieframjandet.se%2Fkronobergs-lan%2Fgustav-arrangemang%2Fkalenderhandelser%2F2025%2Fseptember%2Fkloverklubben%2F&#8221;][\/vc_column][vc_column width=&#8221;1\/2&#8243;][vc_single_image image=&#8221;1431&#8243; img_size=&#8221;400X400&#8243; alignment=&#8221;center&#8221; css=&#8221;&#8221;][\/vc_column][\/vc_row][vc_row css=&#8221;.vc_custom_1724054453921{border-top-width: 5px !important;border-right-width: 5px !important;border-bottom-width: 5px !important;border-left-width: 5px !important;border-left-style: solid !important;border-right-style: solid !important;border-top-style: solid !important;border-bottom-style: solid !important;border-color: #ffffff !important;}&#8221; el_id=&#8221;Courses&#8221;][vc_column width=&#8221;1\/2&#8243;][vc_column_text css=&#8221;&#8221;]<\/p>\n<h4 style=\"font-size: clamp(2rem, 2.5vw, 10rem); overflow-wrap: break-word; text-align: left;\"><span style=\"color: #82c381;\">Djurtr\u00e4ningskurs<\/span><\/h4>\n<p>&nbsp;<\/p>\n<p>Har du n\u00e5gonsin undrat hur det \u00e4r att vara en riktig djurtr\u00e4nare? D\u00e5 \u00e4r v\u00e5r djurtr\u00e4ningskurs perfekt f\u00f6r dig! Vi tar med dig p\u00e5 en resa genom g\u00e5rdens magiska v\u00e4rld, d\u00e4r varje djur \u00e4r en stj\u00e4rna med sina egna superkrafter.<\/p>\n<p>H\u00e4r kommer du inte bara f\u00e5 testa p\u00e5 att tr\u00e4na v\u00e5ra fyrbenta v\u00e4nner, utan ocks\u00e5 uppt\u00e4cka deras fantastiska styrkor. Kan vi f\u00e5 grisarna att bli m\u00e4stare p\u00e5 bollspel? Ska kaninerna visa oss sina hoppkonster? Och kan getterna l\u00e4ra sig att g\u00e5 som riktiga proffs i koppel? M\u00f6jligheterna \u00e4r o\u00e4ndliga!<\/p>\n<p>Bli en del av v\u00e5rt team och k\u00e4nn dig som en \u00e4kta djurhj\u00e4lte. \ud83e\uddb8\u200d\u2642\ufe0f\ud83d\udc3e V\u00e5r kurs \u00e4r fullpackad med skratt och massor av ov\u00e4ntade \u00f6gonblick. S\u00e5, vad v\u00e4ntar du p\u00e5? Kasta dig in i djurtr\u00e4narens sp\u00e4nnande v\u00e4rld \u2013 anm\u00e4l dig nu och l\u00e5t \u00e4ventyret b\u00f6rja! \ud83c\udf1f\ud83d\udc37\ud83d\udc07\ud83d\udc10<\/p>\n<p>&nbsp;<\/p>\n<h4 style=\"font-size: clamp(2rem, 2.5vw, 10rem); overflow-wrap: break-word; text-align: left;\"><span style=\"color: #82c381;\">N\u00e4sta kursstart: 25 sep<\/span><\/h4>\n<p>[\/vc_column_text][vc_btn title=&#8221;Anm\u00e4l dig h\u00e4r&#8221; style=&#8221;classic&#8221; color=&#8221;primary&#8221; css=&#8221;&#8221; link=&#8221;url:https%3A%2F%2Fwww.studieframjandet.se%2F502699&#8243;][\/vc_column][vc_column width=&#8221;1\/2&#8243;][vc_single_image image=&#8221;1187&#8243; img_size=&#8221;medium&#8221; alignment=&#8221;center&#8221; css=&#8221;&#8221;][\/vc_column][\/vc_row][vc_row][vc_column width=&#8221;1\/2&#8243;][vc_column_text css=&#8221;&#8221;]\u00c4r du nyfiken p\u00e5 vad man kan g\u00f6ra med ull? I den h\u00e4r kursen f\u00e5r du prova p\u00e5 hela v\u00e4gen, fr\u00e5n r\u00e5ull till f\u00e4rdiga skapelser. Vi kommer tillsammans att:<\/p>\n<ul>\n<li>Tv\u00e4tta ullen och g\u00f6ra den ren och mjuk<\/li>\n<li>Karda ullen s\u00e5 den blir l\u00e4tt att arbeta med<\/li>\n<li>L\u00e4ra oss olika tekniker f\u00f6r tovning<\/li>\n<li>Skapa egna unika saker i ull \u2013 allt fr\u00e5n sm\u00e5 figurer till praktiska f\u00f6rem\u00e5l<\/li>\n<\/ul>\n<p>&nbsp;<\/p>\n<h4 style=\"font-size: clamp(2rem, 2.5vw, 10rem); overflow-wrap: break-word; text-align: left;\"><span style=\"color: #82c381;\">N\u00e4sta kursstart: 25 sep<\/span><\/h4>\n<p>[\/vc_column_text][vc_btn title=&#8221;Anm\u00e4l dig h\u00e4r&#8221; style=&#8221;classic&#8221; color=&#8221;primary&#8221; css=&#8221;&#8221; link=&#8221;url:https%3A%2F%2Fwww.studieframjandet.se%2F502701&#8243;][\/vc_column][vc_column width=&#8221;1\/2&#8243;][vc_single_image image=&#8221;1455&#8243; img_size=&#8221;400X400&#8243; alignment=&#8221;center&#8221; css=&#8221;&#8221;][vc_single_image image=&#8221;1455&#8243; img_size=&#8221;lagre&#8221; css=&#8221;&#8221;][\/vc_column][\/vc_row][vc_row][vc_column][\/vc_column][\/vc_row][vc_row][vc_column width=&#8221;1\/2&#8243;][vc_column_text css=&#8221;&#8221;]<\/p>\n<h4 style=\"font-size: clamp(2rem, 2.5vw, 10rem); overflow-wrap: break-word; text-align: left;\"><span style=\"color: #82c381;\">Mini 4H<\/span><\/h4>\n<p>Upplev Mini-4H &#8211; En \u00c4ventyrlig Resa f\u00f6r de Yngsta!<br \/>\n\u00c4r ditt barn redo f\u00f6r ett sp\u00e4nnande \u00e4ventyr p\u00e5 g\u00e5rden? V\u00e4lkommen till Mini-4H, d\u00e4r vi skapar minnen och l\u00e4r oss om djur p\u00e5 ett lekfullt s\u00e4tt. Det h\u00e4r \u00e4r den perfekta starten f\u00f6r v\u00e5ra allra yngsta medlemmar, \u00e5ldrar 3-5 \u00e5r.<br \/>\nVad v\u00e4ntar ditt barn?<br \/>\nP\u00e5 Mini-4H tar vi barnen med p\u00e5 en uppt\u00e4cktsresa genom g\u00e5rden. Tillsammans utforskar vi v\u00e4rlden av djur och natur. Ditt barn kommer att f\u00e5 mata och rida h\u00e4star, pyssla med kreativa projekt och mycket mer. Varje tr\u00e4ff fokuserar vi p\u00e5 ett djurslag, vilket ger ditt barn m\u00f6jlighet att l\u00e4ra sig mer om v\u00e5ra fyrbenta v\u00e4nner.<br \/>\nLekfullt L\u00e4rande:<br \/>\nVi tror p\u00e5 att l\u00e4ra genom lek, och Mini-4H \u00e4r inget undantag. Dina barn kommer att ha s\u00e5 roligt att de inte ens kommer m\u00e4rka hur mycket de l\u00e4r sig om djuren och naturen. Varje tr\u00e4ff \u00e4r en chans att utforska och f\u00f6rst\u00e5 v\u00e4rlden omkring sig.<br \/>\nEtt \u00c4ventyr med Familjen:<br \/>\nEftersom Mini-4H \u00e4r anpassat f\u00f6r de allra yngsta, uppmuntrar vi f\u00f6r\u00e4ldrarnas deltagande. Detta \u00e4r ett fantastiskt tillf\u00e4lle att skapa minnen tillsammans och dela gl\u00e4djen i att utforska naturen och interagera med djuren.<\/p>\n<p>G\u00f6r er redo f\u00f6r en of\u00f6rgl\u00f6mlig resa p\u00e5 Mini-4H. Anm\u00e4l er nu och ge ditt barn en start som de kommer att minnas f\u00f6r livet!<\/p>\n<h4 style=\"font-size: clamp(2rem, 2.5vw, 10rem); overflow-wrap: break-word; text-align: left;\"><span style=\"color: #82c381;\">N\u00e4sta kursstart: 23 sep<\/span><\/h4>\n<p>[\/vc_column_text][vc_btn title=&#8221;Anm\u00e4l dig h\u00e4r&#8221; style=&#8221;classic&#8221; color=&#8221;primary&#8221; css=&#8221;&#8221; link=&#8221;url:https%3A%2F%2Fwww.studieframjandet.se%2F502696&#8243;][\/vc_column][vc_column width=&#8221;1\/2&#8243;][vc_single_image image=&#8221;1465&#8243; img_size=&#8221;400X400&#8243; alignment=&#8221;center&#8221; css=&#8221;&#8221;][\/vc_column][\/vc_row][vc_row][vc_column][\/vc_column][\/vc_row][vc_row][vc_column width=&#8221;1\/2&#8243;][vc_column_text css=&#8221;&#8221;]<\/p>\n<h4 style=\"font-size: clamp(2rem, 2.5vw, 10rem); overflow-wrap: break-word; text-align: left;\"><span style=\"color: #82c381;\">Djursk\u00f6tarkurs<\/span><\/h4>\n<p>\u00c4r du intresserad av djur och g\u00e5rdssk\u00f6tsel? V\u00e5r Djursk\u00f6tarkurs p\u00e5 V\u00e4xj\u00f6 4H-g\u00e5rd \u00e4r perfekt f\u00f6r dig! H\u00e4r f\u00e5r du chansen att arbeta med getter, f\u00e5r, kaniner, ankor, h\u00f6ns, h\u00e4star, grisar och katter.<\/p>\n<p>Under kursen l\u00e4r vi oss tillsammans hur vi b\u00e4st tar hand om g\u00e5rden och djuren. Vi f\u00f6rdjupar oss i vad varje djur beh\u00f6ver f\u00f6r att m\u00e5 bra, deras sk\u00f6tsel och deras beteende. Efter avslutad kurs kommer du att ha gedigen kunskap om djursk\u00f6tsel och hur man sk\u00f6ter en g\u00e5rd.<\/p>\n<p>Anm\u00e4l dig till v\u00e5r Djursk\u00f6tarkurs och bli expert p\u00e5 att ta hand om djur!<\/p>\n<p>Du f\u00e5r kunskap om:<br \/>\nDjursk\u00f6tsel<br \/>\nDjurarter<br \/>\nDjurens beetende<br \/>\nFoderkunskap<\/p>\n<h4 style=\"font-size: clamp(2rem, 2.5vw, 10rem); overflow-wrap: break-word; text-align: left;\"><span style=\"color: #82c381;\">N\u00e4sta kursstart: 23 sep<\/span><\/h4>\n<p>[\/vc_column_text][vc_btn title=&#8221;Anm\u00e4l dig h\u00e4r&#8221; style=&#8221;classic&#8221; color=&#8221;primary&#8221; css=&#8221;&#8221; link=&#8221;url:https%3A%2F%2Fwww.studieframjandet.se%2F502697&#8243;][\/vc_column][vc_column width=&#8221;1\/2&#8243;][vc_single_image image=&#8221;1432&#8243; img_size=&#8221;400X400&#8243; alignment=&#8221;center&#8221; css=&#8221;&#8221;][\/vc_column][\/vc_row][vc_row][vc_column][\/vc_column][\/vc_row][vc_row][vc_column width=&#8221;1\/2&#8243;][vc_column_text css=&#8221;&#8221;]<\/p>\n<h4 style=\"font-size: clamp(2rem, 2.5vw, 10rem); overflow-wrap: break-word; text-align: left;\"><span style=\"color: #82c381;\">H\u00e4stsk\u00f6tarkurs steg 1&nbsp;<\/span><\/h4>\n<p>H\u00e4stsk\u00f6tarkursen v\u00e4nder sig till alla som vill b\u00f6rja med h\u00e4star eller redan g\u00e5r p\u00e5 ridskola men vill l\u00e4ra sig \u00e4nnu mer! P\u00e5 h\u00e4stsk\u00f6tarkursen l\u00e4r vi oss om h\u00e4stens sk\u00f6tsel och hantering. Deltagarna f\u00e5r l\u00e4ra sig om s\u00e4kerhet kring h\u00e4star, h\u00e4stens kroppsspr\u00e5k, l\u00f6sdriften och stallet &#8211; h\u00e4stens hem, h\u00e4stens f\u00e4rger och tecken, den dagliga sk\u00f6tseln av h\u00e4sten, enkel sjukv\u00e5rd, samt om ridning och k\u00f6rning och den utrustning vi anv\u00e4nder till b\u00e5de h\u00e4st och ryttare. Genom olika \u00f6vningar och banor f\u00e5r deltagarna tr\u00e4na p\u00e5 att leda h\u00e4sten och vid ett kurstillf\u00e4lle f\u00e5r deltagarna prova att rida eller k\u00f6ra.<\/p>\n<h4 style=\"font-size: clamp(2rem, 2.5vw, 10rem); overflow-wrap: break-word; text-align: left;\"><span style=\"color: #82c381;\">N\u00e4sta kursstart: Ingen kursstart HT 2025<\/span><\/h4>\n<p>[\/vc_column_text][vc_btn title=&#8221;Anm\u00e4l dig h\u00e4r&#8221; style=&#8221;classic&#8221; color=&#8221;primary&#8221; css=&#8221;&#8221; link=&#8221;url:https%3A%2F%2Fwww.studieframjandet.se%2F500115&#8243;][\/vc_column][vc_column width=&#8221;1\/2&#8243;][vc_single_image image=&#8221;1452&#8243; img_size=&#8221;400X400&#8243; alignment=&#8221;center&#8221; css=&#8221;&#8221;][\/vc_column][\/vc_row][vc_row][vc_column][\/vc_column][\/vc_row][vc_row][vc_column width=&#8221;1\/2&#8243;][vc_column_text css=&#8221;&#8221;]<\/p>\n<h4 style=\"font-size: clamp(2rem, 2.5vw, 10rem); overflow-wrap: break-word; text-align: left;\"><span style=\"color: #82c381;\">H\u00e4stsk\u00f6tarkurs steg 2<\/span><\/h4>\n<p>Vill du ta dina kunskaper om h\u00e4star till n\u00e4sta niv\u00e5? V\u00e5r F\u00f6rdjupade H\u00e4stsk\u00f6tarkurs, Steg 2, \u00e4r perfekt f\u00f6r dig som redan har g\u00e5tt v\u00e5r grundkurs, har grundl\u00e4ggande h\u00e4stkunskaper, eller rider p\u00e5 ridskola och vill l\u00e4ra dig \u00e4nnu mer!<\/p>\n<p>I denna kurs f\u00f6rdjupar vi oss i h\u00e4stens sk\u00f6tsel, utrustning och hantering. Du f\u00e5r l\u00e4ra dig allt om s\u00e4kerhet kring h\u00e4star, h\u00e4stens kroppsspr\u00e5k, och hur du b\u00e4st tar hand om utrustningen. Vi f\u00f6rdjupar oss \u00e4ven i h\u00e4stens kost och vad den beh\u00f6ver f\u00f6r att m\u00e5 bra.<\/p>\n<p>Vi t\u00e4cker \u00e4ven grundl\u00e4ggande sjukv\u00e5rd f\u00f6r h\u00e4star, och g\u00e5r igenom b\u00e5de ridning och k\u00f6rning, inklusive all n\u00f6dv\u00e4ndig utrustning f\u00f6r b\u00e5de h\u00e4st och ryttare. Genom praktiska \u00f6vningar och banor f\u00e5r du tr\u00e4na p\u00e5 att leda h\u00e4sten, och vid ett kurstillf\u00e4lle f\u00e5r du dessutom prova p\u00e5 att rida.<\/p>\n<h4 style=\"font-size: clamp(2rem, 2.5vw, 10rem); overflow-wrap: break-word; text-align: left;\"><span style=\"color: #82c381;\">N\u00e4sta kursstart: Ingen kursstart HT 2025<\/span><\/h4>\n<p>[\/vc_column_text][\/vc_column][vc_column width=&#8221;1\/2&#8243;][vc_single_image image=&#8221;1295&#8243; img_size=&#8221;400X400&#8243; alignment=&#8221;center&#8221; css=&#8221;&#8221;][\/vc_column][\/vc_row][vc_row][vc_column][\/vc_column][\/vc_row][vc_row][vc_column width=&#8221;1\/2&#8243;][vc_column_text css=&#8221;&#8221;]<\/p>\n<h4 style=\"font-size: clamp(2rem, 2.5vw, 10rem); overflow-wrap: break-word; text-align: left;\"><span style=\"color: #82c381;\">H\u00e4stis<\/span><\/h4>\n<p>H\u00e4stis v\u00e4nder sig till alla h\u00e4stintresserade barn som inte \u00e4r gamla nog att delta p\u00e5 g\u00e5rdens h\u00e4stsk\u00f6tarkurser. P\u00e5 H\u00e4stis f\u00e5r deltagarna l\u00e4ra sig om h\u00e4starnas sk\u00f6tsel och vad h\u00e4starna beh\u00f6ver f\u00f6r att m\u00e5 bra. Vi tittar n\u00e4rmare p\u00e5 vad h\u00e4starna \u00e4ter och hur vi ger h\u00e4sten mat. Vi l\u00e4r oss ocks\u00e5 om h\u00e4starnas hem och hur vi sk\u00f6ter det. Vi bekantar oss med utrustningen som anv\u00e4nds till h\u00e4starna och den som vill f\u00e5r prova p\u00e5 att rida. D\u00e5 H\u00e4stis \u00e4r f\u00f6r mindre barn kan engagemang och deltagande fr\u00e5n f\u00f6r\u00e4ldrarna beh\u00f6vas.<\/p>\n<h4 style=\"font-size: clamp(2rem, 2.5vw, 10rem); overflow-wrap: break-word; text-align: left;\"><span style=\"color: #82c381;\">N\u00e4sta kursstart: Ingen kursstart HT 2025<\/span><\/h4>\n<p>[\/vc_column_text][vc_btn title=&#8221;Anm\u00e4l dig h\u00e4r&#8221; style=&#8221;classic&#8221; color=&#8221;primary&#8221; css=&#8221;&#8221; link=&#8221;url:https%3A%2F%2Fwww.studieframjandet.se%2F500111&#8243;][\/vc_column][vc_column width=&#8221;1\/2&#8243;][vc_single_image image=&#8221;1313&#8243; img_size=&#8221;400X400&#8243; alignment=&#8221;center&#8221; css=&#8221;&#8221;][\/vc_column][\/vc_row][vc_row][vc_column][\/vc_column][\/vc_row][vc_row][vc_column width=&#8221;1\/2&#8243;][vc_column_text css=&#8221;&#8221;]<\/p>\n<h4 style=\"font-size: clamp(2rem, 2.5vw, 10rem); overflow-wrap: break-word; text-align: left;\"><span style=\"color: #82c381;\">Utomhusmatlagningskurs<\/span><\/h4>\n<p>En kurs f\u00f6r alla barn som gillar att laga mat. P\u00e5 utomhusmatlagningskurs lagar vi maten tillsammans \u00f6ver \u00f6ppen eld eller stormk\u00f6k. Vi provsmakar givetvis alla r\u00e4tter vi lagar.<br \/>\nVi kommer under kursen att laga nya, gamla, roliga mellanm\u00e5l och sp\u00e4nnande r\u00e4tter utomhus. Under kursen kommer vi l\u00e4ra oss mer om r\u00e5varorna vi anv\u00e4nder, hur det smakar, vilka som passar best f\u00f6r utomhus matlagning och vart de kommer ifr\u00e5n.<br \/>\nVi kommer \u00e4ven testa p\u00e5 olika s\u00e4tt redskap att laga mat p\u00e5 s\u00e5 som stormk\u00f6k, \u00f6ver \u00f6ppen eld och i muurikka.<\/p>\n<h4 style=\"font-size: clamp(2rem, 2.5vw, 10rem); overflow-wrap: break-word; text-align: left;\"><span style=\"color: #82c381;\">N\u00e4sta kursstart: Ingen kursstart HT 2025<\/span><\/h4>\n<p>[\/vc_column_text][\/vc_column][vc_column width=&#8221;1\/2&#8243;][vc_single_image image=&#8221;1466&#8243; img_size=&#8221;400X400&#8243; alignment=&#8221;center&#8221; css=&#8221;&#8221;][\/vc_column][\/vc_row][vc_row][vc_column][\/vc_column][\/vc_row][vc_row][vc_column width=&#8221;1\/2&#8243;][vc_column_text css=&#8221;&#8221;]<\/p>\n<h4 style=\"font-size: clamp(2rem, 2.5vw, 10rem); overflow-wrap: break-word; text-align: left;\"><span style=\"color: #82c381;\">Miniledarutbildning<\/span><\/h4>\n<p>Utbildning f\u00f6r blivande 4H-miniledare!<\/p>\n<p>En sp\u00e4nnande utbildning d\u00e4r du f\u00e5r m\u00f6jlighet att f\u00f6rdjupa dina ledarskapskunskaper inom 4H. Utforska pedagogik, skapa meningsfulla aktiviteter och bli en inspirerande kraft f\u00f6r unga.<\/p>\n<p>Som miniledare p\u00e5 V\u00e4xj\u00f6 4H-g\u00e5rd f\u00e5r du hj\u00e4lpa till p\u00e5 l\u00e4ger och st\u00f6rre aktiviteter som arrangeras av klubben. F\u00f6r att f\u00e5 g\u00e5 miniledarutbildningen beh\u00f6ver du ha g\u00e5tt v\u00e5r g\u00e5rdsv\u00e4rdskurs och vara aktiv i klubben.<\/p>\n<p>Under dagen kommer vi l\u00e4ra oss mer om f\u00f6ljande \u00e4mnen<br \/>\nLekar och samarbets\u00f6vningar.<br \/>\nGruppdynamik<br \/>\nMatallergier<br \/>\nUppl\u00e4gg p\u00e5 v\u00e5ra l\u00e4ger<br \/>\nS\u00e4kerhet och ansvar<br \/>\nF\u00f6rm\u00e5ga att inspirera<br \/>\nLedarskap<\/p>\n<p>F\u00f6r att g\u00e5 denna utbildning m\u00e5ste du har g\u00e5tt v\u00e5r g\u00e5rdsv\u00e4rdsutbildning<\/p>\n<h4 style=\"font-size: clamp(2rem, 2.5vw, 10rem); overflow-wrap: break-word; text-align: left;\"><span style=\"color: #82c381;\">N\u00e4sta kursstart:&nbsp;<\/span><\/h4>\n<p>[\/vc_column_text][vc_btn title=&#8221;Anm\u00e4l dig h\u00e4r&#8221; style=&#8221;classic&#8221; color=&#8221;primary&#8221; css=&#8221;&#8221; link=&#8221;url:http%3A%2F%2Fwww.studieframjandet.se%2F500934&#8243;][\/vc_column][vc_column width=&#8221;1\/2&#8243;][vc_single_image image=&#8221;1464&#8243; img_size=&#8221;400X400&#8243; alignment=&#8221;center&#8221; css=&#8221;&#8221;][\/vc_column][\/vc_row][vc_row][vc_column][\/vc_column][vc_column width=&#8221;1\/2&#8243;][vc_column_text css=&#8221;&#8221;]<\/p>\n<h4 style=\"font-size: clamp(2rem, 2.5vw, 10rem); overflow-wrap: break-word; text-align: left;\"><span style=\"color: #82c381;\">G\u00e5rdsv\u00e4rdsutbildning<\/span><\/h4>\n<p>Vill du hj\u00e4lpa till p\u00e5 g\u00e5rden under v\u00e5ra l\u00f6rdagsaktiviteter, fodra djuren och visa upp v\u00e5r g\u00e5rd? En kort utbildning f\u00f6r v\u00e5ra ledare eller de som vill bli ledare i V\u00e4xj\u00f6 4H-klubb . Vi g\u00e5r under dagen igenom f\u00f6ljande kunskapsomr\u00e5den.<br \/>\n&#8211; Guideteknik<br \/>\n&#8211; Djursk\u00f6tsel<br \/>\n&#8211; G\u00e5rdskunskap<br \/>\n&#8211; V\u00e4rdskap<\/p>\n<p>Efter genomf\u00f6rd kurs f\u00e5r man hj\u00e4lpa till under v\u00e5ra l\u00f6rdagsaktiviteter p\u00e5 V\u00e4xj\u00f6 4H-g\u00e5rd.<\/p>\n<h4 style=\"font-size: clamp(2rem, 2.5vw, 10rem); overflow-wrap: break-word; text-align: left;\"><span style=\"color: #82c381;\">N\u00e4sta kursstart:<\/span><\/h4>\n<p>[\/vc_column_text][\/vc_column][vc_column width=&#8221;1\/2&#8243;][vc_single_image image=&#8221;1367&#8243; img_size=&#8221;400X400&#8243; alignment=&#8221;center&#8221; css=&#8221;&#8221;][\/vc_column][\/vc_row][vc_row][vc_column width=&#8221;1\/3&#8243; offset=&#8221;vc_hidden-md vc_hidden-sm vc_hidden-xs&#8221;][\/vc_column][vc_column width=&#8221;1\/3&#8243;][vc_single_image image=&#8221;984&#8243; img_size=&#8221;large&#8221; alignment=&#8221;center&#8221; css=&#8221;&#8221;][\/vc_column][vc_column width=&#8221;1\/3&#8243; offset=&#8221;vc_hidden-md vc_hidden-sm vc_hidden-xs&#8221;][\/vc_column][\/vc_row]<\/p>\n<\/div>","protected":false},"excerpt":{"rendered":"<p>[vc_row][vc_column][vc_column_text css=&#8221;&#8221;] V\u00e5ra kurser [\/vc_column_text][\/vc_column][\/vc_row][vc_row][vc_column width=&#8221;1\/2&#8243;][vc_column_text css=&#8221;&#8221;] Kl\u00f6verklubben \u00c4ventyret b\u00f6rjar efter skolan! Tr\u00f6tt p\u00e5 tr\u00e5kiga eftermiddagar? D\u00e5 \u00e4r det dags att styra stegen mot Kl\u00f6verklubben p\u00e5 V\u00e4xj\u00f6 4H-g\u00e5rd! H\u00e4r v\u00e4ntar gosiga djur, roliga aktiviteter, nya kompisar och massa skratt. Det b\u00e4sta av allt? Du \u00e4r med och best\u00e4mmer vad vi hittar p\u00e5! Vi ses varje&nbsp; <a href=\"https:\/\/www.4h.se\/vaxjo\/djurtraningskurs\/\">&hellip; Read more <i class=\"glyphicon glyphicon-arrow-right\"><\/i><\/a><\/p>\n","protected":false},"author":229,"featured_media":0,"parent":0,"menu_order":0,"comment_status":"closed","ping_status":"closed","template":"","meta":{"footnotes":""},"class_list":["post-1165","page","type-page","status-publish","hentry"],"yoast_head":"<!-- This site is optimized with the Yoast SEO plugin v27.4 - https:\/\/yoast.com\/product\/yoast-seo-wordpress\/ -->\n<title>Djurtr\u00e4ningskurs - V\u00e4xj\u00f6 4H-g\u00e5rd<\/title>\n<meta name=\"description\" content=\"P\u00e5 denna kursen kommer vi under \u00e5tta veckor att tr\u00e4na djuren utifr\u00e5n deras m\u00f6jligheter och l\u00e4ra oss en del om de olika s\u00e4tten att tr\u00e4na djur.\" \/>\n<meta name=\"robots\" content=\"index, follow, max-snippet:-1, max-image-preview:large, max-video-preview:-1\" \/>\n<link rel=\"canonical\" href=\"https:\/\/www.4h.se\/vaxjo\/djurtraningskurs\/\" \/>\n<meta property=\"og:locale\" content=\"sv_SE\" \/>\n<meta property=\"og:type\" content=\"article\" \/>\n<meta property=\"og:title\" content=\"Djurtr\u00e4ningskurs - V\u00e4xj\u00f6 4H-g\u00e5rd\" \/>\n<meta property=\"og:description\" content=\"P\u00e5 denna kursen kommer vi under \u00e5tta veckor att tr\u00e4na djuren utifr\u00e5n deras m\u00f6jligheter och l\u00e4ra oss en del om de olika s\u00e4tten att tr\u00e4na djur.\" \/>\n<meta property=\"og:url\" content=\"https:\/\/www.4h.se\/vaxjo\/djurtraningskurs\/\" \/>\n<meta property=\"og:site_name\" content=\"V\u00e4xj\u00f6 4H-g\u00e5rd\" \/>\n<meta property=\"article:modified_time\" content=\"2025-09-16T11:04:20+00:00\" \/>\n<meta name=\"twitter:card\" content=\"summary_large_image\" \/>\n<script type=\"application\/ld+json\" class=\"yoast-schema-graph\">{\"@context\":\"https:\\\/\\\/schema.org\",\"@graph\":[{\"@type\":\"WebPage\",\"@id\":\"https:\\\/\\\/www.4h.se\\\/vaxjo\\\/djurtraningskurs\\\/\",\"url\":\"https:\\\/\\\/www.4h.se\\\/vaxjo\\\/djurtraningskurs\\\/\",\"name\":\"Djurtr\u00e4ningskurs - V\u00e4xj\u00f6 4H-g\u00e5rd\",\"isPartOf\":{\"@id\":\"https:\\\/\\\/www.4h.se\\\/vaxjo\\\/#website\"},\"datePublished\":\"2022-09-28T10:43:35+00:00\",\"dateModified\":\"2025-09-16T11:04:20+00:00\",\"description\":\"P\u00e5 denna kursen kommer vi under \u00e5tta veckor att tr\u00e4na djuren utifr\u00e5n deras m\u00f6jligheter och l\u00e4ra oss en del om de olika s\u00e4tten att tr\u00e4na djur.\",\"breadcrumb\":{\"@id\":\"https:\\\/\\\/www.4h.se\\\/vaxjo\\\/djurtraningskurs\\\/#breadcrumb\"},\"inLanguage\":\"sv-SE\",\"potentialAction\":[{\"@type\":\"ReadAction\",\"target\":[\"https:\\\/\\\/www.4h.se\\\/vaxjo\\\/djurtraningskurs\\\/\"]}]},{\"@type\":\"BreadcrumbList\",\"@id\":\"https:\\\/\\\/www.4h.se\\\/vaxjo\\\/djurtraningskurs\\\/#breadcrumb\",\"itemListElement\":[{\"@type\":\"ListItem\",\"position\":1,\"name\":\"Hem\",\"item\":\"https:\\\/\\\/www.4h.se\\\/vaxjo\\\/\"},{\"@type\":\"ListItem\",\"position\":2,\"name\":\"Djurtr\u00e4ningskurs\"}]},{\"@type\":\"WebSite\",\"@id\":\"https:\\\/\\\/www.4h.se\\\/vaxjo\\\/#website\",\"url\":\"https:\\\/\\\/www.4h.se\\\/vaxjo\\\/\",\"name\":\"V\u00e4xj\u00f6 4H-g\u00e5rd\",\"description\":\"L\u00e4ra genom att g\u00f6ra\",\"potentialAction\":[{\"@type\":\"SearchAction\",\"target\":{\"@type\":\"EntryPoint\",\"urlTemplate\":\"https:\\\/\\\/www.4h.se\\\/vaxjo\\\/?s={search_term_string}\"},\"query-input\":{\"@type\":\"PropertyValueSpecification\",\"valueRequired\":true,\"valueName\":\"search_term_string\"}}],\"inLanguage\":\"sv-SE\"}]}<\/script>\n<!-- \/ Yoast SEO plugin. -->","yoast_head_json":{"title":"Djurtr\u00e4ningskurs - V\u00e4xj\u00f6 4H-g\u00e5rd","description":"P\u00e5 denna kursen kommer vi under \u00e5tta veckor att tr\u00e4na djuren utifr\u00e5n deras m\u00f6jligheter och l\u00e4ra oss en del om de olika s\u00e4tten att tr\u00e4na djur.","robots":{"index":"index","follow":"follow","max-snippet":"max-snippet:-1","max-image-preview":"max-image-preview:large","max-video-preview":"max-video-preview:-1"},"canonical":"https:\/\/www.4h.se\/vaxjo\/djurtraningskurs\/","og_locale":"sv_SE","og_type":"article","og_title":"Djurtr\u00e4ningskurs - V\u00e4xj\u00f6 4H-g\u00e5rd","og_description":"P\u00e5 denna kursen kommer vi under \u00e5tta veckor att tr\u00e4na djuren utifr\u00e5n deras m\u00f6jligheter och l\u00e4ra oss en del om de olika s\u00e4tten att tr\u00e4na djur.","og_url":"https:\/\/www.4h.se\/vaxjo\/djurtraningskurs\/","og_site_name":"V\u00e4xj\u00f6 4H-g\u00e5rd","article_modified_time":"2025-09-16T11:04:20+00:00","twitter_card":"summary_large_image","schema":{"@context":"https:\/\/schema.org","@graph":[{"@type":"WebPage","@id":"https:\/\/www.4h.se\/vaxjo\/djurtraningskurs\/","url":"https:\/\/www.4h.se\/vaxjo\/djurtraningskurs\/","name":"Djurtr\u00e4ningskurs - V\u00e4xj\u00f6 4H-g\u00e5rd","isPartOf":{"@id":"https:\/\/www.4h.se\/vaxjo\/#website"},"datePublished":"2022-09-28T10:43:35+00:00","dateModified":"2025-09-16T11:04:20+00:00","description":"P\u00e5 denna kursen kommer vi under \u00e5tta veckor att tr\u00e4na djuren utifr\u00e5n deras m\u00f6jligheter och l\u00e4ra oss en del om de olika s\u00e4tten att tr\u00e4na djur.","breadcrumb":{"@id":"https:\/\/www.4h.se\/vaxjo\/djurtraningskurs\/#breadcrumb"},"inLanguage":"sv-SE","potentialAction":[{"@type":"ReadAction","target":["https:\/\/www.4h.se\/vaxjo\/djurtraningskurs\/"]}]},{"@type":"BreadcrumbList","@id":"https:\/\/www.4h.se\/vaxjo\/djurtraningskurs\/#breadcrumb","itemListElement":[{"@type":"ListItem","position":1,"name":"Hem","item":"https:\/\/www.4h.se\/vaxjo\/"},{"@type":"ListItem","position":2,"name":"Djurtr\u00e4ningskurs"}]},{"@type":"WebSite","@id":"https:\/\/www.4h.se\/vaxjo\/#website","url":"https:\/\/www.4h.se\/vaxjo\/","name":"V\u00e4xj\u00f6 4H-g\u00e5rd","description":"L\u00e4ra genom att g\u00f6ra","potentialAction":[{"@type":"SearchAction","target":{"@type":"EntryPoint","urlTemplate":"https:\/\/www.4h.se\/vaxjo\/?s={search_term_string}"},"query-input":{"@type":"PropertyValueSpecification","valueRequired":true,"valueName":"search_term_string"}}],"inLanguage":"sv-SE"}]}},"_links":{"self":[{"href":"https:\/\/www.4h.se\/vaxjo\/wp-json\/wp\/v2\/pages\/1165","targetHints":{"allow":["GET"]}}],"collection":[{"href":"https:\/\/www.4h.se\/vaxjo\/wp-json\/wp\/v2\/pages"}],"about":[{"href":"https:\/\/www.4h.se\/vaxjo\/wp-json\/wp\/v2\/types\/page"}],"author":[{"embeddable":true,"href":"https:\/\/www.4h.se\/vaxjo\/wp-json\/wp\/v2\/users\/229"}],"replies":[{"embeddable":true,"href":"https:\/\/www.4h.se\/vaxjo\/wp-json\/wp\/v2\/comments?post=1165"}],"version-history":[{"count":0,"href":"https:\/\/www.4h.se\/vaxjo\/wp-json\/wp\/v2\/pages\/1165\/revisions"}],"wp:attachment":[{"href":"https:\/\/www.4h.se\/vaxjo\/wp-json\/wp\/v2\/media?parent=1165"}],"curies":[{"name":"wp","href":"https:\/\/api.w.org\/{rel}","templated":true}]}}