



{"id":1161,"date":"2022-09-22T16:28:25","date_gmt":"2022-09-22T14:28:25","guid":{"rendered":"https:\/\/www.4h.se\/vaxjo\/?page_id=1161"},"modified":"2023-07-18T11:36:59","modified_gmt":"2023-07-18T09:36:59","slug":"olandshons","status":"publish","type":"page","link":"https:\/\/www.4h.se\/vaxjo\/olandshons\/","title":{"rendered":"\u00d6landsh\u00f6ns"},"content":{"rendered":"<div class=\"wpb-content-wrapper\"><p>[vc_row][vc_column][vc_column_text]<\/p>\n<h1 style=\"text-align: center;\"><span style=\"color: #006340;\">\u00d6landsh\u00f6ns<\/span><\/h1>\n<p>&nbsp;<\/p>\n<h4>P\u00e5 g\u00e5rden lever 5 glada \u00d6landsh\u00f6nor (Helene, Helga, Hilda, Hera och Hedvig) och en stolt tupp som kallas f\u00f6r Stefan. H\u00f6nsen f\u00e5r g\u00e5 fritt p\u00e5 g\u00e5rden och leta sj\u00e4lvst\u00e4ndiga efter godbitar som maskar eller mat som andra djur inte har hunnit \u00e4ta upp. P\u00e5 morgonen finns det ofta \u00e4gg som vi kan plocka och baka med till exempel.<\/h4>\n<p>[\/vc_column_text][\/vc_column][\/vc_row][vc_row][vc_column width=&#8221;1\/2&#8243;][vc_single_image image=&#8221;1073&#8243; img_size=&#8221;3333 \u00d7 2223&#8243;][\/vc_column][vc_column width=&#8221;1\/2&#8243;][vc_column_text]<\/p>\n<h3 style=\"text-align: justify\"><span style=\"color: #006340\">Fakta om\u00a0\u00d6landsh\u00f6ns<\/span><\/h3>\n<p>&nbsp;<\/p>\n<p><strong>Latinsk namn:\u00a0<\/strong>Gallus gallus domesticus<\/p>\n<p><strong>Ordning:\u00a0<\/strong>H\u00f6nsf\u00e5glar<\/p>\n<p><strong>Familj:\u00a0<\/strong>F\u00e4lth\u00f6ns<\/p>\n<p><strong>Vikt:\u00a0\u00a0<\/strong>2 kg f\u00f6r h\u00f6nsen och omkring 3 kg f\u00f6r tupparna<\/p>\n<p><strong>F\u00f6da:\u00a0<\/strong>V\u00e4xter och sm\u00e5djur<\/p>\n<p><strong>\u00c5lder: <\/strong>5 &#8211; 10 \u00e5r[\/vc_column_text][\/vc_column][\/vc_row][vc_row][vc_column width=&#8221;1\/2&#8243;][vc_column_text]<\/p>\n<h3><span style=\"color: #006340\">Dinosauriernas avkomling<\/span><\/h3>\n<p>Dagens h\u00f6ns (gallus gallus domesticus) h\u00e4rstammar fr\u00e5n r\u00f6d djungelh\u00f6ns (gallus gallus). De \u00e4r h\u00e4lften s\u00e5 stora, v\u00e4xer l\u00e5ngsamt och l\u00e4gger f\u00e5 \u00e4gg. \u00c4ggen \u00e4r h\u00e4lften s\u00e5 stora som vanliga \u00e4gg.Man tror att h\u00f6ns blev tamdjur s\u00e5 tidigt som f\u00f6r 8000 \u00e5r sedan.\u00a0De stora dinosaurierna dog ut f\u00f6r cirka 65 miljoner \u00e5r sedan, men n\u00e5gra sm\u00e5 fj\u00e4derkl\u00e4dda dinosaurier levde vidare och d\u00e4rifr\u00e5n h\u00e4rstammar dagens\u00a0h\u00f6ns.[\/vc_column_text][vc_single_image image=&#8221;376&#8243; img_size=&#8221;medium&#8221;][\/vc_column][vc_column width=&#8221;1\/2&#8243;][vc_single_image image=&#8221;1182&#8243; img_size=&#8221;2991 \u00d7 3140&#8243;][\/vc_column][\/vc_row][vc_row][vc_column][vc_separator color=&#8221;custom&#8221; border_width=&#8221;3&#8243; accent_color=&#8221;#006340&#8243;][vc_column_text]<\/p>\n<h3 style=\"text-align: center\"><span style=\"color: #006340\">V\u00e5ra h\u00f6ns<\/span><\/h3>\n<p>[\/vc_column_text][\/vc_column][\/vc_row][vc_row][vc_column width=&#8221;1\/4&#8243;][vc_single_image image=&#8221;1250&#8243; img_size=&#8221;300&#215;200&#8243;][\/vc_column][vc_column width=&#8221;1\/4&#8243;][vc_single_image image=&#8221;1201&#8243; img_size=&#8221;300&#215;200&#8243;][\/vc_column][vc_column width=&#8221;1\/4&#8243;][vc_single_image image=&#8221;1202&#8243; img_size=&#8221;300&#215;200&#8243;][\/vc_column][vc_column width=&#8221;1\/4&#8243;][vc_single_image image=&#8221;1249&#8243; img_size=&#8221;300&#215;200&#8243;][\/vc_column][\/vc_row][vc_row][vc_column width=&#8221;1\/4&#8243;][\/vc_column][vc_column width=&#8221;1\/4&#8243;][\/vc_column][vc_column width=&#8221;1\/4&#8243;][\/vc_column][vc_column width=&#8221;1\/4&#8243;][\/vc_column][\/vc_row][vc_row][vc_column][\/vc_column][\/vc_row]<\/p>\n<\/div>","protected":false},"excerpt":{"rendered":"<p>[vc_row][vc_column][vc_column_text] \u00d6landsh\u00f6ns &nbsp; P\u00e5 g\u00e5rden lever 5 glada \u00d6landsh\u00f6nor (Helene, Helga, Hilda, Hera och Hedvig) och en stolt tupp som kallas f\u00f6r Stefan. H\u00f6nsen f\u00e5r g\u00e5 fritt p\u00e5 g\u00e5rden och leta sj\u00e4lvst\u00e4ndiga efter godbitar som maskar eller mat som andra djur inte har hunnit \u00e4ta upp. P\u00e5 morgonen finns det ofta \u00e4gg som vi kan&nbsp; <a href=\"https:\/\/www.4h.se\/vaxjo\/olandshons\/\">&hellip; Read more <i class=\"glyphicon glyphicon-arrow-right\"><\/i><\/a><\/p>\n","protected":false},"author":229,"featured_media":0,"parent":0,"menu_order":0,"comment_status":"closed","ping_status":"closed","template":"","meta":{"footnotes":""},"class_list":["post-1161","page","type-page","status-publish","hentry"],"yoast_head":"<!-- This site is optimized with the Yoast SEO plugin v27.4 - https:\/\/yoast.com\/product\/yoast-seo-wordpress\/ -->\n<title>\u00d6landsh\u00f6ns - V\u00e4xj\u00f6 4H-g\u00e5rd<\/title>\n<meta name=\"robots\" content=\"index, follow, max-snippet:-1, max-image-preview:large, max-video-preview:-1\" \/>\n<link rel=\"canonical\" href=\"https:\/\/www.4h.se\/vaxjo\/olandshons\/\" \/>\n<meta property=\"og:locale\" content=\"sv_SE\" \/>\n<meta property=\"og:type\" content=\"article\" \/>\n<meta property=\"og:title\" content=\"\u00d6landsh\u00f6ns - V\u00e4xj\u00f6 4H-g\u00e5rd\" \/>\n<meta property=\"og:description\" content=\"[vc_row][vc_column][vc_column_text] \u00d6landsh\u00f6ns &nbsp; P\u00e5 g\u00e5rden lever 5 glada \u00d6landsh\u00f6nor (Helene, Helga, Hilda, Hera och Hedvig) och en stolt tupp som kallas f\u00f6r Stefan. H\u00f6nsen f\u00e5r g\u00e5 fritt p\u00e5 g\u00e5rden och leta sj\u00e4lvst\u00e4ndiga efter godbitar som maskar eller mat som andra djur inte har hunnit \u00e4ta upp. P\u00e5 morgonen finns det ofta \u00e4gg som vi kan&nbsp; &hellip; Read more\" \/>\n<meta property=\"og:url\" content=\"https:\/\/www.4h.se\/vaxjo\/olandshons\/\" \/>\n<meta property=\"og:site_name\" content=\"V\u00e4xj\u00f6 4H-g\u00e5rd\" \/>\n<meta property=\"article:modified_time\" content=\"2023-07-18T09:36:59+00:00\" \/>\n<meta name=\"twitter:card\" content=\"summary_large_image\" \/>\n<meta name=\"twitter:label1\" content=\"Ber\u00e4knad l\u00e4stid\" \/>\n\t<meta name=\"twitter:data1\" content=\"2 minuter\" \/>\n<script type=\"application\/ld+json\" class=\"yoast-schema-graph\">{\"@context\":\"https:\\\/\\\/schema.org\",\"@graph\":[{\"@type\":\"WebPage\",\"@id\":\"https:\\\/\\\/www.4h.se\\\/vaxjo\\\/olandshons\\\/\",\"url\":\"https:\\\/\\\/www.4h.se\\\/vaxjo\\\/olandshons\\\/\",\"name\":\"\u00d6landsh\u00f6ns - V\u00e4xj\u00f6 4H-g\u00e5rd\",\"isPartOf\":{\"@id\":\"https:\\\/\\\/www.4h.se\\\/vaxjo\\\/#website\"},\"datePublished\":\"2022-09-22T14:28:25+00:00\",\"dateModified\":\"2023-07-18T09:36:59+00:00\",\"breadcrumb\":{\"@id\":\"https:\\\/\\\/www.4h.se\\\/vaxjo\\\/olandshons\\\/#breadcrumb\"},\"inLanguage\":\"sv-SE\",\"potentialAction\":[{\"@type\":\"ReadAction\",\"target\":[\"https:\\\/\\\/www.4h.se\\\/vaxjo\\\/olandshons\\\/\"]}]},{\"@type\":\"BreadcrumbList\",\"@id\":\"https:\\\/\\\/www.4h.se\\\/vaxjo\\\/olandshons\\\/#breadcrumb\",\"itemListElement\":[{\"@type\":\"ListItem\",\"position\":1,\"name\":\"Hem\",\"item\":\"https:\\\/\\\/www.4h.se\\\/vaxjo\\\/\"},{\"@type\":\"ListItem\",\"position\":2,\"name\":\"\u00d6landsh\u00f6ns\"}]},{\"@type\":\"WebSite\",\"@id\":\"https:\\\/\\\/www.4h.se\\\/vaxjo\\\/#website\",\"url\":\"https:\\\/\\\/www.4h.se\\\/vaxjo\\\/\",\"name\":\"V\u00e4xj\u00f6 4H-g\u00e5rd\",\"description\":\"L\u00e4ra genom att g\u00f6ra\",\"potentialAction\":[{\"@type\":\"SearchAction\",\"target\":{\"@type\":\"EntryPoint\",\"urlTemplate\":\"https:\\\/\\\/www.4h.se\\\/vaxjo\\\/?s={search_term_string}\"},\"query-input\":{\"@type\":\"PropertyValueSpecification\",\"valueRequired\":true,\"valueName\":\"search_term_string\"}}],\"inLanguage\":\"sv-SE\"}]}<\/script>\n<!-- \/ Yoast SEO plugin. -->","yoast_head_json":{"title":"\u00d6landsh\u00f6ns - V\u00e4xj\u00f6 4H-g\u00e5rd","robots":{"index":"index","follow":"follow","max-snippet":"max-snippet:-1","max-image-preview":"max-image-preview:large","max-video-preview":"max-video-preview:-1"},"canonical":"https:\/\/www.4h.se\/vaxjo\/olandshons\/","og_locale":"sv_SE","og_type":"article","og_title":"\u00d6landsh\u00f6ns - V\u00e4xj\u00f6 4H-g\u00e5rd","og_description":"[vc_row][vc_column][vc_column_text] \u00d6landsh\u00f6ns &nbsp; P\u00e5 g\u00e5rden lever 5 glada \u00d6landsh\u00f6nor (Helene, Helga, Hilda, Hera och Hedvig) och en stolt tupp som kallas f\u00f6r Stefan. H\u00f6nsen f\u00e5r g\u00e5 fritt p\u00e5 g\u00e5rden och leta sj\u00e4lvst\u00e4ndiga efter godbitar som maskar eller mat som andra djur inte har hunnit \u00e4ta upp. P\u00e5 morgonen finns det ofta \u00e4gg som vi kan&nbsp; &hellip; Read more","og_url":"https:\/\/www.4h.se\/vaxjo\/olandshons\/","og_site_name":"V\u00e4xj\u00f6 4H-g\u00e5rd","article_modified_time":"2023-07-18T09:36:59+00:00","twitter_card":"summary_large_image","twitter_misc":{"Ber\u00e4knad l\u00e4stid":"2 minuter"},"schema":{"@context":"https:\/\/schema.org","@graph":[{"@type":"WebPage","@id":"https:\/\/www.4h.se\/vaxjo\/olandshons\/","url":"https:\/\/www.4h.se\/vaxjo\/olandshons\/","name":"\u00d6landsh\u00f6ns - V\u00e4xj\u00f6 4H-g\u00e5rd","isPartOf":{"@id":"https:\/\/www.4h.se\/vaxjo\/#website"},"datePublished":"2022-09-22T14:28:25+00:00","dateModified":"2023-07-18T09:36:59+00:00","breadcrumb":{"@id":"https:\/\/www.4h.se\/vaxjo\/olandshons\/#breadcrumb"},"inLanguage":"sv-SE","potentialAction":[{"@type":"ReadAction","target":["https:\/\/www.4h.se\/vaxjo\/olandshons\/"]}]},{"@type":"BreadcrumbList","@id":"https:\/\/www.4h.se\/vaxjo\/olandshons\/#breadcrumb","itemListElement":[{"@type":"ListItem","position":1,"name":"Hem","item":"https:\/\/www.4h.se\/vaxjo\/"},{"@type":"ListItem","position":2,"name":"\u00d6landsh\u00f6ns"}]},{"@type":"WebSite","@id":"https:\/\/www.4h.se\/vaxjo\/#website","url":"https:\/\/www.4h.se\/vaxjo\/","name":"V\u00e4xj\u00f6 4H-g\u00e5rd","description":"L\u00e4ra genom att g\u00f6ra","potentialAction":[{"@type":"SearchAction","target":{"@type":"EntryPoint","urlTemplate":"https:\/\/www.4h.se\/vaxjo\/?s={search_term_string}"},"query-input":{"@type":"PropertyValueSpecification","valueRequired":true,"valueName":"search_term_string"}}],"inLanguage":"sv-SE"}]}},"_links":{"self":[{"href":"https:\/\/www.4h.se\/vaxjo\/wp-json\/wp\/v2\/pages\/1161","targetHints":{"allow":["GET"]}}],"collection":[{"href":"https:\/\/www.4h.se\/vaxjo\/wp-json\/wp\/v2\/pages"}],"about":[{"href":"https:\/\/www.4h.se\/vaxjo\/wp-json\/wp\/v2\/types\/page"}],"author":[{"embeddable":true,"href":"https:\/\/www.4h.se\/vaxjo\/wp-json\/wp\/v2\/users\/229"}],"replies":[{"embeddable":true,"href":"https:\/\/www.4h.se\/vaxjo\/wp-json\/wp\/v2\/comments?post=1161"}],"version-history":[{"count":0,"href":"https:\/\/www.4h.se\/vaxjo\/wp-json\/wp\/v2\/pages\/1161\/revisions"}],"wp:attachment":[{"href":"https:\/\/www.4h.se\/vaxjo\/wp-json\/wp\/v2\/media?parent=1161"}],"curies":[{"name":"wp","href":"https:\/\/api.w.org\/{rel}","templated":true}]}}