



{"id":1157,"date":"2022-09-19T15:19:29","date_gmt":"2022-09-19T13:19:29","guid":{"rendered":"https:\/\/www.4h.se\/vaxjo\/?page_id=1157"},"modified":"2025-06-10T13:14:35","modified_gmt":"2025-06-10T11:14:35","slug":"arskurs-5-6","status":"publish","type":"page","link":"https:\/\/www.4h.se\/vaxjo\/arskurs-5-6\/","title":{"rendered":"\u00c5rskurs 5 &#8211; 6"},"content":{"rendered":"<div class=\"wpb-content-wrapper\"><p>[vc_row][vc_column][vc_column_text css=&#8221;&#8221;]<\/p>\n<h1 style=\"text-align: center; font-size: clamp(4rem, 4vw, 20rem); overflow-wrap: break-word;\"><span style=\"color: #f1a41e;\">Studiebes\u00f6k \u00e5rskurs 5 -6<\/span><\/h1>\n<p>[\/vc_column_text][\/vc_column][\/vc_row][vc_row][vc_column width=&#8221;2\/3&#8243;][vc_column_text css=&#8221;&#8221;]<\/p>\n<h4 style=\"font-size: clamp(2rem, 2.5vw, 10rem); overflow-wrap: break-word; text-align: left;\"><span style=\"color: #82c381;\">Djurguidning<\/span><\/h4>\n<p>Ni f\u00e5r en rundtur p\u00e5 g\u00e5rden och h\u00e4lsa p\u00e5 djuren. Personalen ber\u00e4ttar lite om de olika djuren och vi h\u00e4lsar p\u00e5 inne hos kaninerna, vi g\u00e5r in till h\u00f6nsen f\u00f6r att leta \u00e4gg och klappar p\u00e5 f\u00e5ren.<\/p>\n<p>&nbsp;<\/p>\n<p>Bes\u00f6ket tar ca 45 minuter<\/p>\n<p><strong>Pris:<\/strong> 400kr \/ max 15 barn<\/p>\n<h6 style=\"font-size: clamp(1rem, 1.5vw, 6rem); overflow-wrap: break-word;\"><span style=\"color: #82c381;\">Koppling till LGR 22:<\/span><\/h6>\n<p><strong>Normer och v\u00e4rden:<\/strong><\/p>\n<ul>\n<li>Visar respekt f\u00f6r och omsorg om s\u00e5v\u00e4l n\u00e4rmilj\u00f6n som milj\u00f6n i ett vidare perspektiv<\/li>\n<\/ul>\n<p><strong>Idrott och h\u00e4lsa:<\/strong><\/p>\n<ul>\n<li>R\u00f6relser i skiftande natur- och utemilj\u00f6er under olika \u00e5rstider.<\/li>\n<\/ul>\n<p><strong>Biologi:<\/strong><\/p>\n<ul>\n<li>Vad \u00e4r liv<\/li>\n<li>Biologisk m\u00e5ngfald och organismers anpassningar till milj\u00f6n<\/li>\n<li>N\u00e4ringskedjor och kretslopp i n\u00e4rmilj\u00f6n. Djur, v\u00e4xters och svampars samspel med varandra och hur m\u00e5nga milj\u00f6faktorer p\u00e5verkar dem.<\/li>\n<li>Hur djur, v\u00e4xter och svampar kan identifieras och grupperas p\u00e5 ett systematiskt s\u00e4tt, samt namn p\u00e5 n\u00e5gra vanliga f\u00f6rekommande arter.<\/li>\n<\/ul>\n<p>&nbsp;[\/vc_column_text][\/vc_column][vc_column width=&#8221;1\/3&#8243;][vc_single_image image=&#8221;1405&#8243; img_size=&#8221;large&#8221; alignment=&#8221;center&#8221; css=&#8221;&#8221;][vc_row_inner][vc_column_inner offset=&#8221;vc_hidden-md vc_hidden-sm vc_hidden-xs&#8221;][vc_single_image image=&#8221;1356&#8243; img_size=&#8221;large&#8221; alignment=&#8221;center&#8221; css=&#8221;&#8221;][\/vc_column_inner][\/vc_row_inner][\/vc_column][\/vc_row][vc_row][vc_column][vc_separator color=&#8221;custom&#8221; border_width=&#8221;3&#8243; accent_color=&#8221;#006340&#8243;][vc_column_text css=&#8221;&#8221;]<\/p>\n<h6 style=\"text-align: center; font-size: clamp(1rem, 1.5vw, 6rem); overflow-wrap: break-word;\"><span style=\"color: #f1a41e;\">Ni kan k\u00f6pa till<\/span><\/h6>\n<p style=\"text-align: center;\">Grillplatsen,\u00a0100 kr.\u00a0Ved ing\u00e5r.<\/p>\n<p style=\"text-align: center;\">Ponnyridning, 300 kr\/h\u00e4st + 20 kr\/barn<\/p>\n<p>[\/vc_column_text][vc_btn title=&#8221;BOKA NU&#8221; style=&#8221;classic&#8221; shape=&#8221;square&#8221; color=&#8221;primary&#8221; size=&#8221;lg&#8221; align=&#8221;center&#8221; css=&#8221;&#8221; link=&#8221;url:https%3A%2F%2Fwww.4h.se%2Fvaxjo%2Fbokning-studiebesok%2F|title:Bokning%20Studiebes%C3%B6k|target:_blank&#8221;][\/vc_column][\/vc_row]<\/p>\n<\/div>","protected":false},"excerpt":{"rendered":"<p>[vc_row][vc_column][vc_column_text css=&#8221;&#8221;] Studiebes\u00f6k \u00e5rskurs 5 -6 [\/vc_column_text][\/vc_column][\/vc_row][vc_row][vc_column width=&#8221;2\/3&#8243;][vc_column_text css=&#8221;&#8221;] Djurguidning Ni f\u00e5r en rundtur p\u00e5 g\u00e5rden och h\u00e4lsa p\u00e5 djuren. Personalen ber\u00e4ttar lite om de olika djuren och vi h\u00e4lsar p\u00e5 inne hos kaninerna, vi g\u00e5r in till h\u00f6nsen f\u00f6r att leta \u00e4gg och klappar p\u00e5 f\u00e5ren. &nbsp; Bes\u00f6ket tar ca 45 minuter Pris: 400kr&nbsp; <a href=\"https:\/\/www.4h.se\/vaxjo\/arskurs-5-6\/\">&hellip; Read more <i class=\"glyphicon glyphicon-arrow-right\"><\/i><\/a><\/p>\n","protected":false},"author":229,"featured_media":0,"parent":0,"menu_order":0,"comment_status":"closed","ping_status":"closed","template":"","meta":{"footnotes":""},"class_list":["post-1157","page","type-page","status-publish","hentry"],"yoast_head":"<!-- This site is optimized with the Yoast SEO plugin v27.4 - https:\/\/yoast.com\/product\/yoast-seo-wordpress\/ -->\n<title>\u00c5rskurs 5 - 6 - V\u00e4xj\u00f6 4H-g\u00e5rd<\/title>\n<meta name=\"robots\" content=\"index, follow, max-snippet:-1, max-image-preview:large, max-video-preview:-1\" \/>\n<link rel=\"canonical\" href=\"https:\/\/www.4h.se\/vaxjo\/arskurs-5-6\/\" \/>\n<meta property=\"og:locale\" content=\"sv_SE\" \/>\n<meta property=\"og:type\" content=\"article\" \/>\n<meta property=\"og:title\" content=\"\u00c5rskurs 5 - 6 - V\u00e4xj\u00f6 4H-g\u00e5rd\" \/>\n<meta property=\"og:description\" content=\"[vc_row][vc_column][vc_column_text css=&#8221;&#8221;] Studiebes\u00f6k \u00e5rskurs 5 -6 [\/vc_column_text][\/vc_column][\/vc_row][vc_row][vc_column width=&#8221;2\/3&#8243;][vc_column_text css=&#8221;&#8221;] Djurguidning Ni f\u00e5r en rundtur p\u00e5 g\u00e5rden och h\u00e4lsa p\u00e5 djuren. Personalen ber\u00e4ttar lite om de olika djuren och vi h\u00e4lsar p\u00e5 inne hos kaninerna, vi g\u00e5r in till h\u00f6nsen f\u00f6r att leta \u00e4gg och klappar p\u00e5 f\u00e5ren. &nbsp; Bes\u00f6ket tar ca 45 minuter Pris: 400kr&nbsp; &hellip; Read more\" \/>\n<meta property=\"og:url\" content=\"https:\/\/www.4h.se\/vaxjo\/arskurs-5-6\/\" \/>\n<meta property=\"og:site_name\" content=\"V\u00e4xj\u00f6 4H-g\u00e5rd\" \/>\n<meta property=\"article:modified_time\" content=\"2025-06-10T11:14:35+00:00\" \/>\n<meta name=\"twitter:card\" content=\"summary_large_image\" \/>\n<meta name=\"twitter:label1\" content=\"Ber\u00e4knad l\u00e4stid\" \/>\n\t<meta name=\"twitter:data1\" content=\"2 minuter\" \/>\n<script type=\"application\/ld+json\" class=\"yoast-schema-graph\">{\"@context\":\"https:\\\/\\\/schema.org\",\"@graph\":[{\"@type\":\"WebPage\",\"@id\":\"https:\\\/\\\/www.4h.se\\\/vaxjo\\\/arskurs-5-6\\\/\",\"url\":\"https:\\\/\\\/www.4h.se\\\/vaxjo\\\/arskurs-5-6\\\/\",\"name\":\"\u00c5rskurs 5 - 6 - V\u00e4xj\u00f6 4H-g\u00e5rd\",\"isPartOf\":{\"@id\":\"https:\\\/\\\/www.4h.se\\\/vaxjo\\\/#website\"},\"datePublished\":\"2022-09-19T13:19:29+00:00\",\"dateModified\":\"2025-06-10T11:14:35+00:00\",\"breadcrumb\":{\"@id\":\"https:\\\/\\\/www.4h.se\\\/vaxjo\\\/arskurs-5-6\\\/#breadcrumb\"},\"inLanguage\":\"sv-SE\",\"potentialAction\":[{\"@type\":\"ReadAction\",\"target\":[\"https:\\\/\\\/www.4h.se\\\/vaxjo\\\/arskurs-5-6\\\/\"]}]},{\"@type\":\"BreadcrumbList\",\"@id\":\"https:\\\/\\\/www.4h.se\\\/vaxjo\\\/arskurs-5-6\\\/#breadcrumb\",\"itemListElement\":[{\"@type\":\"ListItem\",\"position\":1,\"name\":\"Hem\",\"item\":\"https:\\\/\\\/www.4h.se\\\/vaxjo\\\/\"},{\"@type\":\"ListItem\",\"position\":2,\"name\":\"\u00c5rskurs 5 &#8211; 6\"}]},{\"@type\":\"WebSite\",\"@id\":\"https:\\\/\\\/www.4h.se\\\/vaxjo\\\/#website\",\"url\":\"https:\\\/\\\/www.4h.se\\\/vaxjo\\\/\",\"name\":\"V\u00e4xj\u00f6 4H-g\u00e5rd\",\"description\":\"L\u00e4ra genom att g\u00f6ra\",\"potentialAction\":[{\"@type\":\"SearchAction\",\"target\":{\"@type\":\"EntryPoint\",\"urlTemplate\":\"https:\\\/\\\/www.4h.se\\\/vaxjo\\\/?s={search_term_string}\"},\"query-input\":{\"@type\":\"PropertyValueSpecification\",\"valueRequired\":true,\"valueName\":\"search_term_string\"}}],\"inLanguage\":\"sv-SE\"}]}<\/script>\n<!-- \/ Yoast SEO plugin. -->","yoast_head_json":{"title":"\u00c5rskurs 5 - 6 - V\u00e4xj\u00f6 4H-g\u00e5rd","robots":{"index":"index","follow":"follow","max-snippet":"max-snippet:-1","max-image-preview":"max-image-preview:large","max-video-preview":"max-video-preview:-1"},"canonical":"https:\/\/www.4h.se\/vaxjo\/arskurs-5-6\/","og_locale":"sv_SE","og_type":"article","og_title":"\u00c5rskurs 5 - 6 - V\u00e4xj\u00f6 4H-g\u00e5rd","og_description":"[vc_row][vc_column][vc_column_text css=&#8221;&#8221;] Studiebes\u00f6k \u00e5rskurs 5 -6 [\/vc_column_text][\/vc_column][\/vc_row][vc_row][vc_column width=&#8221;2\/3&#8243;][vc_column_text css=&#8221;&#8221;] Djurguidning Ni f\u00e5r en rundtur p\u00e5 g\u00e5rden och h\u00e4lsa p\u00e5 djuren. Personalen ber\u00e4ttar lite om de olika djuren och vi h\u00e4lsar p\u00e5 inne hos kaninerna, vi g\u00e5r in till h\u00f6nsen f\u00f6r att leta \u00e4gg och klappar p\u00e5 f\u00e5ren. &nbsp; Bes\u00f6ket tar ca 45 minuter Pris: 400kr&nbsp; &hellip; Read more","og_url":"https:\/\/www.4h.se\/vaxjo\/arskurs-5-6\/","og_site_name":"V\u00e4xj\u00f6 4H-g\u00e5rd","article_modified_time":"2025-06-10T11:14:35+00:00","twitter_card":"summary_large_image","twitter_misc":{"Ber\u00e4knad l\u00e4stid":"2 minuter"},"schema":{"@context":"https:\/\/schema.org","@graph":[{"@type":"WebPage","@id":"https:\/\/www.4h.se\/vaxjo\/arskurs-5-6\/","url":"https:\/\/www.4h.se\/vaxjo\/arskurs-5-6\/","name":"\u00c5rskurs 5 - 6 - V\u00e4xj\u00f6 4H-g\u00e5rd","isPartOf":{"@id":"https:\/\/www.4h.se\/vaxjo\/#website"},"datePublished":"2022-09-19T13:19:29+00:00","dateModified":"2025-06-10T11:14:35+00:00","breadcrumb":{"@id":"https:\/\/www.4h.se\/vaxjo\/arskurs-5-6\/#breadcrumb"},"inLanguage":"sv-SE","potentialAction":[{"@type":"ReadAction","target":["https:\/\/www.4h.se\/vaxjo\/arskurs-5-6\/"]}]},{"@type":"BreadcrumbList","@id":"https:\/\/www.4h.se\/vaxjo\/arskurs-5-6\/#breadcrumb","itemListElement":[{"@type":"ListItem","position":1,"name":"Hem","item":"https:\/\/www.4h.se\/vaxjo\/"},{"@type":"ListItem","position":2,"name":"\u00c5rskurs 5 &#8211; 6"}]},{"@type":"WebSite","@id":"https:\/\/www.4h.se\/vaxjo\/#website","url":"https:\/\/www.4h.se\/vaxjo\/","name":"V\u00e4xj\u00f6 4H-g\u00e5rd","description":"L\u00e4ra genom att g\u00f6ra","potentialAction":[{"@type":"SearchAction","target":{"@type":"EntryPoint","urlTemplate":"https:\/\/www.4h.se\/vaxjo\/?s={search_term_string}"},"query-input":{"@type":"PropertyValueSpecification","valueRequired":true,"valueName":"search_term_string"}}],"inLanguage":"sv-SE"}]}},"_links":{"self":[{"href":"https:\/\/www.4h.se\/vaxjo\/wp-json\/wp\/v2\/pages\/1157","targetHints":{"allow":["GET"]}}],"collection":[{"href":"https:\/\/www.4h.se\/vaxjo\/wp-json\/wp\/v2\/pages"}],"about":[{"href":"https:\/\/www.4h.se\/vaxjo\/wp-json\/wp\/v2\/types\/page"}],"author":[{"embeddable":true,"href":"https:\/\/www.4h.se\/vaxjo\/wp-json\/wp\/v2\/users\/229"}],"replies":[{"embeddable":true,"href":"https:\/\/www.4h.se\/vaxjo\/wp-json\/wp\/v2\/comments?post=1157"}],"version-history":[{"count":0,"href":"https:\/\/www.4h.se\/vaxjo\/wp-json\/wp\/v2\/pages\/1157\/revisions"}],"wp:attachment":[{"href":"https:\/\/www.4h.se\/vaxjo\/wp-json\/wp\/v2\/media?parent=1157"}],"curies":[{"name":"wp","href":"https:\/\/api.w.org\/{rel}","templated":true}]}}