



{"id":1156,"date":"2022-09-19T15:11:48","date_gmt":"2022-09-19T13:11:48","guid":{"rendered":"https:\/\/www.4h.se\/vaxjo\/?page_id=1156"},"modified":"2025-06-10T09:46:21","modified_gmt":"2025-06-10T07:46:21","slug":"arskurs-1-4","status":"publish","type":"page","link":"https:\/\/www.4h.se\/vaxjo\/arskurs-1-4\/","title":{"rendered":"\u00c5rskurs 1 &#8211; 4"},"content":{"rendered":"<div class=\"wpb-content-wrapper\"><p>[vc_row][vc_column][vc_column_text css=&#8221;&#8221;]<\/p>\n<h1 style=\"text-align: center; font-size: clamp(4rem, 4vw, 20rem); overflow-wrap: break-word;\"><span style=\"color: #f1a41e;\">Studiebes\u00f6k \u00e5rskurs 1 -4<\/span><\/h1>\n<p>[\/vc_column_text][\/vc_column][\/vc_row][vc_row][vc_column][vc_row_inner][vc_column_inner width=&#8221;2\/3&#8243;][vc_column_text css=&#8221;&#8221;]<\/p>\n<h4 style=\"font-size: clamp(2rem, 2.5vw, 10rem); overflow-wrap: break-word; text-align: left;\"><span style=\"color: #82c381;\">Djurguidning<\/span><\/h4>\n<p>Ni f\u00e5r en rundtur p\u00e5 g\u00e5rden och h\u00e4lsa p\u00e5 djuren. Personalen ber\u00e4ttar lite om de olika djuren och vi h\u00e4lsar p\u00e5 inne hos kaninerna, vi g\u00e5r in till h\u00f6nsen f\u00f6r att leta \u00e4gg och klappar p\u00e5 f\u00e5ren.<\/p>\n<p>&nbsp;<\/p>\n<p>Bes\u00f6ket tar ca 45 minuter<\/p>\n<p><strong>Pris:<\/strong> 400kr \/ max. 15 barn<\/p>\n<p>&nbsp;<\/p>\n<h6 style=\"font-size: clamp(1rem, 1.5vw, 6rem); overflow-wrap: break-word;\"><span style=\"color: #82c381;\">Koppling till LGR 22:<\/span><\/h6>\n<p>Idrott och h\u00e4lsa:<\/p>\n<ul>\n<li>Lekar och andra enkla r\u00f6relseaktiviteter inomhus och utomhus<\/li>\n<\/ul>\n<p>Biologi:<\/p>\n<ul>\n<li>Hur djur, v\u00e4xter och svampar kan identifieras och grupperas p\u00e5 ett systematiskt s\u00e4tt, samt man p\u00e5 n\u00e5gra vanliga f\u00f6rekommande arter.<\/li>\n<li>M\u00e4nniskans beroende av och p\u00e5verkan p\u00e5 naturen med koppling till naturbruk, h\u00e5llbar utveckling och ekosystemtj\u00e4nster. Naturen som resurs och v\u00e5rt ansvar n\u00e4r vi nyttjar den.<\/li>\n<\/ul>\n<p>[\/vc_column_text][\/vc_column_inner][vc_column_inner width=&#8221;1\/3&#8243;][vc_single_image image=&#8221;1432&#8243; img_size=&#8221;large&#8221; alignment=&#8221;center&#8221; css=&#8221;&#8221;][\/vc_column_inner][\/vc_row_inner][\/vc_column][\/vc_row][vc_row][vc_column][vc_separator color=&#8221;custom&#8221; border_width=&#8221;3&#8243; accent_color=&#8221;#006340&#8243;][vc_row_inner][vc_column_inner width=&#8221;1\/2&#8243;][vc_column_text css=&#8221;&#8221;]<\/p>\n<h4 style=\"font-size: clamp(2rem, 2.5vw, 10rem); overflow-wrap: break-word; text-align: left;\"><span style=\"color: #82c381;\">Ut i skogen<\/span><\/h4>\n<p>Vi ger oss ut i skogen och l\u00e4r oss genom olika lekar en massa om naturen och allemansr\u00e4tten. Hur fungerar ett t\u00e4ndst\u00e5l och stormk\u00f6k och kan man verkligen \u00e4ta br\u00e4nn\u00e4sslor? Det h\u00e4r \u00e4r ett av v\u00e5ra st\u00f6rre program som ska bidra till att g\u00f6ra barnen bekanta och bekv\u00e4ma med naturen som omger oss. Programmens ledare \u00e4r utbildade inom omr\u00e5det och har mycket erfarenhet av b\u00e5de pedagogisk verksamhet och friluftsliv.<\/p>\n<p>&nbsp;<\/p>\n<p>Bes\u00f6ket tar ca 2,5 timmar<\/p>\n<p><strong>Pris:<\/strong> 1500 kronor, l\u00e4ttare mellanm\u00e5l ing\u00e5r<\/p>\n<h6 style=\"font-size: clamp(1rem, 1.5vw, 6rem); overflow-wrap: break-word; text-align: left;\"><span style=\"color: #82c381;\">Koppling till LGR 22:<\/span><\/h6>\n<p>Idrott och h\u00e4lsa<\/p>\n<ul>\n<li>Lekar och andra enkla r\u00f6relseaktiviteter inomhus och utomhus.<\/li>\n<li>Utforskande av m\u00f6jligheter till och genomf\u00f6rande av friluftsaktiviteter. lekar och r\u00f6relser i skiftande natur- och utemilj\u00f6er under olika \u00e5rstider<\/li>\n<\/ul>\n<p>Biologi:<\/p>\n<ul>\n<li>Hur djur, v\u00e4xter och svampar kan identifieras och grupperas p\u00e5 ett systematiskt s\u00e4tt, samt man p\u00e5 n\u00e5gra vanliga f\u00f6rekommande arter.<\/li>\n<li>M\u00e4nniskans beroende av och p\u00e5verkan p\u00e5 naturen med koppling till naturbruk, h\u00e5llbar utveckling och ekosystemtj\u00e4nster. Naturen som resurs och v\u00e5rt ansvar n\u00e4r vi nyttjar den.<\/li>\n<li>N\u00e4ringskedjor och kretslopp i n\u00e4rmilj\u00f6. Djurs, v\u00e4xters och svampars samspel med varandra och hur n\u00e5gra milj\u00f6faktorer p\u00e5verkar dem. Fotosyntes och cellandning.<\/li>\n<\/ul>\n<p>NO:<\/p>\n<ul>\n<li>Enkla f\u00e4ltstudier, observationer och experiment. Utf\u00f6rande och dokumentation av unders\u00f6kningar med ord, bilder och verktyg.<\/li>\n<\/ul>\n<p>Fysik:<\/p>\n<ul>\n<li>Hur ljus och ljus breder ut sig och kan reflekteras.<\/li>\n<li>Energiformer samt olika sorter av energik\u00e4llor och deras p\u00e5verkan p\u00e5 milj\u00f6n.<\/li>\n<\/ul>\n<p>Kemi:<\/p>\n<ul>\n<li>Fotosyntes och f\u00f6rbr\u00e4nning som exempel p\u00e5 kemiska reaktioner i naturen.<\/li>\n<\/ul>\n<p>&nbsp;[\/vc_column_text][\/vc_column_inner][vc_column_inner width=&#8221;1\/2&#8243;][vc_single_image image=&#8221;1158&#8243; img_size=&#8221;500&#215;400&#8243; alignment=&#8221;center&#8221; css=&#8221;&#8221;][\/vc_column_inner][\/vc_row_inner][vc_separator color=&#8221;custom&#8221; border_width=&#8221;3&#8243; accent_color=&#8221;#006340&#8243;][\/vc_column][\/vc_row][vc_row][vc_column width=&#8221;1\/2&#8243;][vc_column_text css=&#8221;&#8221;]<\/p>\n<h4 style=\"font-size: clamp(2rem, 2.5vw, 10rem); overflow-wrap: break-word; text-align: left;\"><span style=\"color: #82c381;\">Kretsloppsbes\u00f6k<\/span><\/h4>\n<p>Vi b\u00f6rjar hos h\u00f6nsen\u00a0och tittat om det finns n\u00e5gra \u00e4gg. N\u00e4r alla barnen plockat \u00e4gg s\u00e5 tar personalen lite h\u00f6nsbajs med i en kruka. Vi ber\u00e4ttar att g\u00f6dsel \u00e4r bra f\u00f6r jorden och att vi ska l\u00e4gga\u00a0det i komposten ocks\u00e5. Sedan bakar vi med \u00e4ggen vi plockat. Medan krabbelurerna blir klara g\u00e5r vi till komposten, vi ber\u00e4ttar lite om vad man kan l\u00e4gga i den och barnen f\u00e5r sl\u00e4nga i \u00e4ggskalet och bajset. Sedan s\u00e5 tar vi f\u00e4rdig jord fr\u00e5n komposten i de sm\u00e5 krukorna och planterar havre. Vi ber\u00e4ttar att om de vattnar s\u00e5 v\u00e4xer det upp havre som h\u00f6nsen sedan kan \u00e4ta. Krukorna f\u00e5r de ta med hem. Nu g\u00e5r vi tillbaka d\u00e4r vi startade, till h\u00f6nsen. Vi matar dem med det vi bakat samt havre och ber\u00e4ttar att nu \u00e4r kretsloppet slutet. Vi \u00e4r tillbaka d\u00e4r vi b\u00f6rjade. Vi tog n\u00e5got fr\u00e5n h\u00f6nsen, och l\u00e4mnade tillbaka n\u00e5got till h\u00f6nsen och inget gick till spillo, det blev ett KRETSLOPP! Vi samlas sedan vid grillplatsen och \u00e4ter krabbelurer innan det \u00e4r dags att g\u00e5 hem.<\/p>\n<p>&nbsp;<\/p>\n<p>Bes\u00f6ket tar ca 1 timme med tio barn.<\/p>\n<p><strong>Pris<\/strong><em>:<\/em>\u00a0650 kr \/ 10 barn. Vid fler barn tillkommer 50kr\/barn<\/p>\n<h6 style=\"font-size: clamp(1rem, 1.5vw, 6rem); overflow-wrap: break-word; text-align: left;\"><span style=\"color: #82c381;\">Koppling till LGR 22:<\/span><\/h6>\n<p>Hem- och konsumentkunskap:<\/p>\n<ul>\n<li>Enkla metoder f\u00f6r matlagning, d\u00e4ribland bakning.<\/li>\n<li>Att planera, organisera och utv\u00e4rdera arbetet. Enkla instruktioner och recept. Hur de kan l\u00e4sas och f\u00f6ljas samt vanliga begrepp f\u00f6r matlagning.<\/li>\n<\/ul>\n<p>Idrott och h\u00e4lsa:<\/p>\n<ul>\n<li>Lekar och andra enkla r\u00f6relseaktiviteter, inomhus och utomhus.<\/li>\n<\/ul>\n<p>Biologi:<\/p>\n<ul>\n<li>\u00c5rstidsv\u00e4xlingar i naturen. N\u00e5gra djurs och v\u00e4xter livscykel och och anpassningar till olika livsmilj\u00f6er och \u00e5rstider.<\/li>\n<li>N\u00e4ringskedjor som beskriver samband mellan organismer i ekosystemet. Djurs, v\u00e4xters och svampars samspel med varandra och hur n\u00e5gra milj\u00f6faktorer p\u00e5verkar dem.<\/li>\n<li>Naturen som resurs och v\u00e5rt ansvar n\u00e4r vi nyttjar den.<\/li>\n<\/ul>\n<p>[\/vc_column_text][\/vc_column][vc_column width=&#8221;1\/2&#8243;][vc_single_image image=&#8221;1183&#8243; img_size=&#8221;large&#8221; alignment=&#8221;center&#8221; css=&#8221;&#8221;][\/vc_column][\/vc_row][vc_row][vc_column][vc_separator color=&#8221;custom&#8221; border_width=&#8221;3&#8243; accent_color=&#8221;#006340&#8243;][\/vc_column][\/vc_row][vc_row][vc_column width=&#8221;1\/2&#8243;][vc_column_text css=&#8221;&#8221;]<\/p>\n<h4 style=\"font-size: clamp(2rem, 2.5vw, 10rem); overflow-wrap: break-word; text-align: left;\"><span style=\"color: #82c381;\">F\u00e5ret och ullen<\/span><\/h4>\n<p><span class=\"JsGRdQ\">Vi b\u00f6rjar med att mata och l\u00e4ra k\u00e4nna f\u00e5ren. Vad vet eleverna redan om f\u00e5r och hur blir egentligen en tr\u00f6ja till? Vi k\u00e4nner p\u00e5 ullen, tv\u00e4ttar, kardar, f\u00e4rgar och tovar tillsammans utifr\u00e5n klassens f\u00f6ruts\u00e4ttningar. Det kanske blir en ett enkelt litet f\u00e5r som barnen pysslar och tar med sig hem eller s\u00e5 blir det en avancerad elva. Klassl\u00e4raren best\u00e4mmer tillsammans med personalen p\u00e5 g\u00e5rden vilken niv\u00e5 programmet ska l\u00e4ggas p\u00e5 s\u00e5 alla elever ha nytta av dagen.<\/span><\/p>\n<p>&nbsp;<\/p>\n<p>Bes\u00f6ket tar ca 2,5 timmar<\/p>\n<p><strong>Pris:<\/strong> 1500 kronor (material ing\u00e5r)<\/p>\n<h6 style=\"font-size: clamp(1rem, 1.5vw, 6rem); overflow-wrap: break-word; text-align: left;\"><span style=\"color: #82c381;\">Koppling till LGR 22:<\/span><\/h6>\n<p>Biologi:<\/p>\n<ul>\n<li>N\u00e5gra djurs och v\u00e4xters livcykler och anpassningar till olika livmilj\u00f6er och \u00e5rstider.<\/li>\n<li>Naturen som resurs och v\u00e5rt ansvar n\u00e4r vi nyttjar den.<\/li>\n<\/ul>\n<p>Sl\u00f6jd:<\/p>\n<ul>\n<li>Metall, textil och tr\u00e4. Materialens egenskaper och anv\u00e4ndningsomr\u00e5den.<\/li>\n<li>N\u00e5gra enkla former av hantverkstekniker och begrepp som anv\u00e4nds i samband med dessa.<\/li>\n<li>N\u00e5gra sl\u00f6jdmaterials ursprung och dess milj\u00f6p\u00e5verkan. Till exempel st\u00e5ltr\u00e5d, ull och furu.<\/li>\n<\/ul>\n<p>Bild<\/p>\n<ul>\n<li>Teckning, m\u00e5leri. modellering och konstruktion.<\/li>\n<\/ul>\n<p>[\/vc_column_text][\/vc_column][vc_column width=&#8221;1\/2&#8243;][vc_single_image image=&#8221;1263&#8243; img_size=&#8221;large&#8221; alignment=&#8221;center&#8221; css=&#8221;&#8221;][\/vc_column][\/vc_row][vc_row][vc_column][vc_separator color=&#8221;custom&#8221; border_width=&#8221;3&#8243; accent_color=&#8221;#006340&#8243;][vc_column_text css=&#8221;&#8221;]<\/p>\n<h6 style=\"text-align: center; font-size: clamp(1rem, 1.5vw, 6rem); overflow-wrap: break-word;\">\n    <span style=\"color: #f1a41e;\">Ni kan k\u00f6pa till<\/span><\/h6>\n<p style=\"text-align: center;\">Grillplatsen,\u00a0100 kr.\u00a0Ved ing\u00e5r.<\/p>\n<p style=\"text-align: center;\">Ponnyridning, 300 kr\/h\u00e4st + 20 kr\/barn<\/p>\n<p>[\/vc_column_text][vc_btn title=&#8221;BOKA NU&#8221; style=&#8221;classic&#8221; shape=&#8221;square&#8221; color=&#8221;primary&#8221; size=&#8221;lg&#8221; align=&#8221;center&#8221; css=&#8221;&#8221; link=&#8221;url:https%3A%2F%2Fwww.4h.se%2Fvaxjo%2Fbokning-studiebesok%2F|title:Bokning%20Studiebes%C3%B6k&#8221;][\/vc_column][\/vc_row]<\/p>\n<\/div>","protected":false},"excerpt":{"rendered":"<p>[vc_row][vc_column][vc_column_text css=&#8221;&#8221;] Studiebes\u00f6k \u00e5rskurs 1 -4 [\/vc_column_text][\/vc_column][\/vc_row][vc_row][vc_column][vc_row_inner][vc_column_inner width=&#8221;2\/3&#8243;][vc_column_text css=&#8221;&#8221;] Djurguidning Ni f\u00e5r en rundtur p\u00e5 g\u00e5rden och h\u00e4lsa p\u00e5 djuren. Personalen ber\u00e4ttar lite om de olika djuren och vi h\u00e4lsar p\u00e5 inne hos kaninerna, vi g\u00e5r in till h\u00f6nsen f\u00f6r att leta \u00e4gg och klappar p\u00e5 f\u00e5ren. &nbsp; Bes\u00f6ket tar ca 45 minuter Pris: 400kr&nbsp; <a href=\"https:\/\/www.4h.se\/vaxjo\/arskurs-1-4\/\">&hellip; Read more <i class=\"glyphicon glyphicon-arrow-right\"><\/i><\/a><\/p>\n","protected":false},"author":229,"featured_media":0,"parent":0,"menu_order":0,"comment_status":"closed","ping_status":"closed","template":"","meta":{"footnotes":""},"class_list":["post-1156","page","type-page","status-publish","hentry"],"yoast_head":"<!-- This site is optimized with the Yoast SEO plugin v27.4 - https:\/\/yoast.com\/product\/yoast-seo-wordpress\/ -->\n<title>\u00c5rskurs 1 - 4 - V\u00e4xj\u00f6 4H-g\u00e5rd<\/title>\n<meta name=\"robots\" content=\"index, follow, max-snippet:-1, max-image-preview:large, max-video-preview:-1\" \/>\n<link rel=\"canonical\" href=\"https:\/\/www.4h.se\/vaxjo\/arskurs-1-4\/\" \/>\n<meta property=\"og:locale\" content=\"sv_SE\" \/>\n<meta property=\"og:type\" content=\"article\" \/>\n<meta property=\"og:title\" content=\"\u00c5rskurs 1 - 4 - V\u00e4xj\u00f6 4H-g\u00e5rd\" \/>\n<meta property=\"og:description\" content=\"[vc_row][vc_column][vc_column_text css=&#8221;&#8221;] Studiebes\u00f6k \u00e5rskurs 1 -4 [\/vc_column_text][\/vc_column][\/vc_row][vc_row][vc_column][vc_row_inner][vc_column_inner width=&#8221;2\/3&#8243;][vc_column_text css=&#8221;&#8221;] Djurguidning Ni f\u00e5r en rundtur p\u00e5 g\u00e5rden och h\u00e4lsa p\u00e5 djuren. Personalen ber\u00e4ttar lite om de olika djuren och vi h\u00e4lsar p\u00e5 inne hos kaninerna, vi g\u00e5r in till h\u00f6nsen f\u00f6r att leta \u00e4gg och klappar p\u00e5 f\u00e5ren. &nbsp; Bes\u00f6ket tar ca 45 minuter Pris: 400kr&nbsp; &hellip; Read more\" \/>\n<meta property=\"og:url\" content=\"https:\/\/www.4h.se\/vaxjo\/arskurs-1-4\/\" \/>\n<meta property=\"og:site_name\" content=\"V\u00e4xj\u00f6 4H-g\u00e5rd\" \/>\n<meta property=\"article:modified_time\" content=\"2025-06-10T07:46:21+00:00\" \/>\n<meta name=\"twitter:card\" content=\"summary_large_image\" \/>\n<meta name=\"twitter:label1\" content=\"Ber\u00e4knad l\u00e4stid\" \/>\n\t<meta name=\"twitter:data1\" content=\"6 minuter\" \/>\n<script type=\"application\/ld+json\" class=\"yoast-schema-graph\">{\"@context\":\"https:\\\/\\\/schema.org\",\"@graph\":[{\"@type\":\"WebPage\",\"@id\":\"https:\\\/\\\/www.4h.se\\\/vaxjo\\\/arskurs-1-4\\\/\",\"url\":\"https:\\\/\\\/www.4h.se\\\/vaxjo\\\/arskurs-1-4\\\/\",\"name\":\"\u00c5rskurs 1 - 4 - V\u00e4xj\u00f6 4H-g\u00e5rd\",\"isPartOf\":{\"@id\":\"https:\\\/\\\/www.4h.se\\\/vaxjo\\\/#website\"},\"datePublished\":\"2022-09-19T13:11:48+00:00\",\"dateModified\":\"2025-06-10T07:46:21+00:00\",\"breadcrumb\":{\"@id\":\"https:\\\/\\\/www.4h.se\\\/vaxjo\\\/arskurs-1-4\\\/#breadcrumb\"},\"inLanguage\":\"sv-SE\",\"potentialAction\":[{\"@type\":\"ReadAction\",\"target\":[\"https:\\\/\\\/www.4h.se\\\/vaxjo\\\/arskurs-1-4\\\/\"]}]},{\"@type\":\"BreadcrumbList\",\"@id\":\"https:\\\/\\\/www.4h.se\\\/vaxjo\\\/arskurs-1-4\\\/#breadcrumb\",\"itemListElement\":[{\"@type\":\"ListItem\",\"position\":1,\"name\":\"Hem\",\"item\":\"https:\\\/\\\/www.4h.se\\\/vaxjo\\\/\"},{\"@type\":\"ListItem\",\"position\":2,\"name\":\"\u00c5rskurs 1 &#8211; 4\"}]},{\"@type\":\"WebSite\",\"@id\":\"https:\\\/\\\/www.4h.se\\\/vaxjo\\\/#website\",\"url\":\"https:\\\/\\\/www.4h.se\\\/vaxjo\\\/\",\"name\":\"V\u00e4xj\u00f6 4H-g\u00e5rd\",\"description\":\"L\u00e4ra genom att g\u00f6ra\",\"potentialAction\":[{\"@type\":\"SearchAction\",\"target\":{\"@type\":\"EntryPoint\",\"urlTemplate\":\"https:\\\/\\\/www.4h.se\\\/vaxjo\\\/?s={search_term_string}\"},\"query-input\":{\"@type\":\"PropertyValueSpecification\",\"valueRequired\":true,\"valueName\":\"search_term_string\"}}],\"inLanguage\":\"sv-SE\"}]}<\/script>\n<!-- \/ Yoast SEO plugin. -->","yoast_head_json":{"title":"\u00c5rskurs 1 - 4 - V\u00e4xj\u00f6 4H-g\u00e5rd","robots":{"index":"index","follow":"follow","max-snippet":"max-snippet:-1","max-image-preview":"max-image-preview:large","max-video-preview":"max-video-preview:-1"},"canonical":"https:\/\/www.4h.se\/vaxjo\/arskurs-1-4\/","og_locale":"sv_SE","og_type":"article","og_title":"\u00c5rskurs 1 - 4 - V\u00e4xj\u00f6 4H-g\u00e5rd","og_description":"[vc_row][vc_column][vc_column_text css=&#8221;&#8221;] Studiebes\u00f6k \u00e5rskurs 1 -4 [\/vc_column_text][\/vc_column][\/vc_row][vc_row][vc_column][vc_row_inner][vc_column_inner width=&#8221;2\/3&#8243;][vc_column_text css=&#8221;&#8221;] Djurguidning Ni f\u00e5r en rundtur p\u00e5 g\u00e5rden och h\u00e4lsa p\u00e5 djuren. Personalen ber\u00e4ttar lite om de olika djuren och vi h\u00e4lsar p\u00e5 inne hos kaninerna, vi g\u00e5r in till h\u00f6nsen f\u00f6r att leta \u00e4gg och klappar p\u00e5 f\u00e5ren. &nbsp; Bes\u00f6ket tar ca 45 minuter Pris: 400kr&nbsp; &hellip; Read more","og_url":"https:\/\/www.4h.se\/vaxjo\/arskurs-1-4\/","og_site_name":"V\u00e4xj\u00f6 4H-g\u00e5rd","article_modified_time":"2025-06-10T07:46:21+00:00","twitter_card":"summary_large_image","twitter_misc":{"Ber\u00e4knad l\u00e4stid":"6 minuter"},"schema":{"@context":"https:\/\/schema.org","@graph":[{"@type":"WebPage","@id":"https:\/\/www.4h.se\/vaxjo\/arskurs-1-4\/","url":"https:\/\/www.4h.se\/vaxjo\/arskurs-1-4\/","name":"\u00c5rskurs 1 - 4 - V\u00e4xj\u00f6 4H-g\u00e5rd","isPartOf":{"@id":"https:\/\/www.4h.se\/vaxjo\/#website"},"datePublished":"2022-09-19T13:11:48+00:00","dateModified":"2025-06-10T07:46:21+00:00","breadcrumb":{"@id":"https:\/\/www.4h.se\/vaxjo\/arskurs-1-4\/#breadcrumb"},"inLanguage":"sv-SE","potentialAction":[{"@type":"ReadAction","target":["https:\/\/www.4h.se\/vaxjo\/arskurs-1-4\/"]}]},{"@type":"BreadcrumbList","@id":"https:\/\/www.4h.se\/vaxjo\/arskurs-1-4\/#breadcrumb","itemListElement":[{"@type":"ListItem","position":1,"name":"Hem","item":"https:\/\/www.4h.se\/vaxjo\/"},{"@type":"ListItem","position":2,"name":"\u00c5rskurs 1 &#8211; 4"}]},{"@type":"WebSite","@id":"https:\/\/www.4h.se\/vaxjo\/#website","url":"https:\/\/www.4h.se\/vaxjo\/","name":"V\u00e4xj\u00f6 4H-g\u00e5rd","description":"L\u00e4ra genom att g\u00f6ra","potentialAction":[{"@type":"SearchAction","target":{"@type":"EntryPoint","urlTemplate":"https:\/\/www.4h.se\/vaxjo\/?s={search_term_string}"},"query-input":{"@type":"PropertyValueSpecification","valueRequired":true,"valueName":"search_term_string"}}],"inLanguage":"sv-SE"}]}},"_links":{"self":[{"href":"https:\/\/www.4h.se\/vaxjo\/wp-json\/wp\/v2\/pages\/1156","targetHints":{"allow":["GET"]}}],"collection":[{"href":"https:\/\/www.4h.se\/vaxjo\/wp-json\/wp\/v2\/pages"}],"about":[{"href":"https:\/\/www.4h.se\/vaxjo\/wp-json\/wp\/v2\/types\/page"}],"author":[{"embeddable":true,"href":"https:\/\/www.4h.se\/vaxjo\/wp-json\/wp\/v2\/users\/229"}],"replies":[{"embeddable":true,"href":"https:\/\/www.4h.se\/vaxjo\/wp-json\/wp\/v2\/comments?post=1156"}],"version-history":[{"count":0,"href":"https:\/\/www.4h.se\/vaxjo\/wp-json\/wp\/v2\/pages\/1156\/revisions"}],"wp:attachment":[{"href":"https:\/\/www.4h.se\/vaxjo\/wp-json\/wp\/v2\/media?parent=1156"}],"curies":[{"name":"wp","href":"https:\/\/api.w.org\/{rel}","templated":true}]}}