



{"id":1142,"date":"2022-09-19T08:16:02","date_gmt":"2022-09-19T06:16:02","guid":{"rendered":"https:\/\/www.4h.se\/vaxjo\/?page_id=1142"},"modified":"2024-08-14T14:03:17","modified_gmt":"2024-08-14T12:03:17","slug":"minigris","status":"publish","type":"page","link":"https:\/\/www.4h.se\/vaxjo\/minigris\/","title":{"rendered":"Minigris"},"content":{"rendered":"<div class=\"wpb-content-wrapper\"><p>[vc_row][vc_column][vc_column_text]<\/p>\n<h1 style=\"text-align: center\"><span style=\"color: #006340\">Minigris<\/span><\/h1>\n<p>&nbsp;<\/p>\n<h4>V\u00e5ra minigrisar \u00e4r kanske g\u00e5rdens mest intelligenta djur. De \u00e4r roliga och sociala djur som skulle g\u00f6ra mycket f\u00f6r lite gurka eller tomat. Under vintern ser man ibland bara deras tryne sticka ut ur en stor h\u00f6g med halm d\u00e4r de myser tillsammans.<\/h4>\n<p>[\/vc_column_text][\/vc_column][\/vc_row][vc_row][vc_column width=&#8221;1\/2&#8243;][vc_single_image image=&#8221;969&#8243; img_size=&#8221;600&#215;500&#8243;][\/vc_column][vc_column width=&#8221;1\/2&#8243;][vc_column_text css=&#8221;&#8221;]<\/p>\n<h6 style=\"font-size: clamp(1rem, 1.5vw, 6rem); overflow-wrap: break-word; text-align: left;\"><span style=\"color: #82c381;\">Fakta om minigris<\/span><\/h6>\n<p><strong>Latinsk namn:\u00a0<\/strong>Sus scrofa<\/p>\n<p><strong>Ordning:\u00a0<\/strong>Part\u00e5iga hovdjur<\/p>\n<p><strong>Familj:\u00a0<\/strong>Svindjur<\/p>\n<p><strong>Vikt:<\/strong> 20-70 kg<\/p>\n<p><strong>F\u00f6da: <\/strong>all\u00e4tare<\/p>\n<p><strong>\u00c5lder: <\/strong>oftast upp till 10 men vissa \u00e4ven\u00a0upp till 20 \u00e5r[\/vc_column_text][\/vc_column][\/vc_row][vc_row][vc_column width=&#8221;1\/2&#8243;][vc_column_text css=&#8221;&#8221;]<\/p>\n<h6 style=\"font-size: clamp(1rem, 1.5vw, 6rem); overflow-wrap: break-word; text-align: left;\"><span style=\"color: #82c381;\">Husdjur?<\/span><\/h6>\n<p>Det h\u00e4nder inte allt f\u00f6r s\u00e4llan att familjer best\u00e4mmer sig f\u00f6r att k\u00f6pa en minigris som husdjur. Visst \u00e4r det roliga och s\u00f6ta djur? Problemet med en minigris som husdjur \u00e4r dock att de sm\u00e5 djuren inte alls \u00e4r lika sm\u00e5 som man tror. Det h\u00e4nder allt f\u00f6r ofta att m\u00e4nniskor underskattar grisens storlek och efter ett tag beh\u00f6ver ge bort sitt husdjur igen. Vi tycker att grisar h\u00f6r inte i hemmet utan p\u00e5 en g\u00e5rd med mycket plats att b\u00f6ka.<\/p>\n<p>&nbsp;<\/p>\n<h6 style=\"font-size: clamp(1rem, 1.5vw, 6rem); overflow-wrap: break-word; text-align: left;\"><span style=\"color: #82c381;\">Smartare \u00e4n hundar?<\/span><\/h6>\n<p>Grisar \u00e4r mycket intelligenta. De anses vara smartare \u00e4n hundar, och de \u00e4r minst lika l\u00e4ttl\u00e4rda, lojala och tillgivna.\u00a0Grisar kan planera fram\u00e5t genom att till exempel g\u00f6mma mat f\u00f6r dominanta artfr\u00e4nder. De dr\u00f6mmer n\u00e4r de sover och skulle aldrig bajsa p\u00e5 samma st\u00e4lle som de sover eller \u00e4ter.\u00a0Grisar har minst tjugo olika l\u00e4ten med olika betydelser, fr\u00e5n \u201djag tycker om dig\u201d till \u201djag \u00e4r hungrig\u201d, eller det hundlika varningsskallet. De sk\u00e4ller f\u00f6r att varna och grymtar f\u00f6r att h\u00e5lla kontakt med flocken.[\/vc_column_text][\/vc_column][vc_column width=&#8221;1\/2&#8243;][vc_video link=&#8221;https:\/\/www.youtube.com\/shorts\/Ynykuzusb_s&#8221;][\/vc_column][\/vc_row][vc_row][vc_column][vc_separator color=&#8221;custom&#8221; border_width=&#8221;3&#8243; accent_color=&#8221;#006340&#8243;][\/vc_column][\/vc_row][vc_row][vc_column][vc_column_text css=&#8221;&#8221;]<\/p>\n<h6 style=\"font-size: clamp(1rem, 1.5vw, 6rem); overflow-wrap: break-word; text-align: center;\"><span style=\"color: #82c381;\">V\u00e5ra grisar<\/span><\/h6>\n<p>&nbsp;[\/vc_column_text][\/vc_column][\/vc_row][vc_row][vc_column width=&#8221;1\/3&#8243;][vc_single_image image=&#8221;1357&#8243; img_size=&#8221;300&#215;200&#8243; alignment=&#8221;center&#8221; css=&#8221;&#8221;][vc_column_text css=&#8221;&#8221;]<\/p>\n<p style=\"text-align: center;\"><strong>B\u00f6k<\/strong><\/p>\n<p>[\/vc_column_text][\/vc_column][vc_column width=&#8221;1\/3&#8243;][vc_single_image image=&#8221;1460&#8243; img_size=&#8221;300&#215;200&#8243; alignment=&#8221;center&#8221; css=&#8221;&#8221;][vc_column_text]<\/p>\n<p style=\"text-align: center\"><strong>Ove<\/strong><\/p>\n<p>[\/vc_column_text][\/vc_column][\/vc_row]<\/p>\n<\/div>","protected":false},"excerpt":{"rendered":"<p>[vc_row][vc_column][vc_column_text] Minigris &nbsp; V\u00e5ra minigrisar \u00e4r kanske g\u00e5rdens mest intelligenta djur. De \u00e4r roliga och sociala djur som skulle g\u00f6ra mycket f\u00f6r lite gurka eller tomat. Under vintern ser man ibland bara deras tryne sticka ut ur en stor h\u00f6g med halm d\u00e4r de myser tillsammans. [\/vc_column_text][\/vc_column][\/vc_row][vc_row][vc_column width=&#8221;1\/2&#8243;][vc_single_image image=&#8221;969&#8243; img_size=&#8221;600&#215;500&#8243;][\/vc_column][vc_column width=&#8221;1\/2&#8243;][vc_column_text css=&#8221;&#8221;] Fakta om minigris&nbsp; <a href=\"https:\/\/www.4h.se\/vaxjo\/minigris\/\">&hellip; Read more <i class=\"glyphicon glyphicon-arrow-right\"><\/i><\/a><\/p>\n","protected":false},"author":229,"featured_media":0,"parent":0,"menu_order":0,"comment_status":"closed","ping_status":"closed","template":"","meta":{"footnotes":""},"class_list":["post-1142","page","type-page","status-publish","hentry"],"yoast_head":"<!-- This site is optimized with the Yoast SEO plugin v27.4 - https:\/\/yoast.com\/product\/yoast-seo-wordpress\/ -->\n<title>Minigris - V\u00e4xj\u00f6 4H-g\u00e5rd<\/title>\n<meta name=\"robots\" content=\"index, follow, max-snippet:-1, max-image-preview:large, max-video-preview:-1\" \/>\n<link rel=\"canonical\" href=\"https:\/\/www.4h.se\/vaxjo\/minigris\/\" \/>\n<meta property=\"og:locale\" content=\"sv_SE\" \/>\n<meta property=\"og:type\" content=\"article\" \/>\n<meta property=\"og:title\" content=\"Minigris - V\u00e4xj\u00f6 4H-g\u00e5rd\" \/>\n<meta property=\"og:description\" content=\"[vc_row][vc_column][vc_column_text] Minigris &nbsp; V\u00e5ra minigrisar \u00e4r kanske g\u00e5rdens mest intelligenta djur. De \u00e4r roliga och sociala djur som skulle g\u00f6ra mycket f\u00f6r lite gurka eller tomat. Under vintern ser man ibland bara deras tryne sticka ut ur en stor h\u00f6g med halm d\u00e4r de myser tillsammans. [\/vc_column_text][\/vc_column][\/vc_row][vc_row][vc_column width=&#8221;1\/2&#8243;][vc_single_image image=&#8221;969&#8243; img_size=&#8221;600&#215;500&#8243;][\/vc_column][vc_column width=&#8221;1\/2&#8243;][vc_column_text css=&#8221;&#8221;] Fakta om minigris&nbsp; &hellip; Read more\" \/>\n<meta property=\"og:url\" content=\"https:\/\/www.4h.se\/vaxjo\/minigris\/\" \/>\n<meta property=\"og:site_name\" content=\"V\u00e4xj\u00f6 4H-g\u00e5rd\" \/>\n<meta property=\"article:modified_time\" content=\"2024-08-14T12:03:17+00:00\" \/>\n<meta name=\"twitter:card\" content=\"summary_large_image\" \/>\n<meta name=\"twitter:label1\" content=\"Ber\u00e4knad l\u00e4stid\" \/>\n\t<meta name=\"twitter:data1\" content=\"2 minuter\" \/>\n<script type=\"application\/ld+json\" class=\"yoast-schema-graph\">{\"@context\":\"https:\\\/\\\/schema.org\",\"@graph\":[{\"@type\":\"WebPage\",\"@id\":\"https:\\\/\\\/www.4h.se\\\/vaxjo\\\/minigris\\\/\",\"url\":\"https:\\\/\\\/www.4h.se\\\/vaxjo\\\/minigris\\\/\",\"name\":\"Minigris - V\u00e4xj\u00f6 4H-g\u00e5rd\",\"isPartOf\":{\"@id\":\"https:\\\/\\\/www.4h.se\\\/vaxjo\\\/#website\"},\"datePublished\":\"2022-09-19T06:16:02+00:00\",\"dateModified\":\"2024-08-14T12:03:17+00:00\",\"breadcrumb\":{\"@id\":\"https:\\\/\\\/www.4h.se\\\/vaxjo\\\/minigris\\\/#breadcrumb\"},\"inLanguage\":\"sv-SE\",\"potentialAction\":[{\"@type\":\"ReadAction\",\"target\":[\"https:\\\/\\\/www.4h.se\\\/vaxjo\\\/minigris\\\/\"]}]},{\"@type\":\"BreadcrumbList\",\"@id\":\"https:\\\/\\\/www.4h.se\\\/vaxjo\\\/minigris\\\/#breadcrumb\",\"itemListElement\":[{\"@type\":\"ListItem\",\"position\":1,\"name\":\"Hem\",\"item\":\"https:\\\/\\\/www.4h.se\\\/vaxjo\\\/\"},{\"@type\":\"ListItem\",\"position\":2,\"name\":\"Minigris\"}]},{\"@type\":\"WebSite\",\"@id\":\"https:\\\/\\\/www.4h.se\\\/vaxjo\\\/#website\",\"url\":\"https:\\\/\\\/www.4h.se\\\/vaxjo\\\/\",\"name\":\"V\u00e4xj\u00f6 4H-g\u00e5rd\",\"description\":\"L\u00e4ra genom att g\u00f6ra\",\"potentialAction\":[{\"@type\":\"SearchAction\",\"target\":{\"@type\":\"EntryPoint\",\"urlTemplate\":\"https:\\\/\\\/www.4h.se\\\/vaxjo\\\/?s={search_term_string}\"},\"query-input\":{\"@type\":\"PropertyValueSpecification\",\"valueRequired\":true,\"valueName\":\"search_term_string\"}}],\"inLanguage\":\"sv-SE\"}]}<\/script>\n<!-- \/ Yoast SEO plugin. -->","yoast_head_json":{"title":"Minigris - V\u00e4xj\u00f6 4H-g\u00e5rd","robots":{"index":"index","follow":"follow","max-snippet":"max-snippet:-1","max-image-preview":"max-image-preview:large","max-video-preview":"max-video-preview:-1"},"canonical":"https:\/\/www.4h.se\/vaxjo\/minigris\/","og_locale":"sv_SE","og_type":"article","og_title":"Minigris - V\u00e4xj\u00f6 4H-g\u00e5rd","og_description":"[vc_row][vc_column][vc_column_text] Minigris &nbsp; V\u00e5ra minigrisar \u00e4r kanske g\u00e5rdens mest intelligenta djur. De \u00e4r roliga och sociala djur som skulle g\u00f6ra mycket f\u00f6r lite gurka eller tomat. Under vintern ser man ibland bara deras tryne sticka ut ur en stor h\u00f6g med halm d\u00e4r de myser tillsammans. [\/vc_column_text][\/vc_column][\/vc_row][vc_row][vc_column width=&#8221;1\/2&#8243;][vc_single_image image=&#8221;969&#8243; img_size=&#8221;600&#215;500&#8243;][\/vc_column][vc_column width=&#8221;1\/2&#8243;][vc_column_text css=&#8221;&#8221;] Fakta om minigris&nbsp; &hellip; Read more","og_url":"https:\/\/www.4h.se\/vaxjo\/minigris\/","og_site_name":"V\u00e4xj\u00f6 4H-g\u00e5rd","article_modified_time":"2024-08-14T12:03:17+00:00","twitter_card":"summary_large_image","twitter_misc":{"Ber\u00e4knad l\u00e4stid":"2 minuter"},"schema":{"@context":"https:\/\/schema.org","@graph":[{"@type":"WebPage","@id":"https:\/\/www.4h.se\/vaxjo\/minigris\/","url":"https:\/\/www.4h.se\/vaxjo\/minigris\/","name":"Minigris - V\u00e4xj\u00f6 4H-g\u00e5rd","isPartOf":{"@id":"https:\/\/www.4h.se\/vaxjo\/#website"},"datePublished":"2022-09-19T06:16:02+00:00","dateModified":"2024-08-14T12:03:17+00:00","breadcrumb":{"@id":"https:\/\/www.4h.se\/vaxjo\/minigris\/#breadcrumb"},"inLanguage":"sv-SE","potentialAction":[{"@type":"ReadAction","target":["https:\/\/www.4h.se\/vaxjo\/minigris\/"]}]},{"@type":"BreadcrumbList","@id":"https:\/\/www.4h.se\/vaxjo\/minigris\/#breadcrumb","itemListElement":[{"@type":"ListItem","position":1,"name":"Hem","item":"https:\/\/www.4h.se\/vaxjo\/"},{"@type":"ListItem","position":2,"name":"Minigris"}]},{"@type":"WebSite","@id":"https:\/\/www.4h.se\/vaxjo\/#website","url":"https:\/\/www.4h.se\/vaxjo\/","name":"V\u00e4xj\u00f6 4H-g\u00e5rd","description":"L\u00e4ra genom att g\u00f6ra","potentialAction":[{"@type":"SearchAction","target":{"@type":"EntryPoint","urlTemplate":"https:\/\/www.4h.se\/vaxjo\/?s={search_term_string}"},"query-input":{"@type":"PropertyValueSpecification","valueRequired":true,"valueName":"search_term_string"}}],"inLanguage":"sv-SE"}]}},"_links":{"self":[{"href":"https:\/\/www.4h.se\/vaxjo\/wp-json\/wp\/v2\/pages\/1142","targetHints":{"allow":["GET"]}}],"collection":[{"href":"https:\/\/www.4h.se\/vaxjo\/wp-json\/wp\/v2\/pages"}],"about":[{"href":"https:\/\/www.4h.se\/vaxjo\/wp-json\/wp\/v2\/types\/page"}],"author":[{"embeddable":true,"href":"https:\/\/www.4h.se\/vaxjo\/wp-json\/wp\/v2\/users\/229"}],"replies":[{"embeddable":true,"href":"https:\/\/www.4h.se\/vaxjo\/wp-json\/wp\/v2\/comments?post=1142"}],"version-history":[{"count":0,"href":"https:\/\/www.4h.se\/vaxjo\/wp-json\/wp\/v2\/pages\/1142\/revisions"}],"wp:attachment":[{"href":"https:\/\/www.4h.se\/vaxjo\/wp-json\/wp\/v2\/media?parent=1142"}],"curies":[{"name":"wp","href":"https:\/\/api.w.org\/{rel}","templated":true}]}}