



{"id":1115,"date":"2022-09-06T13:29:40","date_gmt":"2022-09-06T11:29:40","guid":{"rendered":"https:\/\/www.4h.se\/vaxjo\/?page_id=1115"},"modified":"2024-08-14T14:15:59","modified_gmt":"2024-08-14T12:15:59","slug":"gutefar","status":"publish","type":"page","link":"https:\/\/www.4h.se\/vaxjo\/gutefar\/","title":{"rendered":"Gutef\u00e5r"},"content":{"rendered":"<div class=\"wpb-content-wrapper\"><p>[vc_row][vc_column][vc_column_text css=&#8221;&#8221;]<\/p>\n<h1 style=\"text-align: center; font-size: clamp(4rem, 4vw, 20rem); overflow-wrap: break-word;\"><span style=\"color: #f1a41e;\">Gutef\u00e5r<\/span><\/h1>\n<p>&nbsp;<\/p>\n<p style=\"text-align: center;\">I tryggheten av den stora flocken trivs v\u00e5ra gutef\u00e5r. Ofta ser man de idisslande ligga i skuggan av ett tr\u00e4d, alldeles n\u00e4ra intill varandra. Alla v\u00e5ra f\u00e5r \u00e4r individer med olika karakt\u00e4rer. Vissa gillar att bli klappade och vissa \u00e4r ganska blyga. Det g\u00e4ller att l\u00e4ra k\u00e4nna var och en av dem.<\/p>\n<p>[\/vc_column_text][\/vc_column][\/vc_row][vc_row][vc_column width=&#8221;1\/2&#8243;][vc_single_image image=&#8221;915&#8243; img_size=&#8221;2618 \u00d7 1816&#8243;][\/vc_column][vc_column width=&#8221;1\/2&#8243;][vc_column_text css=&#8221;&#8221;]<\/p>\n<h6 style=\"font-size: clamp(1rem, 1.5vw, 6rem); overflow-wrap: break-word; text-align: left;\"><span style=\"color: #82c381;\">Fakta om gutef\u00e5ret<\/span><\/h6>\n<p>&nbsp;<\/p>\n<p><strong>Latinsk namn:\u00a0<\/strong>Ovis aries<\/p>\n<p><strong>Ordning:\u00a0<\/strong>Part\u00e5iga hovdjur<\/p>\n<p><strong>Familj:\u00a0<\/strong>Slidhornsdjur<\/p>\n<p><strong>Vikt:\u00a0\u00a0<\/strong>tackor 30-40 kg, baggar 40-75 kg<\/p>\n<p><strong>F\u00f6da:\u00a0<\/strong>Gr\u00e4s och \u00f6rter, buskar<\/p>\n<p><strong>\u00c5lder:\u00a0<\/strong>10-12 \u00e5r[\/vc_column_text][\/vc_column][\/vc_row][vc_row][vc_column width=&#8221;1\/2&#8243;][vc_column_text css=&#8221;&#8221;]<\/p>\n<h6 style=\"font-size: clamp(1rem, 1.5vw, 6rem); overflow-wrap: break-word; text-align: left;\"><span style=\"color: #82c381;\">Starkare tillsammans<\/span><\/h6>\n<p>Flera\u00a0\u00f6gon ser mer \u00e4n ett par! Hela\u00a0f\u00e5rflocken blir en enda stor organism med massor med \u00f6gon att uppt\u00e4cka faror och fiender. Den som m\u00e4rker n\u00e5got f\u00f6rst tv\u00e4rv\u00e4nder, och f\u00e5r hela gruppen med sig. I flocken handlar det inte om att en ska sticka ut eller ska veta mer \u00e4n de andra. F\u00e5ren n\u00f6jer sig med gruppens stora trygghet och kunskapen de alla har tillsammans. Vill du n\u00e4rma dig f\u00e5ren f\u00f6r att klappa s\u00e5 \u00e4r det d\u00e4rf\u00f6r viktigt att ta det lugnt. F\u00f6r snabba r\u00f6relser kan k\u00e4nnas hotfulla och d\u00e5 kan det h\u00e4nda att hela flocken sticker iv\u00e4g.[\/vc_column_text][\/vc_column][vc_column width=&#8221;1\/2&#8243;][vc_single_image image=&#8221;863&#8243; img_size=&#8221;3008 \u00d7 2000&#8243;][\/vc_column][\/vc_row][vc_row][vc_column][vc_column_text css=&#8221;&#8221;]<\/p>\n<h6 style=\"font-size: clamp(1rem, 1.5vw, 6rem); overflow-wrap: break-word; text-align: center;\"><span style=\"color: #82c381;\">V\u00e5ra f\u00e5r<\/span><\/h6>\n<p>&nbsp;[\/vc_column_text][\/vc_column][\/vc_row][vc_row][vc_column width=&#8221;1\/4&#8243;][vc_single_image image=&#8221;1120&#8243; img_size=&#8221;300&#215;200&#8243; alignment=&#8221;center&#8221; css=&#8221;&#8221;][vc_column_text]<\/p>\n<p style=\"text-align: center\"><strong>Isak<\/strong><\/p>\n<p>[\/vc_column_text][\/vc_column][vc_column width=&#8221;1\/4&#8243;][vc_single_image image=&#8221;1124&#8243; img_size=&#8221;300&#215;200&#8243; alignment=&#8221;center&#8221; css=&#8221;&#8221;][vc_column_text css=&#8221;&#8221;]<\/p>\n<p style=\"text-align: center;\"><strong>Charlie<\/strong><\/p>\n<p>[\/vc_column_text][\/vc_column][vc_column width=&#8221;1\/4&#8243;][vc_single_image image=&#8221;1461&#8243; img_size=&#8221;300&#215;200&#8243; alignment=&#8221;center&#8221; css=&#8221;&#8221;][vc_column_text css=&#8221;&#8221;]<\/p>\n<p style=\"text-align: center;\"><strong>Olof<\/strong><\/p>\n<p>[\/vc_column_text][\/vc_column][\/vc_row]<\/p>\n<\/div>","protected":false},"excerpt":{"rendered":"<p>[vc_row][vc_column][vc_column_text css=&#8221;&#8221;] Gutef\u00e5r &nbsp; I tryggheten av den stora flocken trivs v\u00e5ra gutef\u00e5r. Ofta ser man de idisslande ligga i skuggan av ett tr\u00e4d, alldeles n\u00e4ra intill varandra. Alla v\u00e5ra f\u00e5r \u00e4r individer med olika karakt\u00e4rer. Vissa gillar att bli klappade och vissa \u00e4r ganska blyga. Det g\u00e4ller att l\u00e4ra k\u00e4nna var och en av&nbsp; <a href=\"https:\/\/www.4h.se\/vaxjo\/gutefar\/\">&hellip; Read more <i class=\"glyphicon glyphicon-arrow-right\"><\/i><\/a><\/p>\n","protected":false},"author":229,"featured_media":0,"parent":0,"menu_order":0,"comment_status":"closed","ping_status":"closed","template":"","meta":{"footnotes":""},"class_list":["post-1115","page","type-page","status-publish","hentry"],"yoast_head":"<!-- This site is optimized with the Yoast SEO plugin v27.4 - https:\/\/yoast.com\/product\/yoast-seo-wordpress\/ -->\n<title>Gutef\u00e5r - V\u00e4xj\u00f6 4H-g\u00e5rd<\/title>\n<meta name=\"robots\" content=\"index, follow, max-snippet:-1, max-image-preview:large, max-video-preview:-1\" \/>\n<link rel=\"canonical\" href=\"https:\/\/www.4h.se\/vaxjo\/gutefar\/\" \/>\n<meta property=\"og:locale\" content=\"sv_SE\" \/>\n<meta property=\"og:type\" content=\"article\" \/>\n<meta property=\"og:title\" content=\"Gutef\u00e5r - V\u00e4xj\u00f6 4H-g\u00e5rd\" \/>\n<meta property=\"og:description\" content=\"[vc_row][vc_column][vc_column_text css=&#8221;&#8221;] Gutef\u00e5r &nbsp; I tryggheten av den stora flocken trivs v\u00e5ra gutef\u00e5r. Ofta ser man de idisslande ligga i skuggan av ett tr\u00e4d, alldeles n\u00e4ra intill varandra. Alla v\u00e5ra f\u00e5r \u00e4r individer med olika karakt\u00e4rer. Vissa gillar att bli klappade och vissa \u00e4r ganska blyga. Det g\u00e4ller att l\u00e4ra k\u00e4nna var och en av&nbsp; &hellip; Read more\" \/>\n<meta property=\"og:url\" content=\"https:\/\/www.4h.se\/vaxjo\/gutefar\/\" \/>\n<meta property=\"og:site_name\" content=\"V\u00e4xj\u00f6 4H-g\u00e5rd\" \/>\n<meta property=\"article:modified_time\" content=\"2024-08-14T12:15:59+00:00\" \/>\n<meta name=\"twitter:card\" content=\"summary_large_image\" \/>\n<meta name=\"twitter:label1\" content=\"Ber\u00e4knad l\u00e4stid\" \/>\n\t<meta name=\"twitter:data1\" content=\"2 minuter\" \/>\n<script type=\"application\/ld+json\" class=\"yoast-schema-graph\">{\"@context\":\"https:\\\/\\\/schema.org\",\"@graph\":[{\"@type\":\"WebPage\",\"@id\":\"https:\\\/\\\/www.4h.se\\\/vaxjo\\\/gutefar\\\/\",\"url\":\"https:\\\/\\\/www.4h.se\\\/vaxjo\\\/gutefar\\\/\",\"name\":\"Gutef\u00e5r - V\u00e4xj\u00f6 4H-g\u00e5rd\",\"isPartOf\":{\"@id\":\"https:\\\/\\\/www.4h.se\\\/vaxjo\\\/#website\"},\"datePublished\":\"2022-09-06T11:29:40+00:00\",\"dateModified\":\"2024-08-14T12:15:59+00:00\",\"breadcrumb\":{\"@id\":\"https:\\\/\\\/www.4h.se\\\/vaxjo\\\/gutefar\\\/#breadcrumb\"},\"inLanguage\":\"sv-SE\",\"potentialAction\":[{\"@type\":\"ReadAction\",\"target\":[\"https:\\\/\\\/www.4h.se\\\/vaxjo\\\/gutefar\\\/\"]}]},{\"@type\":\"BreadcrumbList\",\"@id\":\"https:\\\/\\\/www.4h.se\\\/vaxjo\\\/gutefar\\\/#breadcrumb\",\"itemListElement\":[{\"@type\":\"ListItem\",\"position\":1,\"name\":\"Hem\",\"item\":\"https:\\\/\\\/www.4h.se\\\/vaxjo\\\/\"},{\"@type\":\"ListItem\",\"position\":2,\"name\":\"Gutef\u00e5r\"}]},{\"@type\":\"WebSite\",\"@id\":\"https:\\\/\\\/www.4h.se\\\/vaxjo\\\/#website\",\"url\":\"https:\\\/\\\/www.4h.se\\\/vaxjo\\\/\",\"name\":\"V\u00e4xj\u00f6 4H-g\u00e5rd\",\"description\":\"L\u00e4ra genom att g\u00f6ra\",\"potentialAction\":[{\"@type\":\"SearchAction\",\"target\":{\"@type\":\"EntryPoint\",\"urlTemplate\":\"https:\\\/\\\/www.4h.se\\\/vaxjo\\\/?s={search_term_string}\"},\"query-input\":{\"@type\":\"PropertyValueSpecification\",\"valueRequired\":true,\"valueName\":\"search_term_string\"}}],\"inLanguage\":\"sv-SE\"}]}<\/script>\n<!-- \/ Yoast SEO plugin. -->","yoast_head_json":{"title":"Gutef\u00e5r - V\u00e4xj\u00f6 4H-g\u00e5rd","robots":{"index":"index","follow":"follow","max-snippet":"max-snippet:-1","max-image-preview":"max-image-preview:large","max-video-preview":"max-video-preview:-1"},"canonical":"https:\/\/www.4h.se\/vaxjo\/gutefar\/","og_locale":"sv_SE","og_type":"article","og_title":"Gutef\u00e5r - V\u00e4xj\u00f6 4H-g\u00e5rd","og_description":"[vc_row][vc_column][vc_column_text css=&#8221;&#8221;] Gutef\u00e5r &nbsp; I tryggheten av den stora flocken trivs v\u00e5ra gutef\u00e5r. Ofta ser man de idisslande ligga i skuggan av ett tr\u00e4d, alldeles n\u00e4ra intill varandra. Alla v\u00e5ra f\u00e5r \u00e4r individer med olika karakt\u00e4rer. Vissa gillar att bli klappade och vissa \u00e4r ganska blyga. Det g\u00e4ller att l\u00e4ra k\u00e4nna var och en av&nbsp; &hellip; Read more","og_url":"https:\/\/www.4h.se\/vaxjo\/gutefar\/","og_site_name":"V\u00e4xj\u00f6 4H-g\u00e5rd","article_modified_time":"2024-08-14T12:15:59+00:00","twitter_card":"summary_large_image","twitter_misc":{"Ber\u00e4knad l\u00e4stid":"2 minuter"},"schema":{"@context":"https:\/\/schema.org","@graph":[{"@type":"WebPage","@id":"https:\/\/www.4h.se\/vaxjo\/gutefar\/","url":"https:\/\/www.4h.se\/vaxjo\/gutefar\/","name":"Gutef\u00e5r - V\u00e4xj\u00f6 4H-g\u00e5rd","isPartOf":{"@id":"https:\/\/www.4h.se\/vaxjo\/#website"},"datePublished":"2022-09-06T11:29:40+00:00","dateModified":"2024-08-14T12:15:59+00:00","breadcrumb":{"@id":"https:\/\/www.4h.se\/vaxjo\/gutefar\/#breadcrumb"},"inLanguage":"sv-SE","potentialAction":[{"@type":"ReadAction","target":["https:\/\/www.4h.se\/vaxjo\/gutefar\/"]}]},{"@type":"BreadcrumbList","@id":"https:\/\/www.4h.se\/vaxjo\/gutefar\/#breadcrumb","itemListElement":[{"@type":"ListItem","position":1,"name":"Hem","item":"https:\/\/www.4h.se\/vaxjo\/"},{"@type":"ListItem","position":2,"name":"Gutef\u00e5r"}]},{"@type":"WebSite","@id":"https:\/\/www.4h.se\/vaxjo\/#website","url":"https:\/\/www.4h.se\/vaxjo\/","name":"V\u00e4xj\u00f6 4H-g\u00e5rd","description":"L\u00e4ra genom att g\u00f6ra","potentialAction":[{"@type":"SearchAction","target":{"@type":"EntryPoint","urlTemplate":"https:\/\/www.4h.se\/vaxjo\/?s={search_term_string}"},"query-input":{"@type":"PropertyValueSpecification","valueRequired":true,"valueName":"search_term_string"}}],"inLanguage":"sv-SE"}]}},"_links":{"self":[{"href":"https:\/\/www.4h.se\/vaxjo\/wp-json\/wp\/v2\/pages\/1115","targetHints":{"allow":["GET"]}}],"collection":[{"href":"https:\/\/www.4h.se\/vaxjo\/wp-json\/wp\/v2\/pages"}],"about":[{"href":"https:\/\/www.4h.se\/vaxjo\/wp-json\/wp\/v2\/types\/page"}],"author":[{"embeddable":true,"href":"https:\/\/www.4h.se\/vaxjo\/wp-json\/wp\/v2\/users\/229"}],"replies":[{"embeddable":true,"href":"https:\/\/www.4h.se\/vaxjo\/wp-json\/wp\/v2\/comments?post=1115"}],"version-history":[{"count":0,"href":"https:\/\/www.4h.se\/vaxjo\/wp-json\/wp\/v2\/pages\/1115\/revisions"}],"wp:attachment":[{"href":"https:\/\/www.4h.se\/vaxjo\/wp-json\/wp\/v2\/media?parent=1115"}],"curies":[{"name":"wp","href":"https:\/\/api.w.org\/{rel}","templated":true}]}}