



{"id":1107,"date":"2022-09-06T10:42:57","date_gmt":"2022-09-06T08:42:57","guid":{"rendered":"https:\/\/www.4h.se\/vaxjo\/?page_id=1107"},"modified":"2024-08-14T13:33:33","modified_gmt":"2024-08-14T11:33:33","slug":"goingeget","status":"publish","type":"page","link":"https:\/\/www.4h.se\/vaxjo\/goingeget\/","title":{"rendered":"G\u00f6ingeget"},"content":{"rendered":"<div class=\"wpb-content-wrapper\"><p>[vc_row][vc_column][vc_column_text css=&#8221;&#8221;]<\/p>\n<h1 style=\"text-align: center; font-size: clamp(4rem, 4vw, 20rem); overflow-wrap: break-word;\"><span style=\"color: #f1a41e;\">G\u00f6ingeget<\/span><\/h1>\n<h1><\/h1>\n<p>&nbsp;<\/p>\n<p style=\"text-align: center;\">Getterna \u00e4r v\u00e4ldigt nyfikna djur och de kommer g\u00e4rna fram till staketet f\u00f6r att kolla vad som h\u00e4nder och ifall det kanske finns mat i n\u00e4rheten. Det b\u00e4sta de vet \u00e4r att kl\u00e4ttra \u00f6ver stock och sten tillsammans med sina getkompisar. Getterna f\u00f6rs\u00f6ker allt f\u00f6r att n\u00e5 de b\u00e4sta grenar och \u00e4r v\u00e4ldigt p\u00e5hittiga i hur de ska lyckas med det.<\/p>\n<p>[\/vc_column_text][vc_empty_space][\/vc_column][\/vc_row][vc_row][vc_column width=&#8221;1\/2&#8243;][vc_single_image image=&#8221;865&#8243; img_size=&#8221;1224 \u00d7 789&#8243;][\/vc_column][vc_column width=&#8221;1\/2&#8243;][vc_column_text css=&#8221;&#8221;]<\/p>\n<h6 style=\"font-size: clamp(1rem, 1.5vw, 6rem); overflow-wrap: break-word; text-align: left;\"><span style=\"color: #82c381;\">Fakta om g\u00f6ingegeter<\/span><\/h6>\n<p><strong>Latinsk namn:\u00a0<\/strong>Capra hircus<\/p>\n<p><strong>Ordning: <\/strong>Part\u00e5iga hovdjur<\/p>\n<p><strong>Familj: <\/strong>Slidhornsdjur<\/p>\n<p><strong>Vikt:\u00a0<\/strong>Getkons vikt \u00e4r 35-70 kg, bockens 50-90 kg<\/p>\n<p><strong>F\u00f6da: <\/strong>buskar, blad, grenar, gr\u00e4s, havre<\/p>\n<p><strong>\u00c5lder: <\/strong>10-12 \u00e5r[\/vc_column_text][\/vc_column][\/vc_row][vc_row][vc_column width=&#8221;1\/2&#8243;][vc_column_text css=&#8221;&#8221;]<\/p>\n<h6 style=\"font-size: clamp(1rem, 1.5vw, 6rem); overflow-wrap: break-word; text-align: left;\"><span style=\"color: #82c381;\">Akut Utrotningshotad<\/span><\/h6>\n<p>Fr\u00e5n dessa getter h\u00e4rstammar den drygt 400 stora populationen som finns idag. Rasen beskrivs fortsatt som akut utrotningshotad. Tillsammans med j\u00e4mtgeten och lappgeten \u00e4r den h\u00e4r rasen den sista resten av de m\u00e5nga lantrasgetter som en g\u00e5ng fanns i Sverige.<\/p>\n<h3><\/h3>\n<h6 style=\"font-size: clamp(1rem, 1.5vw, 6rem); overflow-wrap: break-word; text-align: left;\"><span style=\"color: #82c381;\">Fattigmansko<\/span><\/h6>\n<p>Geten kallades f\u00f6rr &#8221;fattigmansko&#8221; eftersom \u00e4ven fattiga familjer hade r\u00e5d att h\u00e5lla en get f\u00f6r att f\u00e5 mj\u00f6lk och k\u00f6tt. Raggen fr\u00e5n getterna blandades med f\u00e5rull f\u00f6r att sticka strumpor; raggsockor. Getterna kunde ocks\u00e5 anv\u00e4ndas som dragdjur till sm\u00e5 k\u00e4rror av den som inte hade r\u00e5d med h\u00e4st eller oxe.[\/vc_column_text][\/vc_column][vc_column width=&#8221;1\/2&#8243;][vc_single_image image=&#8221;951&#8243; img_size=&#8221;530&#215;511&#8243;][\/vc_column][\/vc_row][vc_row][vc_column][vc_column_text css=&#8221;&#8221;]<\/p>\n<h6 style=\"font-size: clamp(1rem, 1.5vw, 6rem); overflow-wrap: break-word; text-align: center;\"><span style=\"color: #82c381;\">V\u00e5ra getter<\/span><\/h6>\n<p>&nbsp;[\/vc_column_text][\/vc_column][\/vc_row][vc_row][vc_column width=&#8221;1\/5&#8243;][vc_single_image image=&#8221;1111&#8243; img_size=&#8221;300&#215;200&#8243;][vc_column_text]<\/p>\n<p style=\"text-align: center\"><strong>Astrid<\/strong><\/p>\n<p>[\/vc_column_text][\/vc_column][vc_column width=&#8221;1\/5&#8243;][vc_single_image image=&#8221;1112&#8243; img_size=&#8221;300&#215;300&#8243;][vc_column_text]<\/p>\n<p style=\"text-align: center\"><strong>Majsan<\/strong><\/p>\n<p>[\/vc_column_text][\/vc_column][vc_column width=&#8221;1\/5&#8243;][vc_single_image image=&#8221;1102&#8243; img_size=&#8221;300&#215;200&#8243; css=&#8221;&#8221;][vc_column_text css=&#8221;&#8221;]<\/p>\n<p style=\"text-align: center;\"><strong>Evelina<\/strong><\/p>\n<p>[\/vc_column_text][\/vc_column][vc_column width=&#8221;1\/5&#8243;][vc_single_image image=&#8221;1110&#8243; img_size=&#8221;300&#215;300&#8243;][vc_column_text]<\/p>\n<p style=\"text-align: center\"><strong>Cesar<\/strong><\/p>\n<p>[\/vc_column_text][\/vc_column][vc_column width=&#8221;1\/5&#8243;][vc_single_image image=&#8221;1393&#8243; img_size=&#8221;300&#215;200&#8243;][vc_column_text]<\/p>\n<p style=\"text-align: center;\"><strong>Diggiley<\/strong><\/p>\n<p>[\/vc_column_text][\/vc_column][\/vc_row][vc_row][vc_column][\/vc_column][\/vc_row]<\/p>\n<\/div>","protected":false},"excerpt":{"rendered":"<p>[vc_row][vc_column][vc_column_text css=&#8221;&#8221;] G\u00f6ingeget &nbsp; Getterna \u00e4r v\u00e4ldigt nyfikna djur och de kommer g\u00e4rna fram till staketet f\u00f6r att kolla vad som h\u00e4nder och ifall det kanske finns mat i n\u00e4rheten. Det b\u00e4sta de vet \u00e4r att kl\u00e4ttra \u00f6ver stock och sten tillsammans med sina getkompisar. Getterna f\u00f6rs\u00f6ker allt f\u00f6r att n\u00e5 de b\u00e4sta grenar och&nbsp; <a href=\"https:\/\/www.4h.se\/vaxjo\/goingeget\/\">&hellip; Read more <i class=\"glyphicon glyphicon-arrow-right\"><\/i><\/a><\/p>\n","protected":false},"author":229,"featured_media":0,"parent":0,"menu_order":0,"comment_status":"closed","ping_status":"closed","template":"","meta":{"footnotes":""},"class_list":["post-1107","page","type-page","status-publish","hentry"],"yoast_head":"<!-- This site is optimized with the Yoast SEO plugin v27.4 - https:\/\/yoast.com\/product\/yoast-seo-wordpress\/ -->\n<title>G\u00f6ingeget - V\u00e4xj\u00f6 4H-g\u00e5rd<\/title>\n<meta name=\"robots\" content=\"index, follow, max-snippet:-1, max-image-preview:large, max-video-preview:-1\" \/>\n<link rel=\"canonical\" href=\"https:\/\/www.4h.se\/vaxjo\/goingeget\/\" \/>\n<meta property=\"og:locale\" content=\"sv_SE\" \/>\n<meta property=\"og:type\" content=\"article\" \/>\n<meta property=\"og:title\" content=\"G\u00f6ingeget - V\u00e4xj\u00f6 4H-g\u00e5rd\" \/>\n<meta property=\"og:description\" content=\"[vc_row][vc_column][vc_column_text css=&#8221;&#8221;] G\u00f6ingeget &nbsp; Getterna \u00e4r v\u00e4ldigt nyfikna djur och de kommer g\u00e4rna fram till staketet f\u00f6r att kolla vad som h\u00e4nder och ifall det kanske finns mat i n\u00e4rheten. Det b\u00e4sta de vet \u00e4r att kl\u00e4ttra \u00f6ver stock och sten tillsammans med sina getkompisar. Getterna f\u00f6rs\u00f6ker allt f\u00f6r att n\u00e5 de b\u00e4sta grenar och&nbsp; &hellip; Read more\" \/>\n<meta property=\"og:url\" content=\"https:\/\/www.4h.se\/vaxjo\/goingeget\/\" \/>\n<meta property=\"og:site_name\" content=\"V\u00e4xj\u00f6 4H-g\u00e5rd\" \/>\n<meta property=\"article:modified_time\" content=\"2024-08-14T11:33:33+00:00\" \/>\n<meta name=\"twitter:card\" content=\"summary_large_image\" \/>\n<meta name=\"twitter:label1\" content=\"Ber\u00e4knad l\u00e4stid\" \/>\n\t<meta name=\"twitter:data1\" content=\"2 minuter\" \/>\n<script type=\"application\/ld+json\" class=\"yoast-schema-graph\">{\"@context\":\"https:\\\/\\\/schema.org\",\"@graph\":[{\"@type\":\"WebPage\",\"@id\":\"https:\\\/\\\/www.4h.se\\\/vaxjo\\\/goingeget\\\/\",\"url\":\"https:\\\/\\\/www.4h.se\\\/vaxjo\\\/goingeget\\\/\",\"name\":\"G\u00f6ingeget - V\u00e4xj\u00f6 4H-g\u00e5rd\",\"isPartOf\":{\"@id\":\"https:\\\/\\\/www.4h.se\\\/vaxjo\\\/#website\"},\"datePublished\":\"2022-09-06T08:42:57+00:00\",\"dateModified\":\"2024-08-14T11:33:33+00:00\",\"breadcrumb\":{\"@id\":\"https:\\\/\\\/www.4h.se\\\/vaxjo\\\/goingeget\\\/#breadcrumb\"},\"inLanguage\":\"sv-SE\",\"potentialAction\":[{\"@type\":\"ReadAction\",\"target\":[\"https:\\\/\\\/www.4h.se\\\/vaxjo\\\/goingeget\\\/\"]}]},{\"@type\":\"BreadcrumbList\",\"@id\":\"https:\\\/\\\/www.4h.se\\\/vaxjo\\\/goingeget\\\/#breadcrumb\",\"itemListElement\":[{\"@type\":\"ListItem\",\"position\":1,\"name\":\"Hem\",\"item\":\"https:\\\/\\\/www.4h.se\\\/vaxjo\\\/\"},{\"@type\":\"ListItem\",\"position\":2,\"name\":\"G\u00f6ingeget\"}]},{\"@type\":\"WebSite\",\"@id\":\"https:\\\/\\\/www.4h.se\\\/vaxjo\\\/#website\",\"url\":\"https:\\\/\\\/www.4h.se\\\/vaxjo\\\/\",\"name\":\"V\u00e4xj\u00f6 4H-g\u00e5rd\",\"description\":\"L\u00e4ra genom att g\u00f6ra\",\"potentialAction\":[{\"@type\":\"SearchAction\",\"target\":{\"@type\":\"EntryPoint\",\"urlTemplate\":\"https:\\\/\\\/www.4h.se\\\/vaxjo\\\/?s={search_term_string}\"},\"query-input\":{\"@type\":\"PropertyValueSpecification\",\"valueRequired\":true,\"valueName\":\"search_term_string\"}}],\"inLanguage\":\"sv-SE\"}]}<\/script>\n<!-- \/ Yoast SEO plugin. -->","yoast_head_json":{"title":"G\u00f6ingeget - V\u00e4xj\u00f6 4H-g\u00e5rd","robots":{"index":"index","follow":"follow","max-snippet":"max-snippet:-1","max-image-preview":"max-image-preview:large","max-video-preview":"max-video-preview:-1"},"canonical":"https:\/\/www.4h.se\/vaxjo\/goingeget\/","og_locale":"sv_SE","og_type":"article","og_title":"G\u00f6ingeget - V\u00e4xj\u00f6 4H-g\u00e5rd","og_description":"[vc_row][vc_column][vc_column_text css=&#8221;&#8221;] G\u00f6ingeget &nbsp; Getterna \u00e4r v\u00e4ldigt nyfikna djur och de kommer g\u00e4rna fram till staketet f\u00f6r att kolla vad som h\u00e4nder och ifall det kanske finns mat i n\u00e4rheten. Det b\u00e4sta de vet \u00e4r att kl\u00e4ttra \u00f6ver stock och sten tillsammans med sina getkompisar. Getterna f\u00f6rs\u00f6ker allt f\u00f6r att n\u00e5 de b\u00e4sta grenar och&nbsp; &hellip; Read more","og_url":"https:\/\/www.4h.se\/vaxjo\/goingeget\/","og_site_name":"V\u00e4xj\u00f6 4H-g\u00e5rd","article_modified_time":"2024-08-14T11:33:33+00:00","twitter_card":"summary_large_image","twitter_misc":{"Ber\u00e4knad l\u00e4stid":"2 minuter"},"schema":{"@context":"https:\/\/schema.org","@graph":[{"@type":"WebPage","@id":"https:\/\/www.4h.se\/vaxjo\/goingeget\/","url":"https:\/\/www.4h.se\/vaxjo\/goingeget\/","name":"G\u00f6ingeget - V\u00e4xj\u00f6 4H-g\u00e5rd","isPartOf":{"@id":"https:\/\/www.4h.se\/vaxjo\/#website"},"datePublished":"2022-09-06T08:42:57+00:00","dateModified":"2024-08-14T11:33:33+00:00","breadcrumb":{"@id":"https:\/\/www.4h.se\/vaxjo\/goingeget\/#breadcrumb"},"inLanguage":"sv-SE","potentialAction":[{"@type":"ReadAction","target":["https:\/\/www.4h.se\/vaxjo\/goingeget\/"]}]},{"@type":"BreadcrumbList","@id":"https:\/\/www.4h.se\/vaxjo\/goingeget\/#breadcrumb","itemListElement":[{"@type":"ListItem","position":1,"name":"Hem","item":"https:\/\/www.4h.se\/vaxjo\/"},{"@type":"ListItem","position":2,"name":"G\u00f6ingeget"}]},{"@type":"WebSite","@id":"https:\/\/www.4h.se\/vaxjo\/#website","url":"https:\/\/www.4h.se\/vaxjo\/","name":"V\u00e4xj\u00f6 4H-g\u00e5rd","description":"L\u00e4ra genom att g\u00f6ra","potentialAction":[{"@type":"SearchAction","target":{"@type":"EntryPoint","urlTemplate":"https:\/\/www.4h.se\/vaxjo\/?s={search_term_string}"},"query-input":{"@type":"PropertyValueSpecification","valueRequired":true,"valueName":"search_term_string"}}],"inLanguage":"sv-SE"}]}},"_links":{"self":[{"href":"https:\/\/www.4h.se\/vaxjo\/wp-json\/wp\/v2\/pages\/1107","targetHints":{"allow":["GET"]}}],"collection":[{"href":"https:\/\/www.4h.se\/vaxjo\/wp-json\/wp\/v2\/pages"}],"about":[{"href":"https:\/\/www.4h.se\/vaxjo\/wp-json\/wp\/v2\/types\/page"}],"author":[{"embeddable":true,"href":"https:\/\/www.4h.se\/vaxjo\/wp-json\/wp\/v2\/users\/229"}],"replies":[{"embeddable":true,"href":"https:\/\/www.4h.se\/vaxjo\/wp-json\/wp\/v2\/comments?post=1107"}],"version-history":[{"count":0,"href":"https:\/\/www.4h.se\/vaxjo\/wp-json\/wp\/v2\/pages\/1107\/revisions"}],"wp:attachment":[{"href":"https:\/\/www.4h.se\/vaxjo\/wp-json\/wp\/v2\/media?parent=1107"}],"curies":[{"name":"wp","href":"https:\/\/api.w.org\/{rel}","templated":true}]}}