



{"id":1044,"date":"2022-05-10T09:52:42","date_gmt":"2022-05-10T07:52:42","guid":{"rendered":"https:\/\/www.4h.se\/vaxjo\/?page_id=1044"},"modified":"2025-11-19T12:34:19","modified_gmt":"2025-11-19T11:34:19","slug":"kloverklubben","status":"publish","type":"page","link":"https:\/\/www.4h.se\/vaxjo\/kloverklubben\/","title":{"rendered":"Kl\u00f6verklubben"},"content":{"rendered":"<div class=\"wpb-content-wrapper\"><p>[vc_row][vc_column][vc_column_text css=&#8221;&#8221;]<\/p>\n<h1 style=\"text-align: center; font-size: clamp(4rem, 4vw, 20rem); overflow-wrap: break-word;\"><span style=\"color: #f1a41e;\">Kl\u00f6verklubben<\/span><\/h1>\n<p>[\/vc_column_text][\/vc_column][\/vc_row][vc_row css=&#8221;.vc_custom_1724053689430{border-top-width: 5px !important;border-right-width: 5px !important;border-bottom-width: 5px !important;border-left-width: 5px !important;border-left-style: solid !important;border-right-style: solid !important;border-top-style: solid !important;border-bottom-style: solid !important;border-color: #ffffff !important;}&#8221;][vc_column width=&#8221;1\/2&#8243;][vc_column_text css=&#8221;&#8221;]Vi tr\u00e4ffas tisdag och torsdagar mellan kl.14.30 &#8211; 16.30 (efter skolan) p\u00e5 V\u00e4xj\u00f6 4H-g\u00e5rd. D\u00e4r kan vi hitta p\u00e5 en massa roliga aktiviteter. Vi kanske grillar, leker med djuren eller g\u00f6r en utflykt. Det \u00e4r deltagarna som f\u00e5r vara med och best\u00e4mma vad som ska h\u00e4nda. Vi b\u00f6rjar v\u00e5ra tr\u00e4ffar med gemensamt mellanm\u00e5l.<\/p>\n<p>Kl\u00f6verklubben fungerar som en fritidsg\u00e5rd f\u00f6r barn i \u00e5rskurs 2 \u2013 6 som \u00e4r gratis att delta p\u00e5.<\/p>\n<p>Medlamskap i V\u00e4xj\u00f6 4H-klubb kr\u00e4vs.<br \/>\nBeh\u00f6ver du hj\u00e4lp med medlemskap p\u00e5 grund av n\u00e5gon anledning? H\u00f6r av dig till oss p\u00e5 vaxjo@4h.se<\/p>\n<p>&nbsp;[\/vc_column_text][vc_btn title=&#8221;Anm\u00e4l dig h\u00e4r&#8221; style=&#8221;classic&#8221; shape=&#8221;square&#8221; color=&#8221;primary&#8221; size=&#8221;lg&#8221; align=&#8221;center&#8221; css=&#8221;&#8221; link=&#8221;url:https%3A%2F%2Fwww.studieframjandet.se%2Fkronobergs-lan%2Fgustav-arrangemang%2Fkalenderhandelser%2F2025%2Fseptember%2Fkloverklubben%2F|target:_blank&#8221;][\/vc_column][vc_column width=&#8221;1\/2&#8243;][vc_single_image image=&#8221;1261&#8243; img_size=&#8221;large&#8221; alignment=&#8221;center&#8221; css=&#8221;&#8221;][\/vc_column][\/vc_row]<\/p>\n<\/div>","protected":false},"excerpt":{"rendered":"<p>[vc_row][vc_column][vc_column_text css=&#8221;&#8221;] Kl\u00f6verklubben [\/vc_column_text][\/vc_column][\/vc_row][vc_row css=&#8221;.vc_custom_1724053689430{border-top-width: 5px !important;border-right-width: 5px !important;border-bottom-width: 5px !important;border-left-width: 5px !important;border-left-style: solid !important;border-right-style: solid !important;border-top-style: solid !important;border-bottom-style: solid !important;border-color: #ffffff !important;}&#8221;][vc_column width=&#8221;1\/2&#8243;][vc_column_text css=&#8221;&#8221;]Vi tr\u00e4ffas tisdag och torsdagar mellan kl.14.30 &#8211; 16.30 (efter skolan) p\u00e5 V\u00e4xj\u00f6 4H-g\u00e5rd. D\u00e4r kan vi hitta p\u00e5 en massa roliga aktiviteter. Vi kanske grillar, leker med djuren eller g\u00f6r&nbsp; <a href=\"https:\/\/www.4h.se\/vaxjo\/kloverklubben\/\">&hellip; Read more <i class=\"glyphicon glyphicon-arrow-right\"><\/i><\/a><\/p>\n","protected":false},"author":85,"featured_media":0,"parent":0,"menu_order":0,"comment_status":"closed","ping_status":"closed","template":"","meta":{"footnotes":""},"class_list":["post-1044","page","type-page","status-publish","hentry"],"yoast_head":"<!-- This site is optimized with the Yoast SEO plugin v27.4 - https:\/\/yoast.com\/product\/yoast-seo-wordpress\/ -->\n<title>Kl\u00f6verklubben - V\u00e4xj\u00f6 4H-g\u00e5rd<\/title>\n<meta name=\"description\" content=\"Kl\u00f6verklubben fungerar som en fritidsg\u00e5rd som \u00e4r gratis att delta p\u00e5. Vi tr\u00e4ffas tisdag- torsdag efter skolan p\u00e5 V\u00e4xj\u00f6 4H-g\u00e5rd.\" \/>\n<meta name=\"robots\" content=\"index, follow, max-snippet:-1, max-image-preview:large, max-video-preview:-1\" \/>\n<link rel=\"canonical\" href=\"https:\/\/www.4h.se\/vaxjo\/kloverklubben\/\" \/>\n<meta property=\"og:locale\" content=\"sv_SE\" \/>\n<meta property=\"og:type\" content=\"article\" \/>\n<meta property=\"og:title\" content=\"Kl\u00f6verklubben - V\u00e4xj\u00f6 4H-g\u00e5rd\" \/>\n<meta property=\"og:description\" content=\"Kl\u00f6verklubben fungerar som en fritidsg\u00e5rd som \u00e4r gratis att delta p\u00e5. Vi tr\u00e4ffas tisdag- torsdag efter skolan p\u00e5 V\u00e4xj\u00f6 4H-g\u00e5rd.\" \/>\n<meta property=\"og:url\" content=\"https:\/\/www.4h.se\/vaxjo\/kloverklubben\/\" \/>\n<meta property=\"og:site_name\" content=\"V\u00e4xj\u00f6 4H-g\u00e5rd\" \/>\n<meta property=\"article:modified_time\" content=\"2025-11-19T11:34:19+00:00\" \/>\n<meta name=\"twitter:card\" content=\"summary_large_image\" \/>\n<script type=\"application\/ld+json\" class=\"yoast-schema-graph\">{\"@context\":\"https:\\\/\\\/schema.org\",\"@graph\":[{\"@type\":\"WebPage\",\"@id\":\"https:\\\/\\\/www.4h.se\\\/vaxjo\\\/kloverklubben\\\/\",\"url\":\"https:\\\/\\\/www.4h.se\\\/vaxjo\\\/kloverklubben\\\/\",\"name\":\"Kl\u00f6verklubben - V\u00e4xj\u00f6 4H-g\u00e5rd\",\"isPartOf\":{\"@id\":\"https:\\\/\\\/www.4h.se\\\/vaxjo\\\/#website\"},\"datePublished\":\"2022-05-10T07:52:42+00:00\",\"dateModified\":\"2025-11-19T11:34:19+00:00\",\"description\":\"Kl\u00f6verklubben fungerar som en fritidsg\u00e5rd som \u00e4r gratis att delta p\u00e5. Vi tr\u00e4ffas tisdag- torsdag efter skolan p\u00e5 V\u00e4xj\u00f6 4H-g\u00e5rd.\",\"breadcrumb\":{\"@id\":\"https:\\\/\\\/www.4h.se\\\/vaxjo\\\/kloverklubben\\\/#breadcrumb\"},\"inLanguage\":\"sv-SE\",\"potentialAction\":[{\"@type\":\"ReadAction\",\"target\":[\"https:\\\/\\\/www.4h.se\\\/vaxjo\\\/kloverklubben\\\/\"]}]},{\"@type\":\"BreadcrumbList\",\"@id\":\"https:\\\/\\\/www.4h.se\\\/vaxjo\\\/kloverklubben\\\/#breadcrumb\",\"itemListElement\":[{\"@type\":\"ListItem\",\"position\":1,\"name\":\"Hem\",\"item\":\"https:\\\/\\\/www.4h.se\\\/vaxjo\\\/\"},{\"@type\":\"ListItem\",\"position\":2,\"name\":\"Kl\u00f6verklubben\"}]},{\"@type\":\"WebSite\",\"@id\":\"https:\\\/\\\/www.4h.se\\\/vaxjo\\\/#website\",\"url\":\"https:\\\/\\\/www.4h.se\\\/vaxjo\\\/\",\"name\":\"V\u00e4xj\u00f6 4H-g\u00e5rd\",\"description\":\"L\u00e4ra genom att g\u00f6ra\",\"potentialAction\":[{\"@type\":\"SearchAction\",\"target\":{\"@type\":\"EntryPoint\",\"urlTemplate\":\"https:\\\/\\\/www.4h.se\\\/vaxjo\\\/?s={search_term_string}\"},\"query-input\":{\"@type\":\"PropertyValueSpecification\",\"valueRequired\":true,\"valueName\":\"search_term_string\"}}],\"inLanguage\":\"sv-SE\"}]}<\/script>\n<!-- \/ Yoast SEO plugin. -->","yoast_head_json":{"title":"Kl\u00f6verklubben - V\u00e4xj\u00f6 4H-g\u00e5rd","description":"Kl\u00f6verklubben fungerar som en fritidsg\u00e5rd som \u00e4r gratis att delta p\u00e5. Vi tr\u00e4ffas tisdag- torsdag efter skolan p\u00e5 V\u00e4xj\u00f6 4H-g\u00e5rd.","robots":{"index":"index","follow":"follow","max-snippet":"max-snippet:-1","max-image-preview":"max-image-preview:large","max-video-preview":"max-video-preview:-1"},"canonical":"https:\/\/www.4h.se\/vaxjo\/kloverklubben\/","og_locale":"sv_SE","og_type":"article","og_title":"Kl\u00f6verklubben - V\u00e4xj\u00f6 4H-g\u00e5rd","og_description":"Kl\u00f6verklubben fungerar som en fritidsg\u00e5rd som \u00e4r gratis att delta p\u00e5. Vi tr\u00e4ffas tisdag- torsdag efter skolan p\u00e5 V\u00e4xj\u00f6 4H-g\u00e5rd.","og_url":"https:\/\/www.4h.se\/vaxjo\/kloverklubben\/","og_site_name":"V\u00e4xj\u00f6 4H-g\u00e5rd","article_modified_time":"2025-11-19T11:34:19+00:00","twitter_card":"summary_large_image","schema":{"@context":"https:\/\/schema.org","@graph":[{"@type":"WebPage","@id":"https:\/\/www.4h.se\/vaxjo\/kloverklubben\/","url":"https:\/\/www.4h.se\/vaxjo\/kloverklubben\/","name":"Kl\u00f6verklubben - V\u00e4xj\u00f6 4H-g\u00e5rd","isPartOf":{"@id":"https:\/\/www.4h.se\/vaxjo\/#website"},"datePublished":"2022-05-10T07:52:42+00:00","dateModified":"2025-11-19T11:34:19+00:00","description":"Kl\u00f6verklubben fungerar som en fritidsg\u00e5rd som \u00e4r gratis att delta p\u00e5. Vi tr\u00e4ffas tisdag- torsdag efter skolan p\u00e5 V\u00e4xj\u00f6 4H-g\u00e5rd.","breadcrumb":{"@id":"https:\/\/www.4h.se\/vaxjo\/kloverklubben\/#breadcrumb"},"inLanguage":"sv-SE","potentialAction":[{"@type":"ReadAction","target":["https:\/\/www.4h.se\/vaxjo\/kloverklubben\/"]}]},{"@type":"BreadcrumbList","@id":"https:\/\/www.4h.se\/vaxjo\/kloverklubben\/#breadcrumb","itemListElement":[{"@type":"ListItem","position":1,"name":"Hem","item":"https:\/\/www.4h.se\/vaxjo\/"},{"@type":"ListItem","position":2,"name":"Kl\u00f6verklubben"}]},{"@type":"WebSite","@id":"https:\/\/www.4h.se\/vaxjo\/#website","url":"https:\/\/www.4h.se\/vaxjo\/","name":"V\u00e4xj\u00f6 4H-g\u00e5rd","description":"L\u00e4ra genom att g\u00f6ra","potentialAction":[{"@type":"SearchAction","target":{"@type":"EntryPoint","urlTemplate":"https:\/\/www.4h.se\/vaxjo\/?s={search_term_string}"},"query-input":{"@type":"PropertyValueSpecification","valueRequired":true,"valueName":"search_term_string"}}],"inLanguage":"sv-SE"}]}},"_links":{"self":[{"href":"https:\/\/www.4h.se\/vaxjo\/wp-json\/wp\/v2\/pages\/1044","targetHints":{"allow":["GET"]}}],"collection":[{"href":"https:\/\/www.4h.se\/vaxjo\/wp-json\/wp\/v2\/pages"}],"about":[{"href":"https:\/\/www.4h.se\/vaxjo\/wp-json\/wp\/v2\/types\/page"}],"author":[{"embeddable":true,"href":"https:\/\/www.4h.se\/vaxjo\/wp-json\/wp\/v2\/users\/85"}],"replies":[{"embeddable":true,"href":"https:\/\/www.4h.se\/vaxjo\/wp-json\/wp\/v2\/comments?post=1044"}],"version-history":[{"count":0,"href":"https:\/\/www.4h.se\/vaxjo\/wp-json\/wp\/v2\/pages\/1044\/revisions"}],"wp:attachment":[{"href":"https:\/\/www.4h.se\/vaxjo\/wp-json\/wp\/v2\/media?parent=1044"}],"curies":[{"name":"wp","href":"https:\/\/api.w.org\/{rel}","templated":true}]}}