



{"id":39,"date":"2014-12-09T20:10:35","date_gmt":"2014-12-09T19:10:35","guid":{"rendered":"http:\/\/www.4h.se\/rix16\/?page_id=39"},"modified":"2025-06-23T09:15:20","modified_gmt":"2025-06-23T07:15:20","slug":"hem","status":"publish","type":"page","link":"https:\/\/www.4h.se\/vastraharg\/","title":{"rendered":"Startsida"},"content":{"rendered":"<div class=\"wpb-content-wrapper\"><p>[vc_row][vc_column width=&#8221;2\/3&#8243;][vc_column_text css=&#8221;&#8221;]<\/p>\n<h1>V\u00e4lkommen till V\u00e4stra Hargs 4H-klubbs hemsida!<\/h1>\n<p>[\/vc_column_text][vc_column_text css=&#8221;&#8221;]V\u00e4stra Hargs 4H-klubb \u00e4r en nystartad barn- och ungdomsf\u00f6rening i V\u00e4stra Harg, Mj\u00f6lby.<\/p>\n<p><em>Varmt v\u00e4lkomna att titta runt p\u00e5 v\u00e5r hemsida \u2013 tveka inte att h\u00f6ra av dig om du har n\u00e5gra fr\u00e5gor!<\/em>[\/vc_column_text][vc_separator color=&#8221;custom&#8221; style=&#8221;dotted&#8221; border_width=&#8221;7&#8243; css=&#8221;&#8221; accent_color=&#8221;#008B44&#8243;][vc_single_image image=&#8221;430&#8243; img_size=&#8221;big&#8221; css=&#8221;&#8221;][vc_single_image image=&#8221;433&#8243; img_size=&#8221;large&#8221; alignment=&#8221;center&#8221; css=&#8221;&#8221;][\/vc_column][vc_column width=&#8221;1\/3&#8243;][vc_wp_posts number=&#8221;5&#8243;][vc_column_text]<div id=\"calendar-4h\" class=\"widget widget_4h_calendar\"><script type=\"text\/javascript\">var ajaxurl = \"https:\/\/www.4h.se\/vastraharg\/wp-admin\/admin-ajax.php\";<\/script><div id=\"calendar_div\"><!-- mainCalender() saknas --><\/div><\/div>[\/vc_column_text][\/vc_column][\/vc_row]<\/p>\n<\/div>","protected":false},"excerpt":{"rendered":"<p>[vc_row][vc_column width=&#8221;2\/3&#8243;][vc_column_text css=&#8221;&#8221;] V\u00e4lkommen till V\u00e4stra Hargs 4H-klubbs hemsida! [\/vc_column_text][vc_column_text css=&#8221;&#8221;]V\u00e4stra Hargs 4H-klubb \u00e4r en nystartad barn- och ungdomsf\u00f6rening i V\u00e4stra Harg, Mj\u00f6lby. Varmt v\u00e4lkomna att titta runt p\u00e5 v\u00e5r hemsida \u2013 tveka inte att h\u00f6ra av dig om du har n\u00e5gra fr\u00e5gor![\/vc_column_text][vc_separator color=&#8221;custom&#8221; style=&#8221;dotted&#8221; border_width=&#8221;7&#8243; css=&#8221;&#8221; accent_color=&#8221;#008B44&#8243;][vc_single_image image=&#8221;430&#8243; img_size=&#8221;big&#8221; css=&#8221;&#8221;][vc_single_image image=&#8221;433&#8243; img_size=&#8221;large&#8221; alignment=&#8221;center&#8221; css=&#8221;&#8221;][\/vc_column][vc_column&nbsp; <a href=\"https:\/\/www.4h.se\/vastraharg\/\">&hellip; Read more <i class=\"glyphicon glyphicon-arrow-right\"><\/i><\/a><\/p>\n","protected":false},"author":1,"featured_media":0,"parent":0,"menu_order":10,"comment_status":"closed","ping_status":"closed","template":"","meta":{"footnotes":""},"class_list":["post-39","page","type-page","status-publish","hentry"],"yoast_head":"<!-- This site is optimized with the Yoast SEO plugin v27.4 - https:\/\/yoast.com\/product\/yoast-seo-wordpress\/ -->\n<title>Startsida - V\u00e4stra Hargs 4H-klubb<\/title>\n<meta name=\"robots\" content=\"index, follow, max-snippet:-1, max-image-preview:large, max-video-preview:-1\" \/>\n<link rel=\"canonical\" href=\"https:\/\/www.4h.se\/vastraharg\/\" \/>\n<meta property=\"og:locale\" content=\"sv_SE\" \/>\n<meta property=\"og:type\" content=\"article\" \/>\n<meta property=\"og:title\" content=\"Startsida - V\u00e4stra Hargs 4H-klubb\" \/>\n<meta property=\"og:description\" content=\"[vc_row][vc_column width=&#8221;2\/3&#8243;][vc_column_text css=&#8221;&#8221;] V\u00e4lkommen till V\u00e4stra Hargs 4H-klubbs hemsida! [\/vc_column_text][vc_column_text css=&#8221;&#8221;]V\u00e4stra Hargs 4H-klubb \u00e4r en nystartad barn- och ungdomsf\u00f6rening i V\u00e4stra Harg, Mj\u00f6lby. Varmt v\u00e4lkomna att titta runt p\u00e5 v\u00e5r hemsida \u2013 tveka inte att h\u00f6ra av dig om du har n\u00e5gra fr\u00e5gor![\/vc_column_text][vc_separator color=&#8221;custom&#8221; style=&#8221;dotted&#8221; border_width=&#8221;7&#8243; css=&#8221;&#8221; accent_color=&#8221;#008B44&#8243;][vc_single_image image=&#8221;430&#8243; img_size=&#8221;big&#8221; css=&#8221;&#8221;][vc_single_image image=&#8221;433&#8243; img_size=&#8221;large&#8221; alignment=&#8221;center&#8221; css=&#8221;&#8221;][\/vc_column][vc_column&nbsp; &hellip; Read more\" \/>\n<meta property=\"og:url\" content=\"https:\/\/www.4h.se\/vastraharg\/\" \/>\n<meta property=\"og:site_name\" content=\"V\u00e4stra Hargs 4H-klubb\" \/>\n<meta property=\"article:modified_time\" content=\"2025-06-23T07:15:20+00:00\" \/>\n<meta name=\"twitter:card\" content=\"summary_large_image\" \/>\n<script type=\"application\/ld+json\" class=\"yoast-schema-graph\">{\"@context\":\"https:\\\/\\\/schema.org\",\"@graph\":[{\"@type\":\"WebPage\",\"@id\":\"https:\\\/\\\/www.4h.se\\\/vastraharg\\\/\",\"url\":\"https:\\\/\\\/www.4h.se\\\/vastraharg\\\/\",\"name\":\"Startsida - V\u00e4stra Hargs 4H-klubb\",\"isPartOf\":{\"@id\":\"https:\\\/\\\/www.4h.se\\\/vastraharg\\\/#website\"},\"datePublished\":\"2014-12-09T19:10:35+00:00\",\"dateModified\":\"2025-06-23T07:15:20+00:00\",\"breadcrumb\":{\"@id\":\"https:\\\/\\\/www.4h.se\\\/vastraharg\\\/#breadcrumb\"},\"inLanguage\":\"sv-SE\",\"potentialAction\":[{\"@type\":\"ReadAction\",\"target\":[\"https:\\\/\\\/www.4h.se\\\/vastraharg\\\/\"]}]},{\"@type\":\"BreadcrumbList\",\"@id\":\"https:\\\/\\\/www.4h.se\\\/vastraharg\\\/#breadcrumb\",\"itemListElement\":[{\"@type\":\"ListItem\",\"position\":1,\"name\":\"Hem\",\"item\":\"https:\\\/\\\/www.4h.se\\\/vastraharg\\\/\"},{\"@type\":\"ListItem\",\"position\":2,\"name\":\"Startsida\"}]},{\"@type\":\"WebSite\",\"@id\":\"https:\\\/\\\/www.4h.se\\\/vastraharg\\\/#website\",\"url\":\"https:\\\/\\\/www.4h.se\\\/vastraharg\\\/\",\"name\":\"V\u00e4stra Hargs 4H-klubb\",\"description\":\"\",\"potentialAction\":[{\"@type\":\"SearchAction\",\"target\":{\"@type\":\"EntryPoint\",\"urlTemplate\":\"https:\\\/\\\/www.4h.se\\\/vastraharg\\\/?s={search_term_string}\"},\"query-input\":{\"@type\":\"PropertyValueSpecification\",\"valueRequired\":true,\"valueName\":\"search_term_string\"}}],\"inLanguage\":\"sv-SE\"}]}<\/script>\n<!-- \/ Yoast SEO plugin. -->","yoast_head_json":{"title":"Startsida - V\u00e4stra Hargs 4H-klubb","robots":{"index":"index","follow":"follow","max-snippet":"max-snippet:-1","max-image-preview":"max-image-preview:large","max-video-preview":"max-video-preview:-1"},"canonical":"https:\/\/www.4h.se\/vastraharg\/","og_locale":"sv_SE","og_type":"article","og_title":"Startsida - V\u00e4stra Hargs 4H-klubb","og_description":"[vc_row][vc_column width=&#8221;2\/3&#8243;][vc_column_text css=&#8221;&#8221;] V\u00e4lkommen till V\u00e4stra Hargs 4H-klubbs hemsida! [\/vc_column_text][vc_column_text css=&#8221;&#8221;]V\u00e4stra Hargs 4H-klubb \u00e4r en nystartad barn- och ungdomsf\u00f6rening i V\u00e4stra Harg, Mj\u00f6lby. Varmt v\u00e4lkomna att titta runt p\u00e5 v\u00e5r hemsida \u2013 tveka inte att h\u00f6ra av dig om du har n\u00e5gra fr\u00e5gor![\/vc_column_text][vc_separator color=&#8221;custom&#8221; style=&#8221;dotted&#8221; border_width=&#8221;7&#8243; css=&#8221;&#8221; accent_color=&#8221;#008B44&#8243;][vc_single_image image=&#8221;430&#8243; img_size=&#8221;big&#8221; css=&#8221;&#8221;][vc_single_image image=&#8221;433&#8243; img_size=&#8221;large&#8221; alignment=&#8221;center&#8221; css=&#8221;&#8221;][\/vc_column][vc_column&nbsp; &hellip; Read more","og_url":"https:\/\/www.4h.se\/vastraharg\/","og_site_name":"V\u00e4stra Hargs 4H-klubb","article_modified_time":"2025-06-23T07:15:20+00:00","twitter_card":"summary_large_image","schema":{"@context":"https:\/\/schema.org","@graph":[{"@type":"WebPage","@id":"https:\/\/www.4h.se\/vastraharg\/","url":"https:\/\/www.4h.se\/vastraharg\/","name":"Startsida - V\u00e4stra Hargs 4H-klubb","isPartOf":{"@id":"https:\/\/www.4h.se\/vastraharg\/#website"},"datePublished":"2014-12-09T19:10:35+00:00","dateModified":"2025-06-23T07:15:20+00:00","breadcrumb":{"@id":"https:\/\/www.4h.se\/vastraharg\/#breadcrumb"},"inLanguage":"sv-SE","potentialAction":[{"@type":"ReadAction","target":["https:\/\/www.4h.se\/vastraharg\/"]}]},{"@type":"BreadcrumbList","@id":"https:\/\/www.4h.se\/vastraharg\/#breadcrumb","itemListElement":[{"@type":"ListItem","position":1,"name":"Hem","item":"https:\/\/www.4h.se\/vastraharg\/"},{"@type":"ListItem","position":2,"name":"Startsida"}]},{"@type":"WebSite","@id":"https:\/\/www.4h.se\/vastraharg\/#website","url":"https:\/\/www.4h.se\/vastraharg\/","name":"V\u00e4stra Hargs 4H-klubb","description":"","potentialAction":[{"@type":"SearchAction","target":{"@type":"EntryPoint","urlTemplate":"https:\/\/www.4h.se\/vastraharg\/?s={search_term_string}"},"query-input":{"@type":"PropertyValueSpecification","valueRequired":true,"valueName":"search_term_string"}}],"inLanguage":"sv-SE"}]}},"_links":{"self":[{"href":"https:\/\/www.4h.se\/vastraharg\/wp-json\/wp\/v2\/pages\/39","targetHints":{"allow":["GET"]}}],"collection":[{"href":"https:\/\/www.4h.se\/vastraharg\/wp-json\/wp\/v2\/pages"}],"about":[{"href":"https:\/\/www.4h.se\/vastraharg\/wp-json\/wp\/v2\/types\/page"}],"author":[{"embeddable":true,"href":"https:\/\/www.4h.se\/vastraharg\/wp-json\/wp\/v2\/users\/1"}],"replies":[{"embeddable":true,"href":"https:\/\/www.4h.se\/vastraharg\/wp-json\/wp\/v2\/comments?post=39"}],"version-history":[{"count":0,"href":"https:\/\/www.4h.se\/vastraharg\/wp-json\/wp\/v2\/pages\/39\/revisions"}],"wp:attachment":[{"href":"https:\/\/www.4h.se\/vastraharg\/wp-json\/wp\/v2\/media?parent=39"}],"curies":[{"name":"wp","href":"https:\/\/api.w.org\/{rel}","templated":true}]}}