



{"id":285,"date":"2015-10-07T09:13:53","date_gmt":"2015-10-07T07:13:53","guid":{"rendered":"http:\/\/www.4h.se\/mall\/?page_id=285"},"modified":"2025-05-20T12:06:58","modified_gmt":"2025-05-20T10:06:58","slug":"bli-medlem","status":"publish","type":"page","link":"https:\/\/www.4h.se\/vastraharg\/bli-medlem\/","title":{"rendered":"Bli medlem"},"content":{"rendered":"<div class=\"wpb-content-wrapper\"><p>[vc_row][vc_column][vc_column_text css=&#8221;&#8221;]<\/p>\n<h1 style=\"text-align: center;\">Bli medlem i 4H och v\u00e5r klubb<\/h1>\n<p>[\/vc_column_text][\/vc_column][\/vc_row][vc_row][vc_column][vc_column_text css=&#8221;&#8221;]&nbsp;<\/p>\n<p style=\"text-align: center;\">F\u00f6r att delta i v\u00e5r verksamhet beh\u00f6ver du vara medlem i f\u00f6reningen V\u00e4stra Hargs 4H-klubb. Som medlem \u00e4r du f\u00f6rs\u00e4krad n\u00e4r du deltar i v\u00e5r verksamhet.<\/p>\n<p style=\"text-align: center;\"><strong>Pris f\u00f6r medlemskap<\/strong>:<br \/>\nT.o.m 26 \u00e5r \u2013 210 kr<br \/>\nFr.o.m. 26 \u00e5r \u2013 340 kr.<br \/>\nF\u00f6r att bli medlem registrerar du dig i v\u00e5rt medlemssystem Antribe genom att f\u00f6lja l\u00e4nken nedan.<\/p>\n<p>&nbsp;<\/p>\n<h1 style=\"text-align: center;\"><a href=\"https:\/\/antribe.com\/org\/4h\/vastra-hargs-4h\/bli-medlem\"><span style=\"color: #006340;\">&gt;BLI MEDLEM H\u00c4R&lt;<\/span><\/a><\/h1>\n<p>[\/vc_column_text][\/vc_column][\/vc_row]<\/p>\n<\/div>","protected":false},"excerpt":{"rendered":"<p>[vc_row][vc_column][vc_column_text css=&#8221;&#8221;] Bli medlem i 4H och v\u00e5r klubb [\/vc_column_text][\/vc_column][\/vc_row][vc_row][vc_column][vc_column_text css=&#8221;&#8221;]&nbsp; F\u00f6r att delta i v\u00e5r verksamhet beh\u00f6ver du vara medlem i f\u00f6reningen V\u00e4stra Hargs 4H-klubb. Som medlem \u00e4r du f\u00f6rs\u00e4krad n\u00e4r du deltar i v\u00e5r verksamhet. Pris f\u00f6r medlemskap: T.o.m 26 \u00e5r \u2013 210 kr Fr.o.m. 26 \u00e5r \u2013 340 kr. F\u00f6r att bli&nbsp; <a href=\"https:\/\/www.4h.se\/vastraharg\/bli-medlem\/\">&hellip; Read more <i class=\"glyphicon glyphicon-arrow-right\"><\/i><\/a><\/p>\n","protected":false},"author":1,"featured_media":0,"parent":0,"menu_order":0,"comment_status":"closed","ping_status":"closed","template":"","meta":{"footnotes":""},"class_list":["post-285","page","type-page","status-publish","hentry"],"yoast_head":"<!-- This site is optimized with the Yoast SEO plugin v27.4 - https:\/\/yoast.com\/product\/yoast-seo-wordpress\/ -->\n<title>Bli medlem - V\u00e4stra Hargs 4H-klubb<\/title>\n<meta name=\"robots\" content=\"index, follow, max-snippet:-1, max-image-preview:large, max-video-preview:-1\" \/>\n<link rel=\"canonical\" href=\"https:\/\/www.4h.se\/vastraharg\/bli-medlem\/\" \/>\n<meta property=\"og:locale\" content=\"sv_SE\" \/>\n<meta property=\"og:type\" content=\"article\" \/>\n<meta property=\"og:title\" content=\"Bli medlem - V\u00e4stra Hargs 4H-klubb\" \/>\n<meta property=\"og:description\" content=\"[vc_row][vc_column][vc_column_text css=&#8221;&#8221;] Bli medlem i 4H och v\u00e5r klubb [\/vc_column_text][\/vc_column][\/vc_row][vc_row][vc_column][vc_column_text css=&#8221;&#8221;]&nbsp; F\u00f6r att delta i v\u00e5r verksamhet beh\u00f6ver du vara medlem i f\u00f6reningen V\u00e4stra Hargs 4H-klubb. Som medlem \u00e4r du f\u00f6rs\u00e4krad n\u00e4r du deltar i v\u00e5r verksamhet. Pris f\u00f6r medlemskap: T.o.m 26 \u00e5r \u2013 210 kr Fr.o.m. 26 \u00e5r \u2013 340 kr. F\u00f6r att bli&nbsp; &hellip; Read more\" \/>\n<meta property=\"og:url\" content=\"https:\/\/www.4h.se\/vastraharg\/bli-medlem\/\" \/>\n<meta property=\"og:site_name\" content=\"V\u00e4stra Hargs 4H-klubb\" \/>\n<meta property=\"article:modified_time\" content=\"2025-05-20T10:06:58+00:00\" \/>\n<meta name=\"twitter:card\" content=\"summary_large_image\" \/>\n<meta name=\"twitter:label1\" content=\"Ber\u00e4knad l\u00e4stid\" \/>\n\t<meta name=\"twitter:data1\" content=\"1 minut\" \/>\n<script type=\"application\/ld+json\" class=\"yoast-schema-graph\">{\"@context\":\"https:\\\/\\\/schema.org\",\"@graph\":[{\"@type\":\"WebPage\",\"@id\":\"https:\\\/\\\/www.4h.se\\\/vastraharg\\\/bli-medlem\\\/\",\"url\":\"https:\\\/\\\/www.4h.se\\\/vastraharg\\\/bli-medlem\\\/\",\"name\":\"Bli medlem - V\u00e4stra Hargs 4H-klubb\",\"isPartOf\":{\"@id\":\"https:\\\/\\\/www.4h.se\\\/vastraharg\\\/#website\"},\"datePublished\":\"2015-10-07T07:13:53+00:00\",\"dateModified\":\"2025-05-20T10:06:58+00:00\",\"breadcrumb\":{\"@id\":\"https:\\\/\\\/www.4h.se\\\/vastraharg\\\/bli-medlem\\\/#breadcrumb\"},\"inLanguage\":\"sv-SE\",\"potentialAction\":[{\"@type\":\"ReadAction\",\"target\":[\"https:\\\/\\\/www.4h.se\\\/vastraharg\\\/bli-medlem\\\/\"]}]},{\"@type\":\"BreadcrumbList\",\"@id\":\"https:\\\/\\\/www.4h.se\\\/vastraharg\\\/bli-medlem\\\/#breadcrumb\",\"itemListElement\":[{\"@type\":\"ListItem\",\"position\":1,\"name\":\"Hem\",\"item\":\"https:\\\/\\\/www.4h.se\\\/vastraharg\\\/\"},{\"@type\":\"ListItem\",\"position\":2,\"name\":\"Bli medlem\"}]},{\"@type\":\"WebSite\",\"@id\":\"https:\\\/\\\/www.4h.se\\\/vastraharg\\\/#website\",\"url\":\"https:\\\/\\\/www.4h.se\\\/vastraharg\\\/\",\"name\":\"V\u00e4stra Hargs 4H-klubb\",\"description\":\"\",\"potentialAction\":[{\"@type\":\"SearchAction\",\"target\":{\"@type\":\"EntryPoint\",\"urlTemplate\":\"https:\\\/\\\/www.4h.se\\\/vastraharg\\\/?s={search_term_string}\"},\"query-input\":{\"@type\":\"PropertyValueSpecification\",\"valueRequired\":true,\"valueName\":\"search_term_string\"}}],\"inLanguage\":\"sv-SE\"}]}<\/script>\n<!-- \/ Yoast SEO plugin. -->","yoast_head_json":{"title":"Bli medlem - V\u00e4stra Hargs 4H-klubb","robots":{"index":"index","follow":"follow","max-snippet":"max-snippet:-1","max-image-preview":"max-image-preview:large","max-video-preview":"max-video-preview:-1"},"canonical":"https:\/\/www.4h.se\/vastraharg\/bli-medlem\/","og_locale":"sv_SE","og_type":"article","og_title":"Bli medlem - V\u00e4stra Hargs 4H-klubb","og_description":"[vc_row][vc_column][vc_column_text css=&#8221;&#8221;] Bli medlem i 4H och v\u00e5r klubb [\/vc_column_text][\/vc_column][\/vc_row][vc_row][vc_column][vc_column_text css=&#8221;&#8221;]&nbsp; F\u00f6r att delta i v\u00e5r verksamhet beh\u00f6ver du vara medlem i f\u00f6reningen V\u00e4stra Hargs 4H-klubb. Som medlem \u00e4r du f\u00f6rs\u00e4krad n\u00e4r du deltar i v\u00e5r verksamhet. Pris f\u00f6r medlemskap: T.o.m 26 \u00e5r \u2013 210 kr Fr.o.m. 26 \u00e5r \u2013 340 kr. F\u00f6r att bli&nbsp; &hellip; Read more","og_url":"https:\/\/www.4h.se\/vastraharg\/bli-medlem\/","og_site_name":"V\u00e4stra Hargs 4H-klubb","article_modified_time":"2025-05-20T10:06:58+00:00","twitter_card":"summary_large_image","twitter_misc":{"Ber\u00e4knad l\u00e4stid":"1 minut"},"schema":{"@context":"https:\/\/schema.org","@graph":[{"@type":"WebPage","@id":"https:\/\/www.4h.se\/vastraharg\/bli-medlem\/","url":"https:\/\/www.4h.se\/vastraharg\/bli-medlem\/","name":"Bli medlem - V\u00e4stra Hargs 4H-klubb","isPartOf":{"@id":"https:\/\/www.4h.se\/vastraharg\/#website"},"datePublished":"2015-10-07T07:13:53+00:00","dateModified":"2025-05-20T10:06:58+00:00","breadcrumb":{"@id":"https:\/\/www.4h.se\/vastraharg\/bli-medlem\/#breadcrumb"},"inLanguage":"sv-SE","potentialAction":[{"@type":"ReadAction","target":["https:\/\/www.4h.se\/vastraharg\/bli-medlem\/"]}]},{"@type":"BreadcrumbList","@id":"https:\/\/www.4h.se\/vastraharg\/bli-medlem\/#breadcrumb","itemListElement":[{"@type":"ListItem","position":1,"name":"Hem","item":"https:\/\/www.4h.se\/vastraharg\/"},{"@type":"ListItem","position":2,"name":"Bli medlem"}]},{"@type":"WebSite","@id":"https:\/\/www.4h.se\/vastraharg\/#website","url":"https:\/\/www.4h.se\/vastraharg\/","name":"V\u00e4stra Hargs 4H-klubb","description":"","potentialAction":[{"@type":"SearchAction","target":{"@type":"EntryPoint","urlTemplate":"https:\/\/www.4h.se\/vastraharg\/?s={search_term_string}"},"query-input":{"@type":"PropertyValueSpecification","valueRequired":true,"valueName":"search_term_string"}}],"inLanguage":"sv-SE"}]}},"_links":{"self":[{"href":"https:\/\/www.4h.se\/vastraharg\/wp-json\/wp\/v2\/pages\/285","targetHints":{"allow":["GET"]}}],"collection":[{"href":"https:\/\/www.4h.se\/vastraharg\/wp-json\/wp\/v2\/pages"}],"about":[{"href":"https:\/\/www.4h.se\/vastraharg\/wp-json\/wp\/v2\/types\/page"}],"author":[{"embeddable":true,"href":"https:\/\/www.4h.se\/vastraharg\/wp-json\/wp\/v2\/users\/1"}],"replies":[{"embeddable":true,"href":"https:\/\/www.4h.se\/vastraharg\/wp-json\/wp\/v2\/comments?post=285"}],"version-history":[{"count":0,"href":"https:\/\/www.4h.se\/vastraharg\/wp-json\/wp\/v2\/pages\/285\/revisions"}],"wp:attachment":[{"href":"https:\/\/www.4h.se\/vastraharg\/wp-json\/wp\/v2\/media?parent=285"}],"curies":[{"name":"wp","href":"https:\/\/api.w.org\/{rel}","templated":true}]}}