



{"id":121,"date":"2015-01-23T20:08:12","date_gmt":"2015-01-23T19:08:12","guid":{"rendered":"http:\/\/www.4h.se\/rix16\/?page_id=121"},"modified":"2025-05-20T12:11:51","modified_gmt":"2025-05-20T10:11:51","slug":"kontakta-oss","status":"publish","type":"page","link":"https:\/\/www.4h.se\/vastraharg\/kontakta-oss\/","title":{"rendered":"Kontakta oss"},"content":{"rendered":"<div class=\"wpb-content-wrapper\"><p>[vc_row][vc_column width=&#8221;1\/2&#8243;][vc_column_text]<\/p>\n<h1>Kontakta oss<\/h1>\n<div class=\"frm_forms  with_frm_style frm_style_formidable-style\" id=\"frm_form_2_container\" >\n<form enctype=\"multipart\/form-data\" method=\"post\" class=\"frm-show-form \" id=\"form_bk9b0\" >\n<div class=\"frm_form_fields \">\n<fieldset>\n<legend class=\"frm_hidden\">Kontaktformul\u00e4r<\/legend>\r\n\r\n<div class=\"frm_fields_container\">\n<input type=\"hidden\" name=\"frm_action\" value=\"create\" \/>\n<input type=\"hidden\" name=\"form_id\" value=\"2\" \/>\n<input type=\"hidden\" name=\"frm_hide_fields_2\" id=\"frm_hide_fields_2\" value=\"\" \/>\n<input type=\"hidden\" name=\"form_key\" value=\"bk9b0\" \/>\n<input type=\"hidden\" name=\"item_meta[0]\" value=\"\" \/>\n<input type=\"hidden\" id=\"frm_submit_entry_2\" name=\"frm_submit_entry_2\" value=\"52f5dbe88d\" \/><input type=\"hidden\" name=\"_wp_http_referer\" value=\"\/vastraharg\/wp-json\/wp\/v2\/pages\/121\" \/><div id=\"frm_field_8_container\" class=\"frm_form_field form-field  frm_required_field frm_top_container\">\r\n    <label for=\"field_rijy4\" class=\"frm_primary_label\">Namn\r\n        <span class=\"frm_required\">*<\/span>\r\n    <\/label>\r\n    <input type=\"text\" id=\"field_rijy4\" name=\"item_meta[8]\" value=\"\"  data-reqmsg=\"Detta f\u00e4lt kan inte vara tomt.\" aria-required=\"true\" data-invmsg=\"Namn \u00e4r ogiltigt\" aria-invalid=\"false\"  \/>\r\n    \r\n    \r\n<\/div>\n<div id=\"frm_field_9_container\" class=\"frm_form_field form-field  frm_top_container\">\r\n    <label for=\"field_v8etj\" class=\"frm_primary_label\">E-postadress\r\n        <span class=\"frm_required\"><\/span>\r\n    <\/label>\r\n    <input type=\"text\" id=\"field_v8etj\" name=\"item_meta[9]\" value=\"\"  data-invmsg=\"E-postadress \u00e4r ogiltigt\" aria-invalid=\"false\"  \/>\r\n    \r\n    \r\n<\/div>\n<div id=\"frm_field_10_container\" class=\"frm_form_field form-field  frm_top_container\">\r\n    <label for=\"field_x6aq\" class=\"frm_primary_label\">Meddelande\r\n        <span class=\"frm_required\"><\/span>\r\n    <\/label>\r\n    <textarea name=\"item_meta[10]\" id=\"field_x6aq\" rows=\"5\"  data-invmsg=\"Meddelande \u00e4r ogiltigt\" aria-invalid=\"false\"  ><\/textarea>\r\n    \r\n    \r\n<\/div>\n<div id=\"frm_field_11_container\" class=\"frm_form_field form-field  frm_top_container vertical_radio\">\r\n    <label class=\"frm_primary_label\">Jag har godk\u00e4nt villkor\r\n        <span class=\"frm_required\"><\/span>\r\n    <\/label>\r\n    <div class=\"frm_opt_container\">\t\t<div class=\"frm_checkbox\" id=\"frm_checkbox_11-0\">\t\t\t<label  for=\"field_bgzzr-0\">\n\t\t\t<input type=\"checkbox\" name=\"item_meta[11][]\" id=\"field_bgzzr-0\" value=\"Ja\"  data-invmsg=\"Jag har godk\u00e4nt villkor \u00e4r ogiltigt\"   \/> Ja<\/label><\/div>\n<\/div>\r\n    \r\n    \r\n<\/div>\n\t<input type=\"hidden\" name=\"item_key\" value=\"\" \/>\n\t\t\t<div id=\"frm_field_12_container\">\n\t\t\t<label for=\"field_42m9k\" >\n\t\t\t\tOm du \u00e4r m\u00e4nsklig, l\u00e4mna det h\u00e4r f\u00e4ltet tomt.\t\t\t<\/label>\n\t\t\t<input  id=\"field_42m9k\" type=\"text\" class=\"frm_form_field form-field frm_verify\" name=\"item_meta[12]\" value=\"\"  \/>\n\t\t<\/div>\n\t\t<input name=\"frm_state\" type=\"hidden\" value=\"6aMoaRKYdebVaxNPFl21eu3Z+bvO4pqrlfrgWtiyP8k=\" \/><div class=\"frm_submit\">\r\n\r\n<button class=\"frm_button_submit\" type=\"submit\" >Skicka<\/button>\r\n\r\n<\/div><\/div>\n<\/fieldset>\n<\/div>\n\n<\/form>\n<\/div>\n[\/vc_column_text][\/vc_column][vc_column width=&#8221;1\/2&#8243;][vc_column_text css=&#8221;&#8221;]<\/p>\n<h2>Kontaktuppgifter<\/h2>\n<p>F\u00f6r att komma i kontakt med oss ber vi dig maila oss eller fylla i kontaktformul\u00e4ret p\u00e5 sidan. Vi kollar inkorgen ett par g\u00e5nger per vecka och s\u00e5 snart vi har m\u00f6jlighet.<\/p>\n<p>V\u00e5r mailaddress \u00e4r: <span style=\"color: #006340;\">vastraharg@4h.se<\/span><\/p>\n<p>&nbsp;[\/vc_column_text][\/vc_column][\/vc_row]<\/p>\n<\/div>","protected":false},"excerpt":{"rendered":"<p>[vc_row][vc_column width=&#8221;1\/2&#8243;][vc_column_text] Kontakta oss [\/vc_column_text][\/vc_column][vc_column width=&#8221;1\/2&#8243;][vc_column_text css=&#8221;&#8221;] Kontaktuppgifter F\u00f6r att komma i kontakt med oss ber vi dig maila oss eller fylla i kontaktformul\u00e4ret p\u00e5 sidan. Vi kollar inkorgen ett par g\u00e5nger per vecka och s\u00e5 snart vi har m\u00f6jlighet. V\u00e5r mailaddress \u00e4r: vastraharg@4h.se &nbsp;[\/vc_column_text][\/vc_column][\/vc_row]<\/p>\n","protected":false},"author":1,"featured_media":0,"parent":0,"menu_order":5,"comment_status":"closed","ping_status":"closed","template":"","meta":{"footnotes":""},"class_list":["post-121","page","type-page","status-publish","hentry"],"yoast_head":"<!-- This site is optimized with the Yoast SEO plugin v27.4 - https:\/\/yoast.com\/product\/yoast-seo-wordpress\/ -->\n<title>Kontakta oss - V\u00e4stra Hargs 4H-klubb<\/title>\n<meta name=\"robots\" content=\"index, follow, max-snippet:-1, max-image-preview:large, max-video-preview:-1\" \/>\n<link rel=\"canonical\" href=\"https:\/\/www.4h.se\/vastraharg\/kontakta-oss\/\" \/>\n<meta property=\"og:locale\" content=\"sv_SE\" \/>\n<meta property=\"og:type\" content=\"article\" \/>\n<meta property=\"og:title\" content=\"Kontakta oss - V\u00e4stra Hargs 4H-klubb\" \/>\n<meta property=\"og:description\" content=\"[vc_row][vc_column width=&#8221;1\/2&#8243;][vc_column_text] Kontakta oss [\/vc_column_text][\/vc_column][vc_column width=&#8221;1\/2&#8243;][vc_column_text css=&#8221;&#8221;] Kontaktuppgifter F\u00f6r att komma i kontakt med oss ber vi dig maila oss eller fylla i kontaktformul\u00e4ret p\u00e5 sidan. Vi kollar inkorgen ett par g\u00e5nger per vecka och s\u00e5 snart vi har m\u00f6jlighet. V\u00e5r mailaddress \u00e4r: vastraharg@4h.se &nbsp;[\/vc_column_text][\/vc_column][\/vc_row]\" \/>\n<meta property=\"og:url\" content=\"https:\/\/www.4h.se\/vastraharg\/kontakta-oss\/\" \/>\n<meta property=\"og:site_name\" content=\"V\u00e4stra Hargs 4H-klubb\" \/>\n<meta property=\"article:modified_time\" content=\"2025-05-20T10:11:51+00:00\" \/>\n<meta name=\"twitter:card\" content=\"summary_large_image\" \/>\n<script type=\"application\/ld+json\" class=\"yoast-schema-graph\">{\"@context\":\"https:\\\/\\\/schema.org\",\"@graph\":[{\"@type\":\"WebPage\",\"@id\":\"https:\\\/\\\/www.4h.se\\\/vastraharg\\\/kontakta-oss\\\/\",\"url\":\"https:\\\/\\\/www.4h.se\\\/vastraharg\\\/kontakta-oss\\\/\",\"name\":\"Kontakta oss - V\u00e4stra Hargs 4H-klubb\",\"isPartOf\":{\"@id\":\"https:\\\/\\\/www.4h.se\\\/vastraharg\\\/#website\"},\"datePublished\":\"2015-01-23T19:08:12+00:00\",\"dateModified\":\"2025-05-20T10:11:51+00:00\",\"breadcrumb\":{\"@id\":\"https:\\\/\\\/www.4h.se\\\/vastraharg\\\/kontakta-oss\\\/#breadcrumb\"},\"inLanguage\":\"sv-SE\",\"potentialAction\":[{\"@type\":\"ReadAction\",\"target\":[\"https:\\\/\\\/www.4h.se\\\/vastraharg\\\/kontakta-oss\\\/\"]}]},{\"@type\":\"BreadcrumbList\",\"@id\":\"https:\\\/\\\/www.4h.se\\\/vastraharg\\\/kontakta-oss\\\/#breadcrumb\",\"itemListElement\":[{\"@type\":\"ListItem\",\"position\":1,\"name\":\"Hem\",\"item\":\"https:\\\/\\\/www.4h.se\\\/vastraharg\\\/\"},{\"@type\":\"ListItem\",\"position\":2,\"name\":\"Kontakta oss\"}]},{\"@type\":\"WebSite\",\"@id\":\"https:\\\/\\\/www.4h.se\\\/vastraharg\\\/#website\",\"url\":\"https:\\\/\\\/www.4h.se\\\/vastraharg\\\/\",\"name\":\"V\u00e4stra Hargs 4H-klubb\",\"description\":\"\",\"potentialAction\":[{\"@type\":\"SearchAction\",\"target\":{\"@type\":\"EntryPoint\",\"urlTemplate\":\"https:\\\/\\\/www.4h.se\\\/vastraharg\\\/?s={search_term_string}\"},\"query-input\":{\"@type\":\"PropertyValueSpecification\",\"valueRequired\":true,\"valueName\":\"search_term_string\"}}],\"inLanguage\":\"sv-SE\"}]}<\/script>\n<!-- \/ Yoast SEO plugin. -->","yoast_head_json":{"title":"Kontakta oss - V\u00e4stra Hargs 4H-klubb","robots":{"index":"index","follow":"follow","max-snippet":"max-snippet:-1","max-image-preview":"max-image-preview:large","max-video-preview":"max-video-preview:-1"},"canonical":"https:\/\/www.4h.se\/vastraharg\/kontakta-oss\/","og_locale":"sv_SE","og_type":"article","og_title":"Kontakta oss - V\u00e4stra Hargs 4H-klubb","og_description":"[vc_row][vc_column width=&#8221;1\/2&#8243;][vc_column_text] Kontakta oss [\/vc_column_text][\/vc_column][vc_column width=&#8221;1\/2&#8243;][vc_column_text css=&#8221;&#8221;] Kontaktuppgifter F\u00f6r att komma i kontakt med oss ber vi dig maila oss eller fylla i kontaktformul\u00e4ret p\u00e5 sidan. Vi kollar inkorgen ett par g\u00e5nger per vecka och s\u00e5 snart vi har m\u00f6jlighet. V\u00e5r mailaddress \u00e4r: vastraharg@4h.se &nbsp;[\/vc_column_text][\/vc_column][\/vc_row]","og_url":"https:\/\/www.4h.se\/vastraharg\/kontakta-oss\/","og_site_name":"V\u00e4stra Hargs 4H-klubb","article_modified_time":"2025-05-20T10:11:51+00:00","twitter_card":"summary_large_image","schema":{"@context":"https:\/\/schema.org","@graph":[{"@type":"WebPage","@id":"https:\/\/www.4h.se\/vastraharg\/kontakta-oss\/","url":"https:\/\/www.4h.se\/vastraharg\/kontakta-oss\/","name":"Kontakta oss - V\u00e4stra Hargs 4H-klubb","isPartOf":{"@id":"https:\/\/www.4h.se\/vastraharg\/#website"},"datePublished":"2015-01-23T19:08:12+00:00","dateModified":"2025-05-20T10:11:51+00:00","breadcrumb":{"@id":"https:\/\/www.4h.se\/vastraharg\/kontakta-oss\/#breadcrumb"},"inLanguage":"sv-SE","potentialAction":[{"@type":"ReadAction","target":["https:\/\/www.4h.se\/vastraharg\/kontakta-oss\/"]}]},{"@type":"BreadcrumbList","@id":"https:\/\/www.4h.se\/vastraharg\/kontakta-oss\/#breadcrumb","itemListElement":[{"@type":"ListItem","position":1,"name":"Hem","item":"https:\/\/www.4h.se\/vastraharg\/"},{"@type":"ListItem","position":2,"name":"Kontakta oss"}]},{"@type":"WebSite","@id":"https:\/\/www.4h.se\/vastraharg\/#website","url":"https:\/\/www.4h.se\/vastraharg\/","name":"V\u00e4stra Hargs 4H-klubb","description":"","potentialAction":[{"@type":"SearchAction","target":{"@type":"EntryPoint","urlTemplate":"https:\/\/www.4h.se\/vastraharg\/?s={search_term_string}"},"query-input":{"@type":"PropertyValueSpecification","valueRequired":true,"valueName":"search_term_string"}}],"inLanguage":"sv-SE"}]}},"_links":{"self":[{"href":"https:\/\/www.4h.se\/vastraharg\/wp-json\/wp\/v2\/pages\/121","targetHints":{"allow":["GET"]}}],"collection":[{"href":"https:\/\/www.4h.se\/vastraharg\/wp-json\/wp\/v2\/pages"}],"about":[{"href":"https:\/\/www.4h.se\/vastraharg\/wp-json\/wp\/v2\/types\/page"}],"author":[{"embeddable":true,"href":"https:\/\/www.4h.se\/vastraharg\/wp-json\/wp\/v2\/users\/1"}],"replies":[{"embeddable":true,"href":"https:\/\/www.4h.se\/vastraharg\/wp-json\/wp\/v2\/comments?post=121"}],"version-history":[{"count":0,"href":"https:\/\/www.4h.se\/vastraharg\/wp-json\/wp\/v2\/pages\/121\/revisions"}],"wp:attachment":[{"href":"https:\/\/www.4h.se\/vastraharg\/wp-json\/wp\/v2\/media?parent=121"}],"curies":[{"name":"wp","href":"https:\/\/api.w.org\/{rel}","templated":true}]}}