



{"id":865,"date":"2025-10-12T16:35:53","date_gmt":"2025-10-12T14:35:53","guid":{"rendered":"https:\/\/www.4h.se\/vastragotaland\/?page_id=865"},"modified":"2026-04-29T19:59:41","modified_gmt":"2026-04-29T17:59:41","slug":"rix26","status":"publish","type":"page","link":"https:\/\/www.4h.se\/vastragotaland\/rix26\/","title":{"rendered":"Rix26"},"content":{"rendered":"<div class=\"wpb-content-wrapper\"><p>[vc_row][vc_column][vc_single_image image=&#8221;869&#8243; img_size=&#8221;full&#8221; css=&#8221;&#8221;][\/vc_column][\/vc_row][vc_row][vc_column width=&#8221;1\/2&#8243;][vc_column_text css=&#8221;&#8221;]<\/p>\n<h1>V\u00e4lkommen till RIX26<\/h1>\n<p>[\/vc_column_text][vc_column_text css=&#8221;&#8221;]<\/p>\n<p class=\"x_MsoNormal\"><strong>Sveriges 4H:s riksl\u00e4ger \u00e4r ett \u00e5rligt \u00e5terkommande l\u00e4ger<\/strong> f\u00f6r alla medlemmar i hela Sveriges 4H fr\u00e5n 14 \u00e5r. Riksl\u00e4gret arrangeras av olika distrikt inom 4H och 2026 \u00e4r det V\u00e4stra G\u00f6talands distrikt av 4H som \u00e4r arrang\u00f6rer. Oavsett om du \u00e4r en erfaren l\u00e4gerr\u00e4v med m\u00e5nga riksl\u00e4ger p\u00e5 nacken, eller aldrig ens h\u00f6rt talas om riksl\u00e4gret, s\u00e5 vill vi h\u00e4lsa dig hj\u00e4rtligt v\u00e4lkommen till oss i sommar. Rix26 \u00e4r ett l\u00e4ger f\u00f6r alla och utlovar en h\u00e4rlig vecka fylld med s\u00e5v\u00e4l skratt, \u00e4ventyr, lekar och t\u00e4vlingar som avslappning, umg\u00e4nge och mys runt l\u00e4gerelden.<\/p>\n<p class=\"x_MsoNormal\">Man \u00e5ker p\u00e5 riksl\u00e4ger tillsammans med sin distriktstrupp. En trupp best\u00e5r av dig och andra 4H:are som \u00e4r medlemmar inom samma distrikt. Varje trupp har ocks\u00e5 en eller flera truppledare som organiserar och leder truppen. F\u00f6r att f\u00e5 delta p\u00e5 riksl\u00e4gret m\u00e5ste man vara medlem i 4H. Om man inte \u00e4r medlem i en 4H-klubb sedan tidigare \u00e4r det v\u00e4ldigt enkelt att bli det i samband med anm\u00e4lan.<\/p>\n<p>[\/vc_column_text][vc_video link=&#8221;https:\/\/www.youtube.com\/watch?v=U4N5u6ec7Vk&#8221;][vc_video link=&#8221;https:\/\/www.youtube.com\/watch?v=bdd1XbLgpsw&#8221; css=&#8221;&#8221;][\/vc_column][vc_column width=&#8221;1\/2&#8243; css=&#8221;.vc_custom_1763292305437{background-position: center !important;background-repeat: no-repeat !important;background-size: contain !important;}&#8221;][vc_column_text css=&#8221;&#8221;]Nedr\u00e4kning[\/vc_column_text][vc_raw_html css=&#8221;&#8221;]JTNDZGl2JTIwaWQlM0QlMjJyaXgtY291bnRkb3duJTIyJTNFJTNDJTJGZGl2JTNFJTBEJTBBJTBEJTBBJTNDc2NyaXB0JTNFJTBEJTBBJTIwJTIwZnVuY3Rpb24lMjB1cGRhdGVSaXhDb3VudGRvd24lMjglMjklMjAlN0IlMEQlMEElMjAlMjAlMjAlMjB2YXIlMjB0YXJnZXQlMjAlM0QlMjBuZXclMjBEYXRlJTI4JTIyMjAyNi0wNy0xOFQxNCUzQTAwJTNBMDAlMkIwMiUzQTAwJTIyJTI5JTNCJTIwJTBEJTBBJTIwJTIwJTIwJTIwdmFyJTIwbm93JTIwJTNEJTIwbmV3JTIwRGF0ZSUyOCUyOSUzQiUwRCUwQSUyMCUyMCUyMCUyMHZhciUyMGRpZmYlMjAlM0QlMjB0YXJnZXQlMjAtJTIwbm93JTNCJTBEJTBBJTBEJTBBJTIwJTIwJTIwJTIwaWYlMjAlMjhkaWZmJTIwJTNDJTNEJTIwMCUyOSUyMCU3QiUwRCUwQSUyMCUyMCUyMCUyMCUyMCUyMGRvY3VtZW50LmdldEVsZW1lbnRCeUlkJTI4JTIycml4LWNvdW50ZG93biUyMiUyOS5pbm5lckhUTUwlMjAlM0QlMEQlMEElMjAlMjAlMjAlMjAlMjAlMjAlMjAlMjAlMjJSSVgyNiUyMCVDMyVBNHIlMjBpZyVDMyVBNW5nJTIxJTIyJTNCJTBEJTBBJTIwJTIwJTIwJTIwJTIwJTIwcmV0dXJuJTNCJTBEJTBBJTIwJTIwJTIwJTIwJTdEJTBEJTBBJTBEJTBBJTIwJTIwJTIwJTIwdmFyJTIwZGF5cyUyMCUzRCUyME1hdGguZmxvb3IlMjhkaWZmJTIwJTJGJTIwJTI4MTAwMCUyQTYwJTJBNjAlMkEyNCUyOSUyOSUzQiUwRCUwQSUyMCUyMCUyMCUyMHZhciUyMGhvdXJzJTIwJTNEJTIwTWF0aC5mbG9vciUyOCUyOGRpZmYlMjAlMjUlMjAlMjgxMDAwJTJBNjAlMkE2MCUyQTI0JTI5JTI5JTIwJTJGJTIwJTI4MTAwMCUyQTYwJTJBNjAlMjklMjklM0IlMEQlMEElMjAlMjAlMjAlMjB2YXIlMjBtaW51dGVzJTIwJTNEJTIwTWF0aC5mbG9vciUyOCUyOGRpZmYlMjAlMjUlMjAlMjgxMDAwJTJBNjAlMkE2MCUyOSUyOSUyMCUyRiUyMCUyODEwMDAlMkE2MCUyOSUyOSUzQiUwRCUwQSUyMCUyMCUyMCUyMHZhciUyMHNlY29uZHMlMjAlM0QlMjBNYXRoLmZsb29yJTI4JTI4ZGlmZiUyMCUyNSUyMCUyODEwMDAlMkE2MCUyOSUyOSUyMCUyRiUyMDEwMDAlMjklM0IlMEQlMEElMEQlMEElMjAlMjAlMjAlMjBkb2N1bWVudC5nZXRFbGVtZW50QnlJZCUyOCUyMnJpeC1jb3VudGRvd24lMjIlMjkuaW5uZXJIVE1MJTIwJTNEJTBEJTBBJTIwJTIwJTIwJTIwJTIwJTIwZGF5cyUyMCUyQiUyMCUyMiUyMGRhZ2FyJTIwJTIyJTIwJTJCJTBEJTBBJTIwJTIwJTIwJTIwJTIwJTIwaG91cnMudG9TdHJpbmclMjglMjkucGFkU3RhcnQlMjgyJTJDJTIwJTIyMCUyMiUyOSUyMCUyQiUyMCUyMiUyMHRpbW1hciUyMCUyMiUyMCUyQiUwRCUwQSUyMCUyMCUyMCUyMCUyMCUyMG1pbnV0ZXMudG9TdHJpbmclMjglMjkucGFkU3RhcnQlMjgyJTJDJTIwJTIyMCUyMiUyOSUyMCUyQiUyMCUyMiUyMG1pbiUyMCUyMiUyMCUyQiUwRCUwQSUyMCUyMCUyMCUyMCUyMCUyMHNlY29uZHMudG9TdHJpbmclMjglMjkucGFkU3RhcnQlMjgyJTJDJTIwJTIyMCUyMiUyOSUyMCUyQiUyMCUyMiUyMHNlayUyMiUzQiUwRCUwQSUyMCUyMCU3RCUwRCUwQSUwRCUwQSUyMCUyMHVwZGF0ZVJpeENvdW50ZG93biUyOCUyOSUzQiUyMCUyMCUyMCUyMCUyMCUyMCUyMCUyMCUyMCUyMCUwRCUwQSUyMCUyMHNldEludGVydmFsJTI4dXBkYXRlUml4Q291bnRkb3duJTJDJTIwMTAwMCUyOSUzQiUyMCUyMCUwRCUwQSUzQyUyRnNjcmlwdCUzRQ==[\/vc_raw_html][vc_column_text css=&#8221;&#8221;]<\/p>\n<div id=\"embedded-root\"><\/div>\n<p><script>\n  (function () {\n    window.ANTRIBE_EMBED = {\n      organizationSlug: '4h',\n      eventSlug: 'rix26',\nhideDescription: true\n    };\n    var s = document.createElement('script');\n    s.src = 'https:\/\/antribe.com\/embed\/event.js?v=' + Date.now();\n    document.currentScript.parentNode.appendChild(s);\n  })();\n<\/script>[\/vc_column_text][\/vc_column][\/vc_row][vc_row][vc_column width=&#8221;1\/2&#8243;][\/vc_column][vc_column width=&#8221;1\/2&#8243;][vc_btn title=&#8221;Intresseanm\u00e4lan f\u00f6r funktion\u00e4rer&#8221; color=&#8221;green&#8221; size=&#8221;lg&#8221; align=&#8221;center&#8221; css=&#8221;&#8221; button_block=&#8221;true&#8221; link=&#8221;url:https%3A%2F%2Fforms.office.com%2Fe%2FYhtKXJc9xP&#8221;][vc_message message_box_color=&#8221;orange&#8221; icon_fontawesome=&#8221;fa fa-regular fa-compass&#8221; css=&#8221;&#8221;]<\/p>\n<h3>Fr\u00e5gor?<\/h3>\n<p>maila vastragotaland@4h.se[\/vc_message][vc_column_text]<\/p>\n<h3><a href=\"https:\/\/www.4h.se\/vastragotaland\/wp-content\/uploads\/sites\/125\/2026\/01\/Affisch.pdf\">Ladda ner affischen och s\u00e4tt upp p\u00e5 sin klubb<\/a><\/h3>\n<p>&nbsp;[\/vc_column_text][\/vc_column][\/vc_row][vc_row][vc_column][vc_column_text css=&#8221;&#8221;]<\/p>\n<h2>L\u00e4gret kommer vara <strong data-start=\"326\" data-end=\"354\">5 mil sydost om G\u00f6teborg<\/strong>.<\/h2>\n<p>[\/vc_column_text][\/vc_column][\/vc_row][vc_row][vc_column width=&#8221;1\/4&#8243;][vc_column_text css=&#8221;&#8221;]L\u00e4gret kommer h\u00e5lla till p\u00e5 Str\u00f6mma Naturbrukscentrum i S\u00e4tila, i Marks kommun, V\u00e4stra G\u00f6taland[\/vc_column_text][\/vc_column][vc_column width=&#8221;3\/4&#8243;][vc_goo_maps location=&#8221;Str\u00f6mma Naturbrukscentrum&#8221; css=&#8221;&#8221;][\/vc_column][\/vc_row][vc_row][vc_column][vc_column_text css=&#8221;&#8221;]<\/p>\n<h3>Program<\/h3>\n<p>[\/vc_column_text][vc_single_image image=&#8221;938&#8243; img_size=&#8221;Full&#8221; css=&#8221;&#8221;][vc_column_text css=&#8221;&#8221;]<\/p>\n<h4>Ordlista f\u00f6r landkrabbor<\/h4>\n<p>Sj\u00f6s\u00e4ttning &#8211; Invigning<br \/>\nM\u00f6nstring &#8211; Till l\u00e4geromr\u00e5det<br \/>\nL\u00e4ra k\u00e4nna aktiviteter &#8211; Bes\u00e4ttningsmingel<br \/>\nPiratprat \u2013 Frukostklubben<br \/>\nPiratporten \u2013 Portalbygge<br \/>\nJolly Boll \u2013 Volleyboll<br \/>\nKaptenens galenskaper \u2013 Udda idrottsgren<br \/>\nUppt\u00e4cktsf\u00e4rd \u2013 Aktivitetsdag<br \/>\nBes\u00e4ttningens kamp \u2013 4H-kampen<br \/>\nSkattjakt \u2013 Naturrally<br \/>\nKaptenens hemlighet \u2013 \u00d6verraskningsaktivitet<br \/>\nVila i piratviken &#8211; L\u00e4gerh\u00e4ng<br \/>\nAv m\u00f6nstring \u2013 Hemresa[\/vc_column_text][vc_column_text css=&#8221;&#8221;]<em>Mer info och detaljer kring programmet kommer!<\/em>[\/vc_column_text][vc_tta_tabs color=&#8221;orange&#8221; active_section=&#8221;1&#8243;][vc_tta_section title=&#8221;Sj\u00f6s\u00e4ttning&#8221; tab_id=&#8221;1770888993749-6d5baec4-c4e5&#8243;][vc_column_text css=&#8221;&#8221;]Sj\u00f6s\u00e4ttningen kommer \u00e4ga rum i Bor\u00e5s centrum klockan 14, planera d\u00e4rf\u00f6r att l\u00e4gret startar i Bor\u00e5s. D\u00e4r efter tar vi oss till l\u00e4geromr\u00e5det, Str\u00f6mma Naturbrukcentrum.[\/vc_column_text][\/vc_tta_section][vc_tta_section title=&#8221;Uppt\u00e4cksf\u00e4rd&#8221; tab_id=&#8221;1770888993749-19968a76-ca35&#8243;][vc_column_text css=&#8221;&#8221;]Under uppt\u00e4cksf\u00e4rdsdagen v\u00e4ljer du som deltagare bland olika aktiviteter att delta p\u00e5. Fr\u00e5n den 12 februari 2026 s\u00e5 g\u00f6rs detta i samband med anm\u00e4lan, du som anm\u00e4lt dig innan detta ska ha f\u00e5tt ett mail. Om du inte har det, kontakta oss vastragotaland@4h.se<\/p>\n<div><b data-olk-copy-source=\"MessageBody\">Du kan v\u00e4lja mellan:<br \/>\nLiseberg<br \/>\n<\/b>Du som deltagare st\u00e5r sj\u00e4lva f\u00f6r intr\u00e4de och \u00e5kpass samt egen lunch under dagen. Vi sk\u00f6ter bokning av intr\u00e4de och \u00e5kpass.<\/div>\n<div><b>G\u00f6teborgsh\u00e4ng<br \/>\n<\/b>\u00c5k in till stan, shoppa, \u00e4t glass, h\u00e4ng och ha det g\u00f6tt, du st\u00e5r f\u00f6r din lunch under dagen.<\/div>\n<div><b>Strandh\u00e4ng p\u00e5 Lygnevi badplats<\/b><\/div>\n<div>H\u00e4ng p\u00e5 standen ha slapp go dag, du kan f\u00e5 med dig lunch.<\/div>\n<div><b>Paddla<br \/>\n<\/b>Paddla i Lyngen, du st\u00e5r f\u00f6r kostnaden f\u00f6r kanoten, du kan f\u00e5 med dig lunch.<\/div>\n<div><b>Vandra <\/b><\/div>\n<div>Vandra runt Lyngen, se fantastik natur, du kan f\u00e5 med dig lunch.<\/div>\n<div><b>Gek\u00e5s<\/b><\/div>\n<div>Upplev Gek\u00e5s och shoppaloss, du st\u00e5r f\u00f6r din lunch under dagen.<\/div>\n<div><b>H\u00f6gh\u00f6jdsbana <\/b><\/div>\n<div>H\u00e4ng med p\u00e5 ett kul \u00e4ventyr p\u00e5 h\u00f6gre h\u00f6jd, deltagaren st\u00e5r f\u00f6r avgiften sj\u00e4lv men f\u00e5r med sig lunch.<\/div>\n<p>[\/vc_column_text][\/vc_tta_section][vc_tta_section title=&#8221;4H-andan&#8221; tab_id=&#8221;1777396452297-f9fafe22-83a4&#8243;][vc_column_text css=&#8221;&#8221;]Under l\u00e4gret samlar du och ditt distrikt, po\u00e4ng genom att:<\/p>\n<ul>\n<li>Visa omtanke<\/li>\n<li>Ta ansvar<\/li>\n<li>Delta aktivt<\/li>\n<li>F\u00f6lja 4H:s riktlinjer<\/li>\n<\/ul>\n<p>Po\u00e4ngen handlar inte om att t\u00e4vla \u2013 utan att <strong>leva 4H-andan<\/strong>![\/vc_column_text][\/vc_tta_section][vc_tta_section title=&#8221;L\u00e4gerordning&#8221; tab_id=&#8221;1777396550442-6c0cdf15-c24f&#8221;][vc_column_text css=&#8221;&#8221;]Under l\u00e4gret samlar du och ditt distrikt, po\u00e4ng genom att:<\/p>\n<ul>\n<li>Ordning och reda<\/li>\n<li>Ta ansvar<\/li>\n<li>Delta aktivt<\/li>\n<li>F\u00f6lja 4H:s riktlinjer<\/li>\n<\/ul>\n<p>Po\u00e4ngen handlar inte om att t\u00e4vla \u2013 utan att skapa ett trevligt l\u00e4ger.[\/vc_column_text][\/vc_tta_section][vc_tta_section title=&#8221;Kaptenens kabar\u00e9&#8221; tab_id=&#8221;1777396667333-00a5ec8b-217d&#8221;][vc_column_text css=&#8221;&#8221;]Varje distrikts upptr\u00e4dande b\u00f6r vara 3-10 min l\u00e5ngt. Varje distrikt f\u00e5r \u00e4ven 5 minuters f\u00f6rberedelsetid vid och p\u00e5 scenen. Talangen \u00e4r uppdelad p\u00e5 tv\u00e5 kv\u00e4llar p\u00e5 ca en timme per tillf\u00e4lle.<\/p>\n<p>Hemliga f\u00f6rem\u00e5l kommer delas ut i b\u00f6rjan av l\u00e4gret. Ett f\u00f6rem\u00e5l per distrikt. Om detta f\u00f6rem\u00e5l inkluderas i distriktets talang ger detta extra po\u00e4ng, se po\u00e4ngsystemet.<\/p>\n<p>Det kommer att finnas ett \u201clager\u201d av rekvisita som alla f\u00e5r anv\u00e4nda. Exempelvis kartong, pennor, papper, tejp, hinkar och piratiga prylar.[\/vc_column_text][\/vc_tta_section][vc_tta_section title=&#8221;Jolly Boll&#8221; tab_id=&#8221;1777483889648-516b76e6-3514&#8243;][vc_column_text css=&#8221;&#8221;]Volleyboll \u00e4r en rolig och fartfylld aktivitet f\u00f6r dig som \u00e4r med p\u00e5 4H:s riksl\u00e4ger! H\u00e4r f\u00e5r du chans att r\u00f6ra p\u00e5 dig, ha kul tillsammans med andra och testa dina f\u00e4rdigheter p\u00e5 planen \u2013 oavsett om du spelat tidigare eller \u00e4r helt ny.<\/p>\n<div>\n<p>Visste du att 4H faktiskt var med och introducerade volleybollen i Sverige? Det \u00e4r en del av v\u00e5rt arv, och d\u00e4rf\u00f6r \u00e4r sporten fortfarande en sj\u00e4lvklar del av v\u00e5ra l\u00e4ger.<\/p>\n<p>Under riksl\u00e4gret f\u00e5r varje trupp vara med och t\u00e4vla med ett eget lag, och volleybollen \u00e4r dessutom en del av l\u00e4gertoppen \u2013 s\u00e5 varje match r\u00e4knas! Fokus ligger p\u00e5 gemenskap, laganda och att peppa varandra, s\u00e5 kom och spela, l\u00e4r k\u00e4nna nya kompisar och var med och skapa h\u00e4rlig st\u00e4mning fylld av skratt och hejarop!<\/p>\n<\/div>\n<p>[\/vc_column_text][\/vc_tta_section][\/vc_tta_tabs][\/vc_column][\/vc_row][vc_row][vc_column][vc_column_text css=&#8221;&#8221;]<\/p>\n<h3>Prisinformation<\/h3>\n<p>Just nu kostar l\u00e4gret 2800kr. Efter 30 april g\u00e5r priset upp till 3000kr fram till och med 30 juni som ock\u00e5s \u00e4r sista anm\u00e4lningsdag.<\/p>\n<p>F\u00f6r att delta p\u00e5 l\u00e4gret m\u00e5ste du vara medlem i 4H, det blir du automatiskt i samband med anm\u00e4lan om du inte \u00e4r medlem sedan tidigare.<\/p>\n<p><a href=\"https:\/\/www.4h.se\/vastragotaland\/lager\/\">Om du beh\u00f6ver avboka din plats l\u00e4s mer h\u00e4r om hur vi haterar det https:\/\/www.4h.se\/vastragotaland\/lager\/<\/a>[\/vc_column_text][\/vc_column][\/vc_row][vc_row][vc_column][vc_single_image image=&#8221;940&#8243; img_size=&#8221;full&#8221;][\/vc_column][\/vc_row][vc_row][vc_column][\/vc_column][\/vc_row]<\/p>\n<\/div>","protected":false},"excerpt":{"rendered":"<p>[vc_row][vc_column][vc_single_image image=&#8221;869&#8243; img_size=&#8221;full&#8221; css=&#8221;&#8221;][\/vc_column][\/vc_row][vc_row][vc_column width=&#8221;1\/2&#8243;][vc_column_text css=&#8221;&#8221;] V\u00e4lkommen till RIX26 [\/vc_column_text][vc_column_text css=&#8221;&#8221;] Sveriges 4H:s riksl\u00e4ger \u00e4r ett \u00e5rligt \u00e5terkommande l\u00e4ger f\u00f6r alla medlemmar i hela Sveriges 4H fr\u00e5n 14 \u00e5r. Riksl\u00e4gret arrangeras av olika distrikt inom 4H och 2026 \u00e4r det V\u00e4stra G\u00f6talands distrikt av 4H som \u00e4r arrang\u00f6rer. Oavsett om du \u00e4r en erfaren l\u00e4gerr\u00e4v&nbsp; <a href=\"https:\/\/www.4h.se\/vastragotaland\/rix26\/\">&hellip; Read more <i class=\"glyphicon glyphicon-arrow-right\"><\/i><\/a><\/p>\n","protected":false},"author":24,"featured_media":0,"parent":0,"menu_order":0,"comment_status":"closed","ping_status":"closed","template":"","meta":{"_acf_changed":false,"footnotes":""},"class_list":["post-865","page","type-page","status-publish","hentry"],"acf":[],"yoast_head":"<!-- This site is optimized with the Yoast SEO plugin v27.5 - https:\/\/yoast.com\/product\/yoast-seo-wordpress\/ -->\n<title>Rix26 - 4H i V\u00e4stra G\u00f6taland<\/title>\n<meta name=\"robots\" content=\"index, follow, max-snippet:-1, max-image-preview:large, max-video-preview:-1\" \/>\n<link rel=\"canonical\" href=\"https:\/\/www.4h.se\/vastragotaland\/rix26\/\" \/>\n<meta property=\"og:locale\" content=\"sv_SE\" \/>\n<meta property=\"og:type\" content=\"article\" \/>\n<meta property=\"og:title\" content=\"Rix26 - 4H i V\u00e4stra G\u00f6taland\" \/>\n<meta property=\"og:description\" content=\"[vc_row][vc_column][vc_single_image image=&#8221;869&#8243; img_size=&#8221;full&#8221; css=&#8221;&#8221;][\/vc_column][\/vc_row][vc_row][vc_column width=&#8221;1\/2&#8243;][vc_column_text css=&#8221;&#8221;] V\u00e4lkommen till RIX26 [\/vc_column_text][vc_column_text css=&#8221;&#8221;] Sveriges 4H:s riksl\u00e4ger \u00e4r ett \u00e5rligt \u00e5terkommande l\u00e4ger f\u00f6r alla medlemmar i hela Sveriges 4H fr\u00e5n 14 \u00e5r. Riksl\u00e4gret arrangeras av olika distrikt inom 4H och 2026 \u00e4r det V\u00e4stra G\u00f6talands distrikt av 4H som \u00e4r arrang\u00f6rer. Oavsett om du \u00e4r en erfaren l\u00e4gerr\u00e4v&nbsp; &hellip; Read more\" \/>\n<meta property=\"og:url\" content=\"https:\/\/www.4h.se\/vastragotaland\/rix26\/\" \/>\n<meta property=\"og:site_name\" content=\"4H i V\u00e4stra G\u00f6taland\" \/>\n<meta property=\"article:modified_time\" content=\"2026-04-29T17:59:41+00:00\" \/>\n<meta name=\"twitter:card\" content=\"summary_large_image\" \/>\n<script type=\"application\/ld+json\" class=\"yoast-schema-graph\">{\"@context\":\"https:\\\/\\\/schema.org\",\"@graph\":[{\"@type\":\"WebPage\",\"@id\":\"https:\\\/\\\/www.4h.se\\\/vastragotaland\\\/rix26\\\/\",\"url\":\"https:\\\/\\\/www.4h.se\\\/vastragotaland\\\/rix26\\\/\",\"name\":\"Rix26 - 4H i V\u00e4stra G\u00f6taland\",\"isPartOf\":{\"@id\":\"https:\\\/\\\/www.4h.se\\\/vastragotaland\\\/#website\"},\"datePublished\":\"2025-10-12T14:35:53+00:00\",\"dateModified\":\"2026-04-29T17:59:41+00:00\",\"breadcrumb\":{\"@id\":\"https:\\\/\\\/www.4h.se\\\/vastragotaland\\\/rix26\\\/#breadcrumb\"},\"inLanguage\":\"sv-SE\",\"potentialAction\":[{\"@type\":\"ReadAction\",\"target\":[\"https:\\\/\\\/www.4h.se\\\/vastragotaland\\\/rix26\\\/\"]}]},{\"@type\":\"BreadcrumbList\",\"@id\":\"https:\\\/\\\/www.4h.se\\\/vastragotaland\\\/rix26\\\/#breadcrumb\",\"itemListElement\":[{\"@type\":\"ListItem\",\"position\":1,\"name\":\"Hem\",\"item\":\"https:\\\/\\\/www.4h.se\\\/vastragotaland\\\/\"},{\"@type\":\"ListItem\",\"position\":2,\"name\":\"Rix26\"}]},{\"@type\":\"WebSite\",\"@id\":\"https:\\\/\\\/www.4h.se\\\/vastragotaland\\\/#website\",\"url\":\"https:\\\/\\\/www.4h.se\\\/vastragotaland\\\/\",\"name\":\"4H i V\u00e4stra G\u00f6taland\",\"description\":\"\",\"potentialAction\":[{\"@type\":\"SearchAction\",\"target\":{\"@type\":\"EntryPoint\",\"urlTemplate\":\"https:\\\/\\\/www.4h.se\\\/vastragotaland\\\/?s={search_term_string}\"},\"query-input\":{\"@type\":\"PropertyValueSpecification\",\"valueRequired\":true,\"valueName\":\"search_term_string\"}}],\"inLanguage\":\"sv-SE\"}]}<\/script>\n<!-- \/ Yoast SEO plugin. -->","yoast_head_json":{"title":"Rix26 - 4H i V\u00e4stra G\u00f6taland","robots":{"index":"index","follow":"follow","max-snippet":"max-snippet:-1","max-image-preview":"max-image-preview:large","max-video-preview":"max-video-preview:-1"},"canonical":"https:\/\/www.4h.se\/vastragotaland\/rix26\/","og_locale":"sv_SE","og_type":"article","og_title":"Rix26 - 4H i V\u00e4stra G\u00f6taland","og_description":"[vc_row][vc_column][vc_single_image image=&#8221;869&#8243; img_size=&#8221;full&#8221; css=&#8221;&#8221;][\/vc_column][\/vc_row][vc_row][vc_column width=&#8221;1\/2&#8243;][vc_column_text css=&#8221;&#8221;] V\u00e4lkommen till RIX26 [\/vc_column_text][vc_column_text css=&#8221;&#8221;] Sveriges 4H:s riksl\u00e4ger \u00e4r ett \u00e5rligt \u00e5terkommande l\u00e4ger f\u00f6r alla medlemmar i hela Sveriges 4H fr\u00e5n 14 \u00e5r. Riksl\u00e4gret arrangeras av olika distrikt inom 4H och 2026 \u00e4r det V\u00e4stra G\u00f6talands distrikt av 4H som \u00e4r arrang\u00f6rer. Oavsett om du \u00e4r en erfaren l\u00e4gerr\u00e4v&nbsp; &hellip; Read more","og_url":"https:\/\/www.4h.se\/vastragotaland\/rix26\/","og_site_name":"4H i V\u00e4stra G\u00f6taland","article_modified_time":"2026-04-29T17:59:41+00:00","twitter_card":"summary_large_image","schema":{"@context":"https:\/\/schema.org","@graph":[{"@type":"WebPage","@id":"https:\/\/www.4h.se\/vastragotaland\/rix26\/","url":"https:\/\/www.4h.se\/vastragotaland\/rix26\/","name":"Rix26 - 4H i V\u00e4stra G\u00f6taland","isPartOf":{"@id":"https:\/\/www.4h.se\/vastragotaland\/#website"},"datePublished":"2025-10-12T14:35:53+00:00","dateModified":"2026-04-29T17:59:41+00:00","breadcrumb":{"@id":"https:\/\/www.4h.se\/vastragotaland\/rix26\/#breadcrumb"},"inLanguage":"sv-SE","potentialAction":[{"@type":"ReadAction","target":["https:\/\/www.4h.se\/vastragotaland\/rix26\/"]}]},{"@type":"BreadcrumbList","@id":"https:\/\/www.4h.se\/vastragotaland\/rix26\/#breadcrumb","itemListElement":[{"@type":"ListItem","position":1,"name":"Hem","item":"https:\/\/www.4h.se\/vastragotaland\/"},{"@type":"ListItem","position":2,"name":"Rix26"}]},{"@type":"WebSite","@id":"https:\/\/www.4h.se\/vastragotaland\/#website","url":"https:\/\/www.4h.se\/vastragotaland\/","name":"4H i V\u00e4stra G\u00f6taland","description":"","potentialAction":[{"@type":"SearchAction","target":{"@type":"EntryPoint","urlTemplate":"https:\/\/www.4h.se\/vastragotaland\/?s={search_term_string}"},"query-input":{"@type":"PropertyValueSpecification","valueRequired":true,"valueName":"search_term_string"}}],"inLanguage":"sv-SE"}]}},"_links":{"self":[{"href":"https:\/\/www.4h.se\/vastragotaland\/wp-json\/wp\/v2\/pages\/865","targetHints":{"allow":["GET"]}}],"collection":[{"href":"https:\/\/www.4h.se\/vastragotaland\/wp-json\/wp\/v2\/pages"}],"about":[{"href":"https:\/\/www.4h.se\/vastragotaland\/wp-json\/wp\/v2\/types\/page"}],"author":[{"embeddable":true,"href":"https:\/\/www.4h.se\/vastragotaland\/wp-json\/wp\/v2\/users\/24"}],"replies":[{"embeddable":true,"href":"https:\/\/www.4h.se\/vastragotaland\/wp-json\/wp\/v2\/comments?post=865"}],"version-history":[{"count":0,"href":"https:\/\/www.4h.se\/vastragotaland\/wp-json\/wp\/v2\/pages\/865\/revisions"}],"wp:attachment":[{"href":"https:\/\/www.4h.se\/vastragotaland\/wp-json\/wp\/v2\/media?parent=865"}],"curies":[{"name":"wp","href":"https:\/\/api.w.org\/{rel}","templated":true}]}}