



{"id":802,"date":"2025-03-05T13:50:44","date_gmt":"2025-03-05T12:50:44","guid":{"rendered":"https:\/\/www.4h.se\/vastragotaland\/?page_id=802"},"modified":"2025-03-06T11:33:56","modified_gmt":"2025-03-06T10:33:56","slug":"lagerfonden","status":"publish","type":"page","link":"https:\/\/www.4h.se\/vastragotaland\/lagerfonden\/","title":{"rendered":"L\u00e4gerfonden"},"content":{"rendered":"<div class=\"wpb-content-wrapper\"><p>[vc_row][vc_column width=&#8221;1\/2&#8243;][vc_column_text css=&#8221;&#8221;]<\/p>\n<h3><strong>Riktlinjer \u2013 V\u00e4stra G\u00f6talands 4Hs l\u00e4gerfond<\/strong><\/h3>\n<p><strong>L\u00e4gerfonden skall byggas upp av:<\/strong><\/p>\n<ul>\n<li>Av distriktsstyrelsen best\u00e4md andel av \u00f6verskott fr\u00e5n arrangemang som tex Sveriges\u00a04Hs riksl\u00e4ger, Nordiskt 4H-l\u00e4ger, Europeiskt 4H-l\u00e4ger eller annan 4H-aktivitet enligt\u00a0beslut av distriktsstyrelsen.<\/li>\n<li>Av g\u00e5vor fr\u00e5n privatperson eller 4H-klubb. G\u00e5van kan antingen vara \u00e4mnad f\u00f6r fonden av\u00a0givaren eller beslutas g\u00e5 till fonden av distriktsstyrelsen d\u00e5 inget specifikt \u00e4ndam\u00e5l\u00a0anges av givaren.<\/li>\n<\/ul>\n<p><strong>Vem kan s\u00f6ka?<\/strong><br \/>\nAlla medlemmar i V\u00e4stra G\u00f6talands distrikt av Sveriges 4H kan ans\u00f6ka om pengar enskilt eller i grupp. En grupp kan till exempel best\u00e5 av en klubbstyrelse eller ett antal medlemmar med s\u00e4rskilt intresse i en viss aktivitet.<\/p>\n<p><strong>Vilka belopp kan s\u00f6kas?<\/strong><br \/>\nBeh\u00e5llningen i fonden har under \u00e5ren varierat med att ligga n\u00e5gonstans 10.000kr \u2013 80.000kr. Man kan so\u0308ka upp till 50% av deltagarkostnader, men undantag kan ske och alla anso\u0308kningar behandlas\u00a0individuellt<\/p>\n<p><strong>Ans\u00f6kningsdatum<\/strong><br \/>\nAns\u00f6kningar behandlas vid n\u00e4stkommande distriktsstyrelsem\u00f6te. Styrelsen har m\u00f6te\u00a0ungef\u00e4r en g\u00e5ng i m\u00e5naden. M\u00f6tesplan f\u00e5s p\u00e5 beg\u00e4ran fr\u00e5n regionskonsulenten.<\/p>\n<p><strong>Redovisning<\/strong><br \/>\nDistriktsstyrelsen arbetar tillsammans med s\u00f6kanden fram ett s\u00e4tt f\u00f6r hur s\u00f6kanden skall redovisa om sina upplevelser efter genomf\u00f6rd aktivitet vid ett beviljat bidrag.<br \/>\nDistriktsstyrelsen ansvarar f\u00f6r att kontrollera att pengarna g\u00e5tt till r\u00e4tt \u00e4ndam\u00e5l. Vid\u00a0tveksamheter kan ekonomisk redovisning beg\u00e4ras in av distriktsstyrelsen.<\/p>\n<p><strong>Ans\u00f6kan om medel ur fonden ins\u00e4ndes skriftligen till:<\/strong><br \/>\nvastragotaland@4h.se\u00a0eller via formul\u00e4r p\u00e5 4h.se\/vastragotaland.<\/p>\n<p><strong>Ans\u00f6kan skall inneh\u00e5lla:<\/strong><br \/>\nNamn, adress, personnummer, mailadress, telefonnummer, 4H-Klubb, kortfattad beskrivning av dig sj\u00e4lv, redovisning av ditt engagemang i 4H, vad du s\u00f6ker pengar till, motivation till varf\u00f6r du skall f\u00e5 pengar ur fonden.<\/p>\n<p><strong>Styrelsen skall behandla ans\u00f6kningar med st\u00f6d av f\u00f6ljande riktlinjer:<\/strong><\/p>\n<ul>\n<li>Bidrag ur fonden skall anv\u00e4ndas till att konsumera varor och tj\u00e4nster producerade av 4H (eller enligt distriktsstyrelsen likst\u00e4lld organisation i annat land) eller f\u00f6r resa till och fr\u00e5n arrangemang gjorda av 4H (eller enligt distriktsstyrelsen likst\u00e4lld organisation i annat land). Exempel p\u00e5 varor och tj\u00e4nster som kan beviljas medel f\u00f6r: l\u00e4ger, utbildning, PR-material och studieresor.<\/li>\n<li>Bidrag ur fonden kan ges till internationella aktiviteter. Exempel p\u00e5 internationella\u00a0aktiviteter \u00e4r; nordiskt ungdomsutbyte, IFYE-utbyte, nordiskt 4H-l\u00e4ger, European rally.<\/li>\n<li>Bidrag ur fonden kan endast s\u00f6kas av medlemmar i V\u00e4stra G\u00f6talands distrikt av 4H.<\/li>\n<li>Bidrag ur fonden delas i f\u00f6rsta hand ut till medlemmar som har ett engagemang inom\u00a0distriktet eller n\u00e5gon av dess klubbar.<\/li>\n<\/ul>\n<p>Distriktsstyrelsen kan n\u00e4r som helst avsluta fonden och l\u00e5ta kvarvarande medel \u00e5terg\u00e5 in i\u00a0den ordinarie verksamheten.<br \/>\nDistriktsstyrelsen skall verka f\u00f6r att fonden synligg\u00f6rs bland l\u00e4nets medlemmar.<\/p>\n<p>&nbsp;[\/vc_column_text][\/vc_column][vc_column width=&#8221;1\/2&#8243;][vc_column_text css=&#8221;&#8221;]<div class=\"frm_forms  with_frm_style frm_style_formidable-style\" id=\"frm_form_5_container\" >\n<form enctype=\"multipart\/form-data\" method=\"post\" class=\"frm-show-form \" id=\"form_traev2\" >\n<div class=\"frm_form_fields \">\n<fieldset>\n<legend class=\"frm_hidden\">Ans\u00f6kan<\/legend>\r\n<h3 class=\"frm_form_title\">Ans\u00f6kan<\/h3>\r\n<div class=\"frm_description\"><p>Fyll i formul\u00e4ret f\u00f6r att ans\u00f6ka till l\u00e4gerfonden <\/p>\n<\/div><div class=\"frm_fields_container\">\n<input type=\"hidden\" name=\"frm_action\" value=\"create\" \/>\n<input type=\"hidden\" name=\"form_id\" value=\"5\" \/>\n<input type=\"hidden\" name=\"frm_hide_fields_5\" id=\"frm_hide_fields_5\" value=\"\" \/>\n<input type=\"hidden\" name=\"form_key\" value=\"traev2\" \/>\n<input type=\"hidden\" name=\"item_meta[0]\" value=\"\" \/>\n<input type=\"hidden\" id=\"frm_submit_entry_5\" name=\"frm_submit_entry_5\" value=\"bfbb25eb3f\" \/><input type=\"hidden\" name=\"_wp_http_referer\" value=\"\/vastragotaland\/wp-json\/wp\/v2\/pages\/802\" \/><div id=\"frm_field_24_container\" class=\"frm_form_field form-field  frm_required_field frm_top_container frm6 frm_first\">\r\n    <label for=\"field_5odq62\" class=\"frm_primary_label\">Ditt namn\r\n        <span class=\"frm_required\">*<\/span>\r\n    <\/label>\r\n    <input type=\"text\" id=\"field_5odq62\" name=\"item_meta[24]\" value=\"\"  data-reqmsg=\"Detta f\u00e4lt kan inte vara tomt.\" aria-required=\"true\" data-invmsg=\"Vem vill du nominera? \u00e4r ogiltigt\" aria-invalid=\"false\"  \/>\r\n    \r\n    \r\n<\/div>\n<div id=\"frm_field_32_container\" class=\"frm_form_field form-field  frm_top_container frm6\">\r\n\t<label for=\"field_i13cz\" id=\"field_i13cz_label\" class=\"frm_primary_label\">Personnummer\r\n\t\t<span class=\"frm_required\" aria-hidden=\"true\"><\/span>\r\n\t<\/label>\r\n\t<input type=\"text\" id=\"field_i13cz\" name=\"item_meta[32]\" value=\"\"  data-invmsg=\"Personnummer \u00e4r ogiltigt\" aria-invalid=\"false\"  \/>\r\n\t\r\n\t\r\n<\/div>\n<div id=\"frm_field_25_container\" class=\"frm_form_field form-field  frm_required_field frm_top_container frm12 frm_first\">\r\n    <label for=\"field_t1cg32\" id=\"field_t1cg32_label\" class=\"frm_primary_label\">Adress\r\n        <span class=\"frm_required\" aria-hidden=\"true\">*<\/span>\r\n    <\/label>\r\n    <input type=\"text\" id=\"field_t1cg32\" name=\"item_meta[25]\" value=\"\"  data-reqmsg=\"Adress kan inte vara tom.\" aria-required=\"true\" data-invmsg=\"Text \u00e4r ogiltigt\" aria-invalid=\"false\"  \/>\r\n    \r\n    \r\n<\/div>\n<div id=\"frm_field_28_container\" class=\"frm_form_field form-field  frm_required_field frm_top_container frm6 frm_first\">\r\n    <label for=\"field_b99s92\" class=\"frm_primary_label\">Din mailadress\r\n        <span class=\"frm_required\">*<\/span>\r\n    <\/label>\r\n    <input type=\"text\" id=\"field_b99s92\" name=\"item_meta[28]\" value=\"\"  data-reqmsg=\"Detta f\u00e4lt kan inte vara tomt.\" aria-required=\"true\" data-invmsg=\"Ditt namn \u00e4r ogiltigt\" aria-invalid=\"false\"  \/>\r\n    \r\n    \r\n<\/div>\n<div id=\"frm_field_29_container\" class=\"frm_form_field form-field  frm_required_field frm_top_container frm6\">\r\n    <label for=\"field_a05p32\" class=\"frm_primary_label\">Ditt telefonnummer\r\n        <span class=\"frm_required\">*<\/span>\r\n    <\/label>\r\n    <input type=\"text\" id=\"field_a05p32\" name=\"item_meta[29]\" value=\"\"  data-reqmsg=\"Detta f\u00e4lt kan inte vara tomt.\" aria-required=\"true\" data-invmsg=\"Ditt telefonnummer \u00e4r ogiltigt\" aria-invalid=\"false\"  \/>\r\n    \r\n    \r\n<\/div>\n<div id=\"frm_field_33_container\" class=\"frm_form_field form-field  frm_required_field frm_top_container\">\r\n\t<label for=\"field_uom7k\" id=\"field_uom7k_label\" class=\"frm_primary_label\">Vilken klubb tillh\u00f6r du?\r\n\t\t<span class=\"frm_required\" aria-hidden=\"true\">*<\/span>\r\n\t<\/label>\r\n\t<input type=\"text\" id=\"field_uom7k\" name=\"item_meta[33]\" value=\"\"  data-reqmsg=\"Vilken klubb tillh\u00f6r du? kan inte vara tom.\" aria-required=\"true\" data-invmsg=\"Vilken klubb tillh\u00f6r du? \u00e4r ogiltigt\" aria-invalid=\"false\"  \/>\r\n\t\r\n\t\r\n<\/div>\n<div id=\"frm_field_27_container\" class=\"frm_form_field form-field  frm_required_field frm_top_container\">\r\n    <label for=\"field_2fh5r2\" class=\"frm_primary_label\">Skriv om dig och ditt engagemang i 4H \r\n        <span class=\"frm_required\">*<\/span>\r\n    <\/label>\r\n    <textarea name=\"item_meta[27]\" id=\"field_2fh5r2\" rows=\"5\"  data-reqmsg=\"Detta f\u00e4lt kan inte vara tomt.\" aria-required=\"true\" data-invmsg=\"Skriv om dig och ditt engagemang i 4H  \u00e4r ogiltigt\" aria-invalid=\"false\"  ><\/textarea>\r\n    \r\n    \r\n<\/div>\n<div id=\"frm_field_34_container\" class=\"frm_form_field form-field  frm_required_field frm_top_container\">\r\n\t<label for=\"field_6ufng\" id=\"field_6ufng_label\" class=\"frm_primary_label\">Skriv vad du s\u00f6ker pengar till, hur mycket och en kort motivering om varf\u00f6r du s\u00f6ker pengar \r\n\t\t<span class=\"frm_required\" aria-hidden=\"true\">*<\/span>\r\n\t<\/label>\r\n\t<textarea name=\"item_meta[34]\" id=\"field_6ufng\" rows=\"5\"  data-reqmsg=\"Skriv vad du s\u00f6ker pengar till, hur mycket och en kort motivering om varf\u00f6r du s\u00f6ker pengar  kan inte vara tom.\" aria-required=\"true\" data-invmsg=\"Skriv vad du s\u00f6ker pengar till, hur mycket och en kort motivering om varf\u00f6r du s\u00f6ker pengar  \u00e4r ogiltigt\" aria-invalid=\"false\"  ><\/textarea>\r\n\t\r\n\t\r\n<\/div>\n<div id=\"frm_field_31_container\" class=\"frm_form_field form-field \">\r\n\t<div class=\"frm_submit\">\r\n\r\n<button class=\"frm_button_submit\" type=\"submit\"  >Skicka<\/button>\r\n\r\n<\/div>\r\n<\/div>\n\t<input type=\"hidden\" name=\"item_key\" value=\"\" \/>\n\t<\/div>\n<\/fieldset>\n<\/div>\n\n<\/form>\n<\/div>\n[\/vc_column_text][\/vc_column][\/vc_row]<\/p>\n<\/div>","protected":false},"excerpt":{"rendered":"<p>[vc_row][vc_column width=&#8221;1\/2&#8243;][vc_column_text css=&#8221;&#8221;] Riktlinjer \u2013 V\u00e4stra G\u00f6talands 4Hs l\u00e4gerfond L\u00e4gerfonden skall byggas upp av: Av distriktsstyrelsen best\u00e4md andel av \u00f6verskott fr\u00e5n arrangemang som tex Sveriges\u00a04Hs riksl\u00e4ger, Nordiskt 4H-l\u00e4ger, Europeiskt 4H-l\u00e4ger eller annan 4H-aktivitet enligt\u00a0beslut av distriktsstyrelsen. Av g\u00e5vor fr\u00e5n privatperson eller 4H-klubb. G\u00e5van kan antingen vara \u00e4mnad f\u00f6r fonden av\u00a0givaren eller beslutas g\u00e5 till fonden&nbsp; <a href=\"https:\/\/www.4h.se\/vastragotaland\/lagerfonden\/\">&hellip; Read more <i class=\"glyphicon glyphicon-arrow-right\"><\/i><\/a><\/p>\n","protected":false},"author":24,"featured_media":0,"parent":0,"menu_order":0,"comment_status":"closed","ping_status":"closed","template":"","meta":{"footnotes":""},"class_list":["post-802","page","type-page","status-publish","hentry"],"yoast_head":"<!-- This site is optimized with the Yoast SEO plugin v27.4 - https:\/\/yoast.com\/product\/yoast-seo-wordpress\/ -->\n<title>L\u00e4gerfonden - 4H i V\u00e4stra G\u00f6taland<\/title>\n<meta name=\"robots\" content=\"index, follow, max-snippet:-1, max-image-preview:large, max-video-preview:-1\" \/>\n<link rel=\"canonical\" href=\"https:\/\/www.4h.se\/vastragotaland\/lagerfonden\/\" \/>\n<meta property=\"og:locale\" content=\"sv_SE\" \/>\n<meta property=\"og:type\" content=\"article\" \/>\n<meta property=\"og:title\" content=\"L\u00e4gerfonden - 4H i V\u00e4stra G\u00f6taland\" \/>\n<meta property=\"og:description\" content=\"[vc_row][vc_column width=&#8221;1\/2&#8243;][vc_column_text css=&#8221;&#8221;] Riktlinjer \u2013 V\u00e4stra G\u00f6talands 4Hs l\u00e4gerfond L\u00e4gerfonden skall byggas upp av: Av distriktsstyrelsen best\u00e4md andel av \u00f6verskott fr\u00e5n arrangemang som tex Sveriges\u00a04Hs riksl\u00e4ger, Nordiskt 4H-l\u00e4ger, Europeiskt 4H-l\u00e4ger eller annan 4H-aktivitet enligt\u00a0beslut av distriktsstyrelsen. Av g\u00e5vor fr\u00e5n privatperson eller 4H-klubb. G\u00e5van kan antingen vara \u00e4mnad f\u00f6r fonden av\u00a0givaren eller beslutas g\u00e5 till fonden&nbsp; &hellip; Read more\" \/>\n<meta property=\"og:url\" content=\"https:\/\/www.4h.se\/vastragotaland\/lagerfonden\/\" \/>\n<meta property=\"og:site_name\" content=\"4H i V\u00e4stra G\u00f6taland\" \/>\n<meta property=\"article:modified_time\" content=\"2025-03-06T10:33:56+00:00\" \/>\n<meta name=\"twitter:card\" content=\"summary_large_image\" \/>\n<script type=\"application\/ld+json\" class=\"yoast-schema-graph\">{\"@context\":\"https:\\\/\\\/schema.org\",\"@graph\":[{\"@type\":\"WebPage\",\"@id\":\"https:\\\/\\\/www.4h.se\\\/vastragotaland\\\/lagerfonden\\\/\",\"url\":\"https:\\\/\\\/www.4h.se\\\/vastragotaland\\\/lagerfonden\\\/\",\"name\":\"L\u00e4gerfonden - 4H i V\u00e4stra G\u00f6taland\",\"isPartOf\":{\"@id\":\"https:\\\/\\\/www.4h.se\\\/vastragotaland\\\/#website\"},\"datePublished\":\"2025-03-05T12:50:44+00:00\",\"dateModified\":\"2025-03-06T10:33:56+00:00\",\"breadcrumb\":{\"@id\":\"https:\\\/\\\/www.4h.se\\\/vastragotaland\\\/lagerfonden\\\/#breadcrumb\"},\"inLanguage\":\"sv-SE\",\"potentialAction\":[{\"@type\":\"ReadAction\",\"target\":[\"https:\\\/\\\/www.4h.se\\\/vastragotaland\\\/lagerfonden\\\/\"]}]},{\"@type\":\"BreadcrumbList\",\"@id\":\"https:\\\/\\\/www.4h.se\\\/vastragotaland\\\/lagerfonden\\\/#breadcrumb\",\"itemListElement\":[{\"@type\":\"ListItem\",\"position\":1,\"name\":\"Hem\",\"item\":\"https:\\\/\\\/www.4h.se\\\/vastragotaland\\\/\"},{\"@type\":\"ListItem\",\"position\":2,\"name\":\"L\u00e4gerfonden\"}]},{\"@type\":\"WebSite\",\"@id\":\"https:\\\/\\\/www.4h.se\\\/vastragotaland\\\/#website\",\"url\":\"https:\\\/\\\/www.4h.se\\\/vastragotaland\\\/\",\"name\":\"4H i V\u00e4stra G\u00f6taland\",\"description\":\"\",\"potentialAction\":[{\"@type\":\"SearchAction\",\"target\":{\"@type\":\"EntryPoint\",\"urlTemplate\":\"https:\\\/\\\/www.4h.se\\\/vastragotaland\\\/?s={search_term_string}\"},\"query-input\":{\"@type\":\"PropertyValueSpecification\",\"valueRequired\":true,\"valueName\":\"search_term_string\"}}],\"inLanguage\":\"sv-SE\"}]}<\/script>\n<!-- \/ Yoast SEO plugin. -->","yoast_head_json":{"title":"L\u00e4gerfonden - 4H i V\u00e4stra G\u00f6taland","robots":{"index":"index","follow":"follow","max-snippet":"max-snippet:-1","max-image-preview":"max-image-preview:large","max-video-preview":"max-video-preview:-1"},"canonical":"https:\/\/www.4h.se\/vastragotaland\/lagerfonden\/","og_locale":"sv_SE","og_type":"article","og_title":"L\u00e4gerfonden - 4H i V\u00e4stra G\u00f6taland","og_description":"[vc_row][vc_column width=&#8221;1\/2&#8243;][vc_column_text css=&#8221;&#8221;] Riktlinjer \u2013 V\u00e4stra G\u00f6talands 4Hs l\u00e4gerfond L\u00e4gerfonden skall byggas upp av: Av distriktsstyrelsen best\u00e4md andel av \u00f6verskott fr\u00e5n arrangemang som tex Sveriges\u00a04Hs riksl\u00e4ger, Nordiskt 4H-l\u00e4ger, Europeiskt 4H-l\u00e4ger eller annan 4H-aktivitet enligt\u00a0beslut av distriktsstyrelsen. Av g\u00e5vor fr\u00e5n privatperson eller 4H-klubb. G\u00e5van kan antingen vara \u00e4mnad f\u00f6r fonden av\u00a0givaren eller beslutas g\u00e5 till fonden&nbsp; &hellip; Read more","og_url":"https:\/\/www.4h.se\/vastragotaland\/lagerfonden\/","og_site_name":"4H i V\u00e4stra G\u00f6taland","article_modified_time":"2025-03-06T10:33:56+00:00","twitter_card":"summary_large_image","schema":{"@context":"https:\/\/schema.org","@graph":[{"@type":"WebPage","@id":"https:\/\/www.4h.se\/vastragotaland\/lagerfonden\/","url":"https:\/\/www.4h.se\/vastragotaland\/lagerfonden\/","name":"L\u00e4gerfonden - 4H i V\u00e4stra G\u00f6taland","isPartOf":{"@id":"https:\/\/www.4h.se\/vastragotaland\/#website"},"datePublished":"2025-03-05T12:50:44+00:00","dateModified":"2025-03-06T10:33:56+00:00","breadcrumb":{"@id":"https:\/\/www.4h.se\/vastragotaland\/lagerfonden\/#breadcrumb"},"inLanguage":"sv-SE","potentialAction":[{"@type":"ReadAction","target":["https:\/\/www.4h.se\/vastragotaland\/lagerfonden\/"]}]},{"@type":"BreadcrumbList","@id":"https:\/\/www.4h.se\/vastragotaland\/lagerfonden\/#breadcrumb","itemListElement":[{"@type":"ListItem","position":1,"name":"Hem","item":"https:\/\/www.4h.se\/vastragotaland\/"},{"@type":"ListItem","position":2,"name":"L\u00e4gerfonden"}]},{"@type":"WebSite","@id":"https:\/\/www.4h.se\/vastragotaland\/#website","url":"https:\/\/www.4h.se\/vastragotaland\/","name":"4H i V\u00e4stra G\u00f6taland","description":"","potentialAction":[{"@type":"SearchAction","target":{"@type":"EntryPoint","urlTemplate":"https:\/\/www.4h.se\/vastragotaland\/?s={search_term_string}"},"query-input":{"@type":"PropertyValueSpecification","valueRequired":true,"valueName":"search_term_string"}}],"inLanguage":"sv-SE"}]}},"_links":{"self":[{"href":"https:\/\/www.4h.se\/vastragotaland\/wp-json\/wp\/v2\/pages\/802","targetHints":{"allow":["GET"]}}],"collection":[{"href":"https:\/\/www.4h.se\/vastragotaland\/wp-json\/wp\/v2\/pages"}],"about":[{"href":"https:\/\/www.4h.se\/vastragotaland\/wp-json\/wp\/v2\/types\/page"}],"author":[{"embeddable":true,"href":"https:\/\/www.4h.se\/vastragotaland\/wp-json\/wp\/v2\/users\/24"}],"replies":[{"embeddable":true,"href":"https:\/\/www.4h.se\/vastragotaland\/wp-json\/wp\/v2\/comments?post=802"}],"version-history":[{"count":0,"href":"https:\/\/www.4h.se\/vastragotaland\/wp-json\/wp\/v2\/pages\/802\/revisions"}],"wp:attachment":[{"href":"https:\/\/www.4h.se\/vastragotaland\/wp-json\/wp\/v2\/media?parent=802"}],"curies":[{"name":"wp","href":"https:\/\/api.w.org\/{rel}","templated":true}]}}