



{"id":543,"date":"2022-01-05T20:40:58","date_gmt":"2022-01-05T19:40:58","guid":{"rendered":"http:\/\/www.4h.se\/vastragotaland\/?page_id=543"},"modified":"2023-04-10T15:09:12","modified_gmt":"2023-04-10T13:09:12","slug":"nominera","status":"publish","type":"page","link":"https:\/\/www.4h.se\/vastragotaland\/nominera\/","title":{"rendered":"Nominera"},"content":{"rendered":"<div class=\"wpb-content-wrapper\"><p>[vc_row][vc_column width=&#8221;2\/3&#8243;][vc_column_text]<\/p>\n<h3>F\u00f6rtj\u00e4nsttecken<\/h3>\n<p>P\u00e5 Sveriges 4H:s riksst\u00e4mma 1974 beslutades det om att vi skulle inr\u00e4tta f\u00f6rtj\u00e4nsttecken i guld, silver och brons som kan delas ut till medlemmar som gjort f\u00f6rtj\u00e4nstfulla insatser inom r\u00f6relsen.<\/p>\n<p><strong>F\u00f6rtj\u00e4nsttecken i guld<\/strong><br \/>\nKan utdelas f\u00f6r minst tio \u00e5rs framst\u00e5ende ledarinsats p\u00e5 riks- eller l\u00e4nsplan (om s\u00e4rskilda omst\u00e4ndigheter f\u00f6religga kan f\u00f6rtj\u00e4nsttecknet i guld \u00e4ven tilldelas ledare p\u00e5 lokalplan). Kan erh\u00e5llas av den som gjort 4H-verksamheten stora tj\u00e4nster, som p\u00e5 ett avg\u00f6rande s\u00e4tt f\u00f6rb\u00e4ttrat verksamheten villkor.<\/p>\n<p><strong>F\u00f6rtj\u00e4nsttecken i silver<\/strong><br \/>\nKan utdelas f\u00f6r minst tio \u00e5rs v\u00e4l vitsordad ledarinsats inom n\u00e5got av riksf\u00f6rbundet organisationsled.<\/p>\n<p><strong>F\u00f6rtj\u00e4nsttecken i brons<\/strong><br \/>\nMinst fem \u00e5rs deltagande som ledare p\u00e5 klubb- eller kretsplan, v\u00e4l vitsordat.<\/p>\n<p>K\u00e4nner du n\u00e5gon inom 4H som f\u00f6rtj\u00e4nar ett f\u00f6rtj\u00e4nsttecken? Nominera![\/vc_column_text][vc_column_text]<\/p>\n<h3><span class=\"ui-provider gq b c d e f g h i j k l m n o p q r s t u v w x y z ab ac ae af ag ah ai aj ak\" dir=\"ltr\">Nominera till \u00e5rets 4Hare i V\u00e4stra G\u00f6taland!<\/h3>\n<p>\u00c5rets 4Hare i V\u00e4stra G\u00f6taland \u00e4r en prestigefylld utm\u00e4rkelse. Den delas ut en g\u00e5ng om \u00e5ret till n\u00e5gon som har gjort en s\u00e4rskild insats i 4H i V\u00e4stra G\u00f6taland.<\/p>\n<p>Utm\u00e4rkelsen g\u00e5r till en 4Hare som har engagerat sig och gjort n\u00e5got bra inom 4H. I 4H har vi m\u00e4ngder av ideella eldsj\u00e4lar som l\u00e4gger m\u00e5nga timmar av sin fritid p\u00e5 att driva, st\u00f6tta och utveckla v\u00e5r 4H-verksamhet. Det vill vi premiera!<\/p>\n<p>Utm\u00e4rkelsen delas ut varje \u00e5r under V\u00e4stra G\u00f6talands 4Hs distriktsst\u00e4mma.<br \/>\nVem som vinner \u00c5rets 4Hare i V\u00e4stra G\u00f6taland\u00a0 beslutas av distriktsstyrelsen.<\/p>\n<p>Nominera nu! Nomineringar kan \u00e4ven skickas till vastragotaland@4h.se. Om du vill hj\u00e4lp med att skriva nomineringen \u00e4r det bara att s\u00e4ga till!<\/span>[\/vc_column_text][\/vc_column][vc_column width=&#8221;1\/3&#8243;][vc_column_text]<div class=\"frm_forms  with_frm_style frm_style_formidable-style\" id=\"frm_form_3_container\" >\n<form enctype=\"multipart\/form-data\" method=\"post\" class=\"frm-show-form \" id=\"form_traev\" >\n<div class=\"frm_form_fields \">\n<fieldset>\n<legend class=\"frm_hidden\">Nomineringar<\/legend>\r\n\r\n<div class=\"frm_fields_container\">\n<input type=\"hidden\" name=\"frm_action\" value=\"create\" \/>\n<input type=\"hidden\" name=\"form_id\" value=\"3\" \/>\n<input type=\"hidden\" name=\"frm_hide_fields_3\" id=\"frm_hide_fields_3\" value=\"\" \/>\n<input type=\"hidden\" name=\"form_key\" value=\"traev\" \/>\n<input type=\"hidden\" name=\"item_meta[0]\" value=\"\" \/>\n<input type=\"hidden\" id=\"frm_submit_entry_3\" name=\"frm_submit_entry_3\" value=\"bfbb25eb3f\" \/><input type=\"hidden\" name=\"_wp_http_referer\" value=\"\/vastragotaland\/wp-json\/wp\/v2\/pages\/543\" \/><div id=\"frm_field_12_container\" class=\"frm_form_field form-field  frm_required_field frm_top_container\">\r\n    <label for=\"field_5odq6\" class=\"frm_primary_label\">Vem vill du nominera?\r\n        <span class=\"frm_required\">*<\/span>\r\n    <\/label>\r\n    <input type=\"text\" id=\"field_5odq6\" name=\"item_meta[12]\" value=\"\"  data-reqmsg=\"Detta f\u00e4lt kan inte vara tomt.\" aria-required=\"true\" data-invmsg=\"Vem vill du nominera? \u00e4r ogiltigt\" aria-invalid=\"false\"  \/>\r\n    \r\n    \r\n<\/div>\n<div id=\"frm_field_23_container\" class=\"frm_form_field form-field  frm_required_field frm_top_container\">\r\n    <label for=\"field_t1cg3\" id=\"field_t1cg3_label\" class=\"frm_primary_label\">Vilken klubb \u00e4r den du nominerar medlem i?\r\n        <span class=\"frm_required\" aria-hidden=\"true\">*<\/span>\r\n    <\/label>\r\n    <input type=\"text\" id=\"field_t1cg3\" name=\"item_meta[23]\" value=\"\"  data-reqmsg=\"Vilken klubb \u00e4r den du nominerar medlem i? kan inte vara tom.\" aria-required=\"true\" data-invmsg=\"Text \u00e4r ogiltigt\" aria-invalid=\"false\"  \/>\r\n    \r\n    \r\n<\/div>\n<div id=\"frm_field_13_container\" class=\"frm_form_field form-field  frm_required_field frm_top_container vertical_radio\">\r\n    <label  class=\"frm_primary_label\">Vilket f\u00f6rtj\u00e4nsttecken tycker du att personen ska f\u00e5?\r\n        <span class=\"frm_required\">*<\/span>\r\n    <\/label>\r\n    <div class=\"frm_opt_container\">\t\t<div class=\"frm_checkbox\" id=\"frm_checkbox_13-0\">\t\t\t<label  for=\"field_lfall-0\">\n\t\t\t<input type=\"checkbox\" name=\"item_meta[13][]\" id=\"field_lfall-0\" value=\"Guld\"  data-reqmsg=\"Detta f\u00e4lt kan inte vara tomt.\" data-invmsg=\"Vilket f\u00f6rtj\u00e4nsttecken tycker du att personen ska f\u00e5? \u00e4r ogiltigt\"   aria-required=\"true\"  \/> Guld<\/label><\/div>\n\t\t<div class=\"frm_checkbox\" id=\"frm_checkbox_13-1\">\t\t\t<label  for=\"field_lfall-1\">\n\t\t\t<input type=\"checkbox\" name=\"item_meta[13][]\" id=\"field_lfall-1\" value=\"Silver\"  data-reqmsg=\"Detta f\u00e4lt kan inte vara tomt.\" data-invmsg=\"Vilket f\u00f6rtj\u00e4nsttecken tycker du att personen ska f\u00e5? \u00e4r ogiltigt\"   \/> Silver<\/label><\/div>\n\t\t<div class=\"frm_checkbox\" id=\"frm_checkbox_13-2\">\t\t\t<label  for=\"field_lfall-2\">\n\t\t\t<input type=\"checkbox\" name=\"item_meta[13][]\" id=\"field_lfall-2\" value=\"Brons\"  data-reqmsg=\"Detta f\u00e4lt kan inte vara tomt.\" data-invmsg=\"Vilket f\u00f6rtj\u00e4nsttecken tycker du att personen ska f\u00e5? \u00e4r ogiltigt\"   \/> Brons<\/label><\/div>\n\t\t<div class=\"frm_checkbox\" id=\"frm_checkbox_13-3\">\t\t\t<label  for=\"field_lfall-3\">\n\t\t\t<input type=\"checkbox\" name=\"item_meta[13][]\" id=\"field_lfall-3\" value=\"\u00c5rets 4Hare i V\u00e4stra G\u00f6taland\"  data-reqmsg=\"Detta f\u00e4lt kan inte vara tomt.\" data-invmsg=\"Vilket f\u00f6rtj\u00e4nsttecken tycker du att personen ska f\u00e5? \u00e4r ogiltigt\"   \/> \u00c5rets 4Hare i V\u00e4stra G\u00f6taland<\/label><\/div>\n<\/div>\r\n    \r\n    \r\n<\/div>\n<div id=\"frm_field_14_container\" class=\"frm_form_field form-field  frm_required_field frm_top_container\">\r\n    <label for=\"field_2fh5r\" class=\"frm_primary_label\">Varf\u00f6r vill du nominera denna person?\r\n        <span class=\"frm_required\">*<\/span>\r\n    <\/label>\r\n    <textarea name=\"item_meta[14]\" id=\"field_2fh5r\" rows=\"5\"  data-reqmsg=\"Detta f\u00e4lt kan inte vara tomt.\" aria-required=\"true\" data-invmsg=\"Varf\u00f6r vill du nominera denna person? \u00e4r ogiltigt\" aria-invalid=\"false\"  ><\/textarea>\r\n    \r\n    \r\n<\/div>\n<div id=\"frm_field_15_container\" class=\"frm_form_field form-field  frm_required_field frm_top_container\">\r\n    <label for=\"field_b99s9\" class=\"frm_primary_label\">Ditt namn\r\n        <span class=\"frm_required\">*<\/span>\r\n    <\/label>\r\n    <input type=\"text\" id=\"field_b99s9\" name=\"item_meta[15]\" value=\"\"  data-reqmsg=\"Detta f\u00e4lt kan inte vara tomt.\" aria-required=\"true\" data-invmsg=\"Ditt namn \u00e4r ogiltigt\" aria-invalid=\"false\"  \/>\r\n    \r\n    \r\n<\/div>\n<div id=\"frm_field_16_container\" class=\"frm_form_field form-field  frm_top_container\">\r\n    <label for=\"field_a05p3\" class=\"frm_primary_label\">Ditt telefonnummer\r\n        <span class=\"frm_required\"><\/span>\r\n    <\/label>\r\n    <input type=\"text\" id=\"field_a05p3\" name=\"item_meta[16]\" value=\"\"  data-invmsg=\"Ditt telefonnummer \u00e4r ogiltigt\" aria-invalid=\"false\"  \/>\r\n    \r\n    \r\n<\/div>\n<div id=\"frm_field_17_container\" class=\"frm_form_field form-field  frm_required_field frm_top_container\">\r\n    <label for=\"field_dz485\" class=\"frm_primary_label\">Din mailadress\r\n        <span class=\"frm_required\">*<\/span>\r\n    <\/label>\r\n    <input type=\"text\" id=\"field_dz485\" name=\"item_meta[17]\" value=\"\"  data-reqmsg=\"Detta f\u00e4lt kan inte vara tomt.\" aria-required=\"true\" data-invmsg=\"Din mailadress \u00e4r ogiltigt\" aria-invalid=\"false\"  \/>\r\n    \r\n    \r\n<\/div>\n\t<input type=\"hidden\" name=\"item_key\" value=\"\" \/>\n\t<div class=\"frm_submit\">\r\n\r\n<button class=\"frm_button_submit\" type=\"submit\"  >Skicka<\/button>\r\n\r\n<\/div><\/div>\n<\/fieldset>\n<\/div>\n\n<\/form>\n<\/div>\n[\/vc_column_text][\/vc_column][\/vc_row]<\/p>\n<\/div>","protected":false},"excerpt":{"rendered":"<p>[vc_row][vc_column width=&#8221;2\/3&#8243;][vc_column_text] F\u00f6rtj\u00e4nsttecken P\u00e5 Sveriges 4H:s riksst\u00e4mma 1974 beslutades det om att vi skulle inr\u00e4tta f\u00f6rtj\u00e4nsttecken i guld, silver och brons som kan delas ut till medlemmar som gjort f\u00f6rtj\u00e4nstfulla insatser inom r\u00f6relsen. F\u00f6rtj\u00e4nsttecken i guld Kan utdelas f\u00f6r minst tio \u00e5rs framst\u00e5ende ledarinsats p\u00e5 riks- eller l\u00e4nsplan (om s\u00e4rskilda omst\u00e4ndigheter f\u00f6religga kan f\u00f6rtj\u00e4nsttecknet i&nbsp; <a href=\"https:\/\/www.4h.se\/vastragotaland\/nominera\/\">&hellip; Read more <i class=\"glyphicon glyphicon-arrow-right\"><\/i><\/a><\/p>\n","protected":false},"author":24,"featured_media":0,"parent":0,"menu_order":0,"comment_status":"closed","ping_status":"closed","template":"","meta":{"footnotes":""},"class_list":["post-543","page","type-page","status-publish","hentry"],"yoast_head":"<!-- This site is optimized with the Yoast SEO plugin v27.4 - https:\/\/yoast.com\/product\/yoast-seo-wordpress\/ -->\n<title>Nominera - 4H i V\u00e4stra G\u00f6taland<\/title>\n<meta name=\"robots\" content=\"index, follow, max-snippet:-1, max-image-preview:large, max-video-preview:-1\" \/>\n<link rel=\"canonical\" href=\"https:\/\/www.4h.se\/vastragotaland\/nominera\/\" \/>\n<meta property=\"og:locale\" content=\"sv_SE\" \/>\n<meta property=\"og:type\" content=\"article\" \/>\n<meta property=\"og:title\" content=\"Nominera - 4H i V\u00e4stra G\u00f6taland\" \/>\n<meta property=\"og:description\" content=\"[vc_row][vc_column width=&#8221;2\/3&#8243;][vc_column_text] F\u00f6rtj\u00e4nsttecken P\u00e5 Sveriges 4H:s riksst\u00e4mma 1974 beslutades det om att vi skulle inr\u00e4tta f\u00f6rtj\u00e4nsttecken i guld, silver och brons som kan delas ut till medlemmar som gjort f\u00f6rtj\u00e4nstfulla insatser inom r\u00f6relsen. F\u00f6rtj\u00e4nsttecken i guld Kan utdelas f\u00f6r minst tio \u00e5rs framst\u00e5ende ledarinsats p\u00e5 riks- eller l\u00e4nsplan (om s\u00e4rskilda omst\u00e4ndigheter f\u00f6religga kan f\u00f6rtj\u00e4nsttecknet i&nbsp; &hellip; Read more\" \/>\n<meta property=\"og:url\" content=\"https:\/\/www.4h.se\/vastragotaland\/nominera\/\" \/>\n<meta property=\"og:site_name\" content=\"4H i V\u00e4stra G\u00f6taland\" \/>\n<meta property=\"article:modified_time\" content=\"2023-04-10T13:09:12+00:00\" \/>\n<meta name=\"twitter:card\" content=\"summary_large_image\" \/>\n<meta name=\"twitter:label1\" content=\"Ber\u00e4knad l\u00e4stid\" \/>\n\t<meta name=\"twitter:data1\" content=\"2 minuter\" \/>\n<script type=\"application\/ld+json\" class=\"yoast-schema-graph\">{\"@context\":\"https:\\\/\\\/schema.org\",\"@graph\":[{\"@type\":\"WebPage\",\"@id\":\"https:\\\/\\\/www.4h.se\\\/vastragotaland\\\/nominera\\\/\",\"url\":\"https:\\\/\\\/www.4h.se\\\/vastragotaland\\\/nominera\\\/\",\"name\":\"Nominera - 4H i V\u00e4stra G\u00f6taland\",\"isPartOf\":{\"@id\":\"https:\\\/\\\/www.4h.se\\\/vastragotaland\\\/#website\"},\"datePublished\":\"2022-01-05T19:40:58+00:00\",\"dateModified\":\"2023-04-10T13:09:12+00:00\",\"breadcrumb\":{\"@id\":\"https:\\\/\\\/www.4h.se\\\/vastragotaland\\\/nominera\\\/#breadcrumb\"},\"inLanguage\":\"sv-SE\",\"potentialAction\":[{\"@type\":\"ReadAction\",\"target\":[\"https:\\\/\\\/www.4h.se\\\/vastragotaland\\\/nominera\\\/\"]}]},{\"@type\":\"BreadcrumbList\",\"@id\":\"https:\\\/\\\/www.4h.se\\\/vastragotaland\\\/nominera\\\/#breadcrumb\",\"itemListElement\":[{\"@type\":\"ListItem\",\"position\":1,\"name\":\"Hem\",\"item\":\"https:\\\/\\\/www.4h.se\\\/vastragotaland\\\/\"},{\"@type\":\"ListItem\",\"position\":2,\"name\":\"Nominera\"}]},{\"@type\":\"WebSite\",\"@id\":\"https:\\\/\\\/www.4h.se\\\/vastragotaland\\\/#website\",\"url\":\"https:\\\/\\\/www.4h.se\\\/vastragotaland\\\/\",\"name\":\"4H i V\u00e4stra G\u00f6taland\",\"description\":\"\",\"potentialAction\":[{\"@type\":\"SearchAction\",\"target\":{\"@type\":\"EntryPoint\",\"urlTemplate\":\"https:\\\/\\\/www.4h.se\\\/vastragotaland\\\/?s={search_term_string}\"},\"query-input\":{\"@type\":\"PropertyValueSpecification\",\"valueRequired\":true,\"valueName\":\"search_term_string\"}}],\"inLanguage\":\"sv-SE\"}]}<\/script>\n<!-- \/ Yoast SEO plugin. -->","yoast_head_json":{"title":"Nominera - 4H i V\u00e4stra G\u00f6taland","robots":{"index":"index","follow":"follow","max-snippet":"max-snippet:-1","max-image-preview":"max-image-preview:large","max-video-preview":"max-video-preview:-1"},"canonical":"https:\/\/www.4h.se\/vastragotaland\/nominera\/","og_locale":"sv_SE","og_type":"article","og_title":"Nominera - 4H i V\u00e4stra G\u00f6taland","og_description":"[vc_row][vc_column width=&#8221;2\/3&#8243;][vc_column_text] F\u00f6rtj\u00e4nsttecken P\u00e5 Sveriges 4H:s riksst\u00e4mma 1974 beslutades det om att vi skulle inr\u00e4tta f\u00f6rtj\u00e4nsttecken i guld, silver och brons som kan delas ut till medlemmar som gjort f\u00f6rtj\u00e4nstfulla insatser inom r\u00f6relsen. F\u00f6rtj\u00e4nsttecken i guld Kan utdelas f\u00f6r minst tio \u00e5rs framst\u00e5ende ledarinsats p\u00e5 riks- eller l\u00e4nsplan (om s\u00e4rskilda omst\u00e4ndigheter f\u00f6religga kan f\u00f6rtj\u00e4nsttecknet i&nbsp; &hellip; Read more","og_url":"https:\/\/www.4h.se\/vastragotaland\/nominera\/","og_site_name":"4H i V\u00e4stra G\u00f6taland","article_modified_time":"2023-04-10T13:09:12+00:00","twitter_card":"summary_large_image","twitter_misc":{"Ber\u00e4knad l\u00e4stid":"2 minuter"},"schema":{"@context":"https:\/\/schema.org","@graph":[{"@type":"WebPage","@id":"https:\/\/www.4h.se\/vastragotaland\/nominera\/","url":"https:\/\/www.4h.se\/vastragotaland\/nominera\/","name":"Nominera - 4H i V\u00e4stra G\u00f6taland","isPartOf":{"@id":"https:\/\/www.4h.se\/vastragotaland\/#website"},"datePublished":"2022-01-05T19:40:58+00:00","dateModified":"2023-04-10T13:09:12+00:00","breadcrumb":{"@id":"https:\/\/www.4h.se\/vastragotaland\/nominera\/#breadcrumb"},"inLanguage":"sv-SE","potentialAction":[{"@type":"ReadAction","target":["https:\/\/www.4h.se\/vastragotaland\/nominera\/"]}]},{"@type":"BreadcrumbList","@id":"https:\/\/www.4h.se\/vastragotaland\/nominera\/#breadcrumb","itemListElement":[{"@type":"ListItem","position":1,"name":"Hem","item":"https:\/\/www.4h.se\/vastragotaland\/"},{"@type":"ListItem","position":2,"name":"Nominera"}]},{"@type":"WebSite","@id":"https:\/\/www.4h.se\/vastragotaland\/#website","url":"https:\/\/www.4h.se\/vastragotaland\/","name":"4H i V\u00e4stra G\u00f6taland","description":"","potentialAction":[{"@type":"SearchAction","target":{"@type":"EntryPoint","urlTemplate":"https:\/\/www.4h.se\/vastragotaland\/?s={search_term_string}"},"query-input":{"@type":"PropertyValueSpecification","valueRequired":true,"valueName":"search_term_string"}}],"inLanguage":"sv-SE"}]}},"_links":{"self":[{"href":"https:\/\/www.4h.se\/vastragotaland\/wp-json\/wp\/v2\/pages\/543","targetHints":{"allow":["GET"]}}],"collection":[{"href":"https:\/\/www.4h.se\/vastragotaland\/wp-json\/wp\/v2\/pages"}],"about":[{"href":"https:\/\/www.4h.se\/vastragotaland\/wp-json\/wp\/v2\/types\/page"}],"author":[{"embeddable":true,"href":"https:\/\/www.4h.se\/vastragotaland\/wp-json\/wp\/v2\/users\/24"}],"replies":[{"embeddable":true,"href":"https:\/\/www.4h.se\/vastragotaland\/wp-json\/wp\/v2\/comments?post=543"}],"version-history":[{"count":0,"href":"https:\/\/www.4h.se\/vastragotaland\/wp-json\/wp\/v2\/pages\/543\/revisions"}],"wp:attachment":[{"href":"https:\/\/www.4h.se\/vastragotaland\/wp-json\/wp\/v2\/media?parent=543"}],"curies":[{"name":"wp","href":"https:\/\/api.w.org\/{rel}","templated":true}]}}