



{"id":542,"date":"2022-01-05T20:40:36","date_gmt":"2022-01-05T19:40:36","guid":{"rendered":"http:\/\/www.4h.se\/vastragotaland\/?page_id=542"},"modified":"2026-01-16T09:45:14","modified_gmt":"2026-01-16T08:45:14","slug":"dokument","status":"publish","type":"page","link":"https:\/\/www.4h.se\/vastragotaland\/dokument\/","title":{"rendered":"Dokument"},"content":{"rendered":"<div class=\"wpb-content-wrapper\"><p>[vc_row][vc_column width=&#8221;1\/2&#8243;][vc_message message_box_style=&#8221;solid&#8221; icon_fontawesome=&#8221;fas fa-car-side&#8221; css=&#8221;.vc_custom_1741258534496{background-color: #F9C96C !important;}&#8221;]<\/p>\n<div class=\"wpb_text_column wpb_content_element \">\n<div class=\"wpb_wrapper\">\n<h4>Reseers\u00e4ttning<\/h4>\n<p><a href=\"https:\/\/www.4h.se\/vastragotaland\/wp-content\/uploads\/sites\/125\/2024\/04\/reseersattningsblankett.pdf\">Reseers\u00e4ttningblankett<\/a><\/p>\n<p>Fylls i och skickas till:<br \/>\nV\u00e4stra G\u00f6talands\u00a04H, \u00c5sv\u00e4gen 45, 50741 Bor\u00e5s<br \/>\neller vastragotaland@4h.se<\/p>\n<p>F\u00f6r villkor se v\u00e5r\u00a0<a href=\"https:\/\/www.4h.se\/vastragotaland\/wp-content\/uploads\/sites\/125\/2021\/04\/Reseers%C3%A4ttningspolicy.pdf\">Reseers\u00e4ttningspolicy<\/a><\/div>\n<\/div>\n<p>[\/vc_message][vc_message message_box_style=&#8221;solid&#8221; message_box_color=&#8221;black&#8221; icon_fontawesome=&#8221;fas fa-edit&#8221; css=&#8221;.vc_custom_1741258876919{background-color: #EE8B8B !important;}&#8221;]<\/p>\n<h4>Dokument f\u00f6r 4H-klubb<\/h4>\n<p><a href=\"https:\/\/www.4h.se\/vastragotaland\/wp-content\/uploads\/sites\/125\/2024\/07\/Mall-for-protokoll-vid-klubbstyrelsemote.docx\">Mall f\u00f6r protokoll vid klubbstyrelsem\u00f6te<\/a>[\/vc_message][vc_message message_box_style=&#8221;solid&#8221; message_box_color=&#8221;black&#8221; icon_fontawesome=&#8221;&#8221; css=&#8221;.vc_custom_1768553052888{background-color: #82C381 !important;}&#8221;]<\/p>\n<h4>Dokument inf\u00f6r klubbens \u00e5rsm\u00f6te<\/h4>\n<p>Senast den 10 mars ska alla 4H-klubbar h\u00e5lla sitt \u00e5rsm\u00f6te. Efter \u00e5rsm\u00f6tet ska underskrivna handlingar laddas upp i Antribe.<\/p>\n<p><a href=\"https:\/\/www.4h.se\/vastragotaland\/wp-content\/uploads\/sites\/125\/2025\/01\/Checklista-klubbarsmote.pdf\">Checklista klubb\u00e5rsm\u00f6te<\/a><\/p>\n<p>H\u00e4r nedan finns mallar i olika varianter. Word f\u00f6r er som vill kunna fylla i och \u00e4ndra som ni vill, ifyllningsbar PDF f\u00f6r er som vill sk\u00f6ta allt digitalt samt PDF f\u00f6r utskrift f\u00f6r er som vill skriva ut och fylla i mallen f\u00f6r hand. Saknar du n\u00e5got? Maila vastragotaland@4h.se<\/p>\n<p><strong>Mallar f\u00f6r er som vill v\u00e4lja firmatecknare p\u00e5 \u00e5rsm\u00f6tet och slippa konstituerande m\u00f6te.<\/strong><\/p>\n<p><a href=\"https:\/\/www.4h.se\/vastragotaland\/wp-content\/uploads\/sites\/125\/2026\/01\/Arendelista-till-arsmote-med-firmatecknare.pdf\">\u00c4rendelista till \u00e5rsm\u00f6te &#8211; PDF<\/a><br \/>\n<a href=\"https:\/\/www.4h.se\/vastragotaland\/wp-content\/uploads\/sites\/125\/2026\/01\/Arendelista-till-arsmote-med-firmatecknare.docx\">\u00c4rendelista till \u00e5rsm\u00f6te &#8211; Word<\/a><\/p>\n<p><a href=\"https:\/\/www.4h.se\/vastragotaland\/wp-content\/uploads\/sites\/125\/2026\/01\/Arsmotesprotokoll-klubb-VG-2026.pdf\">\u00c5rsm\u00f6tesprotokoll &#8211; PDF<\/a><br \/>\n<a href=\"https:\/\/www.4h.se\/vastragotaland\/wp-content\/uploads\/sites\/125\/2026\/01\/Arsmotesprotokoll-med-firmatecknare-ifyllningsbar.pdf\">\u00c5rsm\u00f6tesprotokoll &#8211; ifyllningsbar PDF<\/a><br \/>\n<a href=\"https:\/\/www.4h.se\/vastragotaland\/wp-content\/uploads\/sites\/125\/2026\/01\/Arsmotesprotokoll-med-firmatecknare.docx\">\u00c5rsm\u00f6tesprotokoll &#8211; Word<\/a><\/p>\n<p><strong>Mallar f\u00f6r \u00e5rsm\u00f6te och konstituerande m\u00f6te<\/strong><\/p>\n<p><a href=\"https:\/\/www.4h.se\/vastragotaland\/wp-content\/uploads\/sites\/125\/2026\/01\/Arendelista-till-arsmote-1.docx\">\u00c4rendelista till \u00e5rsm\u00f6te &#8211; Word<\/a><br \/>\n<a href=\"https:\/\/www.4h.se\/vastragotaland\/wp-content\/uploads\/sites\/125\/2026\/01\/Arendelista-till-arsmote-1.pdf\">\u00c4<\/a><a href=\"https:\/\/www.4h.se\/vastragotaland\/wp-content\/uploads\/sites\/125\/2026\/01\/Arendelista-till-arsmote-1.pdf\">rendelista till \u00e5rsm\u00f6te &#8211; PDF<\/a><br \/>\n<a href=\"https:\/\/www.4h.se\/vastragotaland\/wp-content\/uploads\/sites\/125\/2026\/01\/Arsmotesprotokoll-klubb-VG-2026-2.pdf\">\u00c5rsm\u00f6tesprotokoll &#8211; PDF<\/a><br \/>\n<a href=\"https:\/\/www.4h.se\/vastragotaland\/wp-content\/uploads\/sites\/125\/2026\/01\/Arsmotesprotokoll-ifyllningsbar-1.pdf\">\u00c5rsm\u00f6tesprotokoll &#8211; Ifyllningsbar PDF<\/a><br \/>\n<a href=\"https:\/\/www.4h.se\/vastragotaland\/wp-content\/uploads\/sites\/125\/2026\/01\/Arsmotesprotokoll.docx\">\u00c5rsm\u00f6tesprotokoll -Word<\/a><\/p>\n<p><a href=\"https:\/\/www.4h.se\/vastragotaland\/wp-content\/uploads\/sites\/125\/2025\/01\/Arendelista-till-kontituerande-mote.docx\">\u00c4rendelista till konstituerande m\u00f6te &#8211; Word<\/a><br \/>\n<a href=\"https:\/\/www.4h.se\/vastragotaland\/wp-content\/uploads\/sites\/125\/2025\/01\/Arendelista-till-kontituerande-mote.pdf\">\u00c4rendelista till konstituerande m\u00f6te &#8211; PDF<\/a><br \/>\n<a href=\"https:\/\/www.4h.se\/vastragotaland\/wp-content\/uploads\/sites\/125\/2025\/01\/Konstituerande-motesprotokoll-ifyllningsbar.pdf\">Konstituerande m\u00f6tesprotokoll-ifyllningsbar PDF<\/a><br \/>\n<a href=\"https:\/\/www.4h.se\/vastragotaland\/wp-content\/uploads\/sites\/125\/2025\/01\/Konstituerande-motesprotokoll.pdf\">Konstituerande m\u00f6tesprotokoll &#8211; PDF <\/a><br \/>\n<a href=\"https:\/\/www.4h.se\/vastragotaland\/wp-content\/uploads\/sites\/125\/2025\/01\/Konstituerande-motesprotokoll.docx\">Konstituerande m\u00f6tesprotokoll &#8211; Word<\/a><\/p>\n<p><a href=\"https:\/\/www.4h.se\/vastragotaland\/wp-content\/uploads\/sites\/125\/2026\/01\/Arsberattelse_verksamhetsberattelse-ifyllningsbar-2.pdf\">\u00c5rsber\u00e4ttelse_verksamhetsber\u00e4ttelse &#8211; ifyllningsbar PDF<\/a><br \/>\n<a href=\"https:\/\/www.4h.se\/vastragotaland\/wp-content\/uploads\/sites\/125\/2026\/01\/Arsberattelse_verksmahetsberattelse-2.pdf\">\u00c5rsber\u00e4ttelse_verksmahetsber\u00e4ttelse &#8211; PDF<\/a><br \/>\n<a href=\"https:\/\/www.4h.se\/vastragotaland\/wp-content\/uploads\/sites\/125\/2026\/01\/Arsberattelse_verksamhetsberattelse-2.docx\">\u00c5rsber\u00e4ttelse_verksamhetsber\u00e4ttelse &#8211; Word<\/a><\/p>\n<p><a href=\"https:\/\/www.4h.se\/vastragotaland\/wp-content\/uploads\/sites\/125\/2024\/01\/Mall-budget-excel.xlsx\">Budget- excel<\/a><br \/>\n<a href=\"https:\/\/www.4h.se\/vastragotaland\/wp-content\/uploads\/sites\/125\/2025\/01\/Budget-ifyllningsbar.pdf\">Budget ifyllningsbar PDF<\/a><br \/>\n<a href=\"https:\/\/www.4h.se\/vastragotaland\/wp-content\/uploads\/sites\/125\/2025\/01\/Budget.pdf\">Budget &#8211; PDF<\/a><br \/>\n<a href=\"https:\/\/www.4h.se\/vastragotaland\/wp-content\/uploads\/sites\/125\/2025\/01\/Budget.docx\">Budget -Word<\/a><\/p>\n<p><a href=\"https:\/\/www.4h.se\/vastragotaland\/wp-content\/uploads\/sites\/125\/2024\/01\/Mall-resultatrakning-excel.xlsx\">Resultatr\u00e4kning &#8211; excel<\/a><br \/>\n<a href=\"https:\/\/www.4h.se\/vastragotaland\/wp-content\/uploads\/sites\/125\/2024\/01\/Mall-balansrakning-excel.xlsx\">Balansr\u00e4kning &#8211; excel<\/a><br \/>\n<a href=\"https:\/\/www.4h.se\/vastragotaland\/wp-content\/uploads\/sites\/125\/2025\/01\/Bokslut.docx\">Bokslut &#8211; Word<\/a><br \/>\n<a href=\"https:\/\/www.4h.se\/vastragotaland\/wp-content\/uploads\/sites\/125\/2025\/01\/Bokslut.pdf\">Bokslut &#8211; PDF<\/a><br \/>\n<a href=\"https:\/\/www.4h.se\/vastragotaland\/wp-content\/uploads\/sites\/125\/2025\/01\/Bokslut-ifyllningsbar.pdf\">Bokslut &#8211; ifyllningsbar PDF<\/a><\/p>\n<p><a href=\"https:\/\/www.4h.se\/vastragotaland\/wp-content\/uploads\/sites\/125\/2025\/01\/Revisionsberattelse.docx\">Revisionsber\u00e4ttelse &#8211; Word<\/a><br \/>\n<a href=\"https:\/\/www.4h.se\/vastragotaland\/wp-content\/uploads\/sites\/125\/2025\/01\/Revisionsberattelse.pdf\">Revisionsber\u00e4ttelse &#8211; PDF<\/a><br \/>\n<a href=\"https:\/\/www.4h.se\/vastragotaland\/wp-content\/uploads\/sites\/125\/2025\/01\/Revisionsberattelse-ifyllningsbar.pdf\">Revisionsber\u00e4ttelse &#8211; ifyllningsbar PDF<\/a><\/p>\n<p><a href=\"https:\/\/www.4h.se\/vastragotaland\/wp-content\/uploads\/sites\/125\/2026\/01\/Arbetsprogram_verksamhetsplan_aktivitetsplanering-ifyllningsbar-2.pdf\">Arbetsprogram_verksamhetsplan_aktivitetsplanering &#8211; ifyllningsbar PDF<\/a><br \/>\n<a href=\"https:\/\/www.4h.se\/vastragotaland\/wp-content\/uploads\/sites\/125\/2026\/01\/Arbetsprogram_verksamhetsplan_aktivtetsplanering-2.docx\">Arbetsprogram_verksamhetsplan_aktivtetsplanering &#8211; Word<\/a><br \/>\n<a href=\"https:\/\/www.4h.se\/vastragotaland\/wp-content\/uploads\/sites\/125\/2026\/01\/Arbetsprogram_verksamhetsplan_aktivitetsplanering-2.pdf\">Arbetsprogram_verksamhetsplan_aktivitetsplanering &#8211; PDF<\/a><\/p>\n<p><a href=\"https:\/\/www.4h.se\/vastragotaland\/wp-content\/uploads\/sites\/125\/2026\/01\/Stadgar-Sverige-4H-ifyllningsbara.pdf\">Sveriges 4Hs stadagar &#8211; ifyllningsbar PDF<\/a><br \/>\n<a href=\"https:\/\/www.4h.se\/vastragotaland\/wp-content\/uploads\/sites\/125\/2026\/01\/Stadgar-bara-klubbdel-ifyllningsbara.pdf\">Sveriges 4Hs stadagar &#8211; enbart klubbdelen &#8211; ifyllningsbar PDF<\/a><\/p>\n<p><a href=\"https:\/\/www.4h.se\/vastragotaland\/wp-content\/uploads\/sites\/125\/2026\/01\/Manus-till-ordforande-2.pdf\">Manus till ordf\u00f6rande &#8211; PDF<\/a><br \/>\n<a href=\"https:\/\/www.4h.se\/vastragotaland\/wp-content\/uploads\/sites\/125\/2026\/01\/Manus-till-ordforande-2.docx\">Manus till ordf\u00f6rande &#8211; Word<\/a><\/p>\n<p><a href=\"https:\/\/www.4h.se\/vastragotaland\/wp-content\/uploads\/sites\/125\/2026\/01\/Ladda-upp-arsmoteshandlingar-i-Antribe-2.pdf\">Lathund f\u00f6r hur man laddar upp \u00e5rsm\u00f6teshandlingarna i Antribe<\/a><\/p>\n<p><a href=\"https:\/\/www.4h.se\/vastragotaland\/wp-content\/uploads\/sites\/125\/2026\/01\/Ordlista-foreningsteknik-2.pdf\">Ordlista f\u00f6reningsteknik<\/a><br \/>\n<a href=\"https:\/\/www.4h.se\/vastragotaland\/wp-content\/uploads\/sites\/125\/2026\/01\/Ordlista-klubbarsmote-2.pdf\">Ordlista klubb\u00e5rsm\u00f6te<\/a>[\/vc_message][\/vc_column][vc_column width=&#8221;1\/2&#8243;][vc_message message_box_style=&#8221;solid&#8221; icon_fontawesome=&#8221;fas fa-campground&#8221; css=&#8221;.vc_custom_1741258803792{background-color: #82C381 !important;}&#8221;]<\/p>\n<h4>L\u00e4gerfonden<\/h4>\n<p>Distriktet har en l\u00e4gerfond, d\u00e4r medlemmar kan s\u00f6ka medel f\u00f6r exempelvis l\u00e4ger, resor, utbildning eller material. L\u00e4s riktlinjerna f\u00f6r att se mer information <a href=\"https:\/\/www.4h.se\/vastragotaland\/wp-content\/uploads\/sites\/125\/2025\/03\/Lagerfonden-Riktlinjer.pdf\">L\u00e4gerfonden Riktlinjer<\/a><\/p>\n<p>Ans\u00f6k h\u00e4r \u2192 <a href=\"https:\/\/www.4h.se\/vastragotaland\/lagerfonden\/\">L\u00e4gerfonden<\/a>[\/vc_message][vc_message message_box_style=&#8221;solid&#8221; message_box_color=&#8221;black&#8221; icon_fontawesome=&#8221;&#8221; css=&#8221;.vc_custom_1765271019533{background-color: #EE8B8B !important;}&#8221;]<\/p>\n<h4>Dokument fr\u00e5n V\u00e4stra G\u00f6talands 4H<\/h4>\n<p><a href=\"https:\/\/www.4h.se\/vastragotaland\/wp-content\/uploads\/sites\/125\/2025\/12\/Protokoll-Planeringskonferens-2025-11-15.pdf\">Protokoll Planeringskonferens 2025<\/a><\/p>\n<p><a href=\"https:\/\/www.4h.se\/vastragotaland\/wp-content\/uploads\/sites\/125\/2025\/05\/Vastra-Gotalands-distriktsstammas-protokoll-2025.pdf\">V\u00e4stra G\u00f6talands distriktsst\u00e4mmas protokoll 2025<\/a><\/p>\n<p><a href=\"https:\/\/www.4h.se\/vastragotaland\/wp-content\/uploads\/sites\/125\/2025\/01\/Protokoll-Planeringskonferens-2024-09-30.pdf\">Protokoll Planeringskonferens 2024<\/a><\/p>\n<p><a href=\"https:\/\/www.4h.se\/vastragotaland\/wp-content\/uploads\/sites\/125\/2024\/11\/Protokoll-Vastra-Gotalands-stamma-2024-med-bilagor-2.pdf\">V\u00e4stra G\u00f6talands distriktsst\u00e4mmas protokoll 2024<\/a><\/p>\n<p><a href=\"https:\/\/www.4h.se\/vastragotaland\/wp-content\/uploads\/sites\/125\/2024\/05\/Verksamhetsberattelse-2023.pdf\">Verksamhetsber\u00e4ttelse 2023<\/a><\/p>\n<p><a href=\"https:\/\/www.4h.se\/vastragotaland\/wp-content\/uploads\/sites\/125\/2023\/12\/Verksamhetsberattelse-2022-.pdf\">Verksamhetsber\u00e4ttelse 2022<\/a><\/p>\n<p><a href=\"https:\/\/www.4h.se\/vastragotaland\/wp-content\/uploads\/sites\/125\/2023\/12\/Protokoll-stamma-med-bilagor.pdf\">V\u00e4stra G\u00f6talands distriktsst\u00e4mmas protokoll 2023<\/a><\/p>\n<p><a href=\"https:\/\/www.4h.se\/vastragotaland\/wp-content\/uploads\/sites\/125\/2023\/04\/Vastra-Gotalands-verksamhetsplan-2023-2026.pdf\">V<\/a><a href=\"https:\/\/www.4h.se\/vastragotaland\/wp-content\/uploads\/sites\/125\/2023\/04\/Vastra-Gotalands-verksamhetsplan-2023-2026.pdf\">\u00e4stra G\u00f6talands 4Hs verksamhetsplan 2023-2026<\/a><\/p>\n<p><a href=\"https:\/\/www.4h.se\/vastragotaland\/wp-content\/uploads\/sites\/125\/2023\/04\/verksamhetsberattelse-2021-ml-2.pdf\">Verksamhetsber\u00e4ttelse 2021<\/a><\/p>\n<p><a href=\"https:\/\/www.4h.se\/vastragotaland\/wp-content\/uploads\/sites\/125\/2023\/04\/Protokoll-distriktsstamma-2022-1.pdf\">V\u00e4stra G\u00f6talands distriktsst\u00e4mmasprotokoll 2022<\/a><\/p>\n<p><a href=\"https:\/\/www.4h.se\/vastragotaland\/wp-content\/uploads\/sites\/125\/2023\/04\/VB-2020.pdf\">Verksamhetsber\u00e4ttelse 2020<\/a><\/p>\n<p><a href=\"https:\/\/www.4h.se\/vastragotaland\/wp-content\/uploads\/sites\/125\/2021\/04\/2021-04-17-St%C3%A4mmoprotokoll-.pdf\">V\u00e4stra G\u00f6talands distriktsst\u00e4mmasprotokoll 2021<\/a>[\/vc_message][vc_message message_box_style=&#8221;solid&#8221; message_box_color=&#8221;black&#8221; css=&#8221;.vc_custom_1768553111636{background-color: #F9C96C !important;}&#8221;]<\/p>\n<h4>Dokument fr\u00e5n Sveriges 4H<\/h4>\n<p><a href=\"https:\/\/www.4h.se\/vastragotaland\/wp-content\/uploads\/sites\/125\/2026\/01\/Stadgar-Sverige-4H-2025.pdf\">Stadgar<\/a><\/p>\n<p><a href=\"https:\/\/www.4h.se\/vastragotaland\/wp-content\/uploads\/sites\/125\/2023\/02\/4h_historia.pdf\">4Hs historia<\/a><\/p>\n<p><a href=\"https:\/\/www.4h.se\/vastragotaland\/wp-content\/uploads\/sites\/125\/2025\/03\/4H-andan.pdf\">4H-andan<\/a><\/p>\n<p><a href=\"https:\/\/www.4h.se\/vastragotaland\/wp-content\/uploads\/sites\/125\/2023\/02\/Verksamhetsplan_2023-2026.pdf\">Verksamhetsplan 2023-2026<\/a>[\/vc_message][\/vc_column][\/vc_row][vc_row][vc_column width=&#8221;1\/2&#8243;][\/vc_column][vc_column width=&#8221;1\/2&#8243;][\/vc_column][\/vc_row][vc_row][vc_column][\/vc_column][\/vc_row]<\/p>\n<\/div>","protected":false},"excerpt":{"rendered":"<p>[vc_row][vc_column width=&#8221;1\/2&#8243;][vc_message message_box_style=&#8221;solid&#8221; icon_fontawesome=&#8221;fas fa-car-side&#8221; css=&#8221;.vc_custom_1741258534496{background-color: #F9C96C !important;}&#8221;] Reseers\u00e4ttning Reseers\u00e4ttningblankett Fylls i och skickas till: V\u00e4stra G\u00f6talands\u00a04H, \u00c5sv\u00e4gen 45, 50741 Bor\u00e5s eller vastragotaland@4h.se F\u00f6r villkor se v\u00e5r\u00a0Reseers\u00e4ttningspolicy [\/vc_message][vc_message message_box_style=&#8221;solid&#8221; message_box_color=&#8221;black&#8221; icon_fontawesome=&#8221;fas fa-edit&#8221; css=&#8221;.vc_custom_1741258876919{background-color: #EE8B8B !important;}&#8221;] Dokument f\u00f6r 4H-klubb Mall f\u00f6r protokoll vid klubbstyrelsem\u00f6te[\/vc_message][vc_message message_box_style=&#8221;solid&#8221; message_box_color=&#8221;black&#8221; icon_fontawesome=&#8221;&#8221; css=&#8221;.vc_custom_1768553052888{background-color: #82C381 !important;}&#8221;] Dokument inf\u00f6r klubbens \u00e5rsm\u00f6te Senast den&nbsp; <a href=\"https:\/\/www.4h.se\/vastragotaland\/dokument\/\">&hellip; Read more <i class=\"glyphicon glyphicon-arrow-right\"><\/i><\/a><\/p>\n","protected":false},"author":24,"featured_media":0,"parent":0,"menu_order":0,"comment_status":"closed","ping_status":"closed","template":"","meta":{"footnotes":""},"class_list":["post-542","page","type-page","status-publish","hentry"],"yoast_head":"<!-- This site is optimized with the Yoast SEO plugin v27.4 - https:\/\/yoast.com\/product\/yoast-seo-wordpress\/ -->\n<title>Dokument - 4H i V\u00e4stra G\u00f6taland<\/title>\n<meta name=\"robots\" content=\"index, follow, max-snippet:-1, max-image-preview:large, max-video-preview:-1\" \/>\n<link rel=\"canonical\" href=\"https:\/\/www.4h.se\/vastragotaland\/dokument\/\" \/>\n<meta property=\"og:locale\" content=\"sv_SE\" \/>\n<meta property=\"og:type\" content=\"article\" \/>\n<meta property=\"og:title\" content=\"Dokument - 4H i V\u00e4stra G\u00f6taland\" \/>\n<meta property=\"og:description\" content=\"[vc_row][vc_column width=&#8221;1\/2&#8243;][vc_message message_box_style=&#8221;solid&#8221; icon_fontawesome=&#8221;fas fa-car-side&#8221; css=&#8221;.vc_custom_1741258534496{background-color: #F9C96C !important;}&#8221;] Reseers\u00e4ttning Reseers\u00e4ttningblankett Fylls i och skickas till: V\u00e4stra G\u00f6talands\u00a04H, \u00c5sv\u00e4gen 45, 50741 Bor\u00e5s eller vastragotaland@4h.se F\u00f6r villkor se v\u00e5r\u00a0Reseers\u00e4ttningspolicy [\/vc_message][vc_message message_box_style=&#8221;solid&#8221; message_box_color=&#8221;black&#8221; icon_fontawesome=&#8221;fas fa-edit&#8221; css=&#8221;.vc_custom_1741258876919{background-color: #EE8B8B !important;}&#8221;] Dokument f\u00f6r 4H-klubb Mall f\u00f6r protokoll vid klubbstyrelsem\u00f6te[\/vc_message][vc_message message_box_style=&#8221;solid&#8221; message_box_color=&#8221;black&#8221; icon_fontawesome=&#8221;&#8221; css=&#8221;.vc_custom_1768553052888{background-color: #82C381 !important;}&#8221;] Dokument inf\u00f6r klubbens \u00e5rsm\u00f6te Senast den&nbsp; &hellip; Read more\" \/>\n<meta property=\"og:url\" content=\"https:\/\/www.4h.se\/vastragotaland\/dokument\/\" \/>\n<meta property=\"og:site_name\" content=\"4H i V\u00e4stra G\u00f6taland\" \/>\n<meta property=\"article:modified_time\" content=\"2026-01-16T08:45:14+00:00\" \/>\n<meta name=\"twitter:card\" content=\"summary_large_image\" \/>\n<meta name=\"twitter:label1\" content=\"Ber\u00e4knad l\u00e4stid\" \/>\n\t<meta name=\"twitter:data1\" content=\"3 minuter\" \/>\n<script type=\"application\/ld+json\" class=\"yoast-schema-graph\">{\"@context\":\"https:\\\/\\\/schema.org\",\"@graph\":[{\"@type\":\"WebPage\",\"@id\":\"https:\\\/\\\/www.4h.se\\\/vastragotaland\\\/dokument\\\/\",\"url\":\"https:\\\/\\\/www.4h.se\\\/vastragotaland\\\/dokument\\\/\",\"name\":\"Dokument - 4H i V\u00e4stra G\u00f6taland\",\"isPartOf\":{\"@id\":\"https:\\\/\\\/www.4h.se\\\/vastragotaland\\\/#website\"},\"datePublished\":\"2022-01-05T19:40:36+00:00\",\"dateModified\":\"2026-01-16T08:45:14+00:00\",\"breadcrumb\":{\"@id\":\"https:\\\/\\\/www.4h.se\\\/vastragotaland\\\/dokument\\\/#breadcrumb\"},\"inLanguage\":\"sv-SE\",\"potentialAction\":[{\"@type\":\"ReadAction\",\"target\":[\"https:\\\/\\\/www.4h.se\\\/vastragotaland\\\/dokument\\\/\"]}]},{\"@type\":\"BreadcrumbList\",\"@id\":\"https:\\\/\\\/www.4h.se\\\/vastragotaland\\\/dokument\\\/#breadcrumb\",\"itemListElement\":[{\"@type\":\"ListItem\",\"position\":1,\"name\":\"Hem\",\"item\":\"https:\\\/\\\/www.4h.se\\\/vastragotaland\\\/\"},{\"@type\":\"ListItem\",\"position\":2,\"name\":\"Dokument\"}]},{\"@type\":\"WebSite\",\"@id\":\"https:\\\/\\\/www.4h.se\\\/vastragotaland\\\/#website\",\"url\":\"https:\\\/\\\/www.4h.se\\\/vastragotaland\\\/\",\"name\":\"4H i V\u00e4stra G\u00f6taland\",\"description\":\"\",\"potentialAction\":[{\"@type\":\"SearchAction\",\"target\":{\"@type\":\"EntryPoint\",\"urlTemplate\":\"https:\\\/\\\/www.4h.se\\\/vastragotaland\\\/?s={search_term_string}\"},\"query-input\":{\"@type\":\"PropertyValueSpecification\",\"valueRequired\":true,\"valueName\":\"search_term_string\"}}],\"inLanguage\":\"sv-SE\"}]}<\/script>\n<!-- \/ Yoast SEO plugin. -->","yoast_head_json":{"title":"Dokument - 4H i V\u00e4stra G\u00f6taland","robots":{"index":"index","follow":"follow","max-snippet":"max-snippet:-1","max-image-preview":"max-image-preview:large","max-video-preview":"max-video-preview:-1"},"canonical":"https:\/\/www.4h.se\/vastragotaland\/dokument\/","og_locale":"sv_SE","og_type":"article","og_title":"Dokument - 4H i V\u00e4stra G\u00f6taland","og_description":"[vc_row][vc_column width=&#8221;1\/2&#8243;][vc_message message_box_style=&#8221;solid&#8221; icon_fontawesome=&#8221;fas fa-car-side&#8221; css=&#8221;.vc_custom_1741258534496{background-color: #F9C96C !important;}&#8221;] Reseers\u00e4ttning Reseers\u00e4ttningblankett Fylls i och skickas till: V\u00e4stra G\u00f6talands\u00a04H, \u00c5sv\u00e4gen 45, 50741 Bor\u00e5s eller vastragotaland@4h.se F\u00f6r villkor se v\u00e5r\u00a0Reseers\u00e4ttningspolicy [\/vc_message][vc_message message_box_style=&#8221;solid&#8221; message_box_color=&#8221;black&#8221; icon_fontawesome=&#8221;fas fa-edit&#8221; css=&#8221;.vc_custom_1741258876919{background-color: #EE8B8B !important;}&#8221;] Dokument f\u00f6r 4H-klubb Mall f\u00f6r protokoll vid klubbstyrelsem\u00f6te[\/vc_message][vc_message message_box_style=&#8221;solid&#8221; message_box_color=&#8221;black&#8221; icon_fontawesome=&#8221;&#8221; css=&#8221;.vc_custom_1768553052888{background-color: #82C381 !important;}&#8221;] Dokument inf\u00f6r klubbens \u00e5rsm\u00f6te Senast den&nbsp; &hellip; Read more","og_url":"https:\/\/www.4h.se\/vastragotaland\/dokument\/","og_site_name":"4H i V\u00e4stra G\u00f6taland","article_modified_time":"2026-01-16T08:45:14+00:00","twitter_card":"summary_large_image","twitter_misc":{"Ber\u00e4knad l\u00e4stid":"3 minuter"},"schema":{"@context":"https:\/\/schema.org","@graph":[{"@type":"WebPage","@id":"https:\/\/www.4h.se\/vastragotaland\/dokument\/","url":"https:\/\/www.4h.se\/vastragotaland\/dokument\/","name":"Dokument - 4H i V\u00e4stra G\u00f6taland","isPartOf":{"@id":"https:\/\/www.4h.se\/vastragotaland\/#website"},"datePublished":"2022-01-05T19:40:36+00:00","dateModified":"2026-01-16T08:45:14+00:00","breadcrumb":{"@id":"https:\/\/www.4h.se\/vastragotaland\/dokument\/#breadcrumb"},"inLanguage":"sv-SE","potentialAction":[{"@type":"ReadAction","target":["https:\/\/www.4h.se\/vastragotaland\/dokument\/"]}]},{"@type":"BreadcrumbList","@id":"https:\/\/www.4h.se\/vastragotaland\/dokument\/#breadcrumb","itemListElement":[{"@type":"ListItem","position":1,"name":"Hem","item":"https:\/\/www.4h.se\/vastragotaland\/"},{"@type":"ListItem","position":2,"name":"Dokument"}]},{"@type":"WebSite","@id":"https:\/\/www.4h.se\/vastragotaland\/#website","url":"https:\/\/www.4h.se\/vastragotaland\/","name":"4H i V\u00e4stra G\u00f6taland","description":"","potentialAction":[{"@type":"SearchAction","target":{"@type":"EntryPoint","urlTemplate":"https:\/\/www.4h.se\/vastragotaland\/?s={search_term_string}"},"query-input":{"@type":"PropertyValueSpecification","valueRequired":true,"valueName":"search_term_string"}}],"inLanguage":"sv-SE"}]}},"_links":{"self":[{"href":"https:\/\/www.4h.se\/vastragotaland\/wp-json\/wp\/v2\/pages\/542","targetHints":{"allow":["GET"]}}],"collection":[{"href":"https:\/\/www.4h.se\/vastragotaland\/wp-json\/wp\/v2\/pages"}],"about":[{"href":"https:\/\/www.4h.se\/vastragotaland\/wp-json\/wp\/v2\/types\/page"}],"author":[{"embeddable":true,"href":"https:\/\/www.4h.se\/vastragotaland\/wp-json\/wp\/v2\/users\/24"}],"replies":[{"embeddable":true,"href":"https:\/\/www.4h.se\/vastragotaland\/wp-json\/wp\/v2\/comments?post=542"}],"version-history":[{"count":0,"href":"https:\/\/www.4h.se\/vastragotaland\/wp-json\/wp\/v2\/pages\/542\/revisions"}],"wp:attachment":[{"href":"https:\/\/www.4h.se\/vastragotaland\/wp-json\/wp\/v2\/media?parent=542"}],"curies":[{"name":"wp","href":"https:\/\/api.w.org\/{rel}","templated":true}]}}