



{"id":471,"date":"2021-04-28T19:12:15","date_gmt":"2021-04-28T17:12:15","guid":{"rendered":"http:\/\/www.4h.se\/vastragotaland\/?page_id=471"},"modified":"2024-09-26T10:33:05","modified_gmt":"2024-09-26T08:33:05","slug":"kontakta-oss-2","status":"publish","type":"page","link":"https:\/\/www.4h.se\/vastragotaland\/kontakta-oss-2\/","title":{"rendered":"Kontakta oss"},"content":{"rendered":"<div class=\"wpb-content-wrapper\"><p>[vc_row][vc_column][vc_column_text]<\/p>\n<div class=\"vc_row wpb_row vc_row-fluid\">\n<div class=\"wpb_column vc_column_container vc_col-sm-12\">\n<div class=\"vc_column-inner \">\n<div class=\"wpb_wrapper\">\n<div class=\"wpb_text_column wpb_content_element \">\n<div class=\"wpb_wrapper\">\n<h3>Kontakta\u00a04H i\u00a0V\u00e4stra G\u00f6taland<\/h3>\n<p>Vid fr\u00e5gor om 4H verksamheten i V\u00e4stra G\u00f6taland \u00e4r du v\u00e4lkommen att kontakta oss.<\/p><\/div>\n<\/div>\n<\/div>\n<\/div>\n<\/div>\n<\/div>\n<p>[\/vc_column_text][vc_row_inner][vc_column_inner width=&#8221;1\/2&#8243;][vc_message message_box_color=&#8221;green&#8221;]<\/p>\n<h3>Postadress<\/h3>\n<p>V\u00e4stra G\u00f6talands distrikt av 4H<br \/>\n\u00c5sv\u00e4gen 45<br \/>\n507 41 Bor\u00e5s[\/vc_message][vc_message message_box_color=&#8221;green&#8221;]<\/p>\n<h3>Betalningsinfo<\/h3>\n<p>Adress f\u00f6r faktura<br \/>\nV\u00e4stra G\u00f6talands distrikt av 4H<br \/>\n\u00c5sv\u00e4gen 45<br \/>\n507 41 Bor\u00e5s<\/p>\n<p>vastragotaland@4h.se[\/vc_message][\/vc_column_inner][vc_column_inner width=&#8221;1\/2&#8243;][vc_message message_box_color=&#8221;green&#8221;]<\/p>\n<h3>Betalningsinfo<\/h3>\n<p>Bg: 462-2478<br \/>\nOrg.nr: 864500-8304<br \/>\nSwish: 123 394 0152[\/vc_message][vc_message message_box_color=&#8221;green&#8221; css=&#8221;&#8221;]<\/p>\n<h3>Kontakt<\/h3>\n<p>E-post:\u00a0vastragotaland@4h.se<\/p>\n<p>Ordf\u00f6rande: Sofia Jant\u00e9n, sofia.janten@vg.4h.se, 0727416600<\/p>\n<p>&nbsp;[\/vc_message][\/vc_column_inner][\/vc_row_inner][\/vc_column][\/vc_row]<\/p>\n<\/div>","protected":false},"excerpt":{"rendered":"<p>[vc_row][vc_column][vc_column_text] Kontakta\u00a04H i\u00a0V\u00e4stra G\u00f6taland Vid fr\u00e5gor om 4H verksamheten i V\u00e4stra G\u00f6taland \u00e4r du v\u00e4lkommen att kontakta oss. [\/vc_column_text][vc_row_inner][vc_column_inner width=&#8221;1\/2&#8243;][vc_message message_box_color=&#8221;green&#8221;] Postadress V\u00e4stra G\u00f6talands distrikt av 4H \u00c5sv\u00e4gen 45 507 41 Bor\u00e5s[\/vc_message][vc_message message_box_color=&#8221;green&#8221;] Betalningsinfo Adress f\u00f6r faktura V\u00e4stra G\u00f6talands distrikt av 4H \u00c5sv\u00e4gen 45 507 41 Bor\u00e5s vastragotaland@4h.se[\/vc_message][\/vc_column_inner][vc_column_inner width=&#8221;1\/2&#8243;][vc_message message_box_color=&#8221;green&#8221;] Betalningsinfo Bg: 462-2478 Org.nr: 864500-8304&nbsp; <a href=\"https:\/\/www.4h.se\/vastragotaland\/kontakta-oss-2\/\">&hellip; Read more <i class=\"glyphicon glyphicon-arrow-right\"><\/i><\/a><\/p>\n","protected":false},"author":24,"featured_media":0,"parent":0,"menu_order":0,"comment_status":"closed","ping_status":"closed","template":"","meta":{"footnotes":""},"class_list":["post-471","page","type-page","status-publish","hentry"],"yoast_head":"<!-- This site is optimized with the Yoast SEO plugin v27.4 - https:\/\/yoast.com\/product\/yoast-seo-wordpress\/ -->\n<title>Kontakta oss - 4H i V\u00e4stra G\u00f6taland<\/title>\n<meta name=\"robots\" content=\"index, follow, max-snippet:-1, max-image-preview:large, max-video-preview:-1\" \/>\n<link rel=\"canonical\" href=\"https:\/\/www.4h.se\/vastragotaland\/kontakta-oss-2\/\" \/>\n<meta property=\"og:locale\" content=\"sv_SE\" \/>\n<meta property=\"og:type\" content=\"article\" \/>\n<meta property=\"og:title\" content=\"Kontakta oss - 4H i V\u00e4stra G\u00f6taland\" \/>\n<meta property=\"og:description\" content=\"[vc_row][vc_column][vc_column_text] Kontakta\u00a04H i\u00a0V\u00e4stra G\u00f6taland Vid fr\u00e5gor om 4H verksamheten i V\u00e4stra G\u00f6taland \u00e4r du v\u00e4lkommen att kontakta oss. [\/vc_column_text][vc_row_inner][vc_column_inner width=&#8221;1\/2&#8243;][vc_message message_box_color=&#8221;green&#8221;] Postadress V\u00e4stra G\u00f6talands distrikt av 4H \u00c5sv\u00e4gen 45 507 41 Bor\u00e5s[\/vc_message][vc_message message_box_color=&#8221;green&#8221;] Betalningsinfo Adress f\u00f6r faktura V\u00e4stra G\u00f6talands distrikt av 4H \u00c5sv\u00e4gen 45 507 41 Bor\u00e5s vastragotaland@4h.se[\/vc_message][\/vc_column_inner][vc_column_inner width=&#8221;1\/2&#8243;][vc_message message_box_color=&#8221;green&#8221;] Betalningsinfo Bg: 462-2478 Org.nr: 864500-8304&nbsp; &hellip; Read more\" \/>\n<meta property=\"og:url\" content=\"https:\/\/www.4h.se\/vastragotaland\/kontakta-oss-2\/\" \/>\n<meta property=\"og:site_name\" content=\"4H i V\u00e4stra G\u00f6taland\" \/>\n<meta property=\"article:modified_time\" content=\"2024-09-26T08:33:05+00:00\" \/>\n<meta name=\"twitter:card\" content=\"summary_large_image\" \/>\n<meta name=\"twitter:label1\" content=\"Ber\u00e4knad l\u00e4stid\" \/>\n\t<meta name=\"twitter:data1\" content=\"1 minut\" \/>\n<script type=\"application\/ld+json\" class=\"yoast-schema-graph\">{\"@context\":\"https:\\\/\\\/schema.org\",\"@graph\":[{\"@type\":\"WebPage\",\"@id\":\"https:\\\/\\\/www.4h.se\\\/vastragotaland\\\/kontakta-oss-2\\\/\",\"url\":\"https:\\\/\\\/www.4h.se\\\/vastragotaland\\\/kontakta-oss-2\\\/\",\"name\":\"Kontakta oss - 4H i V\u00e4stra G\u00f6taland\",\"isPartOf\":{\"@id\":\"https:\\\/\\\/www.4h.se\\\/vastragotaland\\\/#website\"},\"datePublished\":\"2021-04-28T17:12:15+00:00\",\"dateModified\":\"2024-09-26T08:33:05+00:00\",\"breadcrumb\":{\"@id\":\"https:\\\/\\\/www.4h.se\\\/vastragotaland\\\/kontakta-oss-2\\\/#breadcrumb\"},\"inLanguage\":\"sv-SE\",\"potentialAction\":[{\"@type\":\"ReadAction\",\"target\":[\"https:\\\/\\\/www.4h.se\\\/vastragotaland\\\/kontakta-oss-2\\\/\"]}]},{\"@type\":\"BreadcrumbList\",\"@id\":\"https:\\\/\\\/www.4h.se\\\/vastragotaland\\\/kontakta-oss-2\\\/#breadcrumb\",\"itemListElement\":[{\"@type\":\"ListItem\",\"position\":1,\"name\":\"Hem\",\"item\":\"https:\\\/\\\/www.4h.se\\\/vastragotaland\\\/\"},{\"@type\":\"ListItem\",\"position\":2,\"name\":\"Kontakta oss\"}]},{\"@type\":\"WebSite\",\"@id\":\"https:\\\/\\\/www.4h.se\\\/vastragotaland\\\/#website\",\"url\":\"https:\\\/\\\/www.4h.se\\\/vastragotaland\\\/\",\"name\":\"4H i V\u00e4stra G\u00f6taland\",\"description\":\"\",\"potentialAction\":[{\"@type\":\"SearchAction\",\"target\":{\"@type\":\"EntryPoint\",\"urlTemplate\":\"https:\\\/\\\/www.4h.se\\\/vastragotaland\\\/?s={search_term_string}\"},\"query-input\":{\"@type\":\"PropertyValueSpecification\",\"valueRequired\":true,\"valueName\":\"search_term_string\"}}],\"inLanguage\":\"sv-SE\"}]}<\/script>\n<!-- \/ Yoast SEO plugin. -->","yoast_head_json":{"title":"Kontakta oss - 4H i V\u00e4stra G\u00f6taland","robots":{"index":"index","follow":"follow","max-snippet":"max-snippet:-1","max-image-preview":"max-image-preview:large","max-video-preview":"max-video-preview:-1"},"canonical":"https:\/\/www.4h.se\/vastragotaland\/kontakta-oss-2\/","og_locale":"sv_SE","og_type":"article","og_title":"Kontakta oss - 4H i V\u00e4stra G\u00f6taland","og_description":"[vc_row][vc_column][vc_column_text] Kontakta\u00a04H i\u00a0V\u00e4stra G\u00f6taland Vid fr\u00e5gor om 4H verksamheten i V\u00e4stra G\u00f6taland \u00e4r du v\u00e4lkommen att kontakta oss. [\/vc_column_text][vc_row_inner][vc_column_inner width=&#8221;1\/2&#8243;][vc_message message_box_color=&#8221;green&#8221;] Postadress V\u00e4stra G\u00f6talands distrikt av 4H \u00c5sv\u00e4gen 45 507 41 Bor\u00e5s[\/vc_message][vc_message message_box_color=&#8221;green&#8221;] Betalningsinfo Adress f\u00f6r faktura V\u00e4stra G\u00f6talands distrikt av 4H \u00c5sv\u00e4gen 45 507 41 Bor\u00e5s vastragotaland@4h.se[\/vc_message][\/vc_column_inner][vc_column_inner width=&#8221;1\/2&#8243;][vc_message message_box_color=&#8221;green&#8221;] Betalningsinfo Bg: 462-2478 Org.nr: 864500-8304&nbsp; &hellip; Read more","og_url":"https:\/\/www.4h.se\/vastragotaland\/kontakta-oss-2\/","og_site_name":"4H i V\u00e4stra G\u00f6taland","article_modified_time":"2024-09-26T08:33:05+00:00","twitter_card":"summary_large_image","twitter_misc":{"Ber\u00e4knad l\u00e4stid":"1 minut"},"schema":{"@context":"https:\/\/schema.org","@graph":[{"@type":"WebPage","@id":"https:\/\/www.4h.se\/vastragotaland\/kontakta-oss-2\/","url":"https:\/\/www.4h.se\/vastragotaland\/kontakta-oss-2\/","name":"Kontakta oss - 4H i V\u00e4stra G\u00f6taland","isPartOf":{"@id":"https:\/\/www.4h.se\/vastragotaland\/#website"},"datePublished":"2021-04-28T17:12:15+00:00","dateModified":"2024-09-26T08:33:05+00:00","breadcrumb":{"@id":"https:\/\/www.4h.se\/vastragotaland\/kontakta-oss-2\/#breadcrumb"},"inLanguage":"sv-SE","potentialAction":[{"@type":"ReadAction","target":["https:\/\/www.4h.se\/vastragotaland\/kontakta-oss-2\/"]}]},{"@type":"BreadcrumbList","@id":"https:\/\/www.4h.se\/vastragotaland\/kontakta-oss-2\/#breadcrumb","itemListElement":[{"@type":"ListItem","position":1,"name":"Hem","item":"https:\/\/www.4h.se\/vastragotaland\/"},{"@type":"ListItem","position":2,"name":"Kontakta oss"}]},{"@type":"WebSite","@id":"https:\/\/www.4h.se\/vastragotaland\/#website","url":"https:\/\/www.4h.se\/vastragotaland\/","name":"4H i V\u00e4stra G\u00f6taland","description":"","potentialAction":[{"@type":"SearchAction","target":{"@type":"EntryPoint","urlTemplate":"https:\/\/www.4h.se\/vastragotaland\/?s={search_term_string}"},"query-input":{"@type":"PropertyValueSpecification","valueRequired":true,"valueName":"search_term_string"}}],"inLanguage":"sv-SE"}]}},"_links":{"self":[{"href":"https:\/\/www.4h.se\/vastragotaland\/wp-json\/wp\/v2\/pages\/471","targetHints":{"allow":["GET"]}}],"collection":[{"href":"https:\/\/www.4h.se\/vastragotaland\/wp-json\/wp\/v2\/pages"}],"about":[{"href":"https:\/\/www.4h.se\/vastragotaland\/wp-json\/wp\/v2\/types\/page"}],"author":[{"embeddable":true,"href":"https:\/\/www.4h.se\/vastragotaland\/wp-json\/wp\/v2\/users\/24"}],"replies":[{"embeddable":true,"href":"https:\/\/www.4h.se\/vastragotaland\/wp-json\/wp\/v2\/comments?post=471"}],"version-history":[{"count":0,"href":"https:\/\/www.4h.se\/vastragotaland\/wp-json\/wp\/v2\/pages\/471\/revisions"}],"wp:attachment":[{"href":"https:\/\/www.4h.se\/vastragotaland\/wp-json\/wp\/v2\/media?parent=471"}],"curies":[{"name":"wp","href":"https:\/\/api.w.org\/{rel}","templated":true}]}}