



{"id":470,"date":"2021-04-28T19:11:46","date_gmt":"2021-04-28T17:11:46","guid":{"rendered":"http:\/\/www.4h.se\/vastragotaland\/?page_id=470"},"modified":"2025-09-05T08:57:49","modified_gmt":"2025-09-05T06:57:49","slug":"styrelsen","status":"publish","type":"page","link":"https:\/\/www.4h.se\/vastragotaland\/styrelsen\/","title":{"rendered":"Styrelsen"},"content":{"rendered":"<div class=\"wpb-content-wrapper\"><p>[vc_row][vc_column][vc_column_text css=&#8221;&#8221;]<\/p>\n<h2 style=\"text-align: center;\">Styrelse 2025\/2026<\/h2>\n<p style=\"text-align: center;\">Kontakta enskild styrelseledamot: f\u00f6rnamn.efternamn@vg.4h.se<\/p>\n<p style=\"text-align: center;\">Sofia Jant\u00e9n \u2013 Ordf\u00f6rande<\/p>\n<p style=\"text-align: center;\">Beatrice Inghammar T\u00e4ng \u2013 Ledamot<\/p>\n<p style=\"text-align: center;\">Ozelot Oderf\u00e4lt \u2013 Ledamot<\/p>\n<p style=\"text-align: center;\">Nellie Karlsson&nbsp;\u2013 Ledamot<\/p>\n<p style=\"text-align: center;\">David Hansson \u2013 Ledamot<\/p>\n<p style=\"text-align: center;\">Johanna Eriksson Yucel &nbsp;\u2013 Suppleant<\/p>\n<p style=\"text-align: center;\">Oscar Karlsson&nbsp; \u2013 Suppleant<\/p>\n<p style=\"text-align: center;\">Emelia Bengtsson&nbsp; \u2013 Suppleant<\/p>\n<p style=\"text-align: center;\">Mahveen Ikram&nbsp; \u2013 Suppleant<\/p>\n<p style=\"text-align: center;\">Sofia Johansson \u2013 Suppleant<\/p>\n<p>&nbsp;[\/vc_column_text][vc_row_inner][vc_column_inner][\/vc_column_inner][\/vc_row_inner][\/vc_column][\/vc_row][vc_row][vc_column width=&#8221;1\/3&#8243;][\/vc_column][vc_column width=&#8221;1\/3&#8243;][\/vc_column][\/vc_row][vc_row][vc_column width=&#8221;1\/2&#8243;][\/vc_column][vc_column width=&#8221;1\/2&#8243;][\/vc_column][\/vc_row]<\/p>\n<\/div>","protected":false},"excerpt":{"rendered":"<p>[vc_row][vc_column][vc_column_text css=&#8221;&#8221;] Styrelse 2025\/2026 Kontakta enskild styrelseledamot: f\u00f6rnamn.efternamn@vg.4h.se Sofia Jant\u00e9n \u2013 Ordf\u00f6rande Beatrice Inghammar T\u00e4ng \u2013 Ledamot Ozelot Oderf\u00e4lt \u2013 Ledamot Nellie Karlsson&nbsp;\u2013 Ledamot David Hansson \u2013 Ledamot Johanna Eriksson Yucel &nbsp;\u2013 Suppleant Oscar Karlsson&nbsp; \u2013 Suppleant Emelia Bengtsson&nbsp; \u2013 Suppleant Mahveen Ikram&nbsp; \u2013 Suppleant Sofia Johansson \u2013 Suppleant &nbsp;[\/vc_column_text][vc_row_inner][vc_column_inner][\/vc_column_inner][\/vc_row_inner][\/vc_column][\/vc_row][vc_row][vc_column width=&#8221;1\/3&#8243;][\/vc_column][vc_column width=&#8221;1\/3&#8243;][\/vc_column][\/vc_row][vc_row][vc_column width=&#8221;1\/2&#8243;][\/vc_column][vc_column width=&#8221;1\/2&#8243;][\/vc_column][\/vc_row]<\/p>\n","protected":false},"author":24,"featured_media":0,"parent":0,"menu_order":0,"comment_status":"closed","ping_status":"closed","template":"","meta":{"footnotes":""},"class_list":["post-470","page","type-page","status-publish","hentry"],"yoast_head":"<!-- This site is optimized with the Yoast SEO plugin v27.4 - https:\/\/yoast.com\/product\/yoast-seo-wordpress\/ -->\n<title>Styrelsen - 4H i V\u00e4stra G\u00f6taland<\/title>\n<meta name=\"robots\" content=\"index, follow, max-snippet:-1, max-image-preview:large, max-video-preview:-1\" \/>\n<link rel=\"canonical\" href=\"https:\/\/www.4h.se\/vastragotaland\/styrelsen\/\" \/>\n<meta property=\"og:locale\" content=\"sv_SE\" \/>\n<meta property=\"og:type\" content=\"article\" \/>\n<meta property=\"og:title\" content=\"Styrelsen - 4H i V\u00e4stra G\u00f6taland\" \/>\n<meta property=\"og:description\" content=\"[vc_row][vc_column][vc_column_text css=&#8221;&#8221;] Styrelse 2025\/2026 Kontakta enskild styrelseledamot: f\u00f6rnamn.efternamn@vg.4h.se Sofia Jant\u00e9n \u2013 Ordf\u00f6rande Beatrice Inghammar T\u00e4ng \u2013 Ledamot Ozelot Oderf\u00e4lt \u2013 Ledamot Nellie Karlsson&nbsp;\u2013 Ledamot David Hansson \u2013 Ledamot Johanna Eriksson Yucel &nbsp;\u2013 Suppleant Oscar Karlsson&nbsp; \u2013 Suppleant Emelia Bengtsson&nbsp; \u2013 Suppleant Mahveen Ikram&nbsp; \u2013 Suppleant Sofia Johansson \u2013 Suppleant &nbsp;[\/vc_column_text][vc_row_inner][vc_column_inner][\/vc_column_inner][\/vc_row_inner][\/vc_column][\/vc_row][vc_row][vc_column width=&#8221;1\/3&#8243;][\/vc_column][vc_column width=&#8221;1\/3&#8243;][\/vc_column][\/vc_row][vc_row][vc_column width=&#8221;1\/2&#8243;][\/vc_column][vc_column width=&#8221;1\/2&#8243;][\/vc_column][\/vc_row]\" \/>\n<meta property=\"og:url\" content=\"https:\/\/www.4h.se\/vastragotaland\/styrelsen\/\" \/>\n<meta property=\"og:site_name\" content=\"4H i V\u00e4stra G\u00f6taland\" \/>\n<meta property=\"article:modified_time\" content=\"2025-09-05T06:57:49+00:00\" \/>\n<meta name=\"twitter:card\" content=\"summary_large_image\" \/>\n<meta name=\"twitter:label1\" content=\"Ber\u00e4knad l\u00e4stid\" \/>\n\t<meta name=\"twitter:data1\" content=\"1 minut\" \/>\n<script type=\"application\/ld+json\" class=\"yoast-schema-graph\">{\"@context\":\"https:\\\/\\\/schema.org\",\"@graph\":[{\"@type\":\"WebPage\",\"@id\":\"https:\\\/\\\/www.4h.se\\\/vastragotaland\\\/styrelsen\\\/\",\"url\":\"https:\\\/\\\/www.4h.se\\\/vastragotaland\\\/styrelsen\\\/\",\"name\":\"Styrelsen - 4H i V\u00e4stra G\u00f6taland\",\"isPartOf\":{\"@id\":\"https:\\\/\\\/www.4h.se\\\/vastragotaland\\\/#website\"},\"datePublished\":\"2021-04-28T17:11:46+00:00\",\"dateModified\":\"2025-09-05T06:57:49+00:00\",\"breadcrumb\":{\"@id\":\"https:\\\/\\\/www.4h.se\\\/vastragotaland\\\/styrelsen\\\/#breadcrumb\"},\"inLanguage\":\"sv-SE\",\"potentialAction\":[{\"@type\":\"ReadAction\",\"target\":[\"https:\\\/\\\/www.4h.se\\\/vastragotaland\\\/styrelsen\\\/\"]}]},{\"@type\":\"BreadcrumbList\",\"@id\":\"https:\\\/\\\/www.4h.se\\\/vastragotaland\\\/styrelsen\\\/#breadcrumb\",\"itemListElement\":[{\"@type\":\"ListItem\",\"position\":1,\"name\":\"Hem\",\"item\":\"https:\\\/\\\/www.4h.se\\\/vastragotaland\\\/\"},{\"@type\":\"ListItem\",\"position\":2,\"name\":\"Styrelsen\"}]},{\"@type\":\"WebSite\",\"@id\":\"https:\\\/\\\/www.4h.se\\\/vastragotaland\\\/#website\",\"url\":\"https:\\\/\\\/www.4h.se\\\/vastragotaland\\\/\",\"name\":\"4H i V\u00e4stra G\u00f6taland\",\"description\":\"\",\"potentialAction\":[{\"@type\":\"SearchAction\",\"target\":{\"@type\":\"EntryPoint\",\"urlTemplate\":\"https:\\\/\\\/www.4h.se\\\/vastragotaland\\\/?s={search_term_string}\"},\"query-input\":{\"@type\":\"PropertyValueSpecification\",\"valueRequired\":true,\"valueName\":\"search_term_string\"}}],\"inLanguage\":\"sv-SE\"}]}<\/script>\n<!-- \/ Yoast SEO plugin. -->","yoast_head_json":{"title":"Styrelsen - 4H i V\u00e4stra G\u00f6taland","robots":{"index":"index","follow":"follow","max-snippet":"max-snippet:-1","max-image-preview":"max-image-preview:large","max-video-preview":"max-video-preview:-1"},"canonical":"https:\/\/www.4h.se\/vastragotaland\/styrelsen\/","og_locale":"sv_SE","og_type":"article","og_title":"Styrelsen - 4H i V\u00e4stra G\u00f6taland","og_description":"[vc_row][vc_column][vc_column_text css=&#8221;&#8221;] Styrelse 2025\/2026 Kontakta enskild styrelseledamot: f\u00f6rnamn.efternamn@vg.4h.se Sofia Jant\u00e9n \u2013 Ordf\u00f6rande Beatrice Inghammar T\u00e4ng \u2013 Ledamot Ozelot Oderf\u00e4lt \u2013 Ledamot Nellie Karlsson&nbsp;\u2013 Ledamot David Hansson \u2013 Ledamot Johanna Eriksson Yucel &nbsp;\u2013 Suppleant Oscar Karlsson&nbsp; \u2013 Suppleant Emelia Bengtsson&nbsp; \u2013 Suppleant Mahveen Ikram&nbsp; \u2013 Suppleant Sofia Johansson \u2013 Suppleant &nbsp;[\/vc_column_text][vc_row_inner][vc_column_inner][\/vc_column_inner][\/vc_row_inner][\/vc_column][\/vc_row][vc_row][vc_column width=&#8221;1\/3&#8243;][\/vc_column][vc_column width=&#8221;1\/3&#8243;][\/vc_column][\/vc_row][vc_row][vc_column width=&#8221;1\/2&#8243;][\/vc_column][vc_column width=&#8221;1\/2&#8243;][\/vc_column][\/vc_row]","og_url":"https:\/\/www.4h.se\/vastragotaland\/styrelsen\/","og_site_name":"4H i V\u00e4stra G\u00f6taland","article_modified_time":"2025-09-05T06:57:49+00:00","twitter_card":"summary_large_image","twitter_misc":{"Ber\u00e4knad l\u00e4stid":"1 minut"},"schema":{"@context":"https:\/\/schema.org","@graph":[{"@type":"WebPage","@id":"https:\/\/www.4h.se\/vastragotaland\/styrelsen\/","url":"https:\/\/www.4h.se\/vastragotaland\/styrelsen\/","name":"Styrelsen - 4H i V\u00e4stra G\u00f6taland","isPartOf":{"@id":"https:\/\/www.4h.se\/vastragotaland\/#website"},"datePublished":"2021-04-28T17:11:46+00:00","dateModified":"2025-09-05T06:57:49+00:00","breadcrumb":{"@id":"https:\/\/www.4h.se\/vastragotaland\/styrelsen\/#breadcrumb"},"inLanguage":"sv-SE","potentialAction":[{"@type":"ReadAction","target":["https:\/\/www.4h.se\/vastragotaland\/styrelsen\/"]}]},{"@type":"BreadcrumbList","@id":"https:\/\/www.4h.se\/vastragotaland\/styrelsen\/#breadcrumb","itemListElement":[{"@type":"ListItem","position":1,"name":"Hem","item":"https:\/\/www.4h.se\/vastragotaland\/"},{"@type":"ListItem","position":2,"name":"Styrelsen"}]},{"@type":"WebSite","@id":"https:\/\/www.4h.se\/vastragotaland\/#website","url":"https:\/\/www.4h.se\/vastragotaland\/","name":"4H i V\u00e4stra G\u00f6taland","description":"","potentialAction":[{"@type":"SearchAction","target":{"@type":"EntryPoint","urlTemplate":"https:\/\/www.4h.se\/vastragotaland\/?s={search_term_string}"},"query-input":{"@type":"PropertyValueSpecification","valueRequired":true,"valueName":"search_term_string"}}],"inLanguage":"sv-SE"}]}},"_links":{"self":[{"href":"https:\/\/www.4h.se\/vastragotaland\/wp-json\/wp\/v2\/pages\/470","targetHints":{"allow":["GET"]}}],"collection":[{"href":"https:\/\/www.4h.se\/vastragotaland\/wp-json\/wp\/v2\/pages"}],"about":[{"href":"https:\/\/www.4h.se\/vastragotaland\/wp-json\/wp\/v2\/types\/page"}],"author":[{"embeddable":true,"href":"https:\/\/www.4h.se\/vastragotaland\/wp-json\/wp\/v2\/users\/24"}],"replies":[{"embeddable":true,"href":"https:\/\/www.4h.se\/vastragotaland\/wp-json\/wp\/v2\/comments?post=470"}],"version-history":[{"count":0,"href":"https:\/\/www.4h.se\/vastragotaland\/wp-json\/wp\/v2\/pages\/470\/revisions"}],"wp:attachment":[{"href":"https:\/\/www.4h.se\/vastragotaland\/wp-json\/wp\/v2\/media?parent=470"}],"curies":[{"name":"wp","href":"https:\/\/api.w.org\/{rel}","templated":true}]}}