



{"id":455,"date":"2021-04-28T18:35:18","date_gmt":"2021-04-28T16:35:18","guid":{"rendered":"http:\/\/www.4h.se\/vastragotaland\/?page_id=455"},"modified":"2024-05-06T17:32:27","modified_gmt":"2024-05-06T15:32:27","slug":"distriktslager","status":"publish","type":"page","link":"https:\/\/www.4h.se\/vastragotaland\/distriktslager\/","title":{"rendered":"Distriktsl\u00e4ger"},"content":{"rendered":"<div class=\"wpb-content-wrapper\"><p>[vc_row][vc_column width=&#8221;1\/2&#8243;][vc_column_text]<strong>DISTRIKTSL\u00c4GER 6-8 juni<\/strong><br \/>\nDistriktsl\u00e4ger \u00e4r ett l\u00e4ger f\u00f6r alla medlemmar i V\u00e4stra G\u00f6talands distrikt fr\u00e5n 12\u00e5r. L\u00e4gret \u00e4r 3 dagar med 2 \u00f6vernattningar. Vi kommer sova i t\u00e4lt. Under l\u00e4gret f\u00e5r man tr\u00e4ffa nya 4H kompisar fr\u00e5n andra 4H-klubbar, vi lagar mat tillsammans, spelar volleyboll, paddlar och h\u00e4nger tillsammans.<\/p>\n<p>Vi startar l\u00e4gret torsdagen den 6 juni klockan 17 och avslutar p\u00e5 l\u00f6rdagen den 8 juli kockan l 11.<\/p>\n<p>L\u00e4gret \u00e4r p\u00e5 Ekehagens forntidsby som ligger i Falk\u00f6pings kommun.<br \/>\nTa med en kompis och anm\u00e4l dig till \u00e5rets roligaste l\u00e4ger!<\/p>\n<p>Pris 100kr<br \/>\nMedlemskap i 4H \u00e4r ett krav.[\/vc_column_text][\/vc_column][vc_column width=&#8221;1\/2&#8243;][vc_gmaps link=&#8221;#E-8_JTNDaWZyYW1lJTIwc3JjJTNEJTIyaHR0cHMlM0ElMkYlMkZ3d3cuYW50cmliZS5jb20lMkZvcmclMkY0aCUyRjRoLWktdmFzdHJhLWdvdGFsYW5kJTJGZXZlbnQlMkZkaXN0cmlrdHNsYWdlci0xJTIyJTIwYWxsb3dmdWxsc2NyZWVuJTNFJTNDJTJGaWZyYW1lJTNF&#8221;][\/vc_column][\/vc_row][vc_row][vc_column width=&#8221;1\/2&#8243;][vc_column_text]<\/p>\n<h3>PACKLISTA:<\/h3>\n<ul>\n<li>Mugg<\/li>\n<li>Bestick<\/li>\n<li>Djup tallrik<\/li>\n<li>Flaska med kork\/lock<\/li>\n<li>Varma o\u00f6mma kl\u00e4der<\/li>\n<li>Regnkl\u00e4der<\/li>\n<li>St\u00f6vlar<\/li>\n<li>Ombyteskl\u00e4der<\/li>\n<li>O\u00f6mma kl\u00e4der<\/li>\n<li>Badkl\u00e4der<\/li>\n<li>Bekv\u00e4ma skor<\/li>\n<li>Handduk<\/li>\n<li>Hygienartiklar<\/li>\n<li>Solskyddsfaktor<\/li>\n<li>Myggmedel<\/li>\n<li>Ficklampa<\/li>\n<li>Sovs\u00e4ck<\/li>\n<li>Liggunderlag<\/li>\n<li>Stol\/sittunderlag<\/li>\n<li>Snacks, dricka, godis<\/li>\n<\/ul>\n<p>[\/vc_column_text][\/vc_column][vc_column width=&#8221;1\/2&#8243;][vc_column_text]<\/p>\n<h3>PROGRAM<\/h3>\n<p><strong>TORSDAG<\/strong><br \/>\n17.00 &#8211; Samling<br \/>\n18.00 Middag<br \/>\nT\u00e4ltresning<br \/>\nL\u00e4ra k\u00e4nna varandra<br \/>\nL\u00e4gereldsmys<\/p>\n<p><strong>FREDAG<\/strong><br \/>\n07:30Frukost<br \/>\n08:30 Kanot<br \/>\n10:30-11 Fika<br \/>\n11:00\u00a0 Rundvandring och lunch prepp<br \/>\n13:00 Lunch<br \/>\n14:00 Volleyboll<br \/>\n16:00 Fika<br \/>\n16:30 Pilb\u00e5ge<br \/>\n18:00 Middag<br \/>\nL\u00e4gereldsmys<\/p>\n<p><strong>L\u00d6RDAG<\/strong><br \/>\n07:30 Frukost<br \/>\nPacka ihop<br \/>\nVolleyboll och kanot<br \/>\n10:30 Fika<br \/>\n11.00 Avslutning[\/vc_column_text][\/vc_column][\/vc_row][vc_row][vc_column width=&#8221;1\/3&#8243;][vc_column_text]<strong>Att resa till distriktsl\u00e4gret<\/strong><\/p>\n<p>Vi hj\u00e4lper g\u00e4rna till att samordna sam\u00e5kning f\u00f6r er som reser fr\u00e5n samma ort, maila vastragotaland@4h.se s\u00e5 hj\u00e4lper vi till.[\/vc_column_text][vc_separator][vc_column_text]Du hittar Ekehagens Forntidsby strax norr om samh\u00e4llet \u00c5sarp, n\u00e4stan mitt emellan Falk\u00f6ping och Ulricehamn. Det \u00e4r v\u00e4l skyltat fr\u00e5n riksv\u00e4g 46.<\/p>\n<p>Hitta hit med bil<br \/>\nS\u00f6derifr\u00e5n: Cirka 3 mil fr\u00e5n Ulricehamn. Sv\u00e4ng h\u00f6ger vid skylt, precis n\u00e4r du k\u00f6rt igenom \u00c5sarp, direkt efter bron \u00f6ver \u00c4tran.<br \/>\nNorrifr\u00e5n: Cirka 2 mil fr\u00e5n Falk\u00f6ping. Passera en l\u00e5ng 50 kilometers-str\u00e4cka genom samh\u00e4llena Slutarp-Kinnarp, k\u00f6r ytterligare n\u00e5gra kilometer. Sv\u00e4ng v\u00e4nster vid skylt, strax innan du passerar \u00e5n \u00c4tran och k\u00f6r in i samh\u00e4llet \u00c5sarp.<\/p>\n<p>Hitta hit med kollektivttrafik<br \/>\nRes med t\u00e5g till Falk\u00f6pings central och forts\u00e4tt med buss mot Ulricehamn (buss nr 209 eller 317). Hoppa av vid h\u00e5llplats Alvareds bro eller h\u00e5llplats Ekehagens Forntidsby, beroende p\u00e5 vilken v\u00e4g bussturen v\u00e4ljer. Se tidtabell p\u00e5 vasttrafik.se<\/p>\n<p>Adress<br \/>\nAlvared, Ekehagens Forntidsby<br \/>\n521 71 \u00c5sarp<\/p>\n<p>GPS-koordinater<br \/>\nN 58\u00ba 01. 937 E 013\u00ba 33. 392[\/vc_column_text][\/vc_column][vc_column width=&#8221;1\/3&#8243;][vc_column_text]<strong>Varf\u00f6r volleyboll?<\/strong><\/p>\n<p>Jo, 4H var faktiskt den organisation som tog volleybollen till Sverige. D\u00e4rf\u00f6r har vi som tradition att spela volleyboll p\u00e5 v\u00e5ra l\u00e4ger.<\/p>\n<p><a href=\"https:\/\/www.4h.se\/vastragotaland\/wp-content\/uploads\/sites\/125\/2021\/04\/Volleyboll.pdf\">Volleyboll<\/a>[\/vc_column_text][vc_separator][\/vc_column][vc_column width=&#8221;1\/3&#8243;][vc_separator][vc_row_inner][vc_column_inner][\/vc_column_inner][\/vc_row_inner][\/vc_column][\/vc_row]<\/p>\n<\/div>","protected":false},"excerpt":{"rendered":"<p>[vc_row][vc_column width=&#8221;1\/2&#8243;][vc_column_text]DISTRIKTSL\u00c4GER 6-8 juni Distriktsl\u00e4ger \u00e4r ett l\u00e4ger f\u00f6r alla medlemmar i V\u00e4stra G\u00f6talands distrikt fr\u00e5n 12\u00e5r. L\u00e4gret \u00e4r 3 dagar med 2 \u00f6vernattningar. Vi kommer sova i t\u00e4lt. Under l\u00e4gret f\u00e5r man tr\u00e4ffa nya 4H kompisar fr\u00e5n andra 4H-klubbar, vi lagar mat tillsammans, spelar volleyboll, paddlar och h\u00e4nger tillsammans. Vi startar l\u00e4gret torsdagen den&nbsp; <a href=\"https:\/\/www.4h.se\/vastragotaland\/distriktslager\/\">&hellip; Read more <i class=\"glyphicon glyphicon-arrow-right\"><\/i><\/a><\/p>\n","protected":false},"author":24,"featured_media":0,"parent":0,"menu_order":0,"comment_status":"closed","ping_status":"closed","template":"","meta":{"_acf_changed":false,"footnotes":""},"class_list":["post-455","page","type-page","status-publish","hentry"],"acf":[],"yoast_head":"<!-- This site is optimized with the Yoast SEO plugin v27.5 - https:\/\/yoast.com\/product\/yoast-seo-wordpress\/ -->\n<title>Distriktsl\u00e4ger - 4H i V\u00e4stra G\u00f6taland<\/title>\n<meta name=\"robots\" content=\"index, follow, max-snippet:-1, max-image-preview:large, max-video-preview:-1\" \/>\n<link rel=\"canonical\" href=\"https:\/\/www.4h.se\/vastragotaland\/distriktslager\/\" \/>\n<meta property=\"og:locale\" content=\"sv_SE\" \/>\n<meta property=\"og:type\" content=\"article\" \/>\n<meta property=\"og:title\" content=\"Distriktsl\u00e4ger - 4H i V\u00e4stra G\u00f6taland\" \/>\n<meta property=\"og:description\" content=\"[vc_row][vc_column width=&#8221;1\/2&#8243;][vc_column_text]DISTRIKTSL\u00c4GER 6-8 juni Distriktsl\u00e4ger \u00e4r ett l\u00e4ger f\u00f6r alla medlemmar i V\u00e4stra G\u00f6talands distrikt fr\u00e5n 12\u00e5r. L\u00e4gret \u00e4r 3 dagar med 2 \u00f6vernattningar. Vi kommer sova i t\u00e4lt. Under l\u00e4gret f\u00e5r man tr\u00e4ffa nya 4H kompisar fr\u00e5n andra 4H-klubbar, vi lagar mat tillsammans, spelar volleyboll, paddlar och h\u00e4nger tillsammans. Vi startar l\u00e4gret torsdagen den&nbsp; &hellip; Read more\" \/>\n<meta property=\"og:url\" content=\"https:\/\/www.4h.se\/vastragotaland\/distriktslager\/\" \/>\n<meta property=\"og:site_name\" content=\"4H i V\u00e4stra G\u00f6taland\" \/>\n<meta property=\"article:modified_time\" content=\"2024-05-06T15:32:27+00:00\" \/>\n<meta name=\"twitter:card\" content=\"summary_large_image\" \/>\n<meta name=\"twitter:label1\" content=\"Ber\u00e4knad l\u00e4stid\" \/>\n\t<meta name=\"twitter:data1\" content=\"3 minuter\" \/>\n<script type=\"application\/ld+json\" class=\"yoast-schema-graph\">{\"@context\":\"https:\\\/\\\/schema.org\",\"@graph\":[{\"@type\":\"WebPage\",\"@id\":\"https:\\\/\\\/www.4h.se\\\/vastragotaland\\\/distriktslager\\\/\",\"url\":\"https:\\\/\\\/www.4h.se\\\/vastragotaland\\\/distriktslager\\\/\",\"name\":\"Distriktsl\u00e4ger - 4H i V\u00e4stra G\u00f6taland\",\"isPartOf\":{\"@id\":\"https:\\\/\\\/www.4h.se\\\/vastragotaland\\\/#website\"},\"datePublished\":\"2021-04-28T16:35:18+00:00\",\"dateModified\":\"2024-05-06T15:32:27+00:00\",\"breadcrumb\":{\"@id\":\"https:\\\/\\\/www.4h.se\\\/vastragotaland\\\/distriktslager\\\/#breadcrumb\"},\"inLanguage\":\"sv-SE\",\"potentialAction\":[{\"@type\":\"ReadAction\",\"target\":[\"https:\\\/\\\/www.4h.se\\\/vastragotaland\\\/distriktslager\\\/\"]}]},{\"@type\":\"BreadcrumbList\",\"@id\":\"https:\\\/\\\/www.4h.se\\\/vastragotaland\\\/distriktslager\\\/#breadcrumb\",\"itemListElement\":[{\"@type\":\"ListItem\",\"position\":1,\"name\":\"Hem\",\"item\":\"https:\\\/\\\/www.4h.se\\\/vastragotaland\\\/\"},{\"@type\":\"ListItem\",\"position\":2,\"name\":\"Distriktsl\u00e4ger\"}]},{\"@type\":\"WebSite\",\"@id\":\"https:\\\/\\\/www.4h.se\\\/vastragotaland\\\/#website\",\"url\":\"https:\\\/\\\/www.4h.se\\\/vastragotaland\\\/\",\"name\":\"4H i V\u00e4stra G\u00f6taland\",\"description\":\"\",\"potentialAction\":[{\"@type\":\"SearchAction\",\"target\":{\"@type\":\"EntryPoint\",\"urlTemplate\":\"https:\\\/\\\/www.4h.se\\\/vastragotaland\\\/?s={search_term_string}\"},\"query-input\":{\"@type\":\"PropertyValueSpecification\",\"valueRequired\":true,\"valueName\":\"search_term_string\"}}],\"inLanguage\":\"sv-SE\"}]}<\/script>\n<!-- \/ Yoast SEO plugin. -->","yoast_head_json":{"title":"Distriktsl\u00e4ger - 4H i V\u00e4stra G\u00f6taland","robots":{"index":"index","follow":"follow","max-snippet":"max-snippet:-1","max-image-preview":"max-image-preview:large","max-video-preview":"max-video-preview:-1"},"canonical":"https:\/\/www.4h.se\/vastragotaland\/distriktslager\/","og_locale":"sv_SE","og_type":"article","og_title":"Distriktsl\u00e4ger - 4H i V\u00e4stra G\u00f6taland","og_description":"[vc_row][vc_column width=&#8221;1\/2&#8243;][vc_column_text]DISTRIKTSL\u00c4GER 6-8 juni Distriktsl\u00e4ger \u00e4r ett l\u00e4ger f\u00f6r alla medlemmar i V\u00e4stra G\u00f6talands distrikt fr\u00e5n 12\u00e5r. L\u00e4gret \u00e4r 3 dagar med 2 \u00f6vernattningar. Vi kommer sova i t\u00e4lt. Under l\u00e4gret f\u00e5r man tr\u00e4ffa nya 4H kompisar fr\u00e5n andra 4H-klubbar, vi lagar mat tillsammans, spelar volleyboll, paddlar och h\u00e4nger tillsammans. Vi startar l\u00e4gret torsdagen den&nbsp; &hellip; Read more","og_url":"https:\/\/www.4h.se\/vastragotaland\/distriktslager\/","og_site_name":"4H i V\u00e4stra G\u00f6taland","article_modified_time":"2024-05-06T15:32:27+00:00","twitter_card":"summary_large_image","twitter_misc":{"Ber\u00e4knad l\u00e4stid":"3 minuter"},"schema":{"@context":"https:\/\/schema.org","@graph":[{"@type":"WebPage","@id":"https:\/\/www.4h.se\/vastragotaland\/distriktslager\/","url":"https:\/\/www.4h.se\/vastragotaland\/distriktslager\/","name":"Distriktsl\u00e4ger - 4H i V\u00e4stra G\u00f6taland","isPartOf":{"@id":"https:\/\/www.4h.se\/vastragotaland\/#website"},"datePublished":"2021-04-28T16:35:18+00:00","dateModified":"2024-05-06T15:32:27+00:00","breadcrumb":{"@id":"https:\/\/www.4h.se\/vastragotaland\/distriktslager\/#breadcrumb"},"inLanguage":"sv-SE","potentialAction":[{"@type":"ReadAction","target":["https:\/\/www.4h.se\/vastragotaland\/distriktslager\/"]}]},{"@type":"BreadcrumbList","@id":"https:\/\/www.4h.se\/vastragotaland\/distriktslager\/#breadcrumb","itemListElement":[{"@type":"ListItem","position":1,"name":"Hem","item":"https:\/\/www.4h.se\/vastragotaland\/"},{"@type":"ListItem","position":2,"name":"Distriktsl\u00e4ger"}]},{"@type":"WebSite","@id":"https:\/\/www.4h.se\/vastragotaland\/#website","url":"https:\/\/www.4h.se\/vastragotaland\/","name":"4H i V\u00e4stra G\u00f6taland","description":"","potentialAction":[{"@type":"SearchAction","target":{"@type":"EntryPoint","urlTemplate":"https:\/\/www.4h.se\/vastragotaland\/?s={search_term_string}"},"query-input":{"@type":"PropertyValueSpecification","valueRequired":true,"valueName":"search_term_string"}}],"inLanguage":"sv-SE"}]}},"_links":{"self":[{"href":"https:\/\/www.4h.se\/vastragotaland\/wp-json\/wp\/v2\/pages\/455","targetHints":{"allow":["GET"]}}],"collection":[{"href":"https:\/\/www.4h.se\/vastragotaland\/wp-json\/wp\/v2\/pages"}],"about":[{"href":"https:\/\/www.4h.se\/vastragotaland\/wp-json\/wp\/v2\/types\/page"}],"author":[{"embeddable":true,"href":"https:\/\/www.4h.se\/vastragotaland\/wp-json\/wp\/v2\/users\/24"}],"replies":[{"embeddable":true,"href":"https:\/\/www.4h.se\/vastragotaland\/wp-json\/wp\/v2\/comments?post=455"}],"version-history":[{"count":0,"href":"https:\/\/www.4h.se\/vastragotaland\/wp-json\/wp\/v2\/pages\/455\/revisions"}],"wp:attachment":[{"href":"https:\/\/www.4h.se\/vastragotaland\/wp-json\/wp\/v2\/media?parent=455"}],"curies":[{"name":"wp","href":"https:\/\/api.w.org\/{rel}","templated":true}]}}