



{"id":444,"date":"2021-04-20T17:33:13","date_gmt":"2021-04-20T15:33:13","guid":{"rendered":"http:\/\/www.4h.se\/vastragotaland\/?page_id=444"},"modified":"2023-02-22T15:39:28","modified_gmt":"2023-02-22T14:39:28","slug":"skara-4h-klubb","status":"publish","type":"page","link":"https:\/\/www.4h.se\/vastragotaland\/skara-4h-klubb\/","title":{"rendered":"Skara 4H-klubb"},"content":{"rendered":"<div class=\"wpb-content-wrapper\"><p>[vc_row][vc_column][vc_column_text]<\/p>\n<h3>Skara 4H-klubb<\/h3>\n<p>I Skara har dagl\u00e4ger p\u00e5 Naturbruksskolan Uddetorp och har som m\u00e5l att h\u00e5lla regelbundna klubbtr\u00e4ffar. <a href=\"https:\/\/www.antribe.com\/org\/4h\/4h-i-vastra-gotaland\/event\">H\u00e5llutkik i Antribe f\u00f6r att se vad som \u00e4r p\u00e5 g\u00e5ng.\u00a0<\/a>[\/vc_column_text][\/vc_column][\/vc_row]<\/p>\n<\/div>","protected":false},"excerpt":{"rendered":"<p>[vc_row][vc_column][vc_column_text] Skara 4H-klubb I Skara har dagl\u00e4ger p\u00e5 Naturbruksskolan Uddetorp och har som m\u00e5l att h\u00e5lla regelbundna klubbtr\u00e4ffar. H\u00e5llutkik i Antribe f\u00f6r att se vad som \u00e4r p\u00e5 g\u00e5ng.\u00a0[\/vc_column_text][\/vc_column][\/vc_row]<\/p>\n","protected":false},"author":24,"featured_media":0,"parent":0,"menu_order":0,"comment_status":"closed","ping_status":"closed","template":"","meta":{"_acf_changed":false,"footnotes":""},"class_list":["post-444","page","type-page","status-publish","hentry"],"acf":[],"yoast_head":"<!-- This site is optimized with the Yoast SEO plugin v27.4 - https:\/\/yoast.com\/product\/yoast-seo-wordpress\/ -->\n<title>Skara 4H-klubb - 4H i V\u00e4stra G\u00f6taland<\/title>\n<meta name=\"robots\" content=\"index, follow, max-snippet:-1, max-image-preview:large, max-video-preview:-1\" \/>\n<link rel=\"canonical\" href=\"https:\/\/www.4h.se\/vastragotaland\/skara-4h-klubb\/\" \/>\n<meta property=\"og:locale\" content=\"sv_SE\" \/>\n<meta property=\"og:type\" content=\"article\" \/>\n<meta property=\"og:title\" content=\"Skara 4H-klubb - 4H i V\u00e4stra G\u00f6taland\" \/>\n<meta property=\"og:description\" content=\"[vc_row][vc_column][vc_column_text] Skara 4H-klubb I Skara har dagl\u00e4ger p\u00e5 Naturbruksskolan Uddetorp och har som m\u00e5l att h\u00e5lla regelbundna klubbtr\u00e4ffar. H\u00e5llutkik i Antribe f\u00f6r att se vad som \u00e4r p\u00e5 g\u00e5ng.\u00a0[\/vc_column_text][\/vc_column][\/vc_row]\" \/>\n<meta property=\"og:url\" content=\"https:\/\/www.4h.se\/vastragotaland\/skara-4h-klubb\/\" \/>\n<meta property=\"og:site_name\" content=\"4H i V\u00e4stra G\u00f6taland\" \/>\n<meta property=\"article:modified_time\" content=\"2023-02-22T14:39:28+00:00\" \/>\n<meta name=\"twitter:card\" content=\"summary_large_image\" \/>\n<script type=\"application\/ld+json\" class=\"yoast-schema-graph\">{\"@context\":\"https:\\\/\\\/schema.org\",\"@graph\":[{\"@type\":\"WebPage\",\"@id\":\"https:\\\/\\\/www.4h.se\\\/vastragotaland\\\/skara-4h-klubb\\\/\",\"url\":\"https:\\\/\\\/www.4h.se\\\/vastragotaland\\\/skara-4h-klubb\\\/\",\"name\":\"Skara 4H-klubb - 4H i V\u00e4stra G\u00f6taland\",\"isPartOf\":{\"@id\":\"https:\\\/\\\/www.4h.se\\\/vastragotaland\\\/#website\"},\"datePublished\":\"2021-04-20T15:33:13+00:00\",\"dateModified\":\"2023-02-22T14:39:28+00:00\",\"breadcrumb\":{\"@id\":\"https:\\\/\\\/www.4h.se\\\/vastragotaland\\\/skara-4h-klubb\\\/#breadcrumb\"},\"inLanguage\":\"sv-SE\",\"potentialAction\":[{\"@type\":\"ReadAction\",\"target\":[\"https:\\\/\\\/www.4h.se\\\/vastragotaland\\\/skara-4h-klubb\\\/\"]}]},{\"@type\":\"BreadcrumbList\",\"@id\":\"https:\\\/\\\/www.4h.se\\\/vastragotaland\\\/skara-4h-klubb\\\/#breadcrumb\",\"itemListElement\":[{\"@type\":\"ListItem\",\"position\":1,\"name\":\"Hem\",\"item\":\"https:\\\/\\\/www.4h.se\\\/vastragotaland\\\/\"},{\"@type\":\"ListItem\",\"position\":2,\"name\":\"Skara 4H-klubb\"}]},{\"@type\":\"WebSite\",\"@id\":\"https:\\\/\\\/www.4h.se\\\/vastragotaland\\\/#website\",\"url\":\"https:\\\/\\\/www.4h.se\\\/vastragotaland\\\/\",\"name\":\"4H i V\u00e4stra G\u00f6taland\",\"description\":\"\",\"potentialAction\":[{\"@type\":\"SearchAction\",\"target\":{\"@type\":\"EntryPoint\",\"urlTemplate\":\"https:\\\/\\\/www.4h.se\\\/vastragotaland\\\/?s={search_term_string}\"},\"query-input\":{\"@type\":\"PropertyValueSpecification\",\"valueRequired\":true,\"valueName\":\"search_term_string\"}}],\"inLanguage\":\"sv-SE\"}]}<\/script>\n<!-- \/ Yoast SEO plugin. -->","yoast_head_json":{"title":"Skara 4H-klubb - 4H i V\u00e4stra G\u00f6taland","robots":{"index":"index","follow":"follow","max-snippet":"max-snippet:-1","max-image-preview":"max-image-preview:large","max-video-preview":"max-video-preview:-1"},"canonical":"https:\/\/www.4h.se\/vastragotaland\/skara-4h-klubb\/","og_locale":"sv_SE","og_type":"article","og_title":"Skara 4H-klubb - 4H i V\u00e4stra G\u00f6taland","og_description":"[vc_row][vc_column][vc_column_text] Skara 4H-klubb I Skara har dagl\u00e4ger p\u00e5 Naturbruksskolan Uddetorp och har som m\u00e5l att h\u00e5lla regelbundna klubbtr\u00e4ffar. H\u00e5llutkik i Antribe f\u00f6r att se vad som \u00e4r p\u00e5 g\u00e5ng.\u00a0[\/vc_column_text][\/vc_column][\/vc_row]","og_url":"https:\/\/www.4h.se\/vastragotaland\/skara-4h-klubb\/","og_site_name":"4H i V\u00e4stra G\u00f6taland","article_modified_time":"2023-02-22T14:39:28+00:00","twitter_card":"summary_large_image","schema":{"@context":"https:\/\/schema.org","@graph":[{"@type":"WebPage","@id":"https:\/\/www.4h.se\/vastragotaland\/skara-4h-klubb\/","url":"https:\/\/www.4h.se\/vastragotaland\/skara-4h-klubb\/","name":"Skara 4H-klubb - 4H i V\u00e4stra G\u00f6taland","isPartOf":{"@id":"https:\/\/www.4h.se\/vastragotaland\/#website"},"datePublished":"2021-04-20T15:33:13+00:00","dateModified":"2023-02-22T14:39:28+00:00","breadcrumb":{"@id":"https:\/\/www.4h.se\/vastragotaland\/skara-4h-klubb\/#breadcrumb"},"inLanguage":"sv-SE","potentialAction":[{"@type":"ReadAction","target":["https:\/\/www.4h.se\/vastragotaland\/skara-4h-klubb\/"]}]},{"@type":"BreadcrumbList","@id":"https:\/\/www.4h.se\/vastragotaland\/skara-4h-klubb\/#breadcrumb","itemListElement":[{"@type":"ListItem","position":1,"name":"Hem","item":"https:\/\/www.4h.se\/vastragotaland\/"},{"@type":"ListItem","position":2,"name":"Skara 4H-klubb"}]},{"@type":"WebSite","@id":"https:\/\/www.4h.se\/vastragotaland\/#website","url":"https:\/\/www.4h.se\/vastragotaland\/","name":"4H i V\u00e4stra G\u00f6taland","description":"","potentialAction":[{"@type":"SearchAction","target":{"@type":"EntryPoint","urlTemplate":"https:\/\/www.4h.se\/vastragotaland\/?s={search_term_string}"},"query-input":{"@type":"PropertyValueSpecification","valueRequired":true,"valueName":"search_term_string"}}],"inLanguage":"sv-SE"}]}},"_links":{"self":[{"href":"https:\/\/www.4h.se\/vastragotaland\/wp-json\/wp\/v2\/pages\/444","targetHints":{"allow":["GET"]}}],"collection":[{"href":"https:\/\/www.4h.se\/vastragotaland\/wp-json\/wp\/v2\/pages"}],"about":[{"href":"https:\/\/www.4h.se\/vastragotaland\/wp-json\/wp\/v2\/types\/page"}],"author":[{"embeddable":true,"href":"https:\/\/www.4h.se\/vastragotaland\/wp-json\/wp\/v2\/users\/24"}],"replies":[{"embeddable":true,"href":"https:\/\/www.4h.se\/vastragotaland\/wp-json\/wp\/v2\/comments?post=444"}],"version-history":[{"count":0,"href":"https:\/\/www.4h.se\/vastragotaland\/wp-json\/wp\/v2\/pages\/444\/revisions"}],"wp:attachment":[{"href":"https:\/\/www.4h.se\/vastragotaland\/wp-json\/wp\/v2\/media?parent=444"}],"curies":[{"name":"wp","href":"https:\/\/api.w.org\/{rel}","templated":true}]}}