



{"id":429,"date":"2021-04-20T17:27:00","date_gmt":"2021-04-20T15:27:00","guid":{"rendered":"http:\/\/www.4h.se\/vastragotaland\/?page_id=429"},"modified":"2025-08-28T10:36:37","modified_gmt":"2025-08-28T08:36:37","slug":"bli-medlem-2","status":"publish","type":"page","link":"https:\/\/www.4h.se\/vastragotaland\/bli-medlem-2\/","title":{"rendered":"Bli medlem"},"content":{"rendered":"<div class=\"wpb-content-wrapper\"><p>[vc_row][vc_column width=&#8221;1\/2&#8243;][vc_column_text]<\/p>\n<h3><a href=\"https:\/\/www.antribe.com\/org\/4h\/4h-i-vastra-gotaland\">Bli medlem i\u00a0V\u00e4stra G\u00f6talands distrikt av 4H<\/a><\/h3>\n<p>Det \u00e4r enkelt:<\/p>\n<ul>\n<li>Leta upp din lokala klubb<\/li>\n<li>Fyll i formul\u00e4ret eller logga in<\/li>\n<li>L\u00e4s villkoren<\/li>\n<li>Registrerar dig genom att klicka p\u00e5 \u201cSkapa konto &amp; faktura\u201d<\/li>\n<li>Betala medlemsavgiften<\/li>\n<\/ul>\n<p><a href=\"https:\/\/www.antribe.com\/org\/4h\/4h-i-vastra-gotaland\">Antribe\u00a0\u00e4r Sveriges 4H:s medlemssytem.<\/a> Med det s\u00e5 f\u00e5r du full koll p\u00e5 dina personuppgifter. Kolla in 4H:s\u00a0<a title=\"Sveriges 4Hs medlemsvillkor\" href=\"https:\/\/membersky.com\/org\/4h\/terms\">medlemsvillkor<\/a>.[\/vc_column_text][\/vc_column][vc_column width=&#8221;1\/2&#8243;][vc_column_text css=&#8221;&#8221;]<\/p>\n<div id=\"embedded-root\"><\/div>\n<p><script>\n  (function () {\n    window.ANTRIBE_EMBED = {\n      organizationSlug: '4h',\n    };\n  })();\n<\/script><br \/>\n<script src=\"https:\/\/antribe.com\/embed\/app.js\"><\/script><br \/>\n                    [\/vc_column_text][\/vc_column][\/vc_row][vc_row][vc_column][\/vc_column][\/vc_row]<\/p>\n<\/div>","protected":false},"excerpt":{"rendered":"<p>[vc_row][vc_column width=&#8221;1\/2&#8243;][vc_column_text] Bli medlem i\u00a0V\u00e4stra G\u00f6talands distrikt av 4H Det \u00e4r enkelt: Leta upp din lokala klubb Fyll i formul\u00e4ret eller logga in L\u00e4s villkoren Registrerar dig genom att klicka p\u00e5 \u201cSkapa konto &amp; faktura\u201d Betala medlemsavgiften Antribe\u00a0\u00e4r Sveriges 4H:s medlemssytem. Med det s\u00e5 f\u00e5r du full koll p\u00e5 dina personuppgifter. Kolla in 4H:s\u00a0medlemsvillkor.[\/vc_column_text][\/vc_column][vc_column width=&#8221;1\/2&#8243;][vc_column_text&nbsp; <a href=\"https:\/\/www.4h.se\/vastragotaland\/bli-medlem-2\/\">&hellip; Read more <i class=\"glyphicon glyphicon-arrow-right\"><\/i><\/a><\/p>\n","protected":false},"author":24,"featured_media":0,"parent":0,"menu_order":0,"comment_status":"closed","ping_status":"closed","template":"","meta":{"footnotes":""},"class_list":["post-429","page","type-page","status-publish","hentry"],"yoast_head":"<!-- This site is optimized with the Yoast SEO plugin v27.4 - https:\/\/yoast.com\/product\/yoast-seo-wordpress\/ -->\n<title>Bli medlem - 4H i V\u00e4stra G\u00f6taland<\/title>\n<meta name=\"robots\" content=\"index, follow, max-snippet:-1, max-image-preview:large, max-video-preview:-1\" \/>\n<link rel=\"canonical\" href=\"https:\/\/www.4h.se\/vastragotaland\/bli-medlem-2\/\" \/>\n<meta property=\"og:locale\" content=\"sv_SE\" \/>\n<meta property=\"og:type\" content=\"article\" \/>\n<meta property=\"og:title\" content=\"Bli medlem - 4H i V\u00e4stra G\u00f6taland\" \/>\n<meta property=\"og:description\" content=\"[vc_row][vc_column width=&#8221;1\/2&#8243;][vc_column_text] Bli medlem i\u00a0V\u00e4stra G\u00f6talands distrikt av 4H Det \u00e4r enkelt: Leta upp din lokala klubb Fyll i formul\u00e4ret eller logga in L\u00e4s villkoren Registrerar dig genom att klicka p\u00e5 \u201cSkapa konto &amp; faktura\u201d Betala medlemsavgiften Antribe\u00a0\u00e4r Sveriges 4H:s medlemssytem. Med det s\u00e5 f\u00e5r du full koll p\u00e5 dina personuppgifter. Kolla in 4H:s\u00a0medlemsvillkor.[\/vc_column_text][\/vc_column][vc_column width=&#8221;1\/2&#8243;][vc_column_text&nbsp; &hellip; Read more\" \/>\n<meta property=\"og:url\" content=\"https:\/\/www.4h.se\/vastragotaland\/bli-medlem-2\/\" \/>\n<meta property=\"og:site_name\" content=\"4H i V\u00e4stra G\u00f6taland\" \/>\n<meta property=\"article:modified_time\" content=\"2025-08-28T08:36:37+00:00\" \/>\n<meta name=\"twitter:card\" content=\"summary_large_image\" \/>\n<script type=\"application\/ld+json\" class=\"yoast-schema-graph\">{\"@context\":\"https:\\\/\\\/schema.org\",\"@graph\":[{\"@type\":\"WebPage\",\"@id\":\"https:\\\/\\\/www.4h.se\\\/vastragotaland\\\/bli-medlem-2\\\/\",\"url\":\"https:\\\/\\\/www.4h.se\\\/vastragotaland\\\/bli-medlem-2\\\/\",\"name\":\"Bli medlem - 4H i V\u00e4stra G\u00f6taland\",\"isPartOf\":{\"@id\":\"https:\\\/\\\/www.4h.se\\\/vastragotaland\\\/#website\"},\"datePublished\":\"2021-04-20T15:27:00+00:00\",\"dateModified\":\"2025-08-28T08:36:37+00:00\",\"breadcrumb\":{\"@id\":\"https:\\\/\\\/www.4h.se\\\/vastragotaland\\\/bli-medlem-2\\\/#breadcrumb\"},\"inLanguage\":\"sv-SE\",\"potentialAction\":[{\"@type\":\"ReadAction\",\"target\":[\"https:\\\/\\\/www.4h.se\\\/vastragotaland\\\/bli-medlem-2\\\/\"]}]},{\"@type\":\"BreadcrumbList\",\"@id\":\"https:\\\/\\\/www.4h.se\\\/vastragotaland\\\/bli-medlem-2\\\/#breadcrumb\",\"itemListElement\":[{\"@type\":\"ListItem\",\"position\":1,\"name\":\"Hem\",\"item\":\"https:\\\/\\\/www.4h.se\\\/vastragotaland\\\/\"},{\"@type\":\"ListItem\",\"position\":2,\"name\":\"Bli medlem\"}]},{\"@type\":\"WebSite\",\"@id\":\"https:\\\/\\\/www.4h.se\\\/vastragotaland\\\/#website\",\"url\":\"https:\\\/\\\/www.4h.se\\\/vastragotaland\\\/\",\"name\":\"4H i V\u00e4stra G\u00f6taland\",\"description\":\"\",\"potentialAction\":[{\"@type\":\"SearchAction\",\"target\":{\"@type\":\"EntryPoint\",\"urlTemplate\":\"https:\\\/\\\/www.4h.se\\\/vastragotaland\\\/?s={search_term_string}\"},\"query-input\":{\"@type\":\"PropertyValueSpecification\",\"valueRequired\":true,\"valueName\":\"search_term_string\"}}],\"inLanguage\":\"sv-SE\"}]}<\/script>\n<!-- \/ Yoast SEO plugin. -->","yoast_head_json":{"title":"Bli medlem - 4H i V\u00e4stra G\u00f6taland","robots":{"index":"index","follow":"follow","max-snippet":"max-snippet:-1","max-image-preview":"max-image-preview:large","max-video-preview":"max-video-preview:-1"},"canonical":"https:\/\/www.4h.se\/vastragotaland\/bli-medlem-2\/","og_locale":"sv_SE","og_type":"article","og_title":"Bli medlem - 4H i V\u00e4stra G\u00f6taland","og_description":"[vc_row][vc_column width=&#8221;1\/2&#8243;][vc_column_text] Bli medlem i\u00a0V\u00e4stra G\u00f6talands distrikt av 4H Det \u00e4r enkelt: Leta upp din lokala klubb Fyll i formul\u00e4ret eller logga in L\u00e4s villkoren Registrerar dig genom att klicka p\u00e5 \u201cSkapa konto &amp; faktura\u201d Betala medlemsavgiften Antribe\u00a0\u00e4r Sveriges 4H:s medlemssytem. Med det s\u00e5 f\u00e5r du full koll p\u00e5 dina personuppgifter. Kolla in 4H:s\u00a0medlemsvillkor.[\/vc_column_text][\/vc_column][vc_column width=&#8221;1\/2&#8243;][vc_column_text&nbsp; &hellip; Read more","og_url":"https:\/\/www.4h.se\/vastragotaland\/bli-medlem-2\/","og_site_name":"4H i V\u00e4stra G\u00f6taland","article_modified_time":"2025-08-28T08:36:37+00:00","twitter_card":"summary_large_image","schema":{"@context":"https:\/\/schema.org","@graph":[{"@type":"WebPage","@id":"https:\/\/www.4h.se\/vastragotaland\/bli-medlem-2\/","url":"https:\/\/www.4h.se\/vastragotaland\/bli-medlem-2\/","name":"Bli medlem - 4H i V\u00e4stra G\u00f6taland","isPartOf":{"@id":"https:\/\/www.4h.se\/vastragotaland\/#website"},"datePublished":"2021-04-20T15:27:00+00:00","dateModified":"2025-08-28T08:36:37+00:00","breadcrumb":{"@id":"https:\/\/www.4h.se\/vastragotaland\/bli-medlem-2\/#breadcrumb"},"inLanguage":"sv-SE","potentialAction":[{"@type":"ReadAction","target":["https:\/\/www.4h.se\/vastragotaland\/bli-medlem-2\/"]}]},{"@type":"BreadcrumbList","@id":"https:\/\/www.4h.se\/vastragotaland\/bli-medlem-2\/#breadcrumb","itemListElement":[{"@type":"ListItem","position":1,"name":"Hem","item":"https:\/\/www.4h.se\/vastragotaland\/"},{"@type":"ListItem","position":2,"name":"Bli medlem"}]},{"@type":"WebSite","@id":"https:\/\/www.4h.se\/vastragotaland\/#website","url":"https:\/\/www.4h.se\/vastragotaland\/","name":"4H i V\u00e4stra G\u00f6taland","description":"","potentialAction":[{"@type":"SearchAction","target":{"@type":"EntryPoint","urlTemplate":"https:\/\/www.4h.se\/vastragotaland\/?s={search_term_string}"},"query-input":{"@type":"PropertyValueSpecification","valueRequired":true,"valueName":"search_term_string"}}],"inLanguage":"sv-SE"}]}},"_links":{"self":[{"href":"https:\/\/www.4h.se\/vastragotaland\/wp-json\/wp\/v2\/pages\/429","targetHints":{"allow":["GET"]}}],"collection":[{"href":"https:\/\/www.4h.se\/vastragotaland\/wp-json\/wp\/v2\/pages"}],"about":[{"href":"https:\/\/www.4h.se\/vastragotaland\/wp-json\/wp\/v2\/types\/page"}],"author":[{"embeddable":true,"href":"https:\/\/www.4h.se\/vastragotaland\/wp-json\/wp\/v2\/users\/24"}],"replies":[{"embeddable":true,"href":"https:\/\/www.4h.se\/vastragotaland\/wp-json\/wp\/v2\/comments?post=429"}],"version-history":[{"count":0,"href":"https:\/\/www.4h.se\/vastragotaland\/wp-json\/wp\/v2\/pages\/429\/revisions"}],"wp:attachment":[{"href":"https:\/\/www.4h.se\/vastragotaland\/wp-json\/wp\/v2\/media?parent=429"}],"curies":[{"name":"wp","href":"https:\/\/api.w.org\/{rel}","templated":true}]}}