



{"id":427,"date":"2021-04-20T17:26:14","date_gmt":"2021-04-20T15:26:14","guid":{"rendered":"http:\/\/www.4h.se\/vastragotaland\/?page_id=427"},"modified":"2026-04-02T08:24:02","modified_gmt":"2026-04-02T06:24:02","slug":"lager","status":"publish","type":"page","link":"https:\/\/www.4h.se\/vastragotaland\/lager\/","title":{"rendered":"L\u00e4ger"},"content":{"rendered":"<div class=\"wpb-content-wrapper\"><p>[vc_row][vc_column width=&#8221;1\/2&#8243;][vc_column_text css=&#8221;&#8221;]<\/p>\n<h3>Vi arrangerar m\u00e5nga olika typer av l\u00e4ger<\/h3>\n<p>Dagl\u00e4ger, \u00f6vernattningsl\u00e4ger, l\u00e4ger d\u00e4r vi bor i t\u00e4lt, l\u00e4ger med ledarutbildning, l\u00e4ger med djur, l\u00e4ger d\u00e4r vi spelar spel och en massa annat. Kolla in vad som \u00e4r p\u00e5 g\u00e5ng p\u00e5 v\u00e5r evenemangssida <a href=\"https:\/\/www.antribe.com\/org\/4h\/4h-i-vastra-gotaland\/event\">https:\/\/www.antribe.com\/org\/4h\/4h-i-vastra-gotaland\/event<\/a>[\/vc_column_text][vc_gallery interval=&#8221;3&#8243; images=&#8221;821,820,819&#8243; img_size=&#8221;full&#8221; onclick=&#8221;&#8221; css=&#8221;&#8221;][\/vc_column][vc_column width=&#8221;1\/2&#8243;][vc_column_text css=&#8221;&#8221;]<\/p>\n<h3><strong>Betalning<\/strong><\/h3>\n<p>Vid anm\u00e4lan genereras automatiskt en faktura, denna faktura \u00e4r en bekr\u00e4ftelse fr\u00e5n oss att du f\u00e5tt en plats p\u00e5 angivet l\u00e4ger. F\u00f6r att s\u00e4kra platsen beh\u00f6ver l\u00e4geravgiften vara betald innom senast betalningsdatum och innan l\u00e4grets start.<\/p>\n<p>Deltagareavgiften betalas till angivet bankgiro, ange OCR-nummer.<br \/>\nF\u00f6r att delta p\u00e5 v\u00e5ra l\u00e4ger kr\u00e4vs medlemskap i 4H.[\/vc_column_text][vc_column_text css=&#8221;&#8221;]<\/p>\n<h3><strong>F\u00f6rs\u00e4kring<\/strong><\/h3>\n<p>I medlemsavgiften ing\u00e5r f\u00f6rs\u00e4kringsskydd f\u00f6r olycksfall.<br \/>\n<em>Obs! Om ditt barn \u00e4r skrivet i annat land \u00e4n Sverige omfattas de inte av v\u00e5r medlemsf\u00f6rs\u00e4kring.<\/em><br \/>\n<em>Som m\u00e5lsman \u00e4r du d\u00e5 ansvarig f\u00f6r att se till att ditt barn \u00e4r f\u00f6rs\u00e4krat under vistelsen p\u00e5 l\u00e4ger.<\/em>[\/vc_column_text][vc_column_text css=&#8221;&#8221;]<\/p>\n<h3>Avbokningsregler<\/h3>\n<p>Dessa avbokningsregler g\u00e4ller f\u00f6r alla v\u00e5ra l\u00e4ger. Grunden till dessa regler \u00e4r att de st\u00f6rsta l\u00e4gerkostnaderna f\u00f6r 4H \u00e4r lokal, djur, ledare och projektplanering.<br \/>\nObservera att avbest\u00e4llningsskydd ofta inte ing\u00e5r i hemf\u00f6rs\u00e4kringens grundskydd. M\u00e5nga f\u00f6rs\u00e4kringsbolag erbjuder dock ett ut\u00f6kat reseskydd som kan t\u00e4cka avbokningar p\u00e5 grund av sjukdom. Vi rekommenderar att du kontaktar ditt f\u00f6rs\u00e4kringsbolag f\u00f6r att f\u00e5 mer information om ditt skydd och vad som g\u00e4ller i ditt fall.<\/p>\n<h4><strong><br \/>\nV\u00e5ra avbokningsregler<\/strong><\/h4>\n<p><strong>Deltagaravgift:<\/strong><\/p>\n<ul>\n<li>Vid avbokning senast 21 dagar f\u00f6re l\u00e4grets start \u00e5terbetalas hela deltagaravgiften.<\/li>\n<li>Vid avbokning senare \u00e4n 21 dagar f\u00f6re l\u00e4grets start \u00e5terbetalas inte deltagaravgiften, om inte l\u00e4gret \u00e4r fullbokat och platsen kan ers\u00e4ttas av en annan deltagare.<\/li>\n<li>Vid avbokning senare \u00e4n 21 dagar f\u00f6re l\u00e4grets start \u00e5terbetalas 50% av deltagaravgiften vid inskickat l\u00e4karintyg, om inte l\u00e4gret \u00e4r fullbokat och platsen kan ers\u00e4ttas av en annan deltagare.<\/li>\n<\/ul>\n<p><strong>Medlemsavgift:<\/strong><\/p>\n<ul>\n<li>Medlemsavgiften \u00e5terbetalas endast vid avbokning inom 14 dagar fr\u00e5n betalningstillf\u00e4llet (enligt \u00e5ngerr\u00e4tten).<\/li>\n<\/ul>\n<p><strong>Force Majeure:<br \/>\n<\/strong><\/p>\n<ul>\n<li>4H ansvarar inte f\u00f6r \u00e5terbetalning om l\u00e4gret st\u00e4lls in p\u00e5 grund av h\u00e4ndelser utanf\u00f6r v\u00e5r kontroll (exempelvis naturkatastrofer eller pandemier).<\/li>\n<\/ul>\n<p>Maila vastragotaland@4h.se vid fr\u00e5gor och avbokning[\/vc_column_text][\/vc_column][\/vc_row][vc_row][vc_column width=&#8221;1\/2&#8243;][vc_single_image image=&#8221;818&#8243; img_size=&#8221;Full&#8221; css=&#8221;&#8221;][\/vc_column][vc_column width=&#8221;1\/2&#8243;][vc_column_text css=&#8221;&#8221;]<\/p>\n<h3><strong>Alla barn &amp; unga ska f\u00e5 \u00e5ka p\u00e5 l\u00e4ger!<\/strong><\/h3>\n<p>Vi vill att alla barn och unga ska ha m\u00f6jligheten att \u00e5ka p\u00e5 v\u00e5ra l\u00e4ger, oavsett ekonomiska f\u00f6ruts\u00e4ttningar. Vi \u00e4r tacksamma \u00f6ver att vi i dag f\u00e5r en hel del hj\u00e4lp fr\u00e5n fonder och andra finansi\u00e4rer vilket resulterar i att vi till viss del kan s\u00e4nka priserna p\u00e5 v\u00e5ra l\u00e4ger \u2013 men det r\u00e4cker inte hela v\u00e4gen f\u00f6r att ALLA barn ska kunna delta.<\/p>\n<p>Det r\u00e4cker inte att alla \u00e4r v\u00e4lkomna att delta, alla ska ha m\u00f6jlighet att kunna delta ocks\u00e5. D\u00e4rf\u00f6r jobbar vi aktivt med att s\u00f6ka fonder, hitta sponsorer och samarbeten f\u00f6r att p\u00e5 s\u00e5 s\u00e4tt kunna s\u00e4nka priserna p\u00e5 v\u00e5ra l\u00e4ger och andra aktiviteter som vi arrangerar.<\/p>\n<p>Vill du sponsra v\u00e5ra l\u00e4ger f\u00f6r att fler barn och unga ska f\u00e5 en bra sommar?<\/p>\n<p>Vi \u00e4r alltid i behov av mer hj\u00e4lp och st\u00f6d. Allt fr\u00e5n ekonomiska st\u00f6d, produkter, livsmedel och annat som anv\u00e4nds i v\u00e5r verksamhet. H\u00f6r av dig till oss om du \u00e4r intresserad av att hj\u00e4lpa oss att ge alla barn och unga m\u00f6jligheten att delta p\u00e5 v\u00e5ra l\u00e4ger och \u00f6vriga aktiviteter.[\/vc_column_text][vc_separator css=&#8221;&#8221;][vc_column_text css=&#8221;&#8221;]<\/p>\n<h3><strong>Majblomman<\/strong><\/h3>\n<p><strong>S\u00f6k st\u00f6d hos Majblomman<\/strong><\/p>\n<p>Majblomman \u00e4r en f\u00f6rening som aktivt jobbar f\u00f6r att minska barnfattigdom, dels genom att dela ut ekonomiska st\u00f6d. Har du eller n\u00e5gon du k\u00e4nner inte de r\u00e4tta ekonomiska f\u00f6ruts\u00e4ttningarna f\u00f6r att kunna delta p\u00e5 v\u00e5ra l\u00e4ger? Ans\u00f6k om st\u00f6d fr\u00e5n Majblomman! L\u00e4s g\u00e4rna mer om detta p\u00e5 deras hemsida. Hoppas vi ses i sommar![\/vc_column_text][vc_btn title=&#8221;S\u00f6k st\u00f6d fr\u00e5n majblomman&#8221; color=&#8221;success&#8221; align=&#8221;center&#8221; css=&#8221;&#8221; link=&#8221;url:https%3A%2F%2Fmajblomman.se%2Fsok-stod%2Fsok-har%2F&#8221;][\/vc_column][\/vc_row]<\/p>\n<\/div>","protected":false},"excerpt":{"rendered":"<p>[vc_row][vc_column width=&#8221;1\/2&#8243;][vc_column_text css=&#8221;&#8221;] Vi arrangerar m\u00e5nga olika typer av l\u00e4ger Dagl\u00e4ger, \u00f6vernattningsl\u00e4ger, l\u00e4ger d\u00e4r vi bor i t\u00e4lt, l\u00e4ger med ledarutbildning, l\u00e4ger med djur, l\u00e4ger d\u00e4r vi spelar spel och en massa annat. Kolla in vad som \u00e4r p\u00e5 g\u00e5ng p\u00e5 v\u00e5r evenemangssida https:\/\/www.antribe.com\/org\/4h\/4h-i-vastra-gotaland\/event[\/vc_column_text][vc_gallery interval=&#8221;3&#8243; images=&#8221;821,820,819&#8243; img_size=&#8221;full&#8221; onclick=&#8221;&#8221; css=&#8221;&#8221;][\/vc_column][vc_column width=&#8221;1\/2&#8243;][vc_column_text css=&#8221;&#8221;] Betalning Vid anm\u00e4lan genereras&nbsp; <a href=\"https:\/\/www.4h.se\/vastragotaland\/lager\/\">&hellip; Read more <i class=\"glyphicon glyphicon-arrow-right\"><\/i><\/a><\/p>\n","protected":false},"author":24,"featured_media":0,"parent":0,"menu_order":0,"comment_status":"closed","ping_status":"closed","template":"","meta":{"footnotes":""},"class_list":["post-427","page","type-page","status-publish","hentry"],"yoast_head":"<!-- This site is optimized with the Yoast SEO plugin v27.4 - https:\/\/yoast.com\/product\/yoast-seo-wordpress\/ -->\n<title>L\u00e4ger - 4H i V\u00e4stra G\u00f6taland<\/title>\n<meta name=\"robots\" content=\"index, follow, max-snippet:-1, max-image-preview:large, max-video-preview:-1\" \/>\n<link rel=\"canonical\" href=\"https:\/\/www.4h.se\/vastragotaland\/lager\/\" \/>\n<meta property=\"og:locale\" content=\"sv_SE\" \/>\n<meta property=\"og:type\" content=\"article\" \/>\n<meta property=\"og:title\" content=\"L\u00e4ger - 4H i V\u00e4stra G\u00f6taland\" \/>\n<meta property=\"og:description\" content=\"[vc_row][vc_column width=&#8221;1\/2&#8243;][vc_column_text css=&#8221;&#8221;] Vi arrangerar m\u00e5nga olika typer av l\u00e4ger Dagl\u00e4ger, \u00f6vernattningsl\u00e4ger, l\u00e4ger d\u00e4r vi bor i t\u00e4lt, l\u00e4ger med ledarutbildning, l\u00e4ger med djur, l\u00e4ger d\u00e4r vi spelar spel och en massa annat. Kolla in vad som \u00e4r p\u00e5 g\u00e5ng p\u00e5 v\u00e5r evenemangssida https:\/\/www.antribe.com\/org\/4h\/4h-i-vastra-gotaland\/event[\/vc_column_text][vc_gallery interval=&#8221;3&#8243; images=&#8221;821,820,819&#8243; img_size=&#8221;full&#8221; onclick=&#8221;&#8221; css=&#8221;&#8221;][\/vc_column][vc_column width=&#8221;1\/2&#8243;][vc_column_text css=&#8221;&#8221;] Betalning Vid anm\u00e4lan genereras&nbsp; &hellip; Read more\" \/>\n<meta property=\"og:url\" content=\"https:\/\/www.4h.se\/vastragotaland\/lager\/\" \/>\n<meta property=\"og:site_name\" content=\"4H i V\u00e4stra G\u00f6taland\" \/>\n<meta property=\"article:modified_time\" content=\"2026-04-02T06:24:02+00:00\" \/>\n<meta name=\"twitter:card\" content=\"summary_large_image\" \/>\n<meta name=\"twitter:label1\" content=\"Ber\u00e4knad l\u00e4stid\" \/>\n\t<meta name=\"twitter:data1\" content=\"4 minuter\" \/>\n<script type=\"application\/ld+json\" class=\"yoast-schema-graph\">{\"@context\":\"https:\\\/\\\/schema.org\",\"@graph\":[{\"@type\":\"WebPage\",\"@id\":\"https:\\\/\\\/www.4h.se\\\/vastragotaland\\\/lager\\\/\",\"url\":\"https:\\\/\\\/www.4h.se\\\/vastragotaland\\\/lager\\\/\",\"name\":\"L\u00e4ger - 4H i V\u00e4stra G\u00f6taland\",\"isPartOf\":{\"@id\":\"https:\\\/\\\/www.4h.se\\\/vastragotaland\\\/#website\"},\"datePublished\":\"2021-04-20T15:26:14+00:00\",\"dateModified\":\"2026-04-02T06:24:02+00:00\",\"breadcrumb\":{\"@id\":\"https:\\\/\\\/www.4h.se\\\/vastragotaland\\\/lager\\\/#breadcrumb\"},\"inLanguage\":\"sv-SE\",\"potentialAction\":[{\"@type\":\"ReadAction\",\"target\":[\"https:\\\/\\\/www.4h.se\\\/vastragotaland\\\/lager\\\/\"]}]},{\"@type\":\"BreadcrumbList\",\"@id\":\"https:\\\/\\\/www.4h.se\\\/vastragotaland\\\/lager\\\/#breadcrumb\",\"itemListElement\":[{\"@type\":\"ListItem\",\"position\":1,\"name\":\"Hem\",\"item\":\"https:\\\/\\\/www.4h.se\\\/vastragotaland\\\/\"},{\"@type\":\"ListItem\",\"position\":2,\"name\":\"L\u00e4ger\"}]},{\"@type\":\"WebSite\",\"@id\":\"https:\\\/\\\/www.4h.se\\\/vastragotaland\\\/#website\",\"url\":\"https:\\\/\\\/www.4h.se\\\/vastragotaland\\\/\",\"name\":\"4H i V\u00e4stra G\u00f6taland\",\"description\":\"\",\"potentialAction\":[{\"@type\":\"SearchAction\",\"target\":{\"@type\":\"EntryPoint\",\"urlTemplate\":\"https:\\\/\\\/www.4h.se\\\/vastragotaland\\\/?s={search_term_string}\"},\"query-input\":{\"@type\":\"PropertyValueSpecification\",\"valueRequired\":true,\"valueName\":\"search_term_string\"}}],\"inLanguage\":\"sv-SE\"}]}<\/script>\n<!-- \/ Yoast SEO plugin. -->","yoast_head_json":{"title":"L\u00e4ger - 4H i V\u00e4stra G\u00f6taland","robots":{"index":"index","follow":"follow","max-snippet":"max-snippet:-1","max-image-preview":"max-image-preview:large","max-video-preview":"max-video-preview:-1"},"canonical":"https:\/\/www.4h.se\/vastragotaland\/lager\/","og_locale":"sv_SE","og_type":"article","og_title":"L\u00e4ger - 4H i V\u00e4stra G\u00f6taland","og_description":"[vc_row][vc_column width=&#8221;1\/2&#8243;][vc_column_text css=&#8221;&#8221;] Vi arrangerar m\u00e5nga olika typer av l\u00e4ger Dagl\u00e4ger, \u00f6vernattningsl\u00e4ger, l\u00e4ger d\u00e4r vi bor i t\u00e4lt, l\u00e4ger med ledarutbildning, l\u00e4ger med djur, l\u00e4ger d\u00e4r vi spelar spel och en massa annat. Kolla in vad som \u00e4r p\u00e5 g\u00e5ng p\u00e5 v\u00e5r evenemangssida https:\/\/www.antribe.com\/org\/4h\/4h-i-vastra-gotaland\/event[\/vc_column_text][vc_gallery interval=&#8221;3&#8243; images=&#8221;821,820,819&#8243; img_size=&#8221;full&#8221; onclick=&#8221;&#8221; css=&#8221;&#8221;][\/vc_column][vc_column width=&#8221;1\/2&#8243;][vc_column_text css=&#8221;&#8221;] Betalning Vid anm\u00e4lan genereras&nbsp; &hellip; Read more","og_url":"https:\/\/www.4h.se\/vastragotaland\/lager\/","og_site_name":"4H i V\u00e4stra G\u00f6taland","article_modified_time":"2026-04-02T06:24:02+00:00","twitter_card":"summary_large_image","twitter_misc":{"Ber\u00e4knad l\u00e4stid":"4 minuter"},"schema":{"@context":"https:\/\/schema.org","@graph":[{"@type":"WebPage","@id":"https:\/\/www.4h.se\/vastragotaland\/lager\/","url":"https:\/\/www.4h.se\/vastragotaland\/lager\/","name":"L\u00e4ger - 4H i V\u00e4stra G\u00f6taland","isPartOf":{"@id":"https:\/\/www.4h.se\/vastragotaland\/#website"},"datePublished":"2021-04-20T15:26:14+00:00","dateModified":"2026-04-02T06:24:02+00:00","breadcrumb":{"@id":"https:\/\/www.4h.se\/vastragotaland\/lager\/#breadcrumb"},"inLanguage":"sv-SE","potentialAction":[{"@type":"ReadAction","target":["https:\/\/www.4h.se\/vastragotaland\/lager\/"]}]},{"@type":"BreadcrumbList","@id":"https:\/\/www.4h.se\/vastragotaland\/lager\/#breadcrumb","itemListElement":[{"@type":"ListItem","position":1,"name":"Hem","item":"https:\/\/www.4h.se\/vastragotaland\/"},{"@type":"ListItem","position":2,"name":"L\u00e4ger"}]},{"@type":"WebSite","@id":"https:\/\/www.4h.se\/vastragotaland\/#website","url":"https:\/\/www.4h.se\/vastragotaland\/","name":"4H i V\u00e4stra G\u00f6taland","description":"","potentialAction":[{"@type":"SearchAction","target":{"@type":"EntryPoint","urlTemplate":"https:\/\/www.4h.se\/vastragotaland\/?s={search_term_string}"},"query-input":{"@type":"PropertyValueSpecification","valueRequired":true,"valueName":"search_term_string"}}],"inLanguage":"sv-SE"}]}},"_links":{"self":[{"href":"https:\/\/www.4h.se\/vastragotaland\/wp-json\/wp\/v2\/pages\/427","targetHints":{"allow":["GET"]}}],"collection":[{"href":"https:\/\/www.4h.se\/vastragotaland\/wp-json\/wp\/v2\/pages"}],"about":[{"href":"https:\/\/www.4h.se\/vastragotaland\/wp-json\/wp\/v2\/types\/page"}],"author":[{"embeddable":true,"href":"https:\/\/www.4h.se\/vastragotaland\/wp-json\/wp\/v2\/users\/24"}],"replies":[{"embeddable":true,"href":"https:\/\/www.4h.se\/vastragotaland\/wp-json\/wp\/v2\/comments?post=427"}],"version-history":[{"count":0,"href":"https:\/\/www.4h.se\/vastragotaland\/wp-json\/wp\/v2\/pages\/427\/revisions"}],"wp:attachment":[{"href":"https:\/\/www.4h.se\/vastragotaland\/wp-json\/wp\/v2\/media?parent=427"}],"curies":[{"name":"wp","href":"https:\/\/api.w.org\/{rel}","templated":true}]}}