



{"id":425,"date":"2021-04-20T17:25:20","date_gmt":"2021-04-20T15:25:20","guid":{"rendered":"http:\/\/www.4h.se\/vastragotaland\/?page_id=425"},"modified":"2025-09-13T20:21:27","modified_gmt":"2025-09-13T18:21:27","slug":"var-verksamhet","status":"publish","type":"page","link":"https:\/\/www.4h.se\/vastragotaland\/var-verksamhet\/","title":{"rendered":"Verksamhet"},"content":{"rendered":"<div class=\"wpb-content-wrapper\"><p>[vc_row][vc_column width=&#8221;1\/2&#8243;][vc_column_text css=&#8221;&#8221;]<\/p>\n<h1>Det h\u00e4r \u00e4r 4H-klubbar<\/h1>\n<p>Vi \u00e4r \u00f6vertygade om att barn och unga vill samt kan mer \u00e4n vad vuxna tror, bara&nbsp;vi f\u00e5r m\u00f6jligheten.&nbsp;Vi \u00e4r \u00f6vertygade&nbsp;om just detta f\u00f6r att vi&nbsp;medlemmar \u00e4r just barn och unga som b\u00e5de vill och kan mer.<\/p>\n<p>Barn och unga l\u00e4r oss om demokrati, ledarskap, projektledning och ekonomi p\u00e5 b\u00e4sta s\u00e4tt n\u00e4r vi aktivt f\u00e5r jobba med det.<\/p>\n<p>Inom 4H f\u00e5r vi m\u00f6jligheten att engagera oss tillsammans kring \u00e4mnen som vi sj\u00e4lva brinner f\u00f6r och \u00e4r intresserade av.<\/p>\n<p>Klubbarna drivs helt och h\u00e5llet av medlemmarna som i sin tur har hand om klubbens ekonomi, planerar klubbaktiviteter samt ser till s\u00e5 att alla medlemmar i klubben har kul.[\/vc_column_text][\/vc_column][vc_column width=&#8221;1\/2&#8243;][vc_column_text css=&#8221;&#8221;]<\/p>\n<h1>Det h\u00e4r \u00e4r 4H-g\u00e5rdar<\/h1>\n<p>Vi och forskarna \u00e4r eniga. Samspelet mellan m\u00e4nniskor, djur och natur \u00e4r viktig. Framf\u00f6rallt n\u00e4r det kommer till barn och unga. D\u00e4rf\u00f6r spelar v\u00e5ra 4H-g\u00e5rdar en v\u00e4ldigt viktig roll i samh\u00e4llet.<\/p>\n<p>Idag \u00e4r det f\u00e5 barn och unga som har en naturlig koppling till odling, natur och djur, framf\u00f6rallt de som bor i st\u00e4der. Om de har sv\u00e5rt att ta sig ut till landsbygden, f\u00e5r landsbygden komma till dem.<\/p>\n<p>Sedan 70-talet bedriver vi inom 4H ett 30-tal sm\u00e5skaliga bondg\u00e5rdar i eller i n\u00e4rheten av st\u00e4der f\u00f6r att barn och unga ska f\u00e5 m\u00f6jligheten att l\u00e4ra sig mer kring odling, natur och djur.<\/p>\n<p>Vi erbjuder en unik m\u00f6jlighet f\u00f6r barn och unga att p\u00e5 ett praktiskt s\u00e4tt l\u00e4ra sig mer kring djur och natur.<\/p>\n<p>Men vi n\u00f6jer oss inte d\u00e4r. Inom 4H har vi \u00e4ven tagit p\u00e5 oss det viktiga samh\u00e4llsuppdraget att sprida kunskap om hur vi r\u00e4ddar utrotningshotade svenska lantrasdjur, hur vi kan ha god sj\u00e4lvhush\u00e5llning och hur naturens kretslopp fungerar. 4H-g\u00e5rdarna \u00f6ver Sverige \u00e4r en av organisationens viktigaste plattformar f\u00f6r detta.[\/vc_column_text][\/vc_column][\/vc_row][vc_row][vc_column][vc_column_text css=&#8221;&#8221;]<\/p>\n<h3>Hitta v\u00e5ra klubbar och g\u00e5rdar h\u00e4r<\/h3>\n<p>[\/vc_column_text]<div id=\"map_Klubbar\" class=\"platskarta-map\" data-id=\"Klubbar\" style=\"height: 500px;\"><\/div><div class=\"platskarta-wrapper\" id=\"Klubbar-wrapper\">[\/vc_column][\/vc_row][vc_row][vc_column width=&#8221;1\/3&#8243;]<div id=\"filter_Klubbar\" class=\"platskarta-filter\" data-id=\"Klubbar\"><h4>Filtrera<\/h4><label><input type=\"checkbox\" class=\"kategoriFilter\" value=\"Bor\u00e5s stad\"> Bor\u00e5s stad<\/label><br><label><input type=\"checkbox\" class=\"kategoriFilter\" value=\"G\u00f6teborgs Stad\"> G\u00f6teborgs Stad<\/label><br><label><input type=\"checkbox\" class=\"kategoriFilter\" value=\"Gr\u00e4storps kommun\"> Gr\u00e4storps kommun<\/label><br><label><input type=\"checkbox\" class=\"kategoriFilter\" value=\"Herrljunga kommun\"> Herrljunga kommun<\/label><br><label><input type=\"checkbox\" class=\"kategoriFilter\" value=\"Karlsborgs kommun\"> Karlsborgs kommun<\/label><br><label><input type=\"checkbox\" class=\"kategoriFilter\" value=\"Marks kommun\"> Marks kommun<\/label><br><label><input type=\"checkbox\" class=\"kategoriFilter\" value=\"Skara kommun\"> Skara kommun<\/label><br><label><input type=\"checkbox\" class=\"kategoriFilter\" value=\"Sk\u00f6vde kommun\"> Sk\u00f6vde kommun<\/label><br><label><input type=\"checkbox\" class=\"kategoriFilter\" value=\"Svenljunga kommun\"> Svenljunga kommun<\/label><br><label><input type=\"checkbox\" class=\"kategoriFilter\" value=\"Tanums kommun\"> Tanums kommun<\/label><br><label><input type=\"checkbox\" class=\"kategoriFilter\" value=\"Uddevalla kommun\"> Uddevalla kommun<\/label><br><label><input type=\"checkbox\" class=\"kategoriFilter\" value=\"V\u00e5rg\u00e5rda kommun\"> V\u00e5rg\u00e5rda kommun<\/label><br><\/div>[\/vc_column][vc_column width=&#8221;1\/3&#8243;]<div id=\"list_Klubbar\" class=\"platskarta-list\" data-id=\"Klubbar\"><\/div>[\/vc_column][vc_column width=&#8221;1\/3&#8243;]<div id=\"detail_karta1\" class=\"platskarta-detail\" data-id=\"karta1\" style=\"display: none;\"><\/div><div id=\"detail_Klubbar\" class=\"platskarta-detail\" data-id=\"Klubbar\" style=\"display: none;\"><\/div>[\/vc_column][\/vc_row][vc_row][vc_column]<\/div>[\/vc_column][\/vc_row]<\/p>\n<\/div>","protected":false},"excerpt":{"rendered":"<p>[vc_row][vc_column width=&#8221;1\/2&#8243;][vc_column_text css=&#8221;&#8221;] Det h\u00e4r \u00e4r 4H-klubbar Vi \u00e4r \u00f6vertygade om att barn och unga vill samt kan mer \u00e4n vad vuxna tror, bara&nbsp;vi f\u00e5r m\u00f6jligheten.&nbsp;Vi \u00e4r \u00f6vertygade&nbsp;om just detta f\u00f6r att vi&nbsp;medlemmar \u00e4r just barn och unga som b\u00e5de vill och kan mer. Barn och unga l\u00e4r oss om demokrati, ledarskap, projektledning och ekonomi&nbsp; <a href=\"https:\/\/www.4h.se\/vastragotaland\/plats\/alekulla-4h-klubb\/\">&hellip; Read more <i class=\"glyphicon glyphicon-arrow-right\"><\/i><\/a><\/p>\n","protected":false},"author":24,"featured_media":0,"parent":0,"menu_order":0,"comment_status":"closed","ping_status":"closed","template":"","meta":{"footnotes":""},"class_list":["post-425","page","type-page","status-publish","hentry"],"yoast_head":"<!-- This site is optimized with the Yoast SEO plugin v27.4 - https:\/\/yoast.com\/product\/yoast-seo-wordpress\/ -->\n<title>Verksamhet - 4H i V\u00e4stra G\u00f6taland<\/title>\n<meta name=\"robots\" content=\"index, follow, max-snippet:-1, max-image-preview:large, max-video-preview:-1\" \/>\n<link rel=\"canonical\" href=\"https:\/\/www.4h.se\/vastragotaland\/var-verksamhet\/\" \/>\n<meta property=\"og:locale\" content=\"sv_SE\" \/>\n<meta property=\"og:type\" content=\"article\" \/>\n<meta property=\"og:title\" content=\"Verksamhet - 4H i V\u00e4stra G\u00f6taland\" \/>\n<meta property=\"og:description\" content=\"[vc_row][vc_column width=&#8221;1\/2&#8243;][vc_column_text css=&#8221;&#8221;] Det h\u00e4r \u00e4r 4H-klubbar Vi \u00e4r \u00f6vertygade om att barn och unga vill samt kan mer \u00e4n vad vuxna tror, bara&nbsp;vi f\u00e5r m\u00f6jligheten.&nbsp;Vi \u00e4r \u00f6vertygade&nbsp;om just detta f\u00f6r att vi&nbsp;medlemmar \u00e4r just barn och unga som b\u00e5de vill och kan mer. Barn och unga l\u00e4r oss om demokrati, ledarskap, projektledning och ekonomi&nbsp; &hellip; Read more\" \/>\n<meta property=\"og:url\" content=\"https:\/\/www.4h.se\/vastragotaland\/var-verksamhet\/\" \/>\n<meta property=\"og:site_name\" content=\"4H i V\u00e4stra G\u00f6taland\" \/>\n<meta property=\"article:modified_time\" content=\"2025-09-13T18:21:27+00:00\" \/>\n<meta name=\"twitter:card\" content=\"summary_large_image\" \/>\n<meta name=\"twitter:label1\" content=\"Ber\u00e4knad l\u00e4stid\" \/>\n\t<meta name=\"twitter:data1\" content=\"2 minuter\" \/>\n<script type=\"application\/ld+json\" class=\"yoast-schema-graph\">{\"@context\":\"https:\\\/\\\/schema.org\",\"@graph\":[{\"@type\":\"WebPage\",\"@id\":\"https:\\\/\\\/www.4h.se\\\/vastragotaland\\\/var-verksamhet\\\/\",\"url\":\"https:\\\/\\\/www.4h.se\\\/vastragotaland\\\/var-verksamhet\\\/\",\"name\":\"Verksamhet - 4H i V\u00e4stra G\u00f6taland\",\"isPartOf\":{\"@id\":\"https:\\\/\\\/www.4h.se\\\/vastragotaland\\\/#website\"},\"datePublished\":\"2021-04-20T15:25:20+00:00\",\"dateModified\":\"2025-09-13T18:21:27+00:00\",\"breadcrumb\":{\"@id\":\"https:\\\/\\\/www.4h.se\\\/vastragotaland\\\/var-verksamhet\\\/#breadcrumb\"},\"inLanguage\":\"sv-SE\",\"potentialAction\":[{\"@type\":\"ReadAction\",\"target\":[\"https:\\\/\\\/www.4h.se\\\/vastragotaland\\\/var-verksamhet\\\/\"]}]},{\"@type\":\"BreadcrumbList\",\"@id\":\"https:\\\/\\\/www.4h.se\\\/vastragotaland\\\/var-verksamhet\\\/#breadcrumb\",\"itemListElement\":[{\"@type\":\"ListItem\",\"position\":1,\"name\":\"Hem\",\"item\":\"https:\\\/\\\/www.4h.se\\\/vastragotaland\\\/\"},{\"@type\":\"ListItem\",\"position\":2,\"name\":\"Verksamhet\"}]},{\"@type\":\"WebSite\",\"@id\":\"https:\\\/\\\/www.4h.se\\\/vastragotaland\\\/#website\",\"url\":\"https:\\\/\\\/www.4h.se\\\/vastragotaland\\\/\",\"name\":\"4H i V\u00e4stra G\u00f6taland\",\"description\":\"\",\"potentialAction\":[{\"@type\":\"SearchAction\",\"target\":{\"@type\":\"EntryPoint\",\"urlTemplate\":\"https:\\\/\\\/www.4h.se\\\/vastragotaland\\\/?s={search_term_string}\"},\"query-input\":{\"@type\":\"PropertyValueSpecification\",\"valueRequired\":true,\"valueName\":\"search_term_string\"}}],\"inLanguage\":\"sv-SE\"}]}<\/script>\n<!-- \/ Yoast SEO plugin. -->","yoast_head_json":{"title":"Verksamhet - 4H i V\u00e4stra G\u00f6taland","robots":{"index":"index","follow":"follow","max-snippet":"max-snippet:-1","max-image-preview":"max-image-preview:large","max-video-preview":"max-video-preview:-1"},"canonical":"https:\/\/www.4h.se\/vastragotaland\/var-verksamhet\/","og_locale":"sv_SE","og_type":"article","og_title":"Verksamhet - 4H i V\u00e4stra G\u00f6taland","og_description":"[vc_row][vc_column width=&#8221;1\/2&#8243;][vc_column_text css=&#8221;&#8221;] Det h\u00e4r \u00e4r 4H-klubbar Vi \u00e4r \u00f6vertygade om att barn och unga vill samt kan mer \u00e4n vad vuxna tror, bara&nbsp;vi f\u00e5r m\u00f6jligheten.&nbsp;Vi \u00e4r \u00f6vertygade&nbsp;om just detta f\u00f6r att vi&nbsp;medlemmar \u00e4r just barn och unga som b\u00e5de vill och kan mer. Barn och unga l\u00e4r oss om demokrati, ledarskap, projektledning och ekonomi&nbsp; &hellip; Read more","og_url":"https:\/\/www.4h.se\/vastragotaland\/var-verksamhet\/","og_site_name":"4H i V\u00e4stra G\u00f6taland","article_modified_time":"2025-09-13T18:21:27+00:00","twitter_card":"summary_large_image","twitter_misc":{"Ber\u00e4knad l\u00e4stid":"2 minuter"},"schema":{"@context":"https:\/\/schema.org","@graph":[{"@type":"WebPage","@id":"https:\/\/www.4h.se\/vastragotaland\/var-verksamhet\/","url":"https:\/\/www.4h.se\/vastragotaland\/var-verksamhet\/","name":"Verksamhet - 4H i V\u00e4stra G\u00f6taland","isPartOf":{"@id":"https:\/\/www.4h.se\/vastragotaland\/#website"},"datePublished":"2021-04-20T15:25:20+00:00","dateModified":"2025-09-13T18:21:27+00:00","breadcrumb":{"@id":"https:\/\/www.4h.se\/vastragotaland\/var-verksamhet\/#breadcrumb"},"inLanguage":"sv-SE","potentialAction":[{"@type":"ReadAction","target":["https:\/\/www.4h.se\/vastragotaland\/var-verksamhet\/"]}]},{"@type":"BreadcrumbList","@id":"https:\/\/www.4h.se\/vastragotaland\/var-verksamhet\/#breadcrumb","itemListElement":[{"@type":"ListItem","position":1,"name":"Hem","item":"https:\/\/www.4h.se\/vastragotaland\/"},{"@type":"ListItem","position":2,"name":"Verksamhet"}]},{"@type":"WebSite","@id":"https:\/\/www.4h.se\/vastragotaland\/#website","url":"https:\/\/www.4h.se\/vastragotaland\/","name":"4H i V\u00e4stra G\u00f6taland","description":"","potentialAction":[{"@type":"SearchAction","target":{"@type":"EntryPoint","urlTemplate":"https:\/\/www.4h.se\/vastragotaland\/?s={search_term_string}"},"query-input":{"@type":"PropertyValueSpecification","valueRequired":true,"valueName":"search_term_string"}}],"inLanguage":"sv-SE"}]}},"_links":{"self":[{"href":"https:\/\/www.4h.se\/vastragotaland\/wp-json\/wp\/v2\/pages\/425","targetHints":{"allow":["GET"]}}],"collection":[{"href":"https:\/\/www.4h.se\/vastragotaland\/wp-json\/wp\/v2\/pages"}],"about":[{"href":"https:\/\/www.4h.se\/vastragotaland\/wp-json\/wp\/v2\/types\/page"}],"author":[{"embeddable":true,"href":"https:\/\/www.4h.se\/vastragotaland\/wp-json\/wp\/v2\/users\/24"}],"replies":[{"embeddable":true,"href":"https:\/\/www.4h.se\/vastragotaland\/wp-json\/wp\/v2\/comments?post=425"}],"version-history":[{"count":0,"href":"https:\/\/www.4h.se\/vastragotaland\/wp-json\/wp\/v2\/pages\/425\/revisions"}],"wp:attachment":[{"href":"https:\/\/www.4h.se\/vastragotaland\/wp-json\/wp\/v2\/media?parent=425"}],"curies":[{"name":"wp","href":"https:\/\/api.w.org\/{rel}","templated":true}]}}