



{"id":39,"date":"2014-12-09T20:10:35","date_gmt":"2014-12-09T19:10:35","guid":{"rendered":"http:\/\/www.4h.se\/rix16\/?page_id=39"},"modified":"2026-01-21T08:51:48","modified_gmt":"2026-01-21T07:51:48","slug":"hem","status":"publish","type":"page","link":"https:\/\/www.4h.se\/vastragotaland\/","title":{"rendered":"Startsida"},"content":{"rendered":"<div class=\"wpb-content-wrapper\"><p>[vc_row][vc_column][vc_column_text]<\/p>\n<h1 style=\"text-align: center\">V\u00e4lkommen\u00a04H i V\u00e4stra G\u00f6taland<\/h1>\n<p>[\/vc_column_text][vc_row_inner][vc_column_inner width=&#8221;2\/3&#8243;][vc_column_text css=&#8221;.vc_custom_1741259399194{padding: 5px !important;background-color: #82C381 !important;border: 5px solid #82C381 !important;}&#8221;]<\/p>\n<h3>V\u00e4stra G\u00f6talands 4H<\/h3>\n<p>En organisation som idag engagerar oss barn och unga f\u00f6r att vi ska utvecklas f\u00f6r att n\u00e5 v\u00e5r fulla potential samtidigt som vi \u00e4r med och bidrar till att andra barn och unga ska f\u00e5 en b\u00e4ttre samt mer meningsfull fritid.<\/p>\n<p>Genom att utveckla v\u00e5ra medlemmars erfarenheter och kunskaper inom ledarskap, projektledning, intresse f\u00f6r demokrati och mycket mer bidrar vi till att alla barn och ungdomar utvecklas till engagerade, v\u00e4lm\u00e5ende och ansvarstagande m\u00e4nniskor med respekt f\u00f6r omv\u00e4rlden.<\/p>\n<p>F\u00f6r \u00f6ver 100 \u00e5r sedan b\u00f6rjade man i vissa skolor inse vikten av \u201cl\u00e4ra genom att g\u00f6ra\u201d. Hur praktiska moment i skolundervisningen \u00f6kade inl\u00e4rningen och utvecklingen hos barn och unga. 1902 grundades organisationen som snabbt skulle utvecklas till att bli en av v\u00e4rldens st\u00f6rsta barn- och ungdomsorganisationer \u2013 4H.<\/p>\n<p>1918 n\u00e5dde organisationen Sverige och sedan dess har m\u00e5nga genom oss f\u00e5tt\u00a0k\u00e4nna av pirret i magen som uppst\u00e5r n\u00e4r man ska \u00e5ka p\u00e5 l\u00e4ger. Tryggheten av att tillsammans med nya och gamla v\u00e4nner sitta under en stj\u00e4rnklar himmel till ett knastrande ljud av en l\u00e4gereld. Sp\u00e4nningen i att f\u00f6r f\u00f6rsta g\u00e5ngen f\u00e5 bes\u00f6ka och l\u00e4ra k\u00e4nna en ny kultur i ett annat land. F\u00e5tt m\u00f6jligheten att p\u00e5verka och engagera sig i det en sj\u00e4lv tycker \u00e4r kul.<\/p>\n<p>All v\u00e5r verksamhet arrangeras och drivs av oss unga ideella medlemmar, vilket \u00e4r helt fantastiskt ifall man kollar p\u00e5 storleken samt kvalit\u00e9n p\u00e5 den verksamheten vi bedriver.<\/p>\n<p><em><strong>Allt b\u00f6rjar med dig som medlem. Hur vill du engagera dig inom 4H?<\/strong><\/em>[\/vc_column_text][\/vc_column_inner][vc_column_inner width=&#8221;1\/3&#8243; css=&#8221;.vc_custom_1741259451770{padding: 5px !important;background-color: #F9C96C !important;border: 5px solid #F9C96C !important;}&#8221;][vc_column_text css=&#8221;&#8221;]<\/p>\n<h3>Bli medlem i 4H\u00a0idag!<\/h3>\n<p>4H \u00e4r en internationell ideell\u00a0ungdomsorganisation\u00a0med bred verksamhet inom allt fr\u00e5n odling och djur till idrott och teater. Vi finns i \u00f6ver 80 l\u00e4nder och riktar oss till barn och ungdomar 6-25 \u00e5r.<\/p>\n<p>Inom 4H bedriver vi verksamhet\u00a0av ungdomar, f\u00f6r ungdomar.\u00a0Det inneb\u00e4r att v\u00e5ra ledare i huvudsak \u00e4r unga. I styrelser och\u00a0arbetsgrupper sitter ungdomar, som sj\u00e4lva tar ansvar f\u00f6r och fattar beslut g\u00e4llande sin fritid.<\/p>\n<p>Vi samlar 10 000 medlemmar f\u00f6rdelat p\u00e5 ca 200 klubbar i Sverige. Vissa av dessa driver 4H-g\u00e5rdar runt om i landet som sammanlagt har ca 2,5 miljoner bes\u00f6kare per \u00e5r.[\/vc_column_text][vc_btn title=&#8221;Bli medlem&#8221; color=&#8221;white&#8221; align=&#8221;center&#8221; i_icon_fontawesome=&#8221;fas fa-hand-holding-heart&#8221; css=&#8221;&#8221; button_block=&#8221;true&#8221; add_icon=&#8221;true&#8221; link=&#8221;url:https%3A%2F%2Fwww.4h.se%2Fvastragotaland%2Fbli-medlem-2%2F&#8221;][\/vc_column_inner][\/vc_row_inner][\/vc_column][\/vc_row][vc_row][vc_column][vc_tta_tabs color=&#8221;green&#8221; autoplay=&#8221;5&#8243; active_section=&#8221;1&#8243;][vc_tta_section title=&#8221;RIX26&#8243; tab_id=&#8221;1760279356080-cf1269a3-7155&#8243;][vc_row_inner][vc_column_inner width=&#8221;1\/2&#8243;][vc_column_text css=&#8221;&#8221;]<\/p>\n<h1><strong>Varmt v\u00e4lkommna till Sveriges 4Hs Riksl\u00e4ger 2026<\/strong><\/h1>\n<h3><strong><a href=\"https:\/\/antribe.com\/org\/4h\/event\/rix26\">Anm\u00e4lan via Antribe https:\/\/antribe.com\/org\/4h\/event\/rix26<\/a><\/strong><\/h3>\n<h4><a href=\"https:\/\/www.4h.se\/vastragotaland\/rix26\/\">L\u00e4s mer om l\u00e4gret h\u00e4r<\/a><\/h4>\n<p>[\/vc_column_text][\/vc_column_inner][vc_column_inner width=&#8221;1\/2&#8243;][vc_single_image image=&#8221;863&#8243; img_size=&#8221;FULL&#8221; css=&#8221;&#8221;][\/vc_column_inner][\/vc_row_inner][\/vc_tta_section][vc_tta_section title=&#8221;KliMATspelet&#8221; tab_id=&#8221;1705484350927-7daf8d09-daee&#8221;][vc_row_inner][vc_column_inner width=&#8221;1\/2&#8243;][vc_column_text css=&#8221;&#8221;]<\/p>\n<h1><strong>KliMATspelet<\/strong><\/h1>\n<p>4H har tillsammans med SLU och ett flertal partners skapat ett vetenskapligt baserat digitalt spel med namnet KliMATspelet.<\/p>\n<p>&nbsp;[\/vc_column_text][vc_btn title=&#8221;SPELA SPELET&#8221; style=&#8221;gradient-custom&#8221; gradient_custom_color_1=&#8221;#00693f&#8221; gradient_custom_color_2=&#8221;#008b44&#8243; gradient_text_color=&#8221;#f9c96c&#8221; size=&#8221;lg&#8221; align=&#8221;center&#8221; i_type=&#8221;pixelicons&#8221; i_icon_pixelicons=&#8221;vc_pixel_icon vc_pixel_icon-arrow&#8221; css=&#8221;&#8221; button_block=&#8221;true&#8221; add_icon=&#8221;true&#8221; link=&#8221;url:https%3A%2F%2Fwww.klimatspelet.se%2F&#8221;][\/vc_column_inner][vc_column_inner width=&#8221;1\/2&#8243;][vc_video link=&#8221;https:\/\/vimeo.com\/video\/1116747045?h=f96acf3767&#8243; css=&#8221;&#8221;][vc_single_image image=&#8221;750&#8243; img_size=&#8221;full&#8221; css=&#8221;&#8221;][\/vc_column_inner][\/vc_row_inner][\/vc_tta_section][vc_tta_section title=&#8221;Ledare som lyssnar&#8221; tab_id=&#8221;1705426466398-a17b04fb-be7f&#8221;][vc_column_text]<\/p>\n<h1>Ledare som lyssnar \u2013 en e-utbildning om psykisk h\u00e4lsa<\/h1>\n<p>Ledare som lyssnar\u00a0\u00e4r framtagen av Folkh\u00e4lsomyndigheten p\u00e5 uppdrag av regeringen. Utbildningen ger ledare som m\u00f6ter barn och unga p\u00e5 fritiden grundl\u00e4ggande kunskaper om psykisk h\u00e4lsa, oh\u00e4lsa och suicid. M\u00e5let \u00e4r att ledare som g\u00e5tt utbildningen ska vara mer n\u00e4rvarande, st\u00f6djande och trygga i m\u00f6ten med barn och unga som m\u00e5r d\u00e5ligt psykiskt, samt veta hur de kan bidra till att fr\u00e4mja psykisk h\u00e4lsa.<\/p>\n<div class=\"page__ingress\">\n<p>H\u00e4r hittar du l\u00e4nkar till utbildningens fyra delar. Delarna bygger p\u00e5 varandra och varje del tar cirka 10\u201325 min att genomf\u00f6ra. Efter avslutad utbildning finns det m\u00f6jlighet att ladda ner och skriva ut ett diplom.<\/p>\n<\/div>\n<p>[\/vc_column_text][vc_row_inner][vc_column_inner width=&#8221;1\/2&#8243;][vc_column_text]<\/p>\n<h2>Del 1<\/h2>\n<p>I den h\u00e4r delen f\u00e5r du l\u00e4ra dig mer om vad psykisk h\u00e4lsa \u00e4r och varf\u00f6r den kunskapen spelar roll f\u00f6r dig som ledare.<\/p>\n<p><a href=\"https:\/\/ledaresomlyssnar.minakurser.se\/del1\">Starta del 1 \u2013 Vad \u00e4r psykisk h\u00e4lsa? (ledaresomlyssnar.minakurser.se)<\/a>[\/vc_column_text][vc_column_text]<\/p>\n<h2>Del 3<\/h2>\n<p>I den h\u00e4r delen f\u00e5r du l\u00e4ra dig mer om vad som p\u00e5verkar den psykiska h\u00e4lsan och hur du kan uppt\u00e4cka om n\u00e5gon m\u00e5r d\u00e5ligt.<\/p>\n<p><a title=\"https:\/\/ledaresomlyssnar.minakurser.se\/del3\" href=\"https:\/\/ledaresomlyssnar.minakurser.se\/del3\">Starta del 3 \u2013 Hur du kan uppt\u00e4cka att n\u00e5gon m\u00e5r d\u00e5ligt (ledaresomlyssnar.minakurser.se)<\/a>[\/vc_column_text][\/vc_column_inner][vc_column_inner width=&#8221;1\/2&#8243;][vc_column_text]<\/p>\n<h2>Del 2<\/h2>\n<p>I den h\u00e4r delen f\u00e5r du tips om hur ditt ledarskap kan st\u00e4rka den psykiska h\u00e4lsan hos de som du leder.<\/p>\n<p><a title=\"https:\/\/ledaresomlyssnar.minakurser.se\/del2\" href=\"https:\/\/ledaresomlyssnar.minakurser.se\/del2\">Starta del 2 \u2013 Hur du kan st\u00e4rka psykisk h\u00e4lsa (ledaresomlyssnar.minakurser.se)<\/a>[\/vc_column_text][vc_column_text]<\/p>\n<h2>Del 4<\/h2>\n<p>Den h\u00e4r delen tar upp hur du kan bli \u00e4nnu b\u00e4ttre p\u00e5 att fr\u00e5ga, lyssna och skapa en trygg samtalssituation. Du f\u00e5r ocks\u00e5 tips p\u00e5 hur du kan agera om det beh\u00f6vs mer st\u00f6d och hj\u00e4lp.<\/p>\n<p><a title=\"https:\/\/ledaresomlyssnar.minakurser.se\/del4\" href=\"https:\/\/ledaresomlyssnar.minakurser.se\/del4\">Starta del 4 \u2013 Hur du lyssnar och ger st\u00f6d (ledaresomlyssnar.minakurser.se)<\/a>[\/vc_column_text][\/vc_column_inner][\/vc_row_inner][\/vc_tta_section][\/vc_tta_tabs][\/vc_column][\/vc_row][vc_row][vc_column width=&#8221;1\/4&#8243;][vc_column_text]<\/p>\n<div class=\"wpb_single_image wpb_content_element vc_align_center\">\n<figure class=\"wpb_wrapper vc_figure\">\n<div class=\"vc_single_image-wrapper vc_box_rounded vc_box_border_grey\"><img loading=\"lazy\" decoding=\"async\" class=\"vc_single_image-img \" title=\"Rix18_Alma-Bengtsson_Bildspel\" src=\"https:\/\/www.4h.se\/halland\/wp-content\/uploads\/sites\/69\/2019\/01\/Rix18_Alma-Bengtsson_Bildspel1-500x500.jpg\" alt=\"Rix18_Alma-Bengtsson_Bildspel\" width=\"500\" height=\"500\" \/><\/div>\n<\/figure>\n<\/div>\n<div class=\"wpb_text_column wpb_content_element \">\n<div class=\"wpb_wrapper\">\n<h2>Engagemang<\/h2>\n<p>Vi i 4H \u00e4r \u00f6vertygade om att alla framg\u00e5ngsrika f\u00f6r\u00e4ndringar och innovationer b\u00f6rjar med att en person har haft en vision och sedan b\u00f6rjat engagera sig f\u00f6r att uppn\u00e5 den.<\/p>\n<p>Vi drivs av att engagera barn och unga, ge dem r\u00e4tt f\u00f6ruts\u00e4ttningar f\u00f6r att kunna engagera sig i fr\u00e5gor de sj\u00e4lva anser \u00e4r viktiga.<\/p>\n<p>D\u00e4rf\u00f6r utbildar vi oss inom ledarskap och demokrati, f\u00f6r vi \u00e4r medvetna om att man kan komma riktigt l\u00e5ngt genom r\u00e4tt ledarskap och demokrati.<\/p><\/div>\n<\/div>\n<p>[\/vc_column_text][\/vc_column][vc_column width=&#8221;1\/4&#8243;][vc_column_text]<\/p>\n<div class=\"wpb_single_image wpb_content_element vc_align_center\">\n<figure class=\"wpb_wrapper vc_figure\">\n<div class=\"vc_single_image-wrapper vc_box_rounded vc_box_border_grey\"><img loading=\"lazy\" decoding=\"async\" class=\"vc_single_image-img \" title=\"Ledare\" src=\"https:\/\/www.4h.se\/halland\/wp-content\/uploads\/sites\/69\/2016\/10\/Ledare-500x500.jpg\" alt=\"Ledare\" width=\"500\" height=\"500\" \/><\/div>\n<\/figure>\n<\/div>\n<div class=\"wpb_text_column wpb_content_element \">\n<div class=\"wpb_wrapper\">\n<h2>V\u00e4lm\u00e5ende<\/h2>\n<p>Den psykiska oh\u00e4lsan v\u00e4xer f\u00f6r varje dag, fr\u00e4mst bland oss barn och unga. Vi engagerar oss f\u00f6r att vi sj\u00e4lva ska m\u00e5 bra, men \u00e4ven v\u00e5ra v\u00e4nner.<\/p>\n<p>Vi vill vara en organisation ditt barn och unga v\u00e4nder sig f\u00f6r att delta och skapa roliga samt l\u00e4rorika aktiviteter. V\u00e5rt m\u00e5l \u00e4r att alla ska k\u00e4nna sig trygga, vara en del av gemenskapen och m\u00e5 bra.<\/p>\n<p>Grunden f\u00f6r att det ska g\u00e5 bra, \u00e4r att vi ska m\u00e5 bra.<\/p><\/div>\n<\/div>\n<p>[\/vc_column_text][\/vc_column][vc_column width=&#8221;1\/4&#8243;][vc_column_text]<\/p>\n<div class=\"wpb_single_image wpb_content_element vc_align_center\">\n<figure class=\"wpb_wrapper vc_figure\">\n<div class=\"vc_single_image-wrapper vc_box_rounded vc_box_border_grey\"><img loading=\"lazy\" decoding=\"async\" class=\"vc_single_image-img \" title=\"Agenda 2030\" src=\"https:\/\/www.4h.se\/halland\/wp-content\/uploads\/sites\/69\/2016\/10\/Agenda-2030-500x500.jpg\" alt=\"Agenda 2030\" width=\"500\" height=\"500\" \/><\/div>\n<\/figure>\n<\/div>\n<div class=\"wpb_text_column wpb_content_element \">\n<div class=\"wpb_wrapper\">\n<h2>Ansvar<\/h2>\n<p>Vi \u00e4r \u00f6vertygade om att m\u00e4nniskor som k\u00e4nner ansvar ocks\u00e5 k\u00e4nner\u00a0sig inkluderade och\u00a0viktiga. D\u00e4rf\u00f6r jobbar vi f\u00f6r att f\u00e5 barn och unga att bli ansvarstagande.<\/p>\n<p>Det g\u00f6r vi genom att barn och unga i tidig \u00e5lder f\u00e5r ansvar \u00f6ver sm\u00e5 uppgifter och i takt med att de som personer v\u00e4xer, v\u00e4xer \u00e4ven uppgifterna samt ansvaret.<\/p>\n<p>Genom ansvar skapas inkludering och ledarskap.<\/p><\/div>\n<\/div>\n<p>[\/vc_column_text][\/vc_column][vc_column width=&#8221;1\/4&#8243;][vc_column_text]<\/p>\n<div class=\"wpb_single_image wpb_content_element vc_align_center\">\n<figure class=\"wpb_wrapper vc_figure\">\n<div class=\"vc_single_image-wrapper vc_box_rounded vc_box_border_grey\"><img loading=\"lazy\" decoding=\"async\" class=\"vc_single_image-img \" title=\"Make coffee not walls\" src=\"https:\/\/www.4h.se\/halland\/wp-content\/uploads\/sites\/69\/2016\/10\/Make-coffee-not-walls-500x500.jpg\" alt=\"Make coffee not walls\" width=\"500\" height=\"500\" \/><\/div>\n<\/figure>\n<\/div>\n<div class=\"wpb_text_column wpb_content_element \">\n<div class=\"wpb_wrapper\">\n<h2>Respekt<\/h2>\n<p>Vi \u00e4r fast beslutade om att respekt f\u00f6r andra m\u00e4nniskor, djur och v\u00e5r natur \u00e4r viktiga grundpelare i v\u00e5rt samh\u00e4lle. Dels lokalt men \u00e4ven globalt.<\/p>\n<p>Vi medlemmar arrangerar s\u00e5 ofta vi kan internationella utbyten med andra l\u00e4nder med helt olika kulturen f\u00f6r att vi ska f\u00e5 en st\u00f6rre f\u00f6rst\u00e5else och respekt f\u00f6r andra kulturer.<\/p>\n<p>Att visa respekt \u00e4r oerh\u00f6rt viktigt i alla sammanhang, och det jobbar vi med inom 4H.<\/p><\/div>\n<\/div>\n<p>[\/vc_column_text][\/vc_column][\/vc_row][vc_row][vc_column][\/vc_column][\/vc_row][vc_row][vc_column width=&#8221;1\/2&#8243;][vc_column_text]<\/p>\n<h3 style=\"text-align: center;\">Med st\u00f6d av<\/h3>\n<p><img loading=\"lazy\" decoding=\"async\" class=\"size-medium wp-image-653 aligncenter\" src=\"https:\/\/www.4h.se\/vastragotaland\/wp-content\/uploads\/sites\/125\/2023\/04\/VG-470x96.jpg\" alt=\"\" width=\"470\" height=\"96\" srcset=\"https:\/\/www.4h.se\/vastragotaland\/wp-content\/uploads\/sites\/125\/2023\/04\/VG-470x96.jpg 470w, https:\/\/www.4h.se\/vastragotaland\/wp-content\/uploads\/sites\/125\/2023\/04\/VG-170x35.jpg 170w, https:\/\/www.4h.se\/vastragotaland\/wp-content\/uploads\/sites\/125\/2023\/04\/VG-768x156.jpg 768w, https:\/\/www.4h.se\/vastragotaland\/wp-content\/uploads\/sites\/125\/2023\/04\/VG.jpg 787w\" sizes=\"auto, (max-width: 470px) 100vw, 470px\" \/>[\/vc_column_text][\/vc_column][vc_column width=&#8221;1\/2&#8243;][vc_column_text]<\/p>\n<h3 style=\"text-align: center;\">I samarbete med<\/h3>\n<p><img loading=\"lazy\" decoding=\"async\" class=\"alignnone wp-image-484 aligncenter\" src=\"https:\/\/www.4h.se\/vastragotaland\/wp-content\/uploads\/sites\/125\/2014\/12\/rod-studieframjandet-9076w600h600-470x290.jpg\" alt=\"\" width=\"288\" height=\"178\" srcset=\"https:\/\/www.4h.se\/vastragotaland\/wp-content\/uploads\/sites\/125\/2014\/12\/rod-studieframjandet-9076w600h600-470x290.jpg 470w, https:\/\/www.4h.se\/vastragotaland\/wp-content\/uploads\/sites\/125\/2014\/12\/rod-studieframjandet-9076w600h600-170x105.jpg 170w, https:\/\/www.4h.se\/vastragotaland\/wp-content\/uploads\/sites\/125\/2014\/12\/rod-studieframjandet-9076w600h600.jpg 600w\" sizes=\"auto, (max-width: 288px) 100vw, 288px\" \/>[\/vc_column_text][\/vc_column][\/vc_row]<\/p>\n<\/div>","protected":false},"excerpt":{"rendered":"<p>[vc_row][vc_column][vc_column_text] V\u00e4lkommen\u00a04H i V\u00e4stra G\u00f6taland [\/vc_column_text][vc_row_inner][vc_column_inner width=&#8221;2\/3&#8243;][vc_column_text css=&#8221;.vc_custom_1741259399194{padding: 5px !important;background-color: #82C381 !important;border: 5px solid #82C381 !important;}&#8221;] V\u00e4stra G\u00f6talands 4H En organisation som idag engagerar oss barn och unga f\u00f6r att vi ska utvecklas f\u00f6r att n\u00e5 v\u00e5r fulla potential samtidigt som vi \u00e4r med och bidrar till att andra barn och unga ska f\u00e5 en&nbsp; <a href=\"https:\/\/www.4h.se\/vastragotaland\/\">&hellip; Read more <i class=\"glyphicon glyphicon-arrow-right\"><\/i><\/a><\/p>\n","protected":false},"author":1,"featured_media":0,"parent":0,"menu_order":10,"comment_status":"closed","ping_status":"closed","template":"","meta":{"footnotes":""},"class_list":["post-39","page","type-page","status-publish","hentry"],"yoast_head":"<!-- This site is optimized with the Yoast SEO plugin v27.4 - https:\/\/yoast.com\/product\/yoast-seo-wordpress\/ -->\n<title>Startsida - 4H i V\u00e4stra G\u00f6taland<\/title>\n<meta name=\"robots\" content=\"index, follow, max-snippet:-1, max-image-preview:large, max-video-preview:-1\" \/>\n<link rel=\"canonical\" href=\"https:\/\/www.4h.se\/vastragotaland\/\" \/>\n<meta property=\"og:locale\" content=\"sv_SE\" \/>\n<meta property=\"og:type\" content=\"article\" \/>\n<meta property=\"og:title\" content=\"Startsida - 4H i V\u00e4stra G\u00f6taland\" \/>\n<meta property=\"og:description\" content=\"[vc_row][vc_column][vc_column_text] V\u00e4lkommen\u00a04H i V\u00e4stra G\u00f6taland [\/vc_column_text][vc_row_inner][vc_column_inner width=&#8221;2\/3&#8243;][vc_column_text css=&#8221;.vc_custom_1741259399194{padding: 5px !important;background-color: #82C381 !important;border: 5px solid #82C381 !important;}&#8221;] V\u00e4stra G\u00f6talands 4H En organisation som idag engagerar oss barn och unga f\u00f6r att vi ska utvecklas f\u00f6r att n\u00e5 v\u00e5r fulla potential samtidigt som vi \u00e4r med och bidrar till att andra barn och unga ska f\u00e5 en&nbsp; &hellip; Read more\" \/>\n<meta property=\"og:url\" content=\"https:\/\/www.4h.se\/vastragotaland\/\" \/>\n<meta property=\"og:site_name\" content=\"4H i V\u00e4stra G\u00f6taland\" \/>\n<meta property=\"article:modified_time\" content=\"2026-01-21T07:51:48+00:00\" \/>\n<meta property=\"og:image\" content=\"https:\/\/www.4h.se\/halland\/wp-content\/uploads\/sites\/69\/2019\/01\/Rix18_Alma-Bengtsson_Bildspel1-500x500.jpg\" \/>\n<meta name=\"twitter:card\" content=\"summary_large_image\" \/>\n<meta name=\"twitter:label1\" content=\"Ber\u00e4knad l\u00e4stid\" \/>\n\t<meta name=\"twitter:data1\" content=\"8 minuter\" \/>\n<script type=\"application\/ld+json\" class=\"yoast-schema-graph\">{\"@context\":\"https:\\\/\\\/schema.org\",\"@graph\":[{\"@type\":\"WebPage\",\"@id\":\"https:\\\/\\\/www.4h.se\\\/vastragotaland\\\/\",\"url\":\"https:\\\/\\\/www.4h.se\\\/vastragotaland\\\/\",\"name\":\"Startsida - 4H i V\u00e4stra G\u00f6taland\",\"isPartOf\":{\"@id\":\"https:\\\/\\\/www.4h.se\\\/vastragotaland\\\/#website\"},\"primaryImageOfPage\":{\"@id\":\"https:\\\/\\\/www.4h.se\\\/vastragotaland\\\/#primaryimage\"},\"image\":{\"@id\":\"https:\\\/\\\/www.4h.se\\\/vastragotaland\\\/#primaryimage\"},\"thumbnailUrl\":\"https:\\\/\\\/www.4h.se\\\/halland\\\/wp-content\\\/uploads\\\/sites\\\/69\\\/2019\\\/01\\\/Rix18_Alma-Bengtsson_Bildspel1-500x500.jpg\",\"datePublished\":\"2014-12-09T19:10:35+00:00\",\"dateModified\":\"2026-01-21T07:51:48+00:00\",\"breadcrumb\":{\"@id\":\"https:\\\/\\\/www.4h.se\\\/vastragotaland\\\/#breadcrumb\"},\"inLanguage\":\"sv-SE\",\"potentialAction\":[{\"@type\":\"ReadAction\",\"target\":[\"https:\\\/\\\/www.4h.se\\\/vastragotaland\\\/\"]}]},{\"@type\":\"ImageObject\",\"inLanguage\":\"sv-SE\",\"@id\":\"https:\\\/\\\/www.4h.se\\\/vastragotaland\\\/#primaryimage\",\"url\":\"https:\\\/\\\/www.4h.se\\\/halland\\\/wp-content\\\/uploads\\\/sites\\\/69\\\/2019\\\/01\\\/Rix18_Alma-Bengtsson_Bildspel1-500x500.jpg\",\"contentUrl\":\"https:\\\/\\\/www.4h.se\\\/halland\\\/wp-content\\\/uploads\\\/sites\\\/69\\\/2019\\\/01\\\/Rix18_Alma-Bengtsson_Bildspel1-500x500.jpg\"},{\"@type\":\"BreadcrumbList\",\"@id\":\"https:\\\/\\\/www.4h.se\\\/vastragotaland\\\/#breadcrumb\",\"itemListElement\":[{\"@type\":\"ListItem\",\"position\":1,\"name\":\"Hem\",\"item\":\"https:\\\/\\\/www.4h.se\\\/vastragotaland\\\/\"},{\"@type\":\"ListItem\",\"position\":2,\"name\":\"Startsida\"}]},{\"@type\":\"WebSite\",\"@id\":\"https:\\\/\\\/www.4h.se\\\/vastragotaland\\\/#website\",\"url\":\"https:\\\/\\\/www.4h.se\\\/vastragotaland\\\/\",\"name\":\"4H i V\u00e4stra G\u00f6taland\",\"description\":\"\",\"potentialAction\":[{\"@type\":\"SearchAction\",\"target\":{\"@type\":\"EntryPoint\",\"urlTemplate\":\"https:\\\/\\\/www.4h.se\\\/vastragotaland\\\/?s={search_term_string}\"},\"query-input\":{\"@type\":\"PropertyValueSpecification\",\"valueRequired\":true,\"valueName\":\"search_term_string\"}}],\"inLanguage\":\"sv-SE\"}]}<\/script>\n<!-- \/ Yoast SEO plugin. -->","yoast_head_json":{"title":"Startsida - 4H i V\u00e4stra G\u00f6taland","robots":{"index":"index","follow":"follow","max-snippet":"max-snippet:-1","max-image-preview":"max-image-preview:large","max-video-preview":"max-video-preview:-1"},"canonical":"https:\/\/www.4h.se\/vastragotaland\/","og_locale":"sv_SE","og_type":"article","og_title":"Startsida - 4H i V\u00e4stra G\u00f6taland","og_description":"[vc_row][vc_column][vc_column_text] V\u00e4lkommen\u00a04H i V\u00e4stra G\u00f6taland [\/vc_column_text][vc_row_inner][vc_column_inner width=&#8221;2\/3&#8243;][vc_column_text css=&#8221;.vc_custom_1741259399194{padding: 5px !important;background-color: #82C381 !important;border: 5px solid #82C381 !important;}&#8221;] V\u00e4stra G\u00f6talands 4H En organisation som idag engagerar oss barn och unga f\u00f6r att vi ska utvecklas f\u00f6r att n\u00e5 v\u00e5r fulla potential samtidigt som vi \u00e4r med och bidrar till att andra barn och unga ska f\u00e5 en&nbsp; &hellip; Read more","og_url":"https:\/\/www.4h.se\/vastragotaland\/","og_site_name":"4H i V\u00e4stra G\u00f6taland","article_modified_time":"2026-01-21T07:51:48+00:00","og_image":[{"url":"https:\/\/www.4h.se\/halland\/wp-content\/uploads\/sites\/69\/2019\/01\/Rix18_Alma-Bengtsson_Bildspel1-500x500.jpg","type":"","width":"","height":""}],"twitter_card":"summary_large_image","twitter_misc":{"Ber\u00e4knad l\u00e4stid":"8 minuter"},"schema":{"@context":"https:\/\/schema.org","@graph":[{"@type":"WebPage","@id":"https:\/\/www.4h.se\/vastragotaland\/","url":"https:\/\/www.4h.se\/vastragotaland\/","name":"Startsida - 4H i V\u00e4stra G\u00f6taland","isPartOf":{"@id":"https:\/\/www.4h.se\/vastragotaland\/#website"},"primaryImageOfPage":{"@id":"https:\/\/www.4h.se\/vastragotaland\/#primaryimage"},"image":{"@id":"https:\/\/www.4h.se\/vastragotaland\/#primaryimage"},"thumbnailUrl":"https:\/\/www.4h.se\/halland\/wp-content\/uploads\/sites\/69\/2019\/01\/Rix18_Alma-Bengtsson_Bildspel1-500x500.jpg","datePublished":"2014-12-09T19:10:35+00:00","dateModified":"2026-01-21T07:51:48+00:00","breadcrumb":{"@id":"https:\/\/www.4h.se\/vastragotaland\/#breadcrumb"},"inLanguage":"sv-SE","potentialAction":[{"@type":"ReadAction","target":["https:\/\/www.4h.se\/vastragotaland\/"]}]},{"@type":"ImageObject","inLanguage":"sv-SE","@id":"https:\/\/www.4h.se\/vastragotaland\/#primaryimage","url":"https:\/\/www.4h.se\/halland\/wp-content\/uploads\/sites\/69\/2019\/01\/Rix18_Alma-Bengtsson_Bildspel1-500x500.jpg","contentUrl":"https:\/\/www.4h.se\/halland\/wp-content\/uploads\/sites\/69\/2019\/01\/Rix18_Alma-Bengtsson_Bildspel1-500x500.jpg"},{"@type":"BreadcrumbList","@id":"https:\/\/www.4h.se\/vastragotaland\/#breadcrumb","itemListElement":[{"@type":"ListItem","position":1,"name":"Hem","item":"https:\/\/www.4h.se\/vastragotaland\/"},{"@type":"ListItem","position":2,"name":"Startsida"}]},{"@type":"WebSite","@id":"https:\/\/www.4h.se\/vastragotaland\/#website","url":"https:\/\/www.4h.se\/vastragotaland\/","name":"4H i V\u00e4stra G\u00f6taland","description":"","potentialAction":[{"@type":"SearchAction","target":{"@type":"EntryPoint","urlTemplate":"https:\/\/www.4h.se\/vastragotaland\/?s={search_term_string}"},"query-input":{"@type":"PropertyValueSpecification","valueRequired":true,"valueName":"search_term_string"}}],"inLanguage":"sv-SE"}]}},"_links":{"self":[{"href":"https:\/\/www.4h.se\/vastragotaland\/wp-json\/wp\/v2\/pages\/39","targetHints":{"allow":["GET"]}}],"collection":[{"href":"https:\/\/www.4h.se\/vastragotaland\/wp-json\/wp\/v2\/pages"}],"about":[{"href":"https:\/\/www.4h.se\/vastragotaland\/wp-json\/wp\/v2\/types\/page"}],"author":[{"embeddable":true,"href":"https:\/\/www.4h.se\/vastragotaland\/wp-json\/wp\/v2\/users\/1"}],"replies":[{"embeddable":true,"href":"https:\/\/www.4h.se\/vastragotaland\/wp-json\/wp\/v2\/comments?post=39"}],"version-history":[{"count":0,"href":"https:\/\/www.4h.se\/vastragotaland\/wp-json\/wp\/v2\/pages\/39\/revisions"}],"wp:attachment":[{"href":"https:\/\/www.4h.se\/vastragotaland\/wp-json\/wp\/v2\/media?parent=39"}],"curies":[{"name":"wp","href":"https:\/\/api.w.org\/{rel}","templated":true}]}}