



{"id":891,"date":"2023-08-10T10:42:25","date_gmt":"2023-08-10T08:42:25","guid":{"rendered":"https:\/\/www.4h.se\/uppsala\/?page_id=891"},"modified":"2025-02-07T08:52:03","modified_gmt":"2025-02-07T07:52:03","slug":"4h-klubben","status":"publish","type":"page","link":"https:\/\/www.4h.se\/uppsala\/4h-klubben\/","title":{"rendered":"4H-klubben"},"content":{"rendered":"<div class=\"wpb-content-wrapper\"><p>[vc_row][vc_column][vc_single_image image=&#8221;1064&#8243; img_size=&#8221;1110&#215;300&#8243; style=&#8221;vc_box_rounded&#8221; css=&#8221;&#8221;][vc_column_text css=&#8221;&#8221;]<\/p>\n<h1>4H-klubben<\/h1>\n<p>[\/vc_column_text][\/vc_column][\/vc_row][vc_row][vc_column width=&#8221;1\/2&#8243;][vc_column_text css=&#8221;&#8221;]En 4H-klubb drivs helt och h\u00e5llet av medlemmarna. H\u00e4r finns goda m\u00f6jligheter att engagera dig kring \u00e4mnen som just du brinner f\u00f6r och \u00e4r intresserad av.<\/p>\n<p>Idag bedriver vi 14 klubbar, d\u00e4r den huvudsakliga m\u00e5lgrupps\u00e5ldern \u00e4r 6 \u2013 25 \u00e5r. Varje klubb r\u00e4knas som en egen enhet d\u00e4r medlemmarna styr sin alldeles egna verksamhet.<\/p>\n<p>Det \u00e4r genom v\u00e5ra 4H-klubbar som vi b\u00e4st praktiserar &#8221;<em>av unga f\u00f6r unga&#8221;, <\/em>och skapar en l\u00e4tt ing\u00e5ng i v\u00e5r verksamhet.<\/p>\n<p>Kanske \u00e4r du intresserad av djur, natur, sport, musik eller n\u00e5got helt annat \u2013 samla ihop likasinnade och starta er klubb hos oss! H\u00e4r finns alla m\u00f6jligheter f\u00f6r eget inflytande och utveckling.[\/vc_column_text][vc_column_text]Vill du bli medlem i en av v\u00e5ra 4H-klubbar? H\u00e4r kan du l\u00e4sa mer![\/vc_column_text][vc_btn title=&#8221;4H-klubbar i Uppsala&#8221; style=&#8221;3d&#8221; color=&#8221;success&#8221; size=&#8221;lg&#8221; align=&#8221;center&#8221; i_icon_fontawesome=&#8221;fas fa-users&#8221; button_block=&#8221;true&#8221; add_icon=&#8221;true&#8221; link=&#8221;url:https%3A%2F%2Fwww.4h.se%2Fuppsala%2F4h-klubbariuppsala%2F&#8221;][vc_column_text]Brinner du f\u00f6r ett \u00e4mne och vill starta en ny 4H-klubb? H\u00f6r av dig till oss, vi hj\u00e4lps \u00e5t![\/vc_column_text][vc_btn title=&#8221;Kontakta oss!&#8221; style=&#8221;3d&#8221; color=&#8221;peacoc&#8221; size=&#8221;lg&#8221; align=&#8221;center&#8221; i_icon_fontawesome=&#8221;fas fa-users&#8221; button_block=&#8221;true&#8221; add_icon=&#8221;true&#8221; link=&#8221;url:https%3A%2F%2Fwww.4h.se%2Fuppsala%2Fkontakta-oss%2F&#8221;][\/vc_column][vc_column width=&#8221;1\/2&#8243;][vc_single_image image=&#8221;1074&#8243; img_size=&#8221;550&#215;505&#8243; style=&#8221;vc_box_rounded&#8221; css=&#8221;&#8221;][\/vc_column][\/vc_row]<\/p>\n<\/div>","protected":false},"excerpt":{"rendered":"<p>[vc_row][vc_column][vc_single_image image=&#8221;1064&#8243; img_size=&#8221;1110&#215;300&#8243; style=&#8221;vc_box_rounded&#8221; css=&#8221;&#8221;][vc_column_text css=&#8221;&#8221;] 4H-klubben [\/vc_column_text][\/vc_column][\/vc_row][vc_row][vc_column width=&#8221;1\/2&#8243;][vc_column_text css=&#8221;&#8221;]En 4H-klubb drivs helt och h\u00e5llet av medlemmarna. H\u00e4r finns goda m\u00f6jligheter att engagera dig kring \u00e4mnen som just du brinner f\u00f6r och \u00e4r intresserad av. Idag bedriver vi 14 klubbar, d\u00e4r den huvudsakliga m\u00e5lgrupps\u00e5ldern \u00e4r 6 \u2013 25 \u00e5r. Varje klubb r\u00e4knas som en egen&nbsp; <a href=\"https:\/\/www.4h.se\/uppsala\/4h-klubben\/\">&hellip; Read more <i class=\"glyphicon glyphicon-arrow-right\"><\/i><\/a><\/p>\n","protected":false},"author":211,"featured_media":0,"parent":0,"menu_order":0,"comment_status":"closed","ping_status":"closed","template":"","meta":{"_acf_changed":false,"footnotes":""},"class_list":["post-891","page","type-page","status-publish","hentry"],"acf":[],"yoast_head":"<!-- This site is optimized with the Yoast SEO plugin v27.4 - https:\/\/yoast.com\/product\/yoast-seo-wordpress\/ -->\n<title>4H-klubben - 4H i Uppsala<\/title>\n<meta name=\"robots\" content=\"index, follow, max-snippet:-1, max-image-preview:large, max-video-preview:-1\" \/>\n<link rel=\"canonical\" href=\"https:\/\/www.4h.se\/uppsala\/4h-klubben\/\" \/>\n<meta property=\"og:locale\" content=\"sv_SE\" \/>\n<meta property=\"og:type\" content=\"article\" \/>\n<meta property=\"og:title\" content=\"4H-klubben - 4H i Uppsala\" \/>\n<meta property=\"og:description\" content=\"[vc_row][vc_column][vc_single_image image=&#8221;1064&#8243; img_size=&#8221;1110&#215;300&#8243; style=&#8221;vc_box_rounded&#8221; css=&#8221;&#8221;][vc_column_text css=&#8221;&#8221;] 4H-klubben [\/vc_column_text][\/vc_column][\/vc_row][vc_row][vc_column width=&#8221;1\/2&#8243;][vc_column_text css=&#8221;&#8221;]En 4H-klubb drivs helt och h\u00e5llet av medlemmarna. H\u00e4r finns goda m\u00f6jligheter att engagera dig kring \u00e4mnen som just du brinner f\u00f6r och \u00e4r intresserad av. Idag bedriver vi 14 klubbar, d\u00e4r den huvudsakliga m\u00e5lgrupps\u00e5ldern \u00e4r 6 \u2013 25 \u00e5r. Varje klubb r\u00e4knas som en egen&nbsp; &hellip; Read more\" \/>\n<meta property=\"og:url\" content=\"https:\/\/www.4h.se\/uppsala\/4h-klubben\/\" \/>\n<meta property=\"og:site_name\" content=\"4H i Uppsala\" \/>\n<meta property=\"article:modified_time\" content=\"2025-02-07T07:52:03+00:00\" \/>\n<meta name=\"twitter:card\" content=\"summary_large_image\" \/>\n<script type=\"application\/ld+json\" class=\"yoast-schema-graph\">{\"@context\":\"https:\\\/\\\/schema.org\",\"@graph\":[{\"@type\":\"WebPage\",\"@id\":\"https:\\\/\\\/www.4h.se\\\/uppsala\\\/4h-klubben\\\/\",\"url\":\"https:\\\/\\\/www.4h.se\\\/uppsala\\\/4h-klubben\\\/\",\"name\":\"4H-klubben - 4H i Uppsala\",\"isPartOf\":{\"@id\":\"https:\\\/\\\/www.4h.se\\\/uppsala\\\/#website\"},\"datePublished\":\"2023-08-10T08:42:25+00:00\",\"dateModified\":\"2025-02-07T07:52:03+00:00\",\"breadcrumb\":{\"@id\":\"https:\\\/\\\/www.4h.se\\\/uppsala\\\/4h-klubben\\\/#breadcrumb\"},\"inLanguage\":\"sv-SE\",\"potentialAction\":[{\"@type\":\"ReadAction\",\"target\":[\"https:\\\/\\\/www.4h.se\\\/uppsala\\\/4h-klubben\\\/\"]}]},{\"@type\":\"BreadcrumbList\",\"@id\":\"https:\\\/\\\/www.4h.se\\\/uppsala\\\/4h-klubben\\\/#breadcrumb\",\"itemListElement\":[{\"@type\":\"ListItem\",\"position\":1,\"name\":\"Hem\",\"item\":\"https:\\\/\\\/www.4h.se\\\/uppsala\\\/\"},{\"@type\":\"ListItem\",\"position\":2,\"name\":\"4H-klubben\"}]},{\"@type\":\"WebSite\",\"@id\":\"https:\\\/\\\/www.4h.se\\\/uppsala\\\/#website\",\"url\":\"https:\\\/\\\/www.4h.se\\\/uppsala\\\/\",\"name\":\"4H i Uppsala\",\"description\":\"\",\"potentialAction\":[{\"@type\":\"SearchAction\",\"target\":{\"@type\":\"EntryPoint\",\"urlTemplate\":\"https:\\\/\\\/www.4h.se\\\/uppsala\\\/?s={search_term_string}\"},\"query-input\":{\"@type\":\"PropertyValueSpecification\",\"valueRequired\":true,\"valueName\":\"search_term_string\"}}],\"inLanguage\":\"sv-SE\"}]}<\/script>\n<!-- \/ Yoast SEO plugin. -->","yoast_head_json":{"title":"4H-klubben - 4H i Uppsala","robots":{"index":"index","follow":"follow","max-snippet":"max-snippet:-1","max-image-preview":"max-image-preview:large","max-video-preview":"max-video-preview:-1"},"canonical":"https:\/\/www.4h.se\/uppsala\/4h-klubben\/","og_locale":"sv_SE","og_type":"article","og_title":"4H-klubben - 4H i Uppsala","og_description":"[vc_row][vc_column][vc_single_image image=&#8221;1064&#8243; img_size=&#8221;1110&#215;300&#8243; style=&#8221;vc_box_rounded&#8221; css=&#8221;&#8221;][vc_column_text css=&#8221;&#8221;] 4H-klubben [\/vc_column_text][\/vc_column][\/vc_row][vc_row][vc_column width=&#8221;1\/2&#8243;][vc_column_text css=&#8221;&#8221;]En 4H-klubb drivs helt och h\u00e5llet av medlemmarna. H\u00e4r finns goda m\u00f6jligheter att engagera dig kring \u00e4mnen som just du brinner f\u00f6r och \u00e4r intresserad av. Idag bedriver vi 14 klubbar, d\u00e4r den huvudsakliga m\u00e5lgrupps\u00e5ldern \u00e4r 6 \u2013 25 \u00e5r. Varje klubb r\u00e4knas som en egen&nbsp; &hellip; Read more","og_url":"https:\/\/www.4h.se\/uppsala\/4h-klubben\/","og_site_name":"4H i Uppsala","article_modified_time":"2025-02-07T07:52:03+00:00","twitter_card":"summary_large_image","schema":{"@context":"https:\/\/schema.org","@graph":[{"@type":"WebPage","@id":"https:\/\/www.4h.se\/uppsala\/4h-klubben\/","url":"https:\/\/www.4h.se\/uppsala\/4h-klubben\/","name":"4H-klubben - 4H i Uppsala","isPartOf":{"@id":"https:\/\/www.4h.se\/uppsala\/#website"},"datePublished":"2023-08-10T08:42:25+00:00","dateModified":"2025-02-07T07:52:03+00:00","breadcrumb":{"@id":"https:\/\/www.4h.se\/uppsala\/4h-klubben\/#breadcrumb"},"inLanguage":"sv-SE","potentialAction":[{"@type":"ReadAction","target":["https:\/\/www.4h.se\/uppsala\/4h-klubben\/"]}]},{"@type":"BreadcrumbList","@id":"https:\/\/www.4h.se\/uppsala\/4h-klubben\/#breadcrumb","itemListElement":[{"@type":"ListItem","position":1,"name":"Hem","item":"https:\/\/www.4h.se\/uppsala\/"},{"@type":"ListItem","position":2,"name":"4H-klubben"}]},{"@type":"WebSite","@id":"https:\/\/www.4h.se\/uppsala\/#website","url":"https:\/\/www.4h.se\/uppsala\/","name":"4H i Uppsala","description":"","potentialAction":[{"@type":"SearchAction","target":{"@type":"EntryPoint","urlTemplate":"https:\/\/www.4h.se\/uppsala\/?s={search_term_string}"},"query-input":{"@type":"PropertyValueSpecification","valueRequired":true,"valueName":"search_term_string"}}],"inLanguage":"sv-SE"}]}},"_links":{"self":[{"href":"https:\/\/www.4h.se\/uppsala\/wp-json\/wp\/v2\/pages\/891","targetHints":{"allow":["GET"]}}],"collection":[{"href":"https:\/\/www.4h.se\/uppsala\/wp-json\/wp\/v2\/pages"}],"about":[{"href":"https:\/\/www.4h.se\/uppsala\/wp-json\/wp\/v2\/types\/page"}],"author":[{"embeddable":true,"href":"https:\/\/www.4h.se\/uppsala\/wp-json\/wp\/v2\/users\/211"}],"replies":[{"embeddable":true,"href":"https:\/\/www.4h.se\/uppsala\/wp-json\/wp\/v2\/comments?post=891"}],"version-history":[{"count":0,"href":"https:\/\/www.4h.se\/uppsala\/wp-json\/wp\/v2\/pages\/891\/revisions"}],"wp:attachment":[{"href":"https:\/\/www.4h.se\/uppsala\/wp-json\/wp\/v2\/media?parent=891"}],"curies":[{"name":"wp","href":"https:\/\/api.w.org\/{rel}","templated":true}]}}