



{"id":864,"date":"2023-08-09T11:19:38","date_gmt":"2023-08-09T09:19:38","guid":{"rendered":"https:\/\/www.4h.se\/uppsala\/?page_id=864"},"modified":"2024-08-16T09:27:21","modified_gmt":"2024-08-16T07:27:21","slug":"fragor-svar","status":"publish","type":"page","link":"https:\/\/www.4h.se\/uppsala\/fragor-svar\/","title":{"rendered":"Fr\u00e5gor och svar"},"content":{"rendered":"<div class=\"wpb-content-wrapper\"><p>[vc_row][vc_column width=&#8221;1\/2&#8243;][vc_column_text]<\/p>\n<h1>Vanliga fr\u00e5gor<\/h1>\n<p>Har du en fundering? H\u00e4r har vi samlat svar p\u00e5 de vanligaste fr\u00e5gorna vi brukar f\u00e5.[\/vc_column_text][vc_message message_box_color=&#8221;turquoise&#8221; icon_type=&#8221;typicons&#8221; icon_typicons=&#8221;typcn typcn-messages&#8221;]Vi f\u00e5r m\u00e5nga fr\u00e5gor per dag och g\u00f6r v\u00e5rt b\u00e4sta f\u00f6r att besvara alla s\u00e5 snabbt som m\u00f6jligt. Det skulle d\u00e4rf\u00f6r underl\u00e4tta ifall du tittar in svaren nedan, kanske blir just din fundering besvarad. Om du inte f\u00e5r ditt svar fr\u00e5n den h\u00e4r sidan \u00e4r du varmt v\u00e4lkommen att kontakta oss![\/vc_message][vc_btn title=&#8221;Kontakta oss!&#8221; style=&#8221;3d&#8221; color=&#8221;success&#8221; size=&#8221;lg&#8221; align=&#8221;center&#8221; i_icon_fontawesome=&#8221;fas fa-phone-volume&#8221; button_block=&#8221;true&#8221; add_icon=&#8221;true&#8221; link=&#8221;url:https%3A%2F%2Fwww.4h.se%2Fuppsala%2Fkontakta-oss%2F&#8221;][\/vc_column][vc_column width=&#8221;1\/2&#8243;][vc_single_image image=&#8221;869&#8243; img_size=&#8221;550&#215;323&#8243; alignment=&#8221;right&#8221; style=&#8221;vc_box_rounded&#8221;][\/vc_column][\/vc_row][vc_row][vc_column width=&#8221;1\/3&#8243;][vc_single_image image=&#8221;863&#8243; img_size=&#8221;350&#215;150&#8243; style=&#8221;vc_box_rounded&#8221;][vc_column_text]<\/p>\n<h2 style=\"text-align: center\">L\u00e4ger<\/h2>\n<p>[\/vc_column_text][vc_column_text]<\/p>\n<h4><strong>Allm\u00e4nt<\/strong><\/h4>\n<p>[\/vc_column_text][vc_toggle title=&#8221;Kommer jag att f\u00e5 en bekr\u00e4ftelse p\u00e5 min anm\u00e4lan?&#8221; style=&#8221;round&#8221; color=&#8221;peacoc&#8221; css_animation=&#8221;bounceIn&#8221; custom_font_container=&#8221;tag:h4|text_align:left|color:%23000000&#8243; custom_use_theme_fonts=&#8221;yes&#8221; custom_css_animation=&#8221;none&#8221; use_custom_heading=&#8221;true&#8221;]Vi skickar inga bekr\u00e4ftelsemail. Din faktura \u00e4r bekr\u00e4ftelse p\u00e5 anm\u00e4lan, vilket \u00e4r angivet i fakturameddelandet. Har du f\u00e5tt en faktura s\u00e5 \u00e4r anm\u00e4lan registrerad. \u00c4r du fortfarande os\u00e4ker s\u00e5 kan vi hj\u00e4lpa dig att titta upp detta, kontakta oss via mail till <span style=\"color: #00693f;\"><strong>uppsala@4h.se<\/strong><\/span>.[\/vc_toggle][vc_column_text]<\/p>\n<h4><strong>Dagl\u00e4ger<\/strong><\/h4>\n<p>[\/vc_column_text][vc_toggle title=&#8221;Jag har inte f\u00e5tt information inf\u00f6r l\u00e4gret. Var hittar jag detta?&#8221; style=&#8221;round&#8221; color=&#8221;peacoc&#8221; css_animation=&#8221;bounceIn&#8221; custom_font_container=&#8221;tag:h4|text_align:left|color:%23000000&#8243; custom_use_theme_fonts=&#8221;yes&#8221; custom_css_animation=&#8221;none&#8221; css=&#8221;&#8221; use_custom_heading=&#8221;true&#8221;]Vi skickar inga informationsbrev. All information du beh\u00f6ver veta inf\u00f6r l\u00e4gret hittar du p\u00e5 4H-g\u00e5rdarnas hemsida, vilket st\u00e5r angivet i evenemanget n\u00e4r du anm\u00e4ler dig.<\/p>\n<p>\u00c4r du anm\u00e4ld till dagl\u00e4ger p\u00e5 Gr\u00e4nby 4H-g\u00e5rd, l\u00e4s den h\u00f6gra spalten n\u00e4r du <span style=\"color: #00693f;\"><a style=\"color: #00693f;\" href=\"https:\/\/www.4h.se\/granby\/lager\/\"><strong>KLICKAR H\u00c4R.<\/strong><\/a><\/span><\/p>\n<p>\u00c4r du anm\u00e4ld till dagl\u00e4ger p\u00e5 \u00c5rsta 4H-g\u00e5rd, l\u00e4s h\u00e4ftet genom att <span style=\"color: #00693f;\"><a style=\"color: #00693f;\" href=\"https:\/\/www.4h.se\/arsta\/wp-content\/uploads\/sites\/74\/2023\/01\/infoh%C3%A4fte-dagl%C3%A4ger.pdf\"><strong>KLICKA H\u00c4R.<\/strong><\/a><\/span>[\/vc_toggle][vc_toggle title=&#8221;Det ser ut att bli d\u00e5ligt v\u00e4der under l\u00e4gret. Vad beh\u00f6ver jag t\u00e4nka p\u00e5?&#8221; style=&#8221;round&#8221; color=&#8221;peacoc&#8221; css_animation=&#8221;bounceIn&#8221; custom_font_container=&#8221;tag:h4|text_align:left|color:%23000000&#8243; custom_use_theme_fonts=&#8221;yes&#8221; custom_css_animation=&#8221;none&#8221; use_custom_heading=&#8221;true&#8221;]Vi spenderar m\u00e5nga timmar utomhus under v\u00e5ra l\u00e4ger, oavsett v\u00e4der. Se till att ta med bra regnkl\u00e4der och gl\u00f6m inte extrakl\u00e4der![\/vc_toggle][vc_column_text]<\/p>\n<h4><strong>Sommarkollo p\u00e5 Eda<\/strong><\/h4>\n<p>[\/vc_column_text][vc_toggle title=&#8221;Hur m\u00e5nga n\u00e4tter \u00f6vernattar deltagarna?&#8221; style=&#8221;round&#8221; color=&#8221;peacoc&#8221; css_animation=&#8221;bounceIn&#8221; custom_font_container=&#8221;tag:h4|text_align:left|color:%23000000&#8243; custom_use_theme_fonts=&#8221;yes&#8221; custom_css_animation=&#8221;none&#8221; css=&#8221;&#8221; use_custom_heading=&#8221;true&#8221;]Vanligtvis genomf\u00f6rs l\u00e4gret m\u00e5ndag &#8211; fredag, allts\u00e5 fyra n\u00e4tter.[\/vc_toggle][vc_toggle title=&#8221;Jag har inte f\u00e5tt information inf\u00f6r l\u00e4gret. Var hittar jag detta?&#8221; style=&#8221;round&#8221; color=&#8221;peacoc&#8221; css_animation=&#8221;bounceIn&#8221; custom_font_container=&#8221;tag:h4|text_align:left|color:%23000000&#8243; custom_use_theme_fonts=&#8221;yes&#8221; custom_css_animation=&#8221;none&#8221; use_custom_heading=&#8221;true&#8221;]Information skickas ut via mail till alla som \u00e4r anm\u00e4lda till Sommarkollo p\u00e5 Eda. Ibland kan det h\u00e4nda att mailen hamnar i skr\u00e4pposten, titta d\u00e4r. Kan du inte hitta mailet och det \u00e4r mindre \u00e4n 2 veckor kvar till l\u00e4gerstart, kontakta oss snarast via mail till <span style=\"color: #00693f;\"><strong>uppsala@4h.se<\/strong><\/span>.[\/vc_toggle][\/vc_column][vc_column width=&#8221;1\/3&#8243;][vc_single_image image=&#8221;857&#8243; img_size=&#8221;350&#215;150&#8243; style=&#8221;vc_box_rounded&#8221;][vc_column_text]<\/p>\n<h2 style=\"text-align: center\">Fakturor<\/h2>\n<p>[\/vc_column_text][vc_row_inner][vc_column_inner][vc_toggle title=&#8221;Jag har f\u00e5tt tv\u00e5 fakturor f\u00f6r l\u00e4gret, st\u00e4mmer detta?&#8221; style=&#8221;round&#8221; color=&#8221;peacoc&#8221; css_animation=&#8221;bounceIn&#8221; custom_font_container=&#8221;tag:h4|text_align:left|color:%23000000&#8243; custom_use_theme_fonts=&#8221;yes&#8221; custom_css_animation=&#8221;none&#8221; use_custom_heading=&#8221;true&#8221;]Ja, det st\u00e4mmer! F\u00f6r att delta p\u00e5 v\u00e5ra l\u00e4ger beh\u00f6ver du vara medlem i 4H, vilket du blir i samband med anm\u00e4lan. Den ena fakturan g\u00e4ller deltagaravgiften f\u00f6r l\u00e4gret och den andra fakturan g\u00e4ller medlemsavgiften. <em><strong>Notera att det kan vara tv\u00e5 olika bankgironummer p\u00e5 dem.<\/strong><\/em>[\/vc_toggle][vc_toggle title=&#8221;Jag har betalat min faktura men den st\u00e5r som obetald i systemet, varf\u00f6r?&#8221; style=&#8221;round&#8221; color=&#8221;peacoc&#8221; css_animation=&#8221;bounceIn&#8221; custom_font_container=&#8221;tag:h4|text_align:left|color:%23000000&#8243; custom_use_theme_fonts=&#8221;yes&#8221; custom_css_animation=&#8221;none&#8221; use_custom_heading=&#8221;true&#8221;]Vi hanterar alla v\u00e5ra fakturor manuellt, d\u00e4rf\u00f6r kan fakturan vara m\u00e4rkt med &#8221;obetald&#8221; d\u00e5 vi inte har hunnit g\u00e5 igenom den.[\/vc_toggle][vc_toggle title=&#8221;Jag f\u00e5r p\u00e5minnelser att betala en faktura jag redan har betalat, varf\u00f6r?&#8221; style=&#8221;round&#8221; color=&#8221;peacoc&#8221; css_animation=&#8221;bounceIn&#8221; custom_font_container=&#8221;tag:h4|text_align:left|color:%23000000&#8243; custom_use_theme_fonts=&#8221;yes&#8221; custom_css_animation=&#8221;none&#8221; use_custom_heading=&#8221;true&#8221;]Vi hanterar alla v\u00e5ra fakturor manuellt, d\u00e4rf\u00f6r kan fakturan vara m\u00e4rkt med &#8221;obetald&#8221; d\u00e5 vi inte har hunnit g\u00e5 igenom den. Systemet skickar i samband med detta ut automatiska p\u00e5minnelser som f\u00f6rsvinner n\u00e4r vi har markerat fakturan som betald.[\/vc_toggle][\/vc_column_inner][\/vc_row_inner][\/vc_column][vc_column width=&#8221;1\/3&#8243;][vc_single_image image=&#8221;839&#8243; img_size=&#8221;350&#215;150&#8243; style=&#8221;vc_box_rounded&#8221;][vc_column_text]<\/p>\n<h2 style=\"text-align: center\">Medlemskap<\/h2>\n<p>[\/vc_column_text][vc_row_inner][vc_column_inner][vc_toggle title=&#8221;Varf\u00f6r ska jag bli medlem?&#8221; style=&#8221;round&#8221; color=&#8221;peacoc&#8221; css_animation=&#8221;bounceIn&#8221; custom_font_container=&#8221;tag:h4|text_align:left|color:%23000000&#8243; custom_use_theme_fonts=&#8221;yes&#8221; custom_css_animation=&#8221;none&#8221; use_custom_heading=&#8221;true&#8221;]Som medlem \u00e4r du f\u00f6rs\u00e4krad n\u00e4r du deltar p\u00e5 v\u00e5ra aktiviteter. Ut\u00f6ver det f\u00e5r du r\u00f6str\u00e4tt i organisationen, du kan p\u00e5verka din och kompisarnas fritid, utvecklas som ledare och engagerade dig i just dina intresseomr\u00e5den.<\/p>\n<p>Hos oss f\u00e5r du l\u00e4rdomar och f\u00e4rdigheter som \u00e4r anv\u00e4ndbara livet ut![\/vc_toggle][vc_toggle title=&#8221;\u00c4r det ett medlemskap per barn som g\u00e4ller?&#8221; style=&#8221;round&#8221; color=&#8221;peacoc&#8221; css_animation=&#8221;bounceIn&#8221; custom_font_container=&#8221;tag:h4|text_align:left|color:%23000000&#8243; custom_use_theme_fonts=&#8221;yes&#8221; custom_css_animation=&#8221;none&#8221; use_custom_heading=&#8221;true&#8221;]Ja, det st\u00e4mmer. Medlemskapet \u00e4r personligt och d\u00e4rf\u00f6r beh\u00f6ver alla ha varsitt medlemskap.[\/vc_toggle][vc_toggle title=&#8221;Jag vill byta klubb. Hur g\u00e5r jag tillv\u00e4ga?&#8221; style=&#8221;round&#8221; color=&#8221;peacoc&#8221; css_animation=&#8221;bounceIn&#8221; custom_font_container=&#8221;tag:h4|text_align:left|color:%23000000&#8243; custom_use_theme_fonts=&#8221;yes&#8221; custom_css_animation=&#8221;none&#8221; use_custom_heading=&#8221;true&#8221;]Kontakta oss via mail till <span style=\"color: #00693f;\"><strong>uppsala@4h.se<\/strong><\/span>, s\u00e5 hj\u00e4lper vi dig med \u00e4rendet.[\/vc_toggle][vc_toggle title=&#8221;Hur l\u00e4nge g\u00e4ller medlemskapet i 4H?&#8221; style=&#8221;round&#8221; color=&#8221;peacoc&#8221; css_animation=&#8221;bounceIn&#8221; custom_font_container=&#8221;tag:h4|text_align:left|color:%23000000&#8243; custom_use_theme_fonts=&#8221;yes&#8221; custom_css_animation=&#8221;none&#8221; use_custom_heading=&#8221;true&#8221;]Medlemskapet g\u00e4ller \u00e5ret ut, d\u00e4rf\u00f6r beh\u00f6ver du f\u00f6rnya ditt medlemskap i b\u00f6rjan p\u00e5 n\u00e4sta \u00e5r.[\/vc_toggle][\/vc_column_inner][\/vc_row_inner][\/vc_column][\/vc_row]<\/p>\n<\/div>","protected":false},"excerpt":{"rendered":"<p>[vc_row][vc_column width=&#8221;1\/2&#8243;][vc_column_text] Vanliga fr\u00e5gor Har du en fundering? H\u00e4r har vi samlat svar p\u00e5 de vanligaste fr\u00e5gorna vi brukar f\u00e5.[\/vc_column_text][vc_message message_box_color=&#8221;turquoise&#8221; icon_type=&#8221;typicons&#8221; icon_typicons=&#8221;typcn typcn-messages&#8221;]Vi f\u00e5r m\u00e5nga fr\u00e5gor per dag och g\u00f6r v\u00e5rt b\u00e4sta f\u00f6r att besvara alla s\u00e5 snabbt som m\u00f6jligt. Det skulle d\u00e4rf\u00f6r underl\u00e4tta ifall du tittar in svaren nedan, kanske blir just din&nbsp; <a href=\"https:\/\/www.4h.se\/uppsala\/fragor-svar\/\">&hellip; Read more <i class=\"glyphicon glyphicon-arrow-right\"><\/i><\/a><\/p>\n","protected":false},"author":211,"featured_media":0,"parent":0,"menu_order":0,"comment_status":"closed","ping_status":"closed","template":"","meta":{"_acf_changed":false,"footnotes":""},"class_list":["post-864","page","type-page","status-publish","hentry"],"acf":[],"yoast_head":"<!-- This site is optimized with the Yoast SEO plugin v27.4 - https:\/\/yoast.com\/product\/yoast-seo-wordpress\/ -->\n<title>Fr\u00e5gor och svar - 4H i Uppsala<\/title>\n<meta name=\"robots\" content=\"index, follow, max-snippet:-1, max-image-preview:large, max-video-preview:-1\" \/>\n<link rel=\"canonical\" href=\"https:\/\/www.4h.se\/uppsala\/fragor-svar\/\" \/>\n<meta property=\"og:locale\" content=\"sv_SE\" \/>\n<meta property=\"og:type\" content=\"article\" \/>\n<meta property=\"og:title\" content=\"Fr\u00e5gor och svar - 4H i Uppsala\" \/>\n<meta property=\"og:description\" content=\"[vc_row][vc_column width=&#8221;1\/2&#8243;][vc_column_text] Vanliga fr\u00e5gor Har du en fundering? H\u00e4r har vi samlat svar p\u00e5 de vanligaste fr\u00e5gorna vi brukar f\u00e5.[\/vc_column_text][vc_message message_box_color=&#8221;turquoise&#8221; icon_type=&#8221;typicons&#8221; icon_typicons=&#8221;typcn typcn-messages&#8221;]Vi f\u00e5r m\u00e5nga fr\u00e5gor per dag och g\u00f6r v\u00e5rt b\u00e4sta f\u00f6r att besvara alla s\u00e5 snabbt som m\u00f6jligt. Det skulle d\u00e4rf\u00f6r underl\u00e4tta ifall du tittar in svaren nedan, kanske blir just din&nbsp; &hellip; Read more\" \/>\n<meta property=\"og:url\" content=\"https:\/\/www.4h.se\/uppsala\/fragor-svar\/\" \/>\n<meta property=\"og:site_name\" content=\"4H i Uppsala\" \/>\n<meta property=\"article:modified_time\" content=\"2024-08-16T07:27:21+00:00\" \/>\n<meta name=\"twitter:card\" content=\"summary_large_image\" \/>\n<script type=\"application\/ld+json\" class=\"yoast-schema-graph\">{\"@context\":\"https:\\\/\\\/schema.org\",\"@graph\":[{\"@type\":\"WebPage\",\"@id\":\"https:\\\/\\\/www.4h.se\\\/uppsala\\\/fragor-svar\\\/\",\"url\":\"https:\\\/\\\/www.4h.se\\\/uppsala\\\/fragor-svar\\\/\",\"name\":\"Fr\u00e5gor och svar - 4H i Uppsala\",\"isPartOf\":{\"@id\":\"https:\\\/\\\/www.4h.se\\\/uppsala\\\/#website\"},\"datePublished\":\"2023-08-09T09:19:38+00:00\",\"dateModified\":\"2024-08-16T07:27:21+00:00\",\"breadcrumb\":{\"@id\":\"https:\\\/\\\/www.4h.se\\\/uppsala\\\/fragor-svar\\\/#breadcrumb\"},\"inLanguage\":\"sv-SE\",\"potentialAction\":[{\"@type\":\"ReadAction\",\"target\":[\"https:\\\/\\\/www.4h.se\\\/uppsala\\\/fragor-svar\\\/\"]}]},{\"@type\":\"BreadcrumbList\",\"@id\":\"https:\\\/\\\/www.4h.se\\\/uppsala\\\/fragor-svar\\\/#breadcrumb\",\"itemListElement\":[{\"@type\":\"ListItem\",\"position\":1,\"name\":\"Hem\",\"item\":\"https:\\\/\\\/www.4h.se\\\/uppsala\\\/\"},{\"@type\":\"ListItem\",\"position\":2,\"name\":\"Fr\u00e5gor och svar\"}]},{\"@type\":\"WebSite\",\"@id\":\"https:\\\/\\\/www.4h.se\\\/uppsala\\\/#website\",\"url\":\"https:\\\/\\\/www.4h.se\\\/uppsala\\\/\",\"name\":\"4H i Uppsala\",\"description\":\"\",\"potentialAction\":[{\"@type\":\"SearchAction\",\"target\":{\"@type\":\"EntryPoint\",\"urlTemplate\":\"https:\\\/\\\/www.4h.se\\\/uppsala\\\/?s={search_term_string}\"},\"query-input\":{\"@type\":\"PropertyValueSpecification\",\"valueRequired\":true,\"valueName\":\"search_term_string\"}}],\"inLanguage\":\"sv-SE\"}]}<\/script>\n<!-- \/ Yoast SEO plugin. -->","yoast_head_json":{"title":"Fr\u00e5gor och svar - 4H i Uppsala","robots":{"index":"index","follow":"follow","max-snippet":"max-snippet:-1","max-image-preview":"max-image-preview:large","max-video-preview":"max-video-preview:-1"},"canonical":"https:\/\/www.4h.se\/uppsala\/fragor-svar\/","og_locale":"sv_SE","og_type":"article","og_title":"Fr\u00e5gor och svar - 4H i Uppsala","og_description":"[vc_row][vc_column width=&#8221;1\/2&#8243;][vc_column_text] Vanliga fr\u00e5gor Har du en fundering? H\u00e4r har vi samlat svar p\u00e5 de vanligaste fr\u00e5gorna vi brukar f\u00e5.[\/vc_column_text][vc_message message_box_color=&#8221;turquoise&#8221; icon_type=&#8221;typicons&#8221; icon_typicons=&#8221;typcn typcn-messages&#8221;]Vi f\u00e5r m\u00e5nga fr\u00e5gor per dag och g\u00f6r v\u00e5rt b\u00e4sta f\u00f6r att besvara alla s\u00e5 snabbt som m\u00f6jligt. Det skulle d\u00e4rf\u00f6r underl\u00e4tta ifall du tittar in svaren nedan, kanske blir just din&nbsp; &hellip; Read more","og_url":"https:\/\/www.4h.se\/uppsala\/fragor-svar\/","og_site_name":"4H i Uppsala","article_modified_time":"2024-08-16T07:27:21+00:00","twitter_card":"summary_large_image","schema":{"@context":"https:\/\/schema.org","@graph":[{"@type":"WebPage","@id":"https:\/\/www.4h.se\/uppsala\/fragor-svar\/","url":"https:\/\/www.4h.se\/uppsala\/fragor-svar\/","name":"Fr\u00e5gor och svar - 4H i Uppsala","isPartOf":{"@id":"https:\/\/www.4h.se\/uppsala\/#website"},"datePublished":"2023-08-09T09:19:38+00:00","dateModified":"2024-08-16T07:27:21+00:00","breadcrumb":{"@id":"https:\/\/www.4h.se\/uppsala\/fragor-svar\/#breadcrumb"},"inLanguage":"sv-SE","potentialAction":[{"@type":"ReadAction","target":["https:\/\/www.4h.se\/uppsala\/fragor-svar\/"]}]},{"@type":"BreadcrumbList","@id":"https:\/\/www.4h.se\/uppsala\/fragor-svar\/#breadcrumb","itemListElement":[{"@type":"ListItem","position":1,"name":"Hem","item":"https:\/\/www.4h.se\/uppsala\/"},{"@type":"ListItem","position":2,"name":"Fr\u00e5gor och svar"}]},{"@type":"WebSite","@id":"https:\/\/www.4h.se\/uppsala\/#website","url":"https:\/\/www.4h.se\/uppsala\/","name":"4H i Uppsala","description":"","potentialAction":[{"@type":"SearchAction","target":{"@type":"EntryPoint","urlTemplate":"https:\/\/www.4h.se\/uppsala\/?s={search_term_string}"},"query-input":{"@type":"PropertyValueSpecification","valueRequired":true,"valueName":"search_term_string"}}],"inLanguage":"sv-SE"}]}},"_links":{"self":[{"href":"https:\/\/www.4h.se\/uppsala\/wp-json\/wp\/v2\/pages\/864","targetHints":{"allow":["GET"]}}],"collection":[{"href":"https:\/\/www.4h.se\/uppsala\/wp-json\/wp\/v2\/pages"}],"about":[{"href":"https:\/\/www.4h.se\/uppsala\/wp-json\/wp\/v2\/types\/page"}],"author":[{"embeddable":true,"href":"https:\/\/www.4h.se\/uppsala\/wp-json\/wp\/v2\/users\/211"}],"replies":[{"embeddable":true,"href":"https:\/\/www.4h.se\/uppsala\/wp-json\/wp\/v2\/comments?post=864"}],"version-history":[{"count":0,"href":"https:\/\/www.4h.se\/uppsala\/wp-json\/wp\/v2\/pages\/864\/revisions"}],"wp:attachment":[{"href":"https:\/\/www.4h.se\/uppsala\/wp-json\/wp\/v2\/media?parent=864"}],"curies":[{"name":"wp","href":"https:\/\/api.w.org\/{rel}","templated":true}]}}