



{"id":487,"date":"2016-08-18T19:41:44","date_gmt":"2016-08-18T17:41:44","guid":{"rendered":"http:\/\/www.4h.se\/uppsala\/?page_id=487"},"modified":"2025-03-05T15:40:06","modified_gmt":"2025-03-05T14:40:06","slug":"4h-klubbariuppsala","status":"publish","type":"page","link":"https:\/\/www.4h.se\/uppsala\/4h-klubbariuppsala\/","title":{"rendered":"4H-klubbar i Uppsala"},"content":{"rendered":"<div class=\"wpb-content-wrapper\"><p>[vc_row][vc_column][vc_single_image image=&#8221;863&#8243; img_size=&#8221;1110&#215;300&#8243; style=&#8221;vc_box_rounded&#8221; css=&#8221;&#8221;][vc_column_text css=&#8221;&#8221;]<\/p>\n<h1>4H-klubbar i Uppsala<\/h1>\n<p>Nedan hittar du mer information om v\u00e5ra 4H-klubbar i Uppsala.[\/vc_column_text][vc_separator color=&#8221;peacoc&#8221; css=&#8221;&#8221;][\/vc_column][\/vc_row][vc_row][vc_column width=&#8221;1\/3&#8243;][vc_column_text css=&#8221;&#8221;]<\/p>\n<h3>Getgruppens 4H-klubb<\/h3>\n<p>S\u00e4te: Gr\u00e4nby 4H-g\u00e5rd[\/vc_column_text][vc_btn title=&#8221;Bli medlem i Getgruppens 4H-klubb&#8221; style=&#8221;3d&#8221; color=&#8221;success&#8221; size=&#8221;sm&#8221; align=&#8221;center&#8221; css=&#8221;&#8221; button_block=&#8221;true&#8221; link=&#8221;url:https%3A%2F%2Fantribe.com%2Forg%2F4h%2Fgetgruppens-4h-klubb&#8221;][vc_row_inner][vc_column_inner][vc_column_text css=&#8221;&#8221;]<\/p>\n<h3>H\u00e4stblommans 4H-klubb<\/h3>\n<p>S\u00e4te: S\u00e4vja 4H-g\u00e5rd[\/vc_column_text][vc_btn title=&#8221;Bli medlem i H\u00e4stblommans 4H-klubb&#8221; style=&#8221;3d&#8221; color=&#8221;peacoc&#8221; size=&#8221;sm&#8221; align=&#8221;center&#8221; css=&#8221;&#8221; button_block=&#8221;true&#8221; link=&#8221;url:https%3A%2F%2Fantribe.com%2Forg%2F4h%2Fhastblommans-4h-klubb&#8221;][\/vc_column_inner][\/vc_row_inner][vc_row_inner][vc_column_inner][vc_column_text css=&#8221;&#8221;]<\/p>\n<h3>S\u00e4vjas Getg\u00e4ngs 4H-klubb<\/h3>\n<p>S\u00e4te: S\u00e4vja 4H-g\u00e5rd[\/vc_column_text][vc_btn title=&#8221;Bli medlem i S\u00e4vjas Getg\u00e4ngs 4H-klubb&#8221; style=&#8221;3d&#8221; color=&#8221;orange&#8221; size=&#8221;sm&#8221; align=&#8221;center&#8221; css=&#8221;&#8221; button_block=&#8221;true&#8221; link=&#8221;url:https%3A%2F%2Fantribe.com%2Forg%2F4h%2Fsavjas-getgangs-4h-klubb&#8221;][\/vc_column_inner][\/vc_row_inner][vc_row_inner][vc_column_inner][vc_column_text css=&#8221;&#8221;]<\/p>\n<h3>S\u00e4vjas ponny 4H-klubb<\/h3>\n<p>S\u00e4te: S\u00e4vja 4H-g\u00e5rd[\/vc_column_text][vc_btn title=&#8221;Bli medlem i S\u00e4vjas Ponny 4H-klubb&#8221; style=&#8221;3d&#8221; color=&#8221;success&#8221; size=&#8221;sm&#8221; align=&#8221;center&#8221; css=&#8221;&#8221; button_block=&#8221;true&#8221; link=&#8221;url:https%3A%2F%2Fantribe.com%2Forg%2F4h%2Fsavjas-ponny-4h-klubb&#8221;][\/vc_column_inner][\/vc_row_inner][vc_column_text css=&#8221;&#8221;]<\/p>\n<h3>\u00c5rsta 4H-klubb<\/h3>\n<p>S\u00e4te: \u00c5rsta 4H-g\u00e5rd[\/vc_column_text][vc_btn title=&#8221;Bli medlem i \u00c5rsta 4H-klubb&#8221; style=&#8221;3d&#8221; color=&#8221;peacoc&#8221; size=&#8221;sm&#8221; align=&#8221;center&#8221; css=&#8221;&#8221; button_block=&#8221;true&#8221; link=&#8221;url:https%3A%2F%2Fantribe.com%2Forg%2F4h%2Farsta-4h&#8221;][\/vc_column][vc_column width=&#8221;1\/3&#8243;][vc_column_text css=&#8221;&#8221;]<\/p>\n<h3>Gr\u00e4nby 4H-klubb<\/h3>\n<p>S\u00e4te: Gr\u00e4nby 4H-g\u00e5rd[\/vc_column_text][vc_btn title=&#8221;Bli medlem i Gr\u00e4nby 4H-klubb&#8221; style=&#8221;3d&#8221; color=&#8221;success&#8221; size=&#8221;sm&#8221; align=&#8221;center&#8221; css=&#8221;&#8221; button_block=&#8221;true&#8221; link=&#8221;url:https%3A%2F%2Fantribe.com%2Forg%2F4h%2Fgranby-4h&#8221;][vc_row_inner][vc_column_inner][vc_column_text css=&#8221;&#8221;]<\/p>\n<h3>Lilla H\u00e4stklubben 4H-klubb<\/h3>\n<p>S\u00e4te: S\u00e4vja 4H-g\u00e5rd[\/vc_column_text][vc_btn title=&#8221;Bli medlem i Lilla H\u00e4stklubben 4H-klubb&#8221; style=&#8221;3d&#8221; color=&#8221;peacoc&#8221; size=&#8221;sm&#8221; align=&#8221;center&#8221; css=&#8221;&#8221; button_block=&#8221;true&#8221; link=&#8221;url:https%3A%2F%2Fantribe.com%2Forg%2F4h%2Flilla-hastklubben-4h-klubb&#8221;][\/vc_column_inner][\/vc_row_inner][vc_row_inner][vc_column_inner][vc_column_text css=&#8221;&#8221;]<\/p>\n<h3>S\u00e4vjas Girl power 4H-klubb<\/h3>\n<p>S\u00e4te: S\u00e4vja 4H-g\u00e5rd[\/vc_column_text][vc_btn title=&#8221;Bli medlem i S\u00e4vjas Girl Power 4H-klubb&#8221; style=&#8221;3d&#8221; color=&#8221;orange&#8221; size=&#8221;sm&#8221; align=&#8221;center&#8221; css=&#8221;&#8221; button_block=&#8221;true&#8221; link=&#8221;url:https%3A%2F%2Fantribe.com%2Forg%2F4h%2Fsavjas-girl-power-4h-klubb&#8221;][\/vc_column_inner][\/vc_row_inner][vc_row_inner][vc_column_inner][vc_column_text css=&#8221;&#8221;]<\/p>\n<h3>Tierp 4H-klubb<\/h3>\n<p>S\u00e4te: Uppsala[\/vc_column_text][vc_btn title=&#8221;Bli medlem i Tierp 4H-klubb&#8221; style=&#8221;3d&#8221; color=&#8221;success&#8221; size=&#8221;sm&#8221; align=&#8221;center&#8221; css=&#8221;&#8221; button_block=&#8221;true&#8221; link=&#8221;url:https%3A%2F%2Fantribe.com%2Forg%2F4h%2Ftierps-4h&#8221;][\/vc_column_inner][\/vc_row_inner][vc_column_text css=&#8221;&#8221;]<\/p>\n<h3>\u00c5rsta 4-kl\u00f6vern 4H-klubb<\/h3>\n<p>S\u00e4te: \u00c5rsta 4H-g\u00e5rd[\/vc_column_text][vc_btn title=&#8221;Bli medlem i \u00c5rsta 4-kl\u00f6vern 4H-klubb&#8221; style=&#8221;3d&#8221; color=&#8221;peacoc&#8221; size=&#8221;sm&#8221; align=&#8221;center&#8221; css=&#8221;&#8221; button_block=&#8221;true&#8221; link=&#8221;url:https%3A%2F%2Fantribe.com%2Forg%2F4h%2Farsta-4-klovern-4h&#8221;][\/vc_column][vc_column width=&#8221;1\/3&#8243;][vc_column_text css=&#8221;&#8221;]<\/p>\n<h3>H\u00e4rnevi 4H-klubb<\/h3>\n<p>S\u00e4te: Enk\u00f6ping[\/vc_column_text][vc_btn title=&#8221;Bli medlem i H\u00e4rnevi 4H-klubb&#8221; style=&#8221;3d&#8221; color=&#8221;success&#8221; size=&#8221;sm&#8221; align=&#8221;center&#8221; css=&#8221;&#8221; button_block=&#8221;true&#8221; link=&#8221;url:https%3A%2F%2Fantribe.com%2Forg%2F4h%2Fharnevi-4h-klubb&#8221;][vc_row_inner][vc_column_inner][vc_column_text css=&#8221;&#8221;]<\/p>\n<h3>S\u00e4vjas 4H-klubb<\/h3>\n<p>S\u00e4te: S\u00e4vja 4H-g\u00e5rd[\/vc_column_text][vc_btn title=&#8221;Bli medlem i S\u00e4vja 4H-klubb&#8221; style=&#8221;3d&#8221; color=&#8221;peacoc&#8221; size=&#8221;sm&#8221; align=&#8221;center&#8221; css=&#8221;&#8221; button_block=&#8221;true&#8221; link=&#8221;url:https%3A%2F%2Fantribe.com%2Forg%2F4h%2Fsavja-4h&#8221;][\/vc_column_inner][\/vc_row_inner][vc_row_inner][vc_column_inner][vc_column_text css=&#8221;&#8221;]<\/p>\n<h3>S\u00e4vjas kanin 4H-klubb<\/h3>\n<p>S\u00e4te: S\u00e4vja 4H-g\u00e5rd[\/vc_column_text][vc_btn title=&#8221;Bli medlem i S\u00e4vjas Kanin 4H-klubb&#8221; style=&#8221;3d&#8221; color=&#8221;orange&#8221; size=&#8221;sm&#8221; align=&#8221;center&#8221; css=&#8221;&#8221; button_block=&#8221;true&#8221; link=&#8221;url:https%3A%2F%2Fantribe.com%2Forg%2F4h%2Fsavjas-kanin-4h-klubb&#8221;][\/vc_column_inner][\/vc_row_inner][vc_row_inner][vc_column_inner][vc_column_text css=&#8221;&#8221;]<\/p>\n<h3>Tuna 4H-klubb<\/h3>\n<p>S\u00e4te: Tuna bygdeg\u00e5rd[\/vc_column_text][vc_btn title=&#8221;Bli medlem i Tuna 4H-klubb&#8221; style=&#8221;3d&#8221; color=&#8221;success&#8221; size=&#8221;sm&#8221; align=&#8221;center&#8221; css=&#8221;&#8221; button_block=&#8221;true&#8221; link=&#8221;url:https%3A%2F%2Fantribe.com%2Forg%2F4h%2Ftuna-4h&#8221;][\/vc_column_inner][\/vc_row_inner][\/vc_column][\/vc_row]<\/p>\n<\/div>","protected":false},"excerpt":{"rendered":"<p>[vc_row][vc_column][vc_single_image image=&#8221;863&#8243; img_size=&#8221;1110&#215;300&#8243; style=&#8221;vc_box_rounded&#8221; css=&#8221;&#8221;][vc_column_text css=&#8221;&#8221;] 4H-klubbar i Uppsala Nedan hittar du mer information om v\u00e5ra 4H-klubbar i Uppsala.[\/vc_column_text][vc_separator color=&#8221;peacoc&#8221; css=&#8221;&#8221;][\/vc_column][\/vc_row][vc_row][vc_column width=&#8221;1\/3&#8243;][vc_column_text css=&#8221;&#8221;] Getgruppens 4H-klubb S\u00e4te: Gr\u00e4nby 4H-g\u00e5rd[\/vc_column_text][vc_btn title=&#8221;Bli medlem i Getgruppens 4H-klubb&#8221; style=&#8221;3d&#8221; color=&#8221;success&#8221; size=&#8221;sm&#8221; align=&#8221;center&#8221; css=&#8221;&#8221; button_block=&#8221;true&#8221; link=&#8221;url:https%3A%2F%2Fantribe.com%2Forg%2F4h%2Fgetgruppens-4h-klubb&#8221;][vc_row_inner][vc_column_inner][vc_column_text css=&#8221;&#8221;] H\u00e4stblommans 4H-klubb S\u00e4te: S\u00e4vja 4H-g\u00e5rd[\/vc_column_text][vc_btn title=&#8221;Bli medlem i H\u00e4stblommans 4H-klubb&#8221; style=&#8221;3d&#8221; color=&#8221;peacoc&#8221; size=&#8221;sm&#8221; align=&#8221;center&#8221;&nbsp; <a href=\"https:\/\/www.4h.se\/uppsala\/4h-klubbariuppsala\/\">&hellip; Read more <i class=\"glyphicon glyphicon-arrow-right\"><\/i><\/a><\/p>\n","protected":false},"author":31,"featured_media":0,"parent":0,"menu_order":17,"comment_status":"closed","ping_status":"closed","template":"","meta":{"_acf_changed":false,"footnotes":""},"class_list":["post-487","page","type-page","status-publish","hentry"],"acf":[],"yoast_head":"<!-- This site is optimized with the Yoast SEO plugin v27.4 - https:\/\/yoast.com\/product\/yoast-seo-wordpress\/ -->\n<title>4H-klubbar i Uppsala - 4H i Uppsala<\/title>\n<meta name=\"robots\" content=\"index, follow, max-snippet:-1, max-image-preview:large, max-video-preview:-1\" \/>\n<link rel=\"canonical\" href=\"https:\/\/www.4h.se\/uppsala\/4h-klubbariuppsala\/\" \/>\n<meta property=\"og:locale\" content=\"sv_SE\" \/>\n<meta property=\"og:type\" content=\"article\" \/>\n<meta property=\"og:title\" content=\"4H-klubbar i Uppsala - 4H i Uppsala\" \/>\n<meta property=\"og:description\" content=\"[vc_row][vc_column][vc_single_image image=&#8221;863&#8243; img_size=&#8221;1110&#215;300&#8243; style=&#8221;vc_box_rounded&#8221; css=&#8221;&#8221;][vc_column_text css=&#8221;&#8221;] 4H-klubbar i Uppsala Nedan hittar du mer information om v\u00e5ra 4H-klubbar i Uppsala.[\/vc_column_text][vc_separator color=&#8221;peacoc&#8221; css=&#8221;&#8221;][\/vc_column][\/vc_row][vc_row][vc_column width=&#8221;1\/3&#8243;][vc_column_text css=&#8221;&#8221;] Getgruppens 4H-klubb S\u00e4te: Gr\u00e4nby 4H-g\u00e5rd[\/vc_column_text][vc_btn title=&#8221;Bli medlem i Getgruppens 4H-klubb&#8221; style=&#8221;3d&#8221; color=&#8221;success&#8221; size=&#8221;sm&#8221; align=&#8221;center&#8221; css=&#8221;&#8221; button_block=&#8221;true&#8221; link=&#8221;url:https%3A%2F%2Fantribe.com%2Forg%2F4h%2Fgetgruppens-4h-klubb&#8221;][vc_row_inner][vc_column_inner][vc_column_text css=&#8221;&#8221;] H\u00e4stblommans 4H-klubb S\u00e4te: S\u00e4vja 4H-g\u00e5rd[\/vc_column_text][vc_btn title=&#8221;Bli medlem i H\u00e4stblommans 4H-klubb&#8221; style=&#8221;3d&#8221; color=&#8221;peacoc&#8221; size=&#8221;sm&#8221; align=&#8221;center&#8221;&nbsp; &hellip; Read more\" \/>\n<meta property=\"og:url\" content=\"https:\/\/www.4h.se\/uppsala\/4h-klubbariuppsala\/\" \/>\n<meta property=\"og:site_name\" content=\"4H i Uppsala\" \/>\n<meta property=\"article:modified_time\" content=\"2025-03-05T14:40:06+00:00\" \/>\n<meta name=\"twitter:card\" content=\"summary_large_image\" \/>\n<meta name=\"twitter:label1\" content=\"Ber\u00e4knad l\u00e4stid\" \/>\n\t<meta name=\"twitter:data1\" content=\"4 minuter\" \/>\n<script type=\"application\/ld+json\" class=\"yoast-schema-graph\">{\"@context\":\"https:\\\/\\\/schema.org\",\"@graph\":[{\"@type\":\"WebPage\",\"@id\":\"https:\\\/\\\/www.4h.se\\\/uppsala\\\/4h-klubbariuppsala\\\/\",\"url\":\"https:\\\/\\\/www.4h.se\\\/uppsala\\\/4h-klubbariuppsala\\\/\",\"name\":\"4H-klubbar i Uppsala - 4H i Uppsala\",\"isPartOf\":{\"@id\":\"https:\\\/\\\/www.4h.se\\\/uppsala\\\/#website\"},\"datePublished\":\"2016-08-18T17:41:44+00:00\",\"dateModified\":\"2025-03-05T14:40:06+00:00\",\"breadcrumb\":{\"@id\":\"https:\\\/\\\/www.4h.se\\\/uppsala\\\/4h-klubbariuppsala\\\/#breadcrumb\"},\"inLanguage\":\"sv-SE\",\"potentialAction\":[{\"@type\":\"ReadAction\",\"target\":[\"https:\\\/\\\/www.4h.se\\\/uppsala\\\/4h-klubbariuppsala\\\/\"]}]},{\"@type\":\"BreadcrumbList\",\"@id\":\"https:\\\/\\\/www.4h.se\\\/uppsala\\\/4h-klubbariuppsala\\\/#breadcrumb\",\"itemListElement\":[{\"@type\":\"ListItem\",\"position\":1,\"name\":\"Hem\",\"item\":\"https:\\\/\\\/www.4h.se\\\/uppsala\\\/\"},{\"@type\":\"ListItem\",\"position\":2,\"name\":\"4H-klubbar i Uppsala\"}]},{\"@type\":\"WebSite\",\"@id\":\"https:\\\/\\\/www.4h.se\\\/uppsala\\\/#website\",\"url\":\"https:\\\/\\\/www.4h.se\\\/uppsala\\\/\",\"name\":\"4H i Uppsala\",\"description\":\"\",\"potentialAction\":[{\"@type\":\"SearchAction\",\"target\":{\"@type\":\"EntryPoint\",\"urlTemplate\":\"https:\\\/\\\/www.4h.se\\\/uppsala\\\/?s={search_term_string}\"},\"query-input\":{\"@type\":\"PropertyValueSpecification\",\"valueRequired\":true,\"valueName\":\"search_term_string\"}}],\"inLanguage\":\"sv-SE\"}]}<\/script>\n<!-- \/ Yoast SEO plugin. -->","yoast_head_json":{"title":"4H-klubbar i Uppsala - 4H i Uppsala","robots":{"index":"index","follow":"follow","max-snippet":"max-snippet:-1","max-image-preview":"max-image-preview:large","max-video-preview":"max-video-preview:-1"},"canonical":"https:\/\/www.4h.se\/uppsala\/4h-klubbariuppsala\/","og_locale":"sv_SE","og_type":"article","og_title":"4H-klubbar i Uppsala - 4H i Uppsala","og_description":"[vc_row][vc_column][vc_single_image image=&#8221;863&#8243; img_size=&#8221;1110&#215;300&#8243; style=&#8221;vc_box_rounded&#8221; css=&#8221;&#8221;][vc_column_text css=&#8221;&#8221;] 4H-klubbar i Uppsala Nedan hittar du mer information om v\u00e5ra 4H-klubbar i Uppsala.[\/vc_column_text][vc_separator color=&#8221;peacoc&#8221; css=&#8221;&#8221;][\/vc_column][\/vc_row][vc_row][vc_column width=&#8221;1\/3&#8243;][vc_column_text css=&#8221;&#8221;] Getgruppens 4H-klubb S\u00e4te: Gr\u00e4nby 4H-g\u00e5rd[\/vc_column_text][vc_btn title=&#8221;Bli medlem i Getgruppens 4H-klubb&#8221; style=&#8221;3d&#8221; color=&#8221;success&#8221; size=&#8221;sm&#8221; align=&#8221;center&#8221; css=&#8221;&#8221; button_block=&#8221;true&#8221; link=&#8221;url:https%3A%2F%2Fantribe.com%2Forg%2F4h%2Fgetgruppens-4h-klubb&#8221;][vc_row_inner][vc_column_inner][vc_column_text css=&#8221;&#8221;] H\u00e4stblommans 4H-klubb S\u00e4te: S\u00e4vja 4H-g\u00e5rd[\/vc_column_text][vc_btn title=&#8221;Bli medlem i H\u00e4stblommans 4H-klubb&#8221; style=&#8221;3d&#8221; color=&#8221;peacoc&#8221; size=&#8221;sm&#8221; align=&#8221;center&#8221;&nbsp; &hellip; Read more","og_url":"https:\/\/www.4h.se\/uppsala\/4h-klubbariuppsala\/","og_site_name":"4H i Uppsala","article_modified_time":"2025-03-05T14:40:06+00:00","twitter_card":"summary_large_image","twitter_misc":{"Ber\u00e4knad l\u00e4stid":"4 minuter"},"schema":{"@context":"https:\/\/schema.org","@graph":[{"@type":"WebPage","@id":"https:\/\/www.4h.se\/uppsala\/4h-klubbariuppsala\/","url":"https:\/\/www.4h.se\/uppsala\/4h-klubbariuppsala\/","name":"4H-klubbar i Uppsala - 4H i Uppsala","isPartOf":{"@id":"https:\/\/www.4h.se\/uppsala\/#website"},"datePublished":"2016-08-18T17:41:44+00:00","dateModified":"2025-03-05T14:40:06+00:00","breadcrumb":{"@id":"https:\/\/www.4h.se\/uppsala\/4h-klubbariuppsala\/#breadcrumb"},"inLanguage":"sv-SE","potentialAction":[{"@type":"ReadAction","target":["https:\/\/www.4h.se\/uppsala\/4h-klubbariuppsala\/"]}]},{"@type":"BreadcrumbList","@id":"https:\/\/www.4h.se\/uppsala\/4h-klubbariuppsala\/#breadcrumb","itemListElement":[{"@type":"ListItem","position":1,"name":"Hem","item":"https:\/\/www.4h.se\/uppsala\/"},{"@type":"ListItem","position":2,"name":"4H-klubbar i Uppsala"}]},{"@type":"WebSite","@id":"https:\/\/www.4h.se\/uppsala\/#website","url":"https:\/\/www.4h.se\/uppsala\/","name":"4H i Uppsala","description":"","potentialAction":[{"@type":"SearchAction","target":{"@type":"EntryPoint","urlTemplate":"https:\/\/www.4h.se\/uppsala\/?s={search_term_string}"},"query-input":{"@type":"PropertyValueSpecification","valueRequired":true,"valueName":"search_term_string"}}],"inLanguage":"sv-SE"}]}},"_links":{"self":[{"href":"https:\/\/www.4h.se\/uppsala\/wp-json\/wp\/v2\/pages\/487","targetHints":{"allow":["GET"]}}],"collection":[{"href":"https:\/\/www.4h.se\/uppsala\/wp-json\/wp\/v2\/pages"}],"about":[{"href":"https:\/\/www.4h.se\/uppsala\/wp-json\/wp\/v2\/types\/page"}],"author":[{"embeddable":true,"href":"https:\/\/www.4h.se\/uppsala\/wp-json\/wp\/v2\/users\/31"}],"replies":[{"embeddable":true,"href":"https:\/\/www.4h.se\/uppsala\/wp-json\/wp\/v2\/comments?post=487"}],"version-history":[{"count":0,"href":"https:\/\/www.4h.se\/uppsala\/wp-json\/wp\/v2\/pages\/487\/revisions"}],"wp:attachment":[{"href":"https:\/\/www.4h.se\/uppsala\/wp-json\/wp\/v2\/media?parent=487"}],"curies":[{"name":"wp","href":"https:\/\/api.w.org\/{rel}","templated":true}]}}