



{"id":467,"date":"2016-06-16T13:35:28","date_gmt":"2016-06-16T11:35:28","guid":{"rendered":"http:\/\/www.4h.se\/uppsala\/?page_id=467"},"modified":"2025-02-07T09:10:29","modified_gmt":"2025-02-07T08:10:29","slug":"var-vardegrund","status":"publish","type":"page","link":"https:\/\/www.4h.se\/uppsala\/var-vardegrund\/","title":{"rendered":"V\u00e5r v\u00e4rdegrund"},"content":{"rendered":"<div class=\"wpb-content-wrapper\"><p>[vc_row][vc_column][vc_single_image image=&#8221;1091&#8243; img_size=&#8221;1110&#215;300&#8243; style=&#8221;vc_box_rounded&#8221; css=&#8221;&#8221;][vc_column_text]<\/p>\n<h1>V\u00e5r v\u00e4rdegrund<\/h1>\n<p>[\/vc_column_text][\/vc_column][\/vc_row][vc_row][vc_column width=&#8221;1\/2&#8243;][vc_column_text css=&#8221;&#8221;]<\/p>\n<h3>4H:s vision<\/h3>\n<p>[\/vc_column_text][vc_toggle title=&#8221;4H:s vision&#8221; style=&#8221;rounded&#8221; color=&#8221;green&#8221; css_animation=&#8221;bounceIn&#8221; css=&#8221;&#8221;]4H:s vision \u00e4r att alla barn och ungdomar ska utvecklas till engagerade, v\u00e4lm\u00e5ende och ansvarstagande m\u00e4nniskor med respekt f\u00f6r omv\u00e4rlden.[\/vc_toggle][vc_separator color=&#8221;peacoc&#8221; css=&#8221;&#8221;][vc_column_text css=&#8221;&#8221;]<\/p>\n<h3>De fyra H:na<\/h3>\n<p>[\/vc_column_text][vc_toggle title=&#8221;Huvudets H&#8221; style=&#8221;rounded&#8221; color=&#8221;peacoc&#8221; css_animation=&#8221;bounceIn&#8221; css=&#8221;&#8221;]En 4H:are s\u00f6ker kunskap om sin omv\u00e4rld. En 4H:are har och ger andra 4H:are inflytande \u00f6ver 4H-verksamheten.[\/vc_toggle][vc_toggle title=&#8221;Hj\u00e4rtats H&#8221; style=&#8221;rounded&#8221; color=&#8221;peacoc&#8221; css_animation=&#8221;bounceIn&#8221; css=&#8221;&#8221;]En 4H:are visar medk\u00e4nsla och respekt f\u00f6r s\u00e5v\u00e4l andra m\u00e4nniskor som djur och natur. En 4H:are bidrar till att alla k\u00e4nner sig v\u00e4lkomna i 4H.[\/vc_toggle][vc_toggle title=&#8221;Handens H&#8221; style=&#8221;rounded&#8221; color=&#8221;peacoc&#8221; css_animation=&#8221;bounceIn&#8221; css=&#8221;&#8221;]En 4H:are utvecklar f\u00e4rdigheter genom praktiska \u00f6vningar och upplevelser. En 4H:are v\u00e5gar prova nya saker genom mottot &#8221;l\u00e4ra genom att g\u00f6ra&#8221;.[\/vc_toggle][vc_toggle title=&#8221;H\u00e4lsans H&#8221; style=&#8221;rounded&#8221; color=&#8221;peacoc&#8221; css_animation=&#8221;bounceIn&#8221; css=&#8221;&#8221;]En 4H:are har ett sunt levnadss\u00e4tt genom god kost och aktiv fritid i ett tryggt umg\u00e4nge. En 4H:are v\u00e4rnar om sitt eget och andras psykiska v\u00e4lm\u00e5ende.[\/vc_toggle][vc_separator color=&#8221;peacoc&#8221; css=&#8221;&#8221;][vc_column_text css=&#8221;&#8221;]<\/p>\n<h3>4H:s motto<\/h3>\n<p>[\/vc_column_text][vc_toggle title=&#8221;4H:s motto&#8221; style=&#8221;rounded&#8221; color=&#8221;orange&#8221; css_animation=&#8221;bounceIn&#8221; css=&#8221;&#8221;]4H:s motto \u00e4r &#8221;l\u00e4ra genom att g\u00f6ra&#8221;.[\/vc_toggle][vc_separator color=&#8221;peacoc&#8221; css=&#8221;&#8221;][vc_column_text css=&#8221;&#8221;]<\/p>\n<h3>4H:s pedagogik och motto<\/h3>\n<p>Mottot i 4H &#8211; <em>l\u00e4ra genom att g\u00f6ra &#8211;<\/em> \u00e4r otroligt viktigt f\u00f6r organisationen. Det \u00e4r ett starkt verktyg som genom alla tider gjort att m\u00e5nga barn- och ungdomar v\u00e5gat prova nya saker. Med st\u00f6d fr\u00e5n teori vittnar m\u00e5nga barn och ungdomar om att de f\u00f6r f\u00f6rsta g\u00e5ngen k\u00e4nt att de haft l\u00e4tt f\u00f6r att ta till sig nya kunskaper. Detta \u00e4r n\u00e5got 4H \u00e4r oerh\u00f6rt stolta \u00f6ver.<\/p>\n<p>4H:s pedagogik utmanar det traditionella systemet d\u00e4r teori underst\u00f6ds av praktik. Vi g\u00f6r tv\u00e4rtom, vilket har gjort underverk f\u00f6r m\u00e5nga barn och ungas sj\u00e4lvf\u00f6rtroende, sj\u00e4lvk\u00e4nsla och utveckling.<\/p>\n<p>I 4H uppmuntrar vi till att ungdomar ska leda aktiviteter f\u00f6r yngre medlemmar. Vi vill ge dem det ansvaret f\u00f6r att utvecklas och v\u00e4xa med uppgiften.[\/vc_column_text][\/vc_column][vc_column width=&#8221;1\/2&#8243;][vc_empty_space height=&#8221;10px&#8221;][vc_single_image image=&#8221;1070&#8243; img_size=&#8221;full&#8221; style=&#8221;vc_box_rounded&#8221; css=&#8221;&#8221;][vc_btn title=&#8221;V\u00e5r historia&#8221; style=&#8221;3d&#8221; color=&#8221;success&#8221; size=&#8221;lg&#8221; align=&#8221;center&#8221; i_icon_fontawesome=&#8221;fas fa-history&#8221; button_block=&#8221;true&#8221; add_icon=&#8221;true&#8221; link=&#8221;url:https%3A%2F%2Fwww.4h.se%2Fom-4h%2F&#8221;][\/vc_column][\/vc_row]<\/p>\n<\/div>","protected":false},"excerpt":{"rendered":"<p>[vc_row][vc_column][vc_single_image image=&#8221;1091&#8243; img_size=&#8221;1110&#215;300&#8243; style=&#8221;vc_box_rounded&#8221; css=&#8221;&#8221;][vc_column_text] V\u00e5r v\u00e4rdegrund [\/vc_column_text][\/vc_column][\/vc_row][vc_row][vc_column width=&#8221;1\/2&#8243;][vc_column_text css=&#8221;&#8221;] 4H:s vision [\/vc_column_text][vc_toggle title=&#8221;4H:s vision&#8221; style=&#8221;rounded&#8221; color=&#8221;green&#8221; css_animation=&#8221;bounceIn&#8221; css=&#8221;&#8221;]4H:s vision \u00e4r att alla barn och ungdomar ska utvecklas till engagerade, v\u00e4lm\u00e5ende och ansvarstagande m\u00e4nniskor med respekt f\u00f6r omv\u00e4rlden.[\/vc_toggle][vc_separator color=&#8221;peacoc&#8221; css=&#8221;&#8221;][vc_column_text css=&#8221;&#8221;] De fyra H:na [\/vc_column_text][vc_toggle title=&#8221;Huvudets H&#8221; style=&#8221;rounded&#8221; color=&#8221;peacoc&#8221; css_animation=&#8221;bounceIn&#8221; css=&#8221;&#8221;]En 4H:are s\u00f6ker kunskap om&nbsp; <a href=\"https:\/\/www.4h.se\/uppsala\/var-vardegrund\/\">&hellip; Read more <i class=\"glyphicon glyphicon-arrow-right\"><\/i><\/a><\/p>\n","protected":false},"author":43,"featured_media":0,"parent":0,"menu_order":41,"comment_status":"closed","ping_status":"closed","template":"","meta":{"_acf_changed":false,"footnotes":""},"class_list":["post-467","page","type-page","status-publish","hentry"],"acf":[],"yoast_head":"<!-- This site is optimized with the Yoast SEO plugin v27.5 - https:\/\/yoast.com\/product\/yoast-seo-wordpress\/ -->\n<title>V\u00e5r v\u00e4rdegrund - 4H i Uppsala<\/title>\n<meta name=\"robots\" content=\"index, follow, max-snippet:-1, max-image-preview:large, max-video-preview:-1\" \/>\n<link rel=\"canonical\" href=\"https:\/\/www.4h.se\/uppsala\/var-vardegrund\/\" \/>\n<meta property=\"og:locale\" content=\"sv_SE\" \/>\n<meta property=\"og:type\" content=\"article\" \/>\n<meta property=\"og:title\" content=\"V\u00e5r v\u00e4rdegrund - 4H i Uppsala\" \/>\n<meta property=\"og:description\" content=\"[vc_row][vc_column][vc_single_image image=&#8221;1091&#8243; img_size=&#8221;1110&#215;300&#8243; style=&#8221;vc_box_rounded&#8221; css=&#8221;&#8221;][vc_column_text] V\u00e5r v\u00e4rdegrund [\/vc_column_text][\/vc_column][\/vc_row][vc_row][vc_column width=&#8221;1\/2&#8243;][vc_column_text css=&#8221;&#8221;] 4H:s vision [\/vc_column_text][vc_toggle title=&#8221;4H:s vision&#8221; style=&#8221;rounded&#8221; color=&#8221;green&#8221; css_animation=&#8221;bounceIn&#8221; css=&#8221;&#8221;]4H:s vision \u00e4r att alla barn och ungdomar ska utvecklas till engagerade, v\u00e4lm\u00e5ende och ansvarstagande m\u00e4nniskor med respekt f\u00f6r omv\u00e4rlden.[\/vc_toggle][vc_separator color=&#8221;peacoc&#8221; css=&#8221;&#8221;][vc_column_text css=&#8221;&#8221;] De fyra H:na [\/vc_column_text][vc_toggle title=&#8221;Huvudets H&#8221; style=&#8221;rounded&#8221; color=&#8221;peacoc&#8221; css_animation=&#8221;bounceIn&#8221; css=&#8221;&#8221;]En 4H:are s\u00f6ker kunskap om&nbsp; &hellip; Read more\" \/>\n<meta property=\"og:url\" content=\"https:\/\/www.4h.se\/uppsala\/var-vardegrund\/\" \/>\n<meta property=\"og:site_name\" content=\"4H i Uppsala\" \/>\n<meta property=\"article:modified_time\" content=\"2025-02-07T08:10:29+00:00\" \/>\n<meta name=\"twitter:card\" content=\"summary_large_image\" \/>\n<script type=\"application\/ld+json\" class=\"yoast-schema-graph\">{\"@context\":\"https:\\\/\\\/schema.org\",\"@graph\":[{\"@type\":\"WebPage\",\"@id\":\"https:\\\/\\\/www.4h.se\\\/uppsala\\\/var-vardegrund\\\/\",\"url\":\"https:\\\/\\\/www.4h.se\\\/uppsala\\\/var-vardegrund\\\/\",\"name\":\"V\u00e5r v\u00e4rdegrund - 4H i Uppsala\",\"isPartOf\":{\"@id\":\"https:\\\/\\\/www.4h.se\\\/uppsala\\\/#website\"},\"datePublished\":\"2016-06-16T11:35:28+00:00\",\"dateModified\":\"2025-02-07T08:10:29+00:00\",\"breadcrumb\":{\"@id\":\"https:\\\/\\\/www.4h.se\\\/uppsala\\\/var-vardegrund\\\/#breadcrumb\"},\"inLanguage\":\"sv-SE\",\"potentialAction\":[{\"@type\":\"ReadAction\",\"target\":[\"https:\\\/\\\/www.4h.se\\\/uppsala\\\/var-vardegrund\\\/\"]}]},{\"@type\":\"BreadcrumbList\",\"@id\":\"https:\\\/\\\/www.4h.se\\\/uppsala\\\/var-vardegrund\\\/#breadcrumb\",\"itemListElement\":[{\"@type\":\"ListItem\",\"position\":1,\"name\":\"Hem\",\"item\":\"https:\\\/\\\/www.4h.se\\\/uppsala\\\/\"},{\"@type\":\"ListItem\",\"position\":2,\"name\":\"V\u00e5r v\u00e4rdegrund\"}]},{\"@type\":\"WebSite\",\"@id\":\"https:\\\/\\\/www.4h.se\\\/uppsala\\\/#website\",\"url\":\"https:\\\/\\\/www.4h.se\\\/uppsala\\\/\",\"name\":\"4H i Uppsala\",\"description\":\"\",\"potentialAction\":[{\"@type\":\"SearchAction\",\"target\":{\"@type\":\"EntryPoint\",\"urlTemplate\":\"https:\\\/\\\/www.4h.se\\\/uppsala\\\/?s={search_term_string}\"},\"query-input\":{\"@type\":\"PropertyValueSpecification\",\"valueRequired\":true,\"valueName\":\"search_term_string\"}}],\"inLanguage\":\"sv-SE\"}]}<\/script>\n<!-- \/ Yoast SEO plugin. -->","yoast_head_json":{"title":"V\u00e5r v\u00e4rdegrund - 4H i Uppsala","robots":{"index":"index","follow":"follow","max-snippet":"max-snippet:-1","max-image-preview":"max-image-preview:large","max-video-preview":"max-video-preview:-1"},"canonical":"https:\/\/www.4h.se\/uppsala\/var-vardegrund\/","og_locale":"sv_SE","og_type":"article","og_title":"V\u00e5r v\u00e4rdegrund - 4H i Uppsala","og_description":"[vc_row][vc_column][vc_single_image image=&#8221;1091&#8243; img_size=&#8221;1110&#215;300&#8243; style=&#8221;vc_box_rounded&#8221; css=&#8221;&#8221;][vc_column_text] V\u00e5r v\u00e4rdegrund [\/vc_column_text][\/vc_column][\/vc_row][vc_row][vc_column width=&#8221;1\/2&#8243;][vc_column_text css=&#8221;&#8221;] 4H:s vision [\/vc_column_text][vc_toggle title=&#8221;4H:s vision&#8221; style=&#8221;rounded&#8221; color=&#8221;green&#8221; css_animation=&#8221;bounceIn&#8221; css=&#8221;&#8221;]4H:s vision \u00e4r att alla barn och ungdomar ska utvecklas till engagerade, v\u00e4lm\u00e5ende och ansvarstagande m\u00e4nniskor med respekt f\u00f6r omv\u00e4rlden.[\/vc_toggle][vc_separator color=&#8221;peacoc&#8221; css=&#8221;&#8221;][vc_column_text css=&#8221;&#8221;] De fyra H:na [\/vc_column_text][vc_toggle title=&#8221;Huvudets H&#8221; style=&#8221;rounded&#8221; color=&#8221;peacoc&#8221; css_animation=&#8221;bounceIn&#8221; css=&#8221;&#8221;]En 4H:are s\u00f6ker kunskap om&nbsp; &hellip; Read more","og_url":"https:\/\/www.4h.se\/uppsala\/var-vardegrund\/","og_site_name":"4H i Uppsala","article_modified_time":"2025-02-07T08:10:29+00:00","twitter_card":"summary_large_image","schema":{"@context":"https:\/\/schema.org","@graph":[{"@type":"WebPage","@id":"https:\/\/www.4h.se\/uppsala\/var-vardegrund\/","url":"https:\/\/www.4h.se\/uppsala\/var-vardegrund\/","name":"V\u00e5r v\u00e4rdegrund - 4H i Uppsala","isPartOf":{"@id":"https:\/\/www.4h.se\/uppsala\/#website"},"datePublished":"2016-06-16T11:35:28+00:00","dateModified":"2025-02-07T08:10:29+00:00","breadcrumb":{"@id":"https:\/\/www.4h.se\/uppsala\/var-vardegrund\/#breadcrumb"},"inLanguage":"sv-SE","potentialAction":[{"@type":"ReadAction","target":["https:\/\/www.4h.se\/uppsala\/var-vardegrund\/"]}]},{"@type":"BreadcrumbList","@id":"https:\/\/www.4h.se\/uppsala\/var-vardegrund\/#breadcrumb","itemListElement":[{"@type":"ListItem","position":1,"name":"Hem","item":"https:\/\/www.4h.se\/uppsala\/"},{"@type":"ListItem","position":2,"name":"V\u00e5r v\u00e4rdegrund"}]},{"@type":"WebSite","@id":"https:\/\/www.4h.se\/uppsala\/#website","url":"https:\/\/www.4h.se\/uppsala\/","name":"4H i Uppsala","description":"","potentialAction":[{"@type":"SearchAction","target":{"@type":"EntryPoint","urlTemplate":"https:\/\/www.4h.se\/uppsala\/?s={search_term_string}"},"query-input":{"@type":"PropertyValueSpecification","valueRequired":true,"valueName":"search_term_string"}}],"inLanguage":"sv-SE"}]}},"_links":{"self":[{"href":"https:\/\/www.4h.se\/uppsala\/wp-json\/wp\/v2\/pages\/467","targetHints":{"allow":["GET"]}}],"collection":[{"href":"https:\/\/www.4h.se\/uppsala\/wp-json\/wp\/v2\/pages"}],"about":[{"href":"https:\/\/www.4h.se\/uppsala\/wp-json\/wp\/v2\/types\/page"}],"author":[{"embeddable":true,"href":"https:\/\/www.4h.se\/uppsala\/wp-json\/wp\/v2\/users\/43"}],"replies":[{"embeddable":true,"href":"https:\/\/www.4h.se\/uppsala\/wp-json\/wp\/v2\/comments?post=467"}],"version-history":[{"count":0,"href":"https:\/\/www.4h.se\/uppsala\/wp-json\/wp\/v2\/pages\/467\/revisions"}],"wp:attachment":[{"href":"https:\/\/www.4h.se\/uppsala\/wp-json\/wp\/v2\/media?parent=467"}],"curies":[{"name":"wp","href":"https:\/\/api.w.org\/{rel}","templated":true}]}}