



{"id":403,"date":"2016-06-15T11:43:35","date_gmt":"2016-06-15T09:43:35","guid":{"rendered":"http:\/\/www.4h.se\/uppsala\/?page_id=403"},"modified":"2025-01-31T11:23:50","modified_gmt":"2025-01-31T10:23:50","slug":"4h-gardariuppsala","status":"publish","type":"page","link":"https:\/\/www.4h.se\/uppsala\/4h-gardariuppsala\/","title":{"rendered":"4H-g\u00e5rdar i Uppsala"},"content":{"rendered":"<div class=\"wpb-content-wrapper\"><p>[vc_row][vc_column][vc_single_image image=&#8221;1013&#8243; img_size=&#8221;1110&#215;300&#8243; style=&#8221;vc_box_rounded&#8221; css=&#8221;&#8221;][vc_column_text css=&#8221;&#8221;]<\/p>\n<h1>4H-g\u00e5rdar i Uppsala<\/h1>\n<p>Nedan hittar du mer information om v\u00e5ra 4H-g\u00e5rdar i Uppsala.[\/vc_column_text][\/vc_column][\/vc_row][vc_row][vc_column][vc_separator color=&#8221;peacoc&#8221; css=&#8221;&#8221;][\/vc_column][\/vc_row][vc_row][vc_column width=&#8221;1\/3&#8243;][vc_column_text css=&#8221;&#8221;]<\/p>\n<h3 style=\"text-align: left;\">Gr\u00e4nby 4H-g\u00e5rd<\/h3>\n<p><strong>G\u00e5rdens \u00f6ppettider:<br \/>\n<\/strong>Vardagar: kl. 09:00 &#8211; 16:00<br \/>\nHelger: kl. 09:00 &#8211; 15:00<\/p>\n<p style=\"text-align: left;\"><em>Vill du veta mer om g\u00e5rdens djur, aktiviteter och verksamhet &#8211; f\u00f6lj Gr\u00e4nby 4H-g\u00e5rd!<\/em><\/p>\n<p>[\/vc_column_text][vc_btn title=&#8221;Instagram&#8221; style=&#8221;3d&#8221; color=&#8221;success&#8221; size=&#8221;sm&#8221; align=&#8221;center&#8221; i_icon_fontawesome=&#8221;fab fa-instagram&#8221; css=&#8221;&#8221; button_block=&#8221;true&#8221; add_icon=&#8221;true&#8221; link=&#8221;url:https%3A%2F%2Fwww.instagram.com%2Fgranby4hgard%2F|target:_blank&#8221;][vc_btn title=&#8221;Facebook&#8221; style=&#8221;3d&#8221; color=&#8221;peacoc&#8221; size=&#8221;sm&#8221; align=&#8221;center&#8221; i_icon_fontawesome=&#8221;fab fa-facebook-square&#8221; css=&#8221;&#8221; button_block=&#8221;true&#8221; add_icon=&#8221;true&#8221; link=&#8221;url:https%3A%2F%2Fwww.facebook.com%2FGranby4hGard|target:_blank&#8221;][vc_btn title=&#8221;Hemsida&#8221; style=&#8221;3d&#8221; color=&#8221;orange&#8221; size=&#8221;sm&#8221; align=&#8221;center&#8221; i_icon_fontawesome=&#8221;fas fa-tv&#8221; css=&#8221;&#8221; button_block=&#8221;true&#8221; add_icon=&#8221;true&#8221; link=&#8221;url:https%3A%2F%2Fwww.4h.se%2Fgranby%2F|target:_blank&#8221;][\/vc_column][vc_column width=&#8221;1\/3&#8243;][vc_column_text css=&#8221;&#8221;]<\/p>\n<h3 style=\"text-align: left;\">S\u00e4vja 4H-g\u00e5rd<\/h3>\n<p><b>G\u00e5rdens \u00f6ppettider:<br \/>\n<\/b>Vardagar: kl. 09:00 &#8211; 16:00<br \/>\nHelger: kl. 09:00 &#8211; 15:00<\/p>\n<p><em>Vill du veta mer om g\u00e5rdens djur, aktiviteter och verksamhet &#8211; f\u00f6lj S\u00e4vja 4H-g\u00e5rd!<\/em>[\/vc_column_text][vc_btn title=&#8221;Instagram&#8221; style=&#8221;3d&#8221; color=&#8221;success&#8221; size=&#8221;sm&#8221; align=&#8221;center&#8221; i_icon_fontawesome=&#8221;fab fa-instagram&#8221; css=&#8221;&#8221; button_block=&#8221;true&#8221; add_icon=&#8221;true&#8221; link=&#8221;url:https%3A%2F%2Fwww.instagram.com%2Fsavja4hgard%2F|target:_blank&#8221;][vc_btn title=&#8221;Facebook&#8221; style=&#8221;3d&#8221; color=&#8221;peacoc&#8221; size=&#8221;sm&#8221; align=&#8221;center&#8221; i_icon_fontawesome=&#8221;fab fa-facebook-square&#8221; css=&#8221;&#8221; button_block=&#8221;true&#8221; add_icon=&#8221;true&#8221; link=&#8221;url:https%3A%2F%2Fwww.facebook.com%2Fp%2FS%25C3%25A4vja-4H-g%25C3%25A5rd-100085996362473%2F%3Fpaipv%3D0%26eav%3DAfaToP2OT-fbit8BZzLr9NPKYQc6_cZBWjtNkcNvLJP2-Wz7tNUrJN9e88xVzevgRPw%26_rdr|target:_blank&#8221;][vc_btn title=&#8221;Hemsida&#8221; style=&#8221;3d&#8221; color=&#8221;orange&#8221; size=&#8221;sm&#8221; align=&#8221;center&#8221; i_icon_fontawesome=&#8221;fas fa-tv&#8221; css=&#8221;&#8221; button_block=&#8221;true&#8221; add_icon=&#8221;true&#8221; link=&#8221;url:https%3A%2F%2Fwww.4h.se%2Fsavja%2F|target:_blank&#8221;][\/vc_column][vc_column width=&#8221;1\/3&#8243;][vc_column_text css=&#8221;&#8221;]<\/p>\n<h3 style=\"text-align: left;\">\u00c5rsta 4H-g\u00e5rd<\/h3>\n<p><strong>G\u00e5rdens \u00f6ppettider:<br \/>\n<\/strong>Vardagar: kl. 09:00 &#8211; 16:00<br \/>\nHelger: kl. 09:00 &#8211; 15:00<\/p>\n<p><em>Vill du veta mer om g\u00e5rdens djur, aktiviteter och verksamhet &#8211; f\u00f6lj \u00c5rsta 4H-g\u00e5rd!<\/em>[\/vc_column_text][vc_btn title=&#8221;Instagram&#8221; style=&#8221;3d&#8221; color=&#8221;success&#8221; size=&#8221;sm&#8221; align=&#8221;center&#8221; i_icon_fontawesome=&#8221;fab fa-instagram&#8221; css=&#8221;&#8221; button_block=&#8221;true&#8221; add_icon=&#8221;true&#8221; link=&#8221;url:https%3A%2F%2Fwww.instagram.com%2Farsta4hgard%2F|target:_blank&#8221;][vc_btn title=&#8221;Facebook&#8221; style=&#8221;3d&#8221; color=&#8221;peacoc&#8221; size=&#8221;sm&#8221; align=&#8221;center&#8221; i_icon_fontawesome=&#8221;fab fa-facebook-square&#8221; css=&#8221;&#8221; button_block=&#8221;true&#8221; add_icon=&#8221;true&#8221; link=&#8221;url:https%3A%2F%2Fwww.facebook.com%2Farsta4H|target:_blank&#8221;][vc_btn title=&#8221;Hemsida&#8221; style=&#8221;3d&#8221; color=&#8221;orange&#8221; size=&#8221;sm&#8221; align=&#8221;center&#8221; i_icon_fontawesome=&#8221;fas fa-tv&#8221; css=&#8221;&#8221; button_block=&#8221;true&#8221; add_icon=&#8221;true&#8221; link=&#8221;url:https%3A%2F%2Fwww.4h.se%2Farsta%2F|target:_blank&#8221;][\/vc_column][\/vc_row]<\/p>\n<\/div>","protected":false},"excerpt":{"rendered":"<p>[vc_row][vc_column][vc_single_image image=&#8221;1013&#8243; img_size=&#8221;1110&#215;300&#8243; style=&#8221;vc_box_rounded&#8221; css=&#8221;&#8221;][vc_column_text css=&#8221;&#8221;] 4H-g\u00e5rdar i Uppsala Nedan hittar du mer information om v\u00e5ra 4H-g\u00e5rdar i Uppsala.[\/vc_column_text][\/vc_column][\/vc_row][vc_row][vc_column][vc_separator color=&#8221;peacoc&#8221; css=&#8221;&#8221;][\/vc_column][\/vc_row][vc_row][vc_column width=&#8221;1\/3&#8243;][vc_column_text css=&#8221;&#8221;] Gr\u00e4nby 4H-g\u00e5rd G\u00e5rdens \u00f6ppettider: Vardagar: kl. 09:00 &#8211; 16:00 Helger: kl. 09:00 &#8211; 15:00 Vill du veta mer om g\u00e5rdens djur, aktiviteter och verksamhet &#8211; f\u00f6lj Gr\u00e4nby 4H-g\u00e5rd! [\/vc_column_text][vc_btn title=&#8221;Instagram&#8221; style=&#8221;3d&#8221; color=&#8221;success&#8221;&nbsp; <a href=\"https:\/\/www.4h.se\/uppsala\/4h-gardariuppsala\/\">&hellip; Read more <i class=\"glyphicon glyphicon-arrow-right\"><\/i><\/a><\/p>\n","protected":false},"author":43,"featured_media":0,"parent":0,"menu_order":16,"comment_status":"closed","ping_status":"closed","template":"","meta":{"_acf_changed":false,"footnotes":""},"class_list":["post-403","page","type-page","status-publish","hentry"],"acf":[],"yoast_head":"<!-- This site is optimized with the Yoast SEO plugin v27.4 - https:\/\/yoast.com\/product\/yoast-seo-wordpress\/ -->\n<title>4H-g\u00e5rdar i Uppsala - 4H i Uppsala<\/title>\n<meta name=\"robots\" content=\"index, follow, max-snippet:-1, max-image-preview:large, max-video-preview:-1\" \/>\n<link rel=\"canonical\" href=\"https:\/\/www.4h.se\/uppsala\/4h-gardariuppsala\/\" \/>\n<meta property=\"og:locale\" content=\"sv_SE\" \/>\n<meta property=\"og:type\" content=\"article\" \/>\n<meta property=\"og:title\" content=\"4H-g\u00e5rdar i Uppsala - 4H i Uppsala\" \/>\n<meta property=\"og:description\" content=\"[vc_row][vc_column][vc_single_image image=&#8221;1013&#8243; img_size=&#8221;1110&#215;300&#8243; style=&#8221;vc_box_rounded&#8221; css=&#8221;&#8221;][vc_column_text css=&#8221;&#8221;] 4H-g\u00e5rdar i Uppsala Nedan hittar du mer information om v\u00e5ra 4H-g\u00e5rdar i Uppsala.[\/vc_column_text][\/vc_column][\/vc_row][vc_row][vc_column][vc_separator color=&#8221;peacoc&#8221; css=&#8221;&#8221;][\/vc_column][\/vc_row][vc_row][vc_column width=&#8221;1\/3&#8243;][vc_column_text css=&#8221;&#8221;] Gr\u00e4nby 4H-g\u00e5rd G\u00e5rdens \u00f6ppettider: Vardagar: kl. 09:00 &#8211; 16:00 Helger: kl. 09:00 &#8211; 15:00 Vill du veta mer om g\u00e5rdens djur, aktiviteter och verksamhet &#8211; f\u00f6lj Gr\u00e4nby 4H-g\u00e5rd! [\/vc_column_text][vc_btn title=&#8221;Instagram&#8221; style=&#8221;3d&#8221; color=&#8221;success&#8221;&nbsp; &hellip; Read more\" \/>\n<meta property=\"og:url\" content=\"https:\/\/www.4h.se\/uppsala\/4h-gardariuppsala\/\" \/>\n<meta property=\"og:site_name\" content=\"4H i Uppsala\" \/>\n<meta property=\"article:modified_time\" content=\"2025-01-31T10:23:50+00:00\" \/>\n<meta name=\"twitter:card\" content=\"summary_large_image\" \/>\n<meta name=\"twitter:label1\" content=\"Ber\u00e4knad l\u00e4stid\" \/>\n\t<meta name=\"twitter:data1\" content=\"3 minuter\" \/>\n<script type=\"application\/ld+json\" class=\"yoast-schema-graph\">{\"@context\":\"https:\\\/\\\/schema.org\",\"@graph\":[{\"@type\":\"WebPage\",\"@id\":\"https:\\\/\\\/www.4h.se\\\/uppsala\\\/4h-gardariuppsala\\\/\",\"url\":\"https:\\\/\\\/www.4h.se\\\/uppsala\\\/4h-gardariuppsala\\\/\",\"name\":\"4H-g\u00e5rdar i Uppsala - 4H i Uppsala\",\"isPartOf\":{\"@id\":\"https:\\\/\\\/www.4h.se\\\/uppsala\\\/#website\"},\"datePublished\":\"2016-06-15T09:43:35+00:00\",\"dateModified\":\"2025-01-31T10:23:50+00:00\",\"breadcrumb\":{\"@id\":\"https:\\\/\\\/www.4h.se\\\/uppsala\\\/4h-gardariuppsala\\\/#breadcrumb\"},\"inLanguage\":\"sv-SE\",\"potentialAction\":[{\"@type\":\"ReadAction\",\"target\":[\"https:\\\/\\\/www.4h.se\\\/uppsala\\\/4h-gardariuppsala\\\/\"]}]},{\"@type\":\"BreadcrumbList\",\"@id\":\"https:\\\/\\\/www.4h.se\\\/uppsala\\\/4h-gardariuppsala\\\/#breadcrumb\",\"itemListElement\":[{\"@type\":\"ListItem\",\"position\":1,\"name\":\"Hem\",\"item\":\"https:\\\/\\\/www.4h.se\\\/uppsala\\\/\"},{\"@type\":\"ListItem\",\"position\":2,\"name\":\"4H-g\u00e5rdar i Uppsala\"}]},{\"@type\":\"WebSite\",\"@id\":\"https:\\\/\\\/www.4h.se\\\/uppsala\\\/#website\",\"url\":\"https:\\\/\\\/www.4h.se\\\/uppsala\\\/\",\"name\":\"4H i Uppsala\",\"description\":\"\",\"potentialAction\":[{\"@type\":\"SearchAction\",\"target\":{\"@type\":\"EntryPoint\",\"urlTemplate\":\"https:\\\/\\\/www.4h.se\\\/uppsala\\\/?s={search_term_string}\"},\"query-input\":{\"@type\":\"PropertyValueSpecification\",\"valueRequired\":true,\"valueName\":\"search_term_string\"}}],\"inLanguage\":\"sv-SE\"}]}<\/script>\n<!-- \/ Yoast SEO plugin. -->","yoast_head_json":{"title":"4H-g\u00e5rdar i Uppsala - 4H i Uppsala","robots":{"index":"index","follow":"follow","max-snippet":"max-snippet:-1","max-image-preview":"max-image-preview:large","max-video-preview":"max-video-preview:-1"},"canonical":"https:\/\/www.4h.se\/uppsala\/4h-gardariuppsala\/","og_locale":"sv_SE","og_type":"article","og_title":"4H-g\u00e5rdar i Uppsala - 4H i Uppsala","og_description":"[vc_row][vc_column][vc_single_image image=&#8221;1013&#8243; img_size=&#8221;1110&#215;300&#8243; style=&#8221;vc_box_rounded&#8221; css=&#8221;&#8221;][vc_column_text css=&#8221;&#8221;] 4H-g\u00e5rdar i Uppsala Nedan hittar du mer information om v\u00e5ra 4H-g\u00e5rdar i Uppsala.[\/vc_column_text][\/vc_column][\/vc_row][vc_row][vc_column][vc_separator color=&#8221;peacoc&#8221; css=&#8221;&#8221;][\/vc_column][\/vc_row][vc_row][vc_column width=&#8221;1\/3&#8243;][vc_column_text css=&#8221;&#8221;] Gr\u00e4nby 4H-g\u00e5rd G\u00e5rdens \u00f6ppettider: Vardagar: kl. 09:00 &#8211; 16:00 Helger: kl. 09:00 &#8211; 15:00 Vill du veta mer om g\u00e5rdens djur, aktiviteter och verksamhet &#8211; f\u00f6lj Gr\u00e4nby 4H-g\u00e5rd! [\/vc_column_text][vc_btn title=&#8221;Instagram&#8221; style=&#8221;3d&#8221; color=&#8221;success&#8221;&nbsp; &hellip; Read more","og_url":"https:\/\/www.4h.se\/uppsala\/4h-gardariuppsala\/","og_site_name":"4H i Uppsala","article_modified_time":"2025-01-31T10:23:50+00:00","twitter_card":"summary_large_image","twitter_misc":{"Ber\u00e4knad l\u00e4stid":"3 minuter"},"schema":{"@context":"https:\/\/schema.org","@graph":[{"@type":"WebPage","@id":"https:\/\/www.4h.se\/uppsala\/4h-gardariuppsala\/","url":"https:\/\/www.4h.se\/uppsala\/4h-gardariuppsala\/","name":"4H-g\u00e5rdar i Uppsala - 4H i Uppsala","isPartOf":{"@id":"https:\/\/www.4h.se\/uppsala\/#website"},"datePublished":"2016-06-15T09:43:35+00:00","dateModified":"2025-01-31T10:23:50+00:00","breadcrumb":{"@id":"https:\/\/www.4h.se\/uppsala\/4h-gardariuppsala\/#breadcrumb"},"inLanguage":"sv-SE","potentialAction":[{"@type":"ReadAction","target":["https:\/\/www.4h.se\/uppsala\/4h-gardariuppsala\/"]}]},{"@type":"BreadcrumbList","@id":"https:\/\/www.4h.se\/uppsala\/4h-gardariuppsala\/#breadcrumb","itemListElement":[{"@type":"ListItem","position":1,"name":"Hem","item":"https:\/\/www.4h.se\/uppsala\/"},{"@type":"ListItem","position":2,"name":"4H-g\u00e5rdar i Uppsala"}]},{"@type":"WebSite","@id":"https:\/\/www.4h.se\/uppsala\/#website","url":"https:\/\/www.4h.se\/uppsala\/","name":"4H i Uppsala","description":"","potentialAction":[{"@type":"SearchAction","target":{"@type":"EntryPoint","urlTemplate":"https:\/\/www.4h.se\/uppsala\/?s={search_term_string}"},"query-input":{"@type":"PropertyValueSpecification","valueRequired":true,"valueName":"search_term_string"}}],"inLanguage":"sv-SE"}]}},"_links":{"self":[{"href":"https:\/\/www.4h.se\/uppsala\/wp-json\/wp\/v2\/pages\/403","targetHints":{"allow":["GET"]}}],"collection":[{"href":"https:\/\/www.4h.se\/uppsala\/wp-json\/wp\/v2\/pages"}],"about":[{"href":"https:\/\/www.4h.se\/uppsala\/wp-json\/wp\/v2\/types\/page"}],"author":[{"embeddable":true,"href":"https:\/\/www.4h.se\/uppsala\/wp-json\/wp\/v2\/users\/43"}],"replies":[{"embeddable":true,"href":"https:\/\/www.4h.se\/uppsala\/wp-json\/wp\/v2\/comments?post=403"}],"version-history":[{"count":0,"href":"https:\/\/www.4h.se\/uppsala\/wp-json\/wp\/v2\/pages\/403\/revisions"}],"wp:attachment":[{"href":"https:\/\/www.4h.se\/uppsala\/wp-json\/wp\/v2\/media?parent=403"}],"curies":[{"name":"wp","href":"https:\/\/api.w.org\/{rel}","templated":true}]}}