



{"id":285,"date":"2015-10-07T09:13:53","date_gmt":"2015-10-07T07:13:53","guid":{"rendered":"http:\/\/www.4h.se\/uppsala\/?page_id=285"},"modified":"2025-10-07T17:03:45","modified_gmt":"2025-10-07T15:03:45","slug":"bli-medlem","status":"publish","type":"page","link":"https:\/\/www.4h.se\/uppsala\/bli-medlem\/","title":{"rendered":"Bli medlem"},"content":{"rendered":"<div class=\"wpb-content-wrapper\"><p>[vc_row][vc_column width=&#8221;1\/2&#8243;][vc_column_text]<\/p>\n<h1>Bli medlem i 4H<\/h1>\n<p>Vill du bli medlem i 4H? Du har hittat helt r\u00e4tt!<\/p>\n<p>Som medlem i v\u00e5r fantastiska ideella barn- och ungdomsorganisation \u00e4r m\u00f6jligheterna o\u00e4ndliga! Delta p\u00e5 aktiviteter lokalt, nationellt eller internationellt. Du har m\u00f6jligheten att p\u00e5verka din egen fritid genom ett aktivt medlemskap hos oss. Vad vill just Du g\u00f6ra? L\u00e5t oss b\u00f6rja med ett medlemskap![\/vc_column_text][vc_btn title=&#8221;Vanliga fr\u00e5gor!&#8221; style=&#8221;3d&#8221; color=&#8221;success&#8221; size=&#8221;lg&#8221; align=&#8221;center&#8221; i_icon_fontawesome=&#8221;far fa-comments&#8221; button_block=&#8221;true&#8221; add_icon=&#8221;true&#8221; link=&#8221;url:https%3A%2F%2Fwww.4h.se%2Fuppsala%2Ffragor-svar%2F&#8221;][vc_btn title=&#8221;4H-klubbar i Uppsala&#8221; style=&#8221;3d&#8221; color=&#8221;peacoc&#8221; size=&#8221;lg&#8221; align=&#8221;center&#8221; i_icon_fontawesome=&#8221;fas fa-users&#8221; button_block=&#8221;true&#8221; add_icon=&#8221;true&#8221; link=&#8221;url:https%3A%2F%2Fwww.4h.se%2Fuppsala%2F4h-klubbariuppsala%2F&#8221;][vc_empty_space height=&#8221;10px&#8221;][vc_column_text]<\/p>\n<h3><strong>Vad f\u00e5r jag som medlem?<\/strong><\/h3>\n<p>Du f\u00e5r&#8230;<\/p>\n<ul>\n<li>en <strong>f\u00f6rs\u00e4kring<\/strong> som t\u00e4cker olyckor n\u00e4r du deltar p\u00e5 v\u00e5ra aktiviteter.<\/li>\n<li>vara med och <strong>best\u00e4mma<\/strong> och komma med f\u00f6rslag till nya p\u00e5hitt.<\/li>\n<li><strong>delta<\/strong> p\u00e5 v\u00e5ra l\u00e4ger och kurser.<\/li>\n<\/ul>\n<p>Detta g\u00e4ller per kalender\u00e5r (januari &#8211; december).<span style=\"color: #00693f;\"><span style=\"color: #000000;\">\u00a0\u00a0<\/span><\/span>[\/vc_column_text][vc_btn title=&#8221;Medlemsvillkor&#8221; style=&#8221;3d&#8221; color=&#8221;success&#8221; size=&#8221;lg&#8221; align=&#8221;center&#8221; i_icon_fontawesome=&#8221;far fa-address-book&#8221; button_block=&#8221;true&#8221; add_icon=&#8221;true&#8221; link=&#8221;url:https%3A%2F%2Fwww.4h.se%2Fwp-content%2Fuploads%2F2015%2F01%2FMEDLEMSVILLKOR.pdf&#8221;][vc_btn title=&#8221;Medlemsf\u00f6rs\u00e4kring&#8221; style=&#8221;3d&#8221; color=&#8221;peacoc&#8221; size=&#8221;lg&#8221; align=&#8221;center&#8221; i_icon_fontawesome=&#8221;fa fa-regular fa-address-card&#8221; css=&#8221;&#8221; button_block=&#8221;true&#8221; add_icon=&#8221;true&#8221; link=&#8221;url:https%3A%2F%2Fwww.4h.se%2Fwp-content%2Fuploads%2F2019%2F02%2FInformation-4Hs-medlemsf%25C3%25B6rs%25C3%25A4kring-2018-01-01.pdf&#8221;][\/vc_column][vc_column width=&#8221;1\/2&#8243;][vc_single_image image=&#8221;877&#8243; img_size=&#8221;700&#215;460&#8243; style=&#8221;vc_box_rounded&#8221;][vc_column_text]<\/p>\n<h3><strong>Registrera medlemskap<\/strong><\/h3>\n<p>[\/vc_column_text][vc_empty_space height=&#8221;15px&#8221;][vc_toggle title=&#8221;Klicka p\u00e5 l\u00e4nken.&#8221; style=&#8221;round&#8221; color=&#8221;peacoc&#8221; open=&#8221;true&#8221; css_animation=&#8221;bounceIn&#8221; custom_font_container=&#8221;tag:h4|text_align:left|color:%23000000&#8243; custom_use_theme_fonts=&#8221;yes&#8221; custom_css_animation=&#8221;bounceIn&#8221; use_custom_heading=&#8221;true&#8221;]<span style=\"text-decoration: underline;\"><span style=\"color: #00693f;\"><strong><a style=\"color: #00693f; text-decoration: underline;\" href=\"https:\/\/www.antribe.com\/org\/4h\/4h-i-uppsala\">Klicka h\u00e4r!<\/a><\/strong><\/span><\/span>[\/vc_toggle][vc_toggle title=&#8221;V\u00e4lj klubb att bli medlem i.&#8221; style=&#8221;round&#8221; color=&#8221;peacoc&#8221; open=&#8221;true&#8221; css_animation=&#8221;bounceIn&#8221; custom_font_container=&#8221;tag:h4|text_align:left|color:%23000000&#8243; custom_use_theme_fonts=&#8221;yes&#8221; custom_css_animation=&#8221;bounceIn&#8221; use_custom_heading=&#8221;true&#8221;]<span style=\"color: #000000;\">Ska du ta del av en aktivitet som arrangeras av en s\u00e4rskild klubb, s\u00e5 beh\u00f6ver du vara medlem d\u00e4r. Har du redan medlemskap i en annan klubb s\u00e5 kan du bli g\u00e4stmedlem i en annan klubb f\u00f6r en mindre summa pengar.<\/span>[\/vc_toggle][vc_toggle title=&#8221;Fyll i dina personuppgifter.&#8221; style=&#8221;round&#8221; color=&#8221;peacoc&#8221; open=&#8221;true&#8221; css_animation=&#8221;bounceIn&#8221; custom_font_container=&#8221;tag:h4|text_align:left|color:%23000000&#8243; custom_use_theme_fonts=&#8221;yes&#8221; custom_css_animation=&#8221;bounceIn&#8221; use_custom_heading=&#8221;true&#8221;]<span style=\"color: #000000;\"><strong>OBS! Fyll i personuppgifter p\u00e5 den som ska bli medlem!<\/strong> Det \u00e4r framf\u00f6rallt viktigt att personnummer och namn blir r\u00e4tt, f\u00f6r det g\u00e5r inte att \u00e4ndra i efterhand. Kontaktuppgifter ska h\u00f6ra till myndig anh\u00f6rig.<\/span>[\/vc_toggle][vc_toggle title=&#8221;V\u00e4lj alternativ f\u00f6r nyhetsbrev.&#8221; style=&#8221;round&#8221; color=&#8221;peacoc&#8221; open=&#8221;true&#8221; css_animation=&#8221;bounceIn&#8221; custom_font_container=&#8221;tag:h4|text_align:left|color:%23000000&#8243; custom_use_theme_fonts=&#8221;yes&#8221; custom_css_animation=&#8221;bounceIn&#8221; use_custom_heading=&#8221;true&#8221;]<span style=\"color: #000000;\">Ange ifall du vill ta del av 4H:s nationella nyhetsbrev eller inte. Det skickas ut m\u00e5nadsvis via angiven e-postadress.<\/span>[\/vc_toggle][vc_toggle title=&#8221;Skapa konto och faktura.&#8221; style=&#8221;round&#8221; color=&#8221;peacoc&#8221; open=&#8221;true&#8221; css_animation=&#8221;bounceIn&#8221; custom_font_container=&#8221;tag:h4|text_align:left|color:%23000000&#8243; custom_use_theme_fonts=&#8221;yes&#8221; custom_css_animation=&#8221;bounceIn&#8221; use_custom_heading=&#8221;true&#8221;]<span style=\"color: #000000;\">Klicka p\u00e5 &#8221;<em>Skapa konto och faktura<\/em>&#8221;. Fakturan skickas via mail till angiven e-postadress i medlemskapet. Fakturan hittas \u00e4ven i systemet genom att klicka p\u00e5 ditt namn och sedan &#8221;<em>Mina fakturor<\/em>&#8221;.<\/span>[\/vc_toggle][vc_toggle title=&#8221;Betala medlemsfakturan.&#8221; style=&#8221;round&#8221; color=&#8221;peacoc&#8221; open=&#8221;true&#8221; css_animation=&#8221;bounceIn&#8221; custom_font_container=&#8221;tag:h4|text_align:left|color:%23000000&#8243; custom_use_theme_fonts=&#8221;yes&#8221; custom_css_animation=&#8221;bounceIn&#8221; use_custom_heading=&#8221;true&#8221;]Betala medlemsavgiften utifr\u00e5n betalinformationen i fakturan.[\/vc_toggle][vc_toggle title=&#8221;Nu \u00e4r du medlem i 4H &#8211; varmt v\u00e4lkommen!&#8221; style=&#8221;round&#8221; color=&#8221;peacoc&#8221; open=&#8221;true&#8221; css_animation=&#8221;bounceIn&#8221; custom_font_container=&#8221;tag:h4|text_align:left|color:%23000000&#8243; custom_use_theme_fonts=&#8221;yes&#8221; custom_css_animation=&#8221;bounceIn&#8221; use_custom_heading=&#8221;true&#8221;][\/vc_toggle][\/vc_column][\/vc_row]<\/p>\n<\/div>","protected":false},"excerpt":{"rendered":"<p>[vc_row][vc_column width=&#8221;1\/2&#8243;][vc_column_text] Bli medlem i 4H Vill du bli medlem i 4H? Du har hittat helt r\u00e4tt! Som medlem i v\u00e5r fantastiska ideella barn- och ungdomsorganisation \u00e4r m\u00f6jligheterna o\u00e4ndliga! Delta p\u00e5 aktiviteter lokalt, nationellt eller internationellt. Du har m\u00f6jligheten att p\u00e5verka din egen fritid genom ett aktivt medlemskap hos oss. Vad vill just Du g\u00f6ra?&nbsp; <a href=\"https:\/\/www.4h.se\/uppsala\/bli-medlem\/\">&hellip; Read more <i class=\"glyphicon glyphicon-arrow-right\"><\/i><\/a><\/p>\n","protected":false},"author":1,"featured_media":0,"parent":0,"menu_order":43,"comment_status":"closed","ping_status":"closed","template":"","meta":{"_acf_changed":false,"footnotes":""},"class_list":["post-285","page","type-page","status-publish","hentry"],"acf":[],"yoast_head":"<!-- This site is optimized with the Yoast SEO plugin v27.4 - https:\/\/yoast.com\/product\/yoast-seo-wordpress\/ -->\n<title>Bli medlem - 4H i Uppsala<\/title>\n<meta name=\"robots\" content=\"index, follow, max-snippet:-1, max-image-preview:large, max-video-preview:-1\" \/>\n<link rel=\"canonical\" href=\"https:\/\/www.4h.se\/uppsala\/bli-medlem\/\" \/>\n<meta property=\"og:locale\" content=\"sv_SE\" \/>\n<meta property=\"og:type\" content=\"article\" \/>\n<meta property=\"og:title\" content=\"Bli medlem - 4H i Uppsala\" \/>\n<meta property=\"og:description\" content=\"[vc_row][vc_column width=&#8221;1\/2&#8243;][vc_column_text] Bli medlem i 4H Vill du bli medlem i 4H? Du har hittat helt r\u00e4tt! Som medlem i v\u00e5r fantastiska ideella barn- och ungdomsorganisation \u00e4r m\u00f6jligheterna o\u00e4ndliga! Delta p\u00e5 aktiviteter lokalt, nationellt eller internationellt. Du har m\u00f6jligheten att p\u00e5verka din egen fritid genom ett aktivt medlemskap hos oss. Vad vill just Du g\u00f6ra?&nbsp; &hellip; Read more\" \/>\n<meta property=\"og:url\" content=\"https:\/\/www.4h.se\/uppsala\/bli-medlem\/\" \/>\n<meta property=\"og:site_name\" content=\"4H i Uppsala\" \/>\n<meta property=\"article:modified_time\" content=\"2025-10-07T15:03:45+00:00\" \/>\n<meta name=\"twitter:card\" content=\"summary_large_image\" \/>\n<meta name=\"twitter:label1\" content=\"Ber\u00e4knad l\u00e4stid\" \/>\n\t<meta name=\"twitter:data1\" content=\"4 minuter\" \/>\n<script type=\"application\/ld+json\" class=\"yoast-schema-graph\">{\"@context\":\"https:\\\/\\\/schema.org\",\"@graph\":[{\"@type\":\"WebPage\",\"@id\":\"https:\\\/\\\/www.4h.se\\\/uppsala\\\/bli-medlem\\\/\",\"url\":\"https:\\\/\\\/www.4h.se\\\/uppsala\\\/bli-medlem\\\/\",\"name\":\"Bli medlem - 4H i Uppsala\",\"isPartOf\":{\"@id\":\"https:\\\/\\\/www.4h.se\\\/uppsala\\\/#website\"},\"datePublished\":\"2015-10-07T07:13:53+00:00\",\"dateModified\":\"2025-10-07T15:03:45+00:00\",\"breadcrumb\":{\"@id\":\"https:\\\/\\\/www.4h.se\\\/uppsala\\\/bli-medlem\\\/#breadcrumb\"},\"inLanguage\":\"sv-SE\",\"potentialAction\":[{\"@type\":\"ReadAction\",\"target\":[\"https:\\\/\\\/www.4h.se\\\/uppsala\\\/bli-medlem\\\/\"]}]},{\"@type\":\"BreadcrumbList\",\"@id\":\"https:\\\/\\\/www.4h.se\\\/uppsala\\\/bli-medlem\\\/#breadcrumb\",\"itemListElement\":[{\"@type\":\"ListItem\",\"position\":1,\"name\":\"Hem\",\"item\":\"https:\\\/\\\/www.4h.se\\\/uppsala\\\/\"},{\"@type\":\"ListItem\",\"position\":2,\"name\":\"Bli medlem\"}]},{\"@type\":\"WebSite\",\"@id\":\"https:\\\/\\\/www.4h.se\\\/uppsala\\\/#website\",\"url\":\"https:\\\/\\\/www.4h.se\\\/uppsala\\\/\",\"name\":\"4H i Uppsala\",\"description\":\"\",\"potentialAction\":[{\"@type\":\"SearchAction\",\"target\":{\"@type\":\"EntryPoint\",\"urlTemplate\":\"https:\\\/\\\/www.4h.se\\\/uppsala\\\/?s={search_term_string}\"},\"query-input\":{\"@type\":\"PropertyValueSpecification\",\"valueRequired\":true,\"valueName\":\"search_term_string\"}}],\"inLanguage\":\"sv-SE\"}]}<\/script>\n<!-- \/ Yoast SEO plugin. -->","yoast_head_json":{"title":"Bli medlem - 4H i Uppsala","robots":{"index":"index","follow":"follow","max-snippet":"max-snippet:-1","max-image-preview":"max-image-preview:large","max-video-preview":"max-video-preview:-1"},"canonical":"https:\/\/www.4h.se\/uppsala\/bli-medlem\/","og_locale":"sv_SE","og_type":"article","og_title":"Bli medlem - 4H i Uppsala","og_description":"[vc_row][vc_column width=&#8221;1\/2&#8243;][vc_column_text] Bli medlem i 4H Vill du bli medlem i 4H? Du har hittat helt r\u00e4tt! Som medlem i v\u00e5r fantastiska ideella barn- och ungdomsorganisation \u00e4r m\u00f6jligheterna o\u00e4ndliga! Delta p\u00e5 aktiviteter lokalt, nationellt eller internationellt. Du har m\u00f6jligheten att p\u00e5verka din egen fritid genom ett aktivt medlemskap hos oss. Vad vill just Du g\u00f6ra?&nbsp; &hellip; Read more","og_url":"https:\/\/www.4h.se\/uppsala\/bli-medlem\/","og_site_name":"4H i Uppsala","article_modified_time":"2025-10-07T15:03:45+00:00","twitter_card":"summary_large_image","twitter_misc":{"Ber\u00e4knad l\u00e4stid":"4 minuter"},"schema":{"@context":"https:\/\/schema.org","@graph":[{"@type":"WebPage","@id":"https:\/\/www.4h.se\/uppsala\/bli-medlem\/","url":"https:\/\/www.4h.se\/uppsala\/bli-medlem\/","name":"Bli medlem - 4H i Uppsala","isPartOf":{"@id":"https:\/\/www.4h.se\/uppsala\/#website"},"datePublished":"2015-10-07T07:13:53+00:00","dateModified":"2025-10-07T15:03:45+00:00","breadcrumb":{"@id":"https:\/\/www.4h.se\/uppsala\/bli-medlem\/#breadcrumb"},"inLanguage":"sv-SE","potentialAction":[{"@type":"ReadAction","target":["https:\/\/www.4h.se\/uppsala\/bli-medlem\/"]}]},{"@type":"BreadcrumbList","@id":"https:\/\/www.4h.se\/uppsala\/bli-medlem\/#breadcrumb","itemListElement":[{"@type":"ListItem","position":1,"name":"Hem","item":"https:\/\/www.4h.se\/uppsala\/"},{"@type":"ListItem","position":2,"name":"Bli medlem"}]},{"@type":"WebSite","@id":"https:\/\/www.4h.se\/uppsala\/#website","url":"https:\/\/www.4h.se\/uppsala\/","name":"4H i Uppsala","description":"","potentialAction":[{"@type":"SearchAction","target":{"@type":"EntryPoint","urlTemplate":"https:\/\/www.4h.se\/uppsala\/?s={search_term_string}"},"query-input":{"@type":"PropertyValueSpecification","valueRequired":true,"valueName":"search_term_string"}}],"inLanguage":"sv-SE"}]}},"_links":{"self":[{"href":"https:\/\/www.4h.se\/uppsala\/wp-json\/wp\/v2\/pages\/285","targetHints":{"allow":["GET"]}}],"collection":[{"href":"https:\/\/www.4h.se\/uppsala\/wp-json\/wp\/v2\/pages"}],"about":[{"href":"https:\/\/www.4h.se\/uppsala\/wp-json\/wp\/v2\/types\/page"}],"author":[{"embeddable":true,"href":"https:\/\/www.4h.se\/uppsala\/wp-json\/wp\/v2\/users\/1"}],"replies":[{"embeddable":true,"href":"https:\/\/www.4h.se\/uppsala\/wp-json\/wp\/v2\/comments?post=285"}],"version-history":[{"count":0,"href":"https:\/\/www.4h.se\/uppsala\/wp-json\/wp\/v2\/pages\/285\/revisions"}],"wp:attachment":[{"href":"https:\/\/www.4h.se\/uppsala\/wp-json\/wp\/v2\/media?parent=285"}],"curies":[{"name":"wp","href":"https:\/\/api.w.org\/{rel}","templated":true}]}}