



{"id":121,"date":"2015-01-23T20:08:12","date_gmt":"2015-01-23T19:08:12","guid":{"rendered":"http:\/\/www.4h.se\/rix16\/?page_id=121"},"modified":"2026-03-04T11:35:10","modified_gmt":"2026-03-04T10:35:10","slug":"kontakta-oss","status":"publish","type":"page","link":"https:\/\/www.4h.se\/uppsala\/kontakta-oss\/","title":{"rendered":"Kontakta oss"},"content":{"rendered":"<div class=\"wpb-content-wrapper\"><p>[vc_row][vc_column width=&#8221;1\/2&#8243;][vc_column_text]<\/p>\n<h1>Kontakta oss<\/h1>\n<p>H\u00e4r hittar du kontaktuppgifter till personal, e-postadresser och akut-nummer till ordf\u00f6rande f\u00f6r Uppsala 4H.<\/p>\n<p>Det \u00e4r m\u00e5nga som h\u00f6r av sig till oss med fr\u00e5gor, s\u00e5 kika g\u00e4rna p\u00e5 v\u00e5r sida d\u00e4r vi har samlat de vanligaste fr\u00e5gorna &#8211; kanske hittar du svaret d\u00e4r. \u00c4r din fr\u00e5ga fortsatt obesvarad s\u00e5 \u00e4r du varmt v\u00e4lkommen att h\u00f6ra av dig till oss s\u00e5 svarar vi inom kort![\/vc_column_text][vc_btn title=&#8221;Vanliga fr\u00e5gor!&#8221; style=&#8221;3d&#8221; color=&#8221;success&#8221; size=&#8221;lg&#8221; align=&#8221;center&#8221; i_icon_fontawesome=&#8221;far fa-comments&#8221; button_block=&#8221;true&#8221; add_icon=&#8221;true&#8221; link=&#8221;url:https%3A%2F%2Fwww.4h.se%2Fuppsala%2Ffragor-svar%2F&#8221;][\/vc_column][vc_column width=&#8221;1\/2&#8243;][vc_single_image image=&#8221;857&#8243; img_size=&#8221;550&#215;290&#8243; style=&#8221;vc_box_rounded&#8221; css=&#8221;&#8221;][\/vc_column][\/vc_row][vc_row][vc_column][vc_single_image image=&#8221;880&#8243; img_size=&#8221;1200&#215;200&#8243; style=&#8221;vc_box_rounded&#8221;][vc_separator color=&#8221;peacoc&#8221; css=&#8221;&#8221;][\/vc_column][\/vc_row][vc_row][vc_column width=&#8221;1\/4&#8243;][vc_column_text]<\/p>\n<h2>Uppsala l\u00e4ns 4H<\/h2>\n<h3>Allm\u00e4nt<\/h3>\n<p>E-post: uppsala@4h.se[\/vc_column_text][vc_column_text]<\/p>\n<h3><strong>Ellen Johansson Wiss<\/strong><\/h3>\n<h4><strong>Regionkonsulent<\/strong><\/h4>\n<p>E-post: ellen.johansson@4h.se<\/p>\n<p>Telefon: 073-038 83 03[\/vc_column_text][vc_column_text]<\/p>\n<h3>Emma Oscarsson<\/h3>\n<h4><strong>Administrat\u00f6r<\/strong><\/h4>\n<p>E-post: emma.oscarsson@4h.se<\/p>\n<p>Telefon: 070-953 35 72[\/vc_column_text][vc_column_text css=&#8221;&#8221;]<\/p>\n<h3>Eva lundqvist<\/h3>\n<h4><strong>ekonom<\/strong><\/h4>\n<p>E-post: eva.lundqvist@4h.se<\/p>\n<p>Telefon: 070-825 37 90[\/vc_column_text][vc_column_text]<\/p>\n<h3>Fanny Fj\u00e4llrud<\/h3>\n<h4><strong>Verksamhetsutvecklare<\/strong><\/h4>\n<p>E-post: fanny.fjallrud@4h.se<\/p>\n<p>Telefon: 070-672 99 87[\/vc_column_text][vc_column_text css=&#8221;&#8221;]<\/p>\n<h3>Klas Karin Larsson<\/h3>\n<h4><strong>Verksamhetsutvecklare<\/strong><\/h4>\n<p>E-post: klaskarin.larsson@4h.se<\/p>\n<p>Telefon: 073-364 09 97<\/p>\n<p><span style=\"color: #ff0000;\">OBS! F\u00f6r\u00e4ldrarledig.<\/span>[\/vc_column_text][\/vc_column][vc_column width=&#8221;1\/4&#8243;][vc_column_text]<\/p>\n<h2>Gr\u00e4nby 4H-g\u00e5rd<\/h2>\n<h3>Allm\u00e4nt<\/h3>\n<p>E-post: aktivitetsledare.granby@4h.se[\/vc_column_text][vc_column_text]<\/p>\n<h3>Julia Adriansson<\/h3>\n<h4><strong>Verksamhetsledare<br \/>\n<\/strong><\/h4>\n<p>E-post: julia.adriansson@4h.se<\/p>\n<p>Telefon: 070-961 15 54[\/vc_column_text][vc_column_text css=&#8221;&#8221;]<\/p>\n<h3>Elsa Ad\u00e9n<\/h3>\n<h4><b>Verksamhetsutvecklare<\/b><\/h4>\n<p>E-post: elsa.ad\u00e9n@4h.se<\/p>\n<p>Telefon: 073-364 09 95[\/vc_column_text][vc_column_text css=&#8221;&#8221;]<\/p>\n<h3>Tilda Erlandsson Zotterman<\/h3>\n<h4><b>Verksamhetsutvecklare<\/b><\/h4>\n<p>E-post: tilda.erlandssonzotterman@4h.se<\/p>\n<p>Telefon: 073-364 09 95[\/vc_column_text][\/vc_column][vc_column width=&#8221;1\/4&#8243;][vc_column_text]<\/p>\n<h2>S\u00e4vja 4H-g\u00e5rd<\/h2>\n<h3>Allm\u00e4nt<\/h3>\n<p>E-post: aktiviteter.savja@4h.se[\/vc_column_text][vc_column_text]<\/p>\n<h3>Niklas Tidholm<\/h3>\n<h4><strong>Verksamhetsledare<br \/>\n<\/strong><\/h4>\n<p>E-post: niklas.tidholm@4h.se<\/p>\n<p>Telefon: 070-274 83 87[\/vc_column_text][vc_column_text]<\/p>\n<h3>Danielle Andersson<\/h3>\n<h4><strong>Verksamhetsutvecklare<\/strong><\/h4>\n<p>E-post: danielle.andersson@4h.se<\/p>\n<p>Telefon: 070-274 83 41[\/vc_column_text][vc_column_text css=&#8221;&#8221;]<\/p>\n<h3>Ellen Gl\u00f6de<\/h3>\n<h4><strong>Verksamhetsutvecklare<\/strong><\/h4>\n<p>E-post: ellen.glode@4h.se<\/p>\n<p>Telefon: 070-825 38 20[\/vc_column_text][\/vc_column][vc_column width=&#8221;1\/4&#8243;][vc_column_text]<\/p>\n<h2>\u00c5rsta 4H-g\u00e5rd<\/h2>\n<h3>Allm\u00e4nt<\/h3>\n<p>E-post: arsta@4h.se[\/vc_column_text][vc_column_text css=&#8221;&#8221;]<\/p>\n<h3>Emelie Ahlberg<\/h3>\n<h4><strong>Verksamhetsledare<\/strong><\/h4>\n<p>E-post: emelie.ahlberg@4h.se<\/p>\n<p>Telefon: 070-054 04 51[\/vc_column_text][vc_column_text css=&#8221;&#8221;]<\/p>\n<h3>Maja Hardenborg<\/h3>\n<h4><strong>Verksamhetsutvecklare<\/strong><\/h4>\n<p>E-post: maja.hardenborg@4h.se<\/p>\n<p>Telefon: 070-240 24 76[\/vc_column_text][vc_column_text css=&#8221;&#8221;]<\/p>\n<h3>Amanda Gretener<\/h3>\n<h4><strong>Verksamhetsutvecklare<\/strong><\/h4>\n<p>E-post: amanda.gretener@4h.se<\/p>\n<p>Telefon: 070-240 24 76[\/vc_column_text][\/vc_column][\/vc_row][vc_row][vc_column][vc_message message_box_color=&#8221;peacoc&#8221; icon_fontawesome=&#8221;fas fa-exclamation-circle&#8221; css=&#8221;&#8221;]<\/p>\n<h3>Akut kontakt<\/h3>\n<p>Kontakt vid akuta h\u00e4ndelser som inte kan v\u00e4nta till n\u00e4stkommande vardag, t.ex <strong>olycksfall<\/strong> med djur, <strong>brand<\/strong> eller liknande <strong>incidenter<\/strong>.<br \/>\nDu kan\u00a0<strong>inte<\/strong> ringa detta nummer f\u00f6r att st\u00e4lla fr\u00e5gor om bokningar av aktiviteter eller liknande &#8211; v\u00e4nd dig d\u00e5 ist\u00e4llet till de andra numren p\u00e5 den h\u00e4r sidan.<\/p>\n<p><strong>Linn Henningson, ordf\u00f6rande Uppsala 4H<\/strong><\/p>\n<p>Telefon: 070-534 76 12[\/vc_message][\/vc_column][\/vc_row]<\/p>\n<\/div>","protected":false},"excerpt":{"rendered":"<p>[vc_row][vc_column width=&#8221;1\/2&#8243;][vc_column_text] Kontakta oss H\u00e4r hittar du kontaktuppgifter till personal, e-postadresser och akut-nummer till ordf\u00f6rande f\u00f6r Uppsala 4H. Det \u00e4r m\u00e5nga som h\u00f6r av sig till oss med fr\u00e5gor, s\u00e5 kika g\u00e4rna p\u00e5 v\u00e5r sida d\u00e4r vi har samlat de vanligaste fr\u00e5gorna &#8211; kanske hittar du svaret d\u00e4r. \u00c4r din fr\u00e5ga fortsatt obesvarad s\u00e5 \u00e4r&nbsp; <a href=\"https:\/\/www.4h.se\/uppsala\/kontakta-oss\/\">&hellip; Read more <i class=\"glyphicon glyphicon-arrow-right\"><\/i><\/a><\/p>\n","protected":false},"author":1,"featured_media":0,"parent":0,"menu_order":47,"comment_status":"closed","ping_status":"closed","template":"","meta":{"_acf_changed":false,"footnotes":""},"class_list":["post-121","page","type-page","status-publish","hentry"],"acf":[],"yoast_head":"<!-- This site is optimized with the Yoast SEO plugin v27.4 - https:\/\/yoast.com\/product\/yoast-seo-wordpress\/ -->\n<title>Kontakta oss - 4H i Uppsala<\/title>\n<meta name=\"robots\" content=\"index, follow, max-snippet:-1, max-image-preview:large, max-video-preview:-1\" \/>\n<link rel=\"canonical\" href=\"https:\/\/www.4h.se\/uppsala\/kontakta-oss\/\" \/>\n<meta property=\"og:locale\" content=\"sv_SE\" \/>\n<meta property=\"og:type\" content=\"article\" \/>\n<meta property=\"og:title\" content=\"Kontakta oss - 4H i Uppsala\" \/>\n<meta property=\"og:description\" content=\"[vc_row][vc_column width=&#8221;1\/2&#8243;][vc_column_text] Kontakta oss H\u00e4r hittar du kontaktuppgifter till personal, e-postadresser och akut-nummer till ordf\u00f6rande f\u00f6r Uppsala 4H. Det \u00e4r m\u00e5nga som h\u00f6r av sig till oss med fr\u00e5gor, s\u00e5 kika g\u00e4rna p\u00e5 v\u00e5r sida d\u00e4r vi har samlat de vanligaste fr\u00e5gorna &#8211; kanske hittar du svaret d\u00e4r. \u00c4r din fr\u00e5ga fortsatt obesvarad s\u00e5 \u00e4r&nbsp; &hellip; Read more\" \/>\n<meta property=\"og:url\" content=\"https:\/\/www.4h.se\/uppsala\/kontakta-oss\/\" \/>\n<meta property=\"og:site_name\" content=\"4H i Uppsala\" \/>\n<meta property=\"article:modified_time\" content=\"2026-03-04T10:35:10+00:00\" \/>\n<meta name=\"twitter:card\" content=\"summary_large_image\" \/>\n<meta name=\"twitter:label1\" content=\"Ber\u00e4knad l\u00e4stid\" \/>\n\t<meta name=\"twitter:data1\" content=\"3 minuter\" \/>\n<script type=\"application\/ld+json\" class=\"yoast-schema-graph\">{\"@context\":\"https:\\\/\\\/schema.org\",\"@graph\":[{\"@type\":\"WebPage\",\"@id\":\"https:\\\/\\\/www.4h.se\\\/uppsala\\\/kontakta-oss\\\/\",\"url\":\"https:\\\/\\\/www.4h.se\\\/uppsala\\\/kontakta-oss\\\/\",\"name\":\"Kontakta oss - 4H i Uppsala\",\"isPartOf\":{\"@id\":\"https:\\\/\\\/www.4h.se\\\/uppsala\\\/#website\"},\"datePublished\":\"2015-01-23T19:08:12+00:00\",\"dateModified\":\"2026-03-04T10:35:10+00:00\",\"breadcrumb\":{\"@id\":\"https:\\\/\\\/www.4h.se\\\/uppsala\\\/kontakta-oss\\\/#breadcrumb\"},\"inLanguage\":\"sv-SE\",\"potentialAction\":[{\"@type\":\"ReadAction\",\"target\":[\"https:\\\/\\\/www.4h.se\\\/uppsala\\\/kontakta-oss\\\/\"]}]},{\"@type\":\"BreadcrumbList\",\"@id\":\"https:\\\/\\\/www.4h.se\\\/uppsala\\\/kontakta-oss\\\/#breadcrumb\",\"itemListElement\":[{\"@type\":\"ListItem\",\"position\":1,\"name\":\"Hem\",\"item\":\"https:\\\/\\\/www.4h.se\\\/uppsala\\\/\"},{\"@type\":\"ListItem\",\"position\":2,\"name\":\"Kontakta oss\"}]},{\"@type\":\"WebSite\",\"@id\":\"https:\\\/\\\/www.4h.se\\\/uppsala\\\/#website\",\"url\":\"https:\\\/\\\/www.4h.se\\\/uppsala\\\/\",\"name\":\"4H i Uppsala\",\"description\":\"\",\"potentialAction\":[{\"@type\":\"SearchAction\",\"target\":{\"@type\":\"EntryPoint\",\"urlTemplate\":\"https:\\\/\\\/www.4h.se\\\/uppsala\\\/?s={search_term_string}\"},\"query-input\":{\"@type\":\"PropertyValueSpecification\",\"valueRequired\":true,\"valueName\":\"search_term_string\"}}],\"inLanguage\":\"sv-SE\"}]}<\/script>\n<!-- \/ Yoast SEO plugin. -->","yoast_head_json":{"title":"Kontakta oss - 4H i Uppsala","robots":{"index":"index","follow":"follow","max-snippet":"max-snippet:-1","max-image-preview":"max-image-preview:large","max-video-preview":"max-video-preview:-1"},"canonical":"https:\/\/www.4h.se\/uppsala\/kontakta-oss\/","og_locale":"sv_SE","og_type":"article","og_title":"Kontakta oss - 4H i Uppsala","og_description":"[vc_row][vc_column width=&#8221;1\/2&#8243;][vc_column_text] Kontakta oss H\u00e4r hittar du kontaktuppgifter till personal, e-postadresser och akut-nummer till ordf\u00f6rande f\u00f6r Uppsala 4H. Det \u00e4r m\u00e5nga som h\u00f6r av sig till oss med fr\u00e5gor, s\u00e5 kika g\u00e4rna p\u00e5 v\u00e5r sida d\u00e4r vi har samlat de vanligaste fr\u00e5gorna &#8211; kanske hittar du svaret d\u00e4r. \u00c4r din fr\u00e5ga fortsatt obesvarad s\u00e5 \u00e4r&nbsp; &hellip; Read more","og_url":"https:\/\/www.4h.se\/uppsala\/kontakta-oss\/","og_site_name":"4H i Uppsala","article_modified_time":"2026-03-04T10:35:10+00:00","twitter_card":"summary_large_image","twitter_misc":{"Ber\u00e4knad l\u00e4stid":"3 minuter"},"schema":{"@context":"https:\/\/schema.org","@graph":[{"@type":"WebPage","@id":"https:\/\/www.4h.se\/uppsala\/kontakta-oss\/","url":"https:\/\/www.4h.se\/uppsala\/kontakta-oss\/","name":"Kontakta oss - 4H i Uppsala","isPartOf":{"@id":"https:\/\/www.4h.se\/uppsala\/#website"},"datePublished":"2015-01-23T19:08:12+00:00","dateModified":"2026-03-04T10:35:10+00:00","breadcrumb":{"@id":"https:\/\/www.4h.se\/uppsala\/kontakta-oss\/#breadcrumb"},"inLanguage":"sv-SE","potentialAction":[{"@type":"ReadAction","target":["https:\/\/www.4h.se\/uppsala\/kontakta-oss\/"]}]},{"@type":"BreadcrumbList","@id":"https:\/\/www.4h.se\/uppsala\/kontakta-oss\/#breadcrumb","itemListElement":[{"@type":"ListItem","position":1,"name":"Hem","item":"https:\/\/www.4h.se\/uppsala\/"},{"@type":"ListItem","position":2,"name":"Kontakta oss"}]},{"@type":"WebSite","@id":"https:\/\/www.4h.se\/uppsala\/#website","url":"https:\/\/www.4h.se\/uppsala\/","name":"4H i Uppsala","description":"","potentialAction":[{"@type":"SearchAction","target":{"@type":"EntryPoint","urlTemplate":"https:\/\/www.4h.se\/uppsala\/?s={search_term_string}"},"query-input":{"@type":"PropertyValueSpecification","valueRequired":true,"valueName":"search_term_string"}}],"inLanguage":"sv-SE"}]}},"_links":{"self":[{"href":"https:\/\/www.4h.se\/uppsala\/wp-json\/wp\/v2\/pages\/121","targetHints":{"allow":["GET"]}}],"collection":[{"href":"https:\/\/www.4h.se\/uppsala\/wp-json\/wp\/v2\/pages"}],"about":[{"href":"https:\/\/www.4h.se\/uppsala\/wp-json\/wp\/v2\/types\/page"}],"author":[{"embeddable":true,"href":"https:\/\/www.4h.se\/uppsala\/wp-json\/wp\/v2\/users\/1"}],"replies":[{"embeddable":true,"href":"https:\/\/www.4h.se\/uppsala\/wp-json\/wp\/v2\/comments?post=121"}],"version-history":[{"count":0,"href":"https:\/\/www.4h.se\/uppsala\/wp-json\/wp\/v2\/pages\/121\/revisions"}],"wp:attachment":[{"href":"https:\/\/www.4h.se\/uppsala\/wp-json\/wp\/v2\/media?parent=121"}],"curies":[{"name":"wp","href":"https:\/\/api.w.org\/{rel}","templated":true}]}}