



{"id":1110,"date":"2025-03-19T14:13:50","date_gmt":"2025-03-19T13:13:50","guid":{"rendered":"https:\/\/www.4h.se\/uppsala\/?page_id=1110"},"modified":"2025-03-19T14:17:55","modified_gmt":"2025-03-19T13:17:55","slug":"bokningsforfragan-aktivitet","status":"publish","type":"page","link":"https:\/\/www.4h.se\/uppsala\/bokningsforfragan-aktivitet\/","title":{"rendered":"Bokningsf\u00f6rfr\u00e5gan &#8211; Aktivitet"},"content":{"rendered":"<div class=\"wpb-content-wrapper\"><p>[vc_row][vc_column][vc_column_text css=&#8221;&#8221;]<div class=\"frm_forms  with_frm_style frm_style_formidable-style\" id=\"frm_form_3_container\" data-token=\"f430878dd92e1f69ff1237384386536b\">\n<form enctype=\"multipart\/form-data\" method=\"post\" class=\"frm-show-form \" id=\"form_bokning-av-tjanst-4h-uppsala\" data-token=\"f430878dd92e1f69ff1237384386536b\">\n<div class=\"frm_form_fields \">\n<fieldset>\n<legend class=\"frm_screen_reader\">Bokning av tj\u00e4nst - 4H Uppsala<\/legend>\r\n<h3 class=\"frm_form_title\">Bokning av tj\u00e4nst - 4H Uppsala<\/h3>\r\n<div class=\"frm_fields_container\">\n<input type=\"hidden\" name=\"frm_action\" value=\"create\" \/>\n<input type=\"hidden\" name=\"form_id\" value=\"3\" \/>\n<input type=\"hidden\" name=\"frm_hide_fields_3\" id=\"frm_hide_fields_3\" value=\"\" \/>\n<input type=\"hidden\" name=\"form_key\" value=\"bokning-av-tjanst-4h-uppsala\" \/>\n<input type=\"hidden\" name=\"item_meta[0]\" value=\"\" \/>\n<input type=\"hidden\" id=\"frm_submit_entry_3\" name=\"frm_submit_entry_3\" value=\"6c37f3d68b\" \/><input type=\"hidden\" name=\"_wp_http_referer\" value=\"\/uppsala\/wp-json\/wp\/v2\/pages\/1110\" \/><div id=\"frm_field_32_container\" class=\"frm_form_field form-field  frm_required_field frm_top_container\">\r\n\t<div id=\"field_al21o_label\" class=\"frm_primary_label\">Namn\r\n\t\t<span class=\"frm_required\" aria-hidden=\"true\">*<\/span>\r\n\t<\/div>\r\n\t<fieldset aria-labelledby=\"field_al21o_label\">\n\t<legend class=\"frm_screen_reader frm_hidden\">\n\t\tNamn\t<\/legend>\n\n\t<div  class=\"frm_combo_inputs_container\" id=\"frm_combo_inputs_container_32\" data-name-layout=\"first_last\">\n\t\t\t\t\t<div\n\t\t\t\tid=\"frm_field_32-first_container\"\n\t\t\t\tclass=\"frm_form_field form-field frm_form_subfield-first  frm6\"\n\t\t\t\tdata-sub-field-name=\"first\"\n\t\t\t>\n\t\t\t\t<label for=\"field_al21o_first\" class=\"frm_screen_reader frm_hidden\">\n\t\t\t\t\tF\u00f6r- och efternamn\t\t\t\t<\/label>\n\n\t\t\t\t<input  type=\"text\" id=\"field_al21o_first\" value=\"\" name=\"item_meta[32][first]\" autocomplete=\"given-name\" data-reqmsg=\"Namn kan inte vara tom.\" aria-required=\"true\" data-invmsg=\"Namn \u00e4r ogiltigt\" aria-invalid=\"false\"  \/><div class=\"frm_description\" id=\"frm_field_32_first_desc\">F\u00f6r- och efternamn<\/div>\t\t\t<\/div>\n\t\t\t\t\t\t<div\n\t\t\t\tid=\"frm_field_32-last_container\"\n\t\t\t\tclass=\"frm_form_field form-field frm_form_subfield-last  frm6\"\n\t\t\t\tdata-sub-field-name=\"last\"\n\t\t\t>\n\t\t\t\t<label for=\"field_al21o_last\" class=\"frm_screen_reader frm_hidden\">\n\t\t\t\t\tNamn p\u00e5 organisation\t\t\t\t<\/label>\n\n\t\t\t\t<input  type=\"text\" id=\"field_al21o_last\" value=\"\" name=\"item_meta[32][last]\" autocomplete=\"family-name\" data-reqmsg=\"Namn kan inte vara tom.\" aria-required=\"true\" data-invmsg=\"Namn \u00e4r ogiltigt\" aria-invalid=\"false\"  \/><div class=\"frm_description\" id=\"frm_field_32_last_desc\">Namn p\u00e5 organisation<\/div>\t\t\t<\/div>\n\t\t\t\t<\/div>\n<\/fieldset>\n\r\n\t\r\n\t\r\n<\/div>\n<div id=\"frm_field_15_container\" class=\"frm_form_field form-field  frm_required_field frm_top_container frm12 frm_first\">\r\n\t<label for=\"field_2ksl6\" id=\"field_2ksl6_label\" class=\"frm_primary_label\">Organisationsnummer\r\n\t\t<span class=\"frm_required\" aria-hidden=\"true\">*<\/span>\r\n\t<\/label>\r\n\t<input type=\"text\" id=\"field_2ksl6\" name=\"item_meta[15]\" value=\"\"  data-reqmsg=\"Organisationsnummer kan inte vara tom.\" aria-required=\"true\" data-invmsg=\"Organisationsnummer \u00e4r ogiltigt\" aria-invalid=\"false\"  \/>\r\n\t\r\n\t\r\n<\/div>\n<div id=\"frm_field_13_container\" class=\"frm_form_field form-field  frm_required_field frm_top_container frm6 frm_first\">\r\n\t<label for=\"field_2h5zd\" id=\"field_2h5zd_label\" class=\"frm_primary_label\">Telefonnummer\r\n\t\t<span class=\"frm_required\" aria-hidden=\"true\">*<\/span>\r\n\t<\/label>\r\n\t<input type=\"text\" id=\"field_2h5zd\" name=\"item_meta[13]\" value=\"\"  data-reqmsg=\"Telefonnummer kan inte vara tom.\" aria-required=\"true\" data-invmsg=\"Telefonnummer \u00e4r ogiltigt\" aria-invalid=\"false\"   aria-describedby=\"frm_desc_field_2h5zd\"\/>\r\n\t<div class=\"frm_description\" id=\"frm_desc_field_2h5zd\">Telefonnummer ska anges till en person som g\u00e5r att n\u00e5 under datumet och tiden f\u00f6r evenemanget.<\/div>\r\n\t\r\n<\/div>\n<div id=\"frm_field_14_container\" class=\"frm_form_field form-field  frm_required_field frm_top_container frm6\">\r\n\t<label for=\"field_haugf\" id=\"field_haugf_label\" class=\"frm_primary_label\">E-postadress\r\n\t\t<span class=\"frm_required\" aria-hidden=\"true\">*<\/span>\r\n\t<\/label>\r\n\t<input type=\"text\" id=\"field_haugf\" name=\"item_meta[14]\" value=\"\"  data-reqmsg=\"E-postadress kan inte vara tom.\" aria-required=\"true\" data-invmsg=\"E-postadress \u00e4r ogiltigt\" aria-invalid=\"false\"  \/>\r\n\t\r\n\t\r\n<\/div>\n<div id=\"frm_field_16_container\" class=\"frm_form_field form-field  frm_required_field frm_top_container\">\r\n\t<label for=\"field_ptx59\" id=\"field_ptx59_label\" class=\"frm_primary_label\">Adress d\u00e4r aktiviteten ska genomf\u00f6ras\r\n\t\t<span class=\"frm_required\" aria-hidden=\"true\">*<\/span>\r\n\t<\/label>\r\n\t<input type=\"text\" id=\"field_ptx59\" name=\"item_meta[16]\" value=\"\"  data-reqmsg=\"Adress d\u00e4r aktiviteten ska genomf\u00f6ras kan inte vara tom.\" aria-required=\"true\" data-invmsg=\"Adress d\u00e4r aktiviteten ska genomf\u00f6ras \u00e4r ogiltigt\" aria-invalid=\"false\"  \/>\r\n\t\r\n\t\r\n<\/div>\n<div id=\"frm_field_17_container\" class=\"frm_form_field form-field  frm_required_field frm_top_container frm6 frm_first vertical_radio\">\r\n\t<div id=\"field_h24wp_label\" class=\"frm_primary_label\">\u00d6nskad aktivitet\r\n\t\t<span class=\"frm_required\" aria-hidden=\"true\">*<\/span>\r\n\t<\/div>\r\n\t<div class=\"frm_opt_container\" role=\"radiogroup\" aria-required=\"true\">\t\t<div class=\"frm_radio\" id=\"frm_radio_17-0\">\t\t\t<label  for=\"field_h24wp-0\">\n\t\t\t\t\t<input type=\"radio\" name=\"item_meta[17]\" id=\"field_h24wp-0\" value=\"Djurhage\"\n\t\t data-reqmsg=\"\u00d6nskad aktivitet kan inte vara tom.\" data-invmsg=\"\u00d6nskad aktivitet \u00e4r ogiltigt\"   \/> Djurhage<\/label><\/div>\n\t\t<div class=\"frm_radio\" id=\"frm_radio_17-1\">\t\t\t<label  for=\"field_h24wp-1\">\n\t\t\t\t\t<input type=\"radio\" name=\"item_meta[17]\" id=\"field_h24wp-1\" value=\"Ponnyridning\"\n\t\t data-reqmsg=\"\u00d6nskad aktivitet kan inte vara tom.\" data-invmsg=\"\u00d6nskad aktivitet \u00e4r ogiltigt\"   \/> Ponnyridning<\/label><\/div>\n\t\t<div class=\"frm_radio\" id=\"frm_radio_17-2\">\t\t\t<label  for=\"field_h24wp-2\">\n\t\t\t\t\t<input type=\"radio\" name=\"item_meta[17]\" id=\"field_h24wp-2\" value=\"Annat\"\n\t\t data-reqmsg=\"\u00d6nskad aktivitet kan inte vara tom.\" data-invmsg=\"\u00d6nskad aktivitet \u00e4r ogiltigt\"   \/> Annat<\/label><\/div>\n<\/div>\r\n\t\r\n\t\r\n<\/div>\n<div id=\"frm_field_21_container\" class=\"frm_form_field form-field  frm_top_container frm6\">\r\n\t<label for=\"field_wuneb\" id=\"field_wuneb_label\" class=\"frm_primary_label\">Vid val av \"Annat\", f\u00f6rklara \u00f6nskad aktivitet\r\n\t\t<span class=\"frm_required\" aria-hidden=\"true\"><\/span>\r\n\t<\/label>\r\n\t<input type=\"text\" id=\"field_wuneb\" name=\"item_meta[21]\" value=\"\"  data-invmsg=\"Vid val av &quot;Annat&quot;, f\u00f6rklara \u00f6nskad aktivitet \u00e4r ogiltigt\" aria-invalid=\"false\"  \/>\r\n\t\r\n\t\r\n<\/div>\n<div id=\"frm_field_22_container\" class=\"frm_form_field form-field  frm_required_field frm_top_container\">\r\n\t<label for=\"field_u7l3o\" id=\"field_u7l3o_label\" class=\"frm_primary_label\">\u00d6nskat datum och tid\r\n\t\t<span class=\"frm_required\" aria-hidden=\"true\">*<\/span>\r\n\t<\/label>\r\n\t<input type=\"text\" id=\"field_u7l3o\" name=\"item_meta[22]\" value=\"\"  data-reqmsg=\"\u00d6nskat datum och tid kan inte vara tom.\" aria-required=\"true\" data-invmsg=\"\u00d6nskat datum och tid \u00e4r ogiltigt\" aria-invalid=\"false\"   aria-describedby=\"frm_desc_field_u7l3o\"\/>\r\n\t<div class=\"frm_description\" id=\"frm_desc_field_u7l3o\">Ordinarie bokning \u00e4r p\u00e5 4 timmar. Notera att extra kostnad tas ut ifall ni \u00f6nskar att f\u00f6rl\u00e4nga tiden.<\/div>\r\n\t\r\n<\/div>\n<div id=\"frm_field_23_container\" class=\"frm_form_field form-field  frm_required_field frm_top_container\">\r\n\t<label for=\"field_l1alz\" id=\"field_l1alz_label\" class=\"frm_primary_label\">Ge en kortfattad beskrivning av evenemanget ni \u00f6nskar boka oss till\r\n\t\t<span class=\"frm_required\" aria-hidden=\"true\">*<\/span>\r\n\t<\/label>\r\n\t<input type=\"text\" id=\"field_l1alz\" name=\"item_meta[23]\" value=\"\"  data-reqmsg=\"Ge en kortfattad beskrivning av evenemanget ni \u00f6nskar boka oss till kan inte vara tom.\" aria-required=\"true\" data-invmsg=\"Ge en kortfattad beskrivning av evenemanget ni \u00f6nskar boka oss till \u00e4r ogiltigt\" aria-invalid=\"false\"   aria-describedby=\"frm_desc_field_l1alz\"\/>\r\n\t<div class=\"frm_description\" id=\"frm_desc_field_l1alz\">T.ex \"\u00c4ldreboende\", \"Barnkalas\", \"Midsommarfirande\".<\/div>\r\n\t\r\n<\/div>\n<div id=\"frm_field_24_container\" class=\"frm_form_field form-field  frm_required_field frm_top_container frm6 frm_first\">\r\n\t<label for=\"field_zashp\" id=\"field_zashp_label\" class=\"frm_primary_label\">Finns det plats f\u00f6r avlastning?\r\n\t\t<span class=\"frm_required\" aria-hidden=\"true\">*<\/span>\r\n\t<\/label>\r\n\t<input type=\"text\" id=\"field_zashp\" name=\"item_meta[24]\" value=\"\"  data-reqmsg=\"Finns det plats f\u00f6r avlastning? kan inte vara tom.\" aria-required=\"true\" data-invmsg=\"Finns det plats f\u00f6r avlastning? \u00e4r ogiltigt\" aria-invalid=\"false\"   aria-describedby=\"frm_desc_field_zashp\"\/>\r\n\t<div class=\"frm_description\" id=\"frm_desc_field_zashp\">Finns det yta f\u00f6r oss att st\u00e4lla fordon och sl\u00e4p f\u00f6r att lasta av, i n\u00e4rheten av tillt\u00e4nkt plats f\u00f6r aktiviteten?<\/div>\r\n\t\r\n<\/div>\n<div id=\"frm_field_25_container\" class=\"frm_form_field form-field  frm_required_field frm_top_container frm6\">\r\n\t<label for=\"field_2qdql\" id=\"field_2qdql_label\" class=\"frm_primary_label\">Finns det plats f\u00f6r parkering av tv\u00e5 ekipage?\r\n\t\t<span class=\"frm_required\" aria-hidden=\"true\">*<\/span>\r\n\t<\/label>\r\n\t<input type=\"text\" id=\"field_2qdql\" name=\"item_meta[25]\" value=\"\"  data-reqmsg=\"Finns det plats f\u00f6r parkering av tv\u00e5 ekipage? kan inte vara tom.\" aria-required=\"true\" data-invmsg=\"Finns det plats f\u00f6r parkering av tv\u00e5 ekipage? \u00e4r ogiltigt\" aria-invalid=\"false\"   aria-describedby=\"frm_desc_field_2qdql\"\/>\r\n\t<div class=\"frm_description\" id=\"frm_desc_field_2qdql\">Vi beh\u00f6ver kunna parkera bil och sl\u00e4p under evenemanget.<\/div>\r\n\t\r\n<\/div>\n<div id=\"frm_field_26_container\" class=\"frm_form_field form-field  frm_required_field frm_top_container frm6 frm_first\">\r\n\t<label for=\"field_effba\" id=\"field_effba_label\" class=\"frm_primary_label\">Finns det skugga?\r\n\t\t<span class=\"frm_required\" aria-hidden=\"true\">*<\/span>\r\n\t<\/label>\r\n\t<input type=\"text\" id=\"field_effba\" name=\"item_meta[26]\" value=\"\"  data-reqmsg=\"Finns det skugga? kan inte vara tom.\" aria-required=\"true\" data-invmsg=\"Finns det skugga? \u00e4r ogiltigt\" aria-invalid=\"false\"   aria-describedby=\"frm_desc_field_effba\"\/>\r\n\t<div class=\"frm_description\" id=\"frm_desc_field_effba\">Djuren har behov av skugga under bes\u00f6ket. Vid placering p\u00e5 en \u00f6ppen yta beh\u00f6ver vi planera f\u00f6r att ta med oss parasoll.<\/div>\r\n\t\r\n<\/div>\n<div id=\"frm_field_27_container\" class=\"frm_form_field form-field  frm_required_field frm_top_container frm6\">\r\n\t<label for=\"field_592s5\" id=\"field_592s5_label\" class=\"frm_primary_label\">Finns det tillg\u00e5ng till vatten?\r\n\t\t<span class=\"frm_required\" aria-hidden=\"true\">*<\/span>\r\n\t<\/label>\r\n\t<input type=\"text\" id=\"field_592s5\" name=\"item_meta[27]\" value=\"\"  data-reqmsg=\"Finns det tillg\u00e5ng till vatten? kan inte vara tom.\" aria-required=\"true\" data-invmsg=\"Finns det tillg\u00e5ng till vatten? \u00e4r ogiltigt\" aria-invalid=\"false\"   aria-describedby=\"frm_desc_field_592s5\"\/>\r\n\t<div class=\"frm_description\" id=\"frm_desc_field_592s5\">Djuren beh\u00f6ver vatten under bes\u00f6ket. Vid avsaknad av vattenuttag p\u00e5 plats beh\u00f6ver vi planera f\u00f6r att ta med oss vatten.<\/div>\r\n\t\r\n<\/div>\n<div id=\"frm_field_28_container\" class=\"frm_form_field form-field  frm_required_field frm_top_container frm6 frm_first\">\r\n\t<label for=\"field_s0mm8\" id=\"field_s0mm8_label\" class=\"frm_primary_label\">Finns det tillg\u00e5ng till toalett f\u00f6r 4H:s personal?\r\n\t\t<span class=\"frm_required\" aria-hidden=\"true\">*<\/span>\r\n\t<\/label>\r\n\t<input type=\"text\" id=\"field_s0mm8\" name=\"item_meta[28]\" value=\"\"  data-reqmsg=\"Finns det tillg\u00e5ng till toalett f\u00f6r 4H:s personal? kan inte vara tom.\" aria-required=\"true\" data-invmsg=\"Finns det tillg\u00e5ng till toalett f\u00f6r 4H:s personal? \u00e4r ogiltigt\" aria-invalid=\"false\"  \/>\r\n\t\r\n\t\r\n<\/div>\n<div id=\"frm_field_29_container\" class=\"frm_form_field form-field  frm_required_field frm_top_container frm6\">\r\n\t<label for=\"field_ur9ln\" id=\"field_ur9ln_label\" class=\"frm_primary_label\">Vilket omr\u00e5de sker aktiviteten p\u00e5?\r\n\t\t<span class=\"frm_required\" aria-hidden=\"true\">*<\/span>\r\n\t<\/label>\r\n\t<input type=\"text\" id=\"field_ur9ln\" name=\"item_meta[29]\" value=\"\"  data-reqmsg=\"Vilket omr\u00e5de sker aktiviteten p\u00e5? kan inte vara tom.\" aria-required=\"true\" data-invmsg=\"Vilket omr\u00e5de sker aktiviteten p\u00e5? \u00e4r ogiltigt\" aria-invalid=\"false\"   aria-describedby=\"frm_desc_field_ur9ln\"\/>\r\n\t<div class=\"frm_description\" id=\"frm_desc_field_ur9ln\">Sker aktiviteten p\u00e5 ett avgr\u00e4nsande omr\u00e5de? Vad \u00e4r det f\u00f6r typ av underlag d\u00e4r aktiviteten ska genomf\u00f6ras?<\/div>\r\n\t\r\n<\/div>\n<div id=\"frm_field_30_container\" class=\"frm_form_field form-field  frm_required_field frm_top_container\">\r\n\t<label for=\"field_zbx5t\" id=\"field_zbx5t_label\" class=\"frm_primary_label\">Ange fakturauppgifter\r\n\t\t<span class=\"frm_required\" aria-hidden=\"true\">*<\/span>\r\n\t<\/label>\r\n\t<textarea name=\"item_meta[30]\" id=\"field_zbx5t\" rows=\"5\"  placeholder=\"Organisationsnummer\r\nReferens\r\nFakturaadress\r\n\u00d6nskas fakturan via e-post eller brev?\" data-reqmsg=\"Ange fakturauppgifter kan inte vara tom.\" aria-required=\"true\" data-invmsg=\"Ange fakturauppgifter \u00e4r ogiltigt\" aria-invalid=\"false\"  ><\/textarea>\r\n\t\r\n\t\r\n<\/div>\n<div id=\"frm_field_9_container\" class=\"frm_form_field form-field \">\r\n\t<div class=\"frm_submit frm_flex\">\r\n<button class=\"frm_button_submit\" type=\"submit\" >Skicka<\/button>\r\n\r\n\r\n\r\n<\/div>\r\n<\/div>\n\t<input type=\"hidden\" name=\"item_key\" value=\"\" \/>\n\t\t\t<div id=\"frm_field_67_container\">\n\t\t\t<label for=\"field_ecn7l\" >\n\t\t\t\tOm du \u00e4r m\u00e4nsklig, l\u00e4mna det h\u00e4r f\u00e4ltet tomt.\t\t\t<\/label>\n\t\t\t<input  id=\"field_ecn7l\" type=\"text\" class=\"frm_form_field form-field frm_verify\" name=\"item_meta[67]\" value=\"\"  \/>\n\t\t<\/div>\n\t\t<input name=\"frm_state\" type=\"hidden\" value=\"J\/cWYB54aeAlt+C9tBqxvI+Z3BVAgXBrOb5sEInZTds=\" \/><\/div>\n<\/fieldset>\n<\/div>\n\n<\/form>\n<\/div>\n[\/vc_column_text][\/vc_column][\/vc_row]<\/p>\n<\/div>","protected":false},"excerpt":{"rendered":"<p>[vc_row][vc_column][vc_column_text css=&#8221;&#8221;][\/vc_column_text][\/vc_column][\/vc_row]<\/p>\n","protected":false},"author":211,"featured_media":0,"parent":0,"menu_order":0,"comment_status":"closed","ping_status":"closed","template":"","meta":{"footnotes":""},"class_list":["post-1110","page","type-page","status-publish","hentry"],"yoast_head":"<!-- This site is optimized with the Yoast SEO plugin v27.4 - https:\/\/yoast.com\/product\/yoast-seo-wordpress\/ -->\n<title>Bokningsf\u00f6rfr\u00e5gan - Aktivitet - 4H i Uppsala<\/title>\n<meta name=\"robots\" content=\"index, follow, max-snippet:-1, max-image-preview:large, max-video-preview:-1\" \/>\n<link rel=\"canonical\" href=\"https:\/\/www.4h.se\/uppsala\/bokningsforfragan-aktivitet\/\" \/>\n<meta property=\"og:locale\" content=\"sv_SE\" \/>\n<meta property=\"og:type\" content=\"article\" \/>\n<meta property=\"og:title\" content=\"Bokningsf\u00f6rfr\u00e5gan - Aktivitet - 4H i Uppsala\" \/>\n<meta property=\"og:description\" content=\"[vc_row][vc_column][vc_column_text css=&#8221;&#8221;][\/vc_column_text][\/vc_column][\/vc_row]\" \/>\n<meta property=\"og:url\" content=\"https:\/\/www.4h.se\/uppsala\/bokningsforfragan-aktivitet\/\" \/>\n<meta property=\"og:site_name\" content=\"4H i Uppsala\" \/>\n<meta property=\"article:modified_time\" content=\"2025-03-19T13:17:55+00:00\" \/>\n<meta name=\"twitter:card\" content=\"summary_large_image\" \/>\n<script type=\"application\/ld+json\" class=\"yoast-schema-graph\">{\"@context\":\"https:\\\/\\\/schema.org\",\"@graph\":[{\"@type\":\"WebPage\",\"@id\":\"https:\\\/\\\/www.4h.se\\\/uppsala\\\/bokningsforfragan-aktivitet\\\/\",\"url\":\"https:\\\/\\\/www.4h.se\\\/uppsala\\\/bokningsforfragan-aktivitet\\\/\",\"name\":\"Bokningsf\u00f6rfr\u00e5gan - Aktivitet - 4H i Uppsala\",\"isPartOf\":{\"@id\":\"https:\\\/\\\/www.4h.se\\\/uppsala\\\/#website\"},\"datePublished\":\"2025-03-19T13:13:50+00:00\",\"dateModified\":\"2025-03-19T13:17:55+00:00\",\"breadcrumb\":{\"@id\":\"https:\\\/\\\/www.4h.se\\\/uppsala\\\/bokningsforfragan-aktivitet\\\/#breadcrumb\"},\"inLanguage\":\"sv-SE\",\"potentialAction\":[{\"@type\":\"ReadAction\",\"target\":[\"https:\\\/\\\/www.4h.se\\\/uppsala\\\/bokningsforfragan-aktivitet\\\/\"]}]},{\"@type\":\"BreadcrumbList\",\"@id\":\"https:\\\/\\\/www.4h.se\\\/uppsala\\\/bokningsforfragan-aktivitet\\\/#breadcrumb\",\"itemListElement\":[{\"@type\":\"ListItem\",\"position\":1,\"name\":\"Hem\",\"item\":\"https:\\\/\\\/www.4h.se\\\/uppsala\\\/\"},{\"@type\":\"ListItem\",\"position\":2,\"name\":\"Bokningsf\u00f6rfr\u00e5gan &#8211; Aktivitet\"}]},{\"@type\":\"WebSite\",\"@id\":\"https:\\\/\\\/www.4h.se\\\/uppsala\\\/#website\",\"url\":\"https:\\\/\\\/www.4h.se\\\/uppsala\\\/\",\"name\":\"4H i Uppsala\",\"description\":\"\",\"potentialAction\":[{\"@type\":\"SearchAction\",\"target\":{\"@type\":\"EntryPoint\",\"urlTemplate\":\"https:\\\/\\\/www.4h.se\\\/uppsala\\\/?s={search_term_string}\"},\"query-input\":{\"@type\":\"PropertyValueSpecification\",\"valueRequired\":true,\"valueName\":\"search_term_string\"}}],\"inLanguage\":\"sv-SE\"}]}<\/script>\n<!-- \/ Yoast SEO plugin. -->","yoast_head_json":{"title":"Bokningsf\u00f6rfr\u00e5gan - Aktivitet - 4H i Uppsala","robots":{"index":"index","follow":"follow","max-snippet":"max-snippet:-1","max-image-preview":"max-image-preview:large","max-video-preview":"max-video-preview:-1"},"canonical":"https:\/\/www.4h.se\/uppsala\/bokningsforfragan-aktivitet\/","og_locale":"sv_SE","og_type":"article","og_title":"Bokningsf\u00f6rfr\u00e5gan - Aktivitet - 4H i Uppsala","og_description":"[vc_row][vc_column][vc_column_text css=&#8221;&#8221;][\/vc_column_text][\/vc_column][\/vc_row]","og_url":"https:\/\/www.4h.se\/uppsala\/bokningsforfragan-aktivitet\/","og_site_name":"4H i Uppsala","article_modified_time":"2025-03-19T13:17:55+00:00","twitter_card":"summary_large_image","schema":{"@context":"https:\/\/schema.org","@graph":[{"@type":"WebPage","@id":"https:\/\/www.4h.se\/uppsala\/bokningsforfragan-aktivitet\/","url":"https:\/\/www.4h.se\/uppsala\/bokningsforfragan-aktivitet\/","name":"Bokningsf\u00f6rfr\u00e5gan - Aktivitet - 4H i Uppsala","isPartOf":{"@id":"https:\/\/www.4h.se\/uppsala\/#website"},"datePublished":"2025-03-19T13:13:50+00:00","dateModified":"2025-03-19T13:17:55+00:00","breadcrumb":{"@id":"https:\/\/www.4h.se\/uppsala\/bokningsforfragan-aktivitet\/#breadcrumb"},"inLanguage":"sv-SE","potentialAction":[{"@type":"ReadAction","target":["https:\/\/www.4h.se\/uppsala\/bokningsforfragan-aktivitet\/"]}]},{"@type":"BreadcrumbList","@id":"https:\/\/www.4h.se\/uppsala\/bokningsforfragan-aktivitet\/#breadcrumb","itemListElement":[{"@type":"ListItem","position":1,"name":"Hem","item":"https:\/\/www.4h.se\/uppsala\/"},{"@type":"ListItem","position":2,"name":"Bokningsf\u00f6rfr\u00e5gan &#8211; Aktivitet"}]},{"@type":"WebSite","@id":"https:\/\/www.4h.se\/uppsala\/#website","url":"https:\/\/www.4h.se\/uppsala\/","name":"4H i Uppsala","description":"","potentialAction":[{"@type":"SearchAction","target":{"@type":"EntryPoint","urlTemplate":"https:\/\/www.4h.se\/uppsala\/?s={search_term_string}"},"query-input":{"@type":"PropertyValueSpecification","valueRequired":true,"valueName":"search_term_string"}}],"inLanguage":"sv-SE"}]}},"_links":{"self":[{"href":"https:\/\/www.4h.se\/uppsala\/wp-json\/wp\/v2\/pages\/1110","targetHints":{"allow":["GET"]}}],"collection":[{"href":"https:\/\/www.4h.se\/uppsala\/wp-json\/wp\/v2\/pages"}],"about":[{"href":"https:\/\/www.4h.se\/uppsala\/wp-json\/wp\/v2\/types\/page"}],"author":[{"embeddable":true,"href":"https:\/\/www.4h.se\/uppsala\/wp-json\/wp\/v2\/users\/211"}],"replies":[{"embeddable":true,"href":"https:\/\/www.4h.se\/uppsala\/wp-json\/wp\/v2\/comments?post=1110"}],"version-history":[{"count":0,"href":"https:\/\/www.4h.se\/uppsala\/wp-json\/wp\/v2\/pages\/1110\/revisions"}],"wp:attachment":[{"href":"https:\/\/www.4h.se\/uppsala\/wp-json\/wp\/v2\/media?parent=1110"}],"curies":[{"name":"wp","href":"https:\/\/api.w.org\/{rel}","templated":true}]}}