



{"id":1103,"date":"2025-03-19T11:07:52","date_gmt":"2025-03-19T10:07:52","guid":{"rendered":"https:\/\/www.4h.se\/uppsala\/?page_id=1103"},"modified":"2026-01-28T08:45:25","modified_gmt":"2026-01-28T07:45:25","slug":"bokning-av-aktivitet","status":"publish","type":"page","link":"https:\/\/www.4h.se\/uppsala\/bokning-av-aktivitet\/","title":{"rendered":"Bokning av aktivitet"},"content":{"rendered":"<div class=\"wpb-content-wrapper\"><p>[vc_row][vc_column][vc_single_image image=&#8221;1072&#8243; img_size=&#8221;1110&#215;300&#8243; style=&#8221;vc_box_rounded&#8221; css=&#8221;&#8221;][vc_column_text css=&#8221;&#8221;]<\/p>\n<h1>Bokning av aktivitet<\/h1>\n<p>[\/vc_column_text][\/vc_column][\/vc_row][vc_row][vc_column width=&#8221;1\/2&#8243;][vc_column_text css=&#8221;&#8221;]\u00c4r din verksamhet intresserade av att boka ett bes\u00f6k fr\u00e5n 4H? D\u00e5 har du hittat r\u00e4tt!<\/p>\n<p>Vi erbjuder upps\u00f6kande verksamhet, d\u00e5 vi bes\u00f6ker er verksamhet med en aktivitet. Det kan vara ett bes\u00f6k med v\u00e5ra djur, ponnyridning eller liknande.<\/p>\n<p>&nbsp;<\/p>\n<h4>Bokningsprocessen<\/h4>\n<ol>\n<li>L\u00e4s igenom v\u00e5rt aktivitetsutbud.<\/li>\n<li>Fyll i bokningsf\u00f6rfr\u00e5gan (via den gr\u00f6na knappen).<\/li>\n<li>Vi tar emot er bokningsf\u00f6rfr\u00e5gan.<\/li>\n<li>Vi \u00e5terkommer med besked om bokning. Vi kan \u00e4ven beh\u00f6va be om kompletterande uppgifter kopplat till er f\u00f6rfr\u00e5gan f\u00f6r att kunna ta st\u00e4llning.<\/li>\n<\/ol>\n<p>[\/vc_column_text][\/vc_column][vc_column width=&#8221;1\/2&#8243;][vc_single_image image=&#8221;1109&#8243; img_size=&#8221;550&#215;244&#8243; style=&#8221;vc_box_rounded&#8221; css=&#8221;&#8221;][\/vc_column][\/vc_row][vc_row][vc_column][vc_separator color=&#8221;peacoc&#8221; css=&#8221;&#8221;][vc_column_text css=&#8221;&#8221;]<\/p>\n<h3 style=\"text-align: center\">Aktiviteter vi erbjuder<\/h3>\n<p>[\/vc_column_text][vc_row_inner][vc_column_inner width=&#8221;1\/2&#8243;][vc_column_text css=&#8221;&#8221;]<\/p>\n<h4 style=\"text-align: center;\"><strong>Djurhagar<\/strong><\/h4>\n<p data-start=\"81\" data-end=\"395\">Djurhagar \u00e4r en mycket uppskattad aktivitet d\u00e4r vi tar med oss djur fr\u00e5n v\u00e5r 4H-g\u00e5rd och bes\u00f6ker er verksamhet under en dag. Vi g\u00e4star m\u00e5nga verksamheter varje \u00e5r, s\u00e5som skolor, g\u00e5rdsfester och \u00e4ldreboenden. Under bes\u00f6ket f\u00e5r deltagarna m\u00f6jlighet att klappa, mata och l\u00e4ra sig mer om n\u00e5gra av v\u00e5ra popul\u00e4ra djur!<\/p>\n<p data-start=\"397\" data-end=\"429\"><strong>Vid bokning av djurhage ing\u00e5r:<\/strong><\/p>\n<ul data-start=\"430\" data-end=\"753\">\n<li data-start=\"430\" data-end=\"485\">Bes\u00f6k av 4 djurslag: f\u00e5r, getter, kaniner och h\u00f6ns.<\/li>\n<li data-start=\"486\" data-end=\"591\">Personal fr\u00e5n 4H som sk\u00f6ter om djuren, ber\u00e4ttar om dem och finns tillg\u00e4ngliga under hela aktiviteten.<\/li>\n<li data-start=\"592\" data-end=\"689\">Uppst\u00e4llning och nedplockning av djurhagen utanf\u00f6r de 4 timmar som den \u00e4r \u00f6ppen f\u00f6r bes\u00f6kare.<\/li>\n<li data-start=\"690\" data-end=\"753\">Vi tar med allt som beh\u00f6vs, s\u00e5som staket, foder och hinkar.<\/li>\n<\/ul>\n<p data-start=\"755\" data-end=\"782\"><strong data-start=\"755\" data-end=\"764\">Pris:<\/strong><br data-start=\"764\" data-end=\"767\">Fr\u00e5n 6 500 kr.<\/p>\n<p>[\/vc_column_text][\/vc_column_inner][vc_column_inner width=&#8221;1\/2&#8243;][vc_column_text css=&#8221;&#8221;]<\/p>\n<h4 style=\"text-align: center\"><strong>PONNYRIDNING<\/strong><\/h4>\n<p data-start=\"812\" data-end=\"1025\">Vill du erbjuda ponnyridning med v\u00e5ra trygga och sn\u00e4lla h\u00e4star? P\u00e5 f\u00f6rfr\u00e5gan kan 4H komma till din verksamhet och ordna ridning f\u00f6r barn och ungdomar. <span data-teams=\"true\">D\u00e5 bokningar av ponnyridning \u00e4r en resurskr\u00e4vande aktivitet, beh\u00f6ver vi hantera varje enskild bokning separat. Fyll i bokningsf\u00f6rfr\u00e5gan med detaljerad information om er tillt\u00e4nkta aktivitet, s\u00e5 \u00e5terkommer vi till er f\u00f6r att forma aktiviteten utifr\u00e5n allas f\u00f6ruts\u00e4ttningar.<\/span><\/p>\n<p data-start=\"1027\" data-end=\"1063\"><strong>Vid bokning av ponnyridning ing\u00e5r:<\/strong><\/p>\n<ul data-start=\"1064\" data-end=\"1343\">\n<li data-start=\"1064\" data-end=\"1122\">Lugna och trygga ponnyer med erfaren personal fr\u00e5n 4H.<\/li>\n<li data-start=\"1123\" data-end=\"1193\">M\u00f6jlighet att anpassa uppl\u00e4gget efter deltagarnas \u00e5lder och behov.<\/li>\n<li data-start=\"1194\" data-end=\"1264\">S\u00e4ker utrustning och hj\u00e4lp f\u00f6r en trygg och trevlig ridupplevelse.<\/li>\n<li data-start=\"1265\" data-end=\"1343\">Hantering av h\u00e4starna samt allt praktiskt f\u00f6re, under och efter ridningen.<\/li>\n<\/ul>\n<p data-start=\"1345\" data-end=\"1437\"><strong data-start=\"1345\" data-end=\"1354\">Pris:<\/strong><br data-start=\"1354\" data-end=\"1357\" \/><span data-teams=\"true\">Pris varierar fr\u00e5n varje enskild f\u00f6rfr\u00e5gan och <\/span>baseras p\u00e5 tidsomfattning, geografiskt avst\u00e5nd, antal h\u00e4star och andra faktorer.<\/p>\n<p>[\/vc_column_text][\/vc_column_inner][\/vc_row_inner][vc_btn title=&#8221;Fyll i bokningsf\u00f6rfr\u00e5gan&#8221; style=&#8221;3d&#8221; color=&#8221;success&#8221; size=&#8221;lg&#8221; align=&#8221;center&#8221; i_icon_fontawesome=&#8221;fas fa-edit&#8221; css=&#8221;&#8221; button_block=&#8221;true&#8221; add_icon=&#8221;true&#8221; link=&#8221;url:https%3A%2F%2Fwww.4h.se%2Fuppsala%2Fbokningsforfragan-aktivitet%2F|title:Bokningsf%C3%B6rfr%C3%A5gan%20%E2%80%93%20Aktivitet&#8221;][\/vc_column][\/vc_row]<\/p>\n<\/div>","protected":false},"excerpt":{"rendered":"<p>[vc_row][vc_column][vc_single_image image=&#8221;1072&#8243; img_size=&#8221;1110&#215;300&#8243; style=&#8221;vc_box_rounded&#8221; css=&#8221;&#8221;][vc_column_text css=&#8221;&#8221;] Bokning av aktivitet [\/vc_column_text][\/vc_column][\/vc_row][vc_row][vc_column width=&#8221;1\/2&#8243;][vc_column_text css=&#8221;&#8221;]\u00c4r din verksamhet intresserade av att boka ett bes\u00f6k fr\u00e5n 4H? D\u00e5 har du hittat r\u00e4tt! Vi erbjuder upps\u00f6kande verksamhet, d\u00e5 vi bes\u00f6ker er verksamhet med en aktivitet. Det kan vara ett bes\u00f6k med v\u00e5ra djur, ponnyridning eller liknande. &nbsp; Bokningsprocessen L\u00e4s igenom v\u00e5rt&nbsp; <a href=\"https:\/\/www.4h.se\/uppsala\/bokning-av-aktivitet\/\">&hellip; Read more <i class=\"glyphicon glyphicon-arrow-right\"><\/i><\/a><\/p>\n","protected":false},"author":211,"featured_media":0,"parent":0,"menu_order":0,"comment_status":"closed","ping_status":"closed","template":"","meta":{"footnotes":""},"class_list":["post-1103","page","type-page","status-publish","hentry"],"yoast_head":"<!-- This site is optimized with the Yoast SEO plugin v27.4 - https:\/\/yoast.com\/product\/yoast-seo-wordpress\/ -->\n<title>Bokning av aktivitet - 4H i Uppsala<\/title>\n<meta name=\"robots\" content=\"index, follow, max-snippet:-1, max-image-preview:large, max-video-preview:-1\" \/>\n<link rel=\"canonical\" href=\"https:\/\/www.4h.se\/uppsala\/bokning-av-aktivitet\/\" \/>\n<meta property=\"og:locale\" content=\"sv_SE\" \/>\n<meta property=\"og:type\" content=\"article\" \/>\n<meta property=\"og:title\" content=\"Bokning av aktivitet - 4H i Uppsala\" \/>\n<meta property=\"og:description\" content=\"[vc_row][vc_column][vc_single_image image=&#8221;1072&#8243; img_size=&#8221;1110&#215;300&#8243; style=&#8221;vc_box_rounded&#8221; css=&#8221;&#8221;][vc_column_text css=&#8221;&#8221;] Bokning av aktivitet [\/vc_column_text][\/vc_column][\/vc_row][vc_row][vc_column width=&#8221;1\/2&#8243;][vc_column_text css=&#8221;&#8221;]\u00c4r din verksamhet intresserade av att boka ett bes\u00f6k fr\u00e5n 4H? D\u00e5 har du hittat r\u00e4tt! Vi erbjuder upps\u00f6kande verksamhet, d\u00e5 vi bes\u00f6ker er verksamhet med en aktivitet. Det kan vara ett bes\u00f6k med v\u00e5ra djur, ponnyridning eller liknande. &nbsp; Bokningsprocessen L\u00e4s igenom v\u00e5rt&nbsp; &hellip; Read more\" \/>\n<meta property=\"og:url\" content=\"https:\/\/www.4h.se\/uppsala\/bokning-av-aktivitet\/\" \/>\n<meta property=\"og:site_name\" content=\"4H i Uppsala\" \/>\n<meta property=\"article:modified_time\" content=\"2026-01-28T07:45:25+00:00\" \/>\n<meta name=\"twitter:card\" content=\"summary_large_image\" \/>\n<script type=\"application\/ld+json\" class=\"yoast-schema-graph\">{\"@context\":\"https:\\\/\\\/schema.org\",\"@graph\":[{\"@type\":\"WebPage\",\"@id\":\"https:\\\/\\\/www.4h.se\\\/uppsala\\\/bokning-av-aktivitet\\\/\",\"url\":\"https:\\\/\\\/www.4h.se\\\/uppsala\\\/bokning-av-aktivitet\\\/\",\"name\":\"Bokning av aktivitet - 4H i Uppsala\",\"isPartOf\":{\"@id\":\"https:\\\/\\\/www.4h.se\\\/uppsala\\\/#website\"},\"datePublished\":\"2025-03-19T10:07:52+00:00\",\"dateModified\":\"2026-01-28T07:45:25+00:00\",\"breadcrumb\":{\"@id\":\"https:\\\/\\\/www.4h.se\\\/uppsala\\\/bokning-av-aktivitet\\\/#breadcrumb\"},\"inLanguage\":\"sv-SE\",\"potentialAction\":[{\"@type\":\"ReadAction\",\"target\":[\"https:\\\/\\\/www.4h.se\\\/uppsala\\\/bokning-av-aktivitet\\\/\"]}]},{\"@type\":\"BreadcrumbList\",\"@id\":\"https:\\\/\\\/www.4h.se\\\/uppsala\\\/bokning-av-aktivitet\\\/#breadcrumb\",\"itemListElement\":[{\"@type\":\"ListItem\",\"position\":1,\"name\":\"Hem\",\"item\":\"https:\\\/\\\/www.4h.se\\\/uppsala\\\/\"},{\"@type\":\"ListItem\",\"position\":2,\"name\":\"Bokning av aktivitet\"}]},{\"@type\":\"WebSite\",\"@id\":\"https:\\\/\\\/www.4h.se\\\/uppsala\\\/#website\",\"url\":\"https:\\\/\\\/www.4h.se\\\/uppsala\\\/\",\"name\":\"4H i Uppsala\",\"description\":\"\",\"potentialAction\":[{\"@type\":\"SearchAction\",\"target\":{\"@type\":\"EntryPoint\",\"urlTemplate\":\"https:\\\/\\\/www.4h.se\\\/uppsala\\\/?s={search_term_string}\"},\"query-input\":{\"@type\":\"PropertyValueSpecification\",\"valueRequired\":true,\"valueName\":\"search_term_string\"}}],\"inLanguage\":\"sv-SE\"}]}<\/script>\n<!-- \/ Yoast SEO plugin. -->","yoast_head_json":{"title":"Bokning av aktivitet - 4H i Uppsala","robots":{"index":"index","follow":"follow","max-snippet":"max-snippet:-1","max-image-preview":"max-image-preview:large","max-video-preview":"max-video-preview:-1"},"canonical":"https:\/\/www.4h.se\/uppsala\/bokning-av-aktivitet\/","og_locale":"sv_SE","og_type":"article","og_title":"Bokning av aktivitet - 4H i Uppsala","og_description":"[vc_row][vc_column][vc_single_image image=&#8221;1072&#8243; img_size=&#8221;1110&#215;300&#8243; style=&#8221;vc_box_rounded&#8221; css=&#8221;&#8221;][vc_column_text css=&#8221;&#8221;] Bokning av aktivitet [\/vc_column_text][\/vc_column][\/vc_row][vc_row][vc_column width=&#8221;1\/2&#8243;][vc_column_text css=&#8221;&#8221;]\u00c4r din verksamhet intresserade av att boka ett bes\u00f6k fr\u00e5n 4H? D\u00e5 har du hittat r\u00e4tt! Vi erbjuder upps\u00f6kande verksamhet, d\u00e5 vi bes\u00f6ker er verksamhet med en aktivitet. Det kan vara ett bes\u00f6k med v\u00e5ra djur, ponnyridning eller liknande. &nbsp; Bokningsprocessen L\u00e4s igenom v\u00e5rt&nbsp; &hellip; Read more","og_url":"https:\/\/www.4h.se\/uppsala\/bokning-av-aktivitet\/","og_site_name":"4H i Uppsala","article_modified_time":"2026-01-28T07:45:25+00:00","twitter_card":"summary_large_image","schema":{"@context":"https:\/\/schema.org","@graph":[{"@type":"WebPage","@id":"https:\/\/www.4h.se\/uppsala\/bokning-av-aktivitet\/","url":"https:\/\/www.4h.se\/uppsala\/bokning-av-aktivitet\/","name":"Bokning av aktivitet - 4H i Uppsala","isPartOf":{"@id":"https:\/\/www.4h.se\/uppsala\/#website"},"datePublished":"2025-03-19T10:07:52+00:00","dateModified":"2026-01-28T07:45:25+00:00","breadcrumb":{"@id":"https:\/\/www.4h.se\/uppsala\/bokning-av-aktivitet\/#breadcrumb"},"inLanguage":"sv-SE","potentialAction":[{"@type":"ReadAction","target":["https:\/\/www.4h.se\/uppsala\/bokning-av-aktivitet\/"]}]},{"@type":"BreadcrumbList","@id":"https:\/\/www.4h.se\/uppsala\/bokning-av-aktivitet\/#breadcrumb","itemListElement":[{"@type":"ListItem","position":1,"name":"Hem","item":"https:\/\/www.4h.se\/uppsala\/"},{"@type":"ListItem","position":2,"name":"Bokning av aktivitet"}]},{"@type":"WebSite","@id":"https:\/\/www.4h.se\/uppsala\/#website","url":"https:\/\/www.4h.se\/uppsala\/","name":"4H i Uppsala","description":"","potentialAction":[{"@type":"SearchAction","target":{"@type":"EntryPoint","urlTemplate":"https:\/\/www.4h.se\/uppsala\/?s={search_term_string}"},"query-input":{"@type":"PropertyValueSpecification","valueRequired":true,"valueName":"search_term_string"}}],"inLanguage":"sv-SE"}]}},"_links":{"self":[{"href":"https:\/\/www.4h.se\/uppsala\/wp-json\/wp\/v2\/pages\/1103","targetHints":{"allow":["GET"]}}],"collection":[{"href":"https:\/\/www.4h.se\/uppsala\/wp-json\/wp\/v2\/pages"}],"about":[{"href":"https:\/\/www.4h.se\/uppsala\/wp-json\/wp\/v2\/types\/page"}],"author":[{"embeddable":true,"href":"https:\/\/www.4h.se\/uppsala\/wp-json\/wp\/v2\/users\/211"}],"replies":[{"embeddable":true,"href":"https:\/\/www.4h.se\/uppsala\/wp-json\/wp\/v2\/comments?post=1103"}],"version-history":[{"count":0,"href":"https:\/\/www.4h.se\/uppsala\/wp-json\/wp\/v2\/pages\/1103\/revisions"}],"wp:attachment":[{"href":"https:\/\/www.4h.se\/uppsala\/wp-json\/wp\/v2\/media?parent=1103"}],"curies":[{"name":"wp","href":"https:\/\/api.w.org\/{rel}","templated":true}]}}