



{"id":39,"date":"2014-12-09T20:10:35","date_gmt":"2014-12-09T19:10:35","guid":{"rendered":"http:\/\/www.4h.se\/rix16\/?page_id=39"},"modified":"2024-10-06T14:37:31","modified_gmt":"2024-10-06T12:37:31","slug":"hem","status":"publish","type":"page","link":"https:\/\/www.4h.se\/tuna\/","title":{"rendered":"Startsida"},"content":{"rendered":"<div class=\"wpb-content-wrapper\"><p>[vc_row][vc_column width=&#8221;1\/2&#8243;][vc_column_text]<\/p>\n<h1>V\u00e4lkommen till Tuna 4H-klubb!<\/h1>\n<p>En klubb d\u00e4r m\u00f6jligheterna till aktiviteter \u00e4r n\u00e4stintill o\u00e4ndliga. Vi erbjuder olika typer av aktiviteter s\u00e5 som t.ex. volleyboll, pilates, aerobics, yoga, lekar, ungdomsg\u00e5rd, bakning samt barngymnastik f\u00f6r de yngsta. De flesta aktiviteter bedrivs i den lokala bygdeg\u00e5rden.<\/p>\n<p>Har du\u00a0n\u00e5got som du \u00e4r intresserad av eller vet att n\u00e5gon annan \u00e4r intresserad att g\u00f6ra s\u00e5 tar vi g\u00e4rna emot f\u00f6rslag p\u00e5 nya aktiviteter. Vi kan \u00e4ven hj\u00e4lpa till att arrangera aktiviteter som ni vill h\u00e5lla i men beh\u00f6ver hj\u00e4lp att komma ig\u00e5ng med. Kontakta oss via mail som ni hittar p\u00e5 sidan &#8221;<a href=\"https:\/\/www.4h.se\/tuna\/kontakt\/\">kontakt<\/a>&#8221;.<\/p>\n<p>Har du m\u00f6jlighet att ta dig till v\u00e5ra aktiviteter ute i Tuna \u00e4r du mer \u00e4n v\u00e4lkommen att h\u00e4nga med oss p\u00e5 nya \u00e4ventyr och upplevelser.[\/vc_column_text][\/vc_column][\/vc_row][vc_row][vc_column][\/vc_column][\/vc_row][vc_row][vc_column][\/vc_column][\/vc_row]<\/p>\n<\/div>","protected":false},"excerpt":{"rendered":"<p>[vc_row][vc_column width=&#8221;1\/2&#8243;][vc_column_text] V\u00e4lkommen till Tuna 4H-klubb! En klubb d\u00e4r m\u00f6jligheterna till aktiviteter \u00e4r n\u00e4stintill o\u00e4ndliga. Vi erbjuder olika typer av aktiviteter s\u00e5 som t.ex. volleyboll, pilates, aerobics, yoga, lekar, ungdomsg\u00e5rd, bakning samt barngymnastik f\u00f6r de yngsta. De flesta aktiviteter bedrivs i den lokala bygdeg\u00e5rden. Har du\u00a0n\u00e5got som du \u00e4r intresserad av eller vet att n\u00e5gon&nbsp; <a href=\"https:\/\/www.4h.se\/tuna\/\">&hellip; Read more <i class=\"glyphicon glyphicon-arrow-right\"><\/i><\/a><\/p>\n","protected":false},"author":1,"featured_media":0,"parent":0,"menu_order":10,"comment_status":"closed","ping_status":"closed","template":"","meta":{"_acf_changed":false,"footnotes":""},"class_list":["post-39","page","type-page","status-publish","hentry"],"acf":[],"yoast_head":"<!-- This site is optimized with the Yoast SEO plugin v27.5 - https:\/\/yoast.com\/product\/yoast-seo-wordpress\/ -->\n<title>Startsida - Tuna 4H-klubb<\/title>\n<meta name=\"robots\" content=\"index, follow, max-snippet:-1, max-image-preview:large, max-video-preview:-1\" \/>\n<link rel=\"canonical\" href=\"https:\/\/www.4h.se\/tuna\/\" \/>\n<meta property=\"og:locale\" content=\"sv_SE\" \/>\n<meta property=\"og:type\" content=\"article\" \/>\n<meta property=\"og:title\" content=\"Startsida - Tuna 4H-klubb\" \/>\n<meta property=\"og:description\" content=\"[vc_row][vc_column width=&#8221;1\/2&#8243;][vc_column_text] V\u00e4lkommen till Tuna 4H-klubb! En klubb d\u00e4r m\u00f6jligheterna till aktiviteter \u00e4r n\u00e4stintill o\u00e4ndliga. Vi erbjuder olika typer av aktiviteter s\u00e5 som t.ex. volleyboll, pilates, aerobics, yoga, lekar, ungdomsg\u00e5rd, bakning samt barngymnastik f\u00f6r de yngsta. De flesta aktiviteter bedrivs i den lokala bygdeg\u00e5rden. Har du\u00a0n\u00e5got som du \u00e4r intresserad av eller vet att n\u00e5gon&nbsp; &hellip; Read more\" \/>\n<meta property=\"og:url\" content=\"https:\/\/www.4h.se\/tuna\/\" \/>\n<meta property=\"og:site_name\" content=\"Tuna 4H-klubb\" \/>\n<meta property=\"article:modified_time\" content=\"2024-10-06T12:37:31+00:00\" \/>\n<meta name=\"twitter:card\" content=\"summary_large_image\" \/>\n<meta name=\"twitter:label1\" content=\"Ber\u00e4knad l\u00e4stid\" \/>\n\t<meta name=\"twitter:data1\" content=\"1 minut\" \/>\n<script type=\"application\/ld+json\" class=\"yoast-schema-graph\">{\"@context\":\"https:\\\/\\\/schema.org\",\"@graph\":[{\"@type\":\"WebPage\",\"@id\":\"https:\\\/\\\/www.4h.se\\\/tuna\\\/\",\"url\":\"https:\\\/\\\/www.4h.se\\\/tuna\\\/\",\"name\":\"Startsida - Tuna 4H-klubb\",\"isPartOf\":{\"@id\":\"https:\\\/\\\/www.4h.se\\\/tuna\\\/#website\"},\"datePublished\":\"2014-12-09T19:10:35+00:00\",\"dateModified\":\"2024-10-06T12:37:31+00:00\",\"breadcrumb\":{\"@id\":\"https:\\\/\\\/www.4h.se\\\/tuna\\\/#breadcrumb\"},\"inLanguage\":\"sv-SE\",\"potentialAction\":[{\"@type\":\"ReadAction\",\"target\":[\"https:\\\/\\\/www.4h.se\\\/tuna\\\/\"]}]},{\"@type\":\"BreadcrumbList\",\"@id\":\"https:\\\/\\\/www.4h.se\\\/tuna\\\/#breadcrumb\",\"itemListElement\":[{\"@type\":\"ListItem\",\"position\":1,\"name\":\"Hem\",\"item\":\"https:\\\/\\\/www.4h.se\\\/tuna\\\/\"},{\"@type\":\"ListItem\",\"position\":2,\"name\":\"Startsida\"}]},{\"@type\":\"WebSite\",\"@id\":\"https:\\\/\\\/www.4h.se\\\/tuna\\\/#website\",\"url\":\"https:\\\/\\\/www.4h.se\\\/tuna\\\/\",\"name\":\"Tuna 4H-klubb\",\"description\":\"\",\"potentialAction\":[{\"@type\":\"SearchAction\",\"target\":{\"@type\":\"EntryPoint\",\"urlTemplate\":\"https:\\\/\\\/www.4h.se\\\/tuna\\\/?s={search_term_string}\"},\"query-input\":{\"@type\":\"PropertyValueSpecification\",\"valueRequired\":true,\"valueName\":\"search_term_string\"}}],\"inLanguage\":\"sv-SE\"}]}<\/script>\n<!-- \/ Yoast SEO plugin. -->","yoast_head_json":{"title":"Startsida - Tuna 4H-klubb","robots":{"index":"index","follow":"follow","max-snippet":"max-snippet:-1","max-image-preview":"max-image-preview:large","max-video-preview":"max-video-preview:-1"},"canonical":"https:\/\/www.4h.se\/tuna\/","og_locale":"sv_SE","og_type":"article","og_title":"Startsida - Tuna 4H-klubb","og_description":"[vc_row][vc_column width=&#8221;1\/2&#8243;][vc_column_text] V\u00e4lkommen till Tuna 4H-klubb! En klubb d\u00e4r m\u00f6jligheterna till aktiviteter \u00e4r n\u00e4stintill o\u00e4ndliga. Vi erbjuder olika typer av aktiviteter s\u00e5 som t.ex. volleyboll, pilates, aerobics, yoga, lekar, ungdomsg\u00e5rd, bakning samt barngymnastik f\u00f6r de yngsta. De flesta aktiviteter bedrivs i den lokala bygdeg\u00e5rden. Har du\u00a0n\u00e5got som du \u00e4r intresserad av eller vet att n\u00e5gon&nbsp; &hellip; Read more","og_url":"https:\/\/www.4h.se\/tuna\/","og_site_name":"Tuna 4H-klubb","article_modified_time":"2024-10-06T12:37:31+00:00","twitter_card":"summary_large_image","twitter_misc":{"Ber\u00e4knad l\u00e4stid":"1 minut"},"schema":{"@context":"https:\/\/schema.org","@graph":[{"@type":"WebPage","@id":"https:\/\/www.4h.se\/tuna\/","url":"https:\/\/www.4h.se\/tuna\/","name":"Startsida - Tuna 4H-klubb","isPartOf":{"@id":"https:\/\/www.4h.se\/tuna\/#website"},"datePublished":"2014-12-09T19:10:35+00:00","dateModified":"2024-10-06T12:37:31+00:00","breadcrumb":{"@id":"https:\/\/www.4h.se\/tuna\/#breadcrumb"},"inLanguage":"sv-SE","potentialAction":[{"@type":"ReadAction","target":["https:\/\/www.4h.se\/tuna\/"]}]},{"@type":"BreadcrumbList","@id":"https:\/\/www.4h.se\/tuna\/#breadcrumb","itemListElement":[{"@type":"ListItem","position":1,"name":"Hem","item":"https:\/\/www.4h.se\/tuna\/"},{"@type":"ListItem","position":2,"name":"Startsida"}]},{"@type":"WebSite","@id":"https:\/\/www.4h.se\/tuna\/#website","url":"https:\/\/www.4h.se\/tuna\/","name":"Tuna 4H-klubb","description":"","potentialAction":[{"@type":"SearchAction","target":{"@type":"EntryPoint","urlTemplate":"https:\/\/www.4h.se\/tuna\/?s={search_term_string}"},"query-input":{"@type":"PropertyValueSpecification","valueRequired":true,"valueName":"search_term_string"}}],"inLanguage":"sv-SE"}]}},"_links":{"self":[{"href":"https:\/\/www.4h.se\/tuna\/wp-json\/wp\/v2\/pages\/39","targetHints":{"allow":["GET"]}}],"collection":[{"href":"https:\/\/www.4h.se\/tuna\/wp-json\/wp\/v2\/pages"}],"about":[{"href":"https:\/\/www.4h.se\/tuna\/wp-json\/wp\/v2\/types\/page"}],"author":[{"embeddable":true,"href":"https:\/\/www.4h.se\/tuna\/wp-json\/wp\/v2\/users\/1"}],"replies":[{"embeddable":true,"href":"https:\/\/www.4h.se\/tuna\/wp-json\/wp\/v2\/comments?post=39"}],"version-history":[{"count":0,"href":"https:\/\/www.4h.se\/tuna\/wp-json\/wp\/v2\/pages\/39\/revisions"}],"wp:attachment":[{"href":"https:\/\/www.4h.se\/tuna\/wp-json\/wp\/v2\/media?parent=39"}],"curies":[{"name":"wp","href":"https:\/\/api.w.org\/{rel}","templated":true}]}}