



{"id":296,"date":"2015-10-16T10:56:45","date_gmt":"2015-10-16T08:56:45","guid":{"rendered":"http:\/\/www.4h.se\/tuna\/?page_id=296"},"modified":"2024-10-16T20:16:35","modified_gmt":"2024-10-16T18:16:35","slug":"kontakt","status":"publish","type":"page","link":"https:\/\/www.4h.se\/tuna\/kontakt\/","title":{"rendered":"Kontakt"},"content":{"rendered":"<div class=\"wpb-content-wrapper\"><p>[vc_row][vc_column width=&#8221;1\/2&#8243;][vc_column_text]<\/p>\n<h1><strong>Kontakta oss p\u00e5 Tuna 4H<\/strong><\/h1>\n<p><strong>Styrelsen best\u00e5r av:<\/strong><\/p>\n<table style=\"height: 189px;\" width=\"742\">\n<tbody>\n<tr>\n<td>Klara Jonsson<\/td>\n<td>Ordf\u00f6rande<\/td>\n<td><a href=\"mailto:klara_jonsson00@hotmail.com\">klara_jonsson00@hotmail.com<\/a><\/td>\n<td><\/td>\n<\/tr>\n<tr>\n<td>Viktor Jonsson<\/td>\n<td>Kass\u00f6r<\/td>\n<td>viktor.jonsson@4h.se<\/td>\n<td><\/td>\n<\/tr>\n<tr>\n<td>Filip Eriksson<\/td>\n<td>Sekreterare<\/td>\n<td>Filip.eriksson@4h.se<\/td>\n<td><\/td>\n<\/tr>\n<tr>\n<td><\/td>\n<td><\/td>\n<td><\/td>\n<td><\/td>\n<\/tr>\n<tr>\n<td><\/td>\n<td><\/td>\n<td><\/td>\n<td><\/td>\n<\/tr>\n<tr>\n<td><\/td>\n<td><\/td>\n<td><\/td>\n<td><\/td>\n<\/tr>\n<tr>\n<td><\/td>\n<td><\/td>\n<td><\/td>\n<td><\/td>\n<\/tr>\n<tr>\n<td><\/td>\n<td><\/td>\n<td><\/td>\n<td><\/td>\n<\/tr>\n<tr>\n<td><\/td>\n<td><\/td>\n<td><\/td>\n<td><\/td>\n<\/tr>\n<\/tbody>\n<\/table>\n<p>&nbsp;[\/vc_column_text][\/vc_column][vc_column width=&#8221;1\/2&#8243;][vc_column_text css=&#8221;&#8221;]<\/p>\n<h2>Sociala medier och annat<\/h2>\n<p><strong>Klubbmail:<\/strong> Ni kan \u00e4ven n\u00e5 oss via v\u00e5r nya mailadress tuna@4h.se<\/p>\n<p><strong>Instagram:<\/strong> <span style=\"color: #00693f;\"><a style=\"color: #00693f;\" href=\"https:\/\/www.instagram.com\/tuna4h\/\">Klicka h\u00e4r<\/a><\/span><\/p>\n<p><strong>Facebook: <\/strong><span style=\"color: #00693f;\"><a style=\"color: #00693f;\" href=\"https:\/\/www.facebook.com\/groups\/290955657624642\/\">Klicka h\u00e4r<\/a><\/span><\/p>\n<p><strong>Klubbledare: <\/strong>Klara Jonsson<b>, <\/b>klara_jonsson00@hotmail.com<b>, <\/b>076-794\u00a080 38<\/p>\n<p>Vi tar g\u00e4rna emot fr\u00e5gor och \u00e5sikter om klubbens verksamhet<\/p>\n<p>Reviderad 211124[\/vc_column_text][\/vc_column][\/vc_row][vc_row][vc_column width=&#8221;1\/2&#8243;][vc_gmaps link=&#8221;#E-8_JTNDaWZyYW1lJTIwc3JjJTNEJTIyaHR0cHMlM0ElMkYlMkZ3d3cuZ29vZ2xlLmNvbSUyRm1hcHMlMkZlbWJlZCUzRnBiJTNEJTIxMW0xOCUyMTFtMTIlMjExbTMlMjExZDE3MTguMzI3NTc4NTI2OTUyNSUyMTJkMTguMDU1NTc5OTE1ODcxNDA1JTIxM2Q2MC4wMjM4OTk0ODE5MDcyMTUlMjEybTMlMjExZjAlMjEyZjAlMjEzZjAlMjEzbTIlMjExaTEwMjQlMjEyaTc2OCUyMTRmMTMuMSUyMTNtMyUyMTFtMiUyMTFzMHg0NjVmZDkxMjc5YTgxNDU5JTI1M0EweDRlMmNhNDU3NGZmMjMxMTUlMjEyc0IlMjVDMyUyNUI2cnN0YSUyQjIyJTI1MkMlMkI3NDclMkI5MyUyQkFsdW5kYSUyMTVlMSUyMTNtMiUyMTFzc3YlMjEyc3NlJTIxNHYxNDg0NDkyMzE0ODAyJTIyJTIwd2lkdGglM0QlMjI2MDAlMjIlMjBoZWlnaHQlM0QlMjI0NTAlMjIlMjBmcmFtZWJvcmRlciUzRCUyMjAlMjIlMjBzdHlsZSUzRCUyMmJvcmRlciUzQTAlMjIlMjBhbGxvd2Z1bGxzY3JlZW4lM0UlM0MlMkZpZnJhbWUlM0U=&#8221; title=&#8221;H\u00e4r har vi mestadels v\u00e5r verksamhet&#8221;][\/vc_column][vc_column width=&#8221;1\/2&#8243;][vc_gmaps link=&#8221;#E-8_JTNDaWZyYW1lJTIwc3JjJTNEJTIyaHR0cHMlM0ElMkYlMkZ3d3cuZ29vZ2xlLmNvbSUyRm1hcHMlMkZlbWJlZCUzRnBiJTNEJTIxMW0wJTIxM20yJTIxMXNzdiUyMTJzc2UlMjE0djE0ODQ0OTE4ODM3MjElMjE2bTglMjExbTclMjExczhQTVZEdTZEckgzd0ZSTkRuZ19qMVElMjEybTIlMjExZDYwLjAyMzU5MzMwMzkxNzYlMjEyZDE4LjA1ODUyMzg4NzM3NjkxJTIxM2YyOTIuNTk0NDQwNDI3NDkxMzUlMjE0Zi05LjQ4MzE1ODI4NDI5OTk3NSUyMTVmMC43ODIwODY1OTc0NjI3NDY5JTIyJTIwd2lkdGglM0QlMjI2MDAlMjIlMjBoZWlnaHQlM0QlMjI0NTAlMjIlMjBmcmFtZWJvcmRlciUzRCUyMjAlMjIlMjBzdHlsZSUzRCUyMmJvcmRlciUzQTAlMjIlMjBhbGxvd2Z1bGxzY3JlZW4lM0UlM0MlMkZpZnJhbWUlM0U=&#8221; title=&#8221;Tuna Bygdeg\u00e5rd&#8221;][\/vc_column][\/vc_row]<\/p>\n<\/div>","protected":false},"excerpt":{"rendered":"<p>[vc_row][vc_column width=&#8221;1\/2&#8243;][vc_column_text] Kontakta oss p\u00e5 Tuna 4H Styrelsen best\u00e5r av: Klara Jonsson Ordf\u00f6rande klara_jonsson00@hotmail.com Viktor Jonsson Kass\u00f6r viktor.jonsson@4h.se Filip Eriksson Sekreterare Filip.eriksson@4h.se &nbsp;[\/vc_column_text][\/vc_column][vc_column width=&#8221;1\/2&#8243;][vc_column_text css=&#8221;&#8221;] Sociala medier och annat Klubbmail: Ni kan \u00e4ven n\u00e5 oss via v\u00e5r nya mailadress tuna@4h.se Instagram: Klicka h\u00e4r Facebook: Klicka h\u00e4r Klubbledare: Klara Jonsson, klara_jonsson00@hotmail.com, 076-794\u00a080 38 Vi tar g\u00e4rna&nbsp; <a href=\"https:\/\/www.4h.se\/tuna\/kontakt\/\">&hellip; Read more <i class=\"glyphicon glyphicon-arrow-right\"><\/i><\/a><\/p>\n","protected":false},"author":1,"featured_media":0,"parent":0,"menu_order":0,"comment_status":"closed","ping_status":"closed","template":"","meta":{"_acf_changed":false,"footnotes":""},"class_list":["post-296","page","type-page","status-publish","hentry"],"acf":[],"yoast_head":"<!-- This site is optimized with the Yoast SEO plugin v27.5 - https:\/\/yoast.com\/product\/yoast-seo-wordpress\/ -->\n<title>Kontakt - Tuna 4H-klubb<\/title>\n<meta name=\"robots\" content=\"index, follow, max-snippet:-1, max-image-preview:large, max-video-preview:-1\" \/>\n<link rel=\"canonical\" href=\"https:\/\/www.4h.se\/tuna\/kontakt\/\" \/>\n<meta property=\"og:locale\" content=\"sv_SE\" \/>\n<meta property=\"og:type\" content=\"article\" \/>\n<meta property=\"og:title\" content=\"Kontakt - Tuna 4H-klubb\" \/>\n<meta property=\"og:description\" content=\"[vc_row][vc_column width=&#8221;1\/2&#8243;][vc_column_text] Kontakta oss p\u00e5 Tuna 4H Styrelsen best\u00e5r av: Klara Jonsson Ordf\u00f6rande klara_jonsson00@hotmail.com Viktor Jonsson Kass\u00f6r viktor.jonsson@4h.se Filip Eriksson Sekreterare Filip.eriksson@4h.se &nbsp;[\/vc_column_text][\/vc_column][vc_column width=&#8221;1\/2&#8243;][vc_column_text css=&#8221;&#8221;] Sociala medier och annat Klubbmail: Ni kan \u00e4ven n\u00e5 oss via v\u00e5r nya mailadress tuna@4h.se Instagram: Klicka h\u00e4r Facebook: Klicka h\u00e4r Klubbledare: Klara Jonsson, klara_jonsson00@hotmail.com, 076-794\u00a080 38 Vi tar g\u00e4rna&nbsp; &hellip; Read more\" \/>\n<meta property=\"og:url\" content=\"https:\/\/www.4h.se\/tuna\/kontakt\/\" \/>\n<meta property=\"og:site_name\" content=\"Tuna 4H-klubb\" \/>\n<meta property=\"article:modified_time\" content=\"2024-10-16T18:16:35+00:00\" \/>\n<meta name=\"twitter:card\" content=\"summary_large_image\" \/>\n<meta name=\"twitter:label1\" content=\"Ber\u00e4knad l\u00e4stid\" \/>\n\t<meta name=\"twitter:data1\" content=\"1 minut\" \/>\n<script type=\"application\/ld+json\" class=\"yoast-schema-graph\">{\"@context\":\"https:\\\/\\\/schema.org\",\"@graph\":[{\"@type\":\"WebPage\",\"@id\":\"https:\\\/\\\/www.4h.se\\\/tuna\\\/kontakt\\\/\",\"url\":\"https:\\\/\\\/www.4h.se\\\/tuna\\\/kontakt\\\/\",\"name\":\"Kontakt - Tuna 4H-klubb\",\"isPartOf\":{\"@id\":\"https:\\\/\\\/www.4h.se\\\/tuna\\\/#website\"},\"datePublished\":\"2015-10-16T08:56:45+00:00\",\"dateModified\":\"2024-10-16T18:16:35+00:00\",\"breadcrumb\":{\"@id\":\"https:\\\/\\\/www.4h.se\\\/tuna\\\/kontakt\\\/#breadcrumb\"},\"inLanguage\":\"sv-SE\",\"potentialAction\":[{\"@type\":\"ReadAction\",\"target\":[\"https:\\\/\\\/www.4h.se\\\/tuna\\\/kontakt\\\/\"]}]},{\"@type\":\"BreadcrumbList\",\"@id\":\"https:\\\/\\\/www.4h.se\\\/tuna\\\/kontakt\\\/#breadcrumb\",\"itemListElement\":[{\"@type\":\"ListItem\",\"position\":1,\"name\":\"Hem\",\"item\":\"https:\\\/\\\/www.4h.se\\\/tuna\\\/\"},{\"@type\":\"ListItem\",\"position\":2,\"name\":\"Kontakt\"}]},{\"@type\":\"WebSite\",\"@id\":\"https:\\\/\\\/www.4h.se\\\/tuna\\\/#website\",\"url\":\"https:\\\/\\\/www.4h.se\\\/tuna\\\/\",\"name\":\"Tuna 4H-klubb\",\"description\":\"\",\"potentialAction\":[{\"@type\":\"SearchAction\",\"target\":{\"@type\":\"EntryPoint\",\"urlTemplate\":\"https:\\\/\\\/www.4h.se\\\/tuna\\\/?s={search_term_string}\"},\"query-input\":{\"@type\":\"PropertyValueSpecification\",\"valueRequired\":true,\"valueName\":\"search_term_string\"}}],\"inLanguage\":\"sv-SE\"}]}<\/script>\n<!-- \/ Yoast SEO plugin. -->","yoast_head_json":{"title":"Kontakt - Tuna 4H-klubb","robots":{"index":"index","follow":"follow","max-snippet":"max-snippet:-1","max-image-preview":"max-image-preview:large","max-video-preview":"max-video-preview:-1"},"canonical":"https:\/\/www.4h.se\/tuna\/kontakt\/","og_locale":"sv_SE","og_type":"article","og_title":"Kontakt - Tuna 4H-klubb","og_description":"[vc_row][vc_column width=&#8221;1\/2&#8243;][vc_column_text] Kontakta oss p\u00e5 Tuna 4H Styrelsen best\u00e5r av: Klara Jonsson Ordf\u00f6rande klara_jonsson00@hotmail.com Viktor Jonsson Kass\u00f6r viktor.jonsson@4h.se Filip Eriksson Sekreterare Filip.eriksson@4h.se &nbsp;[\/vc_column_text][\/vc_column][vc_column width=&#8221;1\/2&#8243;][vc_column_text css=&#8221;&#8221;] Sociala medier och annat Klubbmail: Ni kan \u00e4ven n\u00e5 oss via v\u00e5r nya mailadress tuna@4h.se Instagram: Klicka h\u00e4r Facebook: Klicka h\u00e4r Klubbledare: Klara Jonsson, klara_jonsson00@hotmail.com, 076-794\u00a080 38 Vi tar g\u00e4rna&nbsp; &hellip; Read more","og_url":"https:\/\/www.4h.se\/tuna\/kontakt\/","og_site_name":"Tuna 4H-klubb","article_modified_time":"2024-10-16T18:16:35+00:00","twitter_card":"summary_large_image","twitter_misc":{"Ber\u00e4knad l\u00e4stid":"1 minut"},"schema":{"@context":"https:\/\/schema.org","@graph":[{"@type":"WebPage","@id":"https:\/\/www.4h.se\/tuna\/kontakt\/","url":"https:\/\/www.4h.se\/tuna\/kontakt\/","name":"Kontakt - Tuna 4H-klubb","isPartOf":{"@id":"https:\/\/www.4h.se\/tuna\/#website"},"datePublished":"2015-10-16T08:56:45+00:00","dateModified":"2024-10-16T18:16:35+00:00","breadcrumb":{"@id":"https:\/\/www.4h.se\/tuna\/kontakt\/#breadcrumb"},"inLanguage":"sv-SE","potentialAction":[{"@type":"ReadAction","target":["https:\/\/www.4h.se\/tuna\/kontakt\/"]}]},{"@type":"BreadcrumbList","@id":"https:\/\/www.4h.se\/tuna\/kontakt\/#breadcrumb","itemListElement":[{"@type":"ListItem","position":1,"name":"Hem","item":"https:\/\/www.4h.se\/tuna\/"},{"@type":"ListItem","position":2,"name":"Kontakt"}]},{"@type":"WebSite","@id":"https:\/\/www.4h.se\/tuna\/#website","url":"https:\/\/www.4h.se\/tuna\/","name":"Tuna 4H-klubb","description":"","potentialAction":[{"@type":"SearchAction","target":{"@type":"EntryPoint","urlTemplate":"https:\/\/www.4h.se\/tuna\/?s={search_term_string}"},"query-input":{"@type":"PropertyValueSpecification","valueRequired":true,"valueName":"search_term_string"}}],"inLanguage":"sv-SE"}]}},"_links":{"self":[{"href":"https:\/\/www.4h.se\/tuna\/wp-json\/wp\/v2\/pages\/296","targetHints":{"allow":["GET"]}}],"collection":[{"href":"https:\/\/www.4h.se\/tuna\/wp-json\/wp\/v2\/pages"}],"about":[{"href":"https:\/\/www.4h.se\/tuna\/wp-json\/wp\/v2\/types\/page"}],"author":[{"embeddable":true,"href":"https:\/\/www.4h.se\/tuna\/wp-json\/wp\/v2\/users\/1"}],"replies":[{"embeddable":true,"href":"https:\/\/www.4h.se\/tuna\/wp-json\/wp\/v2\/comments?post=296"}],"version-history":[{"count":0,"href":"https:\/\/www.4h.se\/tuna\/wp-json\/wp\/v2\/pages\/296\/revisions"}],"wp:attachment":[{"href":"https:\/\/www.4h.se\/tuna\/wp-json\/wp\/v2\/media?parent=296"}],"curies":[{"name":"wp","href":"https:\/\/api.w.org\/{rel}","templated":true}]}}