



{"id":293,"date":"2015-10-16T10:49:33","date_gmt":"2015-10-16T08:49:33","guid":{"rendered":"http:\/\/www.4h.se\/tuna\/?page_id=293"},"modified":"2025-08-28T15:53:05","modified_gmt":"2025-08-28T13:53:05","slug":"bli-medlem","status":"publish","type":"page","link":"https:\/\/www.4h.se\/tuna\/bli-medlem\/","title":{"rendered":"Bli medlem"},"content":{"rendered":"<div class=\"wpb-content-wrapper\"><p>[vc_row][vc_column][vc_column_text css=&#8221;&#8221;]<\/p>\n<h1>Bli medlem i Tuna 4H<\/h1>\n<p>Tack f\u00f6r att du vill bli medlem i Tuna 4H.<\/p>\n<p><strong>V\u00e5rt medlemssystem administreras via tj\u00e4nsten Antribe. Bli medlem i Tuna 4H genom att fylla i formul\u00e4ret nedan eller g\u00e5 till <a href=\"https:\/\/antribe.com\/org\/4h\/tuna-4h\" target=\"_blank\">https:\/\/antribe.com\/org\/4h\/tuna-4h<\/a>.<\/strong><\/p>\n<div id=\"embedded-root\"><\/div>\n<p><script>\n  (function () {\n    window.ANTRIBE_EMBED = {\n      organizationSlug: '4h',\n      groupSlug: 'tuna-4h',\n    };\n  })();\n<\/script><br \/><script src=\"https:\/\/antribe.com\/embed\/app.js\"><\/script><\/p>\n<p>Vill du ha mer information, kontakta kontakta 4H:s rikskansli som kan guida dig. Kontaktuppgifter hittar du p\u00e5 sidan&nbsp;<a href=\"https:\/\/www.4h.se\/om-4h\/kontakta-4h\/\">Kontakta 4H<\/a>. Eller kontakta&nbsp;oss s\u00e5 hj\u00e4lper vi dig.<\/p>\n<p>V\u00e5r huvudm\u00e5lgrupp \u00e4r barn och ungdomar mellan 6-25 \u00e5r.<\/p>\n<p>Som medlem i 4H \u00e4r du v\u00e4lkommen att delta p\u00e5 organisationens alla arrangemang. Du omfattas ocks\u00e5 av en kollektiv olycksfallsf\u00f6rs\u00e4kring som g\u00e4ller p\u00e5 4H:s samtliga aktiviteter.<\/p>\n<p>[\/vc_column_text][\/vc_column][\/vc_row]<\/p>\n<\/div>","protected":false},"excerpt":{"rendered":"<p>[vc_row][vc_column][vc_column_text css=&#8221;&#8221;] Bli medlem i Tuna 4H Tack f\u00f6r att du vill bli medlem i Tuna 4H. V\u00e5rt medlemssystem administreras via tj\u00e4nsten Antribe. Bli medlem i Tuna 4H genom att fylla i formul\u00e4ret nedan eller g\u00e5 till https:\/\/antribe.com\/org\/4h\/tuna-4h. Vill du ha mer information, kontakta kontakta 4H:s rikskansli som kan guida dig. Kontaktuppgifter hittar du p\u00e5&nbsp; <a href=\"https:\/\/www.4h.se\/tuna\/bli-medlem\/\">&hellip; Read more <i class=\"glyphicon glyphicon-arrow-right\"><\/i><\/a><\/p>\n","protected":false},"author":1,"featured_media":0,"parent":0,"menu_order":0,"comment_status":"closed","ping_status":"closed","template":"","meta":{"_acf_changed":false,"footnotes":""},"class_list":["post-293","page","type-page","status-publish","hentry"],"acf":[],"yoast_head":"<!-- This site is optimized with the Yoast SEO plugin v27.5 - https:\/\/yoast.com\/product\/yoast-seo-wordpress\/ -->\n<title>Bli medlem - Tuna 4H-klubb<\/title>\n<meta name=\"robots\" content=\"index, follow, max-snippet:-1, max-image-preview:large, max-video-preview:-1\" \/>\n<link rel=\"canonical\" href=\"https:\/\/www.4h.se\/tuna\/bli-medlem\/\" \/>\n<meta property=\"og:locale\" content=\"sv_SE\" \/>\n<meta property=\"og:type\" content=\"article\" \/>\n<meta property=\"og:title\" content=\"Bli medlem - Tuna 4H-klubb\" \/>\n<meta property=\"og:description\" content=\"[vc_row][vc_column][vc_column_text css=&#8221;&#8221;] Bli medlem i Tuna 4H Tack f\u00f6r att du vill bli medlem i Tuna 4H. V\u00e5rt medlemssystem administreras via tj\u00e4nsten Antribe. Bli medlem i Tuna 4H genom att fylla i formul\u00e4ret nedan eller g\u00e5 till https:\/\/antribe.com\/org\/4h\/tuna-4h. Vill du ha mer information, kontakta kontakta 4H:s rikskansli som kan guida dig. Kontaktuppgifter hittar du p\u00e5&nbsp; &hellip; Read more\" \/>\n<meta property=\"og:url\" content=\"https:\/\/www.4h.se\/tuna\/bli-medlem\/\" \/>\n<meta property=\"og:site_name\" content=\"Tuna 4H-klubb\" \/>\n<meta property=\"article:modified_time\" content=\"2025-08-28T13:53:05+00:00\" \/>\n<meta name=\"twitter:card\" content=\"summary_large_image\" \/>\n<meta name=\"twitter:label1\" content=\"Ber\u00e4knad l\u00e4stid\" \/>\n\t<meta name=\"twitter:data1\" content=\"1 minut\" \/>\n<script type=\"application\/ld+json\" class=\"yoast-schema-graph\">{\"@context\":\"https:\\\/\\\/schema.org\",\"@graph\":[{\"@type\":\"WebPage\",\"@id\":\"https:\\\/\\\/www.4h.se\\\/tuna\\\/bli-medlem\\\/\",\"url\":\"https:\\\/\\\/www.4h.se\\\/tuna\\\/bli-medlem\\\/\",\"name\":\"Bli medlem - Tuna 4H-klubb\",\"isPartOf\":{\"@id\":\"https:\\\/\\\/www.4h.se\\\/tuna\\\/#website\"},\"datePublished\":\"2015-10-16T08:49:33+00:00\",\"dateModified\":\"2025-08-28T13:53:05+00:00\",\"breadcrumb\":{\"@id\":\"https:\\\/\\\/www.4h.se\\\/tuna\\\/bli-medlem\\\/#breadcrumb\"},\"inLanguage\":\"sv-SE\",\"potentialAction\":[{\"@type\":\"ReadAction\",\"target\":[\"https:\\\/\\\/www.4h.se\\\/tuna\\\/bli-medlem\\\/\"]}]},{\"@type\":\"BreadcrumbList\",\"@id\":\"https:\\\/\\\/www.4h.se\\\/tuna\\\/bli-medlem\\\/#breadcrumb\",\"itemListElement\":[{\"@type\":\"ListItem\",\"position\":1,\"name\":\"Hem\",\"item\":\"https:\\\/\\\/www.4h.se\\\/tuna\\\/\"},{\"@type\":\"ListItem\",\"position\":2,\"name\":\"Bli medlem\"}]},{\"@type\":\"WebSite\",\"@id\":\"https:\\\/\\\/www.4h.se\\\/tuna\\\/#website\",\"url\":\"https:\\\/\\\/www.4h.se\\\/tuna\\\/\",\"name\":\"Tuna 4H-klubb\",\"description\":\"\",\"potentialAction\":[{\"@type\":\"SearchAction\",\"target\":{\"@type\":\"EntryPoint\",\"urlTemplate\":\"https:\\\/\\\/www.4h.se\\\/tuna\\\/?s={search_term_string}\"},\"query-input\":{\"@type\":\"PropertyValueSpecification\",\"valueRequired\":true,\"valueName\":\"search_term_string\"}}],\"inLanguage\":\"sv-SE\"}]}<\/script>\n<!-- \/ Yoast SEO plugin. -->","yoast_head_json":{"title":"Bli medlem - Tuna 4H-klubb","robots":{"index":"index","follow":"follow","max-snippet":"max-snippet:-1","max-image-preview":"max-image-preview:large","max-video-preview":"max-video-preview:-1"},"canonical":"https:\/\/www.4h.se\/tuna\/bli-medlem\/","og_locale":"sv_SE","og_type":"article","og_title":"Bli medlem - Tuna 4H-klubb","og_description":"[vc_row][vc_column][vc_column_text css=&#8221;&#8221;] Bli medlem i Tuna 4H Tack f\u00f6r att du vill bli medlem i Tuna 4H. V\u00e5rt medlemssystem administreras via tj\u00e4nsten Antribe. Bli medlem i Tuna 4H genom att fylla i formul\u00e4ret nedan eller g\u00e5 till https:\/\/antribe.com\/org\/4h\/tuna-4h. Vill du ha mer information, kontakta kontakta 4H:s rikskansli som kan guida dig. Kontaktuppgifter hittar du p\u00e5&nbsp; &hellip; Read more","og_url":"https:\/\/www.4h.se\/tuna\/bli-medlem\/","og_site_name":"Tuna 4H-klubb","article_modified_time":"2025-08-28T13:53:05+00:00","twitter_card":"summary_large_image","twitter_misc":{"Ber\u00e4knad l\u00e4stid":"1 minut"},"schema":{"@context":"https:\/\/schema.org","@graph":[{"@type":"WebPage","@id":"https:\/\/www.4h.se\/tuna\/bli-medlem\/","url":"https:\/\/www.4h.se\/tuna\/bli-medlem\/","name":"Bli medlem - Tuna 4H-klubb","isPartOf":{"@id":"https:\/\/www.4h.se\/tuna\/#website"},"datePublished":"2015-10-16T08:49:33+00:00","dateModified":"2025-08-28T13:53:05+00:00","breadcrumb":{"@id":"https:\/\/www.4h.se\/tuna\/bli-medlem\/#breadcrumb"},"inLanguage":"sv-SE","potentialAction":[{"@type":"ReadAction","target":["https:\/\/www.4h.se\/tuna\/bli-medlem\/"]}]},{"@type":"BreadcrumbList","@id":"https:\/\/www.4h.se\/tuna\/bli-medlem\/#breadcrumb","itemListElement":[{"@type":"ListItem","position":1,"name":"Hem","item":"https:\/\/www.4h.se\/tuna\/"},{"@type":"ListItem","position":2,"name":"Bli medlem"}]},{"@type":"WebSite","@id":"https:\/\/www.4h.se\/tuna\/#website","url":"https:\/\/www.4h.se\/tuna\/","name":"Tuna 4H-klubb","description":"","potentialAction":[{"@type":"SearchAction","target":{"@type":"EntryPoint","urlTemplate":"https:\/\/www.4h.se\/tuna\/?s={search_term_string}"},"query-input":{"@type":"PropertyValueSpecification","valueRequired":true,"valueName":"search_term_string"}}],"inLanguage":"sv-SE"}]}},"_links":{"self":[{"href":"https:\/\/www.4h.se\/tuna\/wp-json\/wp\/v2\/pages\/293","targetHints":{"allow":["GET"]}}],"collection":[{"href":"https:\/\/www.4h.se\/tuna\/wp-json\/wp\/v2\/pages"}],"about":[{"href":"https:\/\/www.4h.se\/tuna\/wp-json\/wp\/v2\/types\/page"}],"author":[{"embeddable":true,"href":"https:\/\/www.4h.se\/tuna\/wp-json\/wp\/v2\/users\/1"}],"replies":[{"embeddable":true,"href":"https:\/\/www.4h.se\/tuna\/wp-json\/wp\/v2\/comments?post=293"}],"version-history":[{"count":0,"href":"https:\/\/www.4h.se\/tuna\/wp-json\/wp\/v2\/pages\/293\/revisions"}],"wp:attachment":[{"href":"https:\/\/www.4h.se\/tuna\/wp-json\/wp\/v2\/media?parent=293"}],"curies":[{"name":"wp","href":"https:\/\/api.w.org\/{rel}","templated":true}]}}