



{"id":454,"date":"2024-09-19T11:09:49","date_gmt":"2024-09-19T09:09:49","guid":{"rendered":"https:\/\/www.4h.se\/tranas\/?page_id=454"},"modified":"2026-04-15T13:29:00","modified_gmt":"2026-04-15T11:29:00","slug":"lager","status":"publish","type":"page","link":"https:\/\/www.4h.se\/tranas\/lager-verksamhet\/lager\/","title":{"rendered":"L\u00e4ger"},"content":{"rendered":"<div class=\"wpb-content-wrapper\"><p>[vc_row][vc_column][vc_column_text css=&#8221;&#8221;]<\/p>\n<h1 style=\"text-align: left;\">l\u00e4ger p\u00e5 4h<\/h1>\n<p>[\/vc_column_text][\/vc_column][\/vc_row][vc_row][vc_column width=&#8221;2\/3&#8243;][vc_column_text css=&#8221;&#8221;]Varje sommar har vi l\u00e4ger p\u00e5 g\u00e5rden, vi har \u00e4ven \u00f6vernattninsgl\u00e4ger Dagstorp. V\u00e5ra sommarl\u00e4ger finns med p\u00e5 sommarkul i Tran\u00e5s kommun.<br \/>\nIbland anordnar vi l\u00e4ger eller aktiviteter p\u00e5 h\u00f6stlov, sportlov eller p\u00e5sklov samt studiedagar.<\/p>\n<p>Alla v\u00e5ra l\u00e4ger och aktiviteter l\u00e4ggs ut p\u00e5 Vuxenskolan.<\/p>\n<h3>V\u00e4d \u00e4r sommarkull\u00e4ger p\u00e5 Tran\u00e5s 4H G\u00e5rd?<\/h3>\n<p><span data-contrast=\"auto\">P\u00e5 ett 4H-G\u00e5rdsl\u00e4ger blir du en del av den dagliga sk\u00f6tseln av g\u00e5rden, vi kommer mata, mocka och pyssla om alla djuren.\u202fDet finns massor av tid att mysa med alla djuren.\u202fDu kommer\u202ff\u00e5 vara med och l\u00e4ra dig mata alla djuren p\u00e5 g\u00e5rden och vi hittar \u00e4ven p\u00e5 aktiviteter med djuren, kan vi l\u00e4ra f\u00e5ren g\u00e5 i koppel?\u202f<\/span><span data-ccp-props=\"{&quot;134233117&quot;:false,&quot;134233118&quot;:false,&quot;201341983&quot;:0,&quot;335559738&quot;:0,&quot;335559739&quot;:0,&quot;335559740&quot;:240}\">&nbsp;<\/span><\/p>\n<p><span data-contrast=\"auto\">Under l\u00e4gret kommer vi \u00e4ven hitta p\u00e5 andra roliga aktiviteter som hoppmadrass,\u202fbumperbolls, bl\u00e5sr\u00f6r\u202foch ledarna h\u00e5ller i roliga lekar.\u202fVi avslutar alltid l\u00e4gret med v\u00e5rt roliga skumparty! P\u00e5 med badkl\u00e4derna och g\u00f6r dig reda f\u00f6r ett skumparty med musik, hoppmadrass, vattenlek\u202foch massa\u202fbus.\u202f<\/span><span data-contrast=\"none\">Vi bjuder p\u00e5 lunch och mellanm\u00e5l, efter lunchen \u00f6ppnar kiosken\u202fd\u00e4r barnen f\u00e5r handla, max 40kr per dag.<\/span><\/p>\n<h3>Vad \u00e4r Djursk\u00f6tarl\u00e4ger?<\/h3>\n<p><span data-contrast=\"auto\">L\u00e4gret \u00e4r perfekt f\u00f6r v\u00e5ra lite yngre deltagare\u202fsom kanske inte orkar vara p\u00e5 l\u00e4ger hela dagar\u202feftersom\u202fdet bara h\u00e5ller p\u00e5 fram till kl.12.\u202fVi kommer \u00e4ven att ha\u202fmindre\u202fgrupp med barn f\u00f6r att det ska k\u00e4nnas tryggare f\u00f6r de yngsta.\u202f\u202f<\/span><span data-ccp-props=\"{&quot;134233117&quot;:false,&quot;134233118&quot;:false,&quot;201341983&quot;:0,&quot;335559738&quot;:0,&quot;335559739&quot;:0,&quot;335559740&quot;:240}\">&nbsp;<\/span><\/p>\n<p><span data-contrast=\"auto\">Under l\u00e4gret kommer vi hj\u00e4lpas \u00e5t att ge alla djuren mat, leta \u00e4gg\u202fhos h\u00f6nsen\u202foch pyssla om djuren. Vi kommer\u202fhitta nya kompisar och\u202f\u00e4ven att hitta p\u00e5 roliga aktiviteter och lekar tillsammans.\u202f<\/span><span data-ccp-props=\"{&quot;134233117&quot;:false,&quot;134233118&quot;:false,&quot;201341983&quot;:0,&quot;335559738&quot;:0,&quot;335559739&quot;:0,&quot;335559740&quot;:240}\">&nbsp;<\/span><\/p>\n<h3>Vad \u00e4r \u00c4ventyrsl\u00e4ger p\u00e5 Dagstorp?<\/h3>\n<p><b><span data-contrast=\"auto\">\u00c4ventyrsl\u00e4ger p\u00e5\u202fDagstorp\u202fi\u202fSunhultsbrunn.\u202fDu v\u00e4ljer sj\u00e4lv om du vill sova kvar eller sova hemma.<\/span><\/b><span data-ccp-props=\"{&quot;134233117&quot;:false,&quot;134233118&quot;:false,&quot;201341983&quot;:0,&quot;335559738&quot;:0,&quot;335559739&quot;:0,&quot;335559740&quot;:240}\">&nbsp;<\/span><\/p>\n<p><span data-ccp-props=\"{&quot;134233117&quot;:false,&quot;134233118&quot;:false,&quot;201341983&quot;:0,&quot;335559738&quot;:0,&quot;335559739&quot;:0,&quot;335559740&quot;:240}\">&nbsp;<\/span><span data-contrast=\"auto\">P\u00e5 \u00e4ventyrsl\u00e4gret kommer vi sova i t\u00e4lt, laga mat p\u00e5 eld,\u202fvi kommer bada och hitta p\u00e5 roliga aktiviteter som bl\u00e5sr\u00f6r, pilb\u00e5ge, luftgev\u00e4r,\u202fbumperboll,\u202fzorbingbollar,\u202fpadla\u202fkanot, SUP-br\u00e4dor och massa annat\u202fskoj.\u202f <\/span><span data-contrast=\"auto\">L\u00e4gret passar dig som gillar att vara ute och vill testa p\u00e5\u202ffriluftsaktiviteter, du beh\u00f6ver inga f\u00f6rkunskaper inom friluftsliv f\u00f6r att vara med men ett intresse f\u00f6r att testa p\u00e5 och l\u00e4ra\u202fdig.<\/span><span data-ccp-props=\"{&quot;134233117&quot;:false,&quot;134233118&quot;:false,&quot;201341983&quot;:0,&quot;335559738&quot;:0,&quot;335559739&quot;:0,&quot;335559740&quot;:240}\">&nbsp;<\/span>[\/vc_column_text][vc_column_text css=&#8221;&#8221;]<\/p>\n<h2>L\u00e4ger 2026<\/h2>\n<p>Klicka p\u00e5 texten f\u00f6r de l\u00e4ger du vill l\u00e4sa mer om och anm\u00e4la dig.<\/p>\n<p>OBS! om du vill anv\u00e4nda dig av Fritidskortet f\u00f6r att betala ett l\u00e4ger kontakta oss jonkoping@4h.se s\u00e5 hj\u00e4lper vi dig, Vad \u00e4r<a href=\"https:\/\/fritidskortet.se\/foralder\"> Fritidskortet<\/a> ?<\/p>\n<p>&nbsp;<\/p>\n<h2><a href=\"https:\/\/www.sv.se\/kurser-och-evenemang\/djur-natur-miljo\/sommarkullager-pa-tranas-4h-gard-6-8-ar-107809\"><span class=\"TextRun Highlight SCXW43008088 BCX8\" lang=\"SV-SE\" xml:lang=\"SV-SE\" data-contrast=\"none\"><span class=\"NormalTextRun SCXW43008088 BCX8\" data-ccp-charstyle=\"normaltextrun\" data-ccp-charstyle-defn=\"{&quot;ObjectId&quot;:&quot;ac0262f4-8a9e-5820-b908-2d943c5f7113|1&quot;,&quot;ClassId&quot;:1073872969,&quot;Properties&quot;:[201342446,&quot;1&quot;,201342447,&quot;5&quot;,201342448,&quot;1&quot;,201342449,&quot;1&quot;,469777841,&quot;Calibri&quot;,469777842,&quot;Arial&quot;,469777843,&quot;Calibri&quot;,469777844,&quot;Calibri&quot;,201341986,&quot;1&quot;,469769226,&quot;Calibri,Arial&quot;,268442635,&quot;22&quot;,469775450,&quot;normaltextrun&quot;,201340122,&quot;1&quot;,134233614,&quot;true&quot;,469778129,&quot;normaltextrun&quot;,335572020,&quot;1&quot;,469778324,&quot;Default Paragraph Font&quot;]}\">Sommarkull\u00e4ger p\u00e5 Tran\u00e5s 4H G\u00e5rd 6-8\u00e5r v.25\u202f(15\/<\/span><span class=\"NormalTextRun ContextualSpellingAndGrammarErrorV2Themed SCXW43008088 BCX8\" data-ccp-charstyle=\"normaltextrun\">6-18<\/span><span class=\"NormalTextRun SCXW43008088 BCX8\" data-ccp-charstyle=\"normaltextrun\">\/6)<\/span><\/span><span class=\"EOP SCXW43008088 BCX8\" data-ccp-props=\"{}\">&nbsp;<\/span><\/a><\/h2>\n<h2><a href=\"https:\/\/www.sv.se\/kurser-och-evenemang\/djur-natur-miljo\/sommarkullager-pa-tranas-4h-gard-6-8-ar-107811\"><span class=\"TextRun Highlight SCXW60032177 BCX8\" lang=\"SV-SE\" xml:lang=\"SV-SE\" data-contrast=\"none\"><span class=\"NormalTextRun SCXW60032177 BCX8\" data-ccp-charstyle=\"normaltextrun\" data-ccp-charstyle-defn=\"{&quot;ObjectId&quot;:&quot;ac0262f4-8a9e-5820-b908-2d943c5f7113|1&quot;,&quot;ClassId&quot;:1073872969,&quot;Properties&quot;:[201342446,&quot;1&quot;,201342447,&quot;5&quot;,201342448,&quot;1&quot;,201342449,&quot;1&quot;,469777841,&quot;Calibri&quot;,469777842,&quot;Arial&quot;,469777843,&quot;Calibri&quot;,469777844,&quot;Calibri&quot;,201341986,&quot;1&quot;,469769226,&quot;Calibri,Arial&quot;,268442635,&quot;22&quot;,469775450,&quot;normaltextrun&quot;,201340122,&quot;1&quot;,134233614,&quot;true&quot;,469778129,&quot;normaltextrun&quot;,335572020,&quot;1&quot;,469778324,&quot;Default Paragraph Font&quot;]}\">Sommarkull\u00e4ger p\u00e5 Tran\u00e5s 4H G\u00e5rd fr\u00e5n 8\u00e5r v.2<\/span><span class=\"NormalTextRun SCXW60032177 BCX8\" data-ccp-charstyle=\"normaltextrun\">6<\/span><span class=\"NormalTextRun SCXW60032177 BCX8\" data-ccp-charstyle=\"normaltextrun\">\u202f(22\/<\/span><span class=\"NormalTextRun ContextualSpellingAndGrammarErrorV2Themed SCXW60032177 BCX8\" data-ccp-charstyle=\"normaltextrun\">6-26<\/span><span class=\"NormalTextRun SCXW60032177 BCX8\" data-ccp-charstyle=\"normaltextrun\">\/6)<\/span><\/span><span class=\"EOP SCXW60032177 BCX8\" data-ccp-props=\"{}\">&nbsp;<\/span><\/a><\/h2>\n<h2><a href=\"https:\/\/www.sv.se\/kurser-och-evenemang\/djur-natur-miljo\/sommarkullager-pa-tranas-4h-gard-6-8-ar-107812\"><span class=\"TextRun Highlight SCXW99399791 BCX8\" lang=\"SV-SE\" xml:lang=\"SV-SE\" data-contrast=\"none\"><span class=\"NormalTextRun SCXW99399791 BCX8\" data-ccp-charstyle=\"normaltextrun\" data-ccp-charstyle-defn=\"{&quot;ObjectId&quot;:&quot;ac0262f4-8a9e-5820-b908-2d943c5f7113|1&quot;,&quot;ClassId&quot;:1073872969,&quot;Properties&quot;:[201342446,&quot;1&quot;,201342447,&quot;5&quot;,201342448,&quot;1&quot;,201342449,&quot;1&quot;,469777841,&quot;Calibri&quot;,469777842,&quot;Arial&quot;,469777843,&quot;Calibri&quot;,469777844,&quot;Calibri&quot;,201341986,&quot;1&quot;,469769226,&quot;Calibri,Arial&quot;,268442635,&quot;22&quot;,469775450,&quot;normaltextrun&quot;,201340122,&quot;1&quot;,134233614,&quot;true&quot;,469778129,&quot;normaltextrun&quot;,335572020,&quot;1&quot;,469778324,&quot;Default Paragraph Font&quot;]}\">Sommarkull\u00e4ger p\u00e5 Tran\u00e5s 4H G\u00e5rd fr\u00e5n 8\u00e5r v.<\/span><span class=\"NormalTextRun SCXW99399791 BCX8\" data-ccp-charstyle=\"normaltextrun\">27<\/span><span class=\"NormalTextRun SCXW99399791 BCX8\" data-ccp-charstyle=\"normaltextrun\">\u202f(29\/<\/span><span class=\"NormalTextRun ContextualSpellingAndGrammarErrorV2Themed SCXW99399791 BCX8\" data-ccp-charstyle=\"normaltextrun\">6-3<\/span><span class=\"NormalTextRun SCXW99399791 BCX8\" data-ccp-charstyle=\"normaltextrun\">\/7)<\/span><\/span><\/a><span class=\"EOP SCXW99399791 BCX8\" data-ccp-props=\"{}\">&nbsp;<\/span><\/h2>\n<h2><a href=\"https:\/\/www.sv.se\/kurser-och-evenemang\/djur-natur-miljo\/djurskotarlager-pa-tranas-4h-gard-fran-6-ar-107815\"><span class=\"TextRun SCXW12624919 BCX8\" lang=\"SV-SE\" xml:lang=\"SV-SE\" data-contrast=\"auto\"><span class=\"NormalTextRun SCXW12624919 BCX8\" data-ccp-charstyle=\"normaltextrun\" data-ccp-charstyle-defn=\"{&quot;ObjectId&quot;:&quot;ac0262f4-8a9e-5820-b908-2d943c5f7113|1&quot;,&quot;ClassId&quot;:1073872969,&quot;Properties&quot;:[201342446,&quot;1&quot;,201342447,&quot;5&quot;,201342448,&quot;1&quot;,201342449,&quot;1&quot;,469777841,&quot;Calibri&quot;,469777842,&quot;Arial&quot;,469777843,&quot;Calibri&quot;,469777844,&quot;Calibri&quot;,201341986,&quot;1&quot;,469769226,&quot;Calibri,Arial&quot;,268442635,&quot;22&quot;,469775450,&quot;normaltextrun&quot;,201340122,&quot;1&quot;,134233614,&quot;true&quot;,469778129,&quot;normaltextrun&quot;,335572020,&quot;1&quot;,469778324,&quot;Default Paragraph Font&quot;]}\">Djursk\u00f6tarl\u00e4ger p\u00e5 Tran\u00e5s 4H g\u00e5rd fr\u00e5n 6\u00e5r v.31\u202f(28\/<\/span><span class=\"NormalTextRun ContextualSpellingAndGrammarErrorV2Themed SCXW12624919 BCX8\" data-ccp-charstyle=\"normaltextrun\">7-30<\/span><span class=\"NormalTextRun SCXW12624919 BCX8\" data-ccp-charstyle=\"normaltextrun\">\/7)<\/span><\/span><\/a><\/h2>\n<h2><span class=\"TextRun SCXW12624919 BCX8\" lang=\"SV-SE\" xml:lang=\"SV-SE\" data-contrast=\"auto\"><span class=\"NormalTextRun SCXW12624919 BCX8\" data-ccp-charstyle=\"scxw18345068\" data-ccp-charstyle-defn=\"{&quot;ObjectId&quot;:&quot;677862cb-a77a-55ba-a153-8e296bce067b|1&quot;,&quot;ClassId&quot;:1073872969,&quot;Properties&quot;:[201342446,&quot;1&quot;,201342447,&quot;5&quot;,201342448,&quot;1&quot;,201342449,&quot;1&quot;,469777841,&quot;Calibri&quot;,469777842,&quot;Arial&quot;,469777843,&quot;Calibri&quot;,469777844,&quot;Calibri&quot;,201341986,&quot;1&quot;,469769226,&quot;Calibri,Arial&quot;,268442635,&quot;22&quot;,469775450,&quot;scxw18345068&quot;,201340122,&quot;1&quot;,134233614,&quot;true&quot;,469778129,&quot;scxw18345068&quot;,335572020,&quot;1&quot;,469778324,&quot;Default Paragraph Font&quot;]}\"><a href=\"https:\/\/www.sv.se\/kurser-och-evenemang\/djur-natur-miljo\/sommarkullager-pa-tranas-4h-gard-6-8-ar-107814\"><span class=\"TextRun Highlight SCXW204223074 BCX8\" lang=\"SV-SE\" xml:lang=\"SV-SE\" data-contrast=\"none\"><span class=\"NormalTextRun SCXW204223074 BCX8\" data-ccp-charstyle=\"normaltextrun\" data-ccp-charstyle-defn=\"{&quot;ObjectId&quot;:&quot;ac0262f4-8a9e-5820-b908-2d943c5f7113|1&quot;,&quot;ClassId&quot;:1073872969,&quot;Properties&quot;:[201342446,&quot;1&quot;,201342447,&quot;5&quot;,201342448,&quot;1&quot;,201342449,&quot;1&quot;,469777841,&quot;Calibri&quot;,469777842,&quot;Arial&quot;,469777843,&quot;Calibri&quot;,469777844,&quot;Calibri&quot;,201341986,&quot;1&quot;,469769226,&quot;Calibri,Arial&quot;,268442635,&quot;22&quot;,469775450,&quot;normaltextrun&quot;,201340122,&quot;1&quot;,134233614,&quot;true&quot;,469778129,&quot;normaltextrun&quot;,335572020,&quot;1&quot;,469778324,&quot;Default Paragraph Font&quot;]}\">Sommarkull\u00e4ger p\u00e5 Tran\u00e5s 4H g\u00e5rd fr\u00e5n 8\u00e5r <\/span><span class=\"NormalTextRun SCXW204223074 BCX8\" data-ccp-charstyle=\"normaltextrun\">v.32\u202f<\/span><span class=\"NormalTextRun SCXW204223074 BCX8\" data-ccp-charstyle=\"normaltextrun\">(<\/span><span class=\"NormalTextRun SCXW204223074 BCX8\" data-ccp-charstyle=\"normaltextrun\">3\/<\/span><span class=\"NormalTextRun ContextualSpellingAndGrammarErrorV2Themed GrammarErrorHighlight SCXW204223074 BCX8\" data-ccp-charstyle=\"normaltextrun\">8-7<\/span><span class=\"NormalTextRun SCXW204223074 BCX8\" data-ccp-charstyle=\"normaltextrun\">\/8<\/span><span class=\"NormalTextRun SCXW204223074 BCX8\" data-ccp-charstyle=\"normaltextrun\">)<\/span><\/span><span class=\"EOP SCXW204223074 BCX8\" data-ccp-props=\"{}\">&nbsp;<\/span><\/a>\u202f<\/span><\/span><span class=\"EOP SCXW12624919 BCX8\" data-ccp-props=\"{&quot;134233117&quot;:false,&quot;134233118&quot;:false,&quot;201341983&quot;:0,&quot;335559738&quot;:0,&quot;335559739&quot;:0,&quot;335559740&quot;:240}\">&nbsp;<\/span><\/h2>\n<p>&nbsp;<\/p>\n<h2><a href=\"https:\/\/www.sv.se\/kurser-och-evenemang\/djur-natur-miljo\/aventyrslager-pa-dagstorp-i-sunhultsbrunn-fran-10-ar-107816\"><span class=\"NormalTextRun SCXW179528796 BCX8\" data-ccp-charstyle=\"normaltextrun\" data-ccp-charstyle-defn=\"{&quot;ObjectId&quot;:&quot;ac0262f4-8a9e-5820-b908-2d943c5f7113|1&quot;,&quot;ClassId&quot;:1073872969,&quot;Properties&quot;:[201342446,&quot;1&quot;,201342447,&quot;5&quot;,201342448,&quot;1&quot;,201342449,&quot;1&quot;,469777841,&quot;Calibri&quot;,469777842,&quot;Arial&quot;,469777843,&quot;Calibri&quot;,469777844,&quot;Calibri&quot;,201341986,&quot;1&quot;,469769226,&quot;Calibri,Arial&quot;,268442635,&quot;22&quot;,469775450,&quot;normaltextrun&quot;,201340122,&quot;1&quot;,134233614,&quot;true&quot;,469778129,&quot;normaltextrun&quot;,335572020,&quot;1&quot;,469778324,&quot;Default Paragraph Font&quot;]}\">\u00c4ventyrsl\u00e4ger p\u00e5\u202f<\/span><span class=\"NormalTextRun SpellingErrorV2Themed SCXW179528796 BCX8\" data-ccp-charstyle=\"normaltextrun\">Dagstorp fr\u00e5n 10\u00e5r<\/span><span class=\"NormalTextRun SCXW179528796 BCX8\" data-ccp-charstyle=\"normaltextrun\">\u202fv.31\u202f(28\/<\/span><span class=\"NormalTextRun ContextualSpellingAndGrammarErrorV2Themed SCXW179528796 BCX8\" data-ccp-charstyle=\"normaltextrun\">7-30<\/span><span class=\"NormalTextRun SCXW179528796 BCX8\" data-ccp-charstyle=\"normaltextrun\">\/7)<\/span><\/a><\/h2>\n<h2><a href=\"https:\/\/www.sv.se\/kurser-och-evenemang\/djur-natur-miljo\/aventyrslager-pa-dagstorp-i-sunhultsbrunn-8-12-ar-107817\"><span class=\"TextRun SCXW188321311 BCX8\" lang=\"SV-SE\" xml:lang=\"SV-SE\" data-contrast=\"auto\"><span class=\"NormalTextRun SCXW188321311 BCX8\" data-ccp-charstyle=\"normaltextrun\" data-ccp-charstyle-defn=\"{&quot;ObjectId&quot;:&quot;ac0262f4-8a9e-5820-b908-2d943c5f7113|1&quot;,&quot;ClassId&quot;:1073872969,&quot;Properties&quot;:[201342446,&quot;1&quot;,201342447,&quot;5&quot;,201342448,&quot;1&quot;,201342449,&quot;1&quot;,469777841,&quot;Calibri&quot;,469777842,&quot;Arial&quot;,469777843,&quot;Calibri&quot;,469777844,&quot;Calibri&quot;,201341986,&quot;1&quot;,469769226,&quot;Calibri,Arial&quot;,268442635,&quot;22&quot;,469775450,&quot;normaltextrun&quot;,201340122,&quot;1&quot;,134233614,&quot;true&quot;,469778129,&quot;normaltextrun&quot;,335572020,&quot;1&quot;,469778324,&quot;Default Paragraph Font&quot;]}\">\u00c4ventyrsl\u00e4ger p\u00e5\u202f<\/span><span class=\"NormalTextRun SpellingErrorV2Themed SCXW188321311 BCX8\" data-ccp-charstyle=\"normaltextrun\">Dagstorp<\/span><span class=\"NormalTextRun SCXW188321311 BCX8\" data-ccp-charstyle=\"normaltextrun\">\u202f 8-12\u00e5r v.33\u202f(11\/<\/span><span class=\"NormalTextRun ContextualSpellingAndGrammarErrorV2Themed SCXW188321311 BCX8\" data-ccp-charstyle=\"normaltextrun\">8-13<\/span><span class=\"NormalTextRun SCXW188321311 BCX8\" data-ccp-charstyle=\"normaltextrun\">\/8)<\/span><\/span><span class=\"TextRun SCXW188321311 BCX8\" lang=\"SV-SE\" xml:lang=\"SV-SE\" data-contrast=\"auto\"><span class=\"NormalTextRun SCXW188321311 BCX8\" data-ccp-charstyle=\"scxw10675489\" data-ccp-charstyle-defn=\"{&quot;ObjectId&quot;:&quot;400cd99a-32a2-5be1-80f5-16a99435534a|1&quot;,&quot;ClassId&quot;:1073872969,&quot;Properties&quot;:[201342446,&quot;1&quot;,201342447,&quot;5&quot;,201342448,&quot;1&quot;,201342449,&quot;1&quot;,469777841,&quot;Calibri&quot;,469777842,&quot;Arial&quot;,469777843,&quot;Calibri&quot;,469777844,&quot;Calibri&quot;,201341986,&quot;1&quot;,469769226,&quot;Calibri,Arial&quot;,268442635,&quot;22&quot;,469775450,&quot;scxw10675489&quot;,201340122,&quot;1&quot;,134233614,&quot;true&quot;,469778129,&quot;scxw10675489&quot;,335572020,&quot;1&quot;,469778324,&quot;Default Paragraph Font&quot;]}\">\u202f<\/span><\/span><span class=\"EOP SCXW188321311 BCX8\" data-ccp-props=\"{&quot;134233117&quot;:false,&quot;134233118&quot;:false,&quot;201341983&quot;:0,&quot;335559738&quot;:0,&quot;335559739&quot;:0,&quot;335559740&quot;:240}\">&nbsp;<\/span><\/a><\/h2>\n<p>[\/vc_column_text][\/vc_column][vc_column width=&#8221;1\/3&#8243;][vc_single_image image=&#8221;469&#8243; img_size=&#8221;400&#215;400&#8243; alignment=&#8221;center&#8221; style=&#8221;vc_box_rounded&#8221; css=&#8221;&#8221;][vc_single_image image=&#8221;523&#8243; img_size=&#8221;400&#215;400&#8243; alignment=&#8221;center&#8221; style=&#8221;vc_box_rounded&#8221; css=&#8221;&#8221;][\/vc_column][\/vc_row]<\/p>\n<\/div>","protected":false},"excerpt":{"rendered":"<p>[vc_row][vc_column][vc_column_text css=&#8221;&#8221;] l\u00e4ger p\u00e5 4h [\/vc_column_text][\/vc_column][\/vc_row][vc_row][vc_column width=&#8221;2\/3&#8243;][vc_column_text css=&#8221;&#8221;]Varje sommar har vi l\u00e4ger p\u00e5 g\u00e5rden, vi har \u00e4ven \u00f6vernattninsgl\u00e4ger Dagstorp. V\u00e5ra sommarl\u00e4ger finns med p\u00e5 sommarkul i Tran\u00e5s kommun. Ibland anordnar vi l\u00e4ger eller aktiviteter p\u00e5 h\u00f6stlov, sportlov eller p\u00e5sklov samt studiedagar. Alla v\u00e5ra l\u00e4ger och aktiviteter l\u00e4ggs ut p\u00e5 Vuxenskolan. V\u00e4d \u00e4r sommarkull\u00e4ger p\u00e5 Tran\u00e5s&nbsp; <a href=\"https:\/\/www.4h.se\/tranas\/lager-verksamhet\/lager\/\">&hellip; Read more <i class=\"glyphicon glyphicon-arrow-right\"><\/i><\/a><\/p>\n","protected":false},"author":252,"featured_media":0,"parent":440,"menu_order":0,"comment_status":"closed","ping_status":"closed","template":"","meta":{"_acf_changed":false,"footnotes":""},"class_list":["post-454","page","type-page","status-publish","hentry"],"acf":[],"yoast_head":"<!-- This site is optimized with the Yoast SEO plugin v27.5 - https:\/\/yoast.com\/product\/yoast-seo-wordpress\/ -->\n<title>L\u00e4ger - Tran\u00e5s 4H-klubb<\/title>\n<meta name=\"robots\" content=\"index, follow, max-snippet:-1, max-image-preview:large, max-video-preview:-1\" \/>\n<link rel=\"canonical\" href=\"https:\/\/www.4h.se\/tranas\/lager-verksamhet\/lager\/\" \/>\n<meta property=\"og:locale\" content=\"sv_SE\" \/>\n<meta property=\"og:type\" content=\"article\" \/>\n<meta property=\"og:title\" content=\"L\u00e4ger - Tran\u00e5s 4H-klubb\" \/>\n<meta property=\"og:description\" content=\"[vc_row][vc_column][vc_column_text css=&#8221;&#8221;] l\u00e4ger p\u00e5 4h [\/vc_column_text][\/vc_column][\/vc_row][vc_row][vc_column width=&#8221;2\/3&#8243;][vc_column_text css=&#8221;&#8221;]Varje sommar har vi l\u00e4ger p\u00e5 g\u00e5rden, vi har \u00e4ven \u00f6vernattninsgl\u00e4ger Dagstorp. V\u00e5ra sommarl\u00e4ger finns med p\u00e5 sommarkul i Tran\u00e5s kommun. Ibland anordnar vi l\u00e4ger eller aktiviteter p\u00e5 h\u00f6stlov, sportlov eller p\u00e5sklov samt studiedagar. Alla v\u00e5ra l\u00e4ger och aktiviteter l\u00e4ggs ut p\u00e5 Vuxenskolan. V\u00e4d \u00e4r sommarkull\u00e4ger p\u00e5 Tran\u00e5s&nbsp; &hellip; Read more\" \/>\n<meta property=\"og:url\" content=\"https:\/\/www.4h.se\/tranas\/lager-verksamhet\/lager\/\" \/>\n<meta property=\"og:site_name\" content=\"Tran\u00e5s 4H-klubb\" \/>\n<meta property=\"article:modified_time\" content=\"2026-04-15T11:29:00+00:00\" \/>\n<meta name=\"twitter:card\" content=\"summary_large_image\" \/>\n<script type=\"application\/ld+json\" class=\"yoast-schema-graph\">{\"@context\":\"https:\\\/\\\/schema.org\",\"@graph\":[{\"@type\":\"WebPage\",\"@id\":\"https:\\\/\\\/www.4h.se\\\/tranas\\\/lager-verksamhet\\\/lager\\\/\",\"url\":\"https:\\\/\\\/www.4h.se\\\/tranas\\\/lager-verksamhet\\\/lager\\\/\",\"name\":\"L\u00e4ger - Tran\u00e5s 4H-klubb\",\"isPartOf\":{\"@id\":\"https:\\\/\\\/www.4h.se\\\/tranas\\\/#website\"},\"datePublished\":\"2024-09-19T09:09:49+00:00\",\"dateModified\":\"2026-04-15T11:29:00+00:00\",\"breadcrumb\":{\"@id\":\"https:\\\/\\\/www.4h.se\\\/tranas\\\/lager-verksamhet\\\/lager\\\/#breadcrumb\"},\"inLanguage\":\"sv-SE\",\"potentialAction\":[{\"@type\":\"ReadAction\",\"target\":[\"https:\\\/\\\/www.4h.se\\\/tranas\\\/lager-verksamhet\\\/lager\\\/\"]}]},{\"@type\":\"BreadcrumbList\",\"@id\":\"https:\\\/\\\/www.4h.se\\\/tranas\\\/lager-verksamhet\\\/lager\\\/#breadcrumb\",\"itemListElement\":[{\"@type\":\"ListItem\",\"position\":1,\"name\":\"Hem\",\"item\":\"https:\\\/\\\/www.4h.se\\\/tranas\\\/\"},{\"@type\":\"ListItem\",\"position\":2,\"name\":\"L\u00e4ger &amp; verksamhet\",\"item\":\"https:\\\/\\\/www.4h.se\\\/tranas\\\/lager-verksamhet\\\/\"},{\"@type\":\"ListItem\",\"position\":3,\"name\":\"L\u00e4ger\"}]},{\"@type\":\"WebSite\",\"@id\":\"https:\\\/\\\/www.4h.se\\\/tranas\\\/#website\",\"url\":\"https:\\\/\\\/www.4h.se\\\/tranas\\\/\",\"name\":\"Tran\u00e5s 4H-klubb\",\"description\":\"\",\"potentialAction\":[{\"@type\":\"SearchAction\",\"target\":{\"@type\":\"EntryPoint\",\"urlTemplate\":\"https:\\\/\\\/www.4h.se\\\/tranas\\\/?s={search_term_string}\"},\"query-input\":{\"@type\":\"PropertyValueSpecification\",\"valueRequired\":true,\"valueName\":\"search_term_string\"}}],\"inLanguage\":\"sv-SE\"}]}<\/script>\n<!-- \/ Yoast SEO plugin. -->","yoast_head_json":{"title":"L\u00e4ger - Tran\u00e5s 4H-klubb","robots":{"index":"index","follow":"follow","max-snippet":"max-snippet:-1","max-image-preview":"max-image-preview:large","max-video-preview":"max-video-preview:-1"},"canonical":"https:\/\/www.4h.se\/tranas\/lager-verksamhet\/lager\/","og_locale":"sv_SE","og_type":"article","og_title":"L\u00e4ger - Tran\u00e5s 4H-klubb","og_description":"[vc_row][vc_column][vc_column_text css=&#8221;&#8221;] l\u00e4ger p\u00e5 4h [\/vc_column_text][\/vc_column][\/vc_row][vc_row][vc_column width=&#8221;2\/3&#8243;][vc_column_text css=&#8221;&#8221;]Varje sommar har vi l\u00e4ger p\u00e5 g\u00e5rden, vi har \u00e4ven \u00f6vernattninsgl\u00e4ger Dagstorp. V\u00e5ra sommarl\u00e4ger finns med p\u00e5 sommarkul i Tran\u00e5s kommun. Ibland anordnar vi l\u00e4ger eller aktiviteter p\u00e5 h\u00f6stlov, sportlov eller p\u00e5sklov samt studiedagar. Alla v\u00e5ra l\u00e4ger och aktiviteter l\u00e4ggs ut p\u00e5 Vuxenskolan. V\u00e4d \u00e4r sommarkull\u00e4ger p\u00e5 Tran\u00e5s&nbsp; &hellip; Read more","og_url":"https:\/\/www.4h.se\/tranas\/lager-verksamhet\/lager\/","og_site_name":"Tran\u00e5s 4H-klubb","article_modified_time":"2026-04-15T11:29:00+00:00","twitter_card":"summary_large_image","schema":{"@context":"https:\/\/schema.org","@graph":[{"@type":"WebPage","@id":"https:\/\/www.4h.se\/tranas\/lager-verksamhet\/lager\/","url":"https:\/\/www.4h.se\/tranas\/lager-verksamhet\/lager\/","name":"L\u00e4ger - Tran\u00e5s 4H-klubb","isPartOf":{"@id":"https:\/\/www.4h.se\/tranas\/#website"},"datePublished":"2024-09-19T09:09:49+00:00","dateModified":"2026-04-15T11:29:00+00:00","breadcrumb":{"@id":"https:\/\/www.4h.se\/tranas\/lager-verksamhet\/lager\/#breadcrumb"},"inLanguage":"sv-SE","potentialAction":[{"@type":"ReadAction","target":["https:\/\/www.4h.se\/tranas\/lager-verksamhet\/lager\/"]}]},{"@type":"BreadcrumbList","@id":"https:\/\/www.4h.se\/tranas\/lager-verksamhet\/lager\/#breadcrumb","itemListElement":[{"@type":"ListItem","position":1,"name":"Hem","item":"https:\/\/www.4h.se\/tranas\/"},{"@type":"ListItem","position":2,"name":"L\u00e4ger &amp; verksamhet","item":"https:\/\/www.4h.se\/tranas\/lager-verksamhet\/"},{"@type":"ListItem","position":3,"name":"L\u00e4ger"}]},{"@type":"WebSite","@id":"https:\/\/www.4h.se\/tranas\/#website","url":"https:\/\/www.4h.se\/tranas\/","name":"Tran\u00e5s 4H-klubb","description":"","potentialAction":[{"@type":"SearchAction","target":{"@type":"EntryPoint","urlTemplate":"https:\/\/www.4h.se\/tranas\/?s={search_term_string}"},"query-input":{"@type":"PropertyValueSpecification","valueRequired":true,"valueName":"search_term_string"}}],"inLanguage":"sv-SE"}]}},"_links":{"self":[{"href":"https:\/\/www.4h.se\/tranas\/wp-json\/wp\/v2\/pages\/454","targetHints":{"allow":["GET"]}}],"collection":[{"href":"https:\/\/www.4h.se\/tranas\/wp-json\/wp\/v2\/pages"}],"about":[{"href":"https:\/\/www.4h.se\/tranas\/wp-json\/wp\/v2\/types\/page"}],"author":[{"embeddable":true,"href":"https:\/\/www.4h.se\/tranas\/wp-json\/wp\/v2\/users\/252"}],"replies":[{"embeddable":true,"href":"https:\/\/www.4h.se\/tranas\/wp-json\/wp\/v2\/comments?post=454"}],"version-history":[{"count":0,"href":"https:\/\/www.4h.se\/tranas\/wp-json\/wp\/v2\/pages\/454\/revisions"}],"up":[{"embeddable":true,"href":"https:\/\/www.4h.se\/tranas\/wp-json\/wp\/v2\/pages\/440"}],"wp:attachment":[{"href":"https:\/\/www.4h.se\/tranas\/wp-json\/wp\/v2\/media?parent=454"}],"curies":[{"name":"wp","href":"https:\/\/api.w.org\/{rel}","templated":true}]}}