



{"id":445,"date":"2024-09-19T10:35:40","date_gmt":"2024-09-19T08:35:40","guid":{"rendered":"https:\/\/www.4h.se\/tranas\/?page_id=445"},"modified":"2024-10-01T13:15:44","modified_gmt":"2024-10-01T11:15:44","slug":"om-4h","status":"publish","type":"page","link":"https:\/\/www.4h.se\/tranas\/garden\/om-4h\/","title":{"rendered":"Om 4H"},"content":{"rendered":"<div class=\"wpb-content-wrapper\"><p>[vc_row][vc_column][vc_column_text css=&#8221;&#8221;]<\/p>\n<h1 style=\"text-align: left;\">4h \u00e4r idell barn- och ungdomsorganisation<\/h1>\n<p>[\/vc_column_text][\/vc_column][\/vc_row][vc_row][vc_column width=&#8221;1\/2&#8243;][vc_column_text css=&#8221;&#8221;]Vi riktar oss fr\u00e4mst till barn och ungdomar i \u00e5ldern 6-26 \u00e5r, men sj\u00e4lvklart kan du vara medlem \u00e4ven om man inte ligger mellan dem \u00e5ldrarna. H\u00e4r kan man k\u00e4nna sig v\u00e4lkommen oavsett bakgrund, sociala f\u00f6rh\u00e5llanden eller livstro. F\u00f6reningen \u00e4r religi\u00f6st och partipolitiskt obunden.<br \/>\nDet betyder att vi inte beh\u00f6ver dela v\u00e5ra religi\u00f6sa och politiska \u00e5sikter med n\u00e5gon annan i f\u00f6reningen f\u00f6r att bli accepterade och att alla \u00e4r v\u00e4lkomna att hj\u00e4lpa till s\u00e5 gott de kan. Du kan v\u00e4lja om du bara vill delta i kurser, komma till g\u00e5rden och h\u00e4nga efter skolan, hj\u00e4lpa till vid evenemang, kanske bli helgsk\u00f6tare och hj\u00e4lpa till med djuren.<br \/>\nSom medlem \u00f6ppnas ocks\u00e5 m\u00f6jligheten att delta i b\u00e5de nationella och internationella 4H-event, som exempelvis Sveriges 4H:s Riksl\u00e4ger, Nordiskt l\u00e4ger.<\/p>\n<p>4H:s verksamhet och t\u00e4nk kretsar kring de fyra H:na.<br \/>\n<strong>Huvud<\/strong>\u00a0\u2013 f\u00f6r kunskap och l\u00e4rande.<br \/>\n<strong>Hj\u00e4rta<\/strong>\u00a0\u2013 f\u00f6r medk\u00e4nsla.<br \/>\n<strong>Hand<\/strong>\u00a0\u2013 f\u00f6r praktisk f\u00e4rdighet.<br \/>\n<strong>H\u00e4lsa<\/strong>\u00a0\u2013 f\u00f6r ett sunt levnadss\u00e4tt.<\/p>\n<p>4H har \u00e4ven ett motto som lyder \u201dL\u00e4ra genom att g\u00f6ra.\u201d Detta inneb\u00e4r att man genom praktiska f\u00e4rdigheter ska kunna v\u00e4xa som individ.<br \/>\n4H:s vision \u00e4r att alla barn och ungdomar ska utvecklas till engagerade, v\u00e4lm\u00e5ende och ansvarstagande m\u00e4nniskor med respekt f\u00f6r omv\u00e4rlden.[\/vc_column_text][vc_column_text css=&#8221;&#8221;]Vill du veta mer om 4h? kika in deras hemsida.[\/vc_column_text][vc_btn title=&#8221;L\u00e4nk till 4h&#8221; style=&#8221;3d&#8221; color=&#8221;success&#8221; css=&#8221;&#8221; link=&#8221;url:https%3A%2F%2Fwww.4h.se%2F&#8221;][\/vc_column][vc_column width=&#8221;1\/2&#8243;][vc_single_image image=&#8221;474&#8243; img_size=&#8221;400&#215;300&#8243; alignment=&#8221;center&#8221; style=&#8221;vc_box_rounded&#8221; css=&#8221;&#8221;][vc_single_image image=&#8221;477&#8243; img_size=&#8221;400&#215;300&#8243; alignment=&#8221;center&#8221; style=&#8221;vc_box_rounded&#8221; css=&#8221;&#8221;][\/vc_column][\/vc_row]<\/p>\n<\/div>","protected":false},"excerpt":{"rendered":"<p>[vc_row][vc_column][vc_column_text css=&#8221;&#8221;] 4h \u00e4r idell barn- och ungdomsorganisation [\/vc_column_text][\/vc_column][\/vc_row][vc_row][vc_column width=&#8221;1\/2&#8243;][vc_column_text css=&#8221;&#8221;]Vi riktar oss fr\u00e4mst till barn och ungdomar i \u00e5ldern 6-26 \u00e5r, men sj\u00e4lvklart kan du vara medlem \u00e4ven om man inte ligger mellan dem \u00e5ldrarna. H\u00e4r kan man k\u00e4nna sig v\u00e4lkommen oavsett bakgrund, sociala f\u00f6rh\u00e5llanden eller livstro. F\u00f6reningen \u00e4r religi\u00f6st och partipolitiskt obunden. Det&nbsp; <a href=\"https:\/\/www.4h.se\/tranas\/garden\/om-4h\/\">&hellip; Read more <i class=\"glyphicon glyphicon-arrow-right\"><\/i><\/a><\/p>\n","protected":false},"author":252,"featured_media":0,"parent":438,"menu_order":1,"comment_status":"closed","ping_status":"closed","template":"","meta":{"_acf_changed":false,"footnotes":""},"class_list":["post-445","page","type-page","status-publish","hentry"],"acf":[],"yoast_head":"<!-- This site is optimized with the Yoast SEO plugin v27.5 - https:\/\/yoast.com\/product\/yoast-seo-wordpress\/ -->\n<title>Om 4H - Tran\u00e5s 4H-klubb<\/title>\n<meta name=\"robots\" content=\"index, follow, max-snippet:-1, max-image-preview:large, max-video-preview:-1\" \/>\n<link rel=\"canonical\" href=\"https:\/\/www.4h.se\/tranas\/garden\/om-4h\/\" \/>\n<meta property=\"og:locale\" content=\"sv_SE\" \/>\n<meta property=\"og:type\" content=\"article\" \/>\n<meta property=\"og:title\" content=\"Om 4H - Tran\u00e5s 4H-klubb\" \/>\n<meta property=\"og:description\" content=\"[vc_row][vc_column][vc_column_text css=&#8221;&#8221;] 4h \u00e4r idell barn- och ungdomsorganisation [\/vc_column_text][\/vc_column][\/vc_row][vc_row][vc_column width=&#8221;1\/2&#8243;][vc_column_text css=&#8221;&#8221;]Vi riktar oss fr\u00e4mst till barn och ungdomar i \u00e5ldern 6-26 \u00e5r, men sj\u00e4lvklart kan du vara medlem \u00e4ven om man inte ligger mellan dem \u00e5ldrarna. H\u00e4r kan man k\u00e4nna sig v\u00e4lkommen oavsett bakgrund, sociala f\u00f6rh\u00e5llanden eller livstro. F\u00f6reningen \u00e4r religi\u00f6st och partipolitiskt obunden. Det&nbsp; &hellip; Read more\" \/>\n<meta property=\"og:url\" content=\"https:\/\/www.4h.se\/tranas\/garden\/om-4h\/\" \/>\n<meta property=\"og:site_name\" content=\"Tran\u00e5s 4H-klubb\" \/>\n<meta property=\"article:modified_time\" content=\"2024-10-01T11:15:44+00:00\" \/>\n<meta name=\"twitter:card\" content=\"summary_large_image\" \/>\n<script type=\"application\/ld+json\" class=\"yoast-schema-graph\">{\"@context\":\"https:\\\/\\\/schema.org\",\"@graph\":[{\"@type\":\"WebPage\",\"@id\":\"https:\\\/\\\/www.4h.se\\\/tranas\\\/garden\\\/om-4h\\\/\",\"url\":\"https:\\\/\\\/www.4h.se\\\/tranas\\\/garden\\\/om-4h\\\/\",\"name\":\"Om 4H - Tran\u00e5s 4H-klubb\",\"isPartOf\":{\"@id\":\"https:\\\/\\\/www.4h.se\\\/tranas\\\/#website\"},\"datePublished\":\"2024-09-19T08:35:40+00:00\",\"dateModified\":\"2024-10-01T11:15:44+00:00\",\"breadcrumb\":{\"@id\":\"https:\\\/\\\/www.4h.se\\\/tranas\\\/garden\\\/om-4h\\\/#breadcrumb\"},\"inLanguage\":\"sv-SE\",\"potentialAction\":[{\"@type\":\"ReadAction\",\"target\":[\"https:\\\/\\\/www.4h.se\\\/tranas\\\/garden\\\/om-4h\\\/\"]}]},{\"@type\":\"BreadcrumbList\",\"@id\":\"https:\\\/\\\/www.4h.se\\\/tranas\\\/garden\\\/om-4h\\\/#breadcrumb\",\"itemListElement\":[{\"@type\":\"ListItem\",\"position\":1,\"name\":\"Hem\",\"item\":\"https:\\\/\\\/www.4h.se\\\/tranas\\\/\"},{\"@type\":\"ListItem\",\"position\":2,\"name\":\"G\u00e5rden\",\"item\":\"https:\\\/\\\/www.4h.se\\\/tranas\\\/garden\\\/\"},{\"@type\":\"ListItem\",\"position\":3,\"name\":\"Om 4H\"}]},{\"@type\":\"WebSite\",\"@id\":\"https:\\\/\\\/www.4h.se\\\/tranas\\\/#website\",\"url\":\"https:\\\/\\\/www.4h.se\\\/tranas\\\/\",\"name\":\"Tran\u00e5s 4H-klubb\",\"description\":\"\",\"potentialAction\":[{\"@type\":\"SearchAction\",\"target\":{\"@type\":\"EntryPoint\",\"urlTemplate\":\"https:\\\/\\\/www.4h.se\\\/tranas\\\/?s={search_term_string}\"},\"query-input\":{\"@type\":\"PropertyValueSpecification\",\"valueRequired\":true,\"valueName\":\"search_term_string\"}}],\"inLanguage\":\"sv-SE\"}]}<\/script>\n<!-- \/ Yoast SEO plugin. -->","yoast_head_json":{"title":"Om 4H - Tran\u00e5s 4H-klubb","robots":{"index":"index","follow":"follow","max-snippet":"max-snippet:-1","max-image-preview":"max-image-preview:large","max-video-preview":"max-video-preview:-1"},"canonical":"https:\/\/www.4h.se\/tranas\/garden\/om-4h\/","og_locale":"sv_SE","og_type":"article","og_title":"Om 4H - Tran\u00e5s 4H-klubb","og_description":"[vc_row][vc_column][vc_column_text css=&#8221;&#8221;] 4h \u00e4r idell barn- och ungdomsorganisation [\/vc_column_text][\/vc_column][\/vc_row][vc_row][vc_column width=&#8221;1\/2&#8243;][vc_column_text css=&#8221;&#8221;]Vi riktar oss fr\u00e4mst till barn och ungdomar i \u00e5ldern 6-26 \u00e5r, men sj\u00e4lvklart kan du vara medlem \u00e4ven om man inte ligger mellan dem \u00e5ldrarna. H\u00e4r kan man k\u00e4nna sig v\u00e4lkommen oavsett bakgrund, sociala f\u00f6rh\u00e5llanden eller livstro. F\u00f6reningen \u00e4r religi\u00f6st och partipolitiskt obunden. Det&nbsp; &hellip; Read more","og_url":"https:\/\/www.4h.se\/tranas\/garden\/om-4h\/","og_site_name":"Tran\u00e5s 4H-klubb","article_modified_time":"2024-10-01T11:15:44+00:00","twitter_card":"summary_large_image","schema":{"@context":"https:\/\/schema.org","@graph":[{"@type":"WebPage","@id":"https:\/\/www.4h.se\/tranas\/garden\/om-4h\/","url":"https:\/\/www.4h.se\/tranas\/garden\/om-4h\/","name":"Om 4H - Tran\u00e5s 4H-klubb","isPartOf":{"@id":"https:\/\/www.4h.se\/tranas\/#website"},"datePublished":"2024-09-19T08:35:40+00:00","dateModified":"2024-10-01T11:15:44+00:00","breadcrumb":{"@id":"https:\/\/www.4h.se\/tranas\/garden\/om-4h\/#breadcrumb"},"inLanguage":"sv-SE","potentialAction":[{"@type":"ReadAction","target":["https:\/\/www.4h.se\/tranas\/garden\/om-4h\/"]}]},{"@type":"BreadcrumbList","@id":"https:\/\/www.4h.se\/tranas\/garden\/om-4h\/#breadcrumb","itemListElement":[{"@type":"ListItem","position":1,"name":"Hem","item":"https:\/\/www.4h.se\/tranas\/"},{"@type":"ListItem","position":2,"name":"G\u00e5rden","item":"https:\/\/www.4h.se\/tranas\/garden\/"},{"@type":"ListItem","position":3,"name":"Om 4H"}]},{"@type":"WebSite","@id":"https:\/\/www.4h.se\/tranas\/#website","url":"https:\/\/www.4h.se\/tranas\/","name":"Tran\u00e5s 4H-klubb","description":"","potentialAction":[{"@type":"SearchAction","target":{"@type":"EntryPoint","urlTemplate":"https:\/\/www.4h.se\/tranas\/?s={search_term_string}"},"query-input":{"@type":"PropertyValueSpecification","valueRequired":true,"valueName":"search_term_string"}}],"inLanguage":"sv-SE"}]}},"_links":{"self":[{"href":"https:\/\/www.4h.se\/tranas\/wp-json\/wp\/v2\/pages\/445","targetHints":{"allow":["GET"]}}],"collection":[{"href":"https:\/\/www.4h.se\/tranas\/wp-json\/wp\/v2\/pages"}],"about":[{"href":"https:\/\/www.4h.se\/tranas\/wp-json\/wp\/v2\/types\/page"}],"author":[{"embeddable":true,"href":"https:\/\/www.4h.se\/tranas\/wp-json\/wp\/v2\/users\/252"}],"replies":[{"embeddable":true,"href":"https:\/\/www.4h.se\/tranas\/wp-json\/wp\/v2\/comments?post=445"}],"version-history":[{"count":0,"href":"https:\/\/www.4h.se\/tranas\/wp-json\/wp\/v2\/pages\/445\/revisions"}],"up":[{"embeddable":true,"href":"https:\/\/www.4h.se\/tranas\/wp-json\/wp\/v2\/pages\/438"}],"wp:attachment":[{"href":"https:\/\/www.4h.se\/tranas\/wp-json\/wp\/v2\/media?parent=445"}],"curies":[{"name":"wp","href":"https:\/\/api.w.org\/{rel}","templated":true}]}}