



{"id":355,"date":"2015-12-16T23:13:52","date_gmt":"2015-12-16T22:13:52","guid":{"rendered":"http:\/\/www.4h.se\/mall\/?page_id=355"},"modified":"2024-10-04T10:04:17","modified_gmt":"2024-10-04T08:04:17","slug":"hitta-hit","status":"publish","type":"page","link":"https:\/\/www.4h.se\/tranas\/hitta-hit\/","title":{"rendered":"Hitta hit"},"content":{"rendered":"<div class=\"wpb-content-wrapper\"><p>[vc_row][vc_column][vc_column_text css=&#8221;&#8221;]<\/p>\n<h1>Hitta till g\u00e5rden<\/h1>\n<p>&nbsp;[\/vc_column_text][\/vc_column][\/vc_row][vc_row][vc_column width=&#8221;1\/2&#8243;][vc_column_text css=&#8221;&#8221;]<strong>Adress:<\/strong><br \/>\nTran\u00e5s 4H-G\u00e5rd<br \/>\nLand\u00e5v\u00e4gen 2<br \/>\n57340 Tran\u00e5s[\/vc_column_text][vc_row_inner][vc_column_inner][vc_single_image image=&#8221;471&#8243; img_size=&#8221;400&#215;300&#8243; css=&#8221;&#8221;][\/vc_column_inner][\/vc_row_inner][\/vc_column][vc_column width=&#8221;1\/2&#8243;][vc_gmaps link=&#8221;#E-8_JTNDaWZyYW1lJTIwc3JjJTNEJTIyaHR0cHMlM0ElMkYlMkZ3d3cuZ29vZ2xlLmNvbSUyRm1hcHMlMkZlbWJlZCUzRnBiJTNEJTIxMW0xOCUyMTFtMTIlMjExbTMlMjExZDE0NzQuODAxODkxODE4ODg4NCUyMTJkMTQuOTU0NDE3MzYwMDUzMDUlMjEzZDU4LjAyNTA0MDExMTI1ODEzJTIxMm0zJTIxMWYwJTIxMmYwJTIxM2YwJTIxM20yJTIxMWkxMDI0JTIxMmk3NjglMjE0ZjEzLjElMjEzbTMlMjExbTIlMjExczB4NDY1YTI3NGJhMzEzYjdkZiUyNTNBMHg2ZGM1YmIxMmU5ODhkMmNkJTIxMnM0SCUyNTIwRyUyNUMzJTI1QTVyZCUyNTIwb2NoJTI1MjBWYWduc211c2V1bSUyMTVlMCUyMTNtMiUyMTFzc3YlMjEyc3NlJTIxNHYxNzI2NjU2MzQ3NTgwJTIxNW0yJTIxMXNzdiUyMTJzc2UlMjIlMjB3aWR0aCUzRCUyMjYwMCUyMiUyMGhlaWdodCUzRCUyMjQ1MCUyMiUyMHN0eWxlJTNEJTIyYm9yZGVyJTNBMCUzQiUyMiUyMGFsbG93ZnVsbHNjcmVlbiUzRCUyMiUyMiUyMGxvYWRpbmclM0QlMjJsYXp5JTIyJTIwcmVmZXJyZXJwb2xpY3klM0QlMjJuby1yZWZlcnJlci13aGVuLWRvd25ncmFkZSUyMiUzRSUzQyUyRmlmcmFtZSUzRQ==&#8221; css=&#8221;&#8221;][\/vc_column][\/vc_row][vc_row][vc_column width=&#8221;1\/2&#8243;][vc_column_text css=&#8221;&#8221;]<\/p>\n<h1>hitta till kraftverket<\/h1>\n<p>[\/vc_column_text][vc_column_text css=&#8221;&#8221;]<strong>Adress:<\/strong><br \/>\nV\u00e4stra j\u00e4rv\u00e4gsgatan 13<br \/>\n57341 Tran\u00e5s[\/vc_column_text][vc_single_image image=&#8221;498&#8243; img_size=&#8221;400&#215;300&#8243; css=&#8221;&#8221;][\/vc_column][vc_column width=&#8221;1\/2&#8243;][vc_row_inner][vc_column_inner][vc_gmaps link=&#8221;#E-8_JTNDaWZyYW1lJTIwc3JjJTNEJTIyaHR0cHMlM0ElMkYlMkZ3d3cuZ29vZ2xlLmNvbSUyRm1hcHMlMkZlbWJlZCUzRnBiJTNEJTIxMW0xOCUyMTFtMTIlMjExbTMlMjExZDE2MzMuNDQ0Nzg2Njc3MTgyJTIxMmQxNC45NzI5MDY1NzYyOTk4NjglMjEzZDU4LjAzOTgzNTY3NDAxNTY4NCUyMTJtMyUyMTFmMCUyMTJmMCUyMTNmMCUyMTNtMiUyMTFpMTAyNCUyMTJpNzY4JTIxNGYxMy4xJTIxM20zJTIxMW0yJTIxMXMweDQ2NWEyODc3YmY1ZWM2ZTklMjUzQTB4N2NmNjdhYWNiZjRhMWQ0JTIxMnNTdHVkaWVmciUyNUMzJTI1QTRtamFuZGV0cyUyNTIwQXZkJTI1MjBpJTI1MjBTbSUyNUMzJTI1QTVsYW5kLUdvdGxhbmQlMjE1ZTElMjEzbTIlMjExc3N2JTIxMnNzZSUyMTR2MTcyODAyODUyMTUyNCUyMTVtMiUyMTFzc3YlMjEyc3NlJTIyJTIwd2lkdGglM0QlMjI2MDAlMjIlMjBoZWlnaHQlM0QlMjI0NTAlMjIlMjBzdHlsZSUzRCUyMmJvcmRlciUzQTAlM0IlMjIlMjBhbGxvd2Z1bGxzY3JlZW4lM0QlMjIlMjIlMjBsb2FkaW5nJTNEJTIybGF6eSUyMiUyMHJlZmVycmVycG9saWN5JTNEJTIybm8tcmVmZXJyZXItd2hlbi1kb3duZ3JhZGUlMjIlM0UlM0MlMkZpZnJhbWUlM0U=&#8221; css=&#8221;&#8221;][\/vc_column_inner][\/vc_row_inner][\/vc_column][\/vc_row]<\/p>\n<\/div>","protected":false},"excerpt":{"rendered":"<p>[vc_row][vc_column][vc_column_text css=&#8221;&#8221;] Hitta till g\u00e5rden &nbsp;[\/vc_column_text][\/vc_column][\/vc_row][vc_row][vc_column width=&#8221;1\/2&#8243;][vc_column_text css=&#8221;&#8221;]Adress: Tran\u00e5s 4H-G\u00e5rd Land\u00e5v\u00e4gen 2 57340 Tran\u00e5s[\/vc_column_text][vc_row_inner][vc_column_inner][vc_single_image image=&#8221;471&#8243; img_size=&#8221;400&#215;300&#8243; css=&#8221;&#8221;][\/vc_column_inner][\/vc_row_inner][\/vc_column][vc_column width=&#8221;1\/2&#8243;][vc_gmaps link=&#8221;#E-8_JTNDaWZyYW1lJTIwc3JjJTNEJTIyaHR0cHMlM0ElMkYlMkZ3d3cuZ29vZ2xlLmNvbSUyRm1hcHMlMkZlbWJlZCUzRnBiJTNEJTIxMW0xOCUyMTFtMTIlMjExbTMlMjExZDE0NzQuODAxODkxODE4ODg4NCUyMTJkMTQuOTU0NDE3MzYwMDUzMDUlMjEzZDU4LjAyNTA0MDExMTI1ODEzJTIxMm0zJTIxMWYwJTIxMmYwJTIxM2YwJTIxM20yJTIxMWkxMDI0JTIxMmk3NjglMjE0ZjEzLjElMjEzbTMlMjExbTIlMjExczB4NDY1YTI3NGJhMzEzYjdkZiUyNTNBMHg2ZGM1YmIxMmU5ODhkMmNkJTIxMnM0SCUyNTIwRyUyNUMzJTI1QTVyZCUyNTIwb2NoJTI1MjBWYWduc211c2V1bSUyMTVlMCUyMTNtMiUyMTFzc3YlMjEyc3NlJTIxNHYxNzI2NjU2MzQ3NTgwJTIxNW0yJTIxMXNzdiUyMTJzc2UlMjIlMjB3aWR0aCUzRCUyMjYwMCUyMiUyMGhlaWdodCUzRCUyMjQ1MCUyMiUyMHN0eWxlJTNEJTIyYm9yZGVyJTNBMCUzQiUyMiUyMGFsbG93ZnVsbHNjcmVlbiUzRCUyMiUyMiUyMGxvYWRpbmclM0QlMjJsYXp5JTIyJTIwcmVmZXJyZXJwb2xpY3klM0QlMjJuby1yZWZlcnJlci13aGVuLWRvd25ncmFkZSUyMiUzRSUzQyUyRmlmcmFtZSUzRQ==&#8221; css=&#8221;&#8221;][\/vc_column][\/vc_row][vc_row][vc_column width=&#8221;1\/2&#8243;][vc_column_text css=&#8221;&#8221;] hitta till kraftverket [\/vc_column_text][vc_column_text css=&#8221;&#8221;]Adress: V\u00e4stra j\u00e4rv\u00e4gsgatan 13 57341 Tran\u00e5s[\/vc_column_text][vc_single_image image=&#8221;498&#8243; img_size=&#8221;400&#215;300&#8243; css=&#8221;&#8221;][\/vc_column][vc_column width=&#8221;1\/2&#8243;][vc_row_inner][vc_column_inner][vc_gmaps link=&#8221;#E-8_JTNDaWZyYW1lJTIwc3JjJTNEJTIyaHR0cHMlM0ElMkYlMkZ3d3cuZ29vZ2xlLmNvbSUyRm1hcHMlMkZlbWJlZCUzRnBiJTNEJTIxMW0xOCUyMTFtMTIlMjExbTMlMjExZDE2MzMuNDQ0Nzg2Njc3MTgyJTIxMmQxNC45NzI5MDY1NzYyOTk4NjglMjEzZDU4LjAzOTgzNTY3NDAxNTY4NCUyMTJtMyUyMTFmMCUyMTJmMCUyMTNmMCUyMTNtMiUyMTFpMTAyNCUyMTJpNzY4JTIxNGYxMy4xJTIxM20zJTIxMW0yJTIxMXMweDQ2NWEyODc3YmY1ZWM2ZTklMjUzQTB4N2NmNjdhYWNiZjRhMWQ0JTIxMnNTdHVkaWVmciUyNUMzJTI1QTRtamFuZGV0cyUyNTIwQXZkJTI1MjBpJTI1MjBTbSUyNUMzJTI1QTVsYW5kLUdvdGxhbmQlMjE1ZTElMjEzbTIlMjExc3N2JTIxMnNzZSUyMTR2MTcyODAyODUyMTUyNCUyMTVtMiUyMTFzc3YlMjEyc3NlJTIyJTIwd2lkdGglM0QlMjI2MDAlMjIlMjBoZWlnaHQlM0QlMjI0NTAlMjIlMjBzdHlsZSUzRCUyMmJvcmRlciUzQTAlM0IlMjIlMjBhbGxvd2Z1bGxzY3JlZW4lM0QlMjIlMjIlMjBsb2FkaW5nJTNEJTIybGF6eSUyMiUyMHJlZmVycmVycG9saWN5JTNEJTIybm8tcmVmZXJyZXItd2hlbi1kb3duZ3JhZGUlMjIlM0UlM0MlMkZpZnJhbWUlM0U=&#8221; css=&#8221;&#8221;][\/vc_column_inner][\/vc_row_inner][\/vc_column][\/vc_row]<\/p>\n","protected":false},"author":36,"featured_media":0,"parent":0,"menu_order":0,"comment_status":"closed","ping_status":"closed","template":"","meta":{"_acf_changed":false,"footnotes":""},"class_list":["post-355","page","type-page","status-publish","hentry"],"acf":[],"yoast_head":"<!-- This site is optimized with the Yoast SEO plugin v27.5 - https:\/\/yoast.com\/product\/yoast-seo-wordpress\/ -->\n<title>Hitta hit - Tran\u00e5s 4H-klubb<\/title>\n<meta name=\"robots\" content=\"index, follow, max-snippet:-1, max-image-preview:large, max-video-preview:-1\" \/>\n<link rel=\"canonical\" href=\"https:\/\/www.4h.se\/tranas\/hitta-hit\/\" \/>\n<meta property=\"og:locale\" content=\"sv_SE\" \/>\n<meta property=\"og:type\" content=\"article\" \/>\n<meta property=\"og:title\" content=\"Hitta hit - Tran\u00e5s 4H-klubb\" \/>\n<meta property=\"og:description\" content=\"[vc_row][vc_column][vc_column_text css=&#8221;&#8221;] Hitta till g\u00e5rden &nbsp;[\/vc_column_text][\/vc_column][\/vc_row][vc_row][vc_column width=&#8221;1\/2&#8243;][vc_column_text css=&#8221;&#8221;]Adress: Tran\u00e5s 4H-G\u00e5rd Land\u00e5v\u00e4gen 2 57340 Tran\u00e5s[\/vc_column_text][vc_row_inner][vc_column_inner][vc_single_image image=&#8221;471&#8243; img_size=&#8221;400&#215;300&#8243; css=&#8221;&#8221;][\/vc_column_inner][\/vc_row_inner][\/vc_column][vc_column width=&#8221;1\/2&#8243;][vc_gmaps link=&#8221;#E-8_JTNDaWZyYW1lJTIwc3JjJTNEJTIyaHR0cHMlM0ElMkYlMkZ3d3cuZ29vZ2xlLmNvbSUyRm1hcHMlMkZlbWJlZCUzRnBiJTNEJTIxMW0xOCUyMTFtMTIlMjExbTMlMjExZDE0NzQuODAxODkxODE4ODg4NCUyMTJkMTQuOTU0NDE3MzYwMDUzMDUlMjEzZDU4LjAyNTA0MDExMTI1ODEzJTIxMm0zJTIxMWYwJTIxMmYwJTIxM2YwJTIxM20yJTIxMWkxMDI0JTIxMmk3NjglMjE0ZjEzLjElMjEzbTMlMjExbTIlMjExczB4NDY1YTI3NGJhMzEzYjdkZiUyNTNBMHg2ZGM1YmIxMmU5ODhkMmNkJTIxMnM0SCUyNTIwRyUyNUMzJTI1QTVyZCUyNTIwb2NoJTI1MjBWYWduc211c2V1bSUyMTVlMCUyMTNtMiUyMTFzc3YlMjEyc3NlJTIxNHYxNzI2NjU2MzQ3NTgwJTIxNW0yJTIxMXNzdiUyMTJzc2UlMjIlMjB3aWR0aCUzRCUyMjYwMCUyMiUyMGhlaWdodCUzRCUyMjQ1MCUyMiUyMHN0eWxlJTNEJTIyYm9yZGVyJTNBMCUzQiUyMiUyMGFsbG93ZnVsbHNjcmVlbiUzRCUyMiUyMiUyMGxvYWRpbmclM0QlMjJsYXp5JTIyJTIwcmVmZXJyZXJwb2xpY3klM0QlMjJuby1yZWZlcnJlci13aGVuLWRvd25ncmFkZSUyMiUzRSUzQyUyRmlmcmFtZSUzRQ==&#8221; css=&#8221;&#8221;][\/vc_column][\/vc_row][vc_row][vc_column width=&#8221;1\/2&#8243;][vc_column_text css=&#8221;&#8221;] hitta till kraftverket [\/vc_column_text][vc_column_text css=&#8221;&#8221;]Adress: V\u00e4stra j\u00e4rv\u00e4gsgatan 13 57341 Tran\u00e5s[\/vc_column_text][vc_single_image image=&#8221;498&#8243; img_size=&#8221;400&#215;300&#8243; css=&#8221;&#8221;][\/vc_column][vc_column width=&#8221;1\/2&#8243;][vc_row_inner][vc_column_inner][vc_gmaps link=&#8221;#E-8_JTNDaWZyYW1lJTIwc3JjJTNEJTIyaHR0cHMlM0ElMkYlMkZ3d3cuZ29vZ2xlLmNvbSUyRm1hcHMlMkZlbWJlZCUzRnBiJTNEJTIxMW0xOCUyMTFtMTIlMjExbTMlMjExZDE2MzMuNDQ0Nzg2Njc3MTgyJTIxMmQxNC45NzI5MDY1NzYyOTk4NjglMjEzZDU4LjAzOTgzNTY3NDAxNTY4NCUyMTJtMyUyMTFmMCUyMTJmMCUyMTNmMCUyMTNtMiUyMTFpMTAyNCUyMTJpNzY4JTIxNGYxMy4xJTIxM20zJTIxMW0yJTIxMXMweDQ2NWEyODc3YmY1ZWM2ZTklMjUzQTB4N2NmNjdhYWNiZjRhMWQ0JTIxMnNTdHVkaWVmciUyNUMzJTI1QTRtamFuZGV0cyUyNTIwQXZkJTI1MjBpJTI1MjBTbSUyNUMzJTI1QTVsYW5kLUdvdGxhbmQlMjE1ZTElMjEzbTIlMjExc3N2JTIxMnNzZSUyMTR2MTcyODAyODUyMTUyNCUyMTVtMiUyMTFzc3YlMjEyc3NlJTIyJTIwd2lkdGglM0QlMjI2MDAlMjIlMjBoZWlnaHQlM0QlMjI0NTAlMjIlMjBzdHlsZSUzRCUyMmJvcmRlciUzQTAlM0IlMjIlMjBhbGxvd2Z1bGxzY3JlZW4lM0QlMjIlMjIlMjBsb2FkaW5nJTNEJTIybGF6eSUyMiUyMHJlZmVycmVycG9saWN5JTNEJTIybm8tcmVmZXJyZXItd2hlbi1kb3duZ3JhZGUlMjIlM0UlM0MlMkZpZnJhbWUlM0U=&#8221; css=&#8221;&#8221;][\/vc_column_inner][\/vc_row_inner][\/vc_column][\/vc_row]\" \/>\n<meta property=\"og:url\" content=\"https:\/\/www.4h.se\/tranas\/hitta-hit\/\" \/>\n<meta property=\"og:site_name\" content=\"Tran\u00e5s 4H-klubb\" \/>\n<meta property=\"article:modified_time\" content=\"2024-10-04T08:04:17+00:00\" \/>\n<meta name=\"twitter:card\" content=\"summary_large_image\" \/>\n<meta name=\"twitter:label1\" content=\"Ber\u00e4knad l\u00e4stid\" \/>\n\t<meta name=\"twitter:data1\" content=\"1 minut\" \/>\n<script type=\"application\/ld+json\" class=\"yoast-schema-graph\">{\"@context\":\"https:\\\/\\\/schema.org\",\"@graph\":[{\"@type\":\"WebPage\",\"@id\":\"https:\\\/\\\/www.4h.se\\\/tranas\\\/hitta-hit\\\/\",\"url\":\"https:\\\/\\\/www.4h.se\\\/tranas\\\/hitta-hit\\\/\",\"name\":\"Hitta hit - Tran\u00e5s 4H-klubb\",\"isPartOf\":{\"@id\":\"https:\\\/\\\/www.4h.se\\\/tranas\\\/#website\"},\"datePublished\":\"2015-12-16T22:13:52+00:00\",\"dateModified\":\"2024-10-04T08:04:17+00:00\",\"breadcrumb\":{\"@id\":\"https:\\\/\\\/www.4h.se\\\/tranas\\\/hitta-hit\\\/#breadcrumb\"},\"inLanguage\":\"sv-SE\",\"potentialAction\":[{\"@type\":\"ReadAction\",\"target\":[\"https:\\\/\\\/www.4h.se\\\/tranas\\\/hitta-hit\\\/\"]}]},{\"@type\":\"BreadcrumbList\",\"@id\":\"https:\\\/\\\/www.4h.se\\\/tranas\\\/hitta-hit\\\/#breadcrumb\",\"itemListElement\":[{\"@type\":\"ListItem\",\"position\":1,\"name\":\"Hem\",\"item\":\"https:\\\/\\\/www.4h.se\\\/tranas\\\/\"},{\"@type\":\"ListItem\",\"position\":2,\"name\":\"Hitta hit\"}]},{\"@type\":\"WebSite\",\"@id\":\"https:\\\/\\\/www.4h.se\\\/tranas\\\/#website\",\"url\":\"https:\\\/\\\/www.4h.se\\\/tranas\\\/\",\"name\":\"Tran\u00e5s 4H-klubb\",\"description\":\"\",\"potentialAction\":[{\"@type\":\"SearchAction\",\"target\":{\"@type\":\"EntryPoint\",\"urlTemplate\":\"https:\\\/\\\/www.4h.se\\\/tranas\\\/?s={search_term_string}\"},\"query-input\":{\"@type\":\"PropertyValueSpecification\",\"valueRequired\":true,\"valueName\":\"search_term_string\"}}],\"inLanguage\":\"sv-SE\"}]}<\/script>\n<!-- \/ Yoast SEO plugin. -->","yoast_head_json":{"title":"Hitta hit - Tran\u00e5s 4H-klubb","robots":{"index":"index","follow":"follow","max-snippet":"max-snippet:-1","max-image-preview":"max-image-preview:large","max-video-preview":"max-video-preview:-1"},"canonical":"https:\/\/www.4h.se\/tranas\/hitta-hit\/","og_locale":"sv_SE","og_type":"article","og_title":"Hitta hit - Tran\u00e5s 4H-klubb","og_description":"[vc_row][vc_column][vc_column_text css=&#8221;&#8221;] Hitta till g\u00e5rden &nbsp;[\/vc_column_text][\/vc_column][\/vc_row][vc_row][vc_column width=&#8221;1\/2&#8243;][vc_column_text css=&#8221;&#8221;]Adress: Tran\u00e5s 4H-G\u00e5rd Land\u00e5v\u00e4gen 2 57340 Tran\u00e5s[\/vc_column_text][vc_row_inner][vc_column_inner][vc_single_image image=&#8221;471&#8243; img_size=&#8221;400&#215;300&#8243; css=&#8221;&#8221;][\/vc_column_inner][\/vc_row_inner][\/vc_column][vc_column width=&#8221;1\/2&#8243;][vc_gmaps link=&#8221;#E-8_JTNDaWZyYW1lJTIwc3JjJTNEJTIyaHR0cHMlM0ElMkYlMkZ3d3cuZ29vZ2xlLmNvbSUyRm1hcHMlMkZlbWJlZCUzRnBiJTNEJTIxMW0xOCUyMTFtMTIlMjExbTMlMjExZDE0NzQuODAxODkxODE4ODg4NCUyMTJkMTQuOTU0NDE3MzYwMDUzMDUlMjEzZDU4LjAyNTA0MDExMTI1ODEzJTIxMm0zJTIxMWYwJTIxMmYwJTIxM2YwJTIxM20yJTIxMWkxMDI0JTIxMmk3NjglMjE0ZjEzLjElMjEzbTMlMjExbTIlMjExczB4NDY1YTI3NGJhMzEzYjdkZiUyNTNBMHg2ZGM1YmIxMmU5ODhkMmNkJTIxMnM0SCUyNTIwRyUyNUMzJTI1QTVyZCUyNTIwb2NoJTI1MjBWYWduc211c2V1bSUyMTVlMCUyMTNtMiUyMTFzc3YlMjEyc3NlJTIxNHYxNzI2NjU2MzQ3NTgwJTIxNW0yJTIxMXNzdiUyMTJzc2UlMjIlMjB3aWR0aCUzRCUyMjYwMCUyMiUyMGhlaWdodCUzRCUyMjQ1MCUyMiUyMHN0eWxlJTNEJTIyYm9yZGVyJTNBMCUzQiUyMiUyMGFsbG93ZnVsbHNjcmVlbiUzRCUyMiUyMiUyMGxvYWRpbmclM0QlMjJsYXp5JTIyJTIwcmVmZXJyZXJwb2xpY3klM0QlMjJuby1yZWZlcnJlci13aGVuLWRvd25ncmFkZSUyMiUzRSUzQyUyRmlmcmFtZSUzRQ==&#8221; css=&#8221;&#8221;][\/vc_column][\/vc_row][vc_row][vc_column width=&#8221;1\/2&#8243;][vc_column_text css=&#8221;&#8221;] hitta till kraftverket [\/vc_column_text][vc_column_text css=&#8221;&#8221;]Adress: V\u00e4stra j\u00e4rv\u00e4gsgatan 13 57341 Tran\u00e5s[\/vc_column_text][vc_single_image image=&#8221;498&#8243; img_size=&#8221;400&#215;300&#8243; css=&#8221;&#8221;][\/vc_column][vc_column width=&#8221;1\/2&#8243;][vc_row_inner][vc_column_inner][vc_gmaps link=&#8221;#E-8_JTNDaWZyYW1lJTIwc3JjJTNEJTIyaHR0cHMlM0ElMkYlMkZ3d3cuZ29vZ2xlLmNvbSUyRm1hcHMlMkZlbWJlZCUzRnBiJTNEJTIxMW0xOCUyMTFtMTIlMjExbTMlMjExZDE2MzMuNDQ0Nzg2Njc3MTgyJTIxMmQxNC45NzI5MDY1NzYyOTk4NjglMjEzZDU4LjAzOTgzNTY3NDAxNTY4NCUyMTJtMyUyMTFmMCUyMTJmMCUyMTNmMCUyMTNtMiUyMTFpMTAyNCUyMTJpNzY4JTIxNGYxMy4xJTIxM20zJTIxMW0yJTIxMXMweDQ2NWEyODc3YmY1ZWM2ZTklMjUzQTB4N2NmNjdhYWNiZjRhMWQ0JTIxMnNTdHVkaWVmciUyNUMzJTI1QTRtamFuZGV0cyUyNTIwQXZkJTI1MjBpJTI1MjBTbSUyNUMzJTI1QTVsYW5kLUdvdGxhbmQlMjE1ZTElMjEzbTIlMjExc3N2JTIxMnNzZSUyMTR2MTcyODAyODUyMTUyNCUyMTVtMiUyMTFzc3YlMjEyc3NlJTIyJTIwd2lkdGglM0QlMjI2MDAlMjIlMjBoZWlnaHQlM0QlMjI0NTAlMjIlMjBzdHlsZSUzRCUyMmJvcmRlciUzQTAlM0IlMjIlMjBhbGxvd2Z1bGxzY3JlZW4lM0QlMjIlMjIlMjBsb2FkaW5nJTNEJTIybGF6eSUyMiUyMHJlZmVycmVycG9saWN5JTNEJTIybm8tcmVmZXJyZXItd2hlbi1kb3duZ3JhZGUlMjIlM0UlM0MlMkZpZnJhbWUlM0U=&#8221; css=&#8221;&#8221;][\/vc_column_inner][\/vc_row_inner][\/vc_column][\/vc_row]","og_url":"https:\/\/www.4h.se\/tranas\/hitta-hit\/","og_site_name":"Tran\u00e5s 4H-klubb","article_modified_time":"2024-10-04T08:04:17+00:00","twitter_card":"summary_large_image","twitter_misc":{"Ber\u00e4knad l\u00e4stid":"1 minut"},"schema":{"@context":"https:\/\/schema.org","@graph":[{"@type":"WebPage","@id":"https:\/\/www.4h.se\/tranas\/hitta-hit\/","url":"https:\/\/www.4h.se\/tranas\/hitta-hit\/","name":"Hitta hit - Tran\u00e5s 4H-klubb","isPartOf":{"@id":"https:\/\/www.4h.se\/tranas\/#website"},"datePublished":"2015-12-16T22:13:52+00:00","dateModified":"2024-10-04T08:04:17+00:00","breadcrumb":{"@id":"https:\/\/www.4h.se\/tranas\/hitta-hit\/#breadcrumb"},"inLanguage":"sv-SE","potentialAction":[{"@type":"ReadAction","target":["https:\/\/www.4h.se\/tranas\/hitta-hit\/"]}]},{"@type":"BreadcrumbList","@id":"https:\/\/www.4h.se\/tranas\/hitta-hit\/#breadcrumb","itemListElement":[{"@type":"ListItem","position":1,"name":"Hem","item":"https:\/\/www.4h.se\/tranas\/"},{"@type":"ListItem","position":2,"name":"Hitta hit"}]},{"@type":"WebSite","@id":"https:\/\/www.4h.se\/tranas\/#website","url":"https:\/\/www.4h.se\/tranas\/","name":"Tran\u00e5s 4H-klubb","description":"","potentialAction":[{"@type":"SearchAction","target":{"@type":"EntryPoint","urlTemplate":"https:\/\/www.4h.se\/tranas\/?s={search_term_string}"},"query-input":{"@type":"PropertyValueSpecification","valueRequired":true,"valueName":"search_term_string"}}],"inLanguage":"sv-SE"}]}},"_links":{"self":[{"href":"https:\/\/www.4h.se\/tranas\/wp-json\/wp\/v2\/pages\/355","targetHints":{"allow":["GET"]}}],"collection":[{"href":"https:\/\/www.4h.se\/tranas\/wp-json\/wp\/v2\/pages"}],"about":[{"href":"https:\/\/www.4h.se\/tranas\/wp-json\/wp\/v2\/types\/page"}],"author":[{"embeddable":true,"href":"https:\/\/www.4h.se\/tranas\/wp-json\/wp\/v2\/users\/36"}],"replies":[{"embeddable":true,"href":"https:\/\/www.4h.se\/tranas\/wp-json\/wp\/v2\/comments?post=355"}],"version-history":[{"count":0,"href":"https:\/\/www.4h.se\/tranas\/wp-json\/wp\/v2\/pages\/355\/revisions"}],"wp:attachment":[{"href":"https:\/\/www.4h.se\/tranas\/wp-json\/wp\/v2\/media?parent=355"}],"curies":[{"name":"wp","href":"https:\/\/api.w.org\/{rel}","templated":true}]}}